{"id":81775,"date":"2024-02-01T14:26:11","date_gmt":"2024-02-01T14:26:11","guid":{"rendered":"https:\/\/tlcdenia.com\/excursion-to-jativa-for-school-groups\/"},"modified":"2024-02-01T14:31:43","modified_gmt":"2024-02-01T14:31:43","slug":"wycieczka-jativa-grup-szkolnych","status":"publish","type":"page","link":"https:\/\/tlcdenia.com\/pl\/wycieczka-jativa-grup-szkolnych\/","title":{"rendered":"Wycieczka do J\u00e1tiva dla grup szkolnych"},"content":{"rendered":"\t\t<div data-elementor-type=\"wp-page\" data-elementor-id=\"81775\" class=\"elementor elementor-81775 elementor-80773\" data-elementor-post-type=\"page\">\n\t\t\t\t<div class=\"elementor-element elementor-element-5f95db8 e-flex e-con-boxed e-con e-parent\" data-id=\"5f95db8\" data-element_type=\"container\" data-e-type=\"container\">\n\t\t\t\t\t<div class=\"e-con-inner\">\n\t\t\t\t<div class=\"elementor-element elementor-element-dbf6422 elementor-widget elementor-widget-image\" data-id=\"dbf6422\" data-element_type=\"widget\" data-e-type=\"widget\" data-widget_type=\"image.default\">\n\t\t\t\t<div class=\"elementor-widget-container\">\n\t\t\t\t\t\t\t\t\t\t\t\t\t\t\t<img fetchpriority=\"high\" decoding=\"async\" width=\"900\" height=\"600\" src=\"https:\/\/tlcdenia.com\/wp-content\/uploads\/2024\/02\/grup-szkolnych-jativa-1.jpg\" class=\"attachment-full size-full wp-image-81810\" alt=\"Zamek Jativa w Hiszpanii\" srcset=\"https:\/\/tlcdenia.com\/wp-content\/uploads\/2024\/02\/grup-szkolnych-jativa-1.jpg 900w, https:\/\/tlcdenia.com\/wp-content\/uploads\/2024\/02\/grup-szkolnych-jativa-1-300x200.jpg 300w, https:\/\/tlcdenia.com\/wp-content\/uploads\/2024\/02\/grup-szkolnych-jativa-1-768x512.jpg 768w, https:\/\/tlcdenia.com\/wp-content\/uploads\/2024\/02\/grup-szkolnych-jativa-1-600x400.jpg 600w\" sizes=\"(max-width: 900px) 100vw, 900px\" \/>\t\t\t\t\t\t\t\t\t\t\t\t\t\t\t<\/div>\n\t\t\t\t<\/div>\n\t\t\t\t\t<\/div>\n\t\t\t\t<\/div>\n\t\t<div class=\"elementor-element elementor-element-a52e573 e-flex e-con-boxed e-con e-parent\" data-id=\"a52e573\" data-element_type=\"container\" data-e-type=\"container\">\n\t\t\t\t\t<div class=\"e-con-inner\">\n\t\t\t\t<div class=\"elementor-element elementor-element-ca767a9 elementor-widget elementor-widget-text-editor\" data-id=\"ca767a9\" data-element_type=\"widget\" data-e-type=\"widget\" data-widget_type=\"text-editor.default\">\n\t\t\t\t<div class=\"elementor-widget-container\">\n\t\t\t\t\t\t\t\t\t<p><strong>X\u00e1tiva <\/strong>to hiszpa\u0144skie miasto o <strong>bogatej historii<\/strong>. Zwiedzanie X\u00e1tivy to idealna wycieczka dla uczni\u00f3w w grupach szkolnych, podczas kt\u00f3rej poznaj\u0105 oni histori\u0119 i kultur\u0119 Hiszpanii.<\/p><p>X\u00e1tiva szczyci si\u0119 tym, \u017ce pochodzi st\u0105d rodzina Borja, jedna z najpot\u0119\u017cniejszych rodzin okresu renesansu. Rodzina ta zyska\u0142a \u015bwiatow\u0105 s\u0142aw\u0119 dzi\u0119ki dw\u00f3m papie\u017com, Alfonsowi de Borja (Kalikst III, 1456-1458) i jego siostrze\u0144cowi Rodrigo de Borja (Aleksander VI, 1492-1503). Jest to jeden z powod\u00f3w, dla kt\u00f3rych X\u00e1tiva jest interesuj\u0105cym miejscem pod wzgl\u0119dem historycznym.<\/p><p>Nasza wycieczka rozpocznie si\u0119 od zwiedzania <strong>starego miasta<\/strong> X\u00e1tiva, z w\u0105skimi brukowanymi uliczkami i zabytkami. Podczas spaceru po zabytkowym centrum w towarzystwie opiekun\u00f3w ze szko\u0142y uczniowie przenios\u0105 si\u0119 w czasie.<\/p>\t\t\t\t\t\t\t\t<\/div>\n\t\t\t\t<\/div>\n\t\t\t\t\t<\/div>\n\t\t\t\t<\/div>\n\t\t<div class=\"elementor-element elementor-element-97b616f e-flex e-con-boxed e-con e-parent\" data-id=\"97b616f\" data-element_type=\"container\" data-e-type=\"container\">\n\t\t\t\t\t<div class=\"e-con-inner\">\n\t\t\t\t<div class=\"elementor-element elementor-element-9bbdc0b elementor-widget elementor-widget-image\" data-id=\"9bbdc0b\" data-element_type=\"widget\" data-e-type=\"widget\" data-widget_type=\"image.default\">\n\t\t\t\t<div class=\"elementor-widget-container\">\n\t\t\t\t\t\t\t\t\t\t\t\t\t\t\t<img decoding=\"async\" width=\"900\" height=\"600\" src=\"https:\/\/tlcdenia.com\/wp-content\/uploads\/2024\/02\/grup-szkolnych-jativa-3.jpg\" class=\"attachment-full size-full wp-image-81826\" alt=\"Ko\u015bci\u00f3\u0142 J\u00e1tiva w Hiszpanii\" srcset=\"https:\/\/tlcdenia.com\/wp-content\/uploads\/2024\/02\/grup-szkolnych-jativa-3.jpg 900w, https:\/\/tlcdenia.com\/wp-content\/uploads\/2024\/02\/grup-szkolnych-jativa-3-300x200.jpg 300w, https:\/\/tlcdenia.com\/wp-content\/uploads\/2024\/02\/grup-szkolnych-jativa-3-768x512.jpg 768w\" sizes=\"(max-width: 900px) 100vw, 900px\" \/>\t\t\t\t\t\t\t\t\t\t\t\t\t\t\t<\/div>\n\t\t\t\t<\/div>\n\t\t\t\t\t<\/div>\n\t\t\t\t<\/div>\n\t\t<div class=\"elementor-element elementor-element-1374a9a e-flex e-con-boxed e-con e-parent\" data-id=\"1374a9a\" data-element_type=\"container\" data-e-type=\"container\">\n\t\t\t\t\t<div class=\"e-con-inner\">\n\t\t\t\t<div class=\"elementor-element elementor-element-c01b049 elementor-widget elementor-widget-text-editor\" data-id=\"c01b049\" data-element_type=\"widget\" data-e-type=\"widget\" data-widget_type=\"text-editor.default\">\n\t\t\t\t<div class=\"elementor-widget-container\">\n\t\t\t\t\t\t\t\t\t<p>Odwiedzimy <strong>zamek X\u00e1tiva, <\/strong>znajduj\u0105cy si\u0119 na szczycie wzg\u00f3rza. Roztaczaj\u0105 si\u0119 z niego zapieraj\u0105ce dech w piersiach widoki na miasto. Uczniowie poznaj\u0105 bogat\u0105 histori\u0119 tego miejsca i jego znaczenie w regionie. Zwiedz\u0105 wie\u017ce, mury i sale, poznaj\u0105c jednocze\u015bnie realia \u015bredniowiecznego \u017cycia w Hiszpanii.<\/p><p>Nast\u0119pnie wycieczka uda si\u0119 do <strong>ko\u015bcio\u0142a<\/strong> <strong>Santa Mar\u00eda, <\/strong>architektoniczny klejnot z pi\u0119kn\u0105 gotyck\u0105 fasad\u0105. Uczniowie z pewno\u015bci\u0105 doceni\u0105 jego imponuj\u0105ce wn\u0119trze i dowiedz\u0105 si\u0119 o znaczeniu sztuki i religii w historii Hiszpanii.<\/p>\t\t\t\t\t\t\t\t<\/div>\n\t\t\t\t<\/div>\n\t\t\t\t\t<\/div>\n\t\t\t\t<\/div>\n\t\t<div class=\"elementor-element elementor-element-ddfba42 e-flex e-con-boxed e-con e-parent\" data-id=\"ddfba42\" data-element_type=\"container\" data-e-type=\"container\">\n\t\t\t\t\t<div class=\"e-con-inner\">\n\t\t\t\t<div class=\"elementor-element elementor-element-a29ffa9 elementor-widget elementor-widget-image\" data-id=\"a29ffa9\" data-element_type=\"widget\" data-e-type=\"widget\" data-widget_type=\"image.default\">\n\t\t\t\t<div class=\"elementor-widget-container\">\n\t\t\t\t\t\t\t\t\t\t\t\t\t\t\t<img decoding=\"async\" width=\"595\" height=\"815\" src=\"https:\/\/tlcdenia.com\/wp-content\/uploads\/2024\/02\/grup-szkolnych-jativa-8.jpg\" class=\"attachment-full size-full wp-image-81794\" alt=\"Student robi\u0105cy zdj\u0119cie zamku J\u00e1tiva w Hiszpanii\" srcset=\"https:\/\/tlcdenia.com\/wp-content\/uploads\/2024\/02\/grup-szkolnych-jativa-8.jpg 595w, https:\/\/tlcdenia.com\/wp-content\/uploads\/2024\/02\/grup-szkolnych-jativa-8-219x300.jpg 219w\" sizes=\"(max-width: 595px) 100vw, 595px\" \/>\t\t\t\t\t\t\t\t\t\t\t\t\t\t\t<\/div>\n\t\t\t\t<\/div>\n\t\t\t\t\t<\/div>\n\t\t\t\t<\/div>\n\t\t<div class=\"elementor-element elementor-element-cb56ec7 e-flex e-con-boxed e-con e-parent\" data-id=\"cb56ec7\" data-element_type=\"container\" data-e-type=\"container\">\n\t\t\t\t\t<div class=\"e-con-inner\">\n\t\t\t\t<div class=\"elementor-element elementor-element-656c0ca elementor-widget elementor-widget-text-editor\" data-id=\"656c0ca\" data-element_type=\"widget\" data-e-type=\"widget\" data-widget_type=\"text-editor.default\">\n\t\t\t\t<div class=\"elementor-widget-container\">\n\t\t\t\t\t\t\t\t\t<p>Spaceruj\u0105c ulicami X\u00e1tivy natkniemy si\u0119 na wiele czaruj\u0105cych plac\u00f3w, takich jak <strong>Plaza de la Trinidad<\/strong>, gdzie uczniowie mog\u0105 skorzysta\u0107 z czasu wolnego, aby odkry\u0107 miasteczko lub \u0107wiczy\u0107 hiszpa\u0144ski podczas rozm\u00f3w z lokalnymi mieszka\u0144cami.<\/p><p>W ramach wycieczki mo\u017cna opcjonalnie odwiedzi\u0107 <strong>Muzeum Almudaina<\/strong>, z wystawami, kt\u00f3re opowiadaj\u0105 histori\u0119 X\u00e1tivy od czas\u00f3w rzymskich po dzie\u0144 dzisiejszy. B\u0119dzie to ciekawe do\u015bwiadczenie, pozwalaj\u0105ce poszerzy\u0107 wiedz\u0119 o regionie.<\/p><p>X\u00e1tiva jest idealnym miejscem, w kt\u00f3rym mo\u017cna po\u0142\u0105czy\u0107 nauk\u0119 j\u0119zyka hiszpa\u0144skiego z wzbogacaj\u0105cym do\u015bwiadczeniem kulturowym.<\/p>\t\t\t\t\t\t\t\t<\/div>\n\t\t\t\t<\/div>\n\t\t\t\t\t<\/div>\n\t\t\t\t<\/div>\n\t\t\t\t<section class=\"elementor-section elementor-top-section elementor-element elementor-element-72f5fe7 elementor-section-boxed elementor-section-height-default elementor-section-height-default\" data-id=\"72f5fe7\" data-element_type=\"section\" data-e-type=\"section\" data-settings=\"{&quot;background_background&quot;:&quot;classic&quot;}\">\n\t\t\t\t\t\t<div class=\"elementor-container elementor-column-gap-default\">\n\t\t\t\t\t<div class=\"elementor-column elementor-col-100 elementor-top-column elementor-element elementor-element-50c6541\" data-id=\"50c6541\" data-element_type=\"column\" data-e-type=\"column\">\n\t\t\t<div class=\"elementor-widget-wrap elementor-element-populated\">\n\t\t\t\t\t\t<div class=\"elementor-element elementor-element-b0eabb2 elementor-widget elementor-widget-heading\" data-id=\"b0eabb2\" data-element_type=\"widget\" data-e-type=\"widget\" data-widget_type=\"heading.default\">\n\t\t\t\t<div class=\"elementor-widget-container\">\n\t\t\t\t\t<h3 class=\"elementor-heading-title elementor-size-default\">WYCIECZKA DO J\u00c1TIVA<\/h3>\t\t\t\t<\/div>\n\t\t\t\t<\/div>\n\t\t\t\t\t<\/div>\n\t\t<\/div>\n\t\t\t\t\t<\/div>\n\t\t<\/section>\n\t\t\t\t<section class=\"elementor-section elementor-top-section elementor-element elementor-element-5f688d0 elementor-section-boxed elementor-section-height-default elementor-section-height-default\" data-id=\"5f688d0\" data-element_type=\"section\" data-e-type=\"section\">\n\t\t\t\t\t\t<div class=\"elementor-container elementor-column-gap-default\">\n\t\t\t\t\t<div class=\"elementor-column elementor-col-100 elementor-top-column elementor-element elementor-element-80e4295\" data-id=\"80e4295\" data-element_type=\"column\" data-e-type=\"column\">\n\t\t\t<div class=\"elementor-widget-wrap elementor-element-populated\">\n\t\t\t\t\t\t<div class=\"elementor-element elementor-element-9513d09 elementor-widget elementor-widget-image-gallery\" data-id=\"9513d09\" data-element_type=\"widget\" data-e-type=\"widget\" data-widget_type=\"image-gallery.default\">\n\t\t\t\t<div class=\"elementor-widget-container\">\n\t\t\t\t\t\t\t<div class=\"elementor-image-gallery\">\n\t\t\t<div id='gallery-1' class='gallery galleryid-81775 gallery-columns-4 gallery-size-thumbnail'><figure class='gallery-item'>\n\t\t\t<div class='gallery-icon landscape'>\n\t\t\t\t<a data-elementor-open-lightbox=\"yes\" data-elementor-lightbox-slideshow=\"9513d09\" data-elementor-lightbox-title=\"grup-szkolnych-jativa-5\" data-e-action-hash=\"#elementor-action%3Aaction%3Dlightbox%26settings%3DeyJpZCI6ODE4NDIsInVybCI6Imh0dHBzOlwvXC90bGNkZW5pYS5jb21cL3dwLWNvbnRlbnRcL3VwbG9hZHNcLzIwMjRcLzAyXC9ncnVwLXN6a29sbnljaC1qYXRpdmEtNS5qcGciLCJzbGlkZXNob3ciOiI5NTEzZDA5In0%3D\" href='https:\/\/tlcdenia.com\/wp-content\/uploads\/2024\/02\/grup-szkolnych-jativa-5.jpg'><img loading=\"lazy\" decoding=\"async\" width=\"150\" height=\"150\" src=\"https:\/\/tlcdenia.com\/wp-content\/uploads\/2024\/02\/grup-szkolnych-jativa-5-150x150.jpg\" class=\"attachment-thumbnail size-thumbnail\" alt=\"Zamek Jativa w Hiszpanii\" \/><\/a>\n\t\t\t<\/div><\/figure><figure class='gallery-item'>\n\t\t\t<div class='gallery-icon landscape'>\n\t\t\t\t<a data-elementor-open-lightbox=\"yes\" data-elementor-lightbox-slideshow=\"9513d09\" data-elementor-lightbox-title=\"grup-szkolnych-jativa-4\" data-e-action-hash=\"#elementor-action%3Aaction%3Dlightbox%26settings%3DeyJpZCI6ODE4MzQsInVybCI6Imh0dHBzOlwvXC90bGNkZW5pYS5jb21cL3dwLWNvbnRlbnRcL3VwbG9hZHNcLzIwMjRcLzAyXC9ncnVwLXN6a29sbnljaC1qYXRpdmEtNC5qcGciLCJzbGlkZXNob3ciOiI5NTEzZDA5In0%3D\" href='https:\/\/tlcdenia.com\/wp-content\/uploads\/2024\/02\/grup-szkolnych-jativa-4.jpg'><img loading=\"lazy\" decoding=\"async\" width=\"150\" height=\"150\" src=\"https:\/\/tlcdenia.com\/wp-content\/uploads\/2024\/02\/grup-szkolnych-jativa-4-150x150.jpg\" class=\"attachment-thumbnail size-thumbnail\" alt=\"Pomnik J\u00e1tivy w Hiszpanii\" \/><\/a>\n\t\t\t<\/div><\/figure><figure class='gallery-item'>\n\t\t\t<div class='gallery-icon landscape'>\n\t\t\t\t<a data-elementor-open-lightbox=\"yes\" data-elementor-lightbox-slideshow=\"9513d09\" data-elementor-lightbox-title=\"grup-szkolnych-jativa-3\" data-e-action-hash=\"#elementor-action%3Aaction%3Dlightbox%26settings%3DeyJpZCI6ODE4MjYsInVybCI6Imh0dHBzOlwvXC90bGNkZW5pYS5jb21cL3dwLWNvbnRlbnRcL3VwbG9hZHNcLzIwMjRcLzAyXC9ncnVwLXN6a29sbnljaC1qYXRpdmEtMy5qcGciLCJzbGlkZXNob3ciOiI5NTEzZDA5In0%3D\" href='https:\/\/tlcdenia.com\/wp-content\/uploads\/2024\/02\/grup-szkolnych-jativa-3.jpg'><img loading=\"lazy\" decoding=\"async\" width=\"150\" height=\"150\" src=\"https:\/\/tlcdenia.com\/wp-content\/uploads\/2024\/02\/grup-szkolnych-jativa-3-150x150.jpg\" class=\"attachment-thumbnail size-thumbnail\" alt=\"Ko\u015bci\u00f3\u0142 J\u00e1tiva w Hiszpanii\" \/><\/a>\n\t\t\t<\/div><\/figure><figure class='gallery-item'>\n\t\t\t<div class='gallery-icon landscape'>\n\t\t\t\t<a data-elementor-open-lightbox=\"yes\" data-elementor-lightbox-slideshow=\"9513d09\" data-elementor-lightbox-title=\"grup-szkolnych-jativa-2\" data-e-action-hash=\"#elementor-action%3Aaction%3Dlightbox%26settings%3DeyJpZCI6ODE4MTgsInVybCI6Imh0dHBzOlwvXC90bGNkZW5pYS5jb21cL3dwLWNvbnRlbnRcL3VwbG9hZHNcLzIwMjRcLzAyXC9ncnVwLXN6a29sbnljaC1qYXRpdmEtMi5qcGciLCJzbGlkZXNob3ciOiI5NTEzZDA5In0%3D\" href='https:\/\/tlcdenia.com\/wp-content\/uploads\/2024\/02\/grup-szkolnych-jativa-2.jpg'><img loading=\"lazy\" decoding=\"async\" width=\"150\" height=\"150\" src=\"https:\/\/tlcdenia.com\/wp-content\/uploads\/2024\/02\/grup-szkolnych-jativa-2-150x150.jpg\" class=\"attachment-thumbnail size-thumbnail\" alt=\"Zamek Jativa w Hiszpanii\" \/><\/a>\n\t\t\t<\/div><\/figure><figure class='gallery-item'>\n\t\t\t<div class='gallery-icon landscape'>\n\t\t\t\t<a data-elementor-open-lightbox=\"yes\" data-elementor-lightbox-slideshow=\"9513d09\" data-elementor-lightbox-title=\"grup-szkolnych-jativa-1\" data-e-action-hash=\"#elementor-action%3Aaction%3Dlightbox%26settings%3DeyJpZCI6ODE4MTAsInVybCI6Imh0dHBzOlwvXC90bGNkZW5pYS5jb21cL3dwLWNvbnRlbnRcL3VwbG9hZHNcLzIwMjRcLzAyXC9ncnVwLXN6a29sbnljaC1qYXRpdmEtMS5qcGciLCJzbGlkZXNob3ciOiI5NTEzZDA5In0%3D\" href='https:\/\/tlcdenia.com\/wp-content\/uploads\/2024\/02\/grup-szkolnych-jativa-1.jpg'><img loading=\"lazy\" decoding=\"async\" width=\"150\" height=\"150\" src=\"https:\/\/tlcdenia.com\/wp-content\/uploads\/2024\/02\/grup-szkolnych-jativa-1-150x150.jpg\" class=\"attachment-thumbnail size-thumbnail\" alt=\"Zamek Jativa w Hiszpanii\" srcset=\"https:\/\/tlcdenia.com\/wp-content\/uploads\/2024\/02\/grup-szkolnych-jativa-1-150x150.jpg 150w, https:\/\/tlcdenia.com\/wp-content\/uploads\/2024\/02\/grup-szkolnych-jativa-1-600x600.jpg 600w\" sizes=\"(max-width: 150px) 100vw, 150px\" \/><\/a>\n\t\t\t<\/div><\/figure><figure class='gallery-item'>\n\t\t\t<div class='gallery-icon portrait'>\n\t\t\t\t<a data-elementor-open-lightbox=\"yes\" data-elementor-lightbox-slideshow=\"9513d09\" data-elementor-lightbox-title=\"grup-szkolnych-jativa-8\" data-e-action-hash=\"#elementor-action%3Aaction%3Dlightbox%26settings%3DeyJpZCI6ODE3OTQsInVybCI6Imh0dHBzOlwvXC90bGNkZW5pYS5jb21cL3dwLWNvbnRlbnRcL3VwbG9hZHNcLzIwMjRcLzAyXC9ncnVwLXN6a29sbnljaC1qYXRpdmEtOC5qcGciLCJzbGlkZXNob3ciOiI5NTEzZDA5In0%3D\" href='https:\/\/tlcdenia.com\/wp-content\/uploads\/2024\/02\/grup-szkolnych-jativa-8.jpg'><img loading=\"lazy\" decoding=\"async\" width=\"150\" height=\"150\" src=\"https:\/\/tlcdenia.com\/wp-content\/uploads\/2024\/02\/grup-szkolnych-jativa-8-150x150.jpg\" class=\"attachment-thumbnail size-thumbnail\" alt=\"Student robi\u0105cy zdj\u0119cie zamku J\u00e1tiva w Hiszpanii\" \/><\/a>\n\t\t\t<\/div><\/figure><figure class='gallery-item'>\n\t\t\t<div class='gallery-icon landscape'>\n\t\t\t\t<a data-elementor-open-lightbox=\"yes\" data-elementor-lightbox-slideshow=\"9513d09\" data-elementor-lightbox-title=\"grup-szkolnych-jativa-7\" data-e-action-hash=\"#elementor-action%3Aaction%3Dlightbox%26settings%3DeyJpZCI6ODE3ODYsInVybCI6Imh0dHBzOlwvXC90bGNkZW5pYS5jb21cL3dwLWNvbnRlbnRcL3VwbG9hZHNcLzIwMjRcLzAyXC9ncnVwLXN6a29sbnljaC1qYXRpdmEtNy5qcGciLCJzbGlkZXNob3ciOiI5NTEzZDA5In0%3D\" href='https:\/\/tlcdenia.com\/wp-content\/uploads\/2024\/02\/grup-szkolnych-jativa-7.jpg'><img loading=\"lazy\" decoding=\"async\" width=\"150\" height=\"150\" src=\"https:\/\/tlcdenia.com\/wp-content\/uploads\/2024\/02\/grup-szkolnych-jativa-7-150x150.jpg\" class=\"attachment-thumbnail size-thumbnail\" alt=\"Zamek Jativa w Hiszpanii\" \/><\/a>\n\t\t\t<\/div><\/figure><figure class='gallery-item'>\n\t\t\t<div class='gallery-icon landscape'>\n\t\t\t\t<a data-elementor-open-lightbox=\"yes\" data-elementor-lightbox-slideshow=\"9513d09\" data-elementor-lightbox-title=\"grup-szkolnych-jativa-6\" data-e-action-hash=\"#elementor-action%3Aaction%3Dlightbox%26settings%3DeyJpZCI6ODE3NzgsInVybCI6Imh0dHBzOlwvXC90bGNkZW5pYS5jb21cL3dwLWNvbnRlbnRcL3VwbG9hZHNcLzIwMjRcLzAyXC9ncnVwLXN6a29sbnljaC1qYXRpdmEtNi5qcGciLCJzbGlkZXNob3ciOiI5NTEzZDA5In0%3D\" href='https:\/\/tlcdenia.com\/wp-content\/uploads\/2024\/02\/grup-szkolnych-jativa-6.jpg'><img loading=\"lazy\" decoding=\"async\" width=\"150\" height=\"150\" src=\"https:\/\/tlcdenia.com\/wp-content\/uploads\/2024\/02\/grup-szkolnych-jativa-6-150x150.jpg\" class=\"attachment-thumbnail size-thumbnail\" alt=\"Ko\u015bci\u00f3\u0142 J\u00e1tiva w Hiszpanii\" \/><\/a>\n\t\t\t<\/div><\/figure>\n\t\t<\/div>\n\t\t<\/div>\n\t\t\t\t\t\t<\/div>\n\t\t\t\t<\/div>\n\t\t\t\t\t<\/div>\n\t\t<\/div>\n\t\t\t\t\t<\/div>\n\t\t<\/section>\n\t\t\t\t<\/div>\n\t\t","protected":false},"excerpt":{"rendered":"<p>X\u00e1tiva to hiszpa\u0144skie miasto o bogatej historii. Zwiedzanie X\u00e1tivy to idealna wycieczka dla uczni\u00f3w w grupach szkolnych, podczas kt\u00f3rej poznaj\u0105 oni histori\u0119 i kultur\u0119 Hiszpanii. X\u00e1tiva szczyci si\u0119 tym, \u017ce pochodzi st\u0105d rodzina Borja, jedna z najpot\u0119\u017cniejszych rodzin okresu renesansu. &hellip; <\/p>\n","protected":false},"author":4,"featured_media":81810,"parent":0,"menu_order":0,"comment_status":"closed","ping_status":"closed","template":"page-templates\/page-spanishcourses.php","meta":{"_acf_changed":false,"footnotes":""},"class_list":["post-81775","page","type-page","status-publish","has-post-thumbnail","hentry"],"acf":[],"yoast_head":"<!-- This site is optimized with the Yoast SEO plugin v26.9 - https:\/\/yoast.com\/product\/yoast-seo-wordpress\/ -->\n<title>Hiszpa\u0144ski dla grup szkolnych w Hiszpanii: Wycieczka do J\u00e1tivy<\/title>\n<meta name=\"description\" content=\"Grupy szkolne ucz\u0105ce si\u0119 u nas j\u0119zyka hiszpa\u0144skiego w Denii w Hiszpanii maj\u0105 mo\u017cliwo\u015b\u0107 odwiedzenia historycznego miasta J\u00e1tiva.\" \/>\n<meta name=\"robots\" content=\"index, follow, max-snippet:-1, max-image-preview:large, max-video-preview:-1\" \/>\n<link rel=\"canonical\" href=\"https:\/\/tlcdenia.com\/pl\/wycieczka-jativa-grup-szkolnych\/\" \/>\n<meta property=\"og:locale\" content=\"pl_PL\" \/>\n<meta property=\"og:type\" content=\"article\" \/>\n<meta property=\"og:title\" content=\"Hiszpa\u0144ski dla grup szkolnych w Hiszpanii: Wycieczka do J\u00e1tivy\" \/>\n<meta property=\"og:description\" content=\"Grupy szkolne ucz\u0105ce si\u0119 u nas j\u0119zyka hiszpa\u0144skiego w Denii w Hiszpanii maj\u0105 mo\u017cliwo\u015b\u0107 odwiedzenia historycznego miasta J\u00e1tiva.\" \/>\n<meta property=\"og:url\" content=\"https:\/\/tlcdenia.com\/pl\/wycieczka-jativa-grup-szkolnych\/\" \/>\n<meta property=\"og:site_name\" content=\"Szko\u0142a TLCd\u00e9nia \u2013 oficjalna strona internetowa\" \/>\n<meta property=\"article:modified_time\" content=\"2024-02-01T14:31:43+00:00\" \/>\n<meta property=\"og:image\" content=\"https:\/\/tlcdenia.com\/wp-content\/uploads\/2024\/02\/grup-szkolnych-jativa-1.jpg\" \/>\n\t<meta property=\"og:image:width\" content=\"900\" \/>\n\t<meta property=\"og:image:height\" content=\"600\" \/>\n\t<meta property=\"og:image:type\" content=\"image\/jpeg\" \/>\n<meta name=\"twitter:card\" content=\"summary_large_image\" \/>\n<meta name=\"twitter:label1\" content=\"Szacowany czas czytania\" \/>\n\t<meta name=\"twitter:data1\" content=\"3 minuty\" \/>\n<script type=\"application\/ld+json\" class=\"yoast-schema-graph\">{\"@context\":\"https:\/\/schema.org\",\"@graph\":[{\"@type\":\"WebPage\",\"@id\":\"https:\/\/tlcdenia.com\/pl\/wycieczka-jativa-grup-szkolnych\/\",\"url\":\"https:\/\/tlcdenia.com\/pl\/wycieczka-jativa-grup-szkolnych\/\",\"name\":\"Hiszpa\u0144ski dla grup szkolnych w Hiszpanii: Wycieczka do J\u00e1tivy\",\"isPartOf\":{\"@id\":\"https:\/\/tlcdenia.com\/pl\/#website\"},\"primaryImageOfPage\":{\"@id\":\"https:\/\/tlcdenia.com\/pl\/wycieczka-jativa-grup-szkolnych\/#primaryimage\"},\"image\":{\"@id\":\"https:\/\/tlcdenia.com\/pl\/wycieczka-jativa-grup-szkolnych\/#primaryimage\"},\"thumbnailUrl\":\"https:\/\/tlcdenia.com\/wp-content\/uploads\/2024\/02\/grup-szkolnych-jativa-1.jpg\",\"datePublished\":\"2024-02-01T14:26:11+00:00\",\"dateModified\":\"2024-02-01T14:31:43+00:00\",\"description\":\"Grupy szkolne ucz\u0105ce si\u0119 u nas j\u0119zyka hiszpa\u0144skiego w Denii w Hiszpanii maj\u0105 mo\u017cliwo\u015b\u0107 odwiedzenia historycznego miasta J\u00e1tiva.\",\"breadcrumb\":{\"@id\":\"https:\/\/tlcdenia.com\/pl\/wycieczka-jativa-grup-szkolnych\/#breadcrumb\"},\"inLanguage\":\"pl-PL\",\"potentialAction\":[{\"@type\":\"ReadAction\",\"target\":[\"https:\/\/tlcdenia.com\/pl\/wycieczka-jativa-grup-szkolnych\/\"]}]},{\"@type\":\"ImageObject\",\"inLanguage\":\"pl-PL\",\"@id\":\"https:\/\/tlcdenia.com\/pl\/wycieczka-jativa-grup-szkolnych\/#primaryimage\",\"url\":\"https:\/\/tlcdenia.com\/wp-content\/uploads\/2024\/02\/grup-szkolnych-jativa-1.jpg\",\"contentUrl\":\"https:\/\/tlcdenia.com\/wp-content\/uploads\/2024\/02\/grup-szkolnych-jativa-1.jpg\",\"width\":900,\"height\":600,\"caption\":\"Zamek Jativa w Hiszpanii\"},{\"@type\":\"BreadcrumbList\",\"@id\":\"https:\/\/tlcdenia.com\/pl\/wycieczka-jativa-grup-szkolnych\/#breadcrumb\",\"itemListElement\":[{\"@type\":\"ListItem\",\"position\":1,\"name\":\"Home\",\"item\":\"https:\/\/tlcdenia.com\/pl\/\"},{\"@type\":\"ListItem\",\"position\":2,\"name\":\"Wycieczka do J\u00e1tiva dla grup szkolnych\"}]},{\"@type\":\"WebSite\",\"@id\":\"https:\/\/tlcdenia.com\/pl\/#website\",\"url\":\"https:\/\/tlcdenia.com\/pl\/\",\"name\":\"Szko\u0142a TLCd\u00e9nia \u2013 oficjalna strona internetowa\",\"description\":\"Languages Center\",\"potentialAction\":[{\"@type\":\"SearchAction\",\"target\":{\"@type\":\"EntryPoint\",\"urlTemplate\":\"https:\/\/tlcdenia.com\/pl\/?s={search_term_string}\"},\"query-input\":{\"@type\":\"PropertyValueSpecification\",\"valueRequired\":true,\"valueName\":\"search_term_string\"}}],\"inLanguage\":\"pl-PL\"}]}<\/script>\n<!-- \/ Yoast SEO plugin. -->","yoast_head_json":{"title":"Hiszpa\u0144ski dla grup szkolnych w Hiszpanii: Wycieczka do J\u00e1tivy","description":"Grupy szkolne ucz\u0105ce si\u0119 u nas j\u0119zyka hiszpa\u0144skiego w Denii w Hiszpanii maj\u0105 mo\u017cliwo\u015b\u0107 odwiedzenia historycznego miasta J\u00e1tiva.","robots":{"index":"index","follow":"follow","max-snippet":"max-snippet:-1","max-image-preview":"max-image-preview:large","max-video-preview":"max-video-preview:-1"},"canonical":"https:\/\/tlcdenia.com\/pl\/wycieczka-jativa-grup-szkolnych\/","og_locale":"pl_PL","og_type":"article","og_title":"Hiszpa\u0144ski dla grup szkolnych w Hiszpanii: Wycieczka do J\u00e1tivy","og_description":"Grupy szkolne ucz\u0105ce si\u0119 u nas j\u0119zyka hiszpa\u0144skiego w Denii w Hiszpanii maj\u0105 mo\u017cliwo\u015b\u0107 odwiedzenia historycznego miasta J\u00e1tiva.","og_url":"https:\/\/tlcdenia.com\/pl\/wycieczka-jativa-grup-szkolnych\/","og_site_name":"Szko\u0142a TLCd\u00e9nia \u2013 oficjalna strona internetowa","article_modified_time":"2024-02-01T14:31:43+00:00","og_image":[{"width":900,"height":600,"url":"https:\/\/tlcdenia.com\/wp-content\/uploads\/2024\/02\/grup-szkolnych-jativa-1.jpg","type":"image\/jpeg"}],"twitter_card":"summary_large_image","twitter_misc":{"Szacowany czas czytania":"3 minuty"},"schema":{"@context":"https:\/\/schema.org","@graph":[{"@type":"WebPage","@id":"https:\/\/tlcdenia.com\/pl\/wycieczka-jativa-grup-szkolnych\/","url":"https:\/\/tlcdenia.com\/pl\/wycieczka-jativa-grup-szkolnych\/","name":"Hiszpa\u0144ski dla grup szkolnych w Hiszpanii: Wycieczka do J\u00e1tivy","isPartOf":{"@id":"https:\/\/tlcdenia.com\/pl\/#website"},"primaryImageOfPage":{"@id":"https:\/\/tlcdenia.com\/pl\/wycieczka-jativa-grup-szkolnych\/#primaryimage"},"image":{"@id":"https:\/\/tlcdenia.com\/pl\/wycieczka-jativa-grup-szkolnych\/#primaryimage"},"thumbnailUrl":"https:\/\/tlcdenia.com\/wp-content\/uploads\/2024\/02\/grup-szkolnych-jativa-1.jpg","datePublished":"2024-02-01T14:26:11+00:00","dateModified":"2024-02-01T14:31:43+00:00","description":"Grupy szkolne ucz\u0105ce si\u0119 u nas j\u0119zyka hiszpa\u0144skiego w Denii w Hiszpanii maj\u0105 mo\u017cliwo\u015b\u0107 odwiedzenia historycznego miasta J\u00e1tiva.","breadcrumb":{"@id":"https:\/\/tlcdenia.com\/pl\/wycieczka-jativa-grup-szkolnych\/#breadcrumb"},"inLanguage":"pl-PL","potentialAction":[{"@type":"ReadAction","target":["https:\/\/tlcdenia.com\/pl\/wycieczka-jativa-grup-szkolnych\/"]}]},{"@type":"ImageObject","inLanguage":"pl-PL","@id":"https:\/\/tlcdenia.com\/pl\/wycieczka-jativa-grup-szkolnych\/#primaryimage","url":"https:\/\/tlcdenia.com\/wp-content\/uploads\/2024\/02\/grup-szkolnych-jativa-1.jpg","contentUrl":"https:\/\/tlcdenia.com\/wp-content\/uploads\/2024\/02\/grup-szkolnych-jativa-1.jpg","width":900,"height":600,"caption":"Zamek Jativa w Hiszpanii"},{"@type":"BreadcrumbList","@id":"https:\/\/tlcdenia.com\/pl\/wycieczka-jativa-grup-szkolnych\/#breadcrumb","itemListElement":[{"@type":"ListItem","position":1,"name":"Home","item":"https:\/\/tlcdenia.com\/pl\/"},{"@type":"ListItem","position":2,"name":"Wycieczka do J\u00e1tiva dla grup szkolnych"}]},{"@type":"WebSite","@id":"https:\/\/tlcdenia.com\/pl\/#website","url":"https:\/\/tlcdenia.com\/pl\/","name":"Szko\u0142a TLCd\u00e9nia \u2013 oficjalna strona internetowa","description":"Languages Center","potentialAction":[{"@type":"SearchAction","target":{"@type":"EntryPoint","urlTemplate":"https:\/\/tlcdenia.com\/pl\/?s={search_term_string}"},"query-input":{"@type":"PropertyValueSpecification","valueRequired":true,"valueName":"search_term_string"}}],"inLanguage":"pl-PL"}]}},"_links":{"self":[{"href":"https:\/\/tlcdenia.com\/pl\/wp-json\/wp\/v2\/pages\/81775","targetHints":{"allow":["GET"]}}],"collection":[{"href":"https:\/\/tlcdenia.com\/pl\/wp-json\/wp\/v2\/pages"}],"about":[{"href":"https:\/\/tlcdenia.com\/pl\/wp-json\/wp\/v2\/types\/page"}],"author":[{"embeddable":true,"href":"https:\/\/tlcdenia.com\/pl\/wp-json\/wp\/v2\/users\/4"}],"replies":[{"embeddable":true,"href":"https:\/\/tlcdenia.com\/pl\/wp-json\/wp\/v2\/comments?post=81775"}],"version-history":[{"count":6,"href":"https:\/\/tlcdenia.com\/pl\/wp-json\/wp\/v2\/pages\/81775\/revisions"}],"predecessor-version":[{"id":81853,"href":"https:\/\/tlcdenia.com\/pl\/wp-json\/wp\/v2\/pages\/81775\/revisions\/81853"}],"wp:featuredmedia":[{"embeddable":true,"href":"https:\/\/tlcdenia.com\/pl\/wp-json\/wp\/v2\/media\/81810"}],"wp:attachment":[{"href":"https:\/\/tlcdenia.com\/pl\/wp-json\/wp\/v2\/media?parent=81775"}],"curies":[{"name":"wp","href":"https:\/\/api.w.org\/{rel}","templated":true}]}}