{"id":81696,"date":"2024-02-01T12:27:09","date_gmt":"2024-02-01T12:27:09","guid":{"rendered":"https:\/\/tlcdenia.com\/excursion-to-villajoyosa-for-school-groups\/"},"modified":"2024-06-12T09:39:27","modified_gmt":"2024-06-12T09:39:27","slug":"wycieczka-villajoyosa-grup-szkolnych","status":"publish","type":"page","link":"https:\/\/tlcdenia.com\/pl\/wycieczka-villajoyosa-grup-szkolnych\/","title":{"rendered":"Wycieczka do Villajoyosa dla grup szkolnych"},"content":{"rendered":"\t\t<div data-elementor-type=\"wp-page\" data-elementor-id=\"81696\" class=\"elementor elementor-81696 elementor-80695\" data-elementor-post-type=\"page\">\n\t\t\t\t<div class=\"elementor-element elementor-element-59463b5 e-flex e-con-boxed e-con e-parent\" data-id=\"59463b5\" data-element_type=\"container\" data-e-type=\"container\">\n\t\t\t\t\t<div class=\"e-con-inner\">\n\t\t\t\t<div class=\"elementor-element elementor-element-cad33b6 elementor-widget elementor-widget-image\" data-id=\"cad33b6\" data-element_type=\"widget\" data-e-type=\"widget\" data-widget_type=\"image.default\">\n\t\t\t\t<div class=\"elementor-widget-container\">\n\t\t\t\t\t\t\t\t\t\t\t\t\t\t\t<img fetchpriority=\"high\" decoding=\"async\" width=\"900\" height=\"600\" src=\"https:\/\/tlcdenia.com\/wp-content\/uploads\/2024\/02\/grup-szkolnych-villajoyosa-4.jpg\" class=\"attachment-full size-full wp-image-81715\" alt=\"Pla\u017ca Villajoyosa w Hiszpanii\" srcset=\"https:\/\/tlcdenia.com\/wp-content\/uploads\/2024\/02\/grup-szkolnych-villajoyosa-4.jpg 900w, https:\/\/tlcdenia.com\/wp-content\/uploads\/2024\/02\/grup-szkolnych-villajoyosa-4-300x200.jpg 300w, https:\/\/tlcdenia.com\/wp-content\/uploads\/2024\/02\/grup-szkolnych-villajoyosa-4-768x512.jpg 768w\" sizes=\"(max-width: 900px) 100vw, 900px\" \/>\t\t\t\t\t\t\t\t\t\t\t\t\t\t\t<\/div>\n\t\t\t\t<\/div>\n\t\t\t\t\t<\/div>\n\t\t\t\t<\/div>\n\t\t<div class=\"elementor-element elementor-element-3413cd4 e-flex e-con-boxed e-con e-parent\" data-id=\"3413cd4\" data-element_type=\"container\" data-e-type=\"container\">\n\t\t\t\t\t<div class=\"e-con-inner\">\n\t\t\t\t<div class=\"elementor-element elementor-element-860d761 elementor-widget elementor-widget-text-editor\" data-id=\"860d761\" data-element_type=\"widget\" data-e-type=\"widget\" data-widget_type=\"text-editor.default\">\n\t\t\t\t<div class=\"elementor-widget-container\">\n\t\t\t\t\t\t\t\t\t<p>D\u00e9nia znajduje si\u0119 we wspania\u0142ej lokalizacji i jest otoczona przez <strong>malownicze nabrze\u017cne miasteczka<\/strong><strong>. Villajoyosa<\/strong> jest jednym z nich. To <strong>malownicze miejsce<\/strong>, w kt\u00f3rym uczniowie z hiszpa\u0144skiego programu dla grup szkolnych dowiedz\u0105 si\u0119 wi\u0119cej o hiszpa\u0144skiej kulturze.<\/p><p>Nasza wycieczka rozpocznie si\u0119 od zwiedzania <strong>pi\u0119knego starego miasta<\/strong> Villajoyosa, z w\u0105skimi brukowanymi uliczkami i zabytkami. Uczniowie poczuj\u0105 tu autentyczn\u0105 atmosfer\u0119 miasta, spaceruj\u0105c po zabytkowym centrum w towarzystwie naszych monitor\u00f3w.<\/p>\t\t\t\t\t\t\t\t<\/div>\n\t\t\t\t<\/div>\n\t\t\t\t\t<\/div>\n\t\t\t\t<\/div>\n\t\t<div class=\"elementor-element elementor-element-bbbc1b9 e-flex e-con-boxed e-con e-parent\" data-id=\"bbbc1b9\" data-element_type=\"container\" data-e-type=\"container\">\n\t\t\t\t\t<div class=\"e-con-inner\">\n\t\t\t\t<div class=\"elementor-element elementor-element-8d6096d elementor-widget elementor-widget-image\" data-id=\"8d6096d\" data-element_type=\"widget\" data-e-type=\"widget\" data-widget_type=\"image.default\">\n\t\t\t\t<div class=\"elementor-widget-container\">\n\t\t\t\t\t\t\t\t\t\t\t\t\t\t\t<img decoding=\"async\" width=\"900\" height=\"600\" src=\"https:\/\/tlcdenia.com\/wp-content\/uploads\/2024\/02\/grup-szkolnych-villajoyosa-3.jpg\" class=\"attachment-full size-full wp-image-81707\" alt=\"Villajoyosa w Hiszpanii\" srcset=\"https:\/\/tlcdenia.com\/wp-content\/uploads\/2024\/02\/grup-szkolnych-villajoyosa-3.jpg 900w, https:\/\/tlcdenia.com\/wp-content\/uploads\/2024\/02\/grup-szkolnych-villajoyosa-3-300x200.jpg 300w, https:\/\/tlcdenia.com\/wp-content\/uploads\/2024\/02\/grup-szkolnych-villajoyosa-3-768x512.jpg 768w\" sizes=\"(max-width: 900px) 100vw, 900px\" \/>\t\t\t\t\t\t\t\t\t\t\t\t\t\t\t<\/div>\n\t\t\t\t<\/div>\n\t\t\t\t\t<\/div>\n\t\t\t\t<\/div>\n\t\t<div class=\"elementor-element elementor-element-a258aa4 e-flex e-con-boxed e-con e-parent\" data-id=\"a258aa4\" data-element_type=\"container\" data-e-type=\"container\">\n\t\t\t\t\t<div class=\"e-con-inner\">\n\t\t\t\t<div class=\"elementor-element elementor-element-085af92 elementor-widget elementor-widget-text-editor\" data-id=\"085af92\" data-element_type=\"widget\" data-e-type=\"widget\" data-widget_type=\"text-editor.default\">\n\t\t\t\t<div class=\"elementor-widget-container\">\n\t\t\t\t\t\t\t\t\t<p>W porcie b\u0119dzie mo\u017cna zobaczy\u0107 <strong>kolorowe \u0142odzie rybackie<\/strong> i pozna\u0107 histori\u0119 rybo\u0142\u00f3wstwa w tym regionie. Mo\u017cna te\u017c odwiedzi\u0107 targ rybny, na kt\u00f3rym sprzedawane s\u0105 \u015bwie\u017co z\u0142owione ryby i owoce morza, a tak\u017ce przyjrze\u0107 si\u0119 procesowi przygotowywania tych produkt\u00f3w.<\/p><p>W Villajoyosa znajduje si\u0119 wiele atrakcji turystycznych, takich jak <strong>wisz\u0105ce domy, stare miasto, ko\u015bci\u00f3\u0142 \u201eNuestra Se\u00f1ora de la Asunci\u00f3n\u201d, mury miejskie, kolorowe domy, port rybacki oraz muzeum i fabryka czekolady.<\/strong> W tych miejscach mo\u017cna zrobi\u0107 naprawd\u0119 pi\u0119kne zdj\u0119cia.<\/p><p>Przewidziany jest r\u00f3wnie\u017c czas wolny, kt\u00f3ry mo\u017cna sp\u0119dzi\u0107 na pla\u017cy, poopala\u0107 si\u0119 lub po prostu zrelaksowa\u0107 si\u0119 i porozmawia\u0107 z kolegami.<\/p>\t\t\t\t\t\t\t\t<\/div>\n\t\t\t\t<\/div>\n\t\t\t\t\t<\/div>\n\t\t\t\t<\/div>\n\t\t<div class=\"elementor-element elementor-element-7f8ea08 e-flex e-con-boxed e-con e-parent\" data-id=\"7f8ea08\" data-element_type=\"container\" data-e-type=\"container\">\n\t\t\t\t\t<div class=\"e-con-inner\">\n\t\t\t\t<div class=\"elementor-element elementor-element-adc4065 elementor-widget elementor-widget-image\" data-id=\"adc4065\" data-element_type=\"widget\" data-e-type=\"widget\" data-widget_type=\"image.default\">\n\t\t\t\t<div class=\"elementor-widget-container\">\n\t\t\t\t\t\t\t\t\t\t\t\t\t\t\t<img decoding=\"async\" width=\"900\" height=\"600\" src=\"https:\/\/tlcdenia.com\/wp-content\/uploads\/2024\/02\/grup-szkolnych-villajoyosa-8.jpg\" class=\"attachment-full size-full wp-image-81747\" alt=\"Muzeum czekolady w Villajoyosa w Hiszpanii\" srcset=\"https:\/\/tlcdenia.com\/wp-content\/uploads\/2024\/02\/grup-szkolnych-villajoyosa-8.jpg 900w, https:\/\/tlcdenia.com\/wp-content\/uploads\/2024\/02\/grup-szkolnych-villajoyosa-8-300x200.jpg 300w, https:\/\/tlcdenia.com\/wp-content\/uploads\/2024\/02\/grup-szkolnych-villajoyosa-8-768x512.jpg 768w\" sizes=\"(max-width: 900px) 100vw, 900px\" \/>\t\t\t\t\t\t\t\t\t\t\t\t\t\t\t<\/div>\n\t\t\t\t<\/div>\n\t\t\t\t\t<\/div>\n\t\t\t\t<\/div>\n\t\t<div class=\"elementor-element elementor-element-c6b0364 e-flex e-con-boxed e-con e-parent\" data-id=\"c6b0364\" data-element_type=\"container\" data-e-type=\"container\">\n\t\t\t\t\t<div class=\"e-con-inner\">\n\t\t\t\t<div class=\"elementor-element elementor-element-65f221d elementor-widget elementor-widget-text-editor\" data-id=\"65f221d\" data-element_type=\"widget\" data-e-type=\"widget\" data-widget_type=\"text-editor.default\">\n\t\t\t\t<div class=\"elementor-widget-container\">\n\t\t\t\t\t\t\t\t\t<p>Z Villajoyosa pochodzi <strong>znana marka czekolady Valor<\/strong>, wi\u0119c opcjonalnie mo\u017cna odwiedzi\u0107<strong> Muzeum Czekolady<\/strong>. W tym muzeum uczniowie poznaj\u0105 histori\u0119 czekolady i jej znaczenie w regionie. B\u0119d\u0105 tak\u017ce mogli skosztowa\u0107 pysznych, r\u0119cznie robionych czekoladek.<\/p><p>Villajoyosa to idealne miejsce, w kt\u00f3rym mo\u017cna po\u0142\u0105czy\u0107 nauk\u0119 hiszpa\u0144skiego z bogatym do\u015bwiadczeniem kulturowym. Uczniowie b\u0119d\u0105 mieli okazj\u0119 pozna\u0107 codzienne \u017cycie uroczego hiszpa\u0144skiego miasta, poprawi\u0107 sw\u00f3j hiszpa\u0144ski, odkry\u0107 lokaln\u0105 kuchni\u0119 i sp\u0119dzi\u0107 niezapomniane chwile z kolegami z klasy.<\/p>\t\t\t\t\t\t\t\t<\/div>\n\t\t\t\t<\/div>\n\t\t\t\t\t<\/div>\n\t\t\t\t<\/div>\n\t\t\t\t<section class=\"elementor-section elementor-top-section elementor-element elementor-element-8308cc0 elementor-section-boxed elementor-section-height-default elementor-section-height-default\" data-id=\"8308cc0\" data-element_type=\"section\" data-e-type=\"section\" data-settings=\"{&quot;background_background&quot;:&quot;classic&quot;}\">\n\t\t\t\t\t\t<div class=\"elementor-container elementor-column-gap-default\">\n\t\t\t\t\t<div class=\"elementor-column elementor-col-100 elementor-top-column elementor-element elementor-element-ee0d171\" data-id=\"ee0d171\" data-element_type=\"column\" data-e-type=\"column\">\n\t\t\t<div class=\"elementor-widget-wrap elementor-element-populated\">\n\t\t\t\t\t\t<div class=\"elementor-element elementor-element-872afb7 elementor-widget elementor-widget-heading\" data-id=\"872afb7\" data-element_type=\"widget\" data-e-type=\"widget\" data-widget_type=\"heading.default\">\n\t\t\t\t<div class=\"elementor-widget-container\">\n\t\t\t\t\t<h3 class=\"elementor-heading-title elementor-size-default\">WYCIECZKA DO VILLAJOYOSA<\/h3>\t\t\t\t<\/div>\n\t\t\t\t<\/div>\n\t\t\t\t\t<\/div>\n\t\t<\/div>\n\t\t\t\t\t<\/div>\n\t\t<\/section>\n\t\t\t\t<section class=\"elementor-section elementor-top-section elementor-element elementor-element-09350cd elementor-section-boxed elementor-section-height-default elementor-section-height-default\" data-id=\"09350cd\" data-element_type=\"section\" data-e-type=\"section\">\n\t\t\t\t\t\t<div class=\"elementor-container elementor-column-gap-default\">\n\t\t\t\t\t<div class=\"elementor-column elementor-col-100 elementor-top-column elementor-element elementor-element-c7686b2\" data-id=\"c7686b2\" data-element_type=\"column\" data-e-type=\"column\">\n\t\t\t<div class=\"elementor-widget-wrap elementor-element-populated\">\n\t\t\t\t\t\t<div class=\"elementor-element elementor-element-e35dfe5 elementor-widget elementor-widget-image-gallery\" data-id=\"e35dfe5\" data-element_type=\"widget\" data-e-type=\"widget\" data-widget_type=\"image-gallery.default\">\n\t\t\t\t<div class=\"elementor-widget-container\">\n\t\t\t\t\t\t\t<div class=\"elementor-image-gallery\">\n\t\t\t<div id='gallery-1' class='gallery galleryid-81696 gallery-columns-4 gallery-size-thumbnail'><figure class='gallery-item'>\n\t\t\t<div class='gallery-icon landscape'>\n\t\t\t\t<a data-elementor-open-lightbox=\"yes\" data-elementor-lightbox-slideshow=\"e35dfe5\" data-elementor-lightbox-title=\"grup-szkolnych-villajoyosa-2\" data-e-action-hash=\"#elementor-action%3Aaction%3Dlightbox%26settings%3DeyJpZCI6ODE2OTksInVybCI6Imh0dHBzOlwvXC90bGNkZW5pYS5jb21cL3dwLWNvbnRlbnRcL3VwbG9hZHNcLzIwMjRcLzAyXC9ncnVwLXN6a29sbnljaC12aWxsYWpveW9zYS0yLmpwZyIsInNsaWRlc2hvdyI6ImUzNWRmZTUifQ%3D%3D\" href='https:\/\/tlcdenia.com\/wp-content\/uploads\/2024\/02\/grup-szkolnych-villajoyosa-2.jpg'><img loading=\"lazy\" decoding=\"async\" width=\"150\" height=\"150\" src=\"https:\/\/tlcdenia.com\/wp-content\/uploads\/2024\/02\/grup-szkolnych-villajoyosa-2-150x150.jpg\" class=\"attachment-thumbnail size-thumbnail\" alt=\"Villajoyosa w Hiszpanii\" \/><\/a>\n\t\t\t<\/div><\/figure><figure class='gallery-item'>\n\t\t\t<div class='gallery-icon landscape'>\n\t\t\t\t<a data-elementor-open-lightbox=\"yes\" data-elementor-lightbox-slideshow=\"e35dfe5\" data-elementor-lightbox-title=\"grup-szkolnych-villajoyosa-4\" data-e-action-hash=\"#elementor-action%3Aaction%3Dlightbox%26settings%3DeyJpZCI6ODE3MTUsInVybCI6Imh0dHBzOlwvXC90bGNkZW5pYS5jb21cL3dwLWNvbnRlbnRcL3VwbG9hZHNcLzIwMjRcLzAyXC9ncnVwLXN6a29sbnljaC12aWxsYWpveW9zYS00LmpwZyIsInNsaWRlc2hvdyI6ImUzNWRmZTUifQ%3D%3D\" href='https:\/\/tlcdenia.com\/wp-content\/uploads\/2024\/02\/grup-szkolnych-villajoyosa-4.jpg'><img loading=\"lazy\" decoding=\"async\" width=\"150\" height=\"150\" src=\"https:\/\/tlcdenia.com\/wp-content\/uploads\/2024\/02\/grup-szkolnych-villajoyosa-4-150x150.jpg\" class=\"attachment-thumbnail size-thumbnail\" alt=\"Pla\u017ca Villajoyosa w Hiszpanii\" \/><\/a>\n\t\t\t<\/div><\/figure><figure class='gallery-item'>\n\t\t\t<div class='gallery-icon landscape'>\n\t\t\t\t<a data-elementor-open-lightbox=\"yes\" data-elementor-lightbox-slideshow=\"e35dfe5\" data-elementor-lightbox-title=\"grup-szkolnych-villajoyosa-6\" data-e-action-hash=\"#elementor-action%3Aaction%3Dlightbox%26settings%3DeyJpZCI6ODE3MzEsInVybCI6Imh0dHBzOlwvXC90bGNkZW5pYS5jb21cL3dwLWNvbnRlbnRcL3VwbG9hZHNcLzIwMjRcLzAyXC9ncnVwLXN6a29sbnljaC12aWxsYWpveW9zYS02LmpwZyIsInNsaWRlc2hvdyI6ImUzNWRmZTUifQ%3D%3D\" href='https:\/\/tlcdenia.com\/wp-content\/uploads\/2024\/02\/grup-szkolnych-villajoyosa-6.jpg'><img loading=\"lazy\" decoding=\"async\" width=\"150\" height=\"150\" src=\"https:\/\/tlcdenia.com\/wp-content\/uploads\/2024\/02\/grup-szkolnych-villajoyosa-6-150x150.jpg\" class=\"attachment-thumbnail size-thumbnail\" alt=\"\u015aciana Villajoyosa w Hiszpanii\" \/><\/a>\n\t\t\t<\/div><\/figure><figure class='gallery-item'>\n\t\t\t<div class='gallery-icon landscape'>\n\t\t\t\t<a data-elementor-open-lightbox=\"yes\" data-elementor-lightbox-slideshow=\"e35dfe5\" data-elementor-lightbox-title=\"grup-szkolnych-villajoyosa-5\" data-e-action-hash=\"#elementor-action%3Aaction%3Dlightbox%26settings%3DeyJpZCI6ODE3MjMsInVybCI6Imh0dHBzOlwvXC90bGNkZW5pYS5jb21cL3dwLWNvbnRlbnRcL3VwbG9hZHNcLzIwMjRcLzAyXC9ncnVwLXN6a29sbnljaC12aWxsYWpveW9zYS01LmpwZyIsInNsaWRlc2hvdyI6ImUzNWRmZTUifQ%3D%3D\" href='https:\/\/tlcdenia.com\/wp-content\/uploads\/2024\/02\/grup-szkolnych-villajoyosa-5.jpg'><img loading=\"lazy\" decoding=\"async\" width=\"150\" height=\"150\" src=\"https:\/\/tlcdenia.com\/wp-content\/uploads\/2024\/02\/grup-szkolnych-villajoyosa-5-150x150.jpg\" class=\"attachment-thumbnail size-thumbnail\" alt=\"Most Villajoyosa w Hiszpanii\" \/><\/a>\n\t\t\t<\/div><\/figure><figure class='gallery-item'>\n\t\t\t<div class='gallery-icon landscape'>\n\t\t\t\t<a data-elementor-open-lightbox=\"yes\" data-elementor-lightbox-slideshow=\"e35dfe5\" data-elementor-lightbox-title=\"grup-szkolnych-villajoyosa-3\" data-e-action-hash=\"#elementor-action%3Aaction%3Dlightbox%26settings%3DeyJpZCI6ODE3MDcsInVybCI6Imh0dHBzOlwvXC90bGNkZW5pYS5jb21cL3dwLWNvbnRlbnRcL3VwbG9hZHNcLzIwMjRcLzAyXC9ncnVwLXN6a29sbnljaC12aWxsYWpveW9zYS0zLmpwZyIsInNsaWRlc2hvdyI6ImUzNWRmZTUifQ%3D%3D\" href='https:\/\/tlcdenia.com\/wp-content\/uploads\/2024\/02\/grup-szkolnych-villajoyosa-3.jpg'><img loading=\"lazy\" decoding=\"async\" width=\"150\" height=\"150\" src=\"https:\/\/tlcdenia.com\/wp-content\/uploads\/2024\/02\/grup-szkolnych-villajoyosa-3-150x150.jpg\" class=\"attachment-thumbnail size-thumbnail\" alt=\"Villajoyosa w Hiszpanii\" \/><\/a>\n\t\t\t<\/div><\/figure><figure class='gallery-item'>\n\t\t\t<div class='gallery-icon landscape'>\n\t\t\t\t<a data-elementor-open-lightbox=\"yes\" data-elementor-lightbox-slideshow=\"e35dfe5\" data-elementor-lightbox-title=\"grup-szkolnych-villajoyosa-8\" data-e-action-hash=\"#elementor-action%3Aaction%3Dlightbox%26settings%3DeyJpZCI6ODE3NDcsInVybCI6Imh0dHBzOlwvXC90bGNkZW5pYS5jb21cL3dwLWNvbnRlbnRcL3VwbG9hZHNcLzIwMjRcLzAyXC9ncnVwLXN6a29sbnljaC12aWxsYWpveW9zYS04LmpwZyIsInNsaWRlc2hvdyI6ImUzNWRmZTUifQ%3D%3D\" href='https:\/\/tlcdenia.com\/wp-content\/uploads\/2024\/02\/grup-szkolnych-villajoyosa-8.jpg'><img loading=\"lazy\" decoding=\"async\" width=\"150\" height=\"150\" src=\"https:\/\/tlcdenia.com\/wp-content\/uploads\/2024\/02\/grup-szkolnych-villajoyosa-8-150x150.jpg\" class=\"attachment-thumbnail size-thumbnail\" alt=\"Muzeum czekolady w Villajoyosa w Hiszpanii\" \/><\/a>\n\t\t\t<\/div><\/figure><figure class='gallery-item'>\n\t\t\t<div class='gallery-icon landscape'>\n\t\t\t\t<a data-elementor-open-lightbox=\"yes\" data-elementor-lightbox-slideshow=\"e35dfe5\" data-elementor-lightbox-title=\"grup-szkolnych-villajoyosa-7\" data-e-action-hash=\"#elementor-action%3Aaction%3Dlightbox%26settings%3DeyJpZCI6ODE3MzksInVybCI6Imh0dHBzOlwvXC90bGNkZW5pYS5jb21cL3dwLWNvbnRlbnRcL3VwbG9hZHNcLzIwMjRcLzAyXC9ncnVwLXN6a29sbnljaC12aWxsYWpveW9zYS03LmpwZyIsInNsaWRlc2hvdyI6ImUzNWRmZTUifQ%3D%3D\" href='https:\/\/tlcdenia.com\/wp-content\/uploads\/2024\/02\/grup-szkolnych-villajoyosa-7.jpg'><img loading=\"lazy\" decoding=\"async\" width=\"150\" height=\"150\" src=\"https:\/\/tlcdenia.com\/wp-content\/uploads\/2024\/02\/grup-szkolnych-villajoyosa-7-150x150.jpg\" class=\"attachment-thumbnail size-thumbnail\" alt=\"Muzeum czekolady w Villajoyosa w Hiszpanii\" \/><\/a>\n\t\t\t<\/div><\/figure><figure class='gallery-item'>\n\t\t\t<div class='gallery-icon landscape'>\n\t\t\t\t<a data-elementor-open-lightbox=\"yes\" data-elementor-lightbox-slideshow=\"e35dfe5\" data-elementor-lightbox-title=\"villajoyosa-grup-szkolnych-1\" data-e-action-hash=\"#elementor-action%3Aaction%3Dlightbox%26settings%3DeyJpZCI6OTIyNzQsInVybCI6Imh0dHBzOlwvXC90bGNkZW5pYS5jb21cL3dwLWNvbnRlbnRcL3VwbG9hZHNcLzIwMjRcLzA2XC92aWxsYWpveW9zYS1ncnVwLXN6a29sbnljaC0xLmpwZyIsInNsaWRlc2hvdyI6ImUzNWRmZTUifQ%3D%3D\" href='https:\/\/tlcdenia.com\/wp-content\/uploads\/2024\/06\/villajoyosa-grup-szkolnych-1.jpg'><img loading=\"lazy\" decoding=\"async\" width=\"150\" height=\"150\" src=\"https:\/\/tlcdenia.com\/wp-content\/uploads\/2024\/06\/villajoyosa-grup-szkolnych-1-150x150.jpg\" class=\"attachment-thumbnail size-thumbnail\" alt=\"Kolorowe domy na pla\u017cy Villajoyosa\" \/><\/a>\n\t\t\t<\/div><\/figure>\n\t\t<\/div>\n\t\t<\/div>\n\t\t\t\t\t\t<\/div>\n\t\t\t\t<\/div>\n\t\t\t\t\t<\/div>\n\t\t<\/div>\n\t\t\t\t\t<\/div>\n\t\t<\/section>\n\t\t\t\t<\/div>\n\t\t","protected":false},"excerpt":{"rendered":"<p>D\u00e9nia znajduje si\u0119 we wspania\u0142ej lokalizacji i jest otoczona przez malownicze nabrze\u017cne miasteczka. Villajoyosa jest jednym z nich. To malownicze miejsce, w kt\u00f3rym uczniowie z hiszpa\u0144skiego programu dla grup szkolnych dowiedz\u0105 si\u0119 wi\u0119cej o hiszpa\u0144skiej kulturze. Nasza wycieczka rozpocznie si\u0119 &hellip; <\/p>\n","protected":false},"author":4,"featured_media":0,"parent":0,"menu_order":0,"comment_status":"closed","ping_status":"closed","template":"page-templates\/page-spanishcourses.php","meta":{"_acf_changed":false,"footnotes":""},"class_list":["post-81696","page","type-page","status-publish","hentry"],"acf":[],"yoast_head":"<!-- This site is optimized with the Yoast SEO plugin v26.9 - https:\/\/yoast.com\/product\/yoast-seo-wordpress\/ -->\n<title>Hiszpa\u0144ski dla grup szkolnych w Hiszpanii: Wycieczka do Villajoyosa<\/title>\n<meta name=\"description\" content=\"W ramach hiszpa\u0144skiego programu dla grup szkolnych odwiedzamy Villajoyosa: urokliwe miasteczko na wybrze\u017cu Costa Blanca w Hiszpanii.\" \/>\n<meta name=\"robots\" content=\"index, follow, max-snippet:-1, max-image-preview:large, max-video-preview:-1\" \/>\n<link rel=\"canonical\" href=\"https:\/\/tlcdenia.com\/pl\/wycieczka-villajoyosa-grup-szkolnych\/\" \/>\n<meta property=\"og:locale\" content=\"pl_PL\" \/>\n<meta property=\"og:type\" content=\"article\" \/>\n<meta property=\"og:title\" content=\"Hiszpa\u0144ski dla grup szkolnych w Hiszpanii: Wycieczka do Villajoyosa\" \/>\n<meta property=\"og:description\" content=\"W ramach hiszpa\u0144skiego programu dla grup szkolnych odwiedzamy Villajoyosa: urokliwe miasteczko na wybrze\u017cu Costa Blanca w Hiszpanii.\" \/>\n<meta property=\"og:url\" content=\"https:\/\/tlcdenia.com\/pl\/wycieczka-villajoyosa-grup-szkolnych\/\" \/>\n<meta property=\"og:site_name\" content=\"Szko\u0142a TLCd\u00e9nia \u2013 oficjalna strona internetowa\" \/>\n<meta property=\"article:modified_time\" content=\"2024-06-12T09:39:27+00:00\" \/>\n<meta property=\"og:image\" content=\"https:\/\/tlcdenia.com\/wp-content\/uploads\/2024\/02\/grup-szkolnych-villajoyosa-4.jpg\" \/>\n<meta name=\"twitter:card\" content=\"summary_large_image\" \/>\n<meta name=\"twitter:label1\" content=\"Szacowany czas czytania\" \/>\n\t<meta name=\"twitter:data1\" content=\"4 minuty\" \/>\n<script type=\"application\/ld+json\" class=\"yoast-schema-graph\">{\"@context\":\"https:\/\/schema.org\",\"@graph\":[{\"@type\":\"WebPage\",\"@id\":\"https:\/\/tlcdenia.com\/pl\/wycieczka-villajoyosa-grup-szkolnych\/\",\"url\":\"https:\/\/tlcdenia.com\/pl\/wycieczka-villajoyosa-grup-szkolnych\/\",\"name\":\"Hiszpa\u0144ski dla grup szkolnych w Hiszpanii: Wycieczka do Villajoyosa\",\"isPartOf\":{\"@id\":\"https:\/\/tlcdenia.com\/pl\/#website\"},\"primaryImageOfPage\":{\"@id\":\"https:\/\/tlcdenia.com\/pl\/wycieczka-villajoyosa-grup-szkolnych\/#primaryimage\"},\"image\":{\"@id\":\"https:\/\/tlcdenia.com\/pl\/wycieczka-villajoyosa-grup-szkolnych\/#primaryimage\"},\"thumbnailUrl\":\"https:\/\/tlcdenia.com\/wp-content\/uploads\/2024\/02\/grup-szkolnych-villajoyosa-4.jpg\",\"datePublished\":\"2024-02-01T12:27:09+00:00\",\"dateModified\":\"2024-06-12T09:39:27+00:00\",\"description\":\"W ramach hiszpa\u0144skiego programu dla grup szkolnych odwiedzamy Villajoyosa: urokliwe miasteczko na wybrze\u017cu Costa Blanca w Hiszpanii.\",\"breadcrumb\":{\"@id\":\"https:\/\/tlcdenia.com\/pl\/wycieczka-villajoyosa-grup-szkolnych\/#breadcrumb\"},\"inLanguage\":\"pl-PL\",\"potentialAction\":[{\"@type\":\"ReadAction\",\"target\":[\"https:\/\/tlcdenia.com\/pl\/wycieczka-villajoyosa-grup-szkolnych\/\"]}]},{\"@type\":\"ImageObject\",\"inLanguage\":\"pl-PL\",\"@id\":\"https:\/\/tlcdenia.com\/pl\/wycieczka-villajoyosa-grup-szkolnych\/#primaryimage\",\"url\":\"https:\/\/tlcdenia.com\/wp-content\/uploads\/2024\/02\/grup-szkolnych-villajoyosa-4.jpg\",\"contentUrl\":\"https:\/\/tlcdenia.com\/wp-content\/uploads\/2024\/02\/grup-szkolnych-villajoyosa-4.jpg\"},{\"@type\":\"BreadcrumbList\",\"@id\":\"https:\/\/tlcdenia.com\/pl\/wycieczka-villajoyosa-grup-szkolnych\/#breadcrumb\",\"itemListElement\":[{\"@type\":\"ListItem\",\"position\":1,\"name\":\"Home\",\"item\":\"https:\/\/tlcdenia.com\/pl\/\"},{\"@type\":\"ListItem\",\"position\":2,\"name\":\"Wycieczka do Villajoyosa dla grup szkolnych\"}]},{\"@type\":\"WebSite\",\"@id\":\"https:\/\/tlcdenia.com\/pl\/#website\",\"url\":\"https:\/\/tlcdenia.com\/pl\/\",\"name\":\"Szko\u0142a TLCd\u00e9nia \u2013 oficjalna strona internetowa\",\"description\":\"Languages Center\",\"potentialAction\":[{\"@type\":\"SearchAction\",\"target\":{\"@type\":\"EntryPoint\",\"urlTemplate\":\"https:\/\/tlcdenia.com\/pl\/?s={search_term_string}\"},\"query-input\":{\"@type\":\"PropertyValueSpecification\",\"valueRequired\":true,\"valueName\":\"search_term_string\"}}],\"inLanguage\":\"pl-PL\"}]}<\/script>\n<!-- \/ Yoast SEO plugin. -->","yoast_head_json":{"title":"Hiszpa\u0144ski dla grup szkolnych w Hiszpanii: Wycieczka do Villajoyosa","description":"W ramach hiszpa\u0144skiego programu dla grup szkolnych odwiedzamy Villajoyosa: urokliwe miasteczko na wybrze\u017cu Costa Blanca w Hiszpanii.","robots":{"index":"index","follow":"follow","max-snippet":"max-snippet:-1","max-image-preview":"max-image-preview:large","max-video-preview":"max-video-preview:-1"},"canonical":"https:\/\/tlcdenia.com\/pl\/wycieczka-villajoyosa-grup-szkolnych\/","og_locale":"pl_PL","og_type":"article","og_title":"Hiszpa\u0144ski dla grup szkolnych w Hiszpanii: Wycieczka do Villajoyosa","og_description":"W ramach hiszpa\u0144skiego programu dla grup szkolnych odwiedzamy Villajoyosa: urokliwe miasteczko na wybrze\u017cu Costa Blanca w Hiszpanii.","og_url":"https:\/\/tlcdenia.com\/pl\/wycieczka-villajoyosa-grup-szkolnych\/","og_site_name":"Szko\u0142a TLCd\u00e9nia \u2013 oficjalna strona internetowa","article_modified_time":"2024-06-12T09:39:27+00:00","og_image":[{"url":"https:\/\/tlcdenia.com\/wp-content\/uploads\/2024\/02\/grup-szkolnych-villajoyosa-4.jpg","type":"","width":"","height":""}],"twitter_card":"summary_large_image","twitter_misc":{"Szacowany czas czytania":"4 minuty"},"schema":{"@context":"https:\/\/schema.org","@graph":[{"@type":"WebPage","@id":"https:\/\/tlcdenia.com\/pl\/wycieczka-villajoyosa-grup-szkolnych\/","url":"https:\/\/tlcdenia.com\/pl\/wycieczka-villajoyosa-grup-szkolnych\/","name":"Hiszpa\u0144ski dla grup szkolnych w Hiszpanii: Wycieczka do Villajoyosa","isPartOf":{"@id":"https:\/\/tlcdenia.com\/pl\/#website"},"primaryImageOfPage":{"@id":"https:\/\/tlcdenia.com\/pl\/wycieczka-villajoyosa-grup-szkolnych\/#primaryimage"},"image":{"@id":"https:\/\/tlcdenia.com\/pl\/wycieczka-villajoyosa-grup-szkolnych\/#primaryimage"},"thumbnailUrl":"https:\/\/tlcdenia.com\/wp-content\/uploads\/2024\/02\/grup-szkolnych-villajoyosa-4.jpg","datePublished":"2024-02-01T12:27:09+00:00","dateModified":"2024-06-12T09:39:27+00:00","description":"W ramach hiszpa\u0144skiego programu dla grup szkolnych odwiedzamy Villajoyosa: urokliwe miasteczko na wybrze\u017cu Costa Blanca w Hiszpanii.","breadcrumb":{"@id":"https:\/\/tlcdenia.com\/pl\/wycieczka-villajoyosa-grup-szkolnych\/#breadcrumb"},"inLanguage":"pl-PL","potentialAction":[{"@type":"ReadAction","target":["https:\/\/tlcdenia.com\/pl\/wycieczka-villajoyosa-grup-szkolnych\/"]}]},{"@type":"ImageObject","inLanguage":"pl-PL","@id":"https:\/\/tlcdenia.com\/pl\/wycieczka-villajoyosa-grup-szkolnych\/#primaryimage","url":"https:\/\/tlcdenia.com\/wp-content\/uploads\/2024\/02\/grup-szkolnych-villajoyosa-4.jpg","contentUrl":"https:\/\/tlcdenia.com\/wp-content\/uploads\/2024\/02\/grup-szkolnych-villajoyosa-4.jpg"},{"@type":"BreadcrumbList","@id":"https:\/\/tlcdenia.com\/pl\/wycieczka-villajoyosa-grup-szkolnych\/#breadcrumb","itemListElement":[{"@type":"ListItem","position":1,"name":"Home","item":"https:\/\/tlcdenia.com\/pl\/"},{"@type":"ListItem","position":2,"name":"Wycieczka do Villajoyosa dla grup szkolnych"}]},{"@type":"WebSite","@id":"https:\/\/tlcdenia.com\/pl\/#website","url":"https:\/\/tlcdenia.com\/pl\/","name":"Szko\u0142a TLCd\u00e9nia \u2013 oficjalna strona internetowa","description":"Languages Center","potentialAction":[{"@type":"SearchAction","target":{"@type":"EntryPoint","urlTemplate":"https:\/\/tlcdenia.com\/pl\/?s={search_term_string}"},"query-input":{"@type":"PropertyValueSpecification","valueRequired":true,"valueName":"search_term_string"}}],"inLanguage":"pl-PL"}]}},"_links":{"self":[{"href":"https:\/\/tlcdenia.com\/pl\/wp-json\/wp\/v2\/pages\/81696","targetHints":{"allow":["GET"]}}],"collection":[{"href":"https:\/\/tlcdenia.com\/pl\/wp-json\/wp\/v2\/pages"}],"about":[{"href":"https:\/\/tlcdenia.com\/pl\/wp-json\/wp\/v2\/types\/page"}],"author":[{"embeddable":true,"href":"https:\/\/tlcdenia.com\/pl\/wp-json\/wp\/v2\/users\/4"}],"replies":[{"embeddable":true,"href":"https:\/\/tlcdenia.com\/pl\/wp-json\/wp\/v2\/comments?post=81696"}],"version-history":[{"count":9,"href":"https:\/\/tlcdenia.com\/pl\/wp-json\/wp\/v2\/pages\/81696\/revisions"}],"predecessor-version":[{"id":92279,"href":"https:\/\/tlcdenia.com\/pl\/wp-json\/wp\/v2\/pages\/81696\/revisions\/92279"}],"wp:attachment":[{"href":"https:\/\/tlcdenia.com\/pl\/wp-json\/wp\/v2\/media?parent=81696"}],"curies":[{"name":"wp","href":"https:\/\/api.w.org\/{rel}","templated":true}]}}