{"id":81506,"date":"2024-02-01T12:09:14","date_gmt":"2024-02-01T12:09:14","guid":{"rendered":"https:\/\/tlcdenia.com\/excursion-to-aqualandia-for-school-groups\/"},"modified":"2024-02-01T12:14:30","modified_gmt":"2024-02-01T12:14:30","slug":"wycieczka-aqualandia-grup-szkolnych","status":"publish","type":"page","link":"https:\/\/tlcdenia.com\/pl\/wycieczka-aqualandia-grup-szkolnych\/","title":{"rendered":"Wycieczka do Aqualandia dla grup szkolnych"},"content":{"rendered":"\t\t<div data-elementor-type=\"wp-page\" data-elementor-id=\"81506\" class=\"elementor elementor-81506 elementor-80506\" data-elementor-post-type=\"page\">\n\t\t\t\t<div class=\"elementor-element elementor-element-c05519f e-flex e-con-boxed e-con e-parent\" data-id=\"c05519f\" data-element_type=\"container\" data-e-type=\"container\">\n\t\t\t\t\t<div class=\"e-con-inner\">\n\t\t\t\t<div class=\"elementor-element elementor-element-dfbf8f3 elementor-widget elementor-widget-image\" data-id=\"dfbf8f3\" data-element_type=\"widget\" data-e-type=\"widget\" data-widget_type=\"image.default\">\n\t\t\t\t<div class=\"elementor-widget-container\">\n\t\t\t\t\t\t\t\t\t\t\t\t\t\t\t<img fetchpriority=\"high\" decoding=\"async\" width=\"900\" height=\"600\" src=\"https:\/\/tlcdenia.com\/wp-content\/uploads\/2024\/02\/grup-szkolnych-aqualandia-1.jpg\" class=\"attachment-full size-full wp-image-81573\" alt=\"Grupa szkolna w Hiszpanii, w Aqualandia\" srcset=\"https:\/\/tlcdenia.com\/wp-content\/uploads\/2024\/02\/grup-szkolnych-aqualandia-1.jpg 900w, https:\/\/tlcdenia.com\/wp-content\/uploads\/2024\/02\/grup-szkolnych-aqualandia-1-300x200.jpg 300w, https:\/\/tlcdenia.com\/wp-content\/uploads\/2024\/02\/grup-szkolnych-aqualandia-1-768x512.jpg 768w\" sizes=\"(max-width: 900px) 100vw, 900px\" \/>\t\t\t\t\t\t\t\t\t\t\t\t\t\t\t<\/div>\n\t\t\t\t<\/div>\n\t\t\t\t\t<\/div>\n\t\t\t\t<\/div>\n\t\t<div class=\"elementor-element elementor-element-a53129e e-flex e-con-boxed e-con e-parent\" data-id=\"a53129e\" data-element_type=\"container\" data-e-type=\"container\">\n\t\t\t\t\t<div class=\"e-con-inner\">\n\t\t\t\t<div class=\"elementor-element elementor-element-4e8aa82 elementor-widget elementor-widget-text-editor\" data-id=\"4e8aa82\" data-element_type=\"widget\" data-e-type=\"widget\" data-widget_type=\"text-editor.default\">\n\t\t\t\t<div class=\"elementor-widget-container\">\n\t\t\t\t\t\t\t\t\t<p>W TLCd\u00e9nia uwa\u017camy, \u017ce nauka powinna by\u0107 przyjemnym do\u015bwiadczeniem. Nasz program dla grup szkolnych ma na celu po\u0142\u0105czenie obcowania z j\u0119zykiem hiszpa\u0144skim z rozrywk\u0105, zapewniaj\u0105c uczniom wyj\u0105tkow\u0105 okazj\u0119 do nauki podczas zabawy.<\/p>\t\t\t\t\t\t\t\t<\/div>\n\t\t\t\t<\/div>\n\t\t\t\t\t<\/div>\n\t\t\t\t<\/div>\n\t\t<div class=\"elementor-element elementor-element-ec67482 e-flex e-con-boxed e-con e-parent\" data-id=\"ec67482\" data-element_type=\"container\" data-e-type=\"container\">\n\t\t\t\t\t<div class=\"e-con-inner\">\n\t\t\t\t<div class=\"elementor-element elementor-element-94fbe71 elementor-widget elementor-widget-image\" data-id=\"94fbe71\" data-element_type=\"widget\" data-e-type=\"widget\" data-widget_type=\"image.default\">\n\t\t\t\t<div class=\"elementor-widget-container\">\n\t\t\t\t\t\t\t\t\t\t\t\t\t\t\t<img decoding=\"async\" width=\"900\" height=\"600\" src=\"https:\/\/tlcdenia.com\/wp-content\/uploads\/2024\/02\/grup-szkolnych-aqualandia-4.jpg\" class=\"attachment-full size-full wp-image-81525\" alt=\"Uczniowie grupy szkolnej zje\u017cd\u017caj\u0105cy na zje\u017cd\u017calni w Aqualandia\" srcset=\"https:\/\/tlcdenia.com\/wp-content\/uploads\/2024\/02\/grup-szkolnych-aqualandia-4.jpg 900w, https:\/\/tlcdenia.com\/wp-content\/uploads\/2024\/02\/grup-szkolnych-aqualandia-4-300x200.jpg 300w, https:\/\/tlcdenia.com\/wp-content\/uploads\/2024\/02\/grup-szkolnych-aqualandia-4-768x512.jpg 768w\" sizes=\"(max-width: 900px) 100vw, 900px\" \/>\t\t\t\t\t\t\t\t\t\t\t\t\t\t\t<\/div>\n\t\t\t\t<\/div>\n\t\t\t\t\t<\/div>\n\t\t\t\t<\/div>\n\t\t<div class=\"elementor-element elementor-element-fe6660d e-flex e-con-boxed e-con e-parent\" data-id=\"fe6660d\" data-element_type=\"container\" data-e-type=\"container\">\n\t\t\t\t\t<div class=\"e-con-inner\">\n\t\t\t\t<div class=\"elementor-element elementor-element-02a3d67 elementor-widget elementor-widget-text-editor\" data-id=\"02a3d67\" data-element_type=\"widget\" data-e-type=\"widget\" data-widget_type=\"text-editor.default\">\n\t\t\t\t<div class=\"elementor-widget-container\">\n\t\t\t\t\t\t\t\t\t<p>Opr\u00f3cz kursu j\u0119zyka hiszpa\u0144skiego uczniowie mog\u0105 r\u00f3wnie\u017c wybra\u0107 si\u0119 na <strong>wycieczk\u0119<\/strong> do niesamowitego <strong>parku wodnego Aqualandia<\/strong> znajduj\u0105cego si\u0119 w <strong>Benidorm<\/strong>.<\/p><p>Aqualandia s\u0142ynie<strong> z ekscytuj\u0105cych, szybkich zje\u017cd\u017calni wodnych<\/strong> z wieloma poziomami. Znajduj\u0105 si\u0119 tu r\u00f3wnie\u017c baseny z falami i interaktywne wodne place zabaw.<\/p>\t\t\t\t\t\t\t\t<\/div>\n\t\t\t\t<\/div>\n\t\t\t\t\t<\/div>\n\t\t\t\t<\/div>\n\t\t<div class=\"elementor-element elementor-element-8f23977 e-flex e-con-boxed e-con e-parent\" data-id=\"8f23977\" data-element_type=\"container\" data-e-type=\"container\">\n\t\t\t\t\t<div class=\"e-con-inner\">\n\t\t\t\t<div class=\"elementor-element elementor-element-bebfb30 elementor-widget elementor-widget-image\" data-id=\"bebfb30\" data-element_type=\"widget\" data-e-type=\"widget\" data-widget_type=\"image.default\">\n\t\t\t\t<div class=\"elementor-widget-container\">\n\t\t\t\t\t\t\t\t\t\t\t\t\t\t\t<img decoding=\"async\" width=\"900\" height=\"600\" src=\"https:\/\/tlcdenia.com\/wp-content\/uploads\/2024\/02\/grup-szkolnych-aqualandia-7.jpg\" class=\"attachment-full size-full wp-image-81549\" alt=\"Aqualandia w Hiszpanii\" srcset=\"https:\/\/tlcdenia.com\/wp-content\/uploads\/2024\/02\/grup-szkolnych-aqualandia-7.jpg 900w, https:\/\/tlcdenia.com\/wp-content\/uploads\/2024\/02\/grup-szkolnych-aqualandia-7-300x200.jpg 300w, https:\/\/tlcdenia.com\/wp-content\/uploads\/2024\/02\/grup-szkolnych-aqualandia-7-768x512.jpg 768w\" sizes=\"(max-width: 900px) 100vw, 900px\" \/>\t\t\t\t\t\t\t\t\t\t\t\t\t\t\t<\/div>\n\t\t\t\t<\/div>\n\t\t\t\t\t<\/div>\n\t\t\t\t<\/div>\n\t\t<div class=\"elementor-element elementor-element-d45adb7 e-flex e-con-boxed e-con e-parent\" data-id=\"d45adb7\" data-element_type=\"container\" data-e-type=\"container\">\n\t\t\t\t\t<div class=\"e-con-inner\">\n\t\t\t\t<div class=\"elementor-element elementor-element-52f542d elementor-widget elementor-widget-text-editor\" data-id=\"52f542d\" data-element_type=\"widget\" data-e-type=\"widget\" data-widget_type=\"text-editor.default\">\n\t\t\t\t<div class=\"elementor-widget-container\">\n\t\t\t\t\t\t\t\t\t<p>Znajduj\u0105ce si\u0119 tu atrakcje zapewni\u0105 dop\u0142yw adrenaliny dla uczni\u00f3w poszukuj\u0105cych przyg\u00f3d. Dla os\u00f3b, kt\u00f3re wol\u0105 si\u0119 zrelaksowa\u0107, <strong>dost\u0119pne s\u0105 tzw \u201ewolne rzeki\u201d lub baseny ze spa.<\/strong> S\u0105 te\u017c tu miejsca, w kt\u00f3rych mo\u017cna si\u0119 zrelaksowa\u0107 i zrobi\u0107 sobie piknik oraz strefa z kawiarniami oraz restauracjami.<\/p><p>W Aqualandii organizowane s\u0105 <strong>wydarzenia tematyczne, <\/strong>przyj\u0119cia oraz pokazy wodne. Podczas tej wycieczki dla grup szkolnych sp\u0119dzimy ca\u0142y dzie\u0144 w parku wodnym, w kt\u00f3rym uczniowie mog\u0105 si\u0119 \u015bwietnie bawi\u0107 ze swoimi kolegami i opiekunami z naszej szko\u0142y. To dzie\u0144 pe\u0142en zabawy, emocji i \u015bmiechu!<\/p><p>W ramach wycieczki mo\u017cna opcjonalnie odwiedzi\u0107 <strong>Muzeum Almudaina<\/strong>, z wystawami, kt\u00f3re opowiadaj\u0105 histori\u0119 X\u00e1tivy od czas\u00f3w rzymskich po dzie\u0144 dzisiejszy. B\u0119dzie to ciekawe do\u015bwiadczenie, pozwalaj\u0105ce poszerzy\u0107 wiedz\u0119 o regionie.<\/p><p>X\u00e1tiva jest idealnym miejscem, w kt\u00f3rym mo\u017cna po\u0142\u0105czy\u0107 nauk\u0119 j\u0119zyka hiszpa\u0144skiego z wzbogacaj\u0105cym do\u015bwiadczeniem kulturowym.<\/p>\t\t\t\t\t\t\t\t<\/div>\n\t\t\t\t<\/div>\n\t\t\t\t\t<\/div>\n\t\t\t\t<\/div>\n\t\t\t\t<section class=\"elementor-section elementor-top-section elementor-element elementor-element-6e347c3 elementor-section-boxed elementor-section-height-default elementor-section-height-default\" data-id=\"6e347c3\" data-element_type=\"section\" data-e-type=\"section\" data-settings=\"{&quot;background_background&quot;:&quot;classic&quot;}\">\n\t\t\t\t\t\t<div class=\"elementor-container elementor-column-gap-default\">\n\t\t\t\t\t<div class=\"elementor-column elementor-col-100 elementor-top-column elementor-element elementor-element-8baa738\" data-id=\"8baa738\" data-element_type=\"column\" data-e-type=\"column\">\n\t\t\t<div class=\"elementor-widget-wrap elementor-element-populated\">\n\t\t\t\t\t\t<div class=\"elementor-element elementor-element-09c50bd elementor-widget elementor-widget-heading\" data-id=\"09c50bd\" data-element_type=\"widget\" data-e-type=\"widget\" data-widget_type=\"heading.default\">\n\t\t\t\t<div class=\"elementor-widget-container\">\n\t\t\t\t\t<h3 class=\"elementor-heading-title elementor-size-default\">WYCIECZKA DO AQUALANDIA W BENIDORM<\/h3>\t\t\t\t<\/div>\n\t\t\t\t<\/div>\n\t\t\t\t\t<\/div>\n\t\t<\/div>\n\t\t\t\t\t<\/div>\n\t\t<\/section>\n\t\t\t\t<section class=\"elementor-section elementor-top-section elementor-element elementor-element-51c28e9 elementor-section-boxed elementor-section-height-default elementor-section-height-default\" data-id=\"51c28e9\" data-element_type=\"section\" data-e-type=\"section\">\n\t\t\t\t\t\t<div class=\"elementor-container elementor-column-gap-default\">\n\t\t\t\t\t<div class=\"elementor-column elementor-col-100 elementor-top-column elementor-element elementor-element-f8d240a\" data-id=\"f8d240a\" data-element_type=\"column\" data-e-type=\"column\">\n\t\t\t<div class=\"elementor-widget-wrap elementor-element-populated\">\n\t\t\t\t\t\t<div class=\"elementor-element elementor-element-60f2e79 elementor-widget elementor-widget-image-gallery\" data-id=\"60f2e79\" data-element_type=\"widget\" data-e-type=\"widget\" data-widget_type=\"image-gallery.default\">\n\t\t\t\t<div class=\"elementor-widget-container\">\n\t\t\t\t\t\t\t<div class=\"elementor-image-gallery\">\n\t\t\t<div id='gallery-1' class='gallery galleryid-81506 gallery-columns-4 gallery-size-thumbnail'><figure class='gallery-item'>\n\t\t\t<div class='gallery-icon landscape'>\n\t\t\t\t<a data-elementor-open-lightbox=\"yes\" data-elementor-lightbox-slideshow=\"60f2e79\" data-elementor-lightbox-title=\"grup-szkolnych-aqualandia-1\" data-e-action-hash=\"#elementor-action%3Aaction%3Dlightbox%26settings%3DeyJpZCI6ODE1NzMsInVybCI6Imh0dHBzOlwvXC90bGNkZW5pYS5jb21cL3dwLWNvbnRlbnRcL3VwbG9hZHNcLzIwMjRcLzAyXC9ncnVwLXN6a29sbnljaC1hcXVhbGFuZGlhLTEuanBnIiwic2xpZGVzaG93IjoiNjBmMmU3OSJ9\" href='https:\/\/tlcdenia.com\/wp-content\/uploads\/2024\/02\/grup-szkolnych-aqualandia-1.jpg'><img loading=\"lazy\" decoding=\"async\" width=\"150\" height=\"150\" src=\"https:\/\/tlcdenia.com\/wp-content\/uploads\/2024\/02\/grup-szkolnych-aqualandia-1-150x150.jpg\" class=\"attachment-thumbnail size-thumbnail\" alt=\"Grupa szkolna w Hiszpanii, w Aqualandia\" \/><\/a>\n\t\t\t<\/div><\/figure><figure class='gallery-item'>\n\t\t\t<div class='gallery-icon landscape'>\n\t\t\t\t<a data-elementor-open-lightbox=\"yes\" data-elementor-lightbox-slideshow=\"60f2e79\" data-elementor-lightbox-title=\"grup-szkolnych-aqualandia-8\" data-e-action-hash=\"#elementor-action%3Aaction%3Dlightbox%26settings%3DeyJpZCI6ODE1NTcsInVybCI6Imh0dHBzOlwvXC90bGNkZW5pYS5jb21cL3dwLWNvbnRlbnRcL3VwbG9hZHNcLzIwMjRcLzAyXC9ncnVwLXN6a29sbnljaC1hcXVhbGFuZGlhLTguanBnIiwic2xpZGVzaG93IjoiNjBmMmU3OSJ9\" href='https:\/\/tlcdenia.com\/wp-content\/uploads\/2024\/02\/grup-szkolnych-aqualandia-8.jpg'><img loading=\"lazy\" decoding=\"async\" width=\"150\" height=\"150\" src=\"https:\/\/tlcdenia.com\/wp-content\/uploads\/2024\/02\/grup-szkolnych-aqualandia-8-150x150.jpg\" class=\"attachment-thumbnail size-thumbnail\" alt=\"Aqualandia w Hiszpanii\" \/><\/a>\n\t\t\t<\/div><\/figure><figure class='gallery-item'>\n\t\t\t<div class='gallery-icon landscape'>\n\t\t\t\t<a data-elementor-open-lightbox=\"yes\" data-elementor-lightbox-slideshow=\"60f2e79\" data-elementor-lightbox-title=\"grup-szkolnych-aqualandia-7\" data-e-action-hash=\"#elementor-action%3Aaction%3Dlightbox%26settings%3DeyJpZCI6ODE1NDksInVybCI6Imh0dHBzOlwvXC90bGNkZW5pYS5jb21cL3dwLWNvbnRlbnRcL3VwbG9hZHNcLzIwMjRcLzAyXC9ncnVwLXN6a29sbnljaC1hcXVhbGFuZGlhLTcuanBnIiwic2xpZGVzaG93IjoiNjBmMmU3OSJ9\" href='https:\/\/tlcdenia.com\/wp-content\/uploads\/2024\/02\/grup-szkolnych-aqualandia-7.jpg'><img loading=\"lazy\" decoding=\"async\" width=\"150\" height=\"150\" src=\"https:\/\/tlcdenia.com\/wp-content\/uploads\/2024\/02\/grup-szkolnych-aqualandia-7-150x150.jpg\" class=\"attachment-thumbnail size-thumbnail\" alt=\"Aqualandia w Hiszpanii\" \/><\/a>\n\t\t\t<\/div><\/figure><figure class='gallery-item'>\n\t\t\t<div class='gallery-icon landscape'>\n\t\t\t\t<a data-elementor-open-lightbox=\"yes\" data-elementor-lightbox-slideshow=\"60f2e79\" data-elementor-lightbox-title=\"grup-szkolnych-aqualandia-6\" data-e-action-hash=\"#elementor-action%3Aaction%3Dlightbox%26settings%3DeyJpZCI6ODE1NDEsInVybCI6Imh0dHBzOlwvXC90bGNkZW5pYS5jb21cL3dwLWNvbnRlbnRcL3VwbG9hZHNcLzIwMjRcLzAyXC9ncnVwLXN6a29sbnljaC1hcXVhbGFuZGlhLTYuanBnIiwic2xpZGVzaG93IjoiNjBmMmU3OSJ9\" href='https:\/\/tlcdenia.com\/wp-content\/uploads\/2024\/02\/grup-szkolnych-aqualandia-6.jpg'><img loading=\"lazy\" decoding=\"async\" width=\"150\" height=\"150\" src=\"https:\/\/tlcdenia.com\/wp-content\/uploads\/2024\/02\/grup-szkolnych-aqualandia-6-150x150.jpg\" class=\"attachment-thumbnail size-thumbnail\" alt=\"Aqualandia w Hiszpanii\" srcset=\"https:\/\/tlcdenia.com\/wp-content\/uploads\/2024\/02\/grup-szkolnych-aqualandia-6-150x150.jpg 150w, https:\/\/tlcdenia.com\/wp-content\/uploads\/2024\/02\/grup-szkolnych-aqualandia-6-600x600.jpg 600w\" sizes=\"(max-width: 150px) 100vw, 150px\" \/><\/a>\n\t\t\t<\/div><\/figure><figure class='gallery-item'>\n\t\t\t<div class='gallery-icon landscape'>\n\t\t\t\t<a data-elementor-open-lightbox=\"yes\" data-elementor-lightbox-slideshow=\"60f2e79\" data-elementor-lightbox-title=\"grup-szkolnych-aqualandia-5\" data-e-action-hash=\"#elementor-action%3Aaction%3Dlightbox%26settings%3DeyJpZCI6ODE1MzMsInVybCI6Imh0dHBzOlwvXC90bGNkZW5pYS5jb21cL3dwLWNvbnRlbnRcL3VwbG9hZHNcLzIwMjRcLzAyXC9ncnVwLXN6a29sbnljaC1hcXVhbGFuZGlhLTUuanBnIiwic2xpZGVzaG93IjoiNjBmMmU3OSJ9\" href='https:\/\/tlcdenia.com\/wp-content\/uploads\/2024\/02\/grup-szkolnych-aqualandia-5.jpg'><img loading=\"lazy\" decoding=\"async\" width=\"150\" height=\"150\" src=\"https:\/\/tlcdenia.com\/wp-content\/uploads\/2024\/02\/grup-szkolnych-aqualandia-5-150x150.jpg\" class=\"attachment-thumbnail size-thumbnail\" alt=\"Uczniowie grupy szkolnej zje\u017cd\u017caj\u0105cy na zje\u017cd\u017calni w Aqualandia\" \/><\/a>\n\t\t\t<\/div><\/figure><figure class='gallery-item'>\n\t\t\t<div class='gallery-icon landscape'>\n\t\t\t\t<a data-elementor-open-lightbox=\"yes\" data-elementor-lightbox-slideshow=\"60f2e79\" data-elementor-lightbox-title=\"grup-szkolnych-aqualandia-4\" data-e-action-hash=\"#elementor-action%3Aaction%3Dlightbox%26settings%3DeyJpZCI6ODE1MjUsInVybCI6Imh0dHBzOlwvXC90bGNkZW5pYS5jb21cL3dwLWNvbnRlbnRcL3VwbG9hZHNcLzIwMjRcLzAyXC9ncnVwLXN6a29sbnljaC1hcXVhbGFuZGlhLTQuanBnIiwic2xpZGVzaG93IjoiNjBmMmU3OSJ9\" href='https:\/\/tlcdenia.com\/wp-content\/uploads\/2024\/02\/grup-szkolnych-aqualandia-4.jpg'><img loading=\"lazy\" decoding=\"async\" width=\"150\" height=\"150\" src=\"https:\/\/tlcdenia.com\/wp-content\/uploads\/2024\/02\/grup-szkolnych-aqualandia-4-150x150.jpg\" class=\"attachment-thumbnail size-thumbnail\" alt=\"Uczniowie grupy szkolnej zje\u017cd\u017caj\u0105cy na zje\u017cd\u017calni w Aqualandia\" \/><\/a>\n\t\t\t<\/div><\/figure><figure class='gallery-item'>\n\t\t\t<div class='gallery-icon landscape'>\n\t\t\t\t<a data-elementor-open-lightbox=\"yes\" data-elementor-lightbox-slideshow=\"60f2e79\" data-elementor-lightbox-title=\"grup-szkolnych-aqualandia-3\" data-e-action-hash=\"#elementor-action%3Aaction%3Dlightbox%26settings%3DeyJpZCI6ODE1MTcsInVybCI6Imh0dHBzOlwvXC90bGNkZW5pYS5jb21cL3dwLWNvbnRlbnRcL3VwbG9hZHNcLzIwMjRcLzAyXC9ncnVwLXN6a29sbnljaC1hcXVhbGFuZGlhLTMuanBnIiwic2xpZGVzaG93IjoiNjBmMmU3OSJ9\" href='https:\/\/tlcdenia.com\/wp-content\/uploads\/2024\/02\/grup-szkolnych-aqualandia-3.jpg'><img loading=\"lazy\" decoding=\"async\" width=\"150\" height=\"150\" src=\"https:\/\/tlcdenia.com\/wp-content\/uploads\/2024\/02\/grup-szkolnych-aqualandia-3-150x150.jpg\" class=\"attachment-thumbnail size-thumbnail\" alt=\"Aqualandia w Hiszpanii\" \/><\/a>\n\t\t\t<\/div><\/figure><figure class='gallery-item'>\n\t\t\t<div class='gallery-icon landscape'>\n\t\t\t\t<a data-elementor-open-lightbox=\"yes\" data-elementor-lightbox-slideshow=\"60f2e79\" data-elementor-lightbox-title=\"grup-szkolnych-aqualandia-2\" data-e-action-hash=\"#elementor-action%3Aaction%3Dlightbox%26settings%3DeyJpZCI6ODE1MDksInVybCI6Imh0dHBzOlwvXC90bGNkZW5pYS5jb21cL3dwLWNvbnRlbnRcL3VwbG9hZHNcLzIwMjRcLzAyXC9ncnVwLXN6a29sbnljaC1hcXVhbGFuZGlhLTIuanBnIiwic2xpZGVzaG93IjoiNjBmMmU3OSJ9\" href='https:\/\/tlcdenia.com\/wp-content\/uploads\/2024\/02\/grup-szkolnych-aqualandia-2.jpg'><img loading=\"lazy\" decoding=\"async\" width=\"150\" height=\"150\" src=\"https:\/\/tlcdenia.com\/wp-content\/uploads\/2024\/02\/grup-szkolnych-aqualandia-2-150x150.jpg\" class=\"attachment-thumbnail size-thumbnail\" alt=\"Aqualandia w Hiszpanii\" \/><\/a>\n\t\t\t<\/div><\/figure>\n\t\t<\/div>\n\t\t<\/div>\n\t\t\t\t\t\t<\/div>\n\t\t\t\t<\/div>\n\t\t\t\t\t<\/div>\n\t\t<\/div>\n\t\t\t\t\t<\/div>\n\t\t<\/section>\n\t\t\t\t<\/div>\n\t\t","protected":false},"excerpt":{"rendered":"<p>W TLCd\u00e9nia uwa\u017camy, \u017ce nauka powinna by\u0107 przyjemnym do\u015bwiadczeniem. Nasz program dla grup szkolnych ma na celu po\u0142\u0105czenie obcowania z j\u0119zykiem hiszpa\u0144skim z rozrywk\u0105, zapewniaj\u0105c uczniom wyj\u0105tkow\u0105 okazj\u0119 do nauki podczas zabawy. Opr\u00f3cz kursu j\u0119zyka hiszpa\u0144skiego uczniowie mog\u0105 r\u00f3wnie\u017c wybra\u0107 &hellip; <\/p>\n","protected":false},"author":4,"featured_media":81541,"parent":0,"menu_order":0,"comment_status":"closed","ping_status":"closed","template":"page-templates\/page-spanishcourses.php","meta":{"_acf_changed":false,"footnotes":""},"class_list":["post-81506","page","type-page","status-publish","has-post-thumbnail","hentry"],"acf":[],"yoast_head":"<!-- This site is optimized with the Yoast SEO plugin v26.9 - https:\/\/yoast.com\/product\/yoast-seo-wordpress\/ -->\n<title>Hiszpa\u0144ski dla grup szkolnych w Hiszpanii: Wycieczka do Aqualandii<\/title>\n<meta name=\"description\" content=\"Hiszpa\u0144ski program dla grup szkolnych w Hiszpanii obejmuje mo\u017cliwo\u015b\u0107 wyjazdu do parku wodnego Aqualandia w Benidormie.\" \/>\n<meta name=\"robots\" content=\"index, follow, max-snippet:-1, max-image-preview:large, max-video-preview:-1\" \/>\n<link rel=\"canonical\" href=\"https:\/\/tlcdenia.com\/pl\/wycieczka-aqualandia-grup-szkolnych\/\" \/>\n<meta property=\"og:locale\" content=\"pl_PL\" \/>\n<meta property=\"og:type\" content=\"article\" \/>\n<meta property=\"og:title\" content=\"Hiszpa\u0144ski dla grup szkolnych w Hiszpanii: Wycieczka do Aqualandii\" \/>\n<meta property=\"og:description\" content=\"Hiszpa\u0144ski program dla grup szkolnych w Hiszpanii obejmuje mo\u017cliwo\u015b\u0107 wyjazdu do parku wodnego Aqualandia w Benidormie.\" \/>\n<meta property=\"og:url\" content=\"https:\/\/tlcdenia.com\/pl\/wycieczka-aqualandia-grup-szkolnych\/\" \/>\n<meta property=\"og:site_name\" content=\"Szko\u0142a TLCd\u00e9nia \u2013 oficjalna strona internetowa\" \/>\n<meta property=\"article:modified_time\" content=\"2024-02-01T12:14:30+00:00\" \/>\n<meta property=\"og:image\" content=\"https:\/\/tlcdenia.com\/wp-content\/uploads\/2024\/02\/grup-szkolnych-aqualandia-6.jpg\" \/>\n\t<meta property=\"og:image:width\" content=\"900\" \/>\n\t<meta property=\"og:image:height\" content=\"600\" \/>\n\t<meta property=\"og:image:type\" content=\"image\/jpeg\" \/>\n<meta name=\"twitter:card\" content=\"summary_large_image\" \/>\n<meta name=\"twitter:label1\" content=\"Szacowany czas czytania\" \/>\n\t<meta name=\"twitter:data1\" content=\"4 minuty\" \/>\n<script type=\"application\/ld+json\" class=\"yoast-schema-graph\">{\"@context\":\"https:\/\/schema.org\",\"@graph\":[{\"@type\":\"WebPage\",\"@id\":\"https:\/\/tlcdenia.com\/pl\/wycieczka-aqualandia-grup-szkolnych\/\",\"url\":\"https:\/\/tlcdenia.com\/pl\/wycieczka-aqualandia-grup-szkolnych\/\",\"name\":\"Hiszpa\u0144ski dla grup szkolnych w Hiszpanii: Wycieczka do Aqualandii\",\"isPartOf\":{\"@id\":\"https:\/\/tlcdenia.com\/pl\/#website\"},\"primaryImageOfPage\":{\"@id\":\"https:\/\/tlcdenia.com\/pl\/wycieczka-aqualandia-grup-szkolnych\/#primaryimage\"},\"image\":{\"@id\":\"https:\/\/tlcdenia.com\/pl\/wycieczka-aqualandia-grup-szkolnych\/#primaryimage\"},\"thumbnailUrl\":\"https:\/\/tlcdenia.com\/wp-content\/uploads\/2024\/02\/grup-szkolnych-aqualandia-6.jpg\",\"datePublished\":\"2024-02-01T12:09:14+00:00\",\"dateModified\":\"2024-02-01T12:14:30+00:00\",\"description\":\"Hiszpa\u0144ski program dla grup szkolnych w Hiszpanii obejmuje mo\u017cliwo\u015b\u0107 wyjazdu do parku wodnego Aqualandia w Benidormie.\",\"breadcrumb\":{\"@id\":\"https:\/\/tlcdenia.com\/pl\/wycieczka-aqualandia-grup-szkolnych\/#breadcrumb\"},\"inLanguage\":\"pl-PL\",\"potentialAction\":[{\"@type\":\"ReadAction\",\"target\":[\"https:\/\/tlcdenia.com\/pl\/wycieczka-aqualandia-grup-szkolnych\/\"]}]},{\"@type\":\"ImageObject\",\"inLanguage\":\"pl-PL\",\"@id\":\"https:\/\/tlcdenia.com\/pl\/wycieczka-aqualandia-grup-szkolnych\/#primaryimage\",\"url\":\"https:\/\/tlcdenia.com\/wp-content\/uploads\/2024\/02\/grup-szkolnych-aqualandia-6.jpg\",\"contentUrl\":\"https:\/\/tlcdenia.com\/wp-content\/uploads\/2024\/02\/grup-szkolnych-aqualandia-6.jpg\",\"width\":900,\"height\":600,\"caption\":\"Aqualandia w Hiszpanii\"},{\"@type\":\"BreadcrumbList\",\"@id\":\"https:\/\/tlcdenia.com\/pl\/wycieczka-aqualandia-grup-szkolnych\/#breadcrumb\",\"itemListElement\":[{\"@type\":\"ListItem\",\"position\":1,\"name\":\"Home\",\"item\":\"https:\/\/tlcdenia.com\/pl\/\"},{\"@type\":\"ListItem\",\"position\":2,\"name\":\"Wycieczka do Aqualandia dla grup szkolnych\"}]},{\"@type\":\"WebSite\",\"@id\":\"https:\/\/tlcdenia.com\/pl\/#website\",\"url\":\"https:\/\/tlcdenia.com\/pl\/\",\"name\":\"Szko\u0142a TLCd\u00e9nia \u2013 oficjalna strona internetowa\",\"description\":\"Languages Center\",\"potentialAction\":[{\"@type\":\"SearchAction\",\"target\":{\"@type\":\"EntryPoint\",\"urlTemplate\":\"https:\/\/tlcdenia.com\/pl\/?s={search_term_string}\"},\"query-input\":{\"@type\":\"PropertyValueSpecification\",\"valueRequired\":true,\"valueName\":\"search_term_string\"}}],\"inLanguage\":\"pl-PL\"}]}<\/script>\n<!-- \/ Yoast SEO plugin. -->","yoast_head_json":{"title":"Hiszpa\u0144ski dla grup szkolnych w Hiszpanii: Wycieczka do Aqualandii","description":"Hiszpa\u0144ski program dla grup szkolnych w Hiszpanii obejmuje mo\u017cliwo\u015b\u0107 wyjazdu do parku wodnego Aqualandia w Benidormie.","robots":{"index":"index","follow":"follow","max-snippet":"max-snippet:-1","max-image-preview":"max-image-preview:large","max-video-preview":"max-video-preview:-1"},"canonical":"https:\/\/tlcdenia.com\/pl\/wycieczka-aqualandia-grup-szkolnych\/","og_locale":"pl_PL","og_type":"article","og_title":"Hiszpa\u0144ski dla grup szkolnych w Hiszpanii: Wycieczka do Aqualandii","og_description":"Hiszpa\u0144ski program dla grup szkolnych w Hiszpanii obejmuje mo\u017cliwo\u015b\u0107 wyjazdu do parku wodnego Aqualandia w Benidormie.","og_url":"https:\/\/tlcdenia.com\/pl\/wycieczka-aqualandia-grup-szkolnych\/","og_site_name":"Szko\u0142a TLCd\u00e9nia \u2013 oficjalna strona internetowa","article_modified_time":"2024-02-01T12:14:30+00:00","og_image":[{"width":900,"height":600,"url":"https:\/\/tlcdenia.com\/wp-content\/uploads\/2024\/02\/grup-szkolnych-aqualandia-6.jpg","type":"image\/jpeg"}],"twitter_card":"summary_large_image","twitter_misc":{"Szacowany czas czytania":"4 minuty"},"schema":{"@context":"https:\/\/schema.org","@graph":[{"@type":"WebPage","@id":"https:\/\/tlcdenia.com\/pl\/wycieczka-aqualandia-grup-szkolnych\/","url":"https:\/\/tlcdenia.com\/pl\/wycieczka-aqualandia-grup-szkolnych\/","name":"Hiszpa\u0144ski dla grup szkolnych w Hiszpanii: Wycieczka do Aqualandii","isPartOf":{"@id":"https:\/\/tlcdenia.com\/pl\/#website"},"primaryImageOfPage":{"@id":"https:\/\/tlcdenia.com\/pl\/wycieczka-aqualandia-grup-szkolnych\/#primaryimage"},"image":{"@id":"https:\/\/tlcdenia.com\/pl\/wycieczka-aqualandia-grup-szkolnych\/#primaryimage"},"thumbnailUrl":"https:\/\/tlcdenia.com\/wp-content\/uploads\/2024\/02\/grup-szkolnych-aqualandia-6.jpg","datePublished":"2024-02-01T12:09:14+00:00","dateModified":"2024-02-01T12:14:30+00:00","description":"Hiszpa\u0144ski program dla grup szkolnych w Hiszpanii obejmuje mo\u017cliwo\u015b\u0107 wyjazdu do parku wodnego Aqualandia w Benidormie.","breadcrumb":{"@id":"https:\/\/tlcdenia.com\/pl\/wycieczka-aqualandia-grup-szkolnych\/#breadcrumb"},"inLanguage":"pl-PL","potentialAction":[{"@type":"ReadAction","target":["https:\/\/tlcdenia.com\/pl\/wycieczka-aqualandia-grup-szkolnych\/"]}]},{"@type":"ImageObject","inLanguage":"pl-PL","@id":"https:\/\/tlcdenia.com\/pl\/wycieczka-aqualandia-grup-szkolnych\/#primaryimage","url":"https:\/\/tlcdenia.com\/wp-content\/uploads\/2024\/02\/grup-szkolnych-aqualandia-6.jpg","contentUrl":"https:\/\/tlcdenia.com\/wp-content\/uploads\/2024\/02\/grup-szkolnych-aqualandia-6.jpg","width":900,"height":600,"caption":"Aqualandia w Hiszpanii"},{"@type":"BreadcrumbList","@id":"https:\/\/tlcdenia.com\/pl\/wycieczka-aqualandia-grup-szkolnych\/#breadcrumb","itemListElement":[{"@type":"ListItem","position":1,"name":"Home","item":"https:\/\/tlcdenia.com\/pl\/"},{"@type":"ListItem","position":2,"name":"Wycieczka do Aqualandia dla grup szkolnych"}]},{"@type":"WebSite","@id":"https:\/\/tlcdenia.com\/pl\/#website","url":"https:\/\/tlcdenia.com\/pl\/","name":"Szko\u0142a TLCd\u00e9nia \u2013 oficjalna strona internetowa","description":"Languages Center","potentialAction":[{"@type":"SearchAction","target":{"@type":"EntryPoint","urlTemplate":"https:\/\/tlcdenia.com\/pl\/?s={search_term_string}"},"query-input":{"@type":"PropertyValueSpecification","valueRequired":true,"valueName":"search_term_string"}}],"inLanguage":"pl-PL"}]}},"_links":{"self":[{"href":"https:\/\/tlcdenia.com\/pl\/wp-json\/wp\/v2\/pages\/81506","targetHints":{"allow":["GET"]}}],"collection":[{"href":"https:\/\/tlcdenia.com\/pl\/wp-json\/wp\/v2\/pages"}],"about":[{"href":"https:\/\/tlcdenia.com\/pl\/wp-json\/wp\/v2\/types\/page"}],"author":[{"embeddable":true,"href":"https:\/\/tlcdenia.com\/pl\/wp-json\/wp\/v2\/users\/4"}],"replies":[{"embeddable":true,"href":"https:\/\/tlcdenia.com\/pl\/wp-json\/wp\/v2\/comments?post=81506"}],"version-history":[{"count":6,"href":"https:\/\/tlcdenia.com\/pl\/wp-json\/wp\/v2\/pages\/81506\/revisions"}],"predecessor-version":[{"id":81584,"href":"https:\/\/tlcdenia.com\/pl\/wp-json\/wp\/v2\/pages\/81506\/revisions\/81584"}],"wp:featuredmedia":[{"embeddable":true,"href":"https:\/\/tlcdenia.com\/pl\/wp-json\/wp\/v2\/media\/81541"}],"wp:attachment":[{"href":"https:\/\/tlcdenia.com\/pl\/wp-json\/wp\/v2\/media?parent=81506"}],"curies":[{"name":"wp","href":"https:\/\/api.w.org\/{rel}","templated":true}]}}