{"id":66159,"date":"2023-08-09T09:54:17","date_gmt":"2023-08-09T09:54:17","guid":{"rendered":"https:\/\/tlcdenia.xyz\/book-a-course\/"},"modified":"2023-12-20T09:23:31","modified_gmt":"2023-12-20T09:23:31","slug":"zarezerwuj-kurs","status":"publish","type":"page","link":"https:\/\/tlcdenia.com\/pl\/zarezerwuj-kurs\/","title":{"rendered":"Zarezerwuj kurs"},"content":{"rendered":"\t\t<div data-elementor-type=\"wp-page\" data-elementor-id=\"66159\" class=\"elementor elementor-66159 elementor-36768\" data-elementor-post-type=\"page\">\n\t\t\t\t\t\t<section class=\"elementor-section elementor-top-section elementor-element elementor-element-28f9688 elementor-section-boxed elementor-section-height-default elementor-section-height-default\" data-id=\"28f9688\" data-element_type=\"section\" data-e-type=\"section\">\n\t\t\t\t\t\t<div class=\"elementor-container elementor-column-gap-default\">\n\t\t\t\t\t<div class=\"elementor-column elementor-col-100 elementor-top-column elementor-element elementor-element-3569aad\" data-id=\"3569aad\" data-element_type=\"column\" data-e-type=\"column\">\n\t\t\t<div class=\"elementor-widget-wrap elementor-element-populated\">\n\t\t\t\t\t\t<div class=\"elementor-element elementor-element-c8c4eda elementor-widget elementor-widget-html\" data-id=\"c8c4eda\" data-element_type=\"widget\" data-e-type=\"widget\" data-widget_type=\"html.default\">\n\t\t\t\t<div class=\"elementor-widget-container\">\n\t\t\t\t\t<script type=\"text\/javascript\" src=\"https:\/\/form.jotform.com\/jsform\/220941364289360\"><\/script><span data-mce-type=\"bookmark\" style=\"display: inline-block; width: 0px; overflow: hidden; line-height: 0;\" class=\"mce_SELRES_start\">\ufeff<\/span><span data-mce-type=\"bookmark\" style=\"display: inline-block; width: 0px; overflow: hidden; line-height: 0;\" class=\"mce_SELRES_start\">\ufeff<\/span><\/script>\t\t\t\t<\/div>\n\t\t\t\t<\/div>\n\t\t\t\t<div class=\"elementor-element elementor-element-ab7812a elementor-widget elementor-widget-text-editor\" data-id=\"ab7812a\" data-element_type=\"widget\" data-e-type=\"widget\" data-widget_type=\"text-editor.default\">\n\t\t\t\t<div class=\"elementor-widget-container\">\n\t\t\t\t\t\t\t\t\t<p style=\"text-align: center;\"><span style=\"font-size: 10pt; font-family: helvetica, arial, sans-serif; color: #434343;\"><a href=\"https:\/\/form.jotform.com\/220941364289360\" target=\"_blank\" rel=\"noopener noreferrer\">Kliknij tutaj<\/a>, je\u015bli nie widzisz powy\u017cszego formularza rejestracyjnego.<\/span><\/p>\t\t\t\t\t\t\t\t<\/div>\n\t\t\t\t<\/div>\n\t\t\t\t<section class=\"elementor-section elementor-inner-section elementor-element elementor-element-40d93a4 elementor-section-boxed elementor-section-height-default elementor-section-height-default\" data-id=\"40d93a4\" data-element_type=\"section\" data-e-type=\"section\" data-settings=\"{&quot;background_background&quot;:&quot;classic&quot;}\">\n\t\t\t\t\t\t\t<div class=\"elementor-background-overlay\"><\/div>\n\t\t\t\t\t\t\t<div class=\"elementor-container elementor-column-gap-default\">\n\t\t\t\t\t<div class=\"elementor-column elementor-col-66 elementor-inner-column elementor-element elementor-element-66cf2f1\" data-id=\"66cf2f1\" data-element_type=\"column\" data-e-type=\"column\" data-settings=\"{&quot;background_background&quot;:&quot;classic&quot;}\">\n\t\t\t<div class=\"elementor-widget-wrap elementor-element-populated\">\n\t\t\t\t\t\t<div class=\"elementor-element elementor-element-663eb68 elementor-widget elementor-widget-heading\" data-id=\"663eb68\" data-element_type=\"widget\" data-e-type=\"widget\" data-widget_type=\"heading.default\">\n\t\t\t\t<div class=\"elementor-widget-container\">\n\t\t\t\t\t<h3 class=\"elementor-heading-title elementor-size-default\">Potrzebujesz wi\u0119cej informacji?<\/h3>\t\t\t\t<\/div>\n\t\t\t\t<\/div>\n\t\t\t\t\t<\/div>\n\t\t<\/div>\n\t\t\t\t<div class=\"elementor-column elementor-col-33 elementor-inner-column elementor-element elementor-element-9320f32\" data-id=\"9320f32\" data-element_type=\"column\" data-e-type=\"column\">\n\t\t\t<div class=\"elementor-widget-wrap elementor-element-populated\">\n\t\t\t\t\t\t<div class=\"elementor-element elementor-element-ccbab87 elementor-align-right elementor-widget elementor-widget-button\" data-id=\"ccbab87\" data-element_type=\"widget\" data-e-type=\"widget\" data-widget_type=\"button.default\">\n\t\t\t\t<div class=\"elementor-widget-container\">\n\t\t\t\t\t\t\t\t\t<div class=\"elementor-button-wrapper\">\n\t\t\t\t\t<a class=\"elementor-button elementor-button-link elementor-size-md\" href=\"https:\/\/tlcdenia.com\/pl\/kontakt\/\" target=\"_blank\">\n\t\t\t\t\t\t<span class=\"elementor-button-content-wrapper\">\n\t\t\t\t\t\t<span class=\"elementor-button-icon\">\n\t\t\t\t<svg aria-hidden=\"true\" class=\"e-font-icon-svg e-far-arrow-alt-circle-right\" viewBox=\"0 0 512 512\" xmlns=\"http:\/\/www.w3.org\/2000\/svg\"><path d=\"M504 256C504 119 393 8 256 8S8 119 8 256s111 248 248 248 248-111 248-248zm-448 0c0-110.5 89.5-200 200-200s200 89.5 200 200-89.5 200-200 200S56 366.5 56 256zm72 20v-40c0-6.6 5.4-12 12-12h116v-67c0-10.7 12.9-16 20.5-8.5l99 99c4.7 4.7 4.7 12.3 0 17l-99 99c-7.6 7.6-20.5 2.2-20.5-8.5v-67H140c-6.6 0-12-5.4-12-12z\"><\/path><\/svg>\t\t\t<\/span>\n\t\t\t\t\t\t\t\t\t<span class=\"elementor-button-text\">Skontaktuj si\u0119 z nami<\/span>\n\t\t\t\t\t<\/span>\n\t\t\t\t\t<\/a>\n\t\t\t\t<\/div>\n\t\t\t\t\t\t\t\t<\/div>\n\t\t\t\t<\/div>\n\t\t\t\t\t<\/div>\n\t\t<\/div>\n\t\t\t\t\t<\/div>\n\t\t<\/section>\n\t\t\t\t\t<\/div>\n\t\t<\/div>\n\t\t\t\t\t<\/div>\n\t\t<\/section>\n\t\t\t\t<\/div>\n\t\t","protected":false},"excerpt":{"rendered":"<p>&nbsp; Kliknij tutaj, je\u015bli nie widzisz powy\u017cszego formularza rejestracyjnego. Potrzebujesz wi\u0119cej informacji? &nbsp; Skontaktuj si\u0119 z nami<\/p>\n","protected":false},"author":3,"featured_media":0,"parent":0,"menu_order":0,"comment_status":"closed","ping_status":"closed","template":"","meta":{"_acf_changed":false,"footnotes":""},"class_list":["post-66159","page","type-page","status-publish","hentry"],"acf":[],"yoast_head":"<!-- This site is optimized with the Yoast SEO plugin v26.9 - https:\/\/yoast.com\/product\/yoast-seo-wordpress\/ -->\n<title>Zarezerwuj kurs hiszpa\u0144skiego w Hiszpanii tutaj | Szko\u0142a TLCd\u00e9nia<\/title>\n<meta name=\"description\" content=\"Zarezerwuj tutaj intensywny kurs hiszpa\u0144skiego. Ucz si\u0119 hiszpa\u0144skiego w Hiszpanii, w idealnej lokalizacji, w mie\u015bcie Denia na Costa Blanca.\" \/>\n<meta name=\"robots\" content=\"index, follow, max-snippet:-1, max-image-preview:large, max-video-preview:-1\" \/>\n<link rel=\"canonical\" href=\"https:\/\/tlcdenia.com\/pl\/zarezerwuj-kurs\/\" \/>\n<meta property=\"og:locale\" content=\"pl_PL\" \/>\n<meta property=\"og:type\" content=\"article\" \/>\n<meta property=\"og:title\" content=\"Zarezerwuj kurs hiszpa\u0144skiego w Hiszpanii tutaj | Szko\u0142a TLCd\u00e9nia\" \/>\n<meta property=\"og:description\" content=\"Zarezerwuj tutaj intensywny kurs hiszpa\u0144skiego. Ucz si\u0119 hiszpa\u0144skiego w Hiszpanii, w idealnej lokalizacji, w mie\u015bcie Denia na Costa Blanca.\" \/>\n<meta property=\"og:url\" content=\"https:\/\/tlcdenia.com\/pl\/zarezerwuj-kurs\/\" \/>\n<meta property=\"og:site_name\" content=\"Szko\u0142a TLCd\u00e9nia \u2013 oficjalna strona internetowa\" \/>\n<meta property=\"article:modified_time\" content=\"2023-12-20T09:23:31+00:00\" \/>\n<meta name=\"twitter:card\" content=\"summary_large_image\" \/>\n<meta name=\"twitter:label1\" content=\"Szacowany czas czytania\" \/>\n\t<meta name=\"twitter:data1\" content=\"1 minuta\" \/>\n<script type=\"application\/ld+json\" class=\"yoast-schema-graph\">{\"@context\":\"https:\/\/schema.org\",\"@graph\":[{\"@type\":\"WebPage\",\"@id\":\"https:\/\/tlcdenia.com\/pl\/zarezerwuj-kurs\/\",\"url\":\"https:\/\/tlcdenia.com\/pl\/zarezerwuj-kurs\/\",\"name\":\"Zarezerwuj kurs hiszpa\u0144skiego w Hiszpanii tutaj | Szko\u0142a TLCd\u00e9nia\",\"isPartOf\":{\"@id\":\"https:\/\/tlcdenia.com\/pl\/#website\"},\"datePublished\":\"2023-08-09T09:54:17+00:00\",\"dateModified\":\"2023-12-20T09:23:31+00:00\",\"description\":\"Zarezerwuj tutaj intensywny kurs hiszpa\u0144skiego. Ucz si\u0119 hiszpa\u0144skiego w Hiszpanii, w idealnej lokalizacji, w mie\u015bcie Denia na Costa Blanca.\",\"breadcrumb\":{\"@id\":\"https:\/\/tlcdenia.com\/pl\/zarezerwuj-kurs\/#breadcrumb\"},\"inLanguage\":\"pl-PL\",\"potentialAction\":[{\"@type\":\"ReadAction\",\"target\":[\"https:\/\/tlcdenia.com\/pl\/zarezerwuj-kurs\/\"]}]},{\"@type\":\"BreadcrumbList\",\"@id\":\"https:\/\/tlcdenia.com\/pl\/zarezerwuj-kurs\/#breadcrumb\",\"itemListElement\":[{\"@type\":\"ListItem\",\"position\":1,\"name\":\"Home\",\"item\":\"https:\/\/tlcdenia.com\/pl\/\"},{\"@type\":\"ListItem\",\"position\":2,\"name\":\"Zarezerwuj kurs\"}]},{\"@type\":\"WebSite\",\"@id\":\"https:\/\/tlcdenia.com\/pl\/#website\",\"url\":\"https:\/\/tlcdenia.com\/pl\/\",\"name\":\"Szko\u0142a TLCd\u00e9nia \u2013 oficjalna strona internetowa\",\"description\":\"Languages Center\",\"potentialAction\":[{\"@type\":\"SearchAction\",\"target\":{\"@type\":\"EntryPoint\",\"urlTemplate\":\"https:\/\/tlcdenia.com\/pl\/?s={search_term_string}\"},\"query-input\":{\"@type\":\"PropertyValueSpecification\",\"valueRequired\":true,\"valueName\":\"search_term_string\"}}],\"inLanguage\":\"pl-PL\"}]}<\/script>\n<!-- \/ Yoast SEO plugin. -->","yoast_head_json":{"title":"Zarezerwuj kurs hiszpa\u0144skiego w Hiszpanii tutaj | Szko\u0142a TLCd\u00e9nia","description":"Zarezerwuj tutaj intensywny kurs hiszpa\u0144skiego. Ucz si\u0119 hiszpa\u0144skiego w Hiszpanii, w idealnej lokalizacji, w mie\u015bcie Denia na Costa Blanca.","robots":{"index":"index","follow":"follow","max-snippet":"max-snippet:-1","max-image-preview":"max-image-preview:large","max-video-preview":"max-video-preview:-1"},"canonical":"https:\/\/tlcdenia.com\/pl\/zarezerwuj-kurs\/","og_locale":"pl_PL","og_type":"article","og_title":"Zarezerwuj kurs hiszpa\u0144skiego w Hiszpanii tutaj | Szko\u0142a TLCd\u00e9nia","og_description":"Zarezerwuj tutaj intensywny kurs hiszpa\u0144skiego. Ucz si\u0119 hiszpa\u0144skiego w Hiszpanii, w idealnej lokalizacji, w mie\u015bcie Denia na Costa Blanca.","og_url":"https:\/\/tlcdenia.com\/pl\/zarezerwuj-kurs\/","og_site_name":"Szko\u0142a TLCd\u00e9nia \u2013 oficjalna strona internetowa","article_modified_time":"2023-12-20T09:23:31+00:00","twitter_card":"summary_large_image","twitter_misc":{"Szacowany czas czytania":"1 minuta"},"schema":{"@context":"https:\/\/schema.org","@graph":[{"@type":"WebPage","@id":"https:\/\/tlcdenia.com\/pl\/zarezerwuj-kurs\/","url":"https:\/\/tlcdenia.com\/pl\/zarezerwuj-kurs\/","name":"Zarezerwuj kurs hiszpa\u0144skiego w Hiszpanii tutaj | Szko\u0142a TLCd\u00e9nia","isPartOf":{"@id":"https:\/\/tlcdenia.com\/pl\/#website"},"datePublished":"2023-08-09T09:54:17+00:00","dateModified":"2023-12-20T09:23:31+00:00","description":"Zarezerwuj tutaj intensywny kurs hiszpa\u0144skiego. Ucz si\u0119 hiszpa\u0144skiego w Hiszpanii, w idealnej lokalizacji, w mie\u015bcie Denia na Costa Blanca.","breadcrumb":{"@id":"https:\/\/tlcdenia.com\/pl\/zarezerwuj-kurs\/#breadcrumb"},"inLanguage":"pl-PL","potentialAction":[{"@type":"ReadAction","target":["https:\/\/tlcdenia.com\/pl\/zarezerwuj-kurs\/"]}]},{"@type":"BreadcrumbList","@id":"https:\/\/tlcdenia.com\/pl\/zarezerwuj-kurs\/#breadcrumb","itemListElement":[{"@type":"ListItem","position":1,"name":"Home","item":"https:\/\/tlcdenia.com\/pl\/"},{"@type":"ListItem","position":2,"name":"Zarezerwuj kurs"}]},{"@type":"WebSite","@id":"https:\/\/tlcdenia.com\/pl\/#website","url":"https:\/\/tlcdenia.com\/pl\/","name":"Szko\u0142a TLCd\u00e9nia \u2013 oficjalna strona internetowa","description":"Languages Center","potentialAction":[{"@type":"SearchAction","target":{"@type":"EntryPoint","urlTemplate":"https:\/\/tlcdenia.com\/pl\/?s={search_term_string}"},"query-input":{"@type":"PropertyValueSpecification","valueRequired":true,"valueName":"search_term_string"}}],"inLanguage":"pl-PL"}]}},"_links":{"self":[{"href":"https:\/\/tlcdenia.com\/pl\/wp-json\/wp\/v2\/pages\/66159","targetHints":{"allow":["GET"]}}],"collection":[{"href":"https:\/\/tlcdenia.com\/pl\/wp-json\/wp\/v2\/pages"}],"about":[{"href":"https:\/\/tlcdenia.com\/pl\/wp-json\/wp\/v2\/types\/page"}],"author":[{"embeddable":true,"href":"https:\/\/tlcdenia.com\/pl\/wp-json\/wp\/v2\/users\/3"}],"replies":[{"embeddable":true,"href":"https:\/\/tlcdenia.com\/pl\/wp-json\/wp\/v2\/comments?post=66159"}],"version-history":[{"count":34,"href":"https:\/\/tlcdenia.com\/pl\/wp-json\/wp\/v2\/pages\/66159\/revisions"}],"predecessor-version":[{"id":72207,"href":"https:\/\/tlcdenia.com\/pl\/wp-json\/wp\/v2\/pages\/66159\/revisions\/72207"}],"wp:attachment":[{"href":"https:\/\/tlcdenia.com\/pl\/wp-json\/wp\/v2\/media?parent=66159"}],"curies":[{"name":"wp","href":"https:\/\/api.w.org\/{rel}","templated":true}]}}