{"id":103933,"date":"2025-07-09T15:32:47","date_gmt":"2025-07-09T15:32:47","guid":{"rendered":"https:\/\/tlcdenia.com\/rezerwacja-kurs-szkoleniowy-dla-nauczycieli-jezyka-hiszpanskiego\/"},"modified":"2025-08-01T11:09:26","modified_gmt":"2025-08-01T11:09:26","slug":"rezerwacja-szkolenia-nauczycieli-ele","status":"publish","type":"page","link":"https:\/\/tlcdenia.com\/pl\/rezerwacja-szkolenia-nauczycieli-ele\/","title":{"rendered":"Rezerwacja: kurs szkoleniowy dla nauczycieli j\u0119zyka hiszpa\u0144skiego"},"content":{"rendered":"\t\t<div data-elementor-type=\"wp-page\" data-elementor-id=\"103933\" class=\"elementor elementor-103933 elementor-103193\" data-elementor-post-type=\"page\">\n\t\t\t\t\t\t<section class=\"elementor-section elementor-top-section elementor-element elementor-element-3c21f560 elementor-section-boxed elementor-section-height-default elementor-section-height-default\" data-id=\"3c21f560\" data-element_type=\"section\" data-e-type=\"section\">\n\t\t\t\t\t\t<div class=\"elementor-container elementor-column-gap-default\">\n\t\t\t\t\t<div class=\"elementor-column elementor-col-100 elementor-top-column elementor-element elementor-element-529d880b\" data-id=\"529d880b\" data-element_type=\"column\" data-e-type=\"column\">\n\t\t\t<div class=\"elementor-widget-wrap elementor-element-populated\">\n\t\t\t\t\t\t<div class=\"elementor-element elementor-element-189e3fa1 elementor-widget elementor-widget-html\" data-id=\"189e3fa1\" data-element_type=\"widget\" data-e-type=\"widget\" data-widget_type=\"html.default\">\n\t\t\t\t<div class=\"elementor-widget-container\">\n\t\t\t\t\t<script type=\"text\/javascript\" src=\"https:\/\/form.jotform.com\/jsform\/251942704827361\"><\/script>\t\t\t\t<\/div>\n\t\t\t\t<\/div>\n\t\t\t\t<div class=\"elementor-element elementor-element-736aad91 elementor-widget elementor-widget-text-editor\" data-id=\"736aad91\" data-element_type=\"widget\" data-e-type=\"widget\" data-widget_type=\"text-editor.default\">\n\t\t\t\t<div class=\"elementor-widget-container\">\n\t\t\t\t\t\t\t\t\t<p style=\"text-align: center;\"><span style=\"font-size: 10pt; font-family: helvetica, arial, sans-serif; color: #434343;\"><a href=\"https:\/\/form.jotform.com\/251824130695356\" target=\"_blank\" rel=\"noopener noreferrer\">Kliknij tutaj<\/a>, je\u015bli nie widzisz powy\u017cszego formularza rezerwacji.<\/span><\/p>\n\t\t\t\t\t\t\t\t<\/div>\n\t\t\t\t<\/div>\n\t\t\t\t<section class=\"elementor-section elementor-inner-section elementor-element elementor-element-7346fb36 elementor-section-boxed elementor-section-height-default elementor-section-height-default\" data-id=\"7346fb36\" data-element_type=\"section\" data-e-type=\"section\">\n\t\t\t\t\t\t<div class=\"elementor-container elementor-column-gap-default\">\n\t\t\t\t\t<div class=\"elementor-column elementor-col-66 elementor-inner-column elementor-element elementor-element-1100448e\" data-id=\"1100448e\" data-element_type=\"column\" data-e-type=\"column\">\n\t\t\t<div class=\"elementor-widget-wrap elementor-element-populated\">\n\t\t\t\t\t\t<div class=\"elementor-element elementor-element-52a0ede4 elementor-widget elementor-widget-heading\" data-id=\"52a0ede4\" data-element_type=\"widget\" data-e-type=\"widget\" data-widget_type=\"heading.default\">\n\t\t\t\t<div class=\"elementor-widget-container\">\n\t\t\t\t\t<h3 class=\"elementor-heading-title elementor-size-default\">Potrzebujesz wi\u0119cej informacji?<\/h3>\t\t\t\t<\/div>\n\t\t\t\t<\/div>\n\t\t\t\t\t<\/div>\n\t\t<\/div>\n\t\t\t\t<div class=\"elementor-column elementor-col-33 elementor-inner-column elementor-element elementor-element-25a15417\" data-id=\"25a15417\" data-element_type=\"column\" data-e-type=\"column\">\n\t\t\t<div class=\"elementor-widget-wrap elementor-element-populated\">\n\t\t\t\t\t\t<div class=\"elementor-element elementor-element-22762a52 elementor-align-center elementor-widget elementor-widget-button\" data-id=\"22762a52\" data-element_type=\"widget\" data-e-type=\"widget\" data-widget_type=\"button.default\">\n\t\t\t\t<div class=\"elementor-widget-container\">\n\t\t\t\t\t\t\t\t\t<div class=\"elementor-button-wrapper\">\n\t\t\t\t\t<a class=\"elementor-button elementor-button-link elementor-size-md\" href=\"https:\/\/tlcdenia.com\/es\/contacto\/\" target=\"_blank\" rel=\"nofollow\">\n\t\t\t\t\t\t<span class=\"elementor-button-content-wrapper\">\n\t\t\t\t\t\t<span class=\"elementor-button-icon\">\n\t\t\t\t<svg aria-hidden=\"true\" class=\"e-font-icon-svg e-far-arrow-alt-circle-right\" viewBox=\"0 0 512 512\" xmlns=\"http:\/\/www.w3.org\/2000\/svg\"><path d=\"M504 256C504 119 393 8 256 8S8 119 8 256s111 248 248 248 248-111 248-248zm-448 0c0-110.5 89.5-200 200-200s200 89.5 200 200-89.5 200-200 200S56 366.5 56 256zm72 20v-40c0-6.6 5.4-12 12-12h116v-67c0-10.7 12.9-16 20.5-8.5l99 99c4.7 4.7 4.7 12.3 0 17l-99 99c-7.6 7.6-20.5 2.2-20.5-8.5v-67H140c-6.6 0-12-5.4-12-12z\"><\/path><\/svg>\t\t\t<\/span>\n\t\t\t\t\t\t\t\t\t<span class=\"elementor-button-text\">Skontaktuj si\u0119 z nami<\/span>\n\t\t\t\t\t<\/span>\n\t\t\t\t\t<\/a>\n\t\t\t\t<\/div>\n\t\t\t\t\t\t\t\t<\/div>\n\t\t\t\t<\/div>\n\t\t\t\t\t<\/div>\n\t\t<\/div>\n\t\t\t\t\t<\/div>\n\t\t<\/section>\n\t\t\t\t\t<\/div>\n\t\t<\/div>\n\t\t\t\t\t<\/div>\n\t\t<\/section>\n\t\t\t\t<\/div>\n\t\t","protected":false},"excerpt":{"rendered":"<p>Kliknij tutaj, je\u015bli nie widzisz powy\u017cszego formularza rezerwacji. Potrzebujesz wi\u0119cej informacji? Skontaktuj si\u0119 z nami<\/p>\n","protected":false},"author":3,"featured_media":72169,"parent":0,"menu_order":0,"comment_status":"closed","ping_status":"closed","template":"","meta":{"_acf_changed":false,"footnotes":""},"class_list":["post-103933","page","type-page","status-publish","has-post-thumbnail","hentry"],"acf":[],"yoast_head":"<!-- This site is optimized with the Yoast SEO plugin v26.9 - https:\/\/yoast.com\/product\/yoast-seo-wordpress\/ -->\n<title>Formularz rejestracyjny: szkolenie dla nauczycieli j\u0119zyka hiszpa\u0144skiego<\/title>\n<meta name=\"description\" content=\"Zarezerwuj tutaj sw\u00f3j kurs szkoleniowy dla nauczycieli j\u0119zyka hiszpa\u0144skiego w Hiszpanii, w Denia. Szko\u0142a akredytowana przez Instituto Cervantes.\" \/>\n<meta name=\"robots\" content=\"index, follow, max-snippet:-1, max-image-preview:large, max-video-preview:-1\" \/>\n<link rel=\"canonical\" href=\"https:\/\/tlcdenia.com\/pl\/rezerwacja-szkolenia-nauczycieli-ele\/\" \/>\n<meta property=\"og:locale\" content=\"pl_PL\" \/>\n<meta property=\"og:type\" content=\"article\" \/>\n<meta property=\"og:title\" content=\"Formularz rejestracyjny: szkolenie dla nauczycieli j\u0119zyka hiszpa\u0144skiego\" \/>\n<meta property=\"og:description\" content=\"Zarezerwuj tutaj sw\u00f3j kurs szkoleniowy dla nauczycieli j\u0119zyka hiszpa\u0144skiego w Hiszpanii, w Denia. Szko\u0142a akredytowana przez Instituto Cervantes.\" \/>\n<meta property=\"og:url\" content=\"https:\/\/tlcdenia.com\/pl\/rezerwacja-szkolenia-nauczycieli-ele\/\" \/>\n<meta property=\"og:site_name\" content=\"Szko\u0142a TLCd\u00e9nia \u2013 oficjalna strona internetowa\" \/>\n<meta property=\"article:modified_time\" content=\"2025-08-01T11:09:26+00:00\" \/>\n<meta property=\"og:image\" content=\"https:\/\/tlcdenia.com\/wp-content\/uploads\/2023\/12\/naglowek-kursow-rezerwacji.jpg\" \/>\n\t<meta property=\"og:image:width\" content=\"1897\" \/>\n\t<meta property=\"og:image:height\" content=\"306\" \/>\n\t<meta property=\"og:image:type\" content=\"image\/jpeg\" \/>\n<meta name=\"twitter:card\" content=\"summary_large_image\" \/>\n<meta name=\"twitter:label1\" content=\"Szacowany czas czytania\" \/>\n\t<meta name=\"twitter:data1\" content=\"1 minuta\" \/>\n<script type=\"application\/ld+json\" class=\"yoast-schema-graph\">{\"@context\":\"https:\/\/schema.org\",\"@graph\":[{\"@type\":\"WebPage\",\"@id\":\"https:\/\/tlcdenia.com\/pl\/rezerwacja-szkolenia-nauczycieli-ele\/\",\"url\":\"https:\/\/tlcdenia.com\/pl\/rezerwacja-szkolenia-nauczycieli-ele\/\",\"name\":\"Formularz rejestracyjny: szkolenie dla nauczycieli j\u0119zyka hiszpa\u0144skiego\",\"isPartOf\":{\"@id\":\"https:\/\/tlcdenia.com\/pl\/#website\"},\"primaryImageOfPage\":{\"@id\":\"https:\/\/tlcdenia.com\/pl\/rezerwacja-szkolenia-nauczycieli-ele\/#primaryimage\"},\"image\":{\"@id\":\"https:\/\/tlcdenia.com\/pl\/rezerwacja-szkolenia-nauczycieli-ele\/#primaryimage\"},\"thumbnailUrl\":\"https:\/\/tlcdenia.com\/wp-content\/uploads\/2023\/12\/naglowek-kursow-rezerwacji.jpg\",\"datePublished\":\"2025-07-09T15:32:47+00:00\",\"dateModified\":\"2025-08-01T11:09:26+00:00\",\"description\":\"Zarezerwuj tutaj sw\u00f3j kurs szkoleniowy dla nauczycieli j\u0119zyka hiszpa\u0144skiego w Hiszpanii, w Denia. Szko\u0142a akredytowana przez Instituto Cervantes.\",\"breadcrumb\":{\"@id\":\"https:\/\/tlcdenia.com\/pl\/rezerwacja-szkolenia-nauczycieli-ele\/#breadcrumb\"},\"inLanguage\":\"pl-PL\",\"potentialAction\":[{\"@type\":\"ReadAction\",\"target\":[\"https:\/\/tlcdenia.com\/pl\/rezerwacja-szkolenia-nauczycieli-ele\/\"]}]},{\"@type\":\"ImageObject\",\"inLanguage\":\"pl-PL\",\"@id\":\"https:\/\/tlcdenia.com\/pl\/rezerwacja-szkolenia-nauczycieli-ele\/#primaryimage\",\"url\":\"https:\/\/tlcdenia.com\/wp-content\/uploads\/2023\/12\/naglowek-kursow-rezerwacji.jpg\",\"contentUrl\":\"https:\/\/tlcdenia.com\/wp-content\/uploads\/2023\/12\/naglowek-kursow-rezerwacji.jpg\",\"width\":1897,\"height\":306,\"caption\":\"Logo TLCd\u00e9nia, szko\u0142y j\u0119zyka hiszpa\u0144skiego w Hiszpanii\"},{\"@type\":\"BreadcrumbList\",\"@id\":\"https:\/\/tlcdenia.com\/pl\/rezerwacja-szkolenia-nauczycieli-ele\/#breadcrumb\",\"itemListElement\":[{\"@type\":\"ListItem\",\"position\":1,\"name\":\"Home\",\"item\":\"https:\/\/tlcdenia.com\/pl\/\"},{\"@type\":\"ListItem\",\"position\":2,\"name\":\"Rezerwacja: kurs szkoleniowy dla nauczycieli j\u0119zyka hiszpa\u0144skiego\"}]},{\"@type\":\"WebSite\",\"@id\":\"https:\/\/tlcdenia.com\/pl\/#website\",\"url\":\"https:\/\/tlcdenia.com\/pl\/\",\"name\":\"Szko\u0142a TLCd\u00e9nia \u2013 oficjalna strona internetowa\",\"description\":\"Languages Center\",\"potentialAction\":[{\"@type\":\"SearchAction\",\"target\":{\"@type\":\"EntryPoint\",\"urlTemplate\":\"https:\/\/tlcdenia.com\/pl\/?s={search_term_string}\"},\"query-input\":{\"@type\":\"PropertyValueSpecification\",\"valueRequired\":true,\"valueName\":\"search_term_string\"}}],\"inLanguage\":\"pl-PL\"}]}<\/script>\n<!-- \/ Yoast SEO plugin. -->","yoast_head_json":{"title":"Formularz rejestracyjny: szkolenie dla nauczycieli j\u0119zyka hiszpa\u0144skiego","description":"Zarezerwuj tutaj sw\u00f3j kurs szkoleniowy dla nauczycieli j\u0119zyka hiszpa\u0144skiego w Hiszpanii, w Denia. Szko\u0142a akredytowana przez Instituto Cervantes.","robots":{"index":"index","follow":"follow","max-snippet":"max-snippet:-1","max-image-preview":"max-image-preview:large","max-video-preview":"max-video-preview:-1"},"canonical":"https:\/\/tlcdenia.com\/pl\/rezerwacja-szkolenia-nauczycieli-ele\/","og_locale":"pl_PL","og_type":"article","og_title":"Formularz rejestracyjny: szkolenie dla nauczycieli j\u0119zyka hiszpa\u0144skiego","og_description":"Zarezerwuj tutaj sw\u00f3j kurs szkoleniowy dla nauczycieli j\u0119zyka hiszpa\u0144skiego w Hiszpanii, w Denia. Szko\u0142a akredytowana przez Instituto Cervantes.","og_url":"https:\/\/tlcdenia.com\/pl\/rezerwacja-szkolenia-nauczycieli-ele\/","og_site_name":"Szko\u0142a TLCd\u00e9nia \u2013 oficjalna strona internetowa","article_modified_time":"2025-08-01T11:09:26+00:00","og_image":[{"width":1897,"height":306,"url":"https:\/\/tlcdenia.com\/wp-content\/uploads\/2023\/12\/naglowek-kursow-rezerwacji.jpg","type":"image\/jpeg"}],"twitter_card":"summary_large_image","twitter_misc":{"Szacowany czas czytania":"1 minuta"},"schema":{"@context":"https:\/\/schema.org","@graph":[{"@type":"WebPage","@id":"https:\/\/tlcdenia.com\/pl\/rezerwacja-szkolenia-nauczycieli-ele\/","url":"https:\/\/tlcdenia.com\/pl\/rezerwacja-szkolenia-nauczycieli-ele\/","name":"Formularz rejestracyjny: szkolenie dla nauczycieli j\u0119zyka hiszpa\u0144skiego","isPartOf":{"@id":"https:\/\/tlcdenia.com\/pl\/#website"},"primaryImageOfPage":{"@id":"https:\/\/tlcdenia.com\/pl\/rezerwacja-szkolenia-nauczycieli-ele\/#primaryimage"},"image":{"@id":"https:\/\/tlcdenia.com\/pl\/rezerwacja-szkolenia-nauczycieli-ele\/#primaryimage"},"thumbnailUrl":"https:\/\/tlcdenia.com\/wp-content\/uploads\/2023\/12\/naglowek-kursow-rezerwacji.jpg","datePublished":"2025-07-09T15:32:47+00:00","dateModified":"2025-08-01T11:09:26+00:00","description":"Zarezerwuj tutaj sw\u00f3j kurs szkoleniowy dla nauczycieli j\u0119zyka hiszpa\u0144skiego w Hiszpanii, w Denia. Szko\u0142a akredytowana przez Instituto Cervantes.","breadcrumb":{"@id":"https:\/\/tlcdenia.com\/pl\/rezerwacja-szkolenia-nauczycieli-ele\/#breadcrumb"},"inLanguage":"pl-PL","potentialAction":[{"@type":"ReadAction","target":["https:\/\/tlcdenia.com\/pl\/rezerwacja-szkolenia-nauczycieli-ele\/"]}]},{"@type":"ImageObject","inLanguage":"pl-PL","@id":"https:\/\/tlcdenia.com\/pl\/rezerwacja-szkolenia-nauczycieli-ele\/#primaryimage","url":"https:\/\/tlcdenia.com\/wp-content\/uploads\/2023\/12\/naglowek-kursow-rezerwacji.jpg","contentUrl":"https:\/\/tlcdenia.com\/wp-content\/uploads\/2023\/12\/naglowek-kursow-rezerwacji.jpg","width":1897,"height":306,"caption":"Logo TLCd\u00e9nia, szko\u0142y j\u0119zyka hiszpa\u0144skiego w Hiszpanii"},{"@type":"BreadcrumbList","@id":"https:\/\/tlcdenia.com\/pl\/rezerwacja-szkolenia-nauczycieli-ele\/#breadcrumb","itemListElement":[{"@type":"ListItem","position":1,"name":"Home","item":"https:\/\/tlcdenia.com\/pl\/"},{"@type":"ListItem","position":2,"name":"Rezerwacja: kurs szkoleniowy dla nauczycieli j\u0119zyka hiszpa\u0144skiego"}]},{"@type":"WebSite","@id":"https:\/\/tlcdenia.com\/pl\/#website","url":"https:\/\/tlcdenia.com\/pl\/","name":"Szko\u0142a TLCd\u00e9nia \u2013 oficjalna strona internetowa","description":"Languages Center","potentialAction":[{"@type":"SearchAction","target":{"@type":"EntryPoint","urlTemplate":"https:\/\/tlcdenia.com\/pl\/?s={search_term_string}"},"query-input":{"@type":"PropertyValueSpecification","valueRequired":true,"valueName":"search_term_string"}}],"inLanguage":"pl-PL"}]}},"_links":{"self":[{"href":"https:\/\/tlcdenia.com\/pl\/wp-json\/wp\/v2\/pages\/103933","targetHints":{"allow":["GET"]}}],"collection":[{"href":"https:\/\/tlcdenia.com\/pl\/wp-json\/wp\/v2\/pages"}],"about":[{"href":"https:\/\/tlcdenia.com\/pl\/wp-json\/wp\/v2\/types\/page"}],"author":[{"embeddable":true,"href":"https:\/\/tlcdenia.com\/pl\/wp-json\/wp\/v2\/users\/3"}],"replies":[{"embeddable":true,"href":"https:\/\/tlcdenia.com\/pl\/wp-json\/wp\/v2\/comments?post=103933"}],"version-history":[{"count":6,"href":"https:\/\/tlcdenia.com\/pl\/wp-json\/wp\/v2\/pages\/103933\/revisions"}],"predecessor-version":[{"id":105411,"href":"https:\/\/tlcdenia.com\/pl\/wp-json\/wp\/v2\/pages\/103933\/revisions\/105411"}],"wp:featuredmedia":[{"embeddable":true,"href":"https:\/\/tlcdenia.com\/pl\/wp-json\/wp\/v2\/media\/72169"}],"wp:attachment":[{"href":"https:\/\/tlcdenia.com\/pl\/wp-json\/wp\/v2\/media?parent=103933"}],"curies":[{"name":"wp","href":"https:\/\/api.w.org\/{rel}","templated":true}]}}