{"id":37656,"date":"2022-08-01T15:32:08","date_gmt":"2022-08-01T15:32:08","guid":{"rendered":"https:\/\/tlcdenia.xyz\/?page_id=37656"},"modified":"2023-12-20T09:21:29","modified_gmt":"2023-12-20T09:21:29","slug":"libro-corso","status":"publish","type":"page","link":"https:\/\/tlcdenia.com\/it\/libro-corso\/","title":{"rendered":"Prenota un corso"},"content":{"rendered":"\t\t<div data-elementor-type=\"wp-page\" data-elementor-id=\"37656\" class=\"elementor elementor-37656 elementor-36768\" data-elementor-post-type=\"page\">\n\t\t\t\t\t\t<section class=\"elementor-section elementor-top-section elementor-element elementor-element-17cd231d elementor-section-boxed elementor-section-height-default elementor-section-height-default\" data-id=\"17cd231d\" data-element_type=\"section\" data-e-type=\"section\">\n\t\t\t\t\t\t<div class=\"elementor-container elementor-column-gap-default\">\n\t\t\t\t\t<div class=\"elementor-column elementor-col-100 elementor-top-column elementor-element elementor-element-465d982c\" data-id=\"465d982c\" data-element_type=\"column\" data-e-type=\"column\">\n\t\t\t<div class=\"elementor-widget-wrap elementor-element-populated\">\n\t\t\t\t\t\t<div class=\"elementor-element elementor-element-ce2c94e elementor-widget elementor-widget-html\" data-id=\"ce2c94e\" data-element_type=\"widget\" data-e-type=\"widget\" data-widget_type=\"html.default\">\n\t\t\t\t<div class=\"elementor-widget-container\">\n\t\t\t\t\t<script type=\"text\/javascript\" src=\"https:\/\/form.jotform.com\/jsform\/220941364289360\"><span data-mce-type=\"bookmark\" style=\"display: inline-block; width: 0px; overflow: hidden; line-height: 0;\" class=\"mce_SELRES_start\">\ufeff<\/span><span data-mce-type=\"bookmark\" style=\"display: inline-block; width: 0px; overflow: hidden; line-height: 0;\" class=\"mce_SELRES_start\">\ufeff<\/span><\/script>\t\t\t\t<\/div>\n\t\t\t\t<\/div>\n\t\t\t\t<div class=\"elementor-element elementor-element-65abe6c4 elementor-widget elementor-widget-text-editor\" data-id=\"65abe6c4\" data-element_type=\"widget\" data-e-type=\"widget\" data-widget_type=\"text-editor.default\">\n\t\t\t\t<div class=\"elementor-widget-container\">\n\t\t\t\t\t\t\t\t\t<p style=\"text-align: center;\"><span style=\"font-size: 10pt; font-family: helvetica, arial, sans-serif; color: #434343;\">Se non riuscite a visualizzare il modulo di registrazione, <a href=\"https:\/\/form.jotform.com\/220941364289360\">cliccate qui.<\/a><br \/><\/span><\/p>\t\t\t\t\t\t\t\t<\/div>\n\t\t\t\t<\/div>\n\t\t\t\t<section class=\"elementor-section elementor-inner-section elementor-element elementor-element-275dbfb elementor-section-boxed elementor-section-height-default elementor-section-height-default\" data-id=\"275dbfb\" data-element_type=\"section\" data-e-type=\"section\" data-settings=\"{&quot;background_background&quot;:&quot;classic&quot;}\">\n\t\t\t\t\t\t\t<div class=\"elementor-background-overlay\"><\/div>\n\t\t\t\t\t\t\t<div class=\"elementor-container elementor-column-gap-default\">\n\t\t\t\t\t<div class=\"elementor-column elementor-col-66 elementor-inner-column elementor-element elementor-element-b48700a\" data-id=\"b48700a\" data-element_type=\"column\" data-e-type=\"column\" data-settings=\"{&quot;background_background&quot;:&quot;classic&quot;}\">\n\t\t\t<div class=\"elementor-widget-wrap elementor-element-populated\">\n\t\t\t\t\t\t<div class=\"elementor-element elementor-element-84bcba2 elementor-widget elementor-widget-heading\" data-id=\"84bcba2\" data-element_type=\"widget\" data-e-type=\"widget\" data-widget_type=\"heading.default\">\n\t\t\t\t<div class=\"elementor-widget-container\">\n\t\t\t\t\t<h3 class=\"elementor-heading-title elementor-size-default\">Avete bisogno di ulteriori informazioni?<\/h3>\t\t\t\t<\/div>\n\t\t\t\t<\/div>\n\t\t\t\t\t<\/div>\n\t\t<\/div>\n\t\t\t\t<div class=\"elementor-column elementor-col-33 elementor-inner-column elementor-element elementor-element-6fbe4e1\" data-id=\"6fbe4e1\" data-element_type=\"column\" data-e-type=\"column\">\n\t\t\t<div class=\"elementor-widget-wrap elementor-element-populated\">\n\t\t\t\t\t\t<div class=\"elementor-element elementor-element-abdf6ce elementor-align-right elementor-widget elementor-widget-button\" data-id=\"abdf6ce\" data-element_type=\"widget\" data-e-type=\"widget\" data-widget_type=\"button.default\">\n\t\t\t\t<div class=\"elementor-widget-container\">\n\t\t\t\t\t\t\t\t\t<div class=\"elementor-button-wrapper\">\n\t\t\t\t\t<a class=\"elementor-button elementor-button-link elementor-size-md\" href=\"\/it\/contatto\/\" target=\"_blank\">\n\t\t\t\t\t\t<span class=\"elementor-button-content-wrapper\">\n\t\t\t\t\t\t<span class=\"elementor-button-icon\">\n\t\t\t\t<svg aria-hidden=\"true\" class=\"e-font-icon-svg e-far-arrow-alt-circle-right\" viewBox=\"0 0 512 512\" xmlns=\"http:\/\/www.w3.org\/2000\/svg\"><path d=\"M504 256C504 119 393 8 256 8S8 119 8 256s111 248 248 248 248-111 248-248zm-448 0c0-110.5 89.5-200 200-200s200 89.5 200 200-89.5 200-200 200S56 366.5 56 256zm72 20v-40c0-6.6 5.4-12 12-12h116v-67c0-10.7 12.9-16 20.5-8.5l99 99c4.7 4.7 4.7 12.3 0 17l-99 99c-7.6 7.6-20.5 2.2-20.5-8.5v-67H140c-6.6 0-12-5.4-12-12z\"><\/path><\/svg>\t\t\t<\/span>\n\t\t\t\t\t\t\t\t\t<span class=\"elementor-button-text\">Contattateci<\/span>\n\t\t\t\t\t<\/span>\n\t\t\t\t\t<\/a>\n\t\t\t\t<\/div>\n\t\t\t\t\t\t\t\t<\/div>\n\t\t\t\t<\/div>\n\t\t\t\t\t<\/div>\n\t\t<\/div>\n\t\t\t\t\t<\/div>\n\t\t<\/section>\n\t\t\t\t\t<\/div>\n\t\t<\/div>\n\t\t\t\t\t<\/div>\n\t\t<\/section>\n\t\t\t\t<\/div>\n\t\t","protected":false},"excerpt":{"rendered":"<p>Se non riuscite a visualizzare il modulo di registrazione, cliccate qui. Avete bisogno di ulteriori informazioni? Contattateci<\/p>\n","protected":false},"author":4,"featured_media":0,"parent":0,"menu_order":0,"comment_status":"closed","ping_status":"closed","template":"","meta":{"_acf_changed":false,"footnotes":""},"class_list":["post-37656","page","type-page","status-publish","hentry"],"acf":[],"yoast_head":"<!-- This site is optimized with the Yoast SEO plugin v26.9 - https:\/\/yoast.com\/product\/yoast-seo-wordpress\/ -->\n<title>Prenota qui un corso di spagnolo in Spagna | Scuola TLCd\u00e9nia<\/title>\n<meta name=\"description\" content=\"In questa pagina \u00e8 possibile prenotare un corso di spagnolo. Imparare lo spagnolo in Spagna, in una localit\u00e0 ideale, Denia, sulla Costa Blanca.\" \/>\n<meta name=\"robots\" content=\"index, follow, max-snippet:-1, max-image-preview:large, max-video-preview:-1\" \/>\n<link rel=\"canonical\" href=\"https:\/\/tlcdenia.com\/it\/libro-corso\/\" \/>\n<meta property=\"og:locale\" content=\"it_IT\" \/>\n<meta property=\"og:type\" content=\"article\" \/>\n<meta property=\"og:title\" content=\"Prenota qui un corso di spagnolo in Spagna | Scuola TLCd\u00e9nia\" \/>\n<meta property=\"og:description\" content=\"In questa pagina \u00e8 possibile prenotare un corso di spagnolo. Imparare lo spagnolo in Spagna, in una localit\u00e0 ideale, Denia, sulla Costa Blanca.\" \/>\n<meta property=\"og:url\" content=\"https:\/\/tlcdenia.com\/it\/libro-corso\/\" \/>\n<meta property=\"og:site_name\" content=\"Scuola TLCd\u00e9nia - Sito ufficiale\" \/>\n<meta property=\"article:modified_time\" content=\"2023-12-20T09:21:29+00:00\" \/>\n<meta name=\"twitter:card\" content=\"summary_large_image\" \/>\n<meta name=\"twitter:label1\" content=\"Tempo di lettura stimato\" \/>\n\t<meta name=\"twitter:data1\" content=\"1 minuto\" \/>\n<script type=\"application\/ld+json\" class=\"yoast-schema-graph\">{\"@context\":\"https:\/\/schema.org\",\"@graph\":[{\"@type\":\"WebPage\",\"@id\":\"https:\/\/tlcdenia.com\/it\/libro-corso\/\",\"url\":\"https:\/\/tlcdenia.com\/it\/libro-corso\/\",\"name\":\"Prenota qui un corso di spagnolo in Spagna | Scuola TLCd\u00e9nia\",\"isPartOf\":{\"@id\":\"https:\/\/tlcdenia.com\/it\/#website\"},\"datePublished\":\"2022-08-01T15:32:08+00:00\",\"dateModified\":\"2023-12-20T09:21:29+00:00\",\"description\":\"In questa pagina \u00e8 possibile prenotare un corso di spagnolo. Imparare lo spagnolo in Spagna, in una localit\u00e0 ideale, Denia, sulla Costa Blanca.\",\"breadcrumb\":{\"@id\":\"https:\/\/tlcdenia.com\/it\/libro-corso\/#breadcrumb\"},\"inLanguage\":\"it-IT\",\"potentialAction\":[{\"@type\":\"ReadAction\",\"target\":[\"https:\/\/tlcdenia.com\/it\/libro-corso\/\"]}]},{\"@type\":\"BreadcrumbList\",\"@id\":\"https:\/\/tlcdenia.com\/it\/libro-corso\/#breadcrumb\",\"itemListElement\":[{\"@type\":\"ListItem\",\"position\":1,\"name\":\"Home\",\"item\":\"https:\/\/tlcdenia.com\/it\/\"},{\"@type\":\"ListItem\",\"position\":2,\"name\":\"Prenota un corso\"}]},{\"@type\":\"WebSite\",\"@id\":\"https:\/\/tlcdenia.com\/it\/#website\",\"url\":\"https:\/\/tlcdenia.com\/it\/\",\"name\":\"Scuola TLCd\u00e9nia - Sito ufficiale\",\"description\":\"Languages Center\",\"potentialAction\":[{\"@type\":\"SearchAction\",\"target\":{\"@type\":\"EntryPoint\",\"urlTemplate\":\"https:\/\/tlcdenia.com\/it\/?s={search_term_string}\"},\"query-input\":{\"@type\":\"PropertyValueSpecification\",\"valueRequired\":true,\"valueName\":\"search_term_string\"}}],\"inLanguage\":\"it-IT\"}]}<\/script>\n<!-- \/ Yoast SEO plugin. -->","yoast_head_json":{"title":"Prenota qui un corso di spagnolo in Spagna | Scuola TLCd\u00e9nia","description":"In questa pagina \u00e8 possibile prenotare un corso di spagnolo. Imparare lo spagnolo in Spagna, in una localit\u00e0 ideale, Denia, sulla Costa Blanca.","robots":{"index":"index","follow":"follow","max-snippet":"max-snippet:-1","max-image-preview":"max-image-preview:large","max-video-preview":"max-video-preview:-1"},"canonical":"https:\/\/tlcdenia.com\/it\/libro-corso\/","og_locale":"it_IT","og_type":"article","og_title":"Prenota qui un corso di spagnolo in Spagna | Scuola TLCd\u00e9nia","og_description":"In questa pagina \u00e8 possibile prenotare un corso di spagnolo. Imparare lo spagnolo in Spagna, in una localit\u00e0 ideale, Denia, sulla Costa Blanca.","og_url":"https:\/\/tlcdenia.com\/it\/libro-corso\/","og_site_name":"Scuola TLCd\u00e9nia - Sito ufficiale","article_modified_time":"2023-12-20T09:21:29+00:00","twitter_card":"summary_large_image","twitter_misc":{"Tempo di lettura stimato":"1 minuto"},"schema":{"@context":"https:\/\/schema.org","@graph":[{"@type":"WebPage","@id":"https:\/\/tlcdenia.com\/it\/libro-corso\/","url":"https:\/\/tlcdenia.com\/it\/libro-corso\/","name":"Prenota qui un corso di spagnolo in Spagna | Scuola TLCd\u00e9nia","isPartOf":{"@id":"https:\/\/tlcdenia.com\/it\/#website"},"datePublished":"2022-08-01T15:32:08+00:00","dateModified":"2023-12-20T09:21:29+00:00","description":"In questa pagina \u00e8 possibile prenotare un corso di spagnolo. Imparare lo spagnolo in Spagna, in una localit\u00e0 ideale, Denia, sulla Costa Blanca.","breadcrumb":{"@id":"https:\/\/tlcdenia.com\/it\/libro-corso\/#breadcrumb"},"inLanguage":"it-IT","potentialAction":[{"@type":"ReadAction","target":["https:\/\/tlcdenia.com\/it\/libro-corso\/"]}]},{"@type":"BreadcrumbList","@id":"https:\/\/tlcdenia.com\/it\/libro-corso\/#breadcrumb","itemListElement":[{"@type":"ListItem","position":1,"name":"Home","item":"https:\/\/tlcdenia.com\/it\/"},{"@type":"ListItem","position":2,"name":"Prenota un corso"}]},{"@type":"WebSite","@id":"https:\/\/tlcdenia.com\/it\/#website","url":"https:\/\/tlcdenia.com\/it\/","name":"Scuola TLCd\u00e9nia - Sito ufficiale","description":"Languages Center","potentialAction":[{"@type":"SearchAction","target":{"@type":"EntryPoint","urlTemplate":"https:\/\/tlcdenia.com\/it\/?s={search_term_string}"},"query-input":{"@type":"PropertyValueSpecification","valueRequired":true,"valueName":"search_term_string"}}],"inLanguage":"it-IT"}]}},"_links":{"self":[{"href":"https:\/\/tlcdenia.com\/it\/wp-json\/wp\/v2\/pages\/37656","targetHints":{"allow":["GET"]}}],"collection":[{"href":"https:\/\/tlcdenia.com\/it\/wp-json\/wp\/v2\/pages"}],"about":[{"href":"https:\/\/tlcdenia.com\/it\/wp-json\/wp\/v2\/types\/page"}],"author":[{"embeddable":true,"href":"https:\/\/tlcdenia.com\/it\/wp-json\/wp\/v2\/users\/4"}],"replies":[{"embeddable":true,"href":"https:\/\/tlcdenia.com\/it\/wp-json\/wp\/v2\/comments?post=37656"}],"version-history":[{"count":8,"href":"https:\/\/tlcdenia.com\/it\/wp-json\/wp\/v2\/pages\/37656\/revisions"}],"predecessor-version":[{"id":72205,"href":"https:\/\/tlcdenia.com\/it\/wp-json\/wp\/v2\/pages\/37656\/revisions\/72205"}],"wp:attachment":[{"href":"https:\/\/tlcdenia.com\/it\/wp-json\/wp\/v2\/media?parent=37656"}],"curies":[{"name":"wp","href":"https:\/\/api.w.org\/{rel}","templated":true}]}}