{"id":34625,"date":"2021-07-20T10:46:08","date_gmt":"2021-07-20T10:46:08","guid":{"rendered":"https:\/\/tlcdenia.xyz\/?page_id=34625"},"modified":"2021-07-20T10:46:45","modified_gmt":"2021-07-20T10:46:45","slug":"appartamento-condiviso-norme-di-convivenza","status":"publish","type":"page","link":"https:\/\/tlcdenia.com\/it\/appartamento-condiviso-norme-di-convivenza\/","title":{"rendered":"Appartamento condiviso: Norme di convivenza"},"content":{"rendered":"\t\t<div data-elementor-type=\"wp-page\" data-elementor-id=\"34625\" class=\"elementor elementor-34625\" data-elementor-post-type=\"page\">\n\t\t\t\t\t\t<section class=\"elementor-section elementor-top-section elementor-element elementor-element-71d85b9 elementor-section-boxed elementor-section-height-default elementor-section-height-default\" data-id=\"71d85b9\" data-element_type=\"section\" data-e-type=\"section\">\n\t\t\t\t\t\t<div class=\"elementor-container elementor-column-gap-default\">\n\t\t\t\t\t<div class=\"elementor-column elementor-col-100 elementor-top-column elementor-element elementor-element-8de2a14\" data-id=\"8de2a14\" data-element_type=\"column\" data-e-type=\"column\">\n\t\t\t<div class=\"elementor-widget-wrap elementor-element-populated\">\n\t\t\t\t\t\t<div class=\"elementor-element elementor-element-d9259e4 elementor-widget elementor-widget-text-editor\" data-id=\"d9259e4\" data-element_type=\"widget\" data-e-type=\"widget\" data-widget_type=\"text-editor.default\">\n\t\t\t\t<div class=\"elementor-widget-container\">\n\t\t\t\t\t\t\t\t\t<p>L\u2019appartamento di solito viene condiviso da studenti stranieri che frequentano i corsi di spagnolo o spagnoli che studiano un\u2019altra lingua. \u00c8 di fondamentale importanza rispettare i seguenti requisiti minimi: mantenere pulite le zone comuni come il salone, i bagni, l\u2019ingresso e la cucina. Il giorno d\u2019arrivo troverai l\u2019appartamento pulito e tutti i coinquilini devono mantenerlo in buone condizioni.<\/p><p><strong>COSA COMPRENDE<\/strong><\/p><p>Le stanze sono arredate in modo semplice, sono singole o doppie condivise con un amico e dispongono del necesario per vivere in modo confortevole.<\/p><p>Le stanze con uno o due letti includono: lenzuola, coperte, sedia, armadio, comodino e ventilatore (non include asciugamani n\u00e8 prodotti per il bagno). Le zone comuni: sala da pranzo (con TV), cucina con lavatrice e ferro da stiro. Uno o due bagni.<\/p><p><strong>SPESE<\/strong><\/p><p>In appartamento condiviso, le spese per elettricit\u00e0 e acqua sono incluse nel prezzo. Ci si aspetta che si faccia un uso ragionevole di tali servizi. Nel caso in cui si richiede un appartamento con aria condizionata, verr\u00e0 addebitata una cifra pari a 15\u20ac a settimana.<\/p><p>RECLAMI<\/p><p>In caso di reclamo, dubbi o domande, mettiti in contatto con la scuola e scrivi il tuoi commenti, cercheremo una soluzione il pi\u00fa presto possibile. TLCd\u00e9nia far\u00e0 tutto il possibile affinch\u00e9 il tuo soggiorno sia confortevole; per questo motivo se vi manca qualcosa o volete segnalare il malfunzionamento di qualsiasi cosa, comunicatelo alla scuola il prima possibile.<\/p><p>Ricorda che gli studenti sono responsabili di qualsiasi rottura o danno che possa avvenire nell\u2019appartamento e dovr\u00e0 farsi carico della spesa del danno arrecato.<\/p><p><strong>SOGGIORNO MINIMO<\/strong><\/p><p>Dal 30\/06 al 08\/09 il soggiorno minimo sar\u00e0 di 6 giorni, l\u2019arrivo la domenica e la partenza sempre il sabato. Nel caso in cui avrai bisogno di un giorno extra, dovrai chiederne la disponibilit\u00e0 e ti verr\u00e0 addebitata una spesa aggiuntiva e proporzionata al costo della settimana.<\/p><p><strong>ARRIVO<\/strong><\/p><p>L\u2019alloggio sar\u00e0 disponibile dalle ore 12:00 del giorno stesso dell\u2019arrivo e dovrai lasciarlo prima delle 10:00 il giorno della partenza. Nel caso di arrivo anticipato o se devi lasciare l\u2019appartamento pi\u00f9 tardi, devi consultare la scuola. \u00c9 possibile richiedere giorni extra nel caso in cui ci sia la disponibilit\u00e0, tuttavia sar\u00e0 necessario aggiungere una spesa extra. La maggior parte dei nostri appartamenti si trovano in centro, la distanza dalla scuola \u00e8 tra 5 e 10 minuti dalla scuola.<\/p><p><strong>PUNTO DI INCONTRO E RITIRO DELLE CHIAVI<\/strong><\/p><p>La scuola ti informer\u00e0 sul luogo del ritiro delle chiavi. Ti verr\u00e0 consegnata una busta con il tuo nome, le chiavi e una cartina della citt\u00e0 con l\u2019ubicazione dell\u2019appartamento. Nel caso in cui arriverai in un orario diverso, dovrai avvisare il +34 966 423 672 con anticipo per organizare l\u2019incontro e in caso di imprevisti puoi chiamare il numero d\u2019emergenza +34 687 450 577 (solo in caso di emergenza e fuori dall\u2019orario d\u2019apertura dell\u2019ufficio).<\/p><p>GIORNO DELLA PARTENZA E RESTITUZIONE DELLE CHIAVI<\/p><p>Devi lasciare la stanza non pi\u00fa tardi delle 10:00 affinch\u00e9 si possa sistemare la camera per i prossimi studenti. Puoi rimanere in appartamento per pi\u00f9 tempo, ma non nella tua stanza. Nel caso tu perda o non restituisca le chiavi, ti verranno addebitati 25\u20ac. In caso di appartamenti privati, consulta la scuola in merito alla restituzione delle chiavi.<\/p><p><strong>NORME DI CONVIVENZA<\/strong><\/p><p>&#8211; Stai attento con le chiavi, dato che in caso di perdita, dovrai farti carico del nuovo mazzo di chiavi. Il costo \u00e8 di 25\u20ac. L\u2019ultimo giorno, quando partirai, dovrai lasciare le chiavi in una busta nella tua stanza.<\/p><p>Stai condividendo l\u2019appartamento, quindi devi rispettare alcune norme di convivenza:<\/p><p>&#8211; Le aree comuni della casa devono rimanere pulite e in ordine, i tuoi oggetti personali devono restare nella tua stanza.<\/p><p>&#8211; In cucina, ogni volta che prepari qualcosa devi pulire il tavolo e tutto ci\u00f2 che hai sporcato, cos\u00ec come piatti e altri utensili. Il tavolo deve essere sempre libero e ordinato, il pavimento pulito. In questo modo, chi verr\u00e0 dopo di te trover\u00e0 la cucina pulita e la potr\u00e0 utilizzare.<\/p><p>&#8211; Il bagno deve essere pulito una volta utilizzato. Sia il lavandino che la doccia devono essere puliti dopo l\u2019uso.<\/p><p>&#8211; \u00c8 necessario raggiungere un accordo con i tuoi coinquilini riguardo ai faccende comuni della casa, come buttare la spazzatura e pulire le aree comuni. Vi suggeriamo di alternarvi nello svolgimento delle faccende.<\/p><p>&#8211; Se vuoi utilizzare i prodotti di pulizia presenti nell\u2019appartamento, ci auguriamo che li rimpiazzerai, comprandone di nuovi o lasciando un piccolo contributo in denaro.<\/p><p>&#8211; Il volume della TV e dei riproduttori musicali devono essere adeguati per non infastidire i vicini, in particolare nell\u2019orario della siesta (dalle 15:00 alle 17:00) e di notte (dalle 23:00 alle 08:00).<\/p><p>&#8211; Non \u00e8 permesso far alloggiare amici nell\u2019appartamento senza consultare prima la scuola. In questo caso si applica un costo aggiuntivo per stanza, lenzuola e spese di acqua e luce.<\/p><p>&#8211; Per vivere in un bell\u2019ambiente, sii il primo a crearlo.<\/p><p>Ti ringraziamo per la comprensione e la collaborazione. Tutto il gruppo di TLCd\u00e9nia ti augura un soggiorno indimenticabile.<\/p>\t\t\t\t\t\t\t\t<\/div>\n\t\t\t\t<\/div>\n\t\t\t\t\t<\/div>\n\t\t<\/div>\n\t\t\t\t\t<\/div>\n\t\t<\/section>\n\t\t\t\t<\/div>\n\t\t","protected":false},"excerpt":{"rendered":"<p>L\u2019appartamento di solito viene condiviso da studenti stranieri che frequentano i corsi di spagnolo o spagnoli che studiano un\u2019altra lingua. \u00c8 di fondamentale importanza rispettare i seguenti requisiti minimi: mantenere pulite le zone comuni come il salone, i bagni, l\u2019ingresso &hellip; <\/p>\n","protected":false},"author":3,"featured_media":0,"parent":0,"menu_order":0,"comment_status":"closed","ping_status":"closed","template":"","meta":{"_acf_changed":false,"footnotes":""},"class_list":["post-34625","page","type-page","status-publish","hentry"],"acf":[],"yoast_head":"<!-- This site is optimized with the Yoast SEO plugin v26.9 - https:\/\/yoast.com\/product\/yoast-seo-wordpress\/ -->\n<title>Appartamento condiviso: Norme di convivenza - Scuola TLCd\u00e9nia - Sito ufficiale<\/title>\n<meta name=\"robots\" content=\"index, follow, max-snippet:-1, max-image-preview:large, max-video-preview:-1\" \/>\n<link rel=\"canonical\" href=\"https:\/\/tlcdenia.com\/it\/appartamento-condiviso-norme-di-convivenza\/\" \/>\n<meta property=\"og:locale\" content=\"it_IT\" \/>\n<meta property=\"og:type\" content=\"article\" \/>\n<meta property=\"og:title\" content=\"Appartamento condiviso: Norme di convivenza - Scuola TLCd\u00e9nia - Sito ufficiale\" \/>\n<meta property=\"og:description\" content=\"L\u2019appartamento di solito viene condiviso da studenti stranieri che frequentano i corsi di spagnolo o spagnoli che studiano un\u2019altra lingua. \u00c8 di fondamentale importanza rispettare i seguenti requisiti minimi: mantenere pulite le zone comuni come il salone, i bagni, l\u2019ingresso &hellip;\" \/>\n<meta property=\"og:url\" content=\"https:\/\/tlcdenia.com\/it\/appartamento-condiviso-norme-di-convivenza\/\" \/>\n<meta property=\"og:site_name\" content=\"Scuola TLCd\u00e9nia - Sito ufficiale\" \/>\n<meta property=\"article:modified_time\" content=\"2021-07-20T10:46:45+00:00\" \/>\n<meta name=\"twitter:card\" content=\"summary_large_image\" \/>\n<meta name=\"twitter:label1\" content=\"Tempo di lettura stimato\" \/>\n\t<meta name=\"twitter:data1\" content=\"4 minuti\" \/>\n<script type=\"application\/ld+json\" class=\"yoast-schema-graph\">{\"@context\":\"https:\/\/schema.org\",\"@graph\":[{\"@type\":\"WebPage\",\"@id\":\"https:\/\/tlcdenia.com\/it\/appartamento-condiviso-norme-di-convivenza\/\",\"url\":\"https:\/\/tlcdenia.com\/it\/appartamento-condiviso-norme-di-convivenza\/\",\"name\":\"Appartamento condiviso: Norme di convivenza - Scuola TLCd\u00e9nia - Sito ufficiale\",\"isPartOf\":{\"@id\":\"https:\/\/tlcdenia.com\/it\/#website\"},\"datePublished\":\"2021-07-20T10:46:08+00:00\",\"dateModified\":\"2021-07-20T10:46:45+00:00\",\"breadcrumb\":{\"@id\":\"https:\/\/tlcdenia.com\/it\/appartamento-condiviso-norme-di-convivenza\/#breadcrumb\"},\"inLanguage\":\"it-IT\",\"potentialAction\":[{\"@type\":\"ReadAction\",\"target\":[\"https:\/\/tlcdenia.com\/it\/appartamento-condiviso-norme-di-convivenza\/\"]}]},{\"@type\":\"BreadcrumbList\",\"@id\":\"https:\/\/tlcdenia.com\/it\/appartamento-condiviso-norme-di-convivenza\/#breadcrumb\",\"itemListElement\":[{\"@type\":\"ListItem\",\"position\":1,\"name\":\"Home\",\"item\":\"https:\/\/tlcdenia.com\/it\/\"},{\"@type\":\"ListItem\",\"position\":2,\"name\":\"Appartamento condiviso: Norme di convivenza\"}]},{\"@type\":\"WebSite\",\"@id\":\"https:\/\/tlcdenia.com\/it\/#website\",\"url\":\"https:\/\/tlcdenia.com\/it\/\",\"name\":\"Scuola TLCd\u00e9nia - Sito ufficiale\",\"description\":\"Languages Center\",\"potentialAction\":[{\"@type\":\"SearchAction\",\"target\":{\"@type\":\"EntryPoint\",\"urlTemplate\":\"https:\/\/tlcdenia.com\/it\/?s={search_term_string}\"},\"query-input\":{\"@type\":\"PropertyValueSpecification\",\"valueRequired\":true,\"valueName\":\"search_term_string\"}}],\"inLanguage\":\"it-IT\"}]}<\/script>\n<!-- \/ Yoast SEO plugin. -->","yoast_head_json":{"title":"Appartamento condiviso: Norme di convivenza - Scuola TLCd\u00e9nia - Sito ufficiale","robots":{"index":"index","follow":"follow","max-snippet":"max-snippet:-1","max-image-preview":"max-image-preview:large","max-video-preview":"max-video-preview:-1"},"canonical":"https:\/\/tlcdenia.com\/it\/appartamento-condiviso-norme-di-convivenza\/","og_locale":"it_IT","og_type":"article","og_title":"Appartamento condiviso: Norme di convivenza - Scuola TLCd\u00e9nia - Sito ufficiale","og_description":"L\u2019appartamento di solito viene condiviso da studenti stranieri che frequentano i corsi di spagnolo o spagnoli che studiano un\u2019altra lingua. \u00c8 di fondamentale importanza rispettare i seguenti requisiti minimi: mantenere pulite le zone comuni come il salone, i bagni, l\u2019ingresso &hellip;","og_url":"https:\/\/tlcdenia.com\/it\/appartamento-condiviso-norme-di-convivenza\/","og_site_name":"Scuola TLCd\u00e9nia - Sito ufficiale","article_modified_time":"2021-07-20T10:46:45+00:00","twitter_card":"summary_large_image","twitter_misc":{"Tempo di lettura stimato":"4 minuti"},"schema":{"@context":"https:\/\/schema.org","@graph":[{"@type":"WebPage","@id":"https:\/\/tlcdenia.com\/it\/appartamento-condiviso-norme-di-convivenza\/","url":"https:\/\/tlcdenia.com\/it\/appartamento-condiviso-norme-di-convivenza\/","name":"Appartamento condiviso: Norme di convivenza - Scuola TLCd\u00e9nia - Sito ufficiale","isPartOf":{"@id":"https:\/\/tlcdenia.com\/it\/#website"},"datePublished":"2021-07-20T10:46:08+00:00","dateModified":"2021-07-20T10:46:45+00:00","breadcrumb":{"@id":"https:\/\/tlcdenia.com\/it\/appartamento-condiviso-norme-di-convivenza\/#breadcrumb"},"inLanguage":"it-IT","potentialAction":[{"@type":"ReadAction","target":["https:\/\/tlcdenia.com\/it\/appartamento-condiviso-norme-di-convivenza\/"]}]},{"@type":"BreadcrumbList","@id":"https:\/\/tlcdenia.com\/it\/appartamento-condiviso-norme-di-convivenza\/#breadcrumb","itemListElement":[{"@type":"ListItem","position":1,"name":"Home","item":"https:\/\/tlcdenia.com\/it\/"},{"@type":"ListItem","position":2,"name":"Appartamento condiviso: Norme di convivenza"}]},{"@type":"WebSite","@id":"https:\/\/tlcdenia.com\/it\/#website","url":"https:\/\/tlcdenia.com\/it\/","name":"Scuola TLCd\u00e9nia - Sito ufficiale","description":"Languages Center","potentialAction":[{"@type":"SearchAction","target":{"@type":"EntryPoint","urlTemplate":"https:\/\/tlcdenia.com\/it\/?s={search_term_string}"},"query-input":{"@type":"PropertyValueSpecification","valueRequired":true,"valueName":"search_term_string"}}],"inLanguage":"it-IT"}]}},"_links":{"self":[{"href":"https:\/\/tlcdenia.com\/it\/wp-json\/wp\/v2\/pages\/34625","targetHints":{"allow":["GET"]}}],"collection":[{"href":"https:\/\/tlcdenia.com\/it\/wp-json\/wp\/v2\/pages"}],"about":[{"href":"https:\/\/tlcdenia.com\/it\/wp-json\/wp\/v2\/types\/page"}],"author":[{"embeddable":true,"href":"https:\/\/tlcdenia.com\/it\/wp-json\/wp\/v2\/users\/3"}],"replies":[{"embeddable":true,"href":"https:\/\/tlcdenia.com\/it\/wp-json\/wp\/v2\/comments?post=34625"}],"version-history":[{"count":4,"href":"https:\/\/tlcdenia.com\/it\/wp-json\/wp\/v2\/pages\/34625\/revisions"}],"predecessor-version":[{"id":34629,"href":"https:\/\/tlcdenia.com\/it\/wp-json\/wp\/v2\/pages\/34625\/revisions\/34629"}],"wp:attachment":[{"href":"https:\/\/tlcdenia.com\/it\/wp-json\/wp\/v2\/media?parent=34625"}],"curies":[{"name":"wp","href":"https:\/\/api.w.org\/{rel}","templated":true}]}}