{"id":31313,"date":"2021-05-13T14:57:03","date_gmt":"2021-05-13T14:57:03","guid":{"rendered":"https:\/\/tlcdenia.xyz\/?page_id=31313"},"modified":"2021-05-19T09:53:20","modified_gmt":"2021-05-19T09:53:20","slug":"cookies-policy","status":"publish","type":"page","link":"https:\/\/tlcdenia.com\/it\/cookies-policy\/","title":{"rendered":"Cookies Policy"},"content":{"rendered":"\t\t<div data-elementor-type=\"wp-page\" data-elementor-id=\"31313\" class=\"elementor elementor-31313 elementor-12090\" data-elementor-post-type=\"page\">\n\t\t\t\t\t\t<section class=\"elementor-section elementor-top-section elementor-element elementor-element-e93a6c5 elementor-section-boxed elementor-section-height-default elementor-section-height-default\" data-id=\"e93a6c5\" data-element_type=\"section\" data-e-type=\"section\">\n\t\t\t\t\t\t<div class=\"elementor-container elementor-column-gap-default\">\n\t\t\t\t\t<div class=\"elementor-column elementor-col-100 elementor-top-column elementor-element elementor-element-d19f85d\" data-id=\"d19f85d\" data-element_type=\"column\" data-e-type=\"column\">\n\t\t\t<div class=\"elementor-widget-wrap elementor-element-populated\">\n\t\t\t\t\t\t<div class=\"elementor-element elementor-element-23337a3 elementor-widget elementor-widget-text-editor\" data-id=\"23337a3\" data-element_type=\"widget\" data-e-type=\"widget\" data-widget_type=\"text-editor.default\">\n\t\t\t\t<div class=\"elementor-widget-container\">\n\t\t\t\t\t\t\t\t\t<p><strong>Cos&#8217;\u00e8 un cookie?<\/strong><\/p><p><span id=\"s2_1\">Un cookie \u00e8 un file di testo innocuo che viene memorizzato nel browser quando si visita quasi tutte le pagine web.<\/span>\u00a0<span id=\"s2_2\">L&#8217;utilit\u00e0 del cookie \u00e8 che il web \u00e8 in grado di ricordare la tua visita quando torni a navigare in quella pagina.<\/span>\u00a0<span id=\"s2_3\">Anche se molte persone non lo sanno, i cookie sono stati utilizzati per 20 anni, quando sono apparsi i primi browser per il World Wide Web.<\/span><\/p><p><strong>Cosa NON \u00e8 un cookie?<\/strong><\/p><p>Non \u00e8 un virus, non \u00e8 un Trojan, non \u00e8 un worm, non \u00e8 uno\u00a0 spam, non \u00e8 un spyware, n\u00e9 apre finestre pop-up.<\/p><p><strong>Quali informazioni memorizza un cookie?<\/strong><\/p><p><span id=\"s2_1\">I cookie di solito non memorizzano informazioni sensibili su di te, come carte di credito o dati bancari, fotografie, documenti d&#8217;identit\u00e0 o dati personali, ecc.<\/span>\u00a0<span id=\"s2_2\">I dati che conservano sono di natura tecnica, preferenze personali, personalizzazione dei contenuti, ecc.<\/span><br \/><br \/><span id=\"s2_3\">Il server web non ti associa come persona, ma associa il tuo browser web.<\/span>\u00a0<span id=\"s2_4\">Infatti, se si naviga regolarmente con Internet Explorer e si cerca di navigare lo stesso web con Firefox o Chrome, si vedr\u00e0 che il web non si rende conto che si \u00e8 la stessa persona, perch\u00e9 in realt\u00e0 associa il browser, non la persona.<\/span><\/p><p><strong>Che tipo di cookie ci sono?<\/strong><\/p><p><span id=\"s2_1\">Cookie tecnici: sono i pi\u00f9 basilari e permettono, tra l&#8217;altro, di sapere quando un&#8217;applicazione umana o automatizzata sta navigando, quando un utente anonimo e un utente registrato stanno navigando, attivit\u00e0 basilari per il funzionamento di qualsiasi sito web dinamico.<\/span><br \/><span id=\"s2_2\">Cookie di analisi: raccolgono informazioni sul tipo di navigazione che stai effettuando, sulle sezioni che utilizzi di pi\u00f9, sui prodotti consultati, sul fuso orario di utilizzo, sulla lingua, ecc.<\/span><br \/><span id=\"s2_3\">Cookie pubblicitari: mostrano pubblicit\u00e0 in base alla navigazione, al paese di origine, alla lingua, ecc.<\/span><br \/><span id=\"s2_4\">Cosa sono i cookie propri e di terze parti?<\/span><br \/><br \/><span id=\"s2_5\">I cookie propri sono quelli generati dalla pagina che si sta visitando e quelli di terze parti sono quelli generati da servizi o fornitori esterni come Facebook, Twitter, Google, ecc.<\/span><\/p><p><strong>Cosa succede se disattivo i cookie?<\/strong><\/p><p><span id=\"s2_1\">Per comprendere la portata della disabilitazione dei cookie, vi mostriamo alcuni esempi:<\/span><br \/><span id=\"s2_2\"><\/span><\/p><ul><li><span id=\"s2_2\">Non sar\u00e0 possibile condividere contenuti da quel sito web su Facebook, Twitter o qualsiasi altro social network.<\/span><br \/><span id=\"s2_3\"><\/span><\/li><li><span id=\"s2_3\">Il sito non sar\u00e0 in grado di adattare i contenuti alle vostre preferenze personali, come spesso accade nei negozi online.<\/span><br \/><span id=\"s2_4\"><\/span><\/li><li><span id=\"s2_4\">Non potrai accedere all&#8217;area personale di quel sito, come il Mio account, il Mio profilo o i Miei ordini.<\/span><br \/><span id=\"s2_5\"><\/span><\/li><li><span id=\"s2_5\">Negozi online: sar\u00e0 impossibile per voi fare acquisti online, dovranno essere per telefono o visitando il negozio fisico se si dispone di uno.<\/span><br \/><span id=\"s2_6\"><\/span><\/li><li><span id=\"s2_6\">Non sar\u00e0 possibile personalizzare le preferenze geografiche come fuso orario, valuta o lingua.<\/span><\/li><li>Il sito non sar\u00e0 in grado di eseguire analisi web sui visitatori e sul traffico sul web, il che render\u00e0 difficile per il web essere competitivo.<\/li><li>Non sarai in grado di scrivere su un blog, non potrai caricare foto, pubblicare commenti, o votare contenuti.<\/li><li>Il web inoltre non sar\u00e0 in grado di sapere se sei un essere umano o un&#8217;applicazione automatizzata che pubblica spam.<\/li><li>Non sar\u00e0 possibile mostrare la pubblicit\u00e0 settoriale, che ridurr\u00e0 le entrate pubblicitarie del web.<\/li><li>Tutti i social network utilizzano i cookie, se li disattivate non sarete in grado di utilizzare alcun social network.\u00a0 \u00a0 \u00a0 \u00a0 \u00a0<strong>\u00a0<\/strong><\/li><\/ul><p><strong>Si possono eliminare i cookie?<\/strong><\/p><p><span id=\"s2_1\">S\u00ec. Non solo eliminare, ma anche bloccare, in modo generale o particolare per un dominio specifico.<\/span><br \/><br \/><span id=\"s2_2\">Per eliminare i cookie da un sito web, \u00e8 necessario accedere alle impostazioni del browser e l\u00ec \u00e8 possibile cercare quelli associati al dominio in questione e procedere alla loro cancellazione.<\/span><br \/><br \/><span id=\"s2_3\">Impostazioni dei cookie per i browser pi\u00f9 diffusi<\/span><br \/><br \/><span id=\"s2_4\">Ecco come accedere a uno specifico cookie dal browser Chrome. Nota: questi passaggi possono variare a seconda della versione del browser:<\/span><\/p><p><span id=\"s2_1\">Vai a Impostazioni o preferenze attraverso il menu File o facendo clic sull&#8217;icona di personalizzazione che appare in alto a destra.<\/span><br \/><span id=\"s2_2\">Vedrete diverse sezioni, fare clic sull&#8217;opzione &#8220;mostra opzioni avanzate&#8221;.<\/span><br \/><span id=\"s2_3\">Vai a Privacy, &#8220;Impostazioni contenuti.&#8221;<\/span><br \/><span id=\"s2_4\">Seleziona &#8220;Tutti i cookie e i dati del sito.&#8221;<\/span><br \/><span id=\"s2_5\">Verr\u00e0 visualizzata una lista con tutti i cookie ordinati per dominio.<\/span>\u00a0<span id=\"s2_6\">Per facilitare la ricerca dei cookie di un determinato dominio, inserire parzialmente o totalmente l&#8217;indirizzo nel campo &#8220;Ricerca cookie.&#8221;<\/span><br \/><span id=\"s2_7\">Dopo aver eseguito questo filtro, una o pi\u00f9 righe con i cookie del sito web richiesto appariranno sullo schermo.<\/span>\u00a0<span id=\"s2_8\">Ora basta selezionarlo e premere la X per procedere con la sua eliminazione.<\/span><\/p><p><span id=\"s2_1\">Per accedere alle impostazioni dei cookie del browser <strong>Internet Explorer<\/strong>, seguire questi passaggi (possono variare a seconda della versione del browser):<\/span><br \/><br \/><span id=\"s2_2\">Vai a Strumenti, Opzioni Internet<\/span><br \/><span id=\"s2_3\">Clicca su Privacy.<\/span><br \/><span id=\"s2_4\">Spostare il cursore per regolare il livello di privacy che si desidera.<\/span><\/p><p><span id=\"s2_1\">Per accedere alle impostazioni dei cookie del browser <strong>Firefox,<\/strong> segui questi passaggi (possono variare a seconda della versione del browser):<\/span><br \/><span id=\"s2_2\">Vai a Opzioni o Preferenze a seconda del sistema operativo.<\/span><br \/><span id=\"s2_3\">Clicca su Privacy.<\/span><br \/><span id=\"s2_4\">In Cronologia scegliere Usa impostazioni personalizzate per la cronologia.<\/span><br \/><span id=\"s2_5\">Ora vedrai l&#8217;opzione Accetta i cookie, puoi attivarli o disattivarli in base alle tue preferenze.<\/span><\/p><p><span id=\"s2_1\">Per accedere alle impostazioni dei cookie del <strong>browser Safari per OSX<\/strong> seguire questi passaggi (possono variare a seconda della versione del browser):<\/span><br \/><span id=\"s2_2\">Vai su Preferenze, poi Privacy.<\/span><br \/><span id=\"s2_3\">In questo punto verr\u00e0 visualizzata l&#8217;opzione Blocca i cookie in modo da poter regolare il tipo di blocco che si desidera eseguire.<\/span><br \/><br \/><span id=\"s2_4\">Per accedere alle impostazioni dei cookie del browser <strong>Safari<\/strong> <strong>per iOS<\/strong> segui questi passaggi (possono variare a seconda della versione del browser):<\/span><br \/><span id=\"s2_5\">Vai su Impostazioni e poi su Safari.<\/span><br \/><span id=\"s2_6\">Vai a Privacy e Sicurezza, vedrai l&#8217;opzione Blocca i cookie per regolare il tipo di blocco che vuoi eseguire.<\/span><\/p><p><span id=\"s2_1\">Per accedere alle impostazioni dei cookie del browser per i dispositivi <strong>Android<\/strong>, segui questi passaggi (possono variare a seconda della versione del browser):<\/span><br \/><span id=\"s2_2\">Avviare il browser e premere il tasto Menu, quindi Impostazioni.<\/span><br \/><span id=\"s2_3\">Vai a Sicurezza e Privacy, vedrai l&#8217;opzione Accetta i cookie per attivare o disattivare la casella.<\/span><br \/><br \/><span id=\"s2_4\">Per accedere alle impostazioni dei cookie del browser per i dispositivi <strong>Windows Phone<\/strong>, segui questi passaggi (possono variare a seconda della versione del browser):<\/span><br \/><span id=\"s2_5\">Apri Internet Explorer, quindi Altro, quindi Impostazioni<\/span><br \/><span id=\"s2_6\">Ora \u00e8 possibile attivare o disattivare la casella Consenti cookie.<\/span><\/p>\t\t\t\t\t\t\t\t<\/div>\n\t\t\t\t<\/div>\n\t\t\t\t\t<\/div>\n\t\t<\/div>\n\t\t\t\t\t<\/div>\n\t\t<\/section>\n\t\t\t\t<\/div>\n\t\t","protected":false},"excerpt":{"rendered":"<p>Cos&#8217;\u00e8 un cookie? Un cookie \u00e8 un file di testo innocuo che viene memorizzato nel browser quando si visita quasi tutte le pagine web.&nbsp;L&#8217;utilit\u00e0 del cookie \u00e8 che il web \u00e8 in grado di ricordare la tua visita quando torni &hellip; <\/p>\n","protected":false},"author":3,"featured_media":0,"parent":0,"menu_order":0,"comment_status":"closed","ping_status":"closed","template":"","meta":{"_acf_changed":false,"footnotes":""},"class_list":["post-31313","page","type-page","status-publish","hentry"],"acf":[],"yoast_head":"<!-- This site is optimized with the Yoast SEO plugin v26.9 - https:\/\/yoast.com\/product\/yoast-seo-wordpress\/ -->\n<title>Cookies Policy - TLC D\u00e9nia, Denia in Spagna Costa Blanca<\/title>\n<meta name=\"description\" content=\"Prenota un corso spagnolo a TLCdenia, a Denia in Spagna per apprendera la lingua spagnola. Per maggiori informazioni visita la nostra pagina web.\" \/>\n<meta name=\"robots\" content=\"index, follow, max-snippet:-1, max-image-preview:large, max-video-preview:-1\" \/>\n<link rel=\"canonical\" href=\"https:\/\/tlcdenia.com\/it\/cookies-policy\/\" \/>\n<meta property=\"og:locale\" content=\"it_IT\" \/>\n<meta property=\"og:type\" content=\"article\" \/>\n<meta property=\"og:title\" content=\"Cookies Policy - TLC D\u00e9nia, Denia in Spagna Costa Blanca\" \/>\n<meta property=\"og:description\" content=\"Prenota un corso spagnolo a TLCdenia, a Denia in Spagna per apprendera la lingua spagnola. Per maggiori informazioni visita la nostra pagina web.\" \/>\n<meta property=\"og:url\" content=\"https:\/\/tlcdenia.com\/it\/cookies-policy\/\" \/>\n<meta property=\"og:site_name\" content=\"Scuola TLCd\u00e9nia - Sito ufficiale\" \/>\n<meta property=\"article:modified_time\" content=\"2021-05-19T09:53:20+00:00\" \/>\n<meta name=\"twitter:card\" content=\"summary_large_image\" \/>\n<meta name=\"twitter:label1\" content=\"Tempo di lettura stimato\" \/>\n\t<meta name=\"twitter:data1\" content=\"5 minuti\" \/>\n<script type=\"application\/ld+json\" class=\"yoast-schema-graph\">{\"@context\":\"https:\/\/schema.org\",\"@graph\":[{\"@type\":\"WebPage\",\"@id\":\"https:\/\/tlcdenia.com\/it\/cookies-policy\/\",\"url\":\"https:\/\/tlcdenia.com\/it\/cookies-policy\/\",\"name\":\"Cookies Policy - TLC D\u00e9nia, Denia in Spagna Costa Blanca\",\"isPartOf\":{\"@id\":\"https:\/\/tlcdenia.com\/it\/#website\"},\"datePublished\":\"2021-05-13T14:57:03+00:00\",\"dateModified\":\"2021-05-19T09:53:20+00:00\",\"description\":\"Prenota un corso spagnolo a TLCdenia, a Denia in Spagna per apprendera la lingua spagnola. Per maggiori informazioni visita la nostra pagina web.\",\"breadcrumb\":{\"@id\":\"https:\/\/tlcdenia.com\/it\/cookies-policy\/#breadcrumb\"},\"inLanguage\":\"it-IT\",\"potentialAction\":[{\"@type\":\"ReadAction\",\"target\":[\"https:\/\/tlcdenia.com\/it\/cookies-policy\/\"]}]},{\"@type\":\"BreadcrumbList\",\"@id\":\"https:\/\/tlcdenia.com\/it\/cookies-policy\/#breadcrumb\",\"itemListElement\":[{\"@type\":\"ListItem\",\"position\":1,\"name\":\"Home\",\"item\":\"https:\/\/tlcdenia.com\/it\/\"},{\"@type\":\"ListItem\",\"position\":2,\"name\":\"Cookies Policy\"}]},{\"@type\":\"WebSite\",\"@id\":\"https:\/\/tlcdenia.com\/it\/#website\",\"url\":\"https:\/\/tlcdenia.com\/it\/\",\"name\":\"Scuola TLCd\u00e9nia - Sito ufficiale\",\"description\":\"Languages Center\",\"potentialAction\":[{\"@type\":\"SearchAction\",\"target\":{\"@type\":\"EntryPoint\",\"urlTemplate\":\"https:\/\/tlcdenia.com\/it\/?s={search_term_string}\"},\"query-input\":{\"@type\":\"PropertyValueSpecification\",\"valueRequired\":true,\"valueName\":\"search_term_string\"}}],\"inLanguage\":\"it-IT\"}]}<\/script>\n<!-- \/ Yoast SEO plugin. -->","yoast_head_json":{"title":"Cookies Policy - TLC D\u00e9nia, Denia in Spagna Costa Blanca","description":"Prenota un corso spagnolo a TLCdenia, a Denia in Spagna per apprendera la lingua spagnola. Per maggiori informazioni visita la nostra pagina web.","robots":{"index":"index","follow":"follow","max-snippet":"max-snippet:-1","max-image-preview":"max-image-preview:large","max-video-preview":"max-video-preview:-1"},"canonical":"https:\/\/tlcdenia.com\/it\/cookies-policy\/","og_locale":"it_IT","og_type":"article","og_title":"Cookies Policy - TLC D\u00e9nia, Denia in Spagna Costa Blanca","og_description":"Prenota un corso spagnolo a TLCdenia, a Denia in Spagna per apprendera la lingua spagnola. Per maggiori informazioni visita la nostra pagina web.","og_url":"https:\/\/tlcdenia.com\/it\/cookies-policy\/","og_site_name":"Scuola TLCd\u00e9nia - Sito ufficiale","article_modified_time":"2021-05-19T09:53:20+00:00","twitter_card":"summary_large_image","twitter_misc":{"Tempo di lettura stimato":"5 minuti"},"schema":{"@context":"https:\/\/schema.org","@graph":[{"@type":"WebPage","@id":"https:\/\/tlcdenia.com\/it\/cookies-policy\/","url":"https:\/\/tlcdenia.com\/it\/cookies-policy\/","name":"Cookies Policy - TLC D\u00e9nia, Denia in Spagna Costa Blanca","isPartOf":{"@id":"https:\/\/tlcdenia.com\/it\/#website"},"datePublished":"2021-05-13T14:57:03+00:00","dateModified":"2021-05-19T09:53:20+00:00","description":"Prenota un corso spagnolo a TLCdenia, a Denia in Spagna per apprendera la lingua spagnola. Per maggiori informazioni visita la nostra pagina web.","breadcrumb":{"@id":"https:\/\/tlcdenia.com\/it\/cookies-policy\/#breadcrumb"},"inLanguage":"it-IT","potentialAction":[{"@type":"ReadAction","target":["https:\/\/tlcdenia.com\/it\/cookies-policy\/"]}]},{"@type":"BreadcrumbList","@id":"https:\/\/tlcdenia.com\/it\/cookies-policy\/#breadcrumb","itemListElement":[{"@type":"ListItem","position":1,"name":"Home","item":"https:\/\/tlcdenia.com\/it\/"},{"@type":"ListItem","position":2,"name":"Cookies Policy"}]},{"@type":"WebSite","@id":"https:\/\/tlcdenia.com\/it\/#website","url":"https:\/\/tlcdenia.com\/it\/","name":"Scuola TLCd\u00e9nia - Sito ufficiale","description":"Languages Center","potentialAction":[{"@type":"SearchAction","target":{"@type":"EntryPoint","urlTemplate":"https:\/\/tlcdenia.com\/it\/?s={search_term_string}"},"query-input":{"@type":"PropertyValueSpecification","valueRequired":true,"valueName":"search_term_string"}}],"inLanguage":"it-IT"}]}},"_links":{"self":[{"href":"https:\/\/tlcdenia.com\/it\/wp-json\/wp\/v2\/pages\/31313","targetHints":{"allow":["GET"]}}],"collection":[{"href":"https:\/\/tlcdenia.com\/it\/wp-json\/wp\/v2\/pages"}],"about":[{"href":"https:\/\/tlcdenia.com\/it\/wp-json\/wp\/v2\/types\/page"}],"author":[{"embeddable":true,"href":"https:\/\/tlcdenia.com\/it\/wp-json\/wp\/v2\/users\/3"}],"replies":[{"embeddable":true,"href":"https:\/\/tlcdenia.com\/it\/wp-json\/wp\/v2\/comments?post=31313"}],"version-history":[{"count":0,"href":"https:\/\/tlcdenia.com\/it\/wp-json\/wp\/v2\/pages\/31313\/revisions"}],"wp:attachment":[{"href":"https:\/\/tlcdenia.com\/it\/wp-json\/wp\/v2\/media?parent=31313"}],"curies":[{"name":"wp","href":"https:\/\/api.w.org\/{rel}","templated":true}]}}