{"id":82940,"date":"2024-02-08T16:21:07","date_gmt":"2024-02-08T16:21:07","guid":{"rendered":"https:\/\/tlcdenia.com\/excursion-to-jativa-for-school-groups\/"},"modified":"2024-02-08T16:27:07","modified_gmt":"2024-02-08T16:27:07","slug":"excursion-jativa-groupes-scolaires","status":"publish","type":"page","link":"https:\/\/tlcdenia.com\/fr\/excursion-jativa-groupes-scolaires\/","title":{"rendered":"Excursion \u00e0 J\u00e1tiva pour les groupes scolaires"},"content":{"rendered":"\t\t<div data-elementor-type=\"wp-page\" data-elementor-id=\"82940\" class=\"elementor elementor-82940 elementor-80773\" data-elementor-post-type=\"page\">\n\t\t\t\t<div class=\"elementor-element elementor-element-5f95db8 e-flex e-con-boxed e-con e-parent\" data-id=\"5f95db8\" data-element_type=\"container\" data-e-type=\"container\">\n\t\t\t\t\t<div class=\"e-con-inner\">\n\t\t\t\t<div class=\"elementor-element elementor-element-dbf6422 elementor-widget elementor-widget-image\" data-id=\"dbf6422\" data-element_type=\"widget\" data-e-type=\"widget\" data-widget_type=\"image.default\">\n\t\t\t\t<div class=\"elementor-widget-container\">\n\t\t\t\t\t\t\t\t\t\t\t\t\t\t\t<img fetchpriority=\"high\" decoding=\"async\" width=\"900\" height=\"600\" src=\"https:\/\/tlcdenia.com\/wp-content\/uploads\/2024\/02\/voyage-scolaire-jativa-1.jpg\" class=\"attachment-full size-full wp-image-82975\" alt=\"Ch\u00e2teau de Jativa en Espagne\" srcset=\"https:\/\/tlcdenia.com\/wp-content\/uploads\/2024\/02\/voyage-scolaire-jativa-1.jpg 900w, https:\/\/tlcdenia.com\/wp-content\/uploads\/2024\/02\/voyage-scolaire-jativa-1-300x200.jpg 300w, https:\/\/tlcdenia.com\/wp-content\/uploads\/2024\/02\/voyage-scolaire-jativa-1-768x512.jpg 768w, https:\/\/tlcdenia.com\/wp-content\/uploads\/2024\/02\/voyage-scolaire-jativa-1-600x400.jpg 600w\" sizes=\"(max-width: 900px) 100vw, 900px\" \/>\t\t\t\t\t\t\t\t\t\t\t\t\t\t\t<\/div>\n\t\t\t\t<\/div>\n\t\t\t\t\t<\/div>\n\t\t\t\t<\/div>\n\t\t<div class=\"elementor-element elementor-element-a52e573 e-flex e-con-boxed e-con e-parent\" data-id=\"a52e573\" data-element_type=\"container\" data-e-type=\"container\">\n\t\t\t\t\t<div class=\"e-con-inner\">\n\t\t\t\t<div class=\"elementor-element elementor-element-ca767a9 elementor-widget elementor-widget-text-editor\" data-id=\"ca767a9\" data-element_type=\"widget\" data-e-type=\"widget\" data-widget_type=\"text-editor.default\">\n\t\t\t\t<div class=\"elementor-widget-container\">\n\t\t\t\t\t\t\t\t\t<p><strong>J\u00e1tiva<\/strong> est une ville espagnole avec un <strong>grand h\u00e9ritage historique<\/strong>. Visiter J\u00e1tiva est une excursion parfaite pour que les \u00e9tudiants des groupes scolaires en Espagne apprennent sur l&rsquo;histoire et la culture espagnoles. J\u00e1tiva est fi\u00e8re d&rsquo;\u00eatre le berceau de la famille Borja, l&rsquo;une des plus puissantes de la Renaissance. La famille a atteint une renomm\u00e9e mondiale avec deux papes, Alfonso de Borja (Calixte III, 1456-1458), et son neveu Rodrigo de Borja (Alexandre VI, 1492-1503). C&rsquo;est l&rsquo;une des raisons pour lesquelles ses murs abritent autant de richesses historiques. <br \/><br \/>Notre excursion commencera par l&rsquo;exploration du <strong>centre historique<\/strong> de J\u00e1tiva, avec ses ruelles \u00e9troites pav\u00e9es et ses monuments historiques. Les \u00e9tudiants se sentiront transport\u00e9s \u00e0 travers le temps alors qu&rsquo;ils se prom\u00e8neront dans le centre historique, accompagn\u00e9s de leurs moniteurs.<\/p>\t\t\t\t\t\t\t\t<\/div>\n\t\t\t\t<\/div>\n\t\t\t\t\t<\/div>\n\t\t\t\t<\/div>\n\t\t<div class=\"elementor-element elementor-element-97b616f e-flex e-con-boxed e-con e-parent\" data-id=\"97b616f\" data-element_type=\"container\" data-e-type=\"container\">\n\t\t\t\t\t<div class=\"e-con-inner\">\n\t\t\t\t<div class=\"elementor-element elementor-element-9bbdc0b elementor-widget elementor-widget-image\" data-id=\"9bbdc0b\" data-element_type=\"widget\" data-e-type=\"widget\" data-widget_type=\"image.default\">\n\t\t\t\t<div class=\"elementor-widget-container\">\n\t\t\t\t\t\t\t\t\t\t\t\t\t\t\t<img decoding=\"async\" width=\"900\" height=\"600\" src=\"https:\/\/tlcdenia.com\/wp-content\/uploads\/2024\/02\/voyage-scolaire-jativa-3.jpg\" class=\"attachment-full size-full wp-image-82991\" alt=\"\u00c9glise de Jativa en Espagne\" srcset=\"https:\/\/tlcdenia.com\/wp-content\/uploads\/2024\/02\/voyage-scolaire-jativa-3.jpg 900w, https:\/\/tlcdenia.com\/wp-content\/uploads\/2024\/02\/voyage-scolaire-jativa-3-300x200.jpg 300w, https:\/\/tlcdenia.com\/wp-content\/uploads\/2024\/02\/voyage-scolaire-jativa-3-768x512.jpg 768w\" sizes=\"(max-width: 900px) 100vw, 900px\" \/>\t\t\t\t\t\t\t\t\t\t\t\t\t\t\t<\/div>\n\t\t\t\t<\/div>\n\t\t\t\t\t<\/div>\n\t\t\t\t<\/div>\n\t\t<div class=\"elementor-element elementor-element-1374a9a e-flex e-con-boxed e-con e-parent\" data-id=\"1374a9a\" data-element_type=\"container\" data-e-type=\"container\">\n\t\t\t\t\t<div class=\"e-con-inner\">\n\t\t\t\t<div class=\"elementor-element elementor-element-c01b049 elementor-widget elementor-widget-text-editor\" data-id=\"c01b049\" data-element_type=\"widget\" data-e-type=\"widget\" data-widget_type=\"text-editor.default\">\n\t\t\t\t<div class=\"elementor-widget-container\">\n\t\t\t\t\t\t\t\t\t<p>Nous visiterons le majestueux <strong>ch\u00e2teau de J\u00e1tiva<\/strong>, situ\u00e9 au sommet d&rsquo;une colline et offrant des vues panoramiques impressionnantes sur la ville. Ici, les \u00e9tudiants apprendront sur la riche histoire du ch\u00e2teau et son importance dans la r\u00e9gion. Ils pourront explorer ses tours, ses remparts et ses salles, tout en d\u00e9couvrant la vie m\u00e9di\u00e9vale en Espagne. <br \/><br \/>En poursuivant notre excursion, nous nous rendrons \u00e0 <strong>l&rsquo;\u00e9glise coll\u00e9giale de Santa Mar\u00eda<\/strong>, un joyau architectural avec une magnifique fa\u00e7ade gothique. Les \u00e9l\u00e8ves pourront admirer son impressionnant int\u00e9rieur et apprendre sur l&rsquo;importance de l&rsquo;art et de la religion dans l&rsquo;histoire de l&rsquo;Espagne.<\/p>\t\t\t\t\t\t\t\t<\/div>\n\t\t\t\t<\/div>\n\t\t\t\t\t<\/div>\n\t\t\t\t<\/div>\n\t\t<div class=\"elementor-element elementor-element-ddfba42 e-flex e-con-boxed e-con e-parent\" data-id=\"ddfba42\" data-element_type=\"container\" data-e-type=\"container\">\n\t\t\t\t\t<div class=\"e-con-inner\">\n\t\t\t\t<div class=\"elementor-element elementor-element-a29ffa9 elementor-widget elementor-widget-image\" data-id=\"a29ffa9\" data-element_type=\"widget\" data-e-type=\"widget\" data-widget_type=\"image.default\">\n\t\t\t\t<div class=\"elementor-widget-container\">\n\t\t\t\t\t\t\t\t\t\t\t\t\t\t\t<img decoding=\"async\" width=\"595\" height=\"815\" src=\"https:\/\/tlcdenia.com\/wp-content\/uploads\/2024\/02\/voyage-scolaire-jativa-8.jpg\" class=\"attachment-full size-full wp-image-82959\" alt=\"\u00c9tudiant prenant une photo du ch\u00e2teau de Jativa en Espagne\" srcset=\"https:\/\/tlcdenia.com\/wp-content\/uploads\/2024\/02\/voyage-scolaire-jativa-8.jpg 595w, https:\/\/tlcdenia.com\/wp-content\/uploads\/2024\/02\/voyage-scolaire-jativa-8-219x300.jpg 219w\" sizes=\"(max-width: 595px) 100vw, 595px\" \/>\t\t\t\t\t\t\t\t\t\t\t\t\t\t\t<\/div>\n\t\t\t\t<\/div>\n\t\t\t\t\t<\/div>\n\t\t\t\t<\/div>\n\t\t<div class=\"elementor-element elementor-element-cb56ec7 e-flex e-con-boxed e-con e-parent\" data-id=\"cb56ec7\" data-element_type=\"container\" data-e-type=\"container\">\n\t\t\t\t\t<div class=\"e-con-inner\">\n\t\t\t\t<div class=\"elementor-element elementor-element-656c0ca elementor-widget elementor-widget-text-editor\" data-id=\"656c0ca\" data-element_type=\"widget\" data-e-type=\"widget\" data-widget_type=\"text-editor.default\">\n\t\t\t\t<div class=\"elementor-widget-container\">\n\t\t\t\t\t\t\t\t\t<p>Dans notre excursion, une visite optionnelle est le <strong>Mus\u00e9e de l&rsquo;Almudaina<\/strong>, avec des expositions qui racontent l&rsquo;histoire de J\u00e1tiva depuis l&rsquo;\u00e9poque romaine jusqu&rsquo;\u00e0 nos jours. Ce sera une exp\u00e9rience \u00e9ducative et enrichissante qui leur permettra d&rsquo;approfondir leurs connaissances sur la r\u00e9gion. J\u00e1tiva est, en d\u00e9finitive, une destination id\u00e9ale pour combiner l&rsquo;\u00e9tude de l&rsquo;espagnol avec une exp\u00e9rience culturelle enrichissante.<\/p>\t\t\t\t\t\t\t\t<\/div>\n\t\t\t\t<\/div>\n\t\t\t\t\t<\/div>\n\t\t\t\t<\/div>\n\t\t\t\t<section class=\"elementor-section elementor-top-section elementor-element elementor-element-72f5fe7 elementor-section-boxed elementor-section-height-default elementor-section-height-default\" data-id=\"72f5fe7\" data-element_type=\"section\" data-e-type=\"section\" data-settings=\"{&quot;background_background&quot;:&quot;classic&quot;}\">\n\t\t\t\t\t\t<div class=\"elementor-container elementor-column-gap-default\">\n\t\t\t\t\t<div class=\"elementor-column elementor-col-100 elementor-top-column elementor-element elementor-element-50c6541\" data-id=\"50c6541\" data-element_type=\"column\" data-e-type=\"column\">\n\t\t\t<div class=\"elementor-widget-wrap elementor-element-populated\">\n\t\t\t\t\t\t<div class=\"elementor-element elementor-element-b0eabb2 elementor-widget elementor-widget-heading\" data-id=\"b0eabb2\" data-element_type=\"widget\" data-e-type=\"widget\" data-widget_type=\"heading.default\">\n\t\t\t\t<div class=\"elementor-widget-container\">\n\t\t\t\t\t<h3 class=\"elementor-heading-title elementor-size-default\">EXCURSION \u00c0 J\u00c1TIVA<\/h3>\t\t\t\t<\/div>\n\t\t\t\t<\/div>\n\t\t\t\t\t<\/div>\n\t\t<\/div>\n\t\t\t\t\t<\/div>\n\t\t<\/section>\n\t\t\t\t<section class=\"elementor-section elementor-top-section elementor-element elementor-element-5f688d0 elementor-section-boxed elementor-section-height-default elementor-section-height-default\" data-id=\"5f688d0\" data-element_type=\"section\" data-e-type=\"section\">\n\t\t\t\t\t\t<div class=\"elementor-container elementor-column-gap-default\">\n\t\t\t\t\t<div class=\"elementor-column elementor-col-100 elementor-top-column elementor-element elementor-element-80e4295\" data-id=\"80e4295\" data-element_type=\"column\" data-e-type=\"column\">\n\t\t\t<div class=\"elementor-widget-wrap elementor-element-populated\">\n\t\t\t\t\t\t<div class=\"elementor-element elementor-element-9513d09 elementor-widget elementor-widget-image-gallery\" data-id=\"9513d09\" data-element_type=\"widget\" data-e-type=\"widget\" data-widget_type=\"image-gallery.default\">\n\t\t\t\t<div class=\"elementor-widget-container\">\n\t\t\t\t\t\t\t<div class=\"elementor-image-gallery\">\n\t\t\t<div id='gallery-1' class='gallery galleryid-82940 gallery-columns-4 gallery-size-thumbnail'><figure class='gallery-item'>\n\t\t\t<div class='gallery-icon landscape'>\n\t\t\t\t<a data-elementor-open-lightbox=\"yes\" data-elementor-lightbox-slideshow=\"9513d09\" data-elementor-lightbox-title=\"voyage-scolaire-jativa-5\" data-e-action-hash=\"#elementor-action%3Aaction%3Dlightbox%26settings%3DeyJpZCI6ODMwMDcsInVybCI6Imh0dHBzOlwvXC90bGNkZW5pYS5jb21cL3dwLWNvbnRlbnRcL3VwbG9hZHNcLzIwMjRcLzAyXC92b3lhZ2Utc2NvbGFpcmUtamF0aXZhLTUuanBnIiwic2xpZGVzaG93IjoiOTUxM2QwOSJ9\" href='https:\/\/tlcdenia.com\/wp-content\/uploads\/2024\/02\/voyage-scolaire-jativa-5.jpg'><img loading=\"lazy\" decoding=\"async\" width=\"150\" height=\"150\" src=\"https:\/\/tlcdenia.com\/wp-content\/uploads\/2024\/02\/voyage-scolaire-jativa-5-150x150.jpg\" class=\"attachment-thumbnail size-thumbnail\" alt=\"Ch\u00e2teau de Jativa en Espagne\" \/><\/a>\n\t\t\t<\/div><\/figure><figure class='gallery-item'>\n\t\t\t<div class='gallery-icon landscape'>\n\t\t\t\t<a data-elementor-open-lightbox=\"yes\" data-elementor-lightbox-slideshow=\"9513d09\" data-elementor-lightbox-title=\"voyage-scolaire-jativa-2\" data-e-action-hash=\"#elementor-action%3Aaction%3Dlightbox%26settings%3DeyJpZCI6ODI5ODMsInVybCI6Imh0dHBzOlwvXC90bGNkZW5pYS5jb21cL3dwLWNvbnRlbnRcL3VwbG9hZHNcLzIwMjRcLzAyXC92b3lhZ2Utc2NvbGFpcmUtamF0aXZhLTIuanBnIiwic2xpZGVzaG93IjoiOTUxM2QwOSJ9\" href='https:\/\/tlcdenia.com\/wp-content\/uploads\/2024\/02\/voyage-scolaire-jativa-2.jpg'><img loading=\"lazy\" decoding=\"async\" width=\"150\" height=\"150\" src=\"https:\/\/tlcdenia.com\/wp-content\/uploads\/2024\/02\/voyage-scolaire-jativa-2-150x150.jpg\" class=\"attachment-thumbnail size-thumbnail\" alt=\"Ch\u00e2teau de Jativa en Espagne\" \/><\/a>\n\t\t\t<\/div><\/figure><figure class='gallery-item'>\n\t\t\t<div class='gallery-icon landscape'>\n\t\t\t\t<a data-elementor-open-lightbox=\"yes\" data-elementor-lightbox-slideshow=\"9513d09\" data-elementor-lightbox-title=\"voyage-scolaire-jativa-7\" data-e-action-hash=\"#elementor-action%3Aaction%3Dlightbox%26settings%3DeyJpZCI6ODI5NTEsInVybCI6Imh0dHBzOlwvXC90bGNkZW5pYS5jb21cL3dwLWNvbnRlbnRcL3VwbG9hZHNcLzIwMjRcLzAyXC92b3lhZ2Utc2NvbGFpcmUtamF0aXZhLTcuanBnIiwic2xpZGVzaG93IjoiOTUxM2QwOSJ9\" href='https:\/\/tlcdenia.com\/wp-content\/uploads\/2024\/02\/voyage-scolaire-jativa-7.jpg'><img loading=\"lazy\" decoding=\"async\" width=\"150\" height=\"150\" src=\"https:\/\/tlcdenia.com\/wp-content\/uploads\/2024\/02\/voyage-scolaire-jativa-7-150x150.jpg\" class=\"attachment-thumbnail size-thumbnail\" alt=\"Ch\u00e2teau de Jativa en Espagne\" \/><\/a>\n\t\t\t<\/div><\/figure><figure class='gallery-item'>\n\t\t\t<div class='gallery-icon landscape'>\n\t\t\t\t<a data-elementor-open-lightbox=\"yes\" data-elementor-lightbox-slideshow=\"9513d09\" data-elementor-lightbox-title=\"voyage-scolaire-jativa-1\" data-e-action-hash=\"#elementor-action%3Aaction%3Dlightbox%26settings%3DeyJpZCI6ODI5NzUsInVybCI6Imh0dHBzOlwvXC90bGNkZW5pYS5jb21cL3dwLWNvbnRlbnRcL3VwbG9hZHNcLzIwMjRcLzAyXC92b3lhZ2Utc2NvbGFpcmUtamF0aXZhLTEuanBnIiwic2xpZGVzaG93IjoiOTUxM2QwOSJ9\" href='https:\/\/tlcdenia.com\/wp-content\/uploads\/2024\/02\/voyage-scolaire-jativa-1.jpg'><img loading=\"lazy\" decoding=\"async\" width=\"150\" height=\"150\" src=\"https:\/\/tlcdenia.com\/wp-content\/uploads\/2024\/02\/voyage-scolaire-jativa-1-150x150.jpg\" class=\"attachment-thumbnail size-thumbnail\" alt=\"Ch\u00e2teau de Jativa en Espagne\" srcset=\"https:\/\/tlcdenia.com\/wp-content\/uploads\/2024\/02\/voyage-scolaire-jativa-1-150x150.jpg 150w, https:\/\/tlcdenia.com\/wp-content\/uploads\/2024\/02\/voyage-scolaire-jativa-1-600x600.jpg 600w\" sizes=\"(max-width: 150px) 100vw, 150px\" \/><\/a>\n\t\t\t<\/div><\/figure><figure class='gallery-item'>\n\t\t\t<div class='gallery-icon portrait'>\n\t\t\t\t<a data-elementor-open-lightbox=\"yes\" data-elementor-lightbox-slideshow=\"9513d09\" data-elementor-lightbox-title=\"voyage-scolaire-jativa-8\" data-e-action-hash=\"#elementor-action%3Aaction%3Dlightbox%26settings%3DeyJpZCI6ODI5NTksInVybCI6Imh0dHBzOlwvXC90bGNkZW5pYS5jb21cL3dwLWNvbnRlbnRcL3VwbG9hZHNcLzIwMjRcLzAyXC92b3lhZ2Utc2NvbGFpcmUtamF0aXZhLTguanBnIiwic2xpZGVzaG93IjoiOTUxM2QwOSJ9\" href='https:\/\/tlcdenia.com\/wp-content\/uploads\/2024\/02\/voyage-scolaire-jativa-8.jpg'><img loading=\"lazy\" decoding=\"async\" width=\"150\" height=\"150\" src=\"https:\/\/tlcdenia.com\/wp-content\/uploads\/2024\/02\/voyage-scolaire-jativa-8-150x150.jpg\" class=\"attachment-thumbnail size-thumbnail\" alt=\"\u00c9tudiant prenant une photo du ch\u00e2teau de Jativa en Espagne\" \/><\/a>\n\t\t\t<\/div><\/figure><figure class='gallery-item'>\n\t\t\t<div class='gallery-icon landscape'>\n\t\t\t\t<a data-elementor-open-lightbox=\"yes\" data-elementor-lightbox-slideshow=\"9513d09\" data-elementor-lightbox-title=\"voyage-scolaire-jativa-3\" data-e-action-hash=\"#elementor-action%3Aaction%3Dlightbox%26settings%3DeyJpZCI6ODI5OTEsInVybCI6Imh0dHBzOlwvXC90bGNkZW5pYS5jb21cL3dwLWNvbnRlbnRcL3VwbG9hZHNcLzIwMjRcLzAyXC92b3lhZ2Utc2NvbGFpcmUtamF0aXZhLTMuanBnIiwic2xpZGVzaG93IjoiOTUxM2QwOSJ9\" href='https:\/\/tlcdenia.com\/wp-content\/uploads\/2024\/02\/voyage-scolaire-jativa-3.jpg'><img loading=\"lazy\" decoding=\"async\" width=\"150\" height=\"150\" src=\"https:\/\/tlcdenia.com\/wp-content\/uploads\/2024\/02\/voyage-scolaire-jativa-3-150x150.jpg\" class=\"attachment-thumbnail size-thumbnail\" alt=\"\u00c9glise de Jativa en Espagne\" \/><\/a>\n\t\t\t<\/div><\/figure><figure class='gallery-item'>\n\t\t\t<div class='gallery-icon landscape'>\n\t\t\t\t<a data-elementor-open-lightbox=\"yes\" data-elementor-lightbox-slideshow=\"9513d09\" data-elementor-lightbox-title=\"voyage-scolaire-jativa-6\" data-e-action-hash=\"#elementor-action%3Aaction%3Dlightbox%26settings%3DeyJpZCI6ODI5NDMsInVybCI6Imh0dHBzOlwvXC90bGNkZW5pYS5jb21cL3dwLWNvbnRlbnRcL3VwbG9hZHNcLzIwMjRcLzAyXC92b3lhZ2Utc2NvbGFpcmUtamF0aXZhLTYuanBnIiwic2xpZGVzaG93IjoiOTUxM2QwOSJ9\" href='https:\/\/tlcdenia.com\/wp-content\/uploads\/2024\/02\/voyage-scolaire-jativa-6.jpg'><img loading=\"lazy\" decoding=\"async\" width=\"150\" height=\"150\" src=\"https:\/\/tlcdenia.com\/wp-content\/uploads\/2024\/02\/voyage-scolaire-jativa-6-150x150.jpg\" class=\"attachment-thumbnail size-thumbnail\" alt=\"\u00c9glise de Jativa en Espagne\" \/><\/a>\n\t\t\t<\/div><\/figure><figure class='gallery-item'>\n\t\t\t<div class='gallery-icon landscape'>\n\t\t\t\t<a data-elementor-open-lightbox=\"yes\" data-elementor-lightbox-slideshow=\"9513d09\" data-elementor-lightbox-title=\"voyage-scolaire-jativa-4\" data-e-action-hash=\"#elementor-action%3Aaction%3Dlightbox%26settings%3DeyJpZCI6ODI5OTksInVybCI6Imh0dHBzOlwvXC90bGNkZW5pYS5jb21cL3dwLWNvbnRlbnRcL3VwbG9hZHNcLzIwMjRcLzAyXC92b3lhZ2Utc2NvbGFpcmUtamF0aXZhLTQuanBnIiwic2xpZGVzaG93IjoiOTUxM2QwOSJ9\" href='https:\/\/tlcdenia.com\/wp-content\/uploads\/2024\/02\/voyage-scolaire-jativa-4.jpg'><img loading=\"lazy\" decoding=\"async\" width=\"150\" height=\"150\" src=\"https:\/\/tlcdenia.com\/wp-content\/uploads\/2024\/02\/voyage-scolaire-jativa-4-150x150.jpg\" class=\"attachment-thumbnail size-thumbnail\" alt=\"Monument de Jativa en Espagne\" \/><\/a>\n\t\t\t<\/div><\/figure>\n\t\t<\/div>\n\t\t<\/div>\n\t\t\t\t\t\t<\/div>\n\t\t\t\t<\/div>\n\t\t\t\t\t<\/div>\n\t\t<\/div>\n\t\t\t\t\t<\/div>\n\t\t<\/section>\n\t\t\t\t<\/div>\n\t\t","protected":false},"excerpt":{"rendered":"<p>J\u00e1tiva est une ville espagnole avec un grand h\u00e9ritage historique. Visiter J\u00e1tiva est une excursion parfaite pour que les \u00e9tudiants des groupes scolaires en Espagne apprennent sur l&rsquo;histoire et la culture espagnoles. J\u00e1tiva est fi\u00e8re d&rsquo;\u00eatre le berceau de la &hellip; <\/p>\n","protected":false},"author":4,"featured_media":82975,"parent":0,"menu_order":0,"comment_status":"closed","ping_status":"closed","template":"page-templates\/page-spanishcourses.php","meta":{"_acf_changed":false,"footnotes":""},"class_list":["post-82940","page","type-page","status-publish","has-post-thumbnail","hentry"],"acf":[],"yoast_head":"<!-- This site is optimized with the Yoast SEO plugin v26.9 - https:\/\/yoast.com\/product\/yoast-seo-wordpress\/ -->\n<title>Espagnol pour groupes scolaires en Espagne : Excursion \u00e0 J\u00e1tiva<\/title>\n<meta name=\"description\" content=\"Les groupes scolaires qui apprennent l&#039;espagnol avec nous \u00e0 Denia, en Espagne, ont la possibilit\u00e9 de visiter la ville historique de J\u00e1tiva.\" \/>\n<meta name=\"robots\" content=\"index, follow, max-snippet:-1, max-image-preview:large, max-video-preview:-1\" \/>\n<link rel=\"canonical\" href=\"https:\/\/tlcdenia.com\/fr\/excursion-jativa-groupes-scolaires\/\" \/>\n<meta property=\"og:locale\" content=\"fr_FR\" \/>\n<meta property=\"og:type\" content=\"article\" \/>\n<meta property=\"og:title\" content=\"Espagnol pour groupes scolaires en Espagne : Excursion \u00e0 J\u00e1tiva\" \/>\n<meta property=\"og:description\" content=\"Les groupes scolaires qui apprennent l&#039;espagnol avec nous \u00e0 Denia, en Espagne, ont la possibilit\u00e9 de visiter la ville historique de J\u00e1tiva.\" \/>\n<meta property=\"og:url\" content=\"https:\/\/tlcdenia.com\/fr\/excursion-jativa-groupes-scolaires\/\" \/>\n<meta property=\"og:site_name\" content=\"\u00c9cole TLCd\u00e9nia - Site officiel\" \/>\n<meta property=\"article:modified_time\" content=\"2024-02-08T16:27:07+00:00\" \/>\n<meta property=\"og:image\" content=\"https:\/\/tlcdenia.com\/wp-content\/uploads\/2024\/02\/voyage-scolaire-jativa-1.jpg\" \/>\n\t<meta property=\"og:image:width\" content=\"900\" \/>\n\t<meta property=\"og:image:height\" content=\"600\" \/>\n\t<meta property=\"og:image:type\" content=\"image\/jpeg\" \/>\n<meta name=\"twitter:card\" content=\"summary_large_image\" \/>\n<meta name=\"twitter:label1\" content=\"Dur\u00e9e de lecture estim\u00e9e\" \/>\n\t<meta name=\"twitter:data1\" content=\"3 minutes\" \/>\n<script type=\"application\/ld+json\" class=\"yoast-schema-graph\">{\"@context\":\"https:\/\/schema.org\",\"@graph\":[{\"@type\":\"WebPage\",\"@id\":\"https:\/\/tlcdenia.com\/fr\/excursion-jativa-groupes-scolaires\/\",\"url\":\"https:\/\/tlcdenia.com\/fr\/excursion-jativa-groupes-scolaires\/\",\"name\":\"Espagnol pour groupes scolaires en Espagne : Excursion \u00e0 J\u00e1tiva\",\"isPartOf\":{\"@id\":\"https:\/\/tlcdenia.com\/fr\/#website\"},\"primaryImageOfPage\":{\"@id\":\"https:\/\/tlcdenia.com\/fr\/excursion-jativa-groupes-scolaires\/#primaryimage\"},\"image\":{\"@id\":\"https:\/\/tlcdenia.com\/fr\/excursion-jativa-groupes-scolaires\/#primaryimage\"},\"thumbnailUrl\":\"https:\/\/tlcdenia.com\/wp-content\/uploads\/2024\/02\/voyage-scolaire-jativa-1.jpg\",\"datePublished\":\"2024-02-08T16:21:07+00:00\",\"dateModified\":\"2024-02-08T16:27:07+00:00\",\"description\":\"Les groupes scolaires qui apprennent l'espagnol avec nous \u00e0 Denia, en Espagne, ont la possibilit\u00e9 de visiter la ville historique de J\u00e1tiva.\",\"breadcrumb\":{\"@id\":\"https:\/\/tlcdenia.com\/fr\/excursion-jativa-groupes-scolaires\/#breadcrumb\"},\"inLanguage\":\"fr-FR\",\"potentialAction\":[{\"@type\":\"ReadAction\",\"target\":[\"https:\/\/tlcdenia.com\/fr\/excursion-jativa-groupes-scolaires\/\"]}]},{\"@type\":\"ImageObject\",\"inLanguage\":\"fr-FR\",\"@id\":\"https:\/\/tlcdenia.com\/fr\/excursion-jativa-groupes-scolaires\/#primaryimage\",\"url\":\"https:\/\/tlcdenia.com\/wp-content\/uploads\/2024\/02\/voyage-scolaire-jativa-1.jpg\",\"contentUrl\":\"https:\/\/tlcdenia.com\/wp-content\/uploads\/2024\/02\/voyage-scolaire-jativa-1.jpg\",\"width\":900,\"height\":600,\"caption\":\"Ch\u00e2teau de Jativa en Espagne\"},{\"@type\":\"BreadcrumbList\",\"@id\":\"https:\/\/tlcdenia.com\/fr\/excursion-jativa-groupes-scolaires\/#breadcrumb\",\"itemListElement\":[{\"@type\":\"ListItem\",\"position\":1,\"name\":\"Home\",\"item\":\"https:\/\/tlcdenia.com\/fr\/\"},{\"@type\":\"ListItem\",\"position\":2,\"name\":\"Excursion \u00e0 J\u00e1tiva pour les groupes scolaires\"}]},{\"@type\":\"WebSite\",\"@id\":\"https:\/\/tlcdenia.com\/fr\/#website\",\"url\":\"https:\/\/tlcdenia.com\/fr\/\",\"name\":\"\u00c9cole TLCd\u00e9nia - Site officiel\",\"description\":\"Languages Center\",\"potentialAction\":[{\"@type\":\"SearchAction\",\"target\":{\"@type\":\"EntryPoint\",\"urlTemplate\":\"https:\/\/tlcdenia.com\/fr\/?s={search_term_string}\"},\"query-input\":{\"@type\":\"PropertyValueSpecification\",\"valueRequired\":true,\"valueName\":\"search_term_string\"}}],\"inLanguage\":\"fr-FR\"}]}<\/script>\n<!-- \/ Yoast SEO plugin. -->","yoast_head_json":{"title":"Espagnol pour groupes scolaires en Espagne : Excursion \u00e0 J\u00e1tiva","description":"Les groupes scolaires qui apprennent l'espagnol avec nous \u00e0 Denia, en Espagne, ont la possibilit\u00e9 de visiter la ville historique de J\u00e1tiva.","robots":{"index":"index","follow":"follow","max-snippet":"max-snippet:-1","max-image-preview":"max-image-preview:large","max-video-preview":"max-video-preview:-1"},"canonical":"https:\/\/tlcdenia.com\/fr\/excursion-jativa-groupes-scolaires\/","og_locale":"fr_FR","og_type":"article","og_title":"Espagnol pour groupes scolaires en Espagne : Excursion \u00e0 J\u00e1tiva","og_description":"Les groupes scolaires qui apprennent l'espagnol avec nous \u00e0 Denia, en Espagne, ont la possibilit\u00e9 de visiter la ville historique de J\u00e1tiva.","og_url":"https:\/\/tlcdenia.com\/fr\/excursion-jativa-groupes-scolaires\/","og_site_name":"\u00c9cole TLCd\u00e9nia - Site officiel","article_modified_time":"2024-02-08T16:27:07+00:00","og_image":[{"width":900,"height":600,"url":"https:\/\/tlcdenia.com\/wp-content\/uploads\/2024\/02\/voyage-scolaire-jativa-1.jpg","type":"image\/jpeg"}],"twitter_card":"summary_large_image","twitter_misc":{"Dur\u00e9e de lecture estim\u00e9e":"3 minutes"},"schema":{"@context":"https:\/\/schema.org","@graph":[{"@type":"WebPage","@id":"https:\/\/tlcdenia.com\/fr\/excursion-jativa-groupes-scolaires\/","url":"https:\/\/tlcdenia.com\/fr\/excursion-jativa-groupes-scolaires\/","name":"Espagnol pour groupes scolaires en Espagne : Excursion \u00e0 J\u00e1tiva","isPartOf":{"@id":"https:\/\/tlcdenia.com\/fr\/#website"},"primaryImageOfPage":{"@id":"https:\/\/tlcdenia.com\/fr\/excursion-jativa-groupes-scolaires\/#primaryimage"},"image":{"@id":"https:\/\/tlcdenia.com\/fr\/excursion-jativa-groupes-scolaires\/#primaryimage"},"thumbnailUrl":"https:\/\/tlcdenia.com\/wp-content\/uploads\/2024\/02\/voyage-scolaire-jativa-1.jpg","datePublished":"2024-02-08T16:21:07+00:00","dateModified":"2024-02-08T16:27:07+00:00","description":"Les groupes scolaires qui apprennent l'espagnol avec nous \u00e0 Denia, en Espagne, ont la possibilit\u00e9 de visiter la ville historique de J\u00e1tiva.","breadcrumb":{"@id":"https:\/\/tlcdenia.com\/fr\/excursion-jativa-groupes-scolaires\/#breadcrumb"},"inLanguage":"fr-FR","potentialAction":[{"@type":"ReadAction","target":["https:\/\/tlcdenia.com\/fr\/excursion-jativa-groupes-scolaires\/"]}]},{"@type":"ImageObject","inLanguage":"fr-FR","@id":"https:\/\/tlcdenia.com\/fr\/excursion-jativa-groupes-scolaires\/#primaryimage","url":"https:\/\/tlcdenia.com\/wp-content\/uploads\/2024\/02\/voyage-scolaire-jativa-1.jpg","contentUrl":"https:\/\/tlcdenia.com\/wp-content\/uploads\/2024\/02\/voyage-scolaire-jativa-1.jpg","width":900,"height":600,"caption":"Ch\u00e2teau de Jativa en Espagne"},{"@type":"BreadcrumbList","@id":"https:\/\/tlcdenia.com\/fr\/excursion-jativa-groupes-scolaires\/#breadcrumb","itemListElement":[{"@type":"ListItem","position":1,"name":"Home","item":"https:\/\/tlcdenia.com\/fr\/"},{"@type":"ListItem","position":2,"name":"Excursion \u00e0 J\u00e1tiva pour les groupes scolaires"}]},{"@type":"WebSite","@id":"https:\/\/tlcdenia.com\/fr\/#website","url":"https:\/\/tlcdenia.com\/fr\/","name":"\u00c9cole TLCd\u00e9nia - Site officiel","description":"Languages Center","potentialAction":[{"@type":"SearchAction","target":{"@type":"EntryPoint","urlTemplate":"https:\/\/tlcdenia.com\/fr\/?s={search_term_string}"},"query-input":{"@type":"PropertyValueSpecification","valueRequired":true,"valueName":"search_term_string"}}],"inLanguage":"fr-FR"}]}},"_links":{"self":[{"href":"https:\/\/tlcdenia.com\/fr\/wp-json\/wp\/v2\/pages\/82940","targetHints":{"allow":["GET"]}}],"collection":[{"href":"https:\/\/tlcdenia.com\/fr\/wp-json\/wp\/v2\/pages"}],"about":[{"href":"https:\/\/tlcdenia.com\/fr\/wp-json\/wp\/v2\/types\/page"}],"author":[{"embeddable":true,"href":"https:\/\/tlcdenia.com\/fr\/wp-json\/wp\/v2\/users\/4"}],"replies":[{"embeddable":true,"href":"https:\/\/tlcdenia.com\/fr\/wp-json\/wp\/v2\/comments?post=82940"}],"version-history":[{"count":5,"href":"https:\/\/tlcdenia.com\/fr\/wp-json\/wp\/v2\/pages\/82940\/revisions"}],"predecessor-version":[{"id":83017,"href":"https:\/\/tlcdenia.com\/fr\/wp-json\/wp\/v2\/pages\/82940\/revisions\/83017"}],"wp:featuredmedia":[{"embeddable":true,"href":"https:\/\/tlcdenia.com\/fr\/wp-json\/wp\/v2\/media\/82975"}],"wp:attachment":[{"href":"https:\/\/tlcdenia.com\/fr\/wp-json\/wp\/v2\/media?parent=82940"}],"curies":[{"name":"wp","href":"https:\/\/api.w.org\/{rel}","templated":true}]}}