{"id":82671,"date":"2024-02-08T15:52:56","date_gmt":"2024-02-08T15:52:56","guid":{"rendered":"https:\/\/tlcdenia.com\/excursion-to-aqualandia-for-school-groups\/"},"modified":"2024-02-08T15:58:07","modified_gmt":"2024-02-08T15:58:07","slug":"excursion-aqualandia-groupes-scolaires","status":"publish","type":"page","link":"https:\/\/tlcdenia.com\/fr\/excursion-aqualandia-groupes-scolaires\/","title":{"rendered":"Excursion \u00e0 Aqualandia pour les groupes scolaires"},"content":{"rendered":"\t\t<div data-elementor-type=\"wp-page\" data-elementor-id=\"82671\" class=\"elementor elementor-82671 elementor-80506\" data-elementor-post-type=\"page\">\n\t\t\t\t<div class=\"elementor-element elementor-element-c05519f e-flex e-con-boxed e-con e-parent\" data-id=\"c05519f\" data-element_type=\"container\" data-e-type=\"container\">\n\t\t\t\t\t<div class=\"e-con-inner\">\n\t\t\t\t<div class=\"elementor-element elementor-element-dfbf8f3 elementor-widget elementor-widget-image\" data-id=\"dfbf8f3\" data-element_type=\"widget\" data-e-type=\"widget\" data-widget_type=\"image.default\">\n\t\t\t\t<div class=\"elementor-widget-container\">\n\t\t\t\t\t\t\t\t\t\t\t\t\t\t\t<img fetchpriority=\"high\" decoding=\"async\" width=\"900\" height=\"600\" src=\"https:\/\/tlcdenia.com\/wp-content\/uploads\/2024\/02\/voyage-scolaire-aqualandia-1.jpg\" class=\"attachment-full size-full wp-image-82738\" alt=\"Groupe scolaire \u00e0 Aqualandia, en Espagne\" srcset=\"https:\/\/tlcdenia.com\/wp-content\/uploads\/2024\/02\/voyage-scolaire-aqualandia-1.jpg 900w, https:\/\/tlcdenia.com\/wp-content\/uploads\/2024\/02\/voyage-scolaire-aqualandia-1-300x200.jpg 300w, https:\/\/tlcdenia.com\/wp-content\/uploads\/2024\/02\/voyage-scolaire-aqualandia-1-768x512.jpg 768w\" sizes=\"(max-width: 900px) 100vw, 900px\" \/>\t\t\t\t\t\t\t\t\t\t\t\t\t\t\t<\/div>\n\t\t\t\t<\/div>\n\t\t\t\t\t<\/div>\n\t\t\t\t<\/div>\n\t\t<div class=\"elementor-element elementor-element-a53129e e-flex e-con-boxed e-con e-parent\" data-id=\"a53129e\" data-element_type=\"container\" data-e-type=\"container\">\n\t\t\t\t\t<div class=\"e-con-inner\">\n\t\t\t\t<div class=\"elementor-element elementor-element-4e8aa82 elementor-widget elementor-widget-text-editor\" data-id=\"4e8aa82\" data-element_type=\"widget\" data-e-type=\"widget\" data-widget_type=\"text-editor.default\">\n\t\t\t\t<div class=\"elementor-widget-container\">\n\t\t\t\t\t\t\t\t\t<p>Chez TLCd\u00e9nia, nous croyons que l&rsquo;apprentissage doit \u00eatre une exp\u00e9rience agr\u00e9able. Notre programme pour les groupes scolaires est con\u00e7u pour combiner une immersion compl\u00e8te dans l&rsquo;espagnol avec du divertissement, offrant aux \u00e9tudiants une opportunit\u00e9 unique d&rsquo;apprendre tout en s&rsquo;amusant.<\/p>\t\t\t\t\t\t\t\t<\/div>\n\t\t\t\t<\/div>\n\t\t\t\t\t<\/div>\n\t\t\t\t<\/div>\n\t\t<div class=\"elementor-element elementor-element-ec67482 e-flex e-con-boxed e-con e-parent\" data-id=\"ec67482\" data-element_type=\"container\" data-e-type=\"container\">\n\t\t\t\t\t<div class=\"e-con-inner\">\n\t\t\t\t<div class=\"elementor-element elementor-element-94fbe71 elementor-widget elementor-widget-image\" data-id=\"94fbe71\" data-element_type=\"widget\" data-e-type=\"widget\" data-widget_type=\"image.default\">\n\t\t\t\t<div class=\"elementor-widget-container\">\n\t\t\t\t\t\t\t\t\t\t\t\t\t\t\t<img decoding=\"async\" width=\"900\" height=\"600\" src=\"https:\/\/tlcdenia.com\/wp-content\/uploads\/2024\/02\/voyage-scolaire-aqualandia-4.jpg\" class=\"attachment-full size-full wp-image-82690\" alt=\"Des \u00e9tudiants descendent un toboggan \u00e0 Aqualandia, en Espagne\" srcset=\"https:\/\/tlcdenia.com\/wp-content\/uploads\/2024\/02\/voyage-scolaire-aqualandia-4.jpg 900w, https:\/\/tlcdenia.com\/wp-content\/uploads\/2024\/02\/voyage-scolaire-aqualandia-4-300x200.jpg 300w, https:\/\/tlcdenia.com\/wp-content\/uploads\/2024\/02\/voyage-scolaire-aqualandia-4-768x512.jpg 768w\" sizes=\"(max-width: 900px) 100vw, 900px\" \/>\t\t\t\t\t\t\t\t\t\t\t\t\t\t\t<\/div>\n\t\t\t\t<\/div>\n\t\t\t\t\t<\/div>\n\t\t\t\t<\/div>\n\t\t<div class=\"elementor-element elementor-element-fe6660d e-flex e-con-boxed e-con e-parent\" data-id=\"fe6660d\" data-element_type=\"container\" data-e-type=\"container\">\n\t\t\t\t\t<div class=\"e-con-inner\">\n\t\t\t\t<div class=\"elementor-element elementor-element-02a3d67 elementor-widget elementor-widget-text-editor\" data-id=\"02a3d67\" data-element_type=\"widget\" data-e-type=\"widget\" data-widget_type=\"text-editor.default\">\n\t\t\t\t<div class=\"elementor-widget-container\">\n\t\t\t\t\t\t\t\t\t<p>En plus du cours d&rsquo;espagnol, les \u00e9tudiants peuvent faire une <strong>excursion \u00e0 Aqualandia<\/strong>, \u00e0 Benidorm, un incroyable parc aquatique de notre r\u00e9gion.<br \/>Aqualandia est connue pour ses passionnants <strong>toboggans aquatiques<\/strong> \u00e0 grande vitesse \u00e0 plusieurs niveaux. Il dispose \u00e9galement de piscines \u00e0 vagues et d&rsquo;aires de jeux aquatiques interactives.<br \/>Les attractions offrent une exp\u00e9rience pleine d&rsquo;adr\u00e9naline aux \u00e9tudiants en qu\u00eate d&rsquo;aventure.<\/p>\t\t\t\t\t\t\t\t<\/div>\n\t\t\t\t<\/div>\n\t\t\t\t\t<\/div>\n\t\t\t\t<\/div>\n\t\t<div class=\"elementor-element elementor-element-8f23977 e-flex e-con-boxed e-con e-parent\" data-id=\"8f23977\" data-element_type=\"container\" data-e-type=\"container\">\n\t\t\t\t\t<div class=\"e-con-inner\">\n\t\t\t\t<div class=\"elementor-element elementor-element-bebfb30 elementor-widget elementor-widget-image\" data-id=\"bebfb30\" data-element_type=\"widget\" data-e-type=\"widget\" data-widget_type=\"image.default\">\n\t\t\t\t<div class=\"elementor-widget-container\">\n\t\t\t\t\t\t\t\t\t\t\t\t\t\t\t<img decoding=\"async\" width=\"900\" height=\"600\" src=\"https:\/\/tlcdenia.com\/wp-content\/uploads\/2024\/02\/voyage-scolaire-aqualandia-7.jpg\" class=\"attachment-full size-full wp-image-82714\" alt=\"Aqualandia, en Espagne\" srcset=\"https:\/\/tlcdenia.com\/wp-content\/uploads\/2024\/02\/voyage-scolaire-aqualandia-7.jpg 900w, https:\/\/tlcdenia.com\/wp-content\/uploads\/2024\/02\/voyage-scolaire-aqualandia-7-300x200.jpg 300w, https:\/\/tlcdenia.com\/wp-content\/uploads\/2024\/02\/voyage-scolaire-aqualandia-7-768x512.jpg 768w\" sizes=\"(max-width: 900px) 100vw, 900px\" \/>\t\t\t\t\t\t\t\t\t\t\t\t\t\t\t<\/div>\n\t\t\t\t<\/div>\n\t\t\t\t\t<\/div>\n\t\t\t\t<\/div>\n\t\t<div class=\"elementor-element elementor-element-d45adb7 e-flex e-con-boxed e-con e-parent\" data-id=\"d45adb7\" data-element_type=\"container\" data-e-type=\"container\">\n\t\t\t\t\t<div class=\"e-con-inner\">\n\t\t\t\t<div class=\"elementor-element elementor-element-52f542d elementor-widget elementor-widget-text-editor\" data-id=\"52f542d\" data-element_type=\"widget\" data-e-type=\"widget\" data-widget_type=\"text-editor.default\">\n\t\t\t\t<div class=\"elementor-widget-container\">\n\t\t\t\t\t\t\t\t\t<p>Pour ceux qui pr\u00e9f\u00e8rent se d\u00e9tendre, il existe \u00e9galement des <strong>rivi\u00e8res lentes<\/strong> o\u00f9 se baigner ou des <strong>piscines avec spas<\/strong>. Il y a \u00e9galement des aires de repos, des aires de pique-nique et une zone de restaurants et caf\u00e9s.<\/p><p>A Aqualandia, des <strong>\u00e9v\u00e9nements \u00e0 th\u00e8me<\/strong>, des soir\u00e9es et des spectacles aquatiques sont organis\u00e9s dont les \u00e9tudiants peuvent profiter.<\/p><p>Lors de cette excursion pour les groupes scolaires, nous passons toute la journ\u00e9e dans ce parc aquatique o\u00f9 ils pourront s&rsquo;amuser avec leurs camarades de classe et nos instructeurs. C&rsquo;est une journ\u00e9e pleine de plaisir, d&rsquo;excitation et beaucoup de rires\u00a0!<\/p>\t\t\t\t\t\t\t\t<\/div>\n\t\t\t\t<\/div>\n\t\t\t\t\t<\/div>\n\t\t\t\t<\/div>\n\t\t\t\t<section class=\"elementor-section elementor-top-section elementor-element elementor-element-6e347c3 elementor-section-boxed elementor-section-height-default elementor-section-height-default\" data-id=\"6e347c3\" data-element_type=\"section\" data-e-type=\"section\" data-settings=\"{&quot;background_background&quot;:&quot;classic&quot;}\">\n\t\t\t\t\t\t<div class=\"elementor-container elementor-column-gap-default\">\n\t\t\t\t\t<div class=\"elementor-column elementor-col-100 elementor-top-column elementor-element elementor-element-8baa738\" data-id=\"8baa738\" data-element_type=\"column\" data-e-type=\"column\">\n\t\t\t<div class=\"elementor-widget-wrap elementor-element-populated\">\n\t\t\t\t\t\t<div class=\"elementor-element elementor-element-09c50bd elementor-widget elementor-widget-heading\" data-id=\"09c50bd\" data-element_type=\"widget\" data-e-type=\"widget\" data-widget_type=\"heading.default\">\n\t\t\t\t<div class=\"elementor-widget-container\">\n\t\t\t\t\t<h3 class=\"elementor-heading-title elementor-size-default\">EXCURSION \u00c0 AQUALANDIA, BENIDORM<\/h3>\t\t\t\t<\/div>\n\t\t\t\t<\/div>\n\t\t\t\t\t<\/div>\n\t\t<\/div>\n\t\t\t\t\t<\/div>\n\t\t<\/section>\n\t\t\t\t<section class=\"elementor-section elementor-top-section elementor-element elementor-element-51c28e9 elementor-section-boxed elementor-section-height-default elementor-section-height-default\" data-id=\"51c28e9\" data-element_type=\"section\" data-e-type=\"section\">\n\t\t\t\t\t\t<div class=\"elementor-container elementor-column-gap-default\">\n\t\t\t\t\t<div class=\"elementor-column elementor-col-100 elementor-top-column elementor-element elementor-element-f8d240a\" data-id=\"f8d240a\" data-element_type=\"column\" data-e-type=\"column\">\n\t\t\t<div class=\"elementor-widget-wrap elementor-element-populated\">\n\t\t\t\t\t\t<div class=\"elementor-element elementor-element-60f2e79 elementor-widget elementor-widget-image-gallery\" data-id=\"60f2e79\" data-element_type=\"widget\" data-e-type=\"widget\" data-widget_type=\"image-gallery.default\">\n\t\t\t\t<div class=\"elementor-widget-container\">\n\t\t\t\t\t\t\t<div class=\"elementor-image-gallery\">\n\t\t\t<div id='gallery-1' class='gallery galleryid-82671 gallery-columns-4 gallery-size-thumbnail'><figure class='gallery-item'>\n\t\t\t<div class='gallery-icon landscape'>\n\t\t\t\t<a data-elementor-open-lightbox=\"yes\" data-elementor-lightbox-slideshow=\"60f2e79\" data-elementor-lightbox-title=\"voyage-scolaire-aqualandia-1\" data-e-action-hash=\"#elementor-action%3Aaction%3Dlightbox%26settings%3DeyJpZCI6ODI3MzgsInVybCI6Imh0dHBzOlwvXC90bGNkZW5pYS5jb21cL3dwLWNvbnRlbnRcL3VwbG9hZHNcLzIwMjRcLzAyXC92b3lhZ2Utc2NvbGFpcmUtYXF1YWxhbmRpYS0xLmpwZyIsInNsaWRlc2hvdyI6IjYwZjJlNzkifQ%3D%3D\" href='https:\/\/tlcdenia.com\/wp-content\/uploads\/2024\/02\/voyage-scolaire-aqualandia-1.jpg'><img loading=\"lazy\" decoding=\"async\" width=\"150\" height=\"150\" src=\"https:\/\/tlcdenia.com\/wp-content\/uploads\/2024\/02\/voyage-scolaire-aqualandia-1-150x150.jpg\" class=\"attachment-thumbnail size-thumbnail\" alt=\"Groupe scolaire \u00e0 Aqualandia, en Espagne\" \/><\/a>\n\t\t\t<\/div><\/figure><figure class='gallery-item'>\n\t\t\t<div class='gallery-icon landscape'>\n\t\t\t\t<a data-elementor-open-lightbox=\"yes\" data-elementor-lightbox-slideshow=\"60f2e79\" data-elementor-lightbox-title=\"voyage-scolaire-aqualandia-8\" data-e-action-hash=\"#elementor-action%3Aaction%3Dlightbox%26settings%3DeyJpZCI6ODI3MjIsInVybCI6Imh0dHBzOlwvXC90bGNkZW5pYS5jb21cL3dwLWNvbnRlbnRcL3VwbG9hZHNcLzIwMjRcLzAyXC92b3lhZ2Utc2NvbGFpcmUtYXF1YWxhbmRpYS04LmpwZyIsInNsaWRlc2hvdyI6IjYwZjJlNzkifQ%3D%3D\" href='https:\/\/tlcdenia.com\/wp-content\/uploads\/2024\/02\/voyage-scolaire-aqualandia-8.jpg'><img loading=\"lazy\" decoding=\"async\" width=\"150\" height=\"150\" src=\"https:\/\/tlcdenia.com\/wp-content\/uploads\/2024\/02\/voyage-scolaire-aqualandia-8-150x150.jpg\" class=\"attachment-thumbnail size-thumbnail\" alt=\"Aqualandia, en Espagne\" \/><\/a>\n\t\t\t<\/div><\/figure><figure class='gallery-item'>\n\t\t\t<div class='gallery-icon landscape'>\n\t\t\t\t<a data-elementor-open-lightbox=\"yes\" data-elementor-lightbox-slideshow=\"60f2e79\" data-elementor-lightbox-title=\"voyage-scolaire-aqualandia-7\" data-e-action-hash=\"#elementor-action%3Aaction%3Dlightbox%26settings%3DeyJpZCI6ODI3MTQsInVybCI6Imh0dHBzOlwvXC90bGNkZW5pYS5jb21cL3dwLWNvbnRlbnRcL3VwbG9hZHNcLzIwMjRcLzAyXC92b3lhZ2Utc2NvbGFpcmUtYXF1YWxhbmRpYS03LmpwZyIsInNsaWRlc2hvdyI6IjYwZjJlNzkifQ%3D%3D\" href='https:\/\/tlcdenia.com\/wp-content\/uploads\/2024\/02\/voyage-scolaire-aqualandia-7.jpg'><img loading=\"lazy\" decoding=\"async\" width=\"150\" height=\"150\" src=\"https:\/\/tlcdenia.com\/wp-content\/uploads\/2024\/02\/voyage-scolaire-aqualandia-7-150x150.jpg\" class=\"attachment-thumbnail size-thumbnail\" alt=\"Aqualandia, en Espagne\" \/><\/a>\n\t\t\t<\/div><\/figure><figure class='gallery-item'>\n\t\t\t<div class='gallery-icon landscape'>\n\t\t\t\t<a data-elementor-open-lightbox=\"yes\" data-elementor-lightbox-slideshow=\"60f2e79\" data-elementor-lightbox-title=\"voyage-scolaire-aqualandia-6\" data-e-action-hash=\"#elementor-action%3Aaction%3Dlightbox%26settings%3DeyJpZCI6ODI3MDYsInVybCI6Imh0dHBzOlwvXC90bGNkZW5pYS5jb21cL3dwLWNvbnRlbnRcL3VwbG9hZHNcLzIwMjRcLzAyXC92b3lhZ2Utc2NvbGFpcmUtYXF1YWxhbmRpYS02LmpwZyIsInNsaWRlc2hvdyI6IjYwZjJlNzkifQ%3D%3D\" href='https:\/\/tlcdenia.com\/wp-content\/uploads\/2024\/02\/voyage-scolaire-aqualandia-6.jpg'><img loading=\"lazy\" decoding=\"async\" width=\"150\" height=\"150\" src=\"https:\/\/tlcdenia.com\/wp-content\/uploads\/2024\/02\/voyage-scolaire-aqualandia-6-150x150.jpg\" class=\"attachment-thumbnail size-thumbnail\" alt=\"Aqualandia, en Espagne\" srcset=\"https:\/\/tlcdenia.com\/wp-content\/uploads\/2024\/02\/voyage-scolaire-aqualandia-6-150x150.jpg 150w, https:\/\/tlcdenia.com\/wp-content\/uploads\/2024\/02\/voyage-scolaire-aqualandia-6-600x600.jpg 600w\" sizes=\"(max-width: 150px) 100vw, 150px\" \/><\/a>\n\t\t\t<\/div><\/figure><figure class='gallery-item'>\n\t\t\t<div class='gallery-icon landscape'>\n\t\t\t\t<a data-elementor-open-lightbox=\"yes\" data-elementor-lightbox-slideshow=\"60f2e79\" data-elementor-lightbox-title=\"voyage-scolaire-aqualandia-5\" data-e-action-hash=\"#elementor-action%3Aaction%3Dlightbox%26settings%3DeyJpZCI6ODI2OTgsInVybCI6Imh0dHBzOlwvXC90bGNkZW5pYS5jb21cL3dwLWNvbnRlbnRcL3VwbG9hZHNcLzIwMjRcLzAyXC92b3lhZ2Utc2NvbGFpcmUtYXF1YWxhbmRpYS01LmpwZyIsInNsaWRlc2hvdyI6IjYwZjJlNzkifQ%3D%3D\" href='https:\/\/tlcdenia.com\/wp-content\/uploads\/2024\/02\/voyage-scolaire-aqualandia-5.jpg'><img loading=\"lazy\" decoding=\"async\" width=\"150\" height=\"150\" src=\"https:\/\/tlcdenia.com\/wp-content\/uploads\/2024\/02\/voyage-scolaire-aqualandia-5-150x150.jpg\" class=\"attachment-thumbnail size-thumbnail\" alt=\"Des \u00e9tudiants descendent un toboggan \u00e0 Aqualandia, en Espagne\" \/><\/a>\n\t\t\t<\/div><\/figure><figure class='gallery-item'>\n\t\t\t<div class='gallery-icon landscape'>\n\t\t\t\t<a data-elementor-open-lightbox=\"yes\" data-elementor-lightbox-slideshow=\"60f2e79\" data-elementor-lightbox-title=\"voyage-scolaire-aqualandia-4\" data-e-action-hash=\"#elementor-action%3Aaction%3Dlightbox%26settings%3DeyJpZCI6ODI2OTAsInVybCI6Imh0dHBzOlwvXC90bGNkZW5pYS5jb21cL3dwLWNvbnRlbnRcL3VwbG9hZHNcLzIwMjRcLzAyXC92b3lhZ2Utc2NvbGFpcmUtYXF1YWxhbmRpYS00LmpwZyIsInNsaWRlc2hvdyI6IjYwZjJlNzkifQ%3D%3D\" href='https:\/\/tlcdenia.com\/wp-content\/uploads\/2024\/02\/voyage-scolaire-aqualandia-4.jpg'><img loading=\"lazy\" decoding=\"async\" width=\"150\" height=\"150\" src=\"https:\/\/tlcdenia.com\/wp-content\/uploads\/2024\/02\/voyage-scolaire-aqualandia-4-150x150.jpg\" class=\"attachment-thumbnail size-thumbnail\" alt=\"Des \u00e9tudiants descendent un toboggan \u00e0 Aqualandia, en Espagne\" \/><\/a>\n\t\t\t<\/div><\/figure><figure class='gallery-item'>\n\t\t\t<div class='gallery-icon landscape'>\n\t\t\t\t<a data-elementor-open-lightbox=\"yes\" data-elementor-lightbox-slideshow=\"60f2e79\" data-elementor-lightbox-title=\"voyage-scolaire-aqualandia-3\" data-e-action-hash=\"#elementor-action%3Aaction%3Dlightbox%26settings%3DeyJpZCI6ODI2ODIsInVybCI6Imh0dHBzOlwvXC90bGNkZW5pYS5jb21cL3dwLWNvbnRlbnRcL3VwbG9hZHNcLzIwMjRcLzAyXC92b3lhZ2Utc2NvbGFpcmUtYXF1YWxhbmRpYS0zLmpwZyIsInNsaWRlc2hvdyI6IjYwZjJlNzkifQ%3D%3D\" href='https:\/\/tlcdenia.com\/wp-content\/uploads\/2024\/02\/voyage-scolaire-aqualandia-3.jpg'><img loading=\"lazy\" decoding=\"async\" width=\"150\" height=\"150\" src=\"https:\/\/tlcdenia.com\/wp-content\/uploads\/2024\/02\/voyage-scolaire-aqualandia-3-150x150.jpg\" class=\"attachment-thumbnail size-thumbnail\" alt=\"Aqualandia, en Espagne\" \/><\/a>\n\t\t\t<\/div><\/figure><figure class='gallery-item'>\n\t\t\t<div class='gallery-icon landscape'>\n\t\t\t\t<a data-elementor-open-lightbox=\"yes\" data-elementor-lightbox-slideshow=\"60f2e79\" data-elementor-lightbox-title=\"voyage-scolaire-aqualandia-2\" data-e-action-hash=\"#elementor-action%3Aaction%3Dlightbox%26settings%3DeyJpZCI6ODI2NzQsInVybCI6Imh0dHBzOlwvXC90bGNkZW5pYS5jb21cL3dwLWNvbnRlbnRcL3VwbG9hZHNcLzIwMjRcLzAyXC92b3lhZ2Utc2NvbGFpcmUtYXF1YWxhbmRpYS0yLmpwZyIsInNsaWRlc2hvdyI6IjYwZjJlNzkifQ%3D%3D\" href='https:\/\/tlcdenia.com\/wp-content\/uploads\/2024\/02\/voyage-scolaire-aqualandia-2.jpg'><img loading=\"lazy\" decoding=\"async\" width=\"150\" height=\"150\" src=\"https:\/\/tlcdenia.com\/wp-content\/uploads\/2024\/02\/voyage-scolaire-aqualandia-2-150x150.jpg\" class=\"attachment-thumbnail size-thumbnail\" alt=\"Aqualandia, en Espagne\" \/><\/a>\n\t\t\t<\/div><\/figure>\n\t\t<\/div>\n\t\t<\/div>\n\t\t\t\t\t\t<\/div>\n\t\t\t\t<\/div>\n\t\t\t\t\t<\/div>\n\t\t<\/div>\n\t\t\t\t\t<\/div>\n\t\t<\/section>\n\t\t\t\t<\/div>\n\t\t","protected":false},"excerpt":{"rendered":"<p>Chez TLCd\u00e9nia, nous croyons que l&rsquo;apprentissage doit \u00eatre une exp\u00e9rience agr\u00e9able. Notre programme pour les groupes scolaires est con\u00e7u pour combiner une immersion compl\u00e8te dans l&rsquo;espagnol avec du divertissement, offrant aux \u00e9tudiants une opportunit\u00e9 unique d&rsquo;apprendre tout en s&rsquo;amusant. En &hellip; <\/p>\n","protected":false},"author":4,"featured_media":82706,"parent":0,"menu_order":0,"comment_status":"closed","ping_status":"closed","template":"page-templates\/page-spanishcourses.php","meta":{"_acf_changed":false,"footnotes":""},"class_list":["post-82671","page","type-page","status-publish","has-post-thumbnail","hentry"],"acf":[],"yoast_head":"<!-- This site is optimized with the Yoast SEO plugin v26.9 - https:\/\/yoast.com\/product\/yoast-seo-wordpress\/ -->\n<title>Vogage scolaire pour groupes en Espagne : Excursion \u00e0 Aqualandia<\/title>\n<meta name=\"description\" content=\"Le programme d&#039;espagnol pour groupes scolaires en Espagne a la possibilit\u00e9 d&#039;aller au parc aquatique Aqualandia, \u00e0 Benidorm.\" \/>\n<meta name=\"robots\" content=\"index, follow, max-snippet:-1, max-image-preview:large, max-video-preview:-1\" \/>\n<link rel=\"canonical\" href=\"https:\/\/tlcdenia.com\/fr\/excursion-aqualandia-groupes-scolaires\/\" \/>\n<meta property=\"og:locale\" content=\"fr_FR\" \/>\n<meta property=\"og:type\" content=\"article\" \/>\n<meta property=\"og:title\" content=\"Vogage scolaire pour groupes en Espagne : Excursion \u00e0 Aqualandia\" \/>\n<meta property=\"og:description\" content=\"Le programme d&#039;espagnol pour groupes scolaires en Espagne a la possibilit\u00e9 d&#039;aller au parc aquatique Aqualandia, \u00e0 Benidorm.\" \/>\n<meta property=\"og:url\" content=\"https:\/\/tlcdenia.com\/fr\/excursion-aqualandia-groupes-scolaires\/\" \/>\n<meta property=\"og:site_name\" content=\"\u00c9cole TLCd\u00e9nia - Site officiel\" \/>\n<meta property=\"article:modified_time\" content=\"2024-02-08T15:58:07+00:00\" \/>\n<meta property=\"og:image\" content=\"https:\/\/tlcdenia.com\/wp-content\/uploads\/2024\/02\/voyage-scolaire-aqualandia-6.jpg\" \/>\n\t<meta property=\"og:image:width\" content=\"900\" \/>\n\t<meta property=\"og:image:height\" content=\"600\" \/>\n\t<meta property=\"og:image:type\" content=\"image\/jpeg\" \/>\n<meta name=\"twitter:card\" content=\"summary_large_image\" \/>\n<meta name=\"twitter:label1\" content=\"Dur\u00e9e de lecture estim\u00e9e\" \/>\n\t<meta name=\"twitter:data1\" content=\"2 minutes\" \/>\n<script type=\"application\/ld+json\" class=\"yoast-schema-graph\">{\"@context\":\"https:\/\/schema.org\",\"@graph\":[{\"@type\":\"WebPage\",\"@id\":\"https:\/\/tlcdenia.com\/fr\/excursion-aqualandia-groupes-scolaires\/\",\"url\":\"https:\/\/tlcdenia.com\/fr\/excursion-aqualandia-groupes-scolaires\/\",\"name\":\"Vogage scolaire pour groupes en Espagne : Excursion \u00e0 Aqualandia\",\"isPartOf\":{\"@id\":\"https:\/\/tlcdenia.com\/fr\/#website\"},\"primaryImageOfPage\":{\"@id\":\"https:\/\/tlcdenia.com\/fr\/excursion-aqualandia-groupes-scolaires\/#primaryimage\"},\"image\":{\"@id\":\"https:\/\/tlcdenia.com\/fr\/excursion-aqualandia-groupes-scolaires\/#primaryimage\"},\"thumbnailUrl\":\"https:\/\/tlcdenia.com\/wp-content\/uploads\/2024\/02\/voyage-scolaire-aqualandia-6.jpg\",\"datePublished\":\"2024-02-08T15:52:56+00:00\",\"dateModified\":\"2024-02-08T15:58:07+00:00\",\"description\":\"Le programme d'espagnol pour groupes scolaires en Espagne a la possibilit\u00e9 d'aller au parc aquatique Aqualandia, \u00e0 Benidorm.\",\"breadcrumb\":{\"@id\":\"https:\/\/tlcdenia.com\/fr\/excursion-aqualandia-groupes-scolaires\/#breadcrumb\"},\"inLanguage\":\"fr-FR\",\"potentialAction\":[{\"@type\":\"ReadAction\",\"target\":[\"https:\/\/tlcdenia.com\/fr\/excursion-aqualandia-groupes-scolaires\/\"]}]},{\"@type\":\"ImageObject\",\"inLanguage\":\"fr-FR\",\"@id\":\"https:\/\/tlcdenia.com\/fr\/excursion-aqualandia-groupes-scolaires\/#primaryimage\",\"url\":\"https:\/\/tlcdenia.com\/wp-content\/uploads\/2024\/02\/voyage-scolaire-aqualandia-6.jpg\",\"contentUrl\":\"https:\/\/tlcdenia.com\/wp-content\/uploads\/2024\/02\/voyage-scolaire-aqualandia-6.jpg\",\"width\":900,\"height\":600,\"caption\":\"Aqualandia, en Espagne\"},{\"@type\":\"BreadcrumbList\",\"@id\":\"https:\/\/tlcdenia.com\/fr\/excursion-aqualandia-groupes-scolaires\/#breadcrumb\",\"itemListElement\":[{\"@type\":\"ListItem\",\"position\":1,\"name\":\"Home\",\"item\":\"https:\/\/tlcdenia.com\/fr\/\"},{\"@type\":\"ListItem\",\"position\":2,\"name\":\"Excursion \u00e0 Aqualandia pour les groupes scolaires\"}]},{\"@type\":\"WebSite\",\"@id\":\"https:\/\/tlcdenia.com\/fr\/#website\",\"url\":\"https:\/\/tlcdenia.com\/fr\/\",\"name\":\"\u00c9cole TLCd\u00e9nia - Site officiel\",\"description\":\"Languages Center\",\"potentialAction\":[{\"@type\":\"SearchAction\",\"target\":{\"@type\":\"EntryPoint\",\"urlTemplate\":\"https:\/\/tlcdenia.com\/fr\/?s={search_term_string}\"},\"query-input\":{\"@type\":\"PropertyValueSpecification\",\"valueRequired\":true,\"valueName\":\"search_term_string\"}}],\"inLanguage\":\"fr-FR\"}]}<\/script>\n<!-- \/ Yoast SEO plugin. -->","yoast_head_json":{"title":"Vogage scolaire pour groupes en Espagne : Excursion \u00e0 Aqualandia","description":"Le programme d'espagnol pour groupes scolaires en Espagne a la possibilit\u00e9 d'aller au parc aquatique Aqualandia, \u00e0 Benidorm.","robots":{"index":"index","follow":"follow","max-snippet":"max-snippet:-1","max-image-preview":"max-image-preview:large","max-video-preview":"max-video-preview:-1"},"canonical":"https:\/\/tlcdenia.com\/fr\/excursion-aqualandia-groupes-scolaires\/","og_locale":"fr_FR","og_type":"article","og_title":"Vogage scolaire pour groupes en Espagne : Excursion \u00e0 Aqualandia","og_description":"Le programme d'espagnol pour groupes scolaires en Espagne a la possibilit\u00e9 d'aller au parc aquatique Aqualandia, \u00e0 Benidorm.","og_url":"https:\/\/tlcdenia.com\/fr\/excursion-aqualandia-groupes-scolaires\/","og_site_name":"\u00c9cole TLCd\u00e9nia - Site officiel","article_modified_time":"2024-02-08T15:58:07+00:00","og_image":[{"width":900,"height":600,"url":"https:\/\/tlcdenia.com\/wp-content\/uploads\/2024\/02\/voyage-scolaire-aqualandia-6.jpg","type":"image\/jpeg"}],"twitter_card":"summary_large_image","twitter_misc":{"Dur\u00e9e de lecture estim\u00e9e":"2 minutes"},"schema":{"@context":"https:\/\/schema.org","@graph":[{"@type":"WebPage","@id":"https:\/\/tlcdenia.com\/fr\/excursion-aqualandia-groupes-scolaires\/","url":"https:\/\/tlcdenia.com\/fr\/excursion-aqualandia-groupes-scolaires\/","name":"Vogage scolaire pour groupes en Espagne : Excursion \u00e0 Aqualandia","isPartOf":{"@id":"https:\/\/tlcdenia.com\/fr\/#website"},"primaryImageOfPage":{"@id":"https:\/\/tlcdenia.com\/fr\/excursion-aqualandia-groupes-scolaires\/#primaryimage"},"image":{"@id":"https:\/\/tlcdenia.com\/fr\/excursion-aqualandia-groupes-scolaires\/#primaryimage"},"thumbnailUrl":"https:\/\/tlcdenia.com\/wp-content\/uploads\/2024\/02\/voyage-scolaire-aqualandia-6.jpg","datePublished":"2024-02-08T15:52:56+00:00","dateModified":"2024-02-08T15:58:07+00:00","description":"Le programme d'espagnol pour groupes scolaires en Espagne a la possibilit\u00e9 d'aller au parc aquatique Aqualandia, \u00e0 Benidorm.","breadcrumb":{"@id":"https:\/\/tlcdenia.com\/fr\/excursion-aqualandia-groupes-scolaires\/#breadcrumb"},"inLanguage":"fr-FR","potentialAction":[{"@type":"ReadAction","target":["https:\/\/tlcdenia.com\/fr\/excursion-aqualandia-groupes-scolaires\/"]}]},{"@type":"ImageObject","inLanguage":"fr-FR","@id":"https:\/\/tlcdenia.com\/fr\/excursion-aqualandia-groupes-scolaires\/#primaryimage","url":"https:\/\/tlcdenia.com\/wp-content\/uploads\/2024\/02\/voyage-scolaire-aqualandia-6.jpg","contentUrl":"https:\/\/tlcdenia.com\/wp-content\/uploads\/2024\/02\/voyage-scolaire-aqualandia-6.jpg","width":900,"height":600,"caption":"Aqualandia, en Espagne"},{"@type":"BreadcrumbList","@id":"https:\/\/tlcdenia.com\/fr\/excursion-aqualandia-groupes-scolaires\/#breadcrumb","itemListElement":[{"@type":"ListItem","position":1,"name":"Home","item":"https:\/\/tlcdenia.com\/fr\/"},{"@type":"ListItem","position":2,"name":"Excursion \u00e0 Aqualandia pour les groupes scolaires"}]},{"@type":"WebSite","@id":"https:\/\/tlcdenia.com\/fr\/#website","url":"https:\/\/tlcdenia.com\/fr\/","name":"\u00c9cole TLCd\u00e9nia - Site officiel","description":"Languages Center","potentialAction":[{"@type":"SearchAction","target":{"@type":"EntryPoint","urlTemplate":"https:\/\/tlcdenia.com\/fr\/?s={search_term_string}"},"query-input":{"@type":"PropertyValueSpecification","valueRequired":true,"valueName":"search_term_string"}}],"inLanguage":"fr-FR"}]}},"_links":{"self":[{"href":"https:\/\/tlcdenia.com\/fr\/wp-json\/wp\/v2\/pages\/82671","targetHints":{"allow":["GET"]}}],"collection":[{"href":"https:\/\/tlcdenia.com\/fr\/wp-json\/wp\/v2\/pages"}],"about":[{"href":"https:\/\/tlcdenia.com\/fr\/wp-json\/wp\/v2\/types\/page"}],"author":[{"embeddable":true,"href":"https:\/\/tlcdenia.com\/fr\/wp-json\/wp\/v2\/users\/4"}],"replies":[{"embeddable":true,"href":"https:\/\/tlcdenia.com\/fr\/wp-json\/wp\/v2\/comments?post=82671"}],"version-history":[{"count":6,"href":"https:\/\/tlcdenia.com\/fr\/wp-json\/wp\/v2\/pages\/82671\/revisions"}],"predecessor-version":[{"id":82749,"href":"https:\/\/tlcdenia.com\/fr\/wp-json\/wp\/v2\/pages\/82671\/revisions\/82749"}],"wp:featuredmedia":[{"embeddable":true,"href":"https:\/\/tlcdenia.com\/fr\/wp-json\/wp\/v2\/media\/82706"}],"wp:attachment":[{"href":"https:\/\/tlcdenia.com\/fr\/wp-json\/wp\/v2\/media?parent=82671"}],"curies":[{"name":"wp","href":"https:\/\/api.w.org\/{rel}","templated":true}]}}