{"id":26216,"date":"2021-04-08T08:17:29","date_gmt":"2021-04-08T08:17:29","guid":{"rendered":"https:\/\/tlcdenia.xyz\/?page_id=26216"},"modified":"2021-04-08T08:20:38","modified_gmt":"2021-04-08T08:20:38","slug":"politique-de-cookies","status":"publish","type":"page","link":"https:\/\/tlcdenia.com\/fr\/politique-de-cookies\/","title":{"rendered":"Politique de cookies"},"content":{"rendered":"\t\t<div data-elementor-type=\"wp-page\" data-elementor-id=\"26216\" class=\"elementor elementor-26216 elementor-12090\" data-elementor-post-type=\"page\">\n\t\t\t\t\t\t<section class=\"elementor-section elementor-top-section elementor-element elementor-element-e93a6c5 elementor-section-boxed elementor-section-height-default elementor-section-height-default\" data-id=\"e93a6c5\" data-element_type=\"section\" data-e-type=\"section\">\n\t\t\t\t\t\t<div class=\"elementor-container elementor-column-gap-default\">\n\t\t\t\t\t<div class=\"elementor-column elementor-col-100 elementor-top-column elementor-element elementor-element-d19f85d\" data-id=\"d19f85d\" data-element_type=\"column\" data-e-type=\"column\">\n\t\t\t<div class=\"elementor-widget-wrap elementor-element-populated\">\n\t\t\t\t\t\t<div class=\"elementor-element elementor-element-23337a3 elementor-widget elementor-widget-text-editor\" data-id=\"23337a3\" data-element_type=\"widget\" data-e-type=\"widget\" data-widget_type=\"text-editor.default\">\n\t\t\t\t<div class=\"elementor-widget-container\">\n\t\t\t\t\t\t\t\t\t<p><strong>Qu&rsquo;est-ce qu&rsquo;un cookie?<\/strong><\/p><p>Un cookie est un fichier texte inoffensif qui est stock\u00e9 dans votre navigateur lorsque vous visitez presque toutes les pages Web. L&rsquo;utilit\u00e9 du cookie est que le Web est capable de se souvenir de votre visite lorsque vous revenez sur cette page. Bien que beaucoup de gens ne le sachent pas, les cookies sont utilis\u00e9s depuis 20 ans, lorsque les premiers navigateurs du World Wide Web sont apparus.<\/p><p><strong>Qu&rsquo;est-ce PAS un cookie?<\/strong><\/p><p>Ce n&rsquo;est ni un virus, ni un cheval de Troie, ni un ver, ni un spam, ni un logiciel espion, ni une fen\u00eatre contextuelle.<\/p><p><strong>Quelles informations un cookie stocke-t-il?<\/strong><\/p><p>Les cookies ne stockent g\u00e9n\u00e9ralement pas d&rsquo;informations sensibles sur vous, telles que des cartes de cr\u00e9dit ou des coordonn\u00e9es bancaires, des photographies, votre identit\u00e9 ou des informations personnelles, etc. Les donn\u00e9es qu&rsquo;ils conservent sont de nature technique, pr\u00e9f\u00e9rences personnelles, personnalisation du contenu, etc.<\/p><p>Le serveur Web ne vous associe pas en tant que personne mais \u00e0 votre navigateur Web. En fait, si vous naviguez r\u00e9guli\u00e8rement avec Internet Explorer et essayez de naviguer sur le m\u00eame site Web avec Firefox ou Chrome, vous verrez que le Web ne se rend pas compte que vous \u00eates la m\u00eame personne car il associe en fait le navigateur, pas la personne.<\/p><p><strong>Quels types de cookies existe-t-il?<\/strong><\/p><p>Cookies techniques: Ce sont les plus basiques et permettent, entre autres, de savoir quand une application humaine ou automatis\u00e9e navigue, lorsqu&rsquo;un utilisateur anonyme et un utilisateur enregistr\u00e9 naviguent, t\u00e2ches de base pour le fonctionnement de tout site Web dynamique.<br \/>Cookies d&rsquo;analyse: ils collectent des informations sur le type de navigation que vous effectuez, les rubriques que vous utilisez le plus, les produits consult\u00e9s, le fuseau horaire d&rsquo;utilisation, la langue, etc.<br \/>Cookies publicitaires: ils affichent des publicit\u00e9s en fonction de votre navigation, de votre pays d&rsquo;origine, de votre langue, etc.<br \/>Que sont les cookies propres et ceux de tiers?<\/p><p>Les cookies propres sont ceux g\u00e9n\u00e9r\u00e9s par la page que vous visitez et ceux de tiers sont ceux g\u00e9n\u00e9r\u00e9s par des services ou fournisseurs externes tels que Facebook, Twitter, Google, etc.<\/p><p><strong>Que se passe-t-il si je d\u00e9sactive les cookies?<\/strong><\/p><p>Pour comprendre la port\u00e9e de la d\u00e9sactivation des cookies, nous vous montrons quelques exemples:<\/p><ul><li>Vous ne pourrez pas partager le contenu de ce site Web sur Facebook, Twitter ou tout autre r\u00e9seau social.<\/li><li>Le site Web ne pourra pas adapter le contenu \u00e0 vos pr\u00e9f\u00e9rences personnelles, comme c&rsquo;est souvent le cas dans les boutiques en ligne.<\/li><li>Vous ne pourrez pas acc\u00e9der \u00e0 l&rsquo;espace personnel de ce site Web, tel que Mon compte, ou Mon profil ou Mes commandes.<\/li><li>Boutiques en ligne: Il vous sera impossible de faire des achats en ligne, ils devront se faire par t\u00e9l\u00e9phone ou en visitant le magasin physique si vous en avez un.<\/li><li>Il ne sera pas possible de personnaliser vos pr\u00e9f\u00e9rences g\u00e9ographiques telles que le fuseau horaire, la devise ou la langue.<\/li><li>Le site Web ne sera pas en mesure d&rsquo;effectuer des analyses Web sur les visiteurs et le trafic sur le Web, ce qui rendra difficile la comp\u00e9titivit\u00e9 du Web.<\/li><li>Vous ne pourrez pas \u00e9crire sur le blog, vous ne pourrez pas t\u00e9l\u00e9charger de photos, publier des commentaires, noter ou noter le contenu. Le Web ne pourra pas non plus savoir si vous \u00eates un humain ou une application automatis\u00e9e qui publie du spam.<\/li><li>Il ne sera pas possible d&rsquo;afficher de la publicit\u00e9 sectoris\u00e9e, ce qui r\u00e9duira les revenus publicitaires du Web.<\/li><li>Tous les r\u00e9seaux sociaux utilisent des cookies, si vous les d\u00e9sactivez, vous ne pourrez utiliser aucun r\u00e9seau social.<\/li><\/ul><p><strong>\u00a0<\/strong><\/p><p><strong>Pouvez-vous supprimer les cookies?<\/strong><\/p><p>Et c&rsquo;est. Non seulement supprimer, mais aussi bloquer, d&rsquo;une mani\u00e8re g\u00e9n\u00e9rale ou particuli\u00e8re pour un domaine sp\u00e9cifique.<\/p><p>Pour supprimer les cookies d&rsquo;un site Web, vous devez vous rendre dans les param\u00e8tres de votre navigateur et y rechercher ceux associ\u00e9s au domaine en question et proc\u00e9der \u00e0 leur suppression.<\/p><p>Param\u00e8tres des cookies pour les navigateurs les plus populaires<\/p><p>Voici comment acc\u00e9der \u00e0 un cookie sp\u00e9cifique \u00e0 partir du navigateur Chrome. Remarque: ces \u00e9tapes peuvent varier en fonction de la version du navigateur:<\/p><p>Acc\u00e9dez \u00e0 Param\u00e8tres ou Pr\u00e9f\u00e9rences via le menu Fichier ou en cliquant sur l&rsquo;ic\u00f4ne de personnalisation qui appara\u00eet en haut \u00e0 droite.<br \/>Vous verrez diff\u00e9rentes sections, cliquez sur l&rsquo;option Afficher les options avanc\u00e9es.<br \/>Acc\u00e9dez \u00e0 Confidentialit\u00e9, Param\u00e8tres de contenu.<br \/>S\u00e9lectionnez Tous les cookies et donn\u00e9es de site.<br \/>Une liste appara\u00eetra avec tous les cookies class\u00e9s par domaine. Pour vous faciliter la recherche des cookies d&rsquo;un certain domaine, saisissez l&rsquo;adresse partiellement ou totalement dans le champ Rechercher des cookies.<br \/>Apr\u00e8s avoir effectu\u00e9 ce filtre, une ou plusieurs lignes avec les cookies du site Web demand\u00e9 appara\u00eetront \u00e0 l&rsquo;\u00e9cran. Il ne vous reste plus qu&rsquo;\u00e0 le s\u00e9lectionner et \u00e0 appuyer sur le X pour proc\u00e9der \u00e0 son \u00e9limination.<\/p><p>Pour acc\u00e9der aux param\u00e8tres de cookies du navigateur <strong>Internet Explorer<\/strong>, proc\u00e9dez comme suit (ils peuvent varier en fonction de la version du navigateur):<\/p><p>Allez dans Outils, Options Internet<br \/>Cliquez sur Confidentialit\u00e9.<br \/>D\u00e9placez le curseur pour r\u00e9gler le niveau de confidentialit\u00e9 souhait\u00e9.<\/p><p>Pour acc\u00e9der aux param\u00e8tres de cookies du navigateur <strong>Firefox<\/strong>, proc\u00e9dez comme suit (ils peuvent varier en fonction de la version du navigateur):<br \/>Acc\u00e9dez \u00e0 Options ou Pr\u00e9f\u00e9rences en fonction de votre syst\u00e8me d&rsquo;exploitation.<br \/>Cliquez sur Confidentialit\u00e9.<br \/>Sous Historique, choisissez Utiliser les param\u00e8tres personnalis\u00e9s pour l&rsquo;historique.<br \/>Vous verrez maintenant l&rsquo;option Accepter les cookies, vous pouvez l&rsquo;activer ou la d\u00e9sactiver selon vos pr\u00e9f\u00e9rences.<\/p><p>Pour acc\u00e9der aux param\u00e8tres de cookies du navigateur <strong>Safari pour OSX<\/strong>, proc\u00e9dez comme suit (ils peuvent varier en fonction de la version du navigateur):<br \/>Allez dans Pr\u00e9f\u00e9rences, puis Confidentialit\u00e9.<br \/>Dans cet endroit, vous verrez l&rsquo;option Bloquer les cookies afin que vous puissiez ajuster le type de blocage que vous souhaitez effectuer.<\/p><p>Pour acc\u00e9der aux param\u00e8tres de cookies du navigateur <strong>Safari pour iOS<\/strong>, proc\u00e9dez comme suit (ils peuvent varier en fonction de la version du navigateur):<br \/>Allez dans Param\u00e8tres, puis Safari.<br \/>Allez dans Confidentialit\u00e9 et s\u00e9curit\u00e9, vous verrez l&rsquo;option Bloquer les cookies pour ajuster le type de blocage que vous souhaitez effectuer.<\/p><p>Pour acc\u00e9der aux param\u00e8tres de cookies du navigateur pour les <strong>appareils Android<\/strong>, proc\u00e9dez comme suit (ils peuvent varier en fonction de la version du navigateur):<br \/>Lancez le navigateur et appuyez sur la touche Menu, puis sur Param\u00e8tres.<br \/>Allez dans S\u00e9curit\u00e9 et confidentialit\u00e9, vous verrez l&rsquo;option Accepter les cookies pour activer ou d\u00e9sactiver la bo\u00eete.<\/p><p>Pour acc\u00e9der aux param\u00e8tres de cookies du navigateur pour les <strong>appareils Windows Phone<\/strong>, proc\u00e9dez comme suit (ils peuvent varier en fonction de la version du navigateur):<br \/>Ouvrez Internet Explorer, puis Plus, puis Param\u00e8tres<br \/>Vous pouvez maintenant activer ou d\u00e9sactiver la case Autoriser les cookies.<\/p>\t\t\t\t\t\t\t\t<\/div>\n\t\t\t\t<\/div>\n\t\t\t\t\t<\/div>\n\t\t<\/div>\n\t\t\t\t\t<\/div>\n\t\t<\/section>\n\t\t\t\t<\/div>\n\t\t","protected":false},"excerpt":{"rendered":"<p>Qu&rsquo;est-ce qu&rsquo;un cookie? Un cookie est un fichier texte inoffensif qui est stock\u00e9 dans votre navigateur lorsque vous visitez presque toutes les pages Web. L&rsquo;utilit\u00e9 du cookie est que le Web est capable de se souvenir de votre visite lorsque &hellip; <\/p>\n","protected":false},"author":3,"featured_media":0,"parent":0,"menu_order":0,"comment_status":"closed","ping_status":"closed","template":"","meta":{"_acf_changed":false,"footnotes":""},"class_list":["post-26216","page","type-page","status-publish","hentry"],"acf":[],"yoast_head":"<!-- This site is optimized with the Yoast SEO plugin v26.9 - https:\/\/yoast.com\/product\/yoast-seo-wordpress\/ -->\n<title>Politique de cookies - \u00c9cole TLCd\u00e9nia - Site officiel<\/title>\n<meta name=\"robots\" content=\"index, follow, max-snippet:-1, max-image-preview:large, max-video-preview:-1\" \/>\n<link rel=\"canonical\" href=\"https:\/\/tlcdenia.com\/fr\/politique-de-cookies\/\" \/>\n<meta property=\"og:locale\" content=\"fr_FR\" \/>\n<meta property=\"og:type\" content=\"article\" \/>\n<meta property=\"og:title\" content=\"Politique de cookies - \u00c9cole TLCd\u00e9nia - Site officiel\" \/>\n<meta property=\"og:description\" content=\"Qu&rsquo;est-ce qu&rsquo;un cookie? Un cookie est un fichier texte inoffensif qui est stock\u00e9 dans votre navigateur lorsque vous visitez presque toutes les pages Web. L&rsquo;utilit\u00e9 du cookie est que le Web est capable de se souvenir de votre visite lorsque &hellip;\" \/>\n<meta property=\"og:url\" content=\"https:\/\/tlcdenia.com\/fr\/politique-de-cookies\/\" \/>\n<meta property=\"og:site_name\" content=\"\u00c9cole TLCd\u00e9nia - Site officiel\" \/>\n<meta property=\"article:modified_time\" content=\"2021-04-08T08:20:38+00:00\" \/>\n<meta name=\"twitter:card\" content=\"summary_large_image\" \/>\n<meta name=\"twitter:label1\" content=\"Dur\u00e9e de lecture estim\u00e9e\" \/>\n\t<meta name=\"twitter:data1\" content=\"6 minutes\" \/>\n<script type=\"application\/ld+json\" class=\"yoast-schema-graph\">{\"@context\":\"https:\/\/schema.org\",\"@graph\":[{\"@type\":\"WebPage\",\"@id\":\"https:\/\/tlcdenia.com\/fr\/politique-de-cookies\/\",\"url\":\"https:\/\/tlcdenia.com\/fr\/politique-de-cookies\/\",\"name\":\"Politique de cookies - \u00c9cole TLCd\u00e9nia - Site officiel\",\"isPartOf\":{\"@id\":\"https:\/\/tlcdenia.com\/fr\/#website\"},\"datePublished\":\"2021-04-08T08:17:29+00:00\",\"dateModified\":\"2021-04-08T08:20:38+00:00\",\"breadcrumb\":{\"@id\":\"https:\/\/tlcdenia.com\/fr\/politique-de-cookies\/#breadcrumb\"},\"inLanguage\":\"fr-FR\",\"potentialAction\":[{\"@type\":\"ReadAction\",\"target\":[\"https:\/\/tlcdenia.com\/fr\/politique-de-cookies\/\"]}]},{\"@type\":\"BreadcrumbList\",\"@id\":\"https:\/\/tlcdenia.com\/fr\/politique-de-cookies\/#breadcrumb\",\"itemListElement\":[{\"@type\":\"ListItem\",\"position\":1,\"name\":\"Home\",\"item\":\"https:\/\/tlcdenia.com\/fr\/\"},{\"@type\":\"ListItem\",\"position\":2,\"name\":\"Politique de cookies\"}]},{\"@type\":\"WebSite\",\"@id\":\"https:\/\/tlcdenia.com\/fr\/#website\",\"url\":\"https:\/\/tlcdenia.com\/fr\/\",\"name\":\"\u00c9cole TLCd\u00e9nia - Site officiel\",\"description\":\"Languages Center\",\"potentialAction\":[{\"@type\":\"SearchAction\",\"target\":{\"@type\":\"EntryPoint\",\"urlTemplate\":\"https:\/\/tlcdenia.com\/fr\/?s={search_term_string}\"},\"query-input\":{\"@type\":\"PropertyValueSpecification\",\"valueRequired\":true,\"valueName\":\"search_term_string\"}}],\"inLanguage\":\"fr-FR\"}]}<\/script>\n<!-- \/ Yoast SEO plugin. -->","yoast_head_json":{"title":"Politique de cookies - \u00c9cole TLCd\u00e9nia - Site officiel","robots":{"index":"index","follow":"follow","max-snippet":"max-snippet:-1","max-image-preview":"max-image-preview:large","max-video-preview":"max-video-preview:-1"},"canonical":"https:\/\/tlcdenia.com\/fr\/politique-de-cookies\/","og_locale":"fr_FR","og_type":"article","og_title":"Politique de cookies - \u00c9cole TLCd\u00e9nia - Site officiel","og_description":"Qu&rsquo;est-ce qu&rsquo;un cookie? Un cookie est un fichier texte inoffensif qui est stock\u00e9 dans votre navigateur lorsque vous visitez presque toutes les pages Web. L&rsquo;utilit\u00e9 du cookie est que le Web est capable de se souvenir de votre visite lorsque &hellip;","og_url":"https:\/\/tlcdenia.com\/fr\/politique-de-cookies\/","og_site_name":"\u00c9cole TLCd\u00e9nia - Site officiel","article_modified_time":"2021-04-08T08:20:38+00:00","twitter_card":"summary_large_image","twitter_misc":{"Dur\u00e9e de lecture estim\u00e9e":"6 minutes"},"schema":{"@context":"https:\/\/schema.org","@graph":[{"@type":"WebPage","@id":"https:\/\/tlcdenia.com\/fr\/politique-de-cookies\/","url":"https:\/\/tlcdenia.com\/fr\/politique-de-cookies\/","name":"Politique de cookies - \u00c9cole TLCd\u00e9nia - Site officiel","isPartOf":{"@id":"https:\/\/tlcdenia.com\/fr\/#website"},"datePublished":"2021-04-08T08:17:29+00:00","dateModified":"2021-04-08T08:20:38+00:00","breadcrumb":{"@id":"https:\/\/tlcdenia.com\/fr\/politique-de-cookies\/#breadcrumb"},"inLanguage":"fr-FR","potentialAction":[{"@type":"ReadAction","target":["https:\/\/tlcdenia.com\/fr\/politique-de-cookies\/"]}]},{"@type":"BreadcrumbList","@id":"https:\/\/tlcdenia.com\/fr\/politique-de-cookies\/#breadcrumb","itemListElement":[{"@type":"ListItem","position":1,"name":"Home","item":"https:\/\/tlcdenia.com\/fr\/"},{"@type":"ListItem","position":2,"name":"Politique de cookies"}]},{"@type":"WebSite","@id":"https:\/\/tlcdenia.com\/fr\/#website","url":"https:\/\/tlcdenia.com\/fr\/","name":"\u00c9cole TLCd\u00e9nia - Site officiel","description":"Languages Center","potentialAction":[{"@type":"SearchAction","target":{"@type":"EntryPoint","urlTemplate":"https:\/\/tlcdenia.com\/fr\/?s={search_term_string}"},"query-input":{"@type":"PropertyValueSpecification","valueRequired":true,"valueName":"search_term_string"}}],"inLanguage":"fr-FR"}]}},"_links":{"self":[{"href":"https:\/\/tlcdenia.com\/fr\/wp-json\/wp\/v2\/pages\/26216","targetHints":{"allow":["GET"]}}],"collection":[{"href":"https:\/\/tlcdenia.com\/fr\/wp-json\/wp\/v2\/pages"}],"about":[{"href":"https:\/\/tlcdenia.com\/fr\/wp-json\/wp\/v2\/types\/page"}],"author":[{"embeddable":true,"href":"https:\/\/tlcdenia.com\/fr\/wp-json\/wp\/v2\/users\/3"}],"replies":[{"embeddable":true,"href":"https:\/\/tlcdenia.com\/fr\/wp-json\/wp\/v2\/comments?post=26216"}],"version-history":[{"count":0,"href":"https:\/\/tlcdenia.com\/fr\/wp-json\/wp\/v2\/pages\/26216\/revisions"}],"wp:attachment":[{"href":"https:\/\/tlcdenia.com\/fr\/wp-json\/wp\/v2\/media?parent=26216"}],"curies":[{"name":"wp","href":"https:\/\/api.w.org\/{rel}","templated":true}]}}