{"id":22922,"date":"2021-01-26T15:23:08","date_gmt":"2021-01-26T15:23:08","guid":{"rendered":"https:\/\/tlcdenia.xyz\/?page_id=22922"},"modified":"2021-04-08T08:22:04","modified_gmt":"2021-04-08T08:22:04","slug":"politique-de-confidentialite","status":"publish","type":"page","link":"https:\/\/tlcdenia.com\/fr\/politique-de-confidentialite\/","title":{"rendered":"Politique de confidentialit\u00e9"},"content":{"rendered":"\t\t<div data-elementor-type=\"wp-page\" data-elementor-id=\"22922\" class=\"elementor elementor-22922 elementor-10434\" data-elementor-post-type=\"page\">\n\t\t\t\t\t\t<section class=\"elementor-section elementor-top-section elementor-element elementor-element-06e75b1 elementor-section-boxed elementor-section-height-default elementor-section-height-default\" data-id=\"06e75b1\" data-element_type=\"section\" data-e-type=\"section\">\n\t\t\t\t\t\t<div class=\"elementor-container elementor-column-gap-default\">\n\t\t\t\t\t<div class=\"elementor-column elementor-col-100 elementor-top-column elementor-element elementor-element-194644c\" data-id=\"194644c\" data-element_type=\"column\" data-e-type=\"column\">\n\t\t\t<div class=\"elementor-widget-wrap elementor-element-populated\">\n\t\t\t\t\t\t<div class=\"elementor-element elementor-element-7e0a14c elementor-widget elementor-widget-text-editor\" data-id=\"7e0a14c\" data-element_type=\"widget\" data-e-type=\"widget\" data-widget_type=\"text-editor.default\">\n\t\t\t\t<div class=\"elementor-widget-container\">\n\t\t\t\t\t\t\t\t\t<p>RESPONSABLE DE L\u2019INFORMATION<\/p><p>TLCd\u00e9nia Formaci\u00f3, S.L.<\/p><p>C\/ BARBACANA 15, 03700, DENIA, ALICANTE Tel. 966423672<\/p><p><strong>CE QUE NOUS COLLECTONS DES INFORMATIONS, QUELLES INFORMATIONS RECUEILLONS-NOUS, COMBIEN DE TEMPS GARDONS-NOUS<\/strong>\u00a0(Objectif, conservation et l\u00e9gitimation)?<\/p><p><strong>1-<\/strong>\u00a0Pour vous fournir la formation en face-\u00e0-face choisie:<\/p><p><strong>a.<\/strong>\u00a0Nous collectons vos informations de base Nom, adresse e-mail, sexe, \u00e2ge, lieu, donn\u00e9es d\u2019entra\u00eenement, op\u00e9rations bancaires et autres.<\/p><p><strong>b<\/strong>. Nous allons le garder aussi longtemps que vous \u00eates un utilisateur des services TLCd\u00e9nia. Et une fois que vous avez termin\u00e9 notre relation, vous pouvez \u00e9conomiser pour une p\u00e9riode d\u2019au plus 4 ans pour respecter nos obligations l\u00e9gales. Sauf dans les cas de litige entre les parties, qui seront conserv\u00e9s aussi longtemps que n\u00e9cessaire pour la r\u00e9solution.<\/p><p><strong>c.<\/strong>\u00a0Nous faisons cela sur la base que vous \u00eates notre utilisateur et nous en avons besoin pour vous offrir nos services.<\/p><p><strong>2-<\/strong>\u00a0Pour recevoir une formation en ligne :<\/p><p><strong>a.<\/strong>\u00a0Nous collectons vos informations de base Nom, adresse e-mail, sexe, \u00e2ge, lieu, donn\u00e9es d\u2019entra\u00eenement, op\u00e9rations bancaires et autres.<\/p><p><strong>b.<\/strong>\u00a0Nous allons le garder aussi longtemps que vous \u00eates un utilisateur des services TLCd\u00e9nia. Et une fois que vous avez termin\u00e9 notre relation, vous pouvez \u00e9conomiser pour une p\u00e9riode d\u2019au plus 4 ans pour respecter nos obligations l\u00e9gales. Sauf dans les cas de litige entre les parties, qui seront conserv\u00e9s aussi longtemps que n\u00e9cessaire pour la r\u00e9solution.<\/p><p><strong>c<\/strong>. Nous faisons cela sur la base que vous \u00eates notre utilisateur et nous en avons besoin pour vous offrir nos services.<\/p><p><strong>3-<\/strong>\u00a0Effectuer des stages dans des entreprises associ\u00e9es :<\/p><p><strong>a.<\/strong>\u00a0Nous collectons vos informations de base Nom, adresse e-mail, sexe, \u00e2ge, lieu, donn\u00e9es d\u2019entra\u00eenement, banque et autres.<\/p><p><strong>b.<\/strong>\u00a0Nous allons le garder aussi longtemps que vous \u00eates un utilisateur des services TLCd\u00e9nia. Et une fois que vous avez termin\u00e9 notre relation, vous pouvez \u00e9conomiser pour une p\u00e9riode d\u2019au plus 4 ans pour respecter nos obligations l\u00e9gales. Sauf dans les cas de litige entre les parties, qui seront conserv\u00e9s aussi longtemps que n\u00e9cessaire pour la r\u00e9solution.<\/p><p><strong>c.<\/strong>\u00a0Nous faisons cela sur la base que vous \u00eates notre utilisateur et nous en avons besoin pour vous offrir nos services.<\/p><p><strong>4-<\/strong>\u00a0Pour que vous puissiez profiter d\u2019un logement pendant que vous terminez vos \u00e9tudes :<\/p><p><strong>a<\/strong>. Nous collectons vos informations de base Nom, adresse e-mail, sexe, \u00e2ge, lieu, donn\u00e9es d\u2019entra\u00eenement, op\u00e9rations bancaires. Autres informations personnelles telles que des informations sur les produits et services, les pr\u00e9f\u00e9rences pour les activit\u00e9s. Et des donn\u00e9es sensibles telles que la sant\u00e9.<\/p><p><strong>b.<\/strong>\u00a0Nous allons le garder aussi longtemps que vous \u00eates un utilisateur des services TLCd\u00e9nia. Et une fois que vous avez termin\u00e9 notre relation, vous pouvez \u00e9conomiser pour une p\u00e9riode d\u2019au plus 4 ans pour respecter nos obligations l\u00e9gales. Sauf dans les cas de litige entre les parties, qui seront conserv\u00e9s aussi longtemps que n\u00e9cessaire pour la r\u00e9solution.<\/p><p><strong>c.<\/strong>\u00a0Nous faisons cela sur la base que vous \u00eates notre utilisateur et nous en avons besoin pour vous offrir nos services.<\/p><p><strong>5-<\/strong>\u00a0\u00catre notre agent et \/ ou collaborateur :<\/p><p><strong>a.<\/strong>\u00a0Nous collectons vos informations de base Nom, adresse e-mail, sexe, \u00e2ge, lieu, donn\u00e9es d\u2019entra\u00eenement, op\u00e9rations bancaires et autres.<\/p><p><strong>b.<\/strong>\u00a0Nous allons le garder aussi longtemps que vous \u00eates un fournisseur de TLCd\u00e9nia. Et une fois notre relation finalis\u00e9e, elle peut \u00eatre sauvegard\u00e9e pour une p\u00e9riode d\u2019au plus 4 ans afin de respecter nos obligations l\u00e9gales. Sauf dans les cas de litige entre les parties, qui seront conserv\u00e9s aussi longtemps que n\u00e9cessaire pour la r\u00e9solution.<\/p><p><strong>c.<\/strong>\u00a0Nous faisons cela sur la base que vous \u00eates notre fournisseur et nous en avons besoin pour maintenir notre relation.<\/p><p><strong>6-<\/strong>\u00a0\u00catre une famille d\u2019accueil pour nos \u00e9tudiants :<\/p><p><strong>a.<\/strong>\u00a0Nous collectons vos informations de base Nom, adresse e-mail, sexe, \u00e2ge, lieu, donn\u00e9es d\u2019entra\u00eenement, op\u00e9rations bancaires. Autres informations personnelles telles que des informations sur les produits et services, les pr\u00e9f\u00e9rences pour les activit\u00e9s, les caract\u00e9ristiques de la famille et du logement et autres.<\/p><p><strong>b.<\/strong>\u00a0Nous allons le garder aussi longtemps que vous \u00eates un fournisseur de TLCd\u00e9nia. Et une fois notre relation finalis\u00e9e, elle peut \u00eatre sauvegard\u00e9e pour une p\u00e9riode d\u2019au plus 4 ans afin de respecter nos obligations l\u00e9gales. Sauf dans les cas de litige entre les parties, qui seront conserv\u00e9s aussi longtemps que n\u00e9cessaire pour la r\u00e9solution.<\/p><p><strong>c<\/strong>. Nous faisons cela sur la base que vous \u00eates notre fournisseur et nous en avons besoin pour maintenir notre relation.<\/p><p><strong>7-<\/strong>\u00a0\u00catre une entreprise o\u00f9 les \u00e9tudiants d\u00e9veloppent leurs pratiques professionnelles:<\/p><p><strong>a.<\/strong>\u00a0Nous collectons vos informations de base Nom, adresse e-mail, sexe, \u00e2ge, lieu, donn\u00e9es d\u2019entra\u00eenement, op\u00e9rations bancaires. Autres informations personnelles telles que des informations sur les produits et services, les caract\u00e9ristiques de l\u2019entreprise et autres.<\/p><p><strong>b<\/strong>. Nous allons le garder aussi longtemps que vous \u00eates un fournisseur de TLCd\u00e9nia. Et une fois notre relation finalis\u00e9e, elle peut \u00eatre sauvegard\u00e9e pour une p\u00e9riode d\u2019au plus 4 ans afin de respecter nos obligations l\u00e9gales. Sauf dans les cas de litige entre les parties, qui seront conserv\u00e9s aussi longtemps que n\u00e9cessaire pour la r\u00e9solution.<\/p><p><strong>c.<\/strong>\u00a0Nous faisons cela sur la base que vous \u00eates notre fournisseur et nous en avons besoin pour maintenir notre relation.<\/p><p><strong>8-<\/strong>\u00a0Envoi de bulletins publicitaires ou commerciaux.<\/p><p><strong>a.<\/strong>\u00a0Nous collectons des donn\u00e9es de contact, ainsi que d\u2019autres donn\u00e9es de contenu telles que des produits et services et similaires.<\/p><p><strong>b.<\/strong>\u00a0Nous allons le garder aussi longtemps que vous \u00eates un utilisateur de TLCd\u00e9nia. Et une fois que vous avez finalis\u00e9 votre relation avec nous, vous pouvez \u00e9conomiser pour une p\u00e9riode n\u2019exc\u00e9dant pas 4 ans pour respecter nos obligations l\u00e9gales.<\/p><p>Sauf dans les cas de litige entre les parties, qui seront conserv\u00e9s aussi longtemps que n\u00e9cessaire pour la r\u00e9solution.<\/p><p><strong>c.<\/strong>\u00a0Nous faisons cela sur la base que vous \u00eates notre utilisateur et nous en avons besoin pour offrir nos services<\/p><p>Dans le cas o\u00f9 vous ne souhaitez pas recevoir ces communications commerciales, vous pouvez demander l\u2019annulation en appuyant sur le bouton \u201cAnnuler l\u2019abonnement\u201d dans l\u2019un des messages que vous recevez.<\/p><p><strong>\u00c0 QUI NOUS DONNONS CES DONN\u00c9ES, POURQUOI ET POURQUOI (Affectation, but et l\u00e9gitimation)<\/strong><\/p><p>Nous ne donnons de donn\u00e9es \u00e0 personne sans votre consentement, sauf dans les cas suivants:<\/p><p><strong>1-<\/strong>\u00a0Les Administrations Publiques, les Tribunaux, l\u2019Agence Fiscale et tout organisme auquel la loi nous oblige. Nous fournirons toutes les informations requises par ces organisations sur la base d\u2019une obligation l\u00e9gale.<\/p><p><strong>OU LES DONN\u00c9ES SONT-ELLES STOCK\u00c9ES ET COMMENT CELLES-CI SONT TRANSMISES (Transferts internationaux de donn\u00e9es)<\/strong><\/p><p>Tous nos centres de traitement de donn\u00e9es sont situ\u00e9s sur le territoire de l\u2019Union europ\u00e9enne, de sorte que les transferts internationaux de donn\u00e9es ne sont pas effectu\u00e9s. Dans le cas o\u00f9 vous avez besoin de l\u2019utilisation des transferts de donn\u00e9es internationales, vous serez inform\u00e9 \u00e0 l\u2019avance afin que vous puissiez express\u00e9ment consentir.<\/p><p>Toutes nos transmissions sont r\u00e9alis\u00e9es et seront r\u00e9alis\u00e9es de mani\u00e8re s\u00e9curis\u00e9e par des normes de s\u00e9curit\u00e9 conformes \u00e0 la r\u00e9glementation sur la protection des donn\u00e9es.<\/p><p><strong>GESTION DU TRAITEMENT<\/strong><\/p><p>Les donn\u00e9es peuvent \u00eatre transf\u00e9r\u00e9es aux fournisseurs ayant acc\u00e8s \u00e0 des donn\u00e9es avec lesquelles un contrat est formalis\u00e9, ce qui inclut clairement les obligations et les responsabilit\u00e9s assum\u00e9es dans le traitement des donn\u00e9es en tant que gestionnaires de traitement.<\/p><p>Nous vous assurons que de TLCd\u00e9nia nous faisons une \u00e9tude et une \u00e9valuation avant d\u2019embaucher un tiers en tant que gestionnaire pour s\u2019assurer qu\u2019il nous donne la garantie maximale si vous allez traiter nos donn\u00e9es et les v\u00f4tres.<\/p><p><strong>GESTION DU TRAITEMENT<\/strong><\/p><p>Les donn\u00e9es peuvent \u00eatre transf\u00e9r\u00e9es aux fournisseurs ayant acc\u00e8s \u00e0 des donn\u00e9es avec lesquelles un contrat est formalis\u00e9, ce qui inclut clairement les obligations et les responsabilit\u00e9s assum\u00e9es dans le traitement des donn\u00e9es en tant que gestionnaires de traitement.<\/p><p>Nous vous assurons que de TLCd\u00e9nia nous faisons une \u00e9tude et une \u00e9valuation avant d\u2019embaucher un tiers en tant que gestionnaire pour s\u2019assurer qu\u2019il nous donne la garantie maximale si vous allez traiter nos donn\u00e9es et les v\u00f4tres.<\/p><p><strong>QUELS DROITS AVEZ-VOUS? ET COMMENT POUVEZ-VOUS LES EXERCER?<\/strong><\/p><p>Vous avez les droits suivants:<\/p><p>\u2022 Pour confirmer si nous traitons vos donn\u00e9es.<br \/>\u2022 Pour acc\u00e9der \u00e0 vos donn\u00e9es, les rectifier si elles sont inexactes ou les supprimer notamment s\u2019il n\u2019est plus n\u00e9cessaire de les traiter.<br \/>\u2022 Dans certains cas, vous pouvez demander la limitation du traitement, auquel cas nous ne les utiliserons que pour l\u2019exercice ou la d\u00e9fense des r\u00e9clamations.<br \/>\u2022 Dans certains cas, vous pouvez vous opposer au traitement de vos donn\u00e9es et nous cesserons de les traiter, sauf pour des raisons l\u00e9gitimes imp\u00e9rieuses ou l\u2019exercice ou la d\u00e9fense d\u2019\u00e9ventuelles r\u00e9clamations<br \/>\u2022 Pour r\u00e9voquer le consentement.<br \/>\u2022 La portabilit\u00e9 des donn\u00e9es personnelles.<\/p><p>Et pour les exercer:<\/p><p>Vous devez envoyer une lettre \u00e0 l\u2019adresse ci-dessus ou envoyer une d\u00e9claration \u00e0 l\u2019adresse \u00e9lectronique info@tlcdenia.es o\u00f9 vous pr\u00e9ciserez lequel de ces droits vous \u00eates satisfait et, \u00e0 son tour, vous devez l\u2019accompagner d\u2019une photocopie de la carte d\u2019identit\u00e9 ou d\u2019un document d\u2019identification \u00e9quivalent. Dans le cas o\u00f9 vous agissez par procuration, l\u00e9gal ou volontaire, vous devez \u00e9galement fournir un document prouvant la repr\u00e9sentation et le document d\u2019identification de la m\u00eame chose.<\/p><p>Si vous avez besoin d\u2019un mod\u00e8le, vous pouvez:<\/p><p>\u2022 Utilisez un mod\u00e8le officiel de l\u2019Agence:<\/p><p>http:\/\/www.agpd.es\/portalwebAGPD\/CanalDelCiudadano\/derechos\/index-ides-idphp.php<\/p><p>\u2022 Demander un mod\u00e8le: info@tlcdenia.es<\/p><p>Et vous pouvez \u00e9galement demander l\u2019AEPD si vous en avez besoin:<\/p><p>Si vous n\u2019avez pas obtenu satisfaction dans l\u2019exercice de vos droits ou comment les exercer, vous pouvez d\u00e9poser une r\u00e9clamation aupr\u00e8s de l\u2019autorit\u00e9 de contr\u00f4le. Si vous voulez en savoir plus sur ce droit et comment l\u2019exercer, vous pouvez contacter l\u2019AGPD:<\/p><p>http:\/\/www.agpd.es\/ Tel. 901 100 099 y 91.266.35.17. C\/Jorge Juan, 6 \u2013 28001 \u2013 Madrid<\/p><p>Nous utilisons des cookies pour assurer une meilleure exp\u00e9rience sur notre site Web. Pour lire les informations sur les cookies, visitez la: <a href=\"https:\/\/tlcdenia.com\/fr\/politique-de-cookies\/\">Politique de cookies<\/a><\/p>\t\t\t\t\t\t\t\t<\/div>\n\t\t\t\t<\/div>\n\t\t\t\t\t<\/div>\n\t\t<\/div>\n\t\t\t\t\t<\/div>\n\t\t<\/section>\n\t\t\t\t<\/div>\n\t\t","protected":false},"excerpt":{"rendered":"<p>RESPONSABLE DE L\u2019INFORMATION TLCd\u00e9nia Formaci\u00f3, S.L. C\/ BARBACANA 15, 03700, DENIA, ALICANTE Tel. 966423672 CE QUE NOUS COLLECTONS DES INFORMATIONS, QUELLES INFORMATIONS RECUEILLONS-NOUS, COMBIEN DE TEMPS GARDONS-NOUS\u00a0(Objectif, conservation et l\u00e9gitimation)? 1-\u00a0Pour vous fournir la formation en face-\u00e0-face choisie: a.\u00a0Nous collectons &hellip; <\/p>\n","protected":false},"author":3,"featured_media":12793,"parent":0,"menu_order":0,"comment_status":"closed","ping_status":"closed","template":"","meta":{"_acf_changed":false,"footnotes":""},"class_list":["post-22922","page","type-page","status-publish","has-post-thumbnail","hentry"],"acf":[],"yoast_head":"<!-- This site is optimized with the Yoast SEO plugin v26.9 - https:\/\/yoast.com\/product\/yoast-seo-wordpress\/ -->\n<title>Politique de confidentialit\u00e9 - \u00c9cole TLCd\u00e9nia - Site officiel<\/title>\n<meta name=\"robots\" content=\"index, follow, max-snippet:-1, max-image-preview:large, max-video-preview:-1\" \/>\n<link rel=\"canonical\" href=\"https:\/\/tlcdenia.com\/fr\/politique-de-confidentialite\/\" \/>\n<meta property=\"og:locale\" content=\"fr_FR\" \/>\n<meta property=\"og:type\" content=\"article\" \/>\n<meta property=\"og:title\" content=\"Politique de confidentialit\u00e9 - \u00c9cole TLCd\u00e9nia - Site officiel\" \/>\n<meta property=\"og:description\" content=\"RESPONSABLE DE L\u2019INFORMATION TLCd\u00e9nia Formaci\u00f3, S.L. C\/ BARBACANA 15, 03700, DENIA, ALICANTE Tel. 966423672 CE QUE NOUS COLLECTONS DES INFORMATIONS, QUELLES INFORMATIONS RECUEILLONS-NOUS, COMBIEN DE TEMPS GARDONS-NOUS\u00a0(Objectif, conservation et l\u00e9gitimation)? 1-\u00a0Pour vous fournir la formation en face-\u00e0-face choisie: a.\u00a0Nous collectons &hellip;\" \/>\n<meta property=\"og:url\" content=\"https:\/\/tlcdenia.com\/fr\/politique-de-confidentialite\/\" \/>\n<meta property=\"og:site_name\" content=\"\u00c9cole TLCd\u00e9nia - Site officiel\" \/>\n<meta property=\"article:modified_time\" content=\"2021-04-08T08:22:04+00:00\" \/>\n<meta property=\"og:image\" content=\"https:\/\/tlcdenia.com\/wp-content\/uploads\/2016\/03\/book-1.jpg\" \/>\n\t<meta property=\"og:image:width\" content=\"1000\" \/>\n\t<meta property=\"og:image:height\" content=\"667\" \/>\n\t<meta property=\"og:image:type\" content=\"image\/jpeg\" \/>\n<meta name=\"twitter:card\" content=\"summary_large_image\" \/>\n<meta name=\"twitter:label1\" content=\"Dur\u00e9e de lecture estim\u00e9e\" \/>\n\t<meta name=\"twitter:data1\" content=\"9 minutes\" \/>\n<script type=\"application\/ld+json\" class=\"yoast-schema-graph\">{\"@context\":\"https:\/\/schema.org\",\"@graph\":[{\"@type\":\"WebPage\",\"@id\":\"https:\/\/tlcdenia.com\/fr\/politique-de-confidentialite\/\",\"url\":\"https:\/\/tlcdenia.com\/fr\/politique-de-confidentialite\/\",\"name\":\"Politique de confidentialit\u00e9 - \u00c9cole TLCd\u00e9nia - Site officiel\",\"isPartOf\":{\"@id\":\"https:\/\/tlcdenia.com\/fr\/#website\"},\"primaryImageOfPage\":{\"@id\":\"https:\/\/tlcdenia.com\/fr\/politique-de-confidentialite\/#primaryimage\"},\"image\":{\"@id\":\"https:\/\/tlcdenia.com\/fr\/politique-de-confidentialite\/#primaryimage\"},\"thumbnailUrl\":\"https:\/\/tlcdenia.com\/wp-content\/uploads\/2016\/03\/book-1.jpg\",\"datePublished\":\"2021-01-26T15:23:08+00:00\",\"dateModified\":\"2021-04-08T08:22:04+00:00\",\"breadcrumb\":{\"@id\":\"https:\/\/tlcdenia.com\/fr\/politique-de-confidentialite\/#breadcrumb\"},\"inLanguage\":\"fr-FR\",\"potentialAction\":[{\"@type\":\"ReadAction\",\"target\":[\"https:\/\/tlcdenia.com\/fr\/politique-de-confidentialite\/\"]}]},{\"@type\":\"ImageObject\",\"inLanguage\":\"fr-FR\",\"@id\":\"https:\/\/tlcdenia.com\/fr\/politique-de-confidentialite\/#primaryimage\",\"url\":\"https:\/\/tlcdenia.com\/wp-content\/uploads\/2016\/03\/book-1.jpg\",\"contentUrl\":\"https:\/\/tlcdenia.com\/wp-content\/uploads\/2016\/03\/book-1.jpg\",\"width\":1000,\"height\":667,\"caption\":\"tlcdenia school\"},{\"@type\":\"BreadcrumbList\",\"@id\":\"https:\/\/tlcdenia.com\/fr\/politique-de-confidentialite\/#breadcrumb\",\"itemListElement\":[{\"@type\":\"ListItem\",\"position\":1,\"name\":\"Home\",\"item\":\"https:\/\/tlcdenia.com\/fr\/\"},{\"@type\":\"ListItem\",\"position\":2,\"name\":\"Politique de confidentialit\u00e9\"}]},{\"@type\":\"WebSite\",\"@id\":\"https:\/\/tlcdenia.com\/fr\/#website\",\"url\":\"https:\/\/tlcdenia.com\/fr\/\",\"name\":\"\u00c9cole TLCd\u00e9nia - Site officiel\",\"description\":\"Languages Center\",\"potentialAction\":[{\"@type\":\"SearchAction\",\"target\":{\"@type\":\"EntryPoint\",\"urlTemplate\":\"https:\/\/tlcdenia.com\/fr\/?s={search_term_string}\"},\"query-input\":{\"@type\":\"PropertyValueSpecification\",\"valueRequired\":true,\"valueName\":\"search_term_string\"}}],\"inLanguage\":\"fr-FR\"}]}<\/script>\n<!-- \/ Yoast SEO plugin. -->","yoast_head_json":{"title":"Politique de confidentialit\u00e9 - \u00c9cole TLCd\u00e9nia - Site officiel","robots":{"index":"index","follow":"follow","max-snippet":"max-snippet:-1","max-image-preview":"max-image-preview:large","max-video-preview":"max-video-preview:-1"},"canonical":"https:\/\/tlcdenia.com\/fr\/politique-de-confidentialite\/","og_locale":"fr_FR","og_type":"article","og_title":"Politique de confidentialit\u00e9 - \u00c9cole TLCd\u00e9nia - Site officiel","og_description":"RESPONSABLE DE L\u2019INFORMATION TLCd\u00e9nia Formaci\u00f3, S.L. C\/ BARBACANA 15, 03700, DENIA, ALICANTE Tel. 966423672 CE QUE NOUS COLLECTONS DES INFORMATIONS, QUELLES INFORMATIONS RECUEILLONS-NOUS, COMBIEN DE TEMPS GARDONS-NOUS\u00a0(Objectif, conservation et l\u00e9gitimation)? 1-\u00a0Pour vous fournir la formation en face-\u00e0-face choisie: a.\u00a0Nous collectons &hellip;","og_url":"https:\/\/tlcdenia.com\/fr\/politique-de-confidentialite\/","og_site_name":"\u00c9cole TLCd\u00e9nia - Site officiel","article_modified_time":"2021-04-08T08:22:04+00:00","og_image":[{"width":1000,"height":667,"url":"https:\/\/tlcdenia.com\/wp-content\/uploads\/2016\/03\/book-1.jpg","type":"image\/jpeg"}],"twitter_card":"summary_large_image","twitter_misc":{"Dur\u00e9e de lecture estim\u00e9e":"9 minutes"},"schema":{"@context":"https:\/\/schema.org","@graph":[{"@type":"WebPage","@id":"https:\/\/tlcdenia.com\/fr\/politique-de-confidentialite\/","url":"https:\/\/tlcdenia.com\/fr\/politique-de-confidentialite\/","name":"Politique de confidentialit\u00e9 - \u00c9cole TLCd\u00e9nia - Site officiel","isPartOf":{"@id":"https:\/\/tlcdenia.com\/fr\/#website"},"primaryImageOfPage":{"@id":"https:\/\/tlcdenia.com\/fr\/politique-de-confidentialite\/#primaryimage"},"image":{"@id":"https:\/\/tlcdenia.com\/fr\/politique-de-confidentialite\/#primaryimage"},"thumbnailUrl":"https:\/\/tlcdenia.com\/wp-content\/uploads\/2016\/03\/book-1.jpg","datePublished":"2021-01-26T15:23:08+00:00","dateModified":"2021-04-08T08:22:04+00:00","breadcrumb":{"@id":"https:\/\/tlcdenia.com\/fr\/politique-de-confidentialite\/#breadcrumb"},"inLanguage":"fr-FR","potentialAction":[{"@type":"ReadAction","target":["https:\/\/tlcdenia.com\/fr\/politique-de-confidentialite\/"]}]},{"@type":"ImageObject","inLanguage":"fr-FR","@id":"https:\/\/tlcdenia.com\/fr\/politique-de-confidentialite\/#primaryimage","url":"https:\/\/tlcdenia.com\/wp-content\/uploads\/2016\/03\/book-1.jpg","contentUrl":"https:\/\/tlcdenia.com\/wp-content\/uploads\/2016\/03\/book-1.jpg","width":1000,"height":667,"caption":"tlcdenia school"},{"@type":"BreadcrumbList","@id":"https:\/\/tlcdenia.com\/fr\/politique-de-confidentialite\/#breadcrumb","itemListElement":[{"@type":"ListItem","position":1,"name":"Home","item":"https:\/\/tlcdenia.com\/fr\/"},{"@type":"ListItem","position":2,"name":"Politique de confidentialit\u00e9"}]},{"@type":"WebSite","@id":"https:\/\/tlcdenia.com\/fr\/#website","url":"https:\/\/tlcdenia.com\/fr\/","name":"\u00c9cole TLCd\u00e9nia - Site officiel","description":"Languages Center","potentialAction":[{"@type":"SearchAction","target":{"@type":"EntryPoint","urlTemplate":"https:\/\/tlcdenia.com\/fr\/?s={search_term_string}"},"query-input":{"@type":"PropertyValueSpecification","valueRequired":true,"valueName":"search_term_string"}}],"inLanguage":"fr-FR"}]}},"_links":{"self":[{"href":"https:\/\/tlcdenia.com\/fr\/wp-json\/wp\/v2\/pages\/22922","targetHints":{"allow":["GET"]}}],"collection":[{"href":"https:\/\/tlcdenia.com\/fr\/wp-json\/wp\/v2\/pages"}],"about":[{"href":"https:\/\/tlcdenia.com\/fr\/wp-json\/wp\/v2\/types\/page"}],"author":[{"embeddable":true,"href":"https:\/\/tlcdenia.com\/fr\/wp-json\/wp\/v2\/users\/3"}],"replies":[{"embeddable":true,"href":"https:\/\/tlcdenia.com\/fr\/wp-json\/wp\/v2\/comments?post=22922"}],"version-history":[{"count":0,"href":"https:\/\/tlcdenia.com\/fr\/wp-json\/wp\/v2\/pages\/22922\/revisions"}],"wp:featuredmedia":[{"embeddable":true,"href":"https:\/\/tlcdenia.com\/fr\/wp-json\/wp\/v2\/media\/12793"}],"wp:attachment":[{"href":"https:\/\/tlcdenia.com\/fr\/wp-json\/wp\/v2\/media?parent=22922"}],"curies":[{"name":"wp","href":"https:\/\/api.w.org\/{rel}","templated":true}]}}