{"id":22915,"date":"2021-01-26T15:17:50","date_gmt":"2021-01-26T15:17:50","guid":{"rendered":"https:\/\/tlcdenia.xyz\/?page_id=22915"},"modified":"2021-02-01T16:17:07","modified_gmt":"2021-02-01T16:17:07","slug":"avertissement-legal","status":"publish","type":"page","link":"https:\/\/tlcdenia.com\/fr\/avertissement-legal\/","title":{"rendered":"AVIS L\u00c9GAL"},"content":{"rendered":"\t\t<div data-elementor-type=\"wp-page\" data-elementor-id=\"22915\" class=\"elementor elementor-22915 elementor-10426\" data-elementor-post-type=\"page\">\n\t\t\t\t\t\t<section class=\"elementor-section elementor-top-section elementor-element elementor-element-9036da4 elementor-section-boxed elementor-section-height-default elementor-section-height-default\" data-id=\"9036da4\" data-element_type=\"section\" data-e-type=\"section\">\n\t\t\t\t\t\t<div class=\"elementor-container elementor-column-gap-default\">\n\t\t\t\t\t<div class=\"elementor-column elementor-col-100 elementor-top-column elementor-element elementor-element-f425a3a\" data-id=\"f425a3a\" data-element_type=\"column\" data-e-type=\"column\">\n\t\t\t<div class=\"elementor-widget-wrap elementor-element-populated\">\n\t\t\t\t\t\t<div class=\"elementor-element elementor-element-132cfce elementor-widget elementor-widget-text-editor\" data-id=\"132cfce\" data-element_type=\"widget\" data-e-type=\"widget\" data-widget_type=\"text-editor.default\">\n\t\t\t\t<div class=\"elementor-widget-container\">\n\t\t\t\t\t\t\t\t\t<p>L\u00b4utilisation de ce site web est sujet aux conditions de confidentialit\u00e9s pr\u00e9sentes. S\u00b4il vous plait, veuillez lire attentivement le contenu. Le fait d&rsquo;acc\u00e9der \u00e0 ce site Web et d&rsquo;utiliser le contenu implique d&rsquo;avoir lu et accept\u00e9 les conditions \u00e9nonc\u00e9es au pr\u00e9alable.<\/p><p><strong>DONN\u00c9ES D&rsquo;IDENTIFICATION DU TITULAIRE WEB<\/strong><\/p><p>TLCd\u00e9nia<\/p><p>TLC Denia Formaci\u00f3 SL<\/p><p>CIF: B-54025556<\/p><p><strong>Inscription Registre Mercantil<\/strong><\/p><p>Regitre Mercantil d\u00b4Alicante<\/p><p>Document: 1\/2005\/16.343,0<\/p><p>Diario: 211<\/p><p>Asiento: 204<\/p><p>Tomo 2955<\/p><p>Libro de Sociedades 0<\/p><p>Folio 46<\/p><p>Hoja N\u00ba a-93435<\/p><p>Inscripci\u00f3n Primera<\/p><p><strong>Adresse<\/strong><\/p><p>C\/ Barbacana n\u00ba 15, 03700 Denia (Espagne)<\/p><p><strong>T\u00e9l\u00e9phone <\/strong><\/p><p>+34 96 642 36 72<\/p><p><strong>Fax<\/strong><\/p><p>+34 96 578 35 95<\/p><p>E-mail: <a href=\"mailto:info@tlcdenia.es\">info@tlcdenia.es<\/a><\/p><p><strong>Espaces TLCd\u00e9nia<\/strong><\/p><p>TLCd\u00e9nia est form\u00e9 par TLC Denia Formaci\u00f3 SL. Il s&rsquo;agit d&rsquo;une acad\u00e9mie de formation multidisciplinaire, qui est subdivis\u00e9e en trois domaines principaux selon les services offerts :<\/p><p>&#8211; Espace Cours d\u2019espagnol : des cours d&rsquo;espagnol sont propos\u00e9s en Espagne aux \u00e9tudiants \u00e9trangers. Ils sont propos\u00e9s sur le site www.tlcdenia.es<\/p><p>&#8211; Espace Cours de langues \u00e9trang\u00e8res : Principalement pour les \u00e9tudiants espagnols. Ils sont propos\u00e9s sur le site <a href=\"https:\/\/www.tlcdenia.xyz\/fr\/\">www.tlcdenia.xyz\/fr\/<\/a><\/p><p><strong>CONTENUS<\/strong><\/p><ol><li>Ce site web contient des documents \u00e0 caract\u00e8re informatif ou d&rsquo;orientation. Ces documents peuvent \u00eatre modifi\u00e9s, d\u00e9velopp\u00e9s et mis \u00e0 jour sans pr\u00e9avis de TLCd\u00e9nia. Nous avertissons que la documentation peut ne pas contenir les informations les plus r\u00e9centes. TLCd\u00e9nia n&rsquo;est pas responsable des erreurs, des changements qui pourraient \u00eatre rencontr\u00e9es, ainsi que de l&rsquo;utilisation faite de ces documents. Nous vous conseillons de consulter les informations plus r\u00e9centes \u00e0 l&rsquo;Acad\u00e9mie.<\/li><li>Les liens contenus dans www.tlcdenia.es peuvent conduire l&rsquo;utilisateur vers d&rsquo;autres sites Web, sur lesquels TLCd\u00e9nia n&rsquo;exerce aucun type de contr\u00f4le. TLCd\u00e9nia n&rsquo;est pas responsable du contenu et du statut des sites Web li\u00e9s.<\/li><li>TLCd\u00e9nia ne garantit pas l&rsquo;absence de virus ou d&rsquo;autres \u00e9l\u00e9ments nuisibles qui pourraient endommager ou alt\u00e9rer le syst\u00e8me informatique. Ainsi, TLCd\u00e9nia n&rsquo;est pas responsable des dommages que ces \u00e9l\u00e9ments pourraient causer \u00e0 l&rsquo;utilisateur.<\/li><\/ol><p><strong>PROPRI\u00c9T\u00c9 INTELLECTUELLE<\/strong><\/p><ol><li>La structure, la conception et la pr\u00e9sentation des \u00e9l\u00e9ments (graphiques, images, logotypes, combinaisons de couleurs et tout \u00e9l\u00e9ment pouvant \u00eatre prot\u00e9g\u00e9) sont prot\u00e9g\u00e9es par des droits de propri\u00e9t\u00e9 intellectuelle, propri\u00e9t\u00e9 de TLCd\u00e9nia.<\/li><li>La reproduction, la transformation, la distribution, la communication publique, la mise \u00e0 la disposition publique et, en g\u00e9n\u00e9ral, toute autre forme d&rsquo;exploitation, partielle ou totale, des \u00e9l\u00e9ments vis\u00e9s \u00e0 la section pr\u00e9c\u00e9dente sont interdites. Ces actes d&rsquo;exploitation ne peuvent \u00eatre effectu\u00e9s qu&rsquo;avec l&rsquo;autorisation de TLCd\u00e9nia et qui, dans tous les cas, doit faire explicitement r\u00e9f\u00e9rence \u00e0 la propri\u00e9t\u00e9 des droits de propri\u00e9t\u00e9 intellectuelle de TLCd\u00e9nia.<\/li><li>Vous \u00eates uniquement autoris\u00e9 \u00e0 utiliser le mat\u00e9riel documentaire pr\u00e9par\u00e9 par TLCd\u00e9nia \u00e0 des fins priv\u00e9es. En aucun cas, vous ne pouvez supprimer, modifier ou manipuler les dispositifs de protection ou les syst\u00e8mes de s\u00e9curit\u00e9 install\u00e9s.<\/li><li>Sauf autorisation de TLCd\u00e9nia, le lien vers les \u00abpages finales \u00bb, le \u00ab cadre \u00bb et toute autre manipulation similaire n&rsquo;est pas autoris\u00e9. Les liens doivent toujours \u00eatre vers les pages principales de <a href=\"http:\/\/www.tlcdenia.es\">tlcdenia.xyz\/fr<\/a>.<\/li><\/ol><p>Au moment de l&rsquo;acceptation de ces conditions g\u00e9n\u00e9rales et pour l&rsquo;utilisation du site Web TLCd\u00e9nia, il pourrait \u00eatre exig\u00e9 \u00e0 l&rsquo;utilisateur de fournir certaines donn\u00e9es essentielles.<\/p><p><strong>L&rsquo;utilisateur doit \u00e9galement savoir qu&rsquo;il existe des Conditions G\u00e9n\u00e9rales d&rsquo;Utilisation du Site Web.<\/strong><\/p><p>De mani\u00e8re g\u00e9n\u00e9rale, l&rsquo;Utilisateur s&rsquo;engage \u00e0 respecter ces conditions d&rsquo;utilisation, et \u00e0 toujours agir conform\u00e9ment \u00e0 la loi, aux bonnes m\u0153urs et aux exigences de bonne foi et de s&rsquo;abstenir d&rsquo;utiliser ce site Web d&rsquo;une mani\u00e8re qui pourrait emp\u00eacher, endommager ou d\u00e9t\u00e9riorer son fonctionnement normal, la propri\u00e9t\u00e9 ou les droits du propri\u00e9taire (TLCd\u00e9nia), du reste des utilisateurs ou, en g\u00e9n\u00e9ral, de tout tiers.<\/p><p>En particulier, l&rsquo;Utilisateur s&rsquo;engage, lors de l&rsquo;utilisation de ce site Internet \u00e0 :<\/p><ol><li>S&rsquo;il est fourni, l&rsquo;utilisateur doit prot\u00e9ger correctement le \u00ab\u00a0nom d&rsquo;utilisateur\u00a0\u00bb et le \u00ab\u00a0mot de passe\u00a0\u00bb fournis par TLCd\u00e9nia, lui permettant d&rsquo;acc\u00e9der aux diff\u00e9rents services propos\u00e9s sur le site. De plus, il s&rsquo;engage \u00e0 ne pas c\u00e9der leur utilisation ou \u00e0 permettre \u00e0 des tiers d&rsquo;y acc\u00e9der, assumant la responsabilit\u00e9 des dommages qui pourraient r\u00e9sulter d&rsquo;une mauvaise utilisation de celle-ci.<\/li><li>N\u00b4entrez, ne stockez ou ne diffusez via le site Web une information ou un mat\u00e9riel diffamatoire, injurieux, obsc\u00e8ne, mena\u00e7ant, x\u00e9nophobe, incitent \u00e0 la violence fond\u00e9e sur la race, le sexe, l&rsquo;id\u00e9ologie, la religion ou enfreignent de quelque mani\u00e8re que ce soit la morale, l&rsquo;ordre public, les droits fondamentaux, les libert\u00e9s publiques, l&rsquo;honneur, la vie priv\u00e9e ou l&rsquo;image de tiers et, en g\u00e9n\u00e9ral, qui viole la r\u00e9glementation espagnole en vigueur et votre pays de r\u00e9sidence.<\/li><li>N&rsquo;entrez, ne stockez ou ne diffusez via le site Web aucun programme informatique, donn\u00e9es, virus, code ou tout autre fichier susceptible de causer des dommages ou tout type d&rsquo;alt\u00e9ration sur le site, dans l&rsquo;un des services, ou dans l&rsquo;un des \u00e9quipements, syst\u00e8mes ou r\u00e9seaux de TLCd\u00e9nia, de tout utilisateur, ou en g\u00e9n\u00e9ral de tout tiers, qui peuvent entraver leur fonctionnement normal.<\/li><li>Ne d\u00e9truisez pas, ne modifiez pas, n&rsquo;utilisez pas, ne d\u00e9sactivez pas et n&rsquo;endommagez pas les donn\u00e9es, informations, programmes, documents \u00e9lectroniques ou, en g\u00e9n\u00e9ral, les fichiers de TLCd\u00e9nia, des utilisateurs ou des tiers.<\/li><\/ol><p>TLCd\u00e9nia peut, \u00e0 tout moment et sans pr\u00e9avis, modifier les pr\u00e9sentes Conditions G\u00e9n\u00e9rales ainsi que les Conditions Particuli\u00e8res, en publiant les modifications sur le site Internet afin qu&rsquo;elles puissent \u00eatre connues des utilisateurs.<\/p><p>En acceptant cela comprend que :<\/p><p><strong>Clause de non-responsabilit\u00e9<\/strong><\/p><p>TLCd\u00e9nia ne sera pas responsable :<\/p><ul><li>En r\u00e8gle g\u00e9n\u00e9rale, de l&rsquo;utilisation inappropri\u00e9e du site Web. Les utilisateurs doivent en faire bon usage, conform\u00e9ment aux conditions et modalit\u00e9s ci-dessus, sans avoir aucune responsabilit\u00e9 sur une mauvaise utilisation du propri\u00e9taire.<\/li><li>Concernant d&rsquo;\u00e9ventuelles lacunes techniques. TLCd\u00e9nia ne sera en aucun cas responsable des modifications du service r\u00e9sultant de d\u00e9faillances du r\u00e9seau \u00e9lectrique, du r\u00e9seau de connexion de donn\u00e9es, du serveur ou de toute disposition.<\/li><li>Concernant l&rsquo;acc\u00e8s de tiers \u00e0 votre syst\u00e8me. TLCd\u00e9nia adoptera les pr\u00e9cautions techniques n\u00e9cessaires afin de prot\u00e9ger les donn\u00e9es et informations accessibles, mais sans \u00eatre responsable des actions de tiers qui, en violation des mesures de s\u00e9curit\u00e9 \u00e9tablies, acc\u00e8dent \u00e0 vos donn\u00e9es.<\/li><li>TLCd\u00e9nia investit constamment dans des moyens technologiques qui tentent de minimiser le risque de virus, de logiciels similaires et de contenus non autoris\u00e9s dans ses syst\u00e8mes d&rsquo;information. Malgr\u00e9 cela, l&rsquo;Utilisateur est conscient qu&rsquo;il doit adopter ses propres mesures visant \u00e0 minimiser les dommages caus\u00e9s par des logiciels non autoris\u00e9s, virus, chevaux de Troie et tout type de logiciel appel\u00e9 logiciel malveillant, exon\u00e9rant TLCd\u00e9nia de toute responsabilit\u00e9 pouvant r\u00e9sulter des logiciels malveillants situ\u00e9s dans les fichiers de ce site.<\/li><\/ul><p><strong>Consentement \u00e0 l&rsquo;utilisation des formulaires activ\u00e9s sur le site<\/strong><\/p><p>Veuillez lire notre <a href=\"https:\/\/tlcdenia.com\/fr\/politique-de-confidentialite\/\">Politique de Confidentialit\u00e9 en cliquant ici<\/a><\/p>\t\t\t\t\t\t\t\t<\/div>\n\t\t\t\t<\/div>\n\t\t\t\t\t<\/div>\n\t\t<\/div>\n\t\t\t\t\t<\/div>\n\t\t<\/section>\n\t\t\t\t<\/div>\n\t\t","protected":false},"excerpt":{"rendered":"<p>L\u00b4utilisation de ce site web est sujet aux conditions de confidentialit\u00e9s pr\u00e9sentes. S\u00b4il vous plait, veuillez lire attentivement le contenu. Le fait d&rsquo;acc\u00e9der \u00e0 ce site Web et d&rsquo;utiliser le contenu implique d&rsquo;avoir lu et accept\u00e9 les conditions \u00e9nonc\u00e9es au &hellip; <\/p>\n","protected":false},"author":3,"featured_media":22908,"parent":0,"menu_order":0,"comment_status":"closed","ping_status":"closed","template":"","meta":{"_acf_changed":false,"footnotes":""},"class_list":["post-22915","page","type-page","status-publish","has-post-thumbnail","hentry"],"acf":[],"yoast_head":"<!-- This site is optimized with the Yoast SEO plugin v26.9 - https:\/\/yoast.com\/product\/yoast-seo-wordpress\/ -->\n<title>AVIS L\u00c9GAL - \u00c9cole TLCd\u00e9nia - Site officiel<\/title>\n<meta name=\"robots\" content=\"index, follow, max-snippet:-1, max-image-preview:large, max-video-preview:-1\" \/>\n<link rel=\"canonical\" href=\"https:\/\/tlcdenia.com\/fr\/avertissement-legal\/\" \/>\n<meta property=\"og:locale\" content=\"fr_FR\" \/>\n<meta property=\"og:type\" content=\"article\" \/>\n<meta property=\"og:title\" content=\"AVIS L\u00c9GAL - \u00c9cole TLCd\u00e9nia - Site officiel\" \/>\n<meta property=\"og:description\" content=\"L\u00b4utilisation de ce site web est sujet aux conditions de confidentialit\u00e9s pr\u00e9sentes. S\u00b4il vous plait, veuillez lire attentivement le contenu. Le fait d&rsquo;acc\u00e9der \u00e0 ce site Web et d&rsquo;utiliser le contenu implique d&rsquo;avoir lu et accept\u00e9 les conditions \u00e9nonc\u00e9es au &hellip;\" \/>\n<meta property=\"og:url\" content=\"https:\/\/tlcdenia.com\/fr\/avertissement-legal\/\" \/>\n<meta property=\"og:site_name\" content=\"\u00c9cole TLCd\u00e9nia - Site officiel\" \/>\n<meta property=\"article:modified_time\" content=\"2021-02-01T16:17:07+00:00\" \/>\n<meta property=\"og:image\" content=\"https:\/\/tlcdenia.com\/wp-content\/uploads\/2021\/01\/avertissement-legal-entete.jpg\" \/>\n\t<meta property=\"og:image:width\" content=\"900\" \/>\n\t<meta property=\"og:image:height\" content=\"450\" \/>\n\t<meta property=\"og:image:type\" content=\"image\/jpeg\" \/>\n<meta name=\"twitter:card\" content=\"summary_large_image\" \/>\n<meta name=\"twitter:label1\" content=\"Dur\u00e9e de lecture estim\u00e9e\" \/>\n\t<meta name=\"twitter:data1\" content=\"6 minutes\" \/>\n<script type=\"application\/ld+json\" class=\"yoast-schema-graph\">{\"@context\":\"https:\/\/schema.org\",\"@graph\":[{\"@type\":\"WebPage\",\"@id\":\"https:\/\/tlcdenia.com\/fr\/avertissement-legal\/\",\"url\":\"https:\/\/tlcdenia.com\/fr\/avertissement-legal\/\",\"name\":\"AVIS L\u00c9GAL - \u00c9cole TLCd\u00e9nia - Site officiel\",\"isPartOf\":{\"@id\":\"https:\/\/tlcdenia.com\/fr\/#website\"},\"primaryImageOfPage\":{\"@id\":\"https:\/\/tlcdenia.com\/fr\/avertissement-legal\/#primaryimage\"},\"image\":{\"@id\":\"https:\/\/tlcdenia.com\/fr\/avertissement-legal\/#primaryimage\"},\"thumbnailUrl\":\"https:\/\/tlcdenia.com\/wp-content\/uploads\/2021\/01\/avertissement-legal-entete.jpg\",\"datePublished\":\"2021-01-26T15:17:50+00:00\",\"dateModified\":\"2021-02-01T16:17:07+00:00\",\"breadcrumb\":{\"@id\":\"https:\/\/tlcdenia.com\/fr\/avertissement-legal\/#breadcrumb\"},\"inLanguage\":\"fr-FR\",\"potentialAction\":[{\"@type\":\"ReadAction\",\"target\":[\"https:\/\/tlcdenia.com\/fr\/avertissement-legal\/\"]}]},{\"@type\":\"ImageObject\",\"inLanguage\":\"fr-FR\",\"@id\":\"https:\/\/tlcdenia.com\/fr\/avertissement-legal\/#primaryimage\",\"url\":\"https:\/\/tlcdenia.com\/wp-content\/uploads\/2021\/01\/avertissement-legal-entete.jpg\",\"contentUrl\":\"https:\/\/tlcdenia.com\/wp-content\/uploads\/2021\/01\/avertissement-legal-entete.jpg\",\"width\":900,\"height\":450,\"caption\":\"avertissement legal entete\"},{\"@type\":\"BreadcrumbList\",\"@id\":\"https:\/\/tlcdenia.com\/fr\/avertissement-legal\/#breadcrumb\",\"itemListElement\":[{\"@type\":\"ListItem\",\"position\":1,\"name\":\"Home\",\"item\":\"https:\/\/tlcdenia.com\/fr\/\"},{\"@type\":\"ListItem\",\"position\":2,\"name\":\"AVIS L\u00c9GAL\"}]},{\"@type\":\"WebSite\",\"@id\":\"https:\/\/tlcdenia.com\/fr\/#website\",\"url\":\"https:\/\/tlcdenia.com\/fr\/\",\"name\":\"\u00c9cole TLCd\u00e9nia - Site officiel\",\"description\":\"Languages Center\",\"potentialAction\":[{\"@type\":\"SearchAction\",\"target\":{\"@type\":\"EntryPoint\",\"urlTemplate\":\"https:\/\/tlcdenia.com\/fr\/?s={search_term_string}\"},\"query-input\":{\"@type\":\"PropertyValueSpecification\",\"valueRequired\":true,\"valueName\":\"search_term_string\"}}],\"inLanguage\":\"fr-FR\"}]}<\/script>\n<!-- \/ Yoast SEO plugin. -->","yoast_head_json":{"title":"AVIS L\u00c9GAL - \u00c9cole TLCd\u00e9nia - Site officiel","robots":{"index":"index","follow":"follow","max-snippet":"max-snippet:-1","max-image-preview":"max-image-preview:large","max-video-preview":"max-video-preview:-1"},"canonical":"https:\/\/tlcdenia.com\/fr\/avertissement-legal\/","og_locale":"fr_FR","og_type":"article","og_title":"AVIS L\u00c9GAL - \u00c9cole TLCd\u00e9nia - Site officiel","og_description":"L\u00b4utilisation de ce site web est sujet aux conditions de confidentialit\u00e9s pr\u00e9sentes. S\u00b4il vous plait, veuillez lire attentivement le contenu. Le fait d&rsquo;acc\u00e9der \u00e0 ce site Web et d&rsquo;utiliser le contenu implique d&rsquo;avoir lu et accept\u00e9 les conditions \u00e9nonc\u00e9es au &hellip;","og_url":"https:\/\/tlcdenia.com\/fr\/avertissement-legal\/","og_site_name":"\u00c9cole TLCd\u00e9nia - Site officiel","article_modified_time":"2021-02-01T16:17:07+00:00","og_image":[{"width":900,"height":450,"url":"https:\/\/tlcdenia.com\/wp-content\/uploads\/2021\/01\/avertissement-legal-entete.jpg","type":"image\/jpeg"}],"twitter_card":"summary_large_image","twitter_misc":{"Dur\u00e9e de lecture estim\u00e9e":"6 minutes"},"schema":{"@context":"https:\/\/schema.org","@graph":[{"@type":"WebPage","@id":"https:\/\/tlcdenia.com\/fr\/avertissement-legal\/","url":"https:\/\/tlcdenia.com\/fr\/avertissement-legal\/","name":"AVIS L\u00c9GAL - \u00c9cole TLCd\u00e9nia - Site officiel","isPartOf":{"@id":"https:\/\/tlcdenia.com\/fr\/#website"},"primaryImageOfPage":{"@id":"https:\/\/tlcdenia.com\/fr\/avertissement-legal\/#primaryimage"},"image":{"@id":"https:\/\/tlcdenia.com\/fr\/avertissement-legal\/#primaryimage"},"thumbnailUrl":"https:\/\/tlcdenia.com\/wp-content\/uploads\/2021\/01\/avertissement-legal-entete.jpg","datePublished":"2021-01-26T15:17:50+00:00","dateModified":"2021-02-01T16:17:07+00:00","breadcrumb":{"@id":"https:\/\/tlcdenia.com\/fr\/avertissement-legal\/#breadcrumb"},"inLanguage":"fr-FR","potentialAction":[{"@type":"ReadAction","target":["https:\/\/tlcdenia.com\/fr\/avertissement-legal\/"]}]},{"@type":"ImageObject","inLanguage":"fr-FR","@id":"https:\/\/tlcdenia.com\/fr\/avertissement-legal\/#primaryimage","url":"https:\/\/tlcdenia.com\/wp-content\/uploads\/2021\/01\/avertissement-legal-entete.jpg","contentUrl":"https:\/\/tlcdenia.com\/wp-content\/uploads\/2021\/01\/avertissement-legal-entete.jpg","width":900,"height":450,"caption":"avertissement legal entete"},{"@type":"BreadcrumbList","@id":"https:\/\/tlcdenia.com\/fr\/avertissement-legal\/#breadcrumb","itemListElement":[{"@type":"ListItem","position":1,"name":"Home","item":"https:\/\/tlcdenia.com\/fr\/"},{"@type":"ListItem","position":2,"name":"AVIS L\u00c9GAL"}]},{"@type":"WebSite","@id":"https:\/\/tlcdenia.com\/fr\/#website","url":"https:\/\/tlcdenia.com\/fr\/","name":"\u00c9cole TLCd\u00e9nia - Site officiel","description":"Languages Center","potentialAction":[{"@type":"SearchAction","target":{"@type":"EntryPoint","urlTemplate":"https:\/\/tlcdenia.com\/fr\/?s={search_term_string}"},"query-input":{"@type":"PropertyValueSpecification","valueRequired":true,"valueName":"search_term_string"}}],"inLanguage":"fr-FR"}]}},"_links":{"self":[{"href":"https:\/\/tlcdenia.com\/fr\/wp-json\/wp\/v2\/pages\/22915","targetHints":{"allow":["GET"]}}],"collection":[{"href":"https:\/\/tlcdenia.com\/fr\/wp-json\/wp\/v2\/pages"}],"about":[{"href":"https:\/\/tlcdenia.com\/fr\/wp-json\/wp\/v2\/types\/page"}],"author":[{"embeddable":true,"href":"https:\/\/tlcdenia.com\/fr\/wp-json\/wp\/v2\/users\/3"}],"replies":[{"embeddable":true,"href":"https:\/\/tlcdenia.com\/fr\/wp-json\/wp\/v2\/comments?post=22915"}],"version-history":[{"count":0,"href":"https:\/\/tlcdenia.com\/fr\/wp-json\/wp\/v2\/pages\/22915\/revisions"}],"wp:featuredmedia":[{"embeddable":true,"href":"https:\/\/tlcdenia.com\/fr\/wp-json\/wp\/v2\/media\/22908"}],"wp:attachment":[{"href":"https:\/\/tlcdenia.com\/fr\/wp-json\/wp\/v2\/media?parent=22915"}],"curies":[{"name":"wp","href":"https:\/\/api.w.org\/{rel}","templated":true}]}}