{"id":16223,"date":"2020-05-28T08:43:25","date_gmt":"2020-05-28T08:43:25","guid":{"rendered":"https:\/\/tlcdenia.xyz\/?page_id=16223"},"modified":"2021-01-20T11:00:04","modified_gmt":"2021-01-20T11:00:04","slug":"disponibilite","status":"publish","type":"page","link":"https:\/\/tlcdenia.com\/fr\/disponibilite\/","title":{"rendered":"R\u00c9SERVER UN COURS"},"content":{"rendered":"\t\t<div data-elementor-type=\"wp-page\" data-elementor-id=\"16223\" class=\"elementor elementor-16223 elementor-10904\" data-elementor-post-type=\"page\">\n\t\t\t\t\t\t<section class=\"elementor-section elementor-top-section elementor-element elementor-element-fe1ef8f elementor-section-boxed elementor-section-height-default elementor-section-height-default\" data-id=\"fe1ef8f\" data-element_type=\"section\" data-e-type=\"section\">\n\t\t\t\t\t\t<div class=\"elementor-container elementor-column-gap-default\">\n\t\t\t\t\t<div class=\"elementor-column elementor-col-100 elementor-top-column elementor-element elementor-element-9ffcbf2\" data-id=\"9ffcbf2\" data-element_type=\"column\" data-e-type=\"column\">\n\t\t\t<div class=\"elementor-widget-wrap elementor-element-populated\">\n\t\t\t\t\t\t<div class=\"elementor-element elementor-element-6e75581 elementor-widget elementor-widget-heading\" data-id=\"6e75581\" data-element_type=\"widget\" data-e-type=\"widget\" data-widget_type=\"heading.default\">\n\t\t\t\t<div class=\"elementor-widget-container\">\n\t\t\t\t\t<h2 class=\"elementor-heading-title elementor-size-default\">Demandez plus d'informations \u00e0 l'\u00e9cole TLCd\u00e9nia<\/h2>\t\t\t\t<\/div>\n\t\t\t\t<\/div>\n\t\t\t\t<div class=\"elementor-element elementor-element-4dcee5b elementor-widget elementor-widget-text-editor\" data-id=\"4dcee5b\" data-element_type=\"widget\" data-e-type=\"widget\" data-widget_type=\"text-editor.default\">\n\t\t\t\t<div class=\"elementor-widget-container\">\n\t\t\t\t\t\t\t\t\t<p>Nous sommes heureux de savoir que vous \u00eates int\u00e9ress\u00e9s par nos cours. Veuillez remplir ce formulaire pour r\u00e9server un cours ou pour demander de plus amples informations. Nous serons heureux de vous aider et nous esp\u00e9rons vous avoir dans notre \u00e9cole!<\/p>\t\t\t\t\t\t\t\t<\/div>\n\t\t\t\t<\/div>\n\t\t\t\t<div class=\"elementor-element elementor-element-2e41c81 elementor-widget elementor-widget-shortcode\" data-id=\"2e41c81\" data-element_type=\"widget\" data-e-type=\"widget\" data-widget_type=\"shortcode.default\">\n\t\t\t\t<div class=\"elementor-widget-container\">\n\t\t\t\t\t\t\t<div class=\"elementor-shortcode\">\n<div class=\"wpcf7 no-js\" id=\"wpcf7-f20780-o1\" lang=\"en-US\" dir=\"ltr\" data-wpcf7-id=\"20780\">\n<div class=\"screen-reader-response\"><p role=\"status\" aria-live=\"polite\" aria-atomic=\"true\"><\/p> <ul><\/ul><\/div>\n<form action=\"\/fr\/wp-json\/wp\/v2\/pages\/16223#wpcf7-f20780-o1\" method=\"post\" class=\"wpcf7-form init\" aria-label=\"Contact form\" novalidate=\"novalidate\" data-status=\"init\">\n<fieldset class=\"hidden-fields-container\"><input type=\"hidden\" name=\"_wpcf7\" value=\"20780\" \/><input type=\"hidden\" name=\"_wpcf7_version\" value=\"6.1.5\" \/><input type=\"hidden\" name=\"_wpcf7_locale\" value=\"en_US\" \/><input type=\"hidden\" name=\"_wpcf7_unit_tag\" value=\"wpcf7-f20780-o1\" \/><input type=\"hidden\" name=\"_wpcf7_container_post\" value=\"0\" \/><input type=\"hidden\" name=\"_wpcf7_posted_data_hash\" value=\"\" \/><input type=\"hidden\" name=\"_wpcf7_recaptcha_response\" value=\"\" \/>\n<\/fieldset>\n<p><span class=\"wpcf7-form-control-wrap\" data-name=\"Name\"><input size=\"40\" maxlength=\"400\" class=\"wpcf7-form-control wpcf7-text wpcf7-validates-as-required\" aria-required=\"true\" aria-invalid=\"false\" placeholder=\"Votre pr\u00e9nom et nom*\" value=\"\" type=\"text\" name=\"Name\" \/><\/span>\n<\/p>\n<p><span class=\"wpcf7-form-control-wrap\" data-name=\"YourEmail\"><input size=\"40\" maxlength=\"400\" class=\"wpcf7-form-control wpcf7-email wpcf7-validates-as-required wpcf7-text wpcf7-validates-as-email\" aria-required=\"true\" aria-invalid=\"false\" placeholder=\"Votre E-mail *\" value=\"\" type=\"email\" name=\"YourEmail\" \/><\/span>\n<\/p>\n<p><span class=\"wpcf7-form-control-wrap\" data-name=\"Nationality\"><input size=\"40\" maxlength=\"400\" class=\"wpcf7-form-control wpcf7-text wpcf7-validates-as-required\" aria-required=\"true\" aria-invalid=\"false\" placeholder=\"Nationalit\u00e9 *\" value=\"\" type=\"text\" name=\"Nationality\" \/><\/span>\n<\/p>\n<p><span class=\"wpcf7-form-control-wrap\" data-name=\"PhoneNumber\"><input size=\"40\" maxlength=\"400\" class=\"wpcf7-form-control wpcf7-text wpcf7-validates-as-required\" aria-required=\"true\" aria-invalid=\"false\" placeholder=\"Num\u00e9ro de t\u00e9l\u00e9phone avec pr\u00e9fixe *\" value=\"\" type=\"text\" name=\"PhoneNumber\" \/><\/span>\n<\/p>\n<p><strong> Date de naissance *<\/strong><span class=\"wpcf7-form-control-wrap\" data-name=\"Birthday\"><input class=\"wpcf7-form-control wpcf7-date wpcf7-validates-as-required wpcf7-validates-as-date\" aria-required=\"true\" aria-invalid=\"false\" value=\"\" type=\"date\" name=\"Birthday\" \/><\/span>\n<\/p>\n<p><strong>S\u00e9lectionnez les cours qui vous int\u00e9ressent<\/strong>\n<\/p>\n<p><span class=\"wpcf7-form-control-wrap\" data-name=\"Coursescheckbox\"><span class=\"wpcf7-form-control wpcf7-checkbox wpcf7-validates-as-required\"><span class=\"wpcf7-list-item first\"><input type=\"checkbox\" name=\"Coursescheckbox[]\" value=\"Espagnol intensif 20\" \/><span class=\"wpcf7-list-item-label\">Espagnol intensif 20<\/span><\/span><span class=\"wpcf7-list-item\"><input type=\"checkbox\" name=\"Coursescheckbox[]\" value=\"Espagnol intensif 30\" \/><span class=\"wpcf7-list-item-label\">Espagnol intensif 30<\/span><\/span><span class=\"wpcf7-list-item\"><input type=\"checkbox\" name=\"Coursescheckbox[]\" value=\"Espagnol intensif 20+5\" \/><span class=\"wpcf7-list-item-label\">Espagnol intensif 20+5<\/span><\/span><span class=\"wpcf7-list-item\"><input type=\"checkbox\" name=\"Coursescheckbox[]\" value=\"Espagnol intensif 20+5: M\u00e9decine\" \/><span class=\"wpcf7-list-item-label\">Espagnol intensif 20+5: M\u00e9decine<\/span><\/span><span class=\"wpcf7-list-item\"><input type=\"checkbox\" name=\"Coursescheckbox[]\" value=\"Espagnol intensif 20+5: Langue et Culture\" \/><span class=\"wpcf7-list-item-label\">Espagnol intensif 20+5: Langue et Culture<\/span><\/span><span class=\"wpcf7-list-item\"><input type=\"checkbox\" name=\"Coursescheckbox[]\" value=\"Pr\u00e9paration \u00e0 l\u2019examen DELE 20 + 5\" \/><span class=\"wpcf7-list-item-label\">Pr\u00e9paration \u00e0 l\u2019examen DELE 20 + 5<\/span><\/span><span class=\"wpcf7-list-item\"><input type=\"checkbox\" name=\"Coursescheckbox[]\" value=\"Programme d&#039;espagnol pour les familles\" \/><span class=\"wpcf7-list-item-label\">Programme d&#039;espagnol pour les familles<\/span><\/span><span class=\"wpcf7-list-item\"><input type=\"checkbox\" name=\"Coursescheckbox[]\" value=\"Espagnol pour Enfants (Option A)(5-10 ans)\" \/><span class=\"wpcf7-list-item-label\">Espagnol pour Enfants (Option A)(5-10 ans)<\/span><\/span><span class=\"wpcf7-list-item\"><input type=\"checkbox\" name=\"Coursescheckbox[]\" value=\"Espagnol pour Enfants (Option B) (8-13 ans)\" \/><span class=\"wpcf7-list-item-label\">Espagnol pour Enfants (Option B) (8-13 ans)<\/span><\/span><span class=\"wpcf7-list-item\"><input type=\"checkbox\" name=\"Coursescheckbox[]\" value=\"Espagnol pour Enfant (Mini-groupe) (5-15 ans)\" \/><span class=\"wpcf7-list-item-label\">Espagnol pour Enfant (Mini-groupe) (5-15 ans)<\/span><\/span><span class=\"wpcf7-list-item\"><input type=\"checkbox\" name=\"Coursescheckbox[]\" value=\"Espagnol intensif 20 (11-17)\" \/><span class=\"wpcf7-list-item-label\">Espagnol intensif 20 (11-17)<\/span><\/span><span class=\"wpcf7-list-item\"><input type=\"checkbox\" name=\"Coursescheckbox[]\" value=\"Espagnol pour Adolescents Day-Camp (14-17 ans)\" \/><span class=\"wpcf7-list-item-label\">Espagnol pour Adolescents Day-Camp (14-17 ans)<\/span><\/span><span class=\"wpcf7-list-item\"><input type=\"checkbox\" name=\"Coursescheckbox[]\" value=\"Espagnol pour juniors \u00e9t\u00e9 Programme complet (14-17)\" \/><span class=\"wpcf7-list-item-label\">Espagnol pour juniors \u00e9t\u00e9 Programme complet (14-17)<\/span><\/span><span class=\"wpcf7-list-item\"><input type=\"checkbox\" name=\"Coursescheckbox[]\" value=\"Espagnol Senior Club Denia 50+\" \/><span class=\"wpcf7-list-item-label\">Espagnol Senior Club Denia 50+<\/span><\/span><span class=\"wpcf7-list-item last\"><input type=\"checkbox\" name=\"Coursescheckbox[]\" value=\"Espagnol pour Groupes Scolaires\" \/><span class=\"wpcf7-list-item-label\">Espagnol pour Groupes Scolaires<\/span><\/span><\/span><\/span>\n<\/p>\n<p><strong>S\u00e9lectionnez votre niveau *<\/strong><span class=\"wpcf7-form-control-wrap\" data-name=\"Spanishlevel\"><select class=\"wpcf7-form-control wpcf7-select wpcf7-validates-as-required\" aria-required=\"true\" aria-invalid=\"false\" name=\"Spanishlevel\"><option value=\"Je ne connais pas mon niveau\">Je ne connais pas mon niveau<\/option><option value=\"Je suis d\u00e9butant\">Je suis d\u00e9butant<\/option><option value=\"A1 basique\">A1 basique<\/option><option value=\"A2 \u00e9l\u00e9mentaire\">A2 \u00e9l\u00e9mentaire<\/option><option value=\"B1 interm\u00e9diaire\">B1 interm\u00e9diaire<\/option><option value=\"B2 interm\u00e9diaire sup\u00e9rieur\">B2 interm\u00e9diaire sup\u00e9rieur<\/option><option value=\"C1 avanc\u00e9\">C1 avanc\u00e9<\/option><option value=\"C2 comp\u00e9tence\">C2 comp\u00e9tence<\/option><\/select><\/span>\n<\/p>\n<p><strong>Date de d\u00e9but du cours d'espagnol (JJ\/MM\/AAAA) * (Tous les lundis sauf d\u00e9butants: <a href=\"\/fr\/dates-et-horaires\/\" target=\"_blank\" rel=\"noopener\">Cliquez ici pour v\u00e9rifier les dates de d\u00e9but pour les d\u00e9butants<\/a>) <\/strong><span class=\"wpcf7-form-control-wrap\" data-name=\"SpanishCourseDate\"><input class=\"wpcf7-form-control wpcf7-date wpcf7-validates-as-required wpcf7-validates-as-date\" max=\"2025-12-31\" aria-required=\"true\" aria-invalid=\"false\" placeholder=\"Date du cours d&#039;espagnol\" value=\"\" type=\"date\" name=\"SpanishCourseDate\" \/><\/span>\n<\/p>\n<p><strong>Nombre de semaines *<\/strong><span class=\"wpcf7-form-control-wrap\" data-name=\"Numberofweeks\"><input size=\"40\" maxlength=\"400\" class=\"wpcf7-form-control wpcf7-text wpcf7-validates-as-required\" aria-required=\"true\" aria-invalid=\"false\" placeholder=\"Nombre de semaines\" value=\"\" type=\"text\" name=\"Numberofweeks\" \/><\/span>\n<\/p>\n<p><strong>Num\u00e9ro de passeport \/ num\u00e9ro d'identit\u00e9<\/strong><span class=\"wpcf7-form-control-wrap\" data-name=\"PassportNumber\"><input size=\"40\" maxlength=\"400\" class=\"wpcf7-form-control wpcf7-text\" aria-invalid=\"false\" placeholder=\"Num\u00e9ro de passeport\" value=\"\" type=\"text\" name=\"PassportNumber\" \/><\/span>\n<\/p>\n<p><strong>Logement *<\/strong><span class=\"wpcf7-form-control-wrap\" data-name=\"Accommodation\"><select class=\"wpcf7-form-control wpcf7-select wpcf7-validates-as-required\" aria-required=\"true\" aria-invalid=\"false\" name=\"Accommodation\"><option value=\"\">&#8212;Please choose an option&#8212;<\/option><option value=\"AUCUN-Je n&#039;ai pas besoin d&#039;h\u00e9bergement\">AUCUN-Je n&#039;ai pas besoin d&#039;h\u00e9bergement<\/option><option value=\"Famille d&#039;accueil en pension compl\u00e8te (chambre simple)\">Famille d&#039;accueil en pension compl\u00e8te (chambre simple)<\/option><option value=\"Famille d&#039;accueil en demi-pension (chambre simple)\">Famille d&#039;accueil en demi-pension (chambre simple)<\/option><option value=\"Famille d&#039;accueil en pension compl\u00e8te (chambre double)\">Famille d&#039;accueil en pension compl\u00e8te (chambre double)<\/option><option value=\"Famille d&#039;accueil en demi-pension (chambre double)\">Famille d&#039;accueil en demi-pension (chambre double)<\/option><option value=\"Appartement partag\u00e9 (simple) chambre)\">Appartement partag\u00e9 (simple) chambre)<\/option><option value=\"Appartement partag\u00e9 (chambre double)\">Appartement partag\u00e9 (chambre double)<\/option><option value=\"Appartement en ville (1 chambre)\">Appartement en ville (1 chambre)<\/option><option value=\"Appartement en ville (2 chambres)\">Appartement en ville (2 chambres)<\/option><option value=\"Appartement plage (1 chambre)\">Appartement plage (1 chambre)<\/option><option value=\"Appartement plage (2 chambres)\">Appartement plage (2 chambres)<\/option><option value=\"H\u00f4tel\">H\u00f4tel<\/option><\/select><\/span>\n<\/p>\n<p><strong>Allergies ou intol\u00e9rances alimentaires<\/strong><span class=\"wpcf7-form-control-wrap\" data-name=\"Allergies\"><select class=\"wpcf7-form-control wpcf7-select\" aria-invalid=\"false\" name=\"Allergies\"><option value=\"\">&#8212;Please choose an option&#8212;<\/option><option value=\"Oui\">Oui<\/option><option value=\"Non\">Non<\/option><\/select><\/span>\n<\/p>\n<p><span class=\"wpcf7-form-control-wrap\" data-name=\"Allergies\"><input size=\"40\" maxlength=\"400\" class=\"wpcf7-form-control wpcf7-text\" aria-invalid=\"false\" placeholder=\"Dans l&#039;affirmative, veuillez pr\u00e9ciser vos allergies\" value=\"\" type=\"text\" name=\"Allergies\" \/><\/span>\n<\/p>\n<p><strong>Transfert a\u00e9roport *<\/strong><span class=\"wpcf7-form-control-wrap\" data-name=\"Transfers\"><select class=\"wpcf7-form-control wpcf7-select wpcf7-validates-as-required\" aria-required=\"true\" aria-invalid=\"false\" name=\"Transfers\"><option value=\"\">&#8212;Please choose an option&#8212;<\/option><option value=\"Non\">Non<\/option><option value=\"One way\">One way<\/option><option value=\"Return\">Return<\/option><\/select><\/span>\n<\/p>\n<p><strong>Comment avez-vous connu l'\u00e9cole TLCd\u00e9nia?*<\/strong><span class=\"wpcf7-form-control-wrap\" data-name=\"how\"><select class=\"wpcf7-form-control wpcf7-select wpcf7-validates-as-required\" aria-required=\"true\" aria-invalid=\"false\" name=\"how\"><option value=\"\">&#8212;Please choose an option&#8212;<\/option><option value=\"Google\">Google<\/option><option value=\"Amis ou famille\">Amis ou famille<\/option><option value=\"R\u00e9seaux sociaux\">R\u00e9seaux sociaux<\/option><option value=\"Journal \/ Magazine\">Journal \/ Magazine<\/option><option value=\"Annonce de rue\">Annonce de rue<\/option><option value=\"Autre\">Autre<\/option><\/select><\/span>\n<\/p>\n<p><span class=\"wpcf7-form-control-wrap\" data-name=\"Website\"><input size=\"40\" maxlength=\"400\" class=\"wpcf7-form-control wpcf7-text\" aria-invalid=\"false\" placeholder=\"Un site web: pr\u00e9cisez lequel ici\" value=\"\" type=\"text\" name=\"Website\" \/><\/span>\n<\/p>\n<p><span class=\"wpcf7-form-control-wrap\" data-name=\"LearnOther\"><input size=\"40\" maxlength=\"400\" class=\"wpcf7-form-control wpcf7-text\" aria-invalid=\"false\" placeholder=\"Autre: pr\u00e9cisez ici\" value=\"\" type=\"text\" name=\"LearnOther\" \/><\/span>\n<\/p>\n<p><strong>Commentaires<\/strong><br \/>\n<span class=\"wpcf7-form-control-wrap\" data-name=\"your-message\"><textarea cols=\"40\" rows=\"10\" maxlength=\"2000\" class=\"wpcf7-form-control wpcf7-textarea\" aria-invalid=\"false\" name=\"your-message\"><\/textarea><\/span>\n<\/p>\n\n<p><input class=\"wpcf7-form-control wpcf7-submit has-spinner\" type=\"submit\" value=\"Envoyer\" \/>\n<\/p><div class=\"wpcf7-response-output\" aria-hidden=\"true\"><\/div>\n<\/form>\n<\/div>\n<\/div>\n\t\t\t\t\t\t<\/div>\n\t\t\t\t<\/div>\n\t\t\t\t\t<\/div>\n\t\t<\/div>\n\t\t\t\t\t<\/div>\n\t\t<\/section>\n\t\t\t\t<\/div>\n\t\t","protected":false},"excerpt":{"rendered":"<p>Demandez plus d&rsquo;informations \u00e0 l&rsquo;\u00e9cole TLCd\u00e9nia Nous sommes heureux de savoir que vous \u00eates int\u00e9ress\u00e9s par nos cours. Veuillez remplir ce formulaire pour r\u00e9server un cours ou pour demander de plus amples informations. Nous serons heureux de vous aider et &hellip; <\/p>\n","protected":false},"author":3,"featured_media":16237,"parent":0,"menu_order":0,"comment_status":"closed","ping_status":"closed","template":"","meta":{"_acf_changed":false,"footnotes":""},"class_list":["post-16223","page","type-page","status-publish","has-post-thumbnail","hentry"],"acf":[],"yoast_head":"<!-- This site is optimized with the Yoast SEO plugin v26.9 - https:\/\/yoast.com\/product\/yoast-seo-wordpress\/ -->\n<title>R\u00e9servez un cours d&#039;espagnol | Demande d&#039;informations - \u00c9cole TLCd\u00e9nia<\/title>\n<meta name=\"description\" content=\"Cours d&#039;espagnol \u00e0 l&#039;\u00e9cole TLCd\u00e9nia Remplissez ce formulaire pour r\u00e9server ou pour demander plus d&#039;informations Nous serons heureux de vous aider!\" \/>\n<meta name=\"robots\" content=\"index, follow, max-snippet:-1, max-image-preview:large, max-video-preview:-1\" \/>\n<link rel=\"canonical\" href=\"https:\/\/tlcdenia.com\/fr\/disponibilite\/\" \/>\n<meta property=\"og:locale\" content=\"fr_FR\" \/>\n<meta property=\"og:type\" content=\"article\" \/>\n<meta property=\"og:title\" content=\"R\u00e9servez un cours d&#039;espagnol | Demande d&#039;informations - \u00c9cole TLCd\u00e9nia\" \/>\n<meta property=\"og:description\" content=\"Cours d&#039;espagnol \u00e0 l&#039;\u00e9cole TLCd\u00e9nia Remplissez ce formulaire pour r\u00e9server ou pour demander plus d&#039;informations Nous serons heureux de vous aider!\" \/>\n<meta property=\"og:url\" content=\"https:\/\/tlcdenia.com\/fr\/disponibilite\/\" \/>\n<meta property=\"og:site_name\" content=\"\u00c9cole TLCd\u00e9nia - Site officiel\" \/>\n<meta property=\"article:modified_time\" content=\"2021-01-20T11:00:04+00:00\" \/>\n<meta property=\"og:image\" content=\"https:\/\/tlcdenia.com\/wp-content\/uploads\/2020\/05\/entete-reserver-cours.jpg\" \/>\n\t<meta property=\"og:image:width\" content=\"1897\" \/>\n\t<meta property=\"og:image:height\" content=\"306\" \/>\n\t<meta property=\"og:image:type\" content=\"image\/jpeg\" \/>\n<meta name=\"twitter:card\" content=\"summary_large_image\" \/>\n<script type=\"application\/ld+json\" class=\"yoast-schema-graph\">{\"@context\":\"https:\/\/schema.org\",\"@graph\":[{\"@type\":\"WebPage\",\"@id\":\"https:\/\/tlcdenia.com\/fr\/disponibilite\/\",\"url\":\"https:\/\/tlcdenia.com\/fr\/disponibilite\/\",\"name\":\"R\u00e9servez un cours d'espagnol | Demande d'informations - \u00c9cole TLCd\u00e9nia\",\"isPartOf\":{\"@id\":\"https:\/\/tlcdenia.com\/fr\/#website\"},\"primaryImageOfPage\":{\"@id\":\"https:\/\/tlcdenia.com\/fr\/disponibilite\/#primaryimage\"},\"image\":{\"@id\":\"https:\/\/tlcdenia.com\/fr\/disponibilite\/#primaryimage\"},\"thumbnailUrl\":\"https:\/\/tlcdenia.com\/wp-content\/uploads\/2020\/05\/entete-reserver-cours.jpg\",\"datePublished\":\"2020-05-28T08:43:25+00:00\",\"dateModified\":\"2021-01-20T11:00:04+00:00\",\"description\":\"Cours d'espagnol \u00e0 l'\u00e9cole TLCd\u00e9nia Remplissez ce formulaire pour r\u00e9server ou pour demander plus d'informations Nous serons heureux de vous aider!\",\"breadcrumb\":{\"@id\":\"https:\/\/tlcdenia.com\/fr\/disponibilite\/#breadcrumb\"},\"inLanguage\":\"fr-FR\",\"potentialAction\":[{\"@type\":\"ReadAction\",\"target\":[\"https:\/\/tlcdenia.com\/fr\/disponibilite\/\"]}]},{\"@type\":\"ImageObject\",\"inLanguage\":\"fr-FR\",\"@id\":\"https:\/\/tlcdenia.com\/fr\/disponibilite\/#primaryimage\",\"url\":\"https:\/\/tlcdenia.com\/wp-content\/uploads\/2020\/05\/entete-reserver-cours.jpg\",\"contentUrl\":\"https:\/\/tlcdenia.com\/wp-content\/uploads\/2020\/05\/entete-reserver-cours.jpg\",\"width\":1897,\"height\":306,\"caption\":\"logo \u00e9cole TLCdenia\"},{\"@type\":\"BreadcrumbList\",\"@id\":\"https:\/\/tlcdenia.com\/fr\/disponibilite\/#breadcrumb\",\"itemListElement\":[{\"@type\":\"ListItem\",\"position\":1,\"name\":\"Home\",\"item\":\"https:\/\/tlcdenia.com\/fr\/\"},{\"@type\":\"ListItem\",\"position\":2,\"name\":\"R\u00c9SERVER UN COURS\"}]},{\"@type\":\"WebSite\",\"@id\":\"https:\/\/tlcdenia.com\/fr\/#website\",\"url\":\"https:\/\/tlcdenia.com\/fr\/\",\"name\":\"\u00c9cole TLCd\u00e9nia - Site officiel\",\"description\":\"Languages Center\",\"potentialAction\":[{\"@type\":\"SearchAction\",\"target\":{\"@type\":\"EntryPoint\",\"urlTemplate\":\"https:\/\/tlcdenia.com\/fr\/?s={search_term_string}\"},\"query-input\":{\"@type\":\"PropertyValueSpecification\",\"valueRequired\":true,\"valueName\":\"search_term_string\"}}],\"inLanguage\":\"fr-FR\"}]}<\/script>\n<!-- \/ Yoast SEO plugin. -->","yoast_head_json":{"title":"R\u00e9servez un cours d'espagnol | Demande d'informations - \u00c9cole TLCd\u00e9nia","description":"Cours d'espagnol \u00e0 l'\u00e9cole TLCd\u00e9nia Remplissez ce formulaire pour r\u00e9server ou pour demander plus d'informations Nous serons heureux de vous aider!","robots":{"index":"index","follow":"follow","max-snippet":"max-snippet:-1","max-image-preview":"max-image-preview:large","max-video-preview":"max-video-preview:-1"},"canonical":"https:\/\/tlcdenia.com\/fr\/disponibilite\/","og_locale":"fr_FR","og_type":"article","og_title":"R\u00e9servez un cours d'espagnol | Demande d'informations - \u00c9cole TLCd\u00e9nia","og_description":"Cours d'espagnol \u00e0 l'\u00e9cole TLCd\u00e9nia Remplissez ce formulaire pour r\u00e9server ou pour demander plus d'informations Nous serons heureux de vous aider!","og_url":"https:\/\/tlcdenia.com\/fr\/disponibilite\/","og_site_name":"\u00c9cole TLCd\u00e9nia - Site officiel","article_modified_time":"2021-01-20T11:00:04+00:00","og_image":[{"width":1897,"height":306,"url":"https:\/\/tlcdenia.com\/wp-content\/uploads\/2020\/05\/entete-reserver-cours.jpg","type":"image\/jpeg"}],"twitter_card":"summary_large_image","schema":{"@context":"https:\/\/schema.org","@graph":[{"@type":"WebPage","@id":"https:\/\/tlcdenia.com\/fr\/disponibilite\/","url":"https:\/\/tlcdenia.com\/fr\/disponibilite\/","name":"R\u00e9servez un cours d'espagnol | Demande d'informations - \u00c9cole TLCd\u00e9nia","isPartOf":{"@id":"https:\/\/tlcdenia.com\/fr\/#website"},"primaryImageOfPage":{"@id":"https:\/\/tlcdenia.com\/fr\/disponibilite\/#primaryimage"},"image":{"@id":"https:\/\/tlcdenia.com\/fr\/disponibilite\/#primaryimage"},"thumbnailUrl":"https:\/\/tlcdenia.com\/wp-content\/uploads\/2020\/05\/entete-reserver-cours.jpg","datePublished":"2020-05-28T08:43:25+00:00","dateModified":"2021-01-20T11:00:04+00:00","description":"Cours d'espagnol \u00e0 l'\u00e9cole TLCd\u00e9nia Remplissez ce formulaire pour r\u00e9server ou pour demander plus d'informations Nous serons heureux de vous aider!","breadcrumb":{"@id":"https:\/\/tlcdenia.com\/fr\/disponibilite\/#breadcrumb"},"inLanguage":"fr-FR","potentialAction":[{"@type":"ReadAction","target":["https:\/\/tlcdenia.com\/fr\/disponibilite\/"]}]},{"@type":"ImageObject","inLanguage":"fr-FR","@id":"https:\/\/tlcdenia.com\/fr\/disponibilite\/#primaryimage","url":"https:\/\/tlcdenia.com\/wp-content\/uploads\/2020\/05\/entete-reserver-cours.jpg","contentUrl":"https:\/\/tlcdenia.com\/wp-content\/uploads\/2020\/05\/entete-reserver-cours.jpg","width":1897,"height":306,"caption":"logo \u00e9cole TLCdenia"},{"@type":"BreadcrumbList","@id":"https:\/\/tlcdenia.com\/fr\/disponibilite\/#breadcrumb","itemListElement":[{"@type":"ListItem","position":1,"name":"Home","item":"https:\/\/tlcdenia.com\/fr\/"},{"@type":"ListItem","position":2,"name":"R\u00c9SERVER UN COURS"}]},{"@type":"WebSite","@id":"https:\/\/tlcdenia.com\/fr\/#website","url":"https:\/\/tlcdenia.com\/fr\/","name":"\u00c9cole TLCd\u00e9nia - Site officiel","description":"Languages Center","potentialAction":[{"@type":"SearchAction","target":{"@type":"EntryPoint","urlTemplate":"https:\/\/tlcdenia.com\/fr\/?s={search_term_string}"},"query-input":{"@type":"PropertyValueSpecification","valueRequired":true,"valueName":"search_term_string"}}],"inLanguage":"fr-FR"}]}},"_links":{"self":[{"href":"https:\/\/tlcdenia.com\/fr\/wp-json\/wp\/v2\/pages\/16223","targetHints":{"allow":["GET"]}}],"collection":[{"href":"https:\/\/tlcdenia.com\/fr\/wp-json\/wp\/v2\/pages"}],"about":[{"href":"https:\/\/tlcdenia.com\/fr\/wp-json\/wp\/v2\/types\/page"}],"author":[{"embeddable":true,"href":"https:\/\/tlcdenia.com\/fr\/wp-json\/wp\/v2\/users\/3"}],"replies":[{"embeddable":true,"href":"https:\/\/tlcdenia.com\/fr\/wp-json\/wp\/v2\/comments?post=16223"}],"version-history":[{"count":0,"href":"https:\/\/tlcdenia.com\/fr\/wp-json\/wp\/v2\/pages\/16223\/revisions"}],"wp:featuredmedia":[{"embeddable":true,"href":"https:\/\/tlcdenia.com\/fr\/wp-json\/wp\/v2\/media\/16237"}],"wp:attachment":[{"href":"https:\/\/tlcdenia.com\/fr\/wp-json\/wp\/v2\/media?parent=16223"}],"curies":[{"name":"wp","href":"https:\/\/api.w.org\/{rel}","templated":true}]}}