{"id":103538,"date":"2025-07-08T15:00:26","date_gmt":"2025-07-08T15:00:26","guid":{"rendered":"https:\/\/tlcdenia.com\/reserva-curso-de-formacion-para-profesores-de-espanol\/"},"modified":"2025-08-01T11:06:26","modified_gmt":"2025-08-01T11:06:26","slug":"reservation-formation-professeurs-espagnol","status":"publish","type":"page","link":"https:\/\/tlcdenia.com\/fr\/reservation-formation-professeurs-espagnol\/","title":{"rendered":"R\u00e9servation : cours de formation pour enseignants d&rsquo;espagnol"},"content":{"rendered":"\t\t<div data-elementor-type=\"wp-page\" data-elementor-id=\"103538\" class=\"elementor elementor-103538 elementor-103193\" data-elementor-post-type=\"page\">\n\t\t\t\t\t\t<section class=\"elementor-section elementor-top-section elementor-element elementor-element-3c21f560 elementor-section-boxed elementor-section-height-default elementor-section-height-default\" data-id=\"3c21f560\" data-element_type=\"section\" data-e-type=\"section\">\n\t\t\t\t\t\t<div class=\"elementor-container elementor-column-gap-default\">\n\t\t\t\t\t<div class=\"elementor-column elementor-col-100 elementor-top-column elementor-element elementor-element-529d880b\" data-id=\"529d880b\" data-element_type=\"column\" data-e-type=\"column\">\n\t\t\t<div class=\"elementor-widget-wrap elementor-element-populated\">\n\t\t\t\t\t\t<div class=\"elementor-element elementor-element-189e3fa1 elementor-widget elementor-widget-html\" data-id=\"189e3fa1\" data-element_type=\"widget\" data-e-type=\"widget\" data-widget_type=\"html.default\">\n\t\t\t\t<div class=\"elementor-widget-container\">\n\t\t\t\t\t<script type=\"text\/javascript\" src=\"https:\/\/form.jotform.com\/jsform\/251942704827361\"><\/script>\n\t\t\t\t<\/div>\n\t\t\t\t<\/div>\n\t\t\t\t<div class=\"elementor-element elementor-element-736aad91 elementor-widget elementor-widget-text-editor\" data-id=\"736aad91\" data-element_type=\"widget\" data-e-type=\"widget\" data-widget_type=\"text-editor.default\">\n\t\t\t\t<div class=\"elementor-widget-container\">\n\t\t\t\t\t\t\t\t\t<p style=\"text-align: center;\"><span style=\"font-size: 10pt; font-family: helvetica, arial, sans-serif; color: #434343;\"> <a href=\"https:\/\/form.jotform.com\/251824130695356\">Cliquez ici<\/a> si vous ne voyez pas le formulaire de r\u00e9servation ci-dessus.<\/span><\/p>\t\t\t\t\t\t\t\t<\/div>\n\t\t\t\t<\/div>\n\t\t\t\t<section class=\"elementor-section elementor-inner-section elementor-element elementor-element-7346fb36 elementor-section-boxed elementor-section-height-default elementor-section-height-default\" data-id=\"7346fb36\" data-element_type=\"section\" data-e-type=\"section\">\n\t\t\t\t\t\t<div class=\"elementor-container elementor-column-gap-default\">\n\t\t\t\t\t<div class=\"elementor-column elementor-col-66 elementor-inner-column elementor-element elementor-element-1100448e\" data-id=\"1100448e\" data-element_type=\"column\" data-e-type=\"column\">\n\t\t\t<div class=\"elementor-widget-wrap elementor-element-populated\">\n\t\t\t\t\t\t<div class=\"elementor-element elementor-element-52a0ede4 elementor-widget elementor-widget-heading\" data-id=\"52a0ede4\" data-element_type=\"widget\" data-e-type=\"widget\" data-widget_type=\"heading.default\">\n\t\t\t\t<div class=\"elementor-widget-container\">\n\t\t\t\t\t<h3 class=\"elementor-heading-title elementor-size-default\">Besoin de plus d\u2019informations ?<\/h3>\t\t\t\t<\/div>\n\t\t\t\t<\/div>\n\t\t\t\t\t<\/div>\n\t\t<\/div>\n\t\t\t\t<div class=\"elementor-column elementor-col-33 elementor-inner-column elementor-element elementor-element-25a15417\" data-id=\"25a15417\" data-element_type=\"column\" data-e-type=\"column\">\n\t\t\t<div class=\"elementor-widget-wrap elementor-element-populated\">\n\t\t\t\t\t\t<div class=\"elementor-element elementor-element-22762a52 elementor-align-center elementor-widget elementor-widget-button\" data-id=\"22762a52\" data-element_type=\"widget\" data-e-type=\"widget\" data-widget_type=\"button.default\">\n\t\t\t\t<div class=\"elementor-widget-container\">\n\t\t\t\t\t\t\t\t\t<div class=\"elementor-button-wrapper\">\n\t\t\t\t\t<a class=\"elementor-button elementor-button-link elementor-size-md\" href=\"https:\/\/tlcdenia.com\/fr\/contacter\/\" target=\"_blank\" rel=\"nofollow\">\n\t\t\t\t\t\t<span class=\"elementor-button-content-wrapper\">\n\t\t\t\t\t\t<span class=\"elementor-button-icon\">\n\t\t\t\t<svg aria-hidden=\"true\" class=\"e-font-icon-svg e-far-arrow-alt-circle-right\" viewBox=\"0 0 512 512\" xmlns=\"http:\/\/www.w3.org\/2000\/svg\"><path d=\"M504 256C504 119 393 8 256 8S8 119 8 256s111 248 248 248 248-111 248-248zm-448 0c0-110.5 89.5-200 200-200s200 89.5 200 200-89.5 200-200 200S56 366.5 56 256zm72 20v-40c0-6.6 5.4-12 12-12h116v-67c0-10.7 12.9-16 20.5-8.5l99 99c4.7 4.7 4.7 12.3 0 17l-99 99c-7.6 7.6-20.5 2.2-20.5-8.5v-67H140c-6.6 0-12-5.4-12-12z\"><\/path><\/svg>\t\t\t<\/span>\n\t\t\t\t\t\t\t\t\t<span class=\"elementor-button-text\">Contactez-nous<\/span>\n\t\t\t\t\t<\/span>\n\t\t\t\t\t<\/a>\n\t\t\t\t<\/div>\n\t\t\t\t\t\t\t\t<\/div>\n\t\t\t\t<\/div>\n\t\t\t\t\t<\/div>\n\t\t<\/div>\n\t\t\t\t\t<\/div>\n\t\t<\/section>\n\t\t\t\t\t<\/div>\n\t\t<\/div>\n\t\t\t\t\t<\/div>\n\t\t<\/section>\n\t\t\t\t<\/div>\n\t\t","protected":false},"excerpt":{"rendered":"<p>Cliquez ici si vous ne voyez pas le formulaire de r\u00e9servation ci-dessus. Besoin de plus d\u2019informations ? Contactez-nous<\/p>\n","protected":false},"author":3,"featured_media":72188,"parent":0,"menu_order":0,"comment_status":"closed","ping_status":"closed","template":"","meta":{"_acf_changed":false,"footnotes":""},"class_list":["post-103538","page","type-page","status-publish","has-post-thumbnail","hentry"],"acf":[],"yoast_head":"<!-- This site is optimized with the Yoast SEO plugin v26.9 - https:\/\/yoast.com\/product\/yoast-seo-wordpress\/ -->\n<title>Formulaire de r\u00e9servation : formation pour professeurs d&#039;espagnol<\/title>\n<meta name=\"description\" content=\"R\u00e9servez ici votre cours de formation pour professeurs d&#039;espagnol en Espagne, \u00e0 D\u00e9nia. \u00c9cole accr\u00e9dit\u00e9e par l\u2019Institut Cervantes.\" \/>\n<meta name=\"robots\" content=\"index, follow, max-snippet:-1, max-image-preview:large, max-video-preview:-1\" \/>\n<link rel=\"canonical\" href=\"https:\/\/tlcdenia.com\/fr\/reservation-formation-professeurs-espagnol\/\" \/>\n<meta property=\"og:locale\" content=\"fr_FR\" \/>\n<meta property=\"og:type\" content=\"article\" \/>\n<meta property=\"og:title\" content=\"Formulaire de r\u00e9servation : formation pour professeurs d&#039;espagnol\" \/>\n<meta property=\"og:description\" content=\"R\u00e9servez ici votre cours de formation pour professeurs d&#039;espagnol en Espagne, \u00e0 D\u00e9nia. \u00c9cole accr\u00e9dit\u00e9e par l\u2019Institut Cervantes.\" \/>\n<meta property=\"og:url\" content=\"https:\/\/tlcdenia.com\/fr\/reservation-formation-professeurs-espagnol\/\" \/>\n<meta property=\"og:site_name\" content=\"\u00c9cole TLCd\u00e9nia - Site officiel\" \/>\n<meta property=\"article:modified_time\" content=\"2025-08-01T11:06:26+00:00\" \/>\n<meta property=\"og:image\" content=\"https:\/\/tlcdenia.com\/wp-content\/uploads\/2023\/12\/reservation-cours-entete.jpg\" \/>\n\t<meta property=\"og:image:width\" content=\"1897\" \/>\n\t<meta property=\"og:image:height\" content=\"306\" \/>\n\t<meta property=\"og:image:type\" content=\"image\/jpeg\" \/>\n<meta name=\"twitter:card\" content=\"summary_large_image\" \/>\n<meta name=\"twitter:label1\" content=\"Dur\u00e9e de lecture estim\u00e9e\" \/>\n\t<meta name=\"twitter:data1\" content=\"1 minute\" \/>\n<script type=\"application\/ld+json\" class=\"yoast-schema-graph\">{\"@context\":\"https:\/\/schema.org\",\"@graph\":[{\"@type\":\"WebPage\",\"@id\":\"https:\/\/tlcdenia.com\/fr\/reservation-formation-professeurs-espagnol\/\",\"url\":\"https:\/\/tlcdenia.com\/fr\/reservation-formation-professeurs-espagnol\/\",\"name\":\"Formulaire de r\u00e9servation : formation pour professeurs d'espagnol\",\"isPartOf\":{\"@id\":\"https:\/\/tlcdenia.com\/fr\/#website\"},\"primaryImageOfPage\":{\"@id\":\"https:\/\/tlcdenia.com\/fr\/reservation-formation-professeurs-espagnol\/#primaryimage\"},\"image\":{\"@id\":\"https:\/\/tlcdenia.com\/fr\/reservation-formation-professeurs-espagnol\/#primaryimage\"},\"thumbnailUrl\":\"https:\/\/tlcdenia.com\/wp-content\/uploads\/2023\/12\/reservation-cours-entete.jpg\",\"datePublished\":\"2025-07-08T15:00:26+00:00\",\"dateModified\":\"2025-08-01T11:06:26+00:00\",\"description\":\"R\u00e9servez ici votre cours de formation pour professeurs d'espagnol en Espagne, \u00e0 D\u00e9nia. \u00c9cole accr\u00e9dit\u00e9e par l\u2019Institut Cervantes.\",\"breadcrumb\":{\"@id\":\"https:\/\/tlcdenia.com\/fr\/reservation-formation-professeurs-espagnol\/#breadcrumb\"},\"inLanguage\":\"fr-FR\",\"potentialAction\":[{\"@type\":\"ReadAction\",\"target\":[\"https:\/\/tlcdenia.com\/fr\/reservation-formation-professeurs-espagnol\/\"]}]},{\"@type\":\"ImageObject\",\"inLanguage\":\"fr-FR\",\"@id\":\"https:\/\/tlcdenia.com\/fr\/reservation-formation-professeurs-espagnol\/#primaryimage\",\"url\":\"https:\/\/tlcdenia.com\/wp-content\/uploads\/2023\/12\/reservation-cours-entete.jpg\",\"contentUrl\":\"https:\/\/tlcdenia.com\/wp-content\/uploads\/2023\/12\/reservation-cours-entete.jpg\",\"width\":1897,\"height\":306,\"caption\":\"Logo de TLCd\u00e9nia, \u00e9cole d'espagnol en Espagne\"},{\"@type\":\"BreadcrumbList\",\"@id\":\"https:\/\/tlcdenia.com\/fr\/reservation-formation-professeurs-espagnol\/#breadcrumb\",\"itemListElement\":[{\"@type\":\"ListItem\",\"position\":1,\"name\":\"Home\",\"item\":\"https:\/\/tlcdenia.com\/fr\/\"},{\"@type\":\"ListItem\",\"position\":2,\"name\":\"R\u00e9servation : cours de formation pour enseignants d&#8217;espagnol\"}]},{\"@type\":\"WebSite\",\"@id\":\"https:\/\/tlcdenia.com\/fr\/#website\",\"url\":\"https:\/\/tlcdenia.com\/fr\/\",\"name\":\"\u00c9cole TLCd\u00e9nia - Site officiel\",\"description\":\"Languages Center\",\"potentialAction\":[{\"@type\":\"SearchAction\",\"target\":{\"@type\":\"EntryPoint\",\"urlTemplate\":\"https:\/\/tlcdenia.com\/fr\/?s={search_term_string}\"},\"query-input\":{\"@type\":\"PropertyValueSpecification\",\"valueRequired\":true,\"valueName\":\"search_term_string\"}}],\"inLanguage\":\"fr-FR\"}]}<\/script>\n<!-- \/ Yoast SEO plugin. -->","yoast_head_json":{"title":"Formulaire de r\u00e9servation : formation pour professeurs d'espagnol","description":"R\u00e9servez ici votre cours de formation pour professeurs d'espagnol en Espagne, \u00e0 D\u00e9nia. \u00c9cole accr\u00e9dit\u00e9e par l\u2019Institut Cervantes.","robots":{"index":"index","follow":"follow","max-snippet":"max-snippet:-1","max-image-preview":"max-image-preview:large","max-video-preview":"max-video-preview:-1"},"canonical":"https:\/\/tlcdenia.com\/fr\/reservation-formation-professeurs-espagnol\/","og_locale":"fr_FR","og_type":"article","og_title":"Formulaire de r\u00e9servation : formation pour professeurs d'espagnol","og_description":"R\u00e9servez ici votre cours de formation pour professeurs d'espagnol en Espagne, \u00e0 D\u00e9nia. \u00c9cole accr\u00e9dit\u00e9e par l\u2019Institut Cervantes.","og_url":"https:\/\/tlcdenia.com\/fr\/reservation-formation-professeurs-espagnol\/","og_site_name":"\u00c9cole TLCd\u00e9nia - Site officiel","article_modified_time":"2025-08-01T11:06:26+00:00","og_image":[{"width":1897,"height":306,"url":"https:\/\/tlcdenia.com\/wp-content\/uploads\/2023\/12\/reservation-cours-entete.jpg","type":"image\/jpeg"}],"twitter_card":"summary_large_image","twitter_misc":{"Dur\u00e9e de lecture estim\u00e9e":"1 minute"},"schema":{"@context":"https:\/\/schema.org","@graph":[{"@type":"WebPage","@id":"https:\/\/tlcdenia.com\/fr\/reservation-formation-professeurs-espagnol\/","url":"https:\/\/tlcdenia.com\/fr\/reservation-formation-professeurs-espagnol\/","name":"Formulaire de r\u00e9servation : formation pour professeurs d'espagnol","isPartOf":{"@id":"https:\/\/tlcdenia.com\/fr\/#website"},"primaryImageOfPage":{"@id":"https:\/\/tlcdenia.com\/fr\/reservation-formation-professeurs-espagnol\/#primaryimage"},"image":{"@id":"https:\/\/tlcdenia.com\/fr\/reservation-formation-professeurs-espagnol\/#primaryimage"},"thumbnailUrl":"https:\/\/tlcdenia.com\/wp-content\/uploads\/2023\/12\/reservation-cours-entete.jpg","datePublished":"2025-07-08T15:00:26+00:00","dateModified":"2025-08-01T11:06:26+00:00","description":"R\u00e9servez ici votre cours de formation pour professeurs d'espagnol en Espagne, \u00e0 D\u00e9nia. \u00c9cole accr\u00e9dit\u00e9e par l\u2019Institut Cervantes.","breadcrumb":{"@id":"https:\/\/tlcdenia.com\/fr\/reservation-formation-professeurs-espagnol\/#breadcrumb"},"inLanguage":"fr-FR","potentialAction":[{"@type":"ReadAction","target":["https:\/\/tlcdenia.com\/fr\/reservation-formation-professeurs-espagnol\/"]}]},{"@type":"ImageObject","inLanguage":"fr-FR","@id":"https:\/\/tlcdenia.com\/fr\/reservation-formation-professeurs-espagnol\/#primaryimage","url":"https:\/\/tlcdenia.com\/wp-content\/uploads\/2023\/12\/reservation-cours-entete.jpg","contentUrl":"https:\/\/tlcdenia.com\/wp-content\/uploads\/2023\/12\/reservation-cours-entete.jpg","width":1897,"height":306,"caption":"Logo de TLCd\u00e9nia, \u00e9cole d'espagnol en Espagne"},{"@type":"BreadcrumbList","@id":"https:\/\/tlcdenia.com\/fr\/reservation-formation-professeurs-espagnol\/#breadcrumb","itemListElement":[{"@type":"ListItem","position":1,"name":"Home","item":"https:\/\/tlcdenia.com\/fr\/"},{"@type":"ListItem","position":2,"name":"R\u00e9servation : cours de formation pour enseignants d&#8217;espagnol"}]},{"@type":"WebSite","@id":"https:\/\/tlcdenia.com\/fr\/#website","url":"https:\/\/tlcdenia.com\/fr\/","name":"\u00c9cole TLCd\u00e9nia - Site officiel","description":"Languages Center","potentialAction":[{"@type":"SearchAction","target":{"@type":"EntryPoint","urlTemplate":"https:\/\/tlcdenia.com\/fr\/?s={search_term_string}"},"query-input":{"@type":"PropertyValueSpecification","valueRequired":true,"valueName":"search_term_string"}}],"inLanguage":"fr-FR"}]}},"_links":{"self":[{"href":"https:\/\/tlcdenia.com\/fr\/wp-json\/wp\/v2\/pages\/103538","targetHints":{"allow":["GET"]}}],"collection":[{"href":"https:\/\/tlcdenia.com\/fr\/wp-json\/wp\/v2\/pages"}],"about":[{"href":"https:\/\/tlcdenia.com\/fr\/wp-json\/wp\/v2\/types\/page"}],"author":[{"embeddable":true,"href":"https:\/\/tlcdenia.com\/fr\/wp-json\/wp\/v2\/users\/3"}],"replies":[{"embeddable":true,"href":"https:\/\/tlcdenia.com\/fr\/wp-json\/wp\/v2\/comments?post=103538"}],"version-history":[{"count":13,"href":"https:\/\/tlcdenia.com\/fr\/wp-json\/wp\/v2\/pages\/103538\/revisions"}],"predecessor-version":[{"id":105405,"href":"https:\/\/tlcdenia.com\/fr\/wp-json\/wp\/v2\/pages\/103538\/revisions\/105405"}],"wp:featuredmedia":[{"embeddable":true,"href":"https:\/\/tlcdenia.com\/fr\/wp-json\/wp\/v2\/media\/72188"}],"wp:attachment":[{"href":"https:\/\/tlcdenia.com\/fr\/wp-json\/wp\/v2\/media?parent=103538"}],"curies":[{"name":"wp","href":"https:\/\/api.w.org\/{rel}","templated":true}]}}