{"id":94202,"date":"2024-10-28T15:46:54","date_gmt":"2024-10-28T15:46:54","guid":{"rendered":"https:\/\/tlcdenia.com\/?page_id=94202"},"modified":"2026-03-24T19:34:49","modified_gmt":"2026-03-24T18:34:49","slug":"recursos-didacticos-espanol","status":"publish","type":"page","link":"https:\/\/tlcdenia.com\/es\/recursos-didacticos-espanol\/","title":{"rendered":"Recursos did\u00e1cticos para profes de espa\u00f1ol"},"content":{"rendered":"\t\t<div data-elementor-type=\"wp-page\" data-elementor-id=\"94202\" class=\"elementor elementor-94202\" data-elementor-post-type=\"page\">\n\t\t\t\t<div class=\"elementor-element elementor-element-f841643 e-flex e-con-boxed e-con e-parent\" data-id=\"f841643\" data-element_type=\"container\" data-e-type=\"container\">\n\t\t\t\t\t<div class=\"e-con-inner\">\n\t\t\t\t<div class=\"elementor-element elementor-element-c7067a2 elementor-widget elementor-widget-heading\" data-id=\"c7067a2\" data-element_type=\"widget\" data-e-type=\"widget\" data-widget_type=\"heading.default\">\n\t\t\t\t<div class=\"elementor-widget-container\">\n\t\t\t\t\t<h2 class=\"elementor-heading-title elementor-size-default\">MATERIAL DID\u00c1CTICO PARA PROFESores de espa\u00f1ol<\/h2>\t\t\t\t<\/div>\n\t\t\t\t<\/div>\n\t\t\t\t<div class=\"elementor-element elementor-element-02cd321 elementor-widget elementor-widget-text-editor\" data-id=\"02cd321\" data-element_type=\"widget\" data-e-type=\"widget\" data-widget_type=\"text-editor.default\">\n\t\t\t\t<div class=\"elementor-widget-container\">\n\t\t\t\t\t\t\t\t\t<p style=\"text-align: center;\">Reg\u00edstrate y descarga el material did\u00e1ctico de TLCd\u00e9nia para usar en tus clases:<\/p>\t\t\t\t\t\t\t\t<\/div>\n\t\t\t\t<\/div>\n\t\t\t\t\t<\/div>\n\t\t\t\t<\/div>\n\t\t<div class=\"elementor-element elementor-element-56f173c e-flex e-con-boxed e-con e-parent\" data-id=\"56f173c\" data-element_type=\"container\" data-e-type=\"container\">\n\t\t\t\t\t<div class=\"e-con-inner\">\n\t\t\t\t<div class=\"elementor-element elementor-element-27cb26c elementor-widget elementor-widget-image\" data-id=\"27cb26c\" data-element_type=\"widget\" data-e-type=\"widget\" data-widget_type=\"image.default\">\n\t\t\t\t<div class=\"elementor-widget-container\">\n\t\t\t\t\t\t\t\t\t\t\t\t\t\t\t<img fetchpriority=\"high\" decoding=\"async\" width=\"1366\" height=\"768\" src=\"https:\/\/tlcdenia.com\/wp-content\/uploads\/2024\/11\/material-clase-espanol.jpg\" class=\"attachment-full size-full wp-image-95251\" alt=\"\" srcset=\"https:\/\/tlcdenia.com\/wp-content\/uploads\/2024\/11\/material-clase-espanol.jpg 1366w, https:\/\/tlcdenia.com\/wp-content\/uploads\/2024\/11\/material-clase-espanol-300x169.jpg 300w, https:\/\/tlcdenia.com\/wp-content\/uploads\/2024\/11\/material-clase-espanol-1024x576.jpg 1024w, https:\/\/tlcdenia.com\/wp-content\/uploads\/2024\/11\/material-clase-espanol-768x432.jpg 768w\" sizes=\"(max-width: 1366px) 100vw, 1366px\" \/>\t\t\t\t\t\t\t\t\t\t\t\t\t\t\t<\/div>\n\t\t\t\t<\/div>\n\t\t\t\t\t<\/div>\n\t\t\t\t<\/div>\n\t\t<div class=\"elementor-element elementor-element-fb72bdc e-flex e-con-boxed e-con e-parent\" data-id=\"fb72bdc\" data-element_type=\"container\" data-e-type=\"container\">\n\t\t\t\t\t<div class=\"e-con-inner\">\n\t\t<div class=\"elementor-element elementor-element-ac6b24f e-con-full e-flex e-con e-child\" data-id=\"ac6b24f\" data-element_type=\"container\" data-e-type=\"container\">\n\t\t\t\t<div class=\"elementor-element elementor-element-2bb0b5d elementor-align-center elementor-widget elementor-widget-button\" data-id=\"2bb0b5d\" data-element_type=\"widget\" data-e-type=\"widget\" data-widget_type=\"button.default\">\n\t\t\t\t<div class=\"elementor-widget-container\">\n\t\t\t\t\t\t\t\t\t<div class=\"elementor-button-wrapper\">\n\t\t\t\t\t<a class=\"elementor-button elementor-button-link elementor-size-sm\" href=\"#elementor-action%3Aaction%3Dpopup%3Aopen%26settings%3DeyJpZCI6OTQ2MTAsInRvZ2dsZSI6ZmFsc2V9\">\n\t\t\t\t\t\t<span class=\"elementor-button-content-wrapper\">\n\t\t\t\t\t\t<span class=\"elementor-button-icon\">\n\t\t\t\t<svg aria-hidden=\"true\" class=\"e-font-icon-svg e-fas-info\" viewBox=\"0 0 192 512\" xmlns=\"http:\/\/www.w3.org\/2000\/svg\"><path d=\"M20 424.229h20V279.771H20c-11.046 0-20-8.954-20-20V212c0-11.046 8.954-20 20-20h112c11.046 0 20 8.954 20 20v212.229h20c11.046 0 20 8.954 20 20V492c0 11.046-8.954 20-20 20H20c-11.046 0-20-8.954-20-20v-47.771c0-11.046 8.954-20 20-20zM96 0C56.235 0 24 32.235 24 72s32.235 72 72 72 72-32.235 72-72S135.764 0 96 0z\"><\/path><\/svg>\t\t\t<\/span>\n\t\t\t\t\t\t\t\t\t<span class=\"elementor-button-text\">REG\u00cdSTRATE PARA ACCEDER<\/span>\n\t\t\t\t\t<\/span>\n\t\t\t\t\t<\/a>\n\t\t\t\t<\/div>\n\t\t\t\t\t\t\t\t<\/div>\n\t\t\t\t<\/div>\n\t\t\t\t<div class=\"elementor-element elementor-element-070f569 elementor-widget elementor-widget-spacer\" data-id=\"070f569\" data-element_type=\"widget\" data-e-type=\"widget\" data-widget_type=\"spacer.default\">\n\t\t\t\t<div class=\"elementor-widget-container\">\n\t\t\t\t\t\t\t<div class=\"elementor-spacer\">\n\t\t\t<div class=\"elementor-spacer-inner\"><\/div>\n\t\t<\/div>\n\t\t\t\t\t\t<\/div>\n\t\t\t\t<\/div>\n\t\t\t\t<\/div>\n\t\t\t\t\t<\/div>\n\t\t\t\t<\/div>\n\t\t<div class=\"elementor-element elementor-element-4402178 e-flex e-con-boxed e-con e-parent\" data-id=\"4402178\" data-element_type=\"container\" data-e-type=\"container\">\n\t\t\t\t\t<div class=\"e-con-inner\">\n\t\t\t\t<div class=\"elementor-element elementor-element-87255ea elementor-widget elementor-widget-eael-protected-content\" data-id=\"87255ea\" data-element_type=\"widget\" data-e-type=\"widget\" data-widget_type=\"eael-protected-content.default\">\n\t\t\t\t<div class=\"elementor-widget-container\">\n\t\t\t\t\t\t\t\t        <div class=\"eael-protected-content-message\">\n\t\t\t\t\t\t\t\t\t\t\t\t<div class=\"eael-protected-content-message-text\"><p>Ingrese la contrase\u00f1a para acceder el contenido de descargas<\/p><\/div>\n\t\t\t\t\t\t\t        <\/div>\n\t\t        <div class=\"eael-password-protected-content-fields\">\n            <form action=\"\" id=\"eael_protected_content_form_87255ea\" name=\"eael_protected_content_form_87255ea\" method=\"post\">\n                <input type=\"password\" name=\"protection_password_87255ea\" class=\"eael-password\"\n                       placeholder=\"Ingrese contrase\u00f1a\">\n                <input type=\"hidden\" name=\"eael_protected_content_nonce_87255ea\"\n                       value=\"d25b249201\">\n                <input type=\"submit\" value=\"Enviar\"\n                       class=\"eael-submit\">\n\t\t\t\t<input name=\"eael_protected_content_id\" value=\"87255ea\" type=\"hidden\">            <\/form>\n\t                <\/div>\n\t\t\t\t\t\t\t\t\t\t<\/div>\n\t\t\t\t<\/div>\n\t\t\t\t\t<\/div>\n\t\t\t\t<\/div>\n\t\t\t\t<\/div>\n\t\t","protected":false},"excerpt":{"rendered":"<p>MATERIAL DID\u00c1CTICO PARA PROFESores de espa\u00f1ol Reg\u00edstrate y descarga el material did\u00e1ctico de TLCd\u00e9nia para usar en tus clases: REG\u00cdSTRATE PARA ACCEDER Ingrese la contrase\u00f1a para acceder el contenido de descargas<\/p>\n","protected":false},"author":4,"featured_media":0,"parent":0,"menu_order":0,"comment_status":"closed","ping_status":"closed","template":"","meta":{"_acf_changed":false,"footnotes":""},"class_list":["post-94202","page","type-page","status-publish","hentry"],"acf":[],"yoast_head":"<!-- This site is optimized with the Yoast SEO plugin v26.9 - https:\/\/yoast.com\/product\/yoast-seo-wordpress\/ -->\n<title>Recursos did\u00e1cticos para profes de espa\u00f1ol - Escuela TLCd\u00e9nia - Sitio web oficial<\/title>\n<meta name=\"robots\" content=\"index, follow, max-snippet:-1, max-image-preview:large, max-video-preview:-1\" \/>\n<link rel=\"canonical\" href=\"https:\/\/tlcdenia.com\/es\/recursos-didacticos-espanol\/\" \/>\n<meta property=\"og:locale\" content=\"es_ES\" \/>\n<meta property=\"og:type\" content=\"article\" \/>\n<meta property=\"og:title\" content=\"Recursos did\u00e1cticos para profes de espa\u00f1ol - Escuela TLCd\u00e9nia - Sitio web oficial\" \/>\n<meta property=\"og:description\" content=\"MATERIAL DID\u00c1CTICO PARA PROFESores de espa\u00f1ol Reg\u00edstrate y descarga el material did\u00e1ctico de TLCd\u00e9nia para usar en tus clases: REG\u00cdSTRATE PARA ACCEDER Ingrese la contrase\u00f1a para acceder el contenido de descargas\" \/>\n<meta property=\"og:url\" content=\"https:\/\/tlcdenia.com\/es\/recursos-didacticos-espanol\/\" \/>\n<meta property=\"og:site_name\" content=\"Escuela TLCd\u00e9nia - Sitio web oficial\" \/>\n<meta property=\"article:modified_time\" content=\"2026-03-24T18:34:49+00:00\" \/>\n<meta property=\"og:image\" content=\"https:\/\/tlcdenia.com\/wp-content\/uploads\/2024\/11\/material-clase-espanol.jpg\" \/>\n\t<meta property=\"og:image:width\" content=\"1366\" \/>\n\t<meta property=\"og:image:height\" content=\"768\" \/>\n\t<meta property=\"og:image:type\" content=\"image\/jpeg\" \/>\n<meta name=\"twitter:card\" content=\"summary_large_image\" \/>\n<meta name=\"twitter:label1\" content=\"Tiempo de lectura\" \/>\n\t<meta name=\"twitter:data1\" content=\"1 minuto\" \/>\n<script type=\"application\/ld+json\" class=\"yoast-schema-graph\">{\"@context\":\"https:\/\/schema.org\",\"@graph\":[{\"@type\":\"WebPage\",\"@id\":\"https:\/\/tlcdenia.com\/es\/recursos-didacticos-espanol\/\",\"url\":\"https:\/\/tlcdenia.com\/es\/recursos-didacticos-espanol\/\",\"name\":\"Recursos did\u00e1cticos para profes de espa\u00f1ol - Escuela TLCd\u00e9nia - Sitio web oficial\",\"isPartOf\":{\"@id\":\"https:\/\/tlcdenia.com\/es\/#website\"},\"primaryImageOfPage\":{\"@id\":\"https:\/\/tlcdenia.com\/es\/recursos-didacticos-espanol\/#primaryimage\"},\"image\":{\"@id\":\"https:\/\/tlcdenia.com\/es\/recursos-didacticos-espanol\/#primaryimage\"},\"thumbnailUrl\":\"https:\/\/tlcdenia.com\/wp-content\/uploads\/2024\/11\/material-clase-espanol.jpg\",\"datePublished\":\"2024-10-28T15:46:54+00:00\",\"dateModified\":\"2026-03-24T18:34:49+00:00\",\"breadcrumb\":{\"@id\":\"https:\/\/tlcdenia.com\/es\/recursos-didacticos-espanol\/#breadcrumb\"},\"inLanguage\":\"es\",\"potentialAction\":[{\"@type\":\"ReadAction\",\"target\":[\"https:\/\/tlcdenia.com\/es\/recursos-didacticos-espanol\/\"]}]},{\"@type\":\"ImageObject\",\"inLanguage\":\"es\",\"@id\":\"https:\/\/tlcdenia.com\/es\/recursos-didacticos-espanol\/#primaryimage\",\"url\":\"https:\/\/tlcdenia.com\/wp-content\/uploads\/2024\/11\/material-clase-espanol.jpg\",\"contentUrl\":\"https:\/\/tlcdenia.com\/wp-content\/uploads\/2024\/11\/material-clase-espanol.jpg\"},{\"@type\":\"BreadcrumbList\",\"@id\":\"https:\/\/tlcdenia.com\/es\/recursos-didacticos-espanol\/#breadcrumb\",\"itemListElement\":[{\"@type\":\"ListItem\",\"position\":1,\"name\":\"Home\",\"item\":\"https:\/\/tlcdenia.com\/es\/\"},{\"@type\":\"ListItem\",\"position\":2,\"name\":\"Recursos did\u00e1cticos para profes de espa\u00f1ol\"}]},{\"@type\":\"WebSite\",\"@id\":\"https:\/\/tlcdenia.com\/es\/#website\",\"url\":\"https:\/\/tlcdenia.com\/es\/\",\"name\":\"Escuela TLCd\u00e9nia - Sitio web oficial\",\"description\":\"Languages Center\",\"potentialAction\":[{\"@type\":\"SearchAction\",\"target\":{\"@type\":\"EntryPoint\",\"urlTemplate\":\"https:\/\/tlcdenia.com\/es\/?s={search_term_string}\"},\"query-input\":{\"@type\":\"PropertyValueSpecification\",\"valueRequired\":true,\"valueName\":\"search_term_string\"}}],\"inLanguage\":\"es\"}]}<\/script>\n<!-- \/ Yoast SEO plugin. -->","yoast_head_json":{"title":"Recursos did\u00e1cticos para profes de espa\u00f1ol - Escuela TLCd\u00e9nia - Sitio web oficial","robots":{"index":"index","follow":"follow","max-snippet":"max-snippet:-1","max-image-preview":"max-image-preview:large","max-video-preview":"max-video-preview:-1"},"canonical":"https:\/\/tlcdenia.com\/es\/recursos-didacticos-espanol\/","og_locale":"es_ES","og_type":"article","og_title":"Recursos did\u00e1cticos para profes de espa\u00f1ol - Escuela TLCd\u00e9nia - Sitio web oficial","og_description":"MATERIAL DID\u00c1CTICO PARA PROFESores de espa\u00f1ol Reg\u00edstrate y descarga el material did\u00e1ctico de TLCd\u00e9nia para usar en tus clases: REG\u00cdSTRATE PARA ACCEDER Ingrese la contrase\u00f1a para acceder el contenido de descargas","og_url":"https:\/\/tlcdenia.com\/es\/recursos-didacticos-espanol\/","og_site_name":"Escuela TLCd\u00e9nia - Sitio web oficial","article_modified_time":"2026-03-24T18:34:49+00:00","og_image":[{"width":1366,"height":768,"url":"https:\/\/tlcdenia.com\/wp-content\/uploads\/2024\/11\/material-clase-espanol.jpg","type":"image\/jpeg"}],"twitter_card":"summary_large_image","twitter_misc":{"Tiempo de lectura":"1 minuto"},"schema":{"@context":"https:\/\/schema.org","@graph":[{"@type":"WebPage","@id":"https:\/\/tlcdenia.com\/es\/recursos-didacticos-espanol\/","url":"https:\/\/tlcdenia.com\/es\/recursos-didacticos-espanol\/","name":"Recursos did\u00e1cticos para profes de espa\u00f1ol - Escuela TLCd\u00e9nia - Sitio web oficial","isPartOf":{"@id":"https:\/\/tlcdenia.com\/es\/#website"},"primaryImageOfPage":{"@id":"https:\/\/tlcdenia.com\/es\/recursos-didacticos-espanol\/#primaryimage"},"image":{"@id":"https:\/\/tlcdenia.com\/es\/recursos-didacticos-espanol\/#primaryimage"},"thumbnailUrl":"https:\/\/tlcdenia.com\/wp-content\/uploads\/2024\/11\/material-clase-espanol.jpg","datePublished":"2024-10-28T15:46:54+00:00","dateModified":"2026-03-24T18:34:49+00:00","breadcrumb":{"@id":"https:\/\/tlcdenia.com\/es\/recursos-didacticos-espanol\/#breadcrumb"},"inLanguage":"es","potentialAction":[{"@type":"ReadAction","target":["https:\/\/tlcdenia.com\/es\/recursos-didacticos-espanol\/"]}]},{"@type":"ImageObject","inLanguage":"es","@id":"https:\/\/tlcdenia.com\/es\/recursos-didacticos-espanol\/#primaryimage","url":"https:\/\/tlcdenia.com\/wp-content\/uploads\/2024\/11\/material-clase-espanol.jpg","contentUrl":"https:\/\/tlcdenia.com\/wp-content\/uploads\/2024\/11\/material-clase-espanol.jpg"},{"@type":"BreadcrumbList","@id":"https:\/\/tlcdenia.com\/es\/recursos-didacticos-espanol\/#breadcrumb","itemListElement":[{"@type":"ListItem","position":1,"name":"Home","item":"https:\/\/tlcdenia.com\/es\/"},{"@type":"ListItem","position":2,"name":"Recursos did\u00e1cticos para profes de espa\u00f1ol"}]},{"@type":"WebSite","@id":"https:\/\/tlcdenia.com\/es\/#website","url":"https:\/\/tlcdenia.com\/es\/","name":"Escuela TLCd\u00e9nia - Sitio web oficial","description":"Languages Center","potentialAction":[{"@type":"SearchAction","target":{"@type":"EntryPoint","urlTemplate":"https:\/\/tlcdenia.com\/es\/?s={search_term_string}"},"query-input":{"@type":"PropertyValueSpecification","valueRequired":true,"valueName":"search_term_string"}}],"inLanguage":"es"}]}},"_links":{"self":[{"href":"https:\/\/tlcdenia.com\/es\/wp-json\/wp\/v2\/pages\/94202","targetHints":{"allow":["GET"]}}],"collection":[{"href":"https:\/\/tlcdenia.com\/es\/wp-json\/wp\/v2\/pages"}],"about":[{"href":"https:\/\/tlcdenia.com\/es\/wp-json\/wp\/v2\/types\/page"}],"author":[{"embeddable":true,"href":"https:\/\/tlcdenia.com\/es\/wp-json\/wp\/v2\/users\/4"}],"replies":[{"embeddable":true,"href":"https:\/\/tlcdenia.com\/es\/wp-json\/wp\/v2\/comments?post=94202"}],"version-history":[{"count":261,"href":"https:\/\/tlcdenia.com\/es\/wp-json\/wp\/v2\/pages\/94202\/revisions"}],"predecessor-version":[{"id":114717,"href":"https:\/\/tlcdenia.com\/es\/wp-json\/wp\/v2\/pages\/94202\/revisions\/114717"}],"wp:attachment":[{"href":"https:\/\/tlcdenia.com\/es\/wp-json\/wp\/v2\/media?parent=94202"}],"curies":[{"name":"wp","href":"https:\/\/api.w.org\/{rel}","templated":true}]}}