{"id":77473,"date":"2024-01-19T11:16:29","date_gmt":"2024-01-19T11:16:29","guid":{"rendered":"https:\/\/tlcdenia.com\/?page_id=77473"},"modified":"2024-01-26T13:37:03","modified_gmt":"2024-01-26T13:37:03","slug":"excursion-jativa-grupos-escolares","status":"publish","type":"page","link":"https:\/\/tlcdenia.com\/es\/excursion-jativa-grupos-escolares\/","title":{"rendered":"Excursi\u00f3n a J\u00e1tiva para grupos escolares"},"content":{"rendered":"\t\t<div data-elementor-type=\"wp-page\" data-elementor-id=\"77473\" class=\"elementor elementor-77473\" data-elementor-post-type=\"page\">\n\t\t\t\t<div class=\"elementor-element elementor-element-093e714 e-flex e-con-boxed e-con e-parent\" data-id=\"093e714\" data-element_type=\"container\" data-e-type=\"container\">\n\t\t\t\t\t<div class=\"e-con-inner\">\n\t\t\t\t<div class=\"elementor-element elementor-element-267ff00 elementor-widget elementor-widget-image\" data-id=\"267ff00\" data-element_type=\"widget\" data-e-type=\"widget\" data-widget_type=\"image.default\">\n\t\t\t\t<div class=\"elementor-widget-container\">\n\t\t\t\t\t\t\t\t\t\t\t\t\t\t\t<img fetchpriority=\"high\" decoding=\"async\" width=\"900\" height=\"600\" src=\"https:\/\/tlcdenia.com\/wp-content\/uploads\/2024\/01\/grupo-escolar-jativa-1.jpg\" class=\"attachment-full size-full wp-image-78661\" alt=\"Castillo de J\u00e1tiva \/ X\u00e1tiva en Espa\u00f1a\" srcset=\"https:\/\/tlcdenia.com\/wp-content\/uploads\/2024\/01\/grupo-escolar-jativa-1.jpg 900w, https:\/\/tlcdenia.com\/wp-content\/uploads\/2024\/01\/grupo-escolar-jativa-1-300x200.jpg 300w, https:\/\/tlcdenia.com\/wp-content\/uploads\/2024\/01\/grupo-escolar-jativa-1-768x512.jpg 768w\" sizes=\"(max-width: 900px) 100vw, 900px\" \/>\t\t\t\t\t\t\t\t\t\t\t\t\t\t\t<\/div>\n\t\t\t\t<\/div>\n\t\t\t\t\t<\/div>\n\t\t\t\t<\/div>\n\t\t<div class=\"elementor-element elementor-element-69074be e-flex e-con-boxed e-con e-parent\" data-id=\"69074be\" data-element_type=\"container\" data-e-type=\"container\">\n\t\t\t\t\t<div class=\"e-con-inner\">\n\t\t\t\t<div class=\"elementor-element elementor-element-86952d8 elementor-widget elementor-widget-text-editor\" data-id=\"86952d8\" data-element_type=\"widget\" data-e-type=\"widget\" data-widget_type=\"text-editor.default\">\n\t\t\t\t<div class=\"elementor-widget-container\">\n\t\t\t\t\t\t\t\t\t<p><strong>J\u00e1tiva<\/strong> es una ciudad espa\u00f1ola con <strong>gran legado hist\u00f3rico<\/strong>. Visitar J\u00e1tiva es una excursi\u00f3n perfecta para que los estudiantes de los grupos escolares en Espa\u00f1a aprendan sobre historia y cultura espa\u00f1ola.<\/p><p>J\u00e1tiva se enorgullece de ser la cuna de la familia Borja, una de las m\u00e1s poderosas del Renacimiento. La familia alcanz\u00f3 fama mundial con dos papas, Alfonso de Borja (Calixto III, 1456-1458), y su sobrino Rodrigo de Borja (Alejandro VI, 1492-1503). Esta es una de las razones por las cuales sus muros albergan tanta riqueza hist\u00f3rica.<\/p><p>Nuestra excursi\u00f3n comenzar\u00e1 explorando el <strong>casco antiguo<\/strong> de J\u00e1tiva, con sus estrechas calles empedradas y monumentos hist\u00f3ricos. Los estudiantes se sentir\u00e1n transportados a trav\u00e9s del tiempo mientras caminan por el centro hist\u00f3rico, acompa\u00f1ados de sus monitores.<\/p>\t\t\t\t\t\t\t\t<\/div>\n\t\t\t\t<\/div>\n\t\t\t\t\t<\/div>\n\t\t\t\t<\/div>\n\t\t<div class=\"elementor-element elementor-element-8e9e274 e-flex e-con-boxed e-con e-parent\" data-id=\"8e9e274\" data-element_type=\"container\" data-e-type=\"container\">\n\t\t\t\t\t<div class=\"e-con-inner\">\n\t\t\t\t<div class=\"elementor-element elementor-element-d502220 elementor-widget elementor-widget-image\" data-id=\"d502220\" data-element_type=\"widget\" data-e-type=\"widget\" data-widget_type=\"image.default\">\n\t\t\t\t<div class=\"elementor-widget-container\">\n\t\t\t\t\t\t\t\t\t\t\t\t\t\t\t<img decoding=\"async\" width=\"900\" height=\"600\" src=\"https:\/\/tlcdenia.com\/wp-content\/uploads\/2024\/01\/grupo-escolar-jativa-3.jpg\" class=\"attachment-full size-full wp-image-78677\" alt=\"Iglesia de J\u00e1tiva \/ X\u00e1tiva en Espa\u00f1a\" srcset=\"https:\/\/tlcdenia.com\/wp-content\/uploads\/2024\/01\/grupo-escolar-jativa-3.jpg 900w, https:\/\/tlcdenia.com\/wp-content\/uploads\/2024\/01\/grupo-escolar-jativa-3-300x200.jpg 300w, https:\/\/tlcdenia.com\/wp-content\/uploads\/2024\/01\/grupo-escolar-jativa-3-768x512.jpg 768w\" sizes=\"(max-width: 900px) 100vw, 900px\" \/>\t\t\t\t\t\t\t\t\t\t\t\t\t\t\t<\/div>\n\t\t\t\t<\/div>\n\t\t\t\t\t<\/div>\n\t\t\t\t<\/div>\n\t\t<div class=\"elementor-element elementor-element-5631002 e-flex e-con-boxed e-con e-parent\" data-id=\"5631002\" data-element_type=\"container\" data-e-type=\"container\">\n\t\t\t\t\t<div class=\"e-con-inner\">\n\t\t\t\t<div class=\"elementor-element elementor-element-258fa88 elementor-widget elementor-widget-text-editor\" data-id=\"258fa88\" data-element_type=\"widget\" data-e-type=\"widget\" data-widget_type=\"text-editor.default\">\n\t\t\t\t<div class=\"elementor-widget-container\">\n\t\t\t\t\t\t\t\t\t<p>Visitaremos el majestuoso <strong>castillo de J\u00e1tiva<\/strong>, ubicado en la cima de una colina y con impresionantes vistas panor\u00e1micas de la ciudad. Aqu\u00ed, los estudiantes aprender\u00e1n sobre la rica historia del castillo y su importancia en la regi\u00f3n. Podr\u00e1n explorar sus torres, murallas y salas, mientras aprenden sobre la vida medieval en Espa\u00f1a.<\/p><p>Continuando nuestra excursi\u00f3n, nos dirigiremos a la <strong>Iglesia Colegiata de Santa Mar\u00eda<\/strong>, una joya arquitect\u00f3nica con una hermosa fachada g\u00f3tica. Podr\u00e1n apreciar su impresionante interior y aprender sobre la importancia del arte y la religi\u00f3n en la historia de Espa\u00f1a.<\/p><p>A medida que nos adentramos en las calles de J\u00e1tiva, nos encontraremos con plazas encantadoras, como la <strong>Plaza de la Trinidad<\/strong>, donde los alumnos podr\u00e1n disfrutar de algo de tiempo libre para explorar y practicar su espa\u00f1ol con las personas locales en un entorno aut\u00e9ntico.<\/p>\t\t\t\t\t\t\t\t<\/div>\n\t\t\t\t<\/div>\n\t\t\t\t\t<\/div>\n\t\t\t\t<\/div>\n\t\t<div class=\"elementor-element elementor-element-783940e e-flex e-con-boxed e-con e-parent\" data-id=\"783940e\" data-element_type=\"container\" data-e-type=\"container\">\n\t\t\t\t\t<div class=\"e-con-inner\">\n\t\t\t\t<div class=\"elementor-element elementor-element-66cbd7f elementor-widget elementor-widget-image\" data-id=\"66cbd7f\" data-element_type=\"widget\" data-e-type=\"widget\" data-widget_type=\"image.default\">\n\t\t\t\t<div class=\"elementor-widget-container\">\n\t\t\t\t\t\t\t\t\t\t\t\t\t\t\t<img decoding=\"async\" width=\"595\" height=\"815\" src=\"https:\/\/tlcdenia.com\/wp-content\/uploads\/2024\/01\/grupo-escolar-jativa-8.jpg\" class=\"attachment-full size-full wp-image-78717\" alt=\"Estudiante hace fotos al castillo de J\u00e1tiva en Espa\u00f1a\" srcset=\"https:\/\/tlcdenia.com\/wp-content\/uploads\/2024\/01\/grupo-escolar-jativa-8.jpg 595w, https:\/\/tlcdenia.com\/wp-content\/uploads\/2024\/01\/grupo-escolar-jativa-8-219x300.jpg 219w\" sizes=\"(max-width: 595px) 100vw, 595px\" \/>\t\t\t\t\t\t\t\t\t\t\t\t\t\t\t<\/div>\n\t\t\t\t<\/div>\n\t\t\t\t\t<\/div>\n\t\t\t\t<\/div>\n\t\t<div class=\"elementor-element elementor-element-a650ff0 e-flex e-con-boxed e-con e-parent\" data-id=\"a650ff0\" data-element_type=\"container\" data-e-type=\"container\">\n\t\t\t\t\t<div class=\"e-con-inner\">\n\t\t\t\t<div class=\"elementor-element elementor-element-281dcae elementor-widget elementor-widget-text-editor\" data-id=\"281dcae\" data-element_type=\"widget\" data-e-type=\"widget\" data-widget_type=\"text-editor.default\">\n\t\t\t\t<div class=\"elementor-widget-container\">\n\t\t\t\t\t\t\t\t\t<p>En nuestra excursi\u00f3n una visita opcional es el <strong>Museo de la Almudaina<\/strong>, con exposiciones que cuentan la historia de J\u00e1tiva desde la \u00e9poca romana hasta la actualidad. Ser\u00e1 una experiencia educativa y enriquecedora que les permitir\u00e1 ampliar su conocimiento sobre la regi\u00f3n.<\/p><p>J\u00e1tiva es, en definitiva, un destino ideal para combinar el estudio del espa\u00f1ol con una experiencia cultural enriquecedora.<\/p>\t\t\t\t\t\t\t\t<\/div>\n\t\t\t\t<\/div>\n\t\t\t\t\t<\/div>\n\t\t\t\t<\/div>\n\t\t\t\t<section class=\"elementor-section elementor-top-section elementor-element elementor-element-c2e9295 elementor-section-boxed elementor-section-height-default elementor-section-height-default\" data-id=\"c2e9295\" data-element_type=\"section\" data-e-type=\"section\" data-settings=\"{&quot;background_background&quot;:&quot;classic&quot;}\">\n\t\t\t\t\t\t<div class=\"elementor-container elementor-column-gap-default\">\n\t\t\t\t\t<div class=\"elementor-column elementor-col-100 elementor-top-column elementor-element elementor-element-4b55b35\" data-id=\"4b55b35\" data-element_type=\"column\" data-e-type=\"column\">\n\t\t\t<div class=\"elementor-widget-wrap elementor-element-populated\">\n\t\t\t\t\t\t<div class=\"elementor-element elementor-element-293ad34 elementor-widget elementor-widget-heading\" data-id=\"293ad34\" data-element_type=\"widget\" data-e-type=\"widget\" data-widget_type=\"heading.default\">\n\t\t\t\t<div class=\"elementor-widget-container\">\n\t\t\t\t\t<h3 class=\"elementor-heading-title elementor-size-default\">EXCURSI\u00d3N A j\u00e1tiva<\/h3>\t\t\t\t<\/div>\n\t\t\t\t<\/div>\n\t\t\t\t\t<\/div>\n\t\t<\/div>\n\t\t\t\t\t<\/div>\n\t\t<\/section>\n\t\t\t\t<section class=\"elementor-section elementor-top-section elementor-element elementor-element-d092d52 elementor-section-boxed elementor-section-height-default elementor-section-height-default\" data-id=\"d092d52\" data-element_type=\"section\" data-e-type=\"section\">\n\t\t\t\t\t\t<div class=\"elementor-container elementor-column-gap-default\">\n\t\t\t\t\t<div class=\"elementor-column elementor-col-100 elementor-top-column elementor-element elementor-element-47251da\" data-id=\"47251da\" data-element_type=\"column\" data-e-type=\"column\">\n\t\t\t<div class=\"elementor-widget-wrap elementor-element-populated\">\n\t\t\t\t\t\t<div class=\"elementor-element elementor-element-03b88f2 elementor-widget elementor-widget-image-gallery\" data-id=\"03b88f2\" data-element_type=\"widget\" data-e-type=\"widget\" data-widget_type=\"image-gallery.default\">\n\t\t\t\t<div class=\"elementor-widget-container\">\n\t\t\t\t\t\t\t<div class=\"elementor-image-gallery\">\n\t\t\t<div id='gallery-1' class='gallery galleryid-77473 gallery-columns-4 gallery-size-thumbnail'><figure class='gallery-item'>\n\t\t\t<div class='gallery-icon landscape'>\n\t\t\t\t<a data-elementor-open-lightbox=\"yes\" data-elementor-lightbox-slideshow=\"03b88f2\" data-elementor-lightbox-title=\"grupo-escolar-jativa-1\" data-e-action-hash=\"#elementor-action%3Aaction%3Dlightbox%26settings%3DeyJpZCI6Nzg2NjEsInVybCI6Imh0dHBzOlwvXC90bGNkZW5pYS5jb21cL3dwLWNvbnRlbnRcL3VwbG9hZHNcLzIwMjRcLzAxXC9ncnVwby1lc2NvbGFyLWphdGl2YS0xLmpwZyIsInNsaWRlc2hvdyI6IjAzYjg4ZjIifQ%3D%3D\" href='https:\/\/tlcdenia.com\/wp-content\/uploads\/2024\/01\/grupo-escolar-jativa-1.jpg'><img loading=\"lazy\" decoding=\"async\" width=\"150\" height=\"150\" src=\"https:\/\/tlcdenia.com\/wp-content\/uploads\/2024\/01\/grupo-escolar-jativa-1-150x150.jpg\" class=\"attachment-thumbnail size-thumbnail\" alt=\"Castillo de J\u00e1tiva \/ X\u00e1tiva en Espa\u00f1a\" \/><\/a>\n\t\t\t<\/div><\/figure><figure class='gallery-item'>\n\t\t\t<div class='gallery-icon landscape'>\n\t\t\t\t<a data-elementor-open-lightbox=\"yes\" data-elementor-lightbox-slideshow=\"03b88f2\" data-elementor-lightbox-title=\"grupo-escolar-jativa-2\" data-e-action-hash=\"#elementor-action%3Aaction%3Dlightbox%26settings%3DeyJpZCI6Nzg2NjksInVybCI6Imh0dHBzOlwvXC90bGNkZW5pYS5jb21cL3dwLWNvbnRlbnRcL3VwbG9hZHNcLzIwMjRcLzAxXC9ncnVwby1lc2NvbGFyLWphdGl2YS0yLmpwZyIsInNsaWRlc2hvdyI6IjAzYjg4ZjIifQ%3D%3D\" href='https:\/\/tlcdenia.com\/wp-content\/uploads\/2024\/01\/grupo-escolar-jativa-2.jpg'><img loading=\"lazy\" decoding=\"async\" width=\"150\" height=\"150\" src=\"https:\/\/tlcdenia.com\/wp-content\/uploads\/2024\/01\/grupo-escolar-jativa-2-150x150.jpg\" class=\"attachment-thumbnail size-thumbnail\" alt=\"Castillo de J\u00e1tiva \/ X\u00e1tiva en Espa\u00f1a\" \/><\/a>\n\t\t\t<\/div><\/figure><figure class='gallery-item'>\n\t\t\t<div class='gallery-icon landscape'>\n\t\t\t\t<a data-elementor-open-lightbox=\"yes\" data-elementor-lightbox-slideshow=\"03b88f2\" data-elementor-lightbox-title=\"grupo-escolar-jativa-3\" data-e-action-hash=\"#elementor-action%3Aaction%3Dlightbox%26settings%3DeyJpZCI6Nzg2NzcsInVybCI6Imh0dHBzOlwvXC90bGNkZW5pYS5jb21cL3dwLWNvbnRlbnRcL3VwbG9hZHNcLzIwMjRcLzAxXC9ncnVwby1lc2NvbGFyLWphdGl2YS0zLmpwZyIsInNsaWRlc2hvdyI6IjAzYjg4ZjIifQ%3D%3D\" href='https:\/\/tlcdenia.com\/wp-content\/uploads\/2024\/01\/grupo-escolar-jativa-3.jpg'><img loading=\"lazy\" decoding=\"async\" width=\"150\" height=\"150\" src=\"https:\/\/tlcdenia.com\/wp-content\/uploads\/2024\/01\/grupo-escolar-jativa-3-150x150.jpg\" class=\"attachment-thumbnail size-thumbnail\" alt=\"Iglesia de J\u00e1tiva \/ X\u00e1tiva en Espa\u00f1a\" \/><\/a>\n\t\t\t<\/div><\/figure><figure class='gallery-item'>\n\t\t\t<div class='gallery-icon landscape'>\n\t\t\t\t<a data-elementor-open-lightbox=\"yes\" data-elementor-lightbox-slideshow=\"03b88f2\" data-elementor-lightbox-title=\"grupo-escolar-jativa-4\" data-e-action-hash=\"#elementor-action%3Aaction%3Dlightbox%26settings%3DeyJpZCI6Nzg2ODUsInVybCI6Imh0dHBzOlwvXC90bGNkZW5pYS5jb21cL3dwLWNvbnRlbnRcL3VwbG9hZHNcLzIwMjRcLzAxXC9ncnVwby1lc2NvbGFyLWphdGl2YS00LmpwZyIsInNsaWRlc2hvdyI6IjAzYjg4ZjIifQ%3D%3D\" href='https:\/\/tlcdenia.com\/wp-content\/uploads\/2024\/01\/grupo-escolar-jativa-4.jpg'><img loading=\"lazy\" decoding=\"async\" width=\"150\" height=\"150\" src=\"https:\/\/tlcdenia.com\/wp-content\/uploads\/2024\/01\/grupo-escolar-jativa-4-150x150.jpg\" class=\"attachment-thumbnail size-thumbnail\" alt=\"Monumento de J\u00e1tiva \/ X\u00e1tiva en Espa\u00f1a\" \/><\/a>\n\t\t\t<\/div><\/figure><figure class='gallery-item'>\n\t\t\t<div class='gallery-icon landscape'>\n\t\t\t\t<a data-elementor-open-lightbox=\"yes\" data-elementor-lightbox-slideshow=\"03b88f2\" data-elementor-lightbox-title=\"grupo-escolar-jativa-6\" data-e-action-hash=\"#elementor-action%3Aaction%3Dlightbox%26settings%3DeyJpZCI6Nzg3MDEsInVybCI6Imh0dHBzOlwvXC90bGNkZW5pYS5jb21cL3dwLWNvbnRlbnRcL3VwbG9hZHNcLzIwMjRcLzAxXC9ncnVwby1lc2NvbGFyLWphdGl2YS02LmpwZyIsInNsaWRlc2hvdyI6IjAzYjg4ZjIifQ%3D%3D\" href='https:\/\/tlcdenia.com\/wp-content\/uploads\/2024\/01\/grupo-escolar-jativa-6.jpg'><img loading=\"lazy\" decoding=\"async\" width=\"150\" height=\"150\" src=\"https:\/\/tlcdenia.com\/wp-content\/uploads\/2024\/01\/grupo-escolar-jativa-6-150x150.jpg\" class=\"attachment-thumbnail size-thumbnail\" alt=\"Iglesia de J\u00e1tiva \/ X\u00e1tiva en Espa\u00f1a\" \/><\/a>\n\t\t\t<\/div><\/figure><figure class='gallery-item'>\n\t\t\t<div class='gallery-icon landscape'>\n\t\t\t\t<a data-elementor-open-lightbox=\"yes\" data-elementor-lightbox-slideshow=\"03b88f2\" data-elementor-lightbox-title=\"grupo-escolar-jativa-5\" data-e-action-hash=\"#elementor-action%3Aaction%3Dlightbox%26settings%3DeyJpZCI6Nzg2OTMsInVybCI6Imh0dHBzOlwvXC90bGNkZW5pYS5jb21cL3dwLWNvbnRlbnRcL3VwbG9hZHNcLzIwMjRcLzAxXC9ncnVwby1lc2NvbGFyLWphdGl2YS01LmpwZyIsInNsaWRlc2hvdyI6IjAzYjg4ZjIifQ%3D%3D\" href='https:\/\/tlcdenia.com\/wp-content\/uploads\/2024\/01\/grupo-escolar-jativa-5.jpg'><img loading=\"lazy\" decoding=\"async\" width=\"150\" height=\"150\" src=\"https:\/\/tlcdenia.com\/wp-content\/uploads\/2024\/01\/grupo-escolar-jativa-5-150x150.jpg\" class=\"attachment-thumbnail size-thumbnail\" alt=\"Castillo de J\u00e1tiva \/ X\u00e1tiva en Espa\u00f1a\" \/><\/a>\n\t\t\t<\/div><\/figure><figure class='gallery-item'>\n\t\t\t<div class='gallery-icon landscape'>\n\t\t\t\t<a data-elementor-open-lightbox=\"yes\" data-elementor-lightbox-slideshow=\"03b88f2\" data-elementor-lightbox-title=\"grupo-escolar-jativa-7\" data-e-action-hash=\"#elementor-action%3Aaction%3Dlightbox%26settings%3DeyJpZCI6Nzg3MDksInVybCI6Imh0dHBzOlwvXC90bGNkZW5pYS5jb21cL3dwLWNvbnRlbnRcL3VwbG9hZHNcLzIwMjRcLzAxXC9ncnVwby1lc2NvbGFyLWphdGl2YS03LmpwZyIsInNsaWRlc2hvdyI6IjAzYjg4ZjIifQ%3D%3D\" href='https:\/\/tlcdenia.com\/wp-content\/uploads\/2024\/01\/grupo-escolar-jativa-7.jpg'><img loading=\"lazy\" decoding=\"async\" width=\"150\" height=\"150\" src=\"https:\/\/tlcdenia.com\/wp-content\/uploads\/2024\/01\/grupo-escolar-jativa-7-150x150.jpg\" class=\"attachment-thumbnail size-thumbnail\" alt=\"Castillo de J\u00e1tiva \/ X\u00e1tiva en Espa\u00f1a\" \/><\/a>\n\t\t\t<\/div><\/figure><figure class='gallery-item'>\n\t\t\t<div class='gallery-icon portrait'>\n\t\t\t\t<a data-elementor-open-lightbox=\"yes\" data-elementor-lightbox-slideshow=\"03b88f2\" data-elementor-lightbox-title=\"grupo-escolar-jativa-8\" data-e-action-hash=\"#elementor-action%3Aaction%3Dlightbox%26settings%3DeyJpZCI6Nzg3MTcsInVybCI6Imh0dHBzOlwvXC90bGNkZW5pYS5jb21cL3dwLWNvbnRlbnRcL3VwbG9hZHNcLzIwMjRcLzAxXC9ncnVwby1lc2NvbGFyLWphdGl2YS04LmpwZyIsInNsaWRlc2hvdyI6IjAzYjg4ZjIifQ%3D%3D\" href='https:\/\/tlcdenia.com\/wp-content\/uploads\/2024\/01\/grupo-escolar-jativa-8.jpg'><img loading=\"lazy\" decoding=\"async\" width=\"150\" height=\"150\" src=\"https:\/\/tlcdenia.com\/wp-content\/uploads\/2024\/01\/grupo-escolar-jativa-8-150x150.jpg\" class=\"attachment-thumbnail size-thumbnail\" alt=\"Estudiante hace fotos al castillo de J\u00e1tiva en Espa\u00f1a\" \/><\/a>\n\t\t\t<\/div><\/figure>\n\t\t<\/div>\n\t\t<\/div>\n\t\t\t\t\t\t<\/div>\n\t\t\t\t<\/div>\n\t\t\t\t\t<\/div>\n\t\t<\/div>\n\t\t\t\t\t<\/div>\n\t\t<\/section>\n\t\t\t\t<\/div>\n\t\t","protected":false},"excerpt":{"rendered":"<p>J\u00e1tiva es una ciudad espa\u00f1ola con gran legado hist\u00f3rico. Visitar J\u00e1tiva es una excursi\u00f3n perfecta para que los estudiantes de los grupos escolares en Espa\u00f1a aprendan sobre historia y cultura espa\u00f1ola. J\u00e1tiva se enorgullece de ser la cuna de la &hellip; <\/p>\n","protected":false},"author":4,"featured_media":78717,"parent":0,"menu_order":0,"comment_status":"closed","ping_status":"closed","template":"page-templates\/page-spanishcourses.php","meta":{"_acf_changed":false,"footnotes":""},"class_list":["post-77473","page","type-page","status-publish","has-post-thumbnail","hentry"],"acf":[],"yoast_head":"<!-- This site is optimized with the Yoast SEO plugin v26.9 - https:\/\/yoast.com\/product\/yoast-seo-wordpress\/ -->\n<title>Espa\u00f1ol para grupos escolares en Espa\u00f1a: Excursi\u00f3n a J\u00e1tiva<\/title>\n<meta name=\"description\" content=\"Los grupos escolares que aprenden espa\u00f1ol con nosotros en Denia, Espa\u00f1a tienen la opci\u00f3n de visitar la ciudad hist\u00f3rica de J\u00e1tiva.\" \/>\n<meta name=\"robots\" content=\"index, follow, max-snippet:-1, max-image-preview:large, max-video-preview:-1\" \/>\n<link rel=\"canonical\" href=\"https:\/\/tlcdenia.com\/es\/excursion-jativa-grupos-escolares\/\" \/>\n<meta property=\"og:locale\" content=\"es_ES\" \/>\n<meta property=\"og:type\" content=\"article\" \/>\n<meta property=\"og:title\" content=\"Espa\u00f1ol para grupos escolares en Espa\u00f1a: Excursi\u00f3n a J\u00e1tiva\" \/>\n<meta property=\"og:description\" content=\"Los grupos escolares que aprenden espa\u00f1ol con nosotros en Denia, Espa\u00f1a tienen la opci\u00f3n de visitar la ciudad hist\u00f3rica de J\u00e1tiva.\" \/>\n<meta property=\"og:url\" content=\"https:\/\/tlcdenia.com\/es\/excursion-jativa-grupos-escolares\/\" \/>\n<meta property=\"og:site_name\" content=\"Escuela TLCd\u00e9nia - Sitio web oficial\" \/>\n<meta property=\"article:modified_time\" content=\"2024-01-26T13:37:03+00:00\" \/>\n<meta property=\"og:image\" content=\"https:\/\/tlcdenia.com\/wp-content\/uploads\/2024\/01\/grupo-escolar-jativa-8.jpg\" \/>\n\t<meta property=\"og:image:width\" content=\"595\" \/>\n\t<meta property=\"og:image:height\" content=\"815\" \/>\n\t<meta property=\"og:image:type\" content=\"image\/jpeg\" \/>\n<meta name=\"twitter:card\" content=\"summary_large_image\" \/>\n<meta name=\"twitter:label1\" content=\"Tiempo de lectura\" \/>\n\t<meta name=\"twitter:data1\" content=\"4 minutos\" \/>\n<script type=\"application\/ld+json\" class=\"yoast-schema-graph\">{\"@context\":\"https:\/\/schema.org\",\"@graph\":[{\"@type\":\"WebPage\",\"@id\":\"https:\/\/tlcdenia.com\/es\/excursion-jativa-grupos-escolares\/\",\"url\":\"https:\/\/tlcdenia.com\/es\/excursion-jativa-grupos-escolares\/\",\"name\":\"Espa\u00f1ol para grupos escolares en Espa\u00f1a: Excursi\u00f3n a J\u00e1tiva\",\"isPartOf\":{\"@id\":\"https:\/\/tlcdenia.com\/es\/#website\"},\"primaryImageOfPage\":{\"@id\":\"https:\/\/tlcdenia.com\/es\/excursion-jativa-grupos-escolares\/#primaryimage\"},\"image\":{\"@id\":\"https:\/\/tlcdenia.com\/es\/excursion-jativa-grupos-escolares\/#primaryimage\"},\"thumbnailUrl\":\"https:\/\/tlcdenia.com\/wp-content\/uploads\/2024\/01\/grupo-escolar-jativa-8.jpg\",\"datePublished\":\"2024-01-19T11:16:29+00:00\",\"dateModified\":\"2024-01-26T13:37:03+00:00\",\"description\":\"Los grupos escolares que aprenden espa\u00f1ol con nosotros en Denia, Espa\u00f1a tienen la opci\u00f3n de visitar la ciudad hist\u00f3rica de J\u00e1tiva.\",\"breadcrumb\":{\"@id\":\"https:\/\/tlcdenia.com\/es\/excursion-jativa-grupos-escolares\/#breadcrumb\"},\"inLanguage\":\"es\",\"potentialAction\":[{\"@type\":\"ReadAction\",\"target\":[\"https:\/\/tlcdenia.com\/es\/excursion-jativa-grupos-escolares\/\"]}]},{\"@type\":\"ImageObject\",\"inLanguage\":\"es\",\"@id\":\"https:\/\/tlcdenia.com\/es\/excursion-jativa-grupos-escolares\/#primaryimage\",\"url\":\"https:\/\/tlcdenia.com\/wp-content\/uploads\/2024\/01\/grupo-escolar-jativa-8.jpg\",\"contentUrl\":\"https:\/\/tlcdenia.com\/wp-content\/uploads\/2024\/01\/grupo-escolar-jativa-8.jpg\",\"width\":595,\"height\":815,\"caption\":\"Estudiante hace fotos al castillo de J\u00e1tiva en Espa\u00f1a\"},{\"@type\":\"BreadcrumbList\",\"@id\":\"https:\/\/tlcdenia.com\/es\/excursion-jativa-grupos-escolares\/#breadcrumb\",\"itemListElement\":[{\"@type\":\"ListItem\",\"position\":1,\"name\":\"Home\",\"item\":\"https:\/\/tlcdenia.com\/es\/\"},{\"@type\":\"ListItem\",\"position\":2,\"name\":\"Excursi\u00f3n a J\u00e1tiva para grupos escolares\"}]},{\"@type\":\"WebSite\",\"@id\":\"https:\/\/tlcdenia.com\/es\/#website\",\"url\":\"https:\/\/tlcdenia.com\/es\/\",\"name\":\"Escuela TLCd\u00e9nia - Sitio web oficial\",\"description\":\"Languages Center\",\"potentialAction\":[{\"@type\":\"SearchAction\",\"target\":{\"@type\":\"EntryPoint\",\"urlTemplate\":\"https:\/\/tlcdenia.com\/es\/?s={search_term_string}\"},\"query-input\":{\"@type\":\"PropertyValueSpecification\",\"valueRequired\":true,\"valueName\":\"search_term_string\"}}],\"inLanguage\":\"es\"}]}<\/script>\n<!-- \/ Yoast SEO plugin. -->","yoast_head_json":{"title":"Espa\u00f1ol para grupos escolares en Espa\u00f1a: Excursi\u00f3n a J\u00e1tiva","description":"Los grupos escolares que aprenden espa\u00f1ol con nosotros en Denia, Espa\u00f1a tienen la opci\u00f3n de visitar la ciudad hist\u00f3rica de J\u00e1tiva.","robots":{"index":"index","follow":"follow","max-snippet":"max-snippet:-1","max-image-preview":"max-image-preview:large","max-video-preview":"max-video-preview:-1"},"canonical":"https:\/\/tlcdenia.com\/es\/excursion-jativa-grupos-escolares\/","og_locale":"es_ES","og_type":"article","og_title":"Espa\u00f1ol para grupos escolares en Espa\u00f1a: Excursi\u00f3n a J\u00e1tiva","og_description":"Los grupos escolares que aprenden espa\u00f1ol con nosotros en Denia, Espa\u00f1a tienen la opci\u00f3n de visitar la ciudad hist\u00f3rica de J\u00e1tiva.","og_url":"https:\/\/tlcdenia.com\/es\/excursion-jativa-grupos-escolares\/","og_site_name":"Escuela TLCd\u00e9nia - Sitio web oficial","article_modified_time":"2024-01-26T13:37:03+00:00","og_image":[{"width":595,"height":815,"url":"https:\/\/tlcdenia.com\/wp-content\/uploads\/2024\/01\/grupo-escolar-jativa-8.jpg","type":"image\/jpeg"}],"twitter_card":"summary_large_image","twitter_misc":{"Tiempo de lectura":"4 minutos"},"schema":{"@context":"https:\/\/schema.org","@graph":[{"@type":"WebPage","@id":"https:\/\/tlcdenia.com\/es\/excursion-jativa-grupos-escolares\/","url":"https:\/\/tlcdenia.com\/es\/excursion-jativa-grupos-escolares\/","name":"Espa\u00f1ol para grupos escolares en Espa\u00f1a: Excursi\u00f3n a J\u00e1tiva","isPartOf":{"@id":"https:\/\/tlcdenia.com\/es\/#website"},"primaryImageOfPage":{"@id":"https:\/\/tlcdenia.com\/es\/excursion-jativa-grupos-escolares\/#primaryimage"},"image":{"@id":"https:\/\/tlcdenia.com\/es\/excursion-jativa-grupos-escolares\/#primaryimage"},"thumbnailUrl":"https:\/\/tlcdenia.com\/wp-content\/uploads\/2024\/01\/grupo-escolar-jativa-8.jpg","datePublished":"2024-01-19T11:16:29+00:00","dateModified":"2024-01-26T13:37:03+00:00","description":"Los grupos escolares que aprenden espa\u00f1ol con nosotros en Denia, Espa\u00f1a tienen la opci\u00f3n de visitar la ciudad hist\u00f3rica de J\u00e1tiva.","breadcrumb":{"@id":"https:\/\/tlcdenia.com\/es\/excursion-jativa-grupos-escolares\/#breadcrumb"},"inLanguage":"es","potentialAction":[{"@type":"ReadAction","target":["https:\/\/tlcdenia.com\/es\/excursion-jativa-grupos-escolares\/"]}]},{"@type":"ImageObject","inLanguage":"es","@id":"https:\/\/tlcdenia.com\/es\/excursion-jativa-grupos-escolares\/#primaryimage","url":"https:\/\/tlcdenia.com\/wp-content\/uploads\/2024\/01\/grupo-escolar-jativa-8.jpg","contentUrl":"https:\/\/tlcdenia.com\/wp-content\/uploads\/2024\/01\/grupo-escolar-jativa-8.jpg","width":595,"height":815,"caption":"Estudiante hace fotos al castillo de J\u00e1tiva en Espa\u00f1a"},{"@type":"BreadcrumbList","@id":"https:\/\/tlcdenia.com\/es\/excursion-jativa-grupos-escolares\/#breadcrumb","itemListElement":[{"@type":"ListItem","position":1,"name":"Home","item":"https:\/\/tlcdenia.com\/es\/"},{"@type":"ListItem","position":2,"name":"Excursi\u00f3n a J\u00e1tiva para grupos escolares"}]},{"@type":"WebSite","@id":"https:\/\/tlcdenia.com\/es\/#website","url":"https:\/\/tlcdenia.com\/es\/","name":"Escuela TLCd\u00e9nia - Sitio web oficial","description":"Languages Center","potentialAction":[{"@type":"SearchAction","target":{"@type":"EntryPoint","urlTemplate":"https:\/\/tlcdenia.com\/es\/?s={search_term_string}"},"query-input":{"@type":"PropertyValueSpecification","valueRequired":true,"valueName":"search_term_string"}}],"inLanguage":"es"}]}},"_links":{"self":[{"href":"https:\/\/tlcdenia.com\/es\/wp-json\/wp\/v2\/pages\/77473","targetHints":{"allow":["GET"]}}],"collection":[{"href":"https:\/\/tlcdenia.com\/es\/wp-json\/wp\/v2\/pages"}],"about":[{"href":"https:\/\/tlcdenia.com\/es\/wp-json\/wp\/v2\/types\/page"}],"author":[{"embeddable":true,"href":"https:\/\/tlcdenia.com\/es\/wp-json\/wp\/v2\/users\/4"}],"replies":[{"embeddable":true,"href":"https:\/\/tlcdenia.com\/es\/wp-json\/wp\/v2\/comments?post=77473"}],"version-history":[{"count":22,"href":"https:\/\/tlcdenia.com\/es\/wp-json\/wp\/v2\/pages\/77473\/revisions"}],"predecessor-version":[{"id":78917,"href":"https:\/\/tlcdenia.com\/es\/wp-json\/wp\/v2\/pages\/77473\/revisions\/78917"}],"wp:featuredmedia":[{"embeddable":true,"href":"https:\/\/tlcdenia.com\/es\/wp-json\/wp\/v2\/media\/78717"}],"wp:attachment":[{"href":"https:\/\/tlcdenia.com\/es\/wp-json\/wp\/v2\/media?parent=77473"}],"curies":[{"name":"wp","href":"https:\/\/api.w.org\/{rel}","templated":true}]}}