{"id":77467,"date":"2024-01-25T09:21:13","date_gmt":"2024-01-25T09:21:13","guid":{"rendered":"https:\/\/tlcdenia.com\/?page_id=77467"},"modified":"2024-06-11T15:34:51","modified_gmt":"2024-06-11T15:34:51","slug":"excursion-villajoyosa-grupos-escolares","status":"publish","type":"page","link":"https:\/\/tlcdenia.com\/es\/excursion-villajoyosa-grupos-escolares\/","title":{"rendered":"Excursi\u00f3n a Villajoyosa para grupos escolares"},"content":{"rendered":"\t\t<div data-elementor-type=\"wp-page\" data-elementor-id=\"77467\" class=\"elementor elementor-77467\" data-elementor-post-type=\"page\">\n\t\t\t\t<div class=\"elementor-element elementor-element-87f5963 e-flex e-con-boxed e-con e-parent\" data-id=\"87f5963\" data-element_type=\"container\" data-e-type=\"container\">\n\t\t\t\t\t<div class=\"e-con-inner\">\n\t\t\t\t<div class=\"elementor-element elementor-element-f2ce640 elementor-widget elementor-widget-image\" data-id=\"f2ce640\" data-element_type=\"widget\" data-e-type=\"widget\" data-widget_type=\"image.default\">\n\t\t\t\t<div class=\"elementor-widget-container\">\n\t\t\t\t\t\t\t\t\t\t\t\t\t\t\t<img fetchpriority=\"high\" decoding=\"async\" width=\"900\" height=\"600\" src=\"https:\/\/tlcdenia.com\/wp-content\/uploads\/2024\/01\/grupo-escolar-villajoyosa-4.jpg\" class=\"attachment-full size-full wp-image-78650\" alt=\"Playa y casas de colores en Villajoyosa\" srcset=\"https:\/\/tlcdenia.com\/wp-content\/uploads\/2024\/01\/grupo-escolar-villajoyosa-4.jpg 900w, https:\/\/tlcdenia.com\/wp-content\/uploads\/2024\/01\/grupo-escolar-villajoyosa-4-300x200.jpg 300w, https:\/\/tlcdenia.com\/wp-content\/uploads\/2024\/01\/grupo-escolar-villajoyosa-4-768x512.jpg 768w\" sizes=\"(max-width: 900px) 100vw, 900px\" \/>\t\t\t\t\t\t\t\t\t\t\t\t\t\t\t<\/div>\n\t\t\t\t<\/div>\n\t\t\t\t\t<\/div>\n\t\t\t\t<\/div>\n\t\t<div class=\"elementor-element elementor-element-7fe00c0 e-flex e-con-boxed e-con e-parent\" data-id=\"7fe00c0\" data-element_type=\"container\" data-e-type=\"container\">\n\t\t\t\t\t<div class=\"e-con-inner\">\n\t\t\t\t<div class=\"elementor-element elementor-element-596e369 elementor-widget elementor-widget-text-editor\" data-id=\"596e369\" data-element_type=\"widget\" data-e-type=\"widget\" data-widget_type=\"text-editor.default\">\n\t\t\t\t<div class=\"elementor-widget-container\">\n\t\t\t\t\t\t\t\t\t<p>D\u00e9nia est\u00e1 situada en un destino privilegiado rodeada de <strong>pueblos costeros con encanto<\/strong>. <strong>Villajoyosa<\/strong> es uno de ellos, un <strong>destino muy pintoresco<\/strong> donde los estudiantes del programa de espa\u00f1ol para grupos escolares conocer\u00e1n un poco m\u00e1s sobre la cultura espa\u00f1ola.<\/p><p>Nuestra excursi\u00f3n comenzar\u00e1 explorando el hermoso <strong>casco antiguo<\/strong> de Villajoyosa, con sus estrechas calles empedradas y casas de colores. Los alumnas se sumergir\u00e1n en un ambiente aut\u00e9ntico mientras caminan por el centro hist\u00f3rico, acompa\u00f1ados por nuestros monitores.<\/p>\t\t\t\t\t\t\t\t<\/div>\n\t\t\t\t<\/div>\n\t\t\t\t\t<\/div>\n\t\t\t\t<\/div>\n\t\t<div class=\"elementor-element elementor-element-3481a7d e-flex e-con-boxed e-con e-parent\" data-id=\"3481a7d\" data-element_type=\"container\" data-e-type=\"container\">\n\t\t\t\t\t<div class=\"e-con-inner\">\n\t\t\t\t<div class=\"elementor-element elementor-element-e8bba12 elementor-widget elementor-widget-image\" data-id=\"e8bba12\" data-element_type=\"widget\" data-e-type=\"widget\" data-widget_type=\"image.default\">\n\t\t\t\t<div class=\"elementor-widget-container\">\n\t\t\t\t\t\t\t\t\t\t\t\t\t\t\t<img decoding=\"async\" width=\"900\" height=\"600\" src=\"https:\/\/tlcdenia.com\/wp-content\/uploads\/2024\/01\/grupo-escolar-villajoyosa-3.jpg\" class=\"attachment-full size-full wp-image-78642\" alt=\"Vista a\u00e9rea de Villajoyosa\" srcset=\"https:\/\/tlcdenia.com\/wp-content\/uploads\/2024\/01\/grupo-escolar-villajoyosa-3.jpg 900w, https:\/\/tlcdenia.com\/wp-content\/uploads\/2024\/01\/grupo-escolar-villajoyosa-3-300x200.jpg 300w, https:\/\/tlcdenia.com\/wp-content\/uploads\/2024\/01\/grupo-escolar-villajoyosa-3-768x512.jpg 768w\" sizes=\"(max-width: 900px) 100vw, 900px\" \/>\t\t\t\t\t\t\t\t\t\t\t\t\t\t\t<\/div>\n\t\t\t\t<\/div>\n\t\t\t\t\t<\/div>\n\t\t\t\t<\/div>\n\t\t<div class=\"elementor-element elementor-element-ead1814 e-flex e-con-boxed e-con e-parent\" data-id=\"ead1814\" data-element_type=\"container\" data-e-type=\"container\">\n\t\t\t\t\t<div class=\"e-con-inner\">\n\t\t\t\t<div class=\"elementor-element elementor-element-afac1b4 elementor-widget elementor-widget-text-editor\" data-id=\"afac1b4\" data-element_type=\"widget\" data-e-type=\"widget\" data-widget_type=\"text-editor.default\">\n\t\t\t\t<div class=\"elementor-widget-container\">\n\t\t\t\t\t\t\t\t\t<p>En el puerto pesquero, los estudiantes tendr\u00e1n la oportunidad de observar las <strong>coloridas barcas de pesca <\/strong>y aprender sobre la importancia de la industria pesquera en la zona. Adem\u00e1s, podr\u00e1n visitar <strong>la lonja<\/strong>, donde se subastan los pescados y mariscos reci\u00e9n capturados, y conocer de cerca el proceso de comercializaci\u00f3n de estos productos.<\/p><p>En Villajoyosa hay muchos atractivos tur\u00edsticos como las <strong>casas colgantes<\/strong>, el <strong>casco antiguo<\/strong>, la<br \/><strong>Iglesia de Nuestra Se\u00f1ora de la Asunci\u00f3n<\/strong>, las <strong>murallas<\/strong>, las <strong>casas de colores<\/strong>, el <strong>puerto pesquero<\/strong>, el <strong>museo y la f\u00e1brica de chocolate<\/strong>. Son lugares perfectos para contemplar y hacer buenas fotos.<\/p><p>Tambi\u00e9n tendr\u00e1n tiempo libre para pasar un buen rato en la playa, tomar el sol o simplemente relajarse y charlar con sus compa\u00f1eros.<\/p>\t\t\t\t\t\t\t\t<\/div>\n\t\t\t\t<\/div>\n\t\t\t\t\t<\/div>\n\t\t\t\t<\/div>\n\t\t<div class=\"elementor-element elementor-element-1d3c516 e-flex e-con-boxed e-con e-parent\" data-id=\"1d3c516\" data-element_type=\"container\" data-e-type=\"container\">\n\t\t\t\t\t<div class=\"e-con-inner\">\n\t\t\t\t<div class=\"elementor-element elementor-element-f7ef81f elementor-widget elementor-widget-image\" data-id=\"f7ef81f\" data-element_type=\"widget\" data-e-type=\"widget\" data-widget_type=\"image.default\">\n\t\t\t\t<div class=\"elementor-widget-container\">\n\t\t\t\t\t\t\t\t\t\t\t\t\t\t\t<img decoding=\"async\" width=\"900\" height=\"600\" src=\"https:\/\/tlcdenia.com\/wp-content\/uploads\/2024\/01\/grupo-escolar-villajoyosa-8.jpg\" class=\"attachment-full size-full wp-image-78610\" alt=\"Museo del chocolate de Villajoyosa\" srcset=\"https:\/\/tlcdenia.com\/wp-content\/uploads\/2024\/01\/grupo-escolar-villajoyosa-8.jpg 900w, https:\/\/tlcdenia.com\/wp-content\/uploads\/2024\/01\/grupo-escolar-villajoyosa-8-300x200.jpg 300w, https:\/\/tlcdenia.com\/wp-content\/uploads\/2024\/01\/grupo-escolar-villajoyosa-8-768x512.jpg 768w\" sizes=\"(max-width: 900px) 100vw, 900px\" \/>\t\t\t\t\t\t\t\t\t\t\t\t\t\t\t<\/div>\n\t\t\t\t<\/div>\n\t\t\t\t\t<\/div>\n\t\t\t\t<\/div>\n\t\t<div class=\"elementor-element elementor-element-8ba051f e-flex e-con-boxed e-con e-parent\" data-id=\"8ba051f\" data-element_type=\"container\" data-e-type=\"container\">\n\t\t\t\t\t<div class=\"e-con-inner\">\n\t\t\t\t<div class=\"elementor-element elementor-element-6d0291a elementor-widget elementor-widget-text-editor\" data-id=\"6d0291a\" data-element_type=\"widget\" data-e-type=\"widget\" data-widget_type=\"text-editor.default\">\n\t\t\t\t<div class=\"elementor-widget-container\">\n\t\t\t\t\t\t\t\t\t<p>En Villajoyosa se fabrica el <strong>conocido chocolate Valor<\/strong>, as\u00ed que una visita opcional es la del <strong>Museo del Chocolate<\/strong>. En este museo aprender\u00e1n sobre la historia del chocolate y su importancia en la regi\u00f3n, as\u00ed como podr\u00e1n disfrutar de degustaciones de deliciosos chocolates artesanales.<\/p>\n<p>Villajoyosa es un destino ideal para combinar el estudio del espa\u00f1ol con una experiencia cultural enriquecedora. Los estudiantes tendr\u00e1n la oportunidad de sumergirse en la vida cotidiana de una encantadora localidad espa\u00f1ola, mejorar su espa\u00f1ol, descubrir la gastronom\u00eda local y de compartir momentos inolvidables junto a sus compa\u00f1eros.<\/p>\t\t\t\t\t\t\t\t<\/div>\n\t\t\t\t<\/div>\n\t\t\t\t\t<\/div>\n\t\t\t\t<\/div>\n\t\t\t\t<section class=\"elementor-section elementor-top-section elementor-element elementor-element-eec307d elementor-section-boxed elementor-section-height-default elementor-section-height-default\" data-id=\"eec307d\" data-element_type=\"section\" data-e-type=\"section\" data-settings=\"{&quot;background_background&quot;:&quot;classic&quot;}\">\n\t\t\t\t\t\t<div class=\"elementor-container elementor-column-gap-default\">\n\t\t\t\t\t<div class=\"elementor-column elementor-col-100 elementor-top-column elementor-element elementor-element-d19bd1c\" data-id=\"d19bd1c\" data-element_type=\"column\" data-e-type=\"column\">\n\t\t\t<div class=\"elementor-widget-wrap elementor-element-populated\">\n\t\t\t\t\t\t<div class=\"elementor-element elementor-element-23a2a39 elementor-widget elementor-widget-heading\" data-id=\"23a2a39\" data-element_type=\"widget\" data-e-type=\"widget\" data-widget_type=\"heading.default\">\n\t\t\t\t<div class=\"elementor-widget-container\">\n\t\t\t\t\t<h3 class=\"elementor-heading-title elementor-size-default\">EXCURSI\u00d3N A VILLAJOYOSA<\/h3>\t\t\t\t<\/div>\n\t\t\t\t<\/div>\n\t\t\t\t\t<\/div>\n\t\t<\/div>\n\t\t\t\t\t<\/div>\n\t\t<\/section>\n\t\t\t\t<section class=\"elementor-section elementor-top-section elementor-element elementor-element-51233c2 elementor-section-boxed elementor-section-height-default elementor-section-height-default\" data-id=\"51233c2\" data-element_type=\"section\" data-e-type=\"section\">\n\t\t\t\t\t\t<div class=\"elementor-container elementor-column-gap-default\">\n\t\t\t\t\t<div class=\"elementor-column elementor-col-100 elementor-top-column elementor-element elementor-element-056aed2\" data-id=\"056aed2\" data-element_type=\"column\" data-e-type=\"column\">\n\t\t\t<div class=\"elementor-widget-wrap elementor-element-populated\">\n\t\t\t\t\t\t<div class=\"elementor-element elementor-element-6447006 elementor-widget elementor-widget-image-gallery\" data-id=\"6447006\" data-element_type=\"widget\" data-e-type=\"widget\" data-widget_type=\"image-gallery.default\">\n\t\t\t\t<div class=\"elementor-widget-container\">\n\t\t\t\t\t\t\t<div class=\"elementor-image-gallery\">\n\t\t\t<div id='gallery-1' class='gallery galleryid-77467 gallery-columns-4 gallery-size-thumbnail'><figure class='gallery-item'>\n\t\t\t<div class='gallery-icon landscape'>\n\t\t\t\t<a data-elementor-open-lightbox=\"yes\" data-elementor-lightbox-slideshow=\"6447006\" data-elementor-lightbox-title=\"grupo-escolar-villajoyosa-4\" data-e-action-hash=\"#elementor-action%3Aaction%3Dlightbox%26settings%3DeyJpZCI6Nzg2NTAsInVybCI6Imh0dHBzOlwvXC90bGNkZW5pYS5jb21cL3dwLWNvbnRlbnRcL3VwbG9hZHNcLzIwMjRcLzAxXC9ncnVwby1lc2NvbGFyLXZpbGxham95b3NhLTQuanBnIiwic2xpZGVzaG93IjoiNjQ0NzAwNiJ9\" href='https:\/\/tlcdenia.com\/wp-content\/uploads\/2024\/01\/grupo-escolar-villajoyosa-4.jpg'><img loading=\"lazy\" decoding=\"async\" width=\"150\" height=\"150\" src=\"https:\/\/tlcdenia.com\/wp-content\/uploads\/2024\/01\/grupo-escolar-villajoyosa-4-150x150.jpg\" class=\"attachment-thumbnail size-thumbnail\" alt=\"Playa y casas de colores en Villajoyosa\" \/><\/a>\n\t\t\t<\/div><\/figure><figure class='gallery-item'>\n\t\t\t<div class='gallery-icon landscape'>\n\t\t\t\t<a data-elementor-open-lightbox=\"yes\" data-elementor-lightbox-slideshow=\"6447006\" data-elementor-lightbox-title=\"grupo-escolar-villajoyosa-3\" data-e-action-hash=\"#elementor-action%3Aaction%3Dlightbox%26settings%3DeyJpZCI6Nzg2NDIsInVybCI6Imh0dHBzOlwvXC90bGNkZW5pYS5jb21cL3dwLWNvbnRlbnRcL3VwbG9hZHNcLzIwMjRcLzAxXC9ncnVwby1lc2NvbGFyLXZpbGxham95b3NhLTMuanBnIiwic2xpZGVzaG93IjoiNjQ0NzAwNiJ9\" href='https:\/\/tlcdenia.com\/wp-content\/uploads\/2024\/01\/grupo-escolar-villajoyosa-3.jpg'><img loading=\"lazy\" decoding=\"async\" width=\"150\" height=\"150\" src=\"https:\/\/tlcdenia.com\/wp-content\/uploads\/2024\/01\/grupo-escolar-villajoyosa-3-150x150.jpg\" class=\"attachment-thumbnail size-thumbnail\" alt=\"Vista a\u00e9rea de Villajoyosa\" \/><\/a>\n\t\t\t<\/div><\/figure><figure class='gallery-item'>\n\t\t\t<div class='gallery-icon landscape'>\n\t\t\t\t<a data-elementor-open-lightbox=\"yes\" data-elementor-lightbox-slideshow=\"6447006\" data-elementor-lightbox-title=\"grupo-escolar-villajoyosa-2\" data-e-action-hash=\"#elementor-action%3Aaction%3Dlightbox%26settings%3DeyJpZCI6Nzg2MzQsInVybCI6Imh0dHBzOlwvXC90bGNkZW5pYS5jb21cL3dwLWNvbnRlbnRcL3VwbG9hZHNcLzIwMjRcLzAxXC9ncnVwby1lc2NvbGFyLXZpbGxham95b3NhLTIuanBnIiwic2xpZGVzaG93IjoiNjQ0NzAwNiJ9\" href='https:\/\/tlcdenia.com\/wp-content\/uploads\/2024\/01\/grupo-escolar-villajoyosa-2.jpg'><img loading=\"lazy\" decoding=\"async\" width=\"150\" height=\"150\" src=\"https:\/\/tlcdenia.com\/wp-content\/uploads\/2024\/01\/grupo-escolar-villajoyosa-2-150x150.jpg\" class=\"attachment-thumbnail size-thumbnail\" alt=\"Cala de Villajoyosa\" \/><\/a>\n\t\t\t<\/div><\/figure><figure class='gallery-item'>\n\t\t\t<div class='gallery-icon landscape'>\n\t\t\t\t<a data-elementor-open-lightbox=\"yes\" data-elementor-lightbox-slideshow=\"6447006\" data-elementor-lightbox-title=\"grupo-escolar-villajoyosa-8\" data-e-action-hash=\"#elementor-action%3Aaction%3Dlightbox%26settings%3DeyJpZCI6Nzg2MTAsInVybCI6Imh0dHBzOlwvXC90bGNkZW5pYS5jb21cL3dwLWNvbnRlbnRcL3VwbG9hZHNcLzIwMjRcLzAxXC9ncnVwby1lc2NvbGFyLXZpbGxham95b3NhLTguanBnIiwic2xpZGVzaG93IjoiNjQ0NzAwNiJ9\" href='https:\/\/tlcdenia.com\/wp-content\/uploads\/2024\/01\/grupo-escolar-villajoyosa-8.jpg'><img loading=\"lazy\" decoding=\"async\" width=\"150\" height=\"150\" src=\"https:\/\/tlcdenia.com\/wp-content\/uploads\/2024\/01\/grupo-escolar-villajoyosa-8-150x150.jpg\" class=\"attachment-thumbnail size-thumbnail\" alt=\"Museo del chocolate de Villajoyosa\" \/><\/a>\n\t\t\t<\/div><\/figure><figure class='gallery-item'>\n\t\t\t<div class='gallery-icon landscape'>\n\t\t\t\t<a data-elementor-open-lightbox=\"yes\" data-elementor-lightbox-slideshow=\"6447006\" data-elementor-lightbox-title=\"grupo-escolar-villajoyosa-7\" data-e-action-hash=\"#elementor-action%3Aaction%3Dlightbox%26settings%3DeyJpZCI6Nzg2MDIsInVybCI6Imh0dHBzOlwvXC90bGNkZW5pYS5jb21cL3dwLWNvbnRlbnRcL3VwbG9hZHNcLzIwMjRcLzAxXC9ncnVwby1lc2NvbGFyLXZpbGxham95b3NhLTcuanBnIiwic2xpZGVzaG93IjoiNjQ0NzAwNiJ9\" href='https:\/\/tlcdenia.com\/wp-content\/uploads\/2024\/01\/grupo-escolar-villajoyosa-7.jpg'><img loading=\"lazy\" decoding=\"async\" width=\"150\" height=\"150\" src=\"https:\/\/tlcdenia.com\/wp-content\/uploads\/2024\/01\/grupo-escolar-villajoyosa-7-150x150.jpg\" class=\"attachment-thumbnail size-thumbnail\" alt=\"Museo del chocolate de Villajoyosa\" \/><\/a>\n\t\t\t<\/div><\/figure><figure class='gallery-item'>\n\t\t\t<div class='gallery-icon landscape'>\n\t\t\t\t<a data-elementor-open-lightbox=\"yes\" data-elementor-lightbox-slideshow=\"6447006\" data-elementor-lightbox-title=\"grupo-escolar-villajoyosa-6\" data-e-action-hash=\"#elementor-action%3Aaction%3Dlightbox%26settings%3DeyJpZCI6Nzg1OTQsInVybCI6Imh0dHBzOlwvXC90bGNkZW5pYS5jb21cL3dwLWNvbnRlbnRcL3VwbG9hZHNcLzIwMjRcLzAxXC9ncnVwby1lc2NvbGFyLXZpbGxham95b3NhLTYuanBnIiwic2xpZGVzaG93IjoiNjQ0NzAwNiJ9\" href='https:\/\/tlcdenia.com\/wp-content\/uploads\/2024\/01\/grupo-escolar-villajoyosa-6.jpg'><img loading=\"lazy\" decoding=\"async\" width=\"150\" height=\"150\" src=\"https:\/\/tlcdenia.com\/wp-content\/uploads\/2024\/01\/grupo-escolar-villajoyosa-6-150x150.jpg\" class=\"attachment-thumbnail size-thumbnail\" alt=\"Muralla de Villajoyosa\" \/><\/a>\n\t\t\t<\/div><\/figure><figure class='gallery-item'>\n\t\t\t<div class='gallery-icon landscape'>\n\t\t\t\t<a data-elementor-open-lightbox=\"yes\" data-elementor-lightbox-slideshow=\"6447006\" data-elementor-lightbox-title=\"grupo-escolar-villajoyosa-5\" data-e-action-hash=\"#elementor-action%3Aaction%3Dlightbox%26settings%3DeyJpZCI6Nzg1ODYsInVybCI6Imh0dHBzOlwvXC90bGNkZW5pYS5jb21cL3dwLWNvbnRlbnRcL3VwbG9hZHNcLzIwMjRcLzAxXC9ncnVwby1lc2NvbGFyLXZpbGxham95b3NhLTUuanBnIiwic2xpZGVzaG93IjoiNjQ0NzAwNiJ9\" href='https:\/\/tlcdenia.com\/wp-content\/uploads\/2024\/01\/grupo-escolar-villajoyosa-5.jpg'><img loading=\"lazy\" decoding=\"async\" width=\"150\" height=\"150\" src=\"https:\/\/tlcdenia.com\/wp-content\/uploads\/2024\/01\/grupo-escolar-villajoyosa-5-150x150.jpg\" class=\"attachment-thumbnail size-thumbnail\" alt=\"Puente de Villajoyosa\" \/><\/a>\n\t\t\t<\/div><\/figure><figure class='gallery-item'>\n\t\t\t<div class='gallery-icon landscape'>\n\t\t\t\t<a data-elementor-open-lightbox=\"yes\" data-elementor-lightbox-slideshow=\"6447006\" data-elementor-lightbox-title=\"villajoyosa-grupo-escolar-1\" data-e-action-hash=\"#elementor-action%3Aaction%3Dlightbox%26settings%3DeyJpZCI6OTIyMTUsInVybCI6Imh0dHBzOlwvXC90bGNkZW5pYS5jb21cL3dwLWNvbnRlbnRcL3VwbG9hZHNcLzIwMjRcLzA2XC92aWxsYWpveW9zYS1ncnVwby1lc2NvbGFyLTEuanBnIiwic2xpZGVzaG93IjoiNjQ0NzAwNiJ9\" href='https:\/\/tlcdenia.com\/wp-content\/uploads\/2024\/06\/villajoyosa-grupo-escolar-1.jpg'><img loading=\"lazy\" decoding=\"async\" width=\"150\" height=\"150\" src=\"https:\/\/tlcdenia.com\/wp-content\/uploads\/2024\/06\/villajoyosa-grupo-escolar-1-150x150.jpg\" class=\"attachment-thumbnail size-thumbnail\" alt=\"Casas de colores en la playa de Villajoyosa\" \/><\/a>\n\t\t\t<\/div><\/figure>\n\t\t<\/div>\n\t\t<\/div>\n\t\t\t\t\t\t<\/div>\n\t\t\t\t<\/div>\n\t\t\t\t\t<\/div>\n\t\t<\/div>\n\t\t\t\t\t<\/div>\n\t\t<\/section>\n\t\t\t\t<\/div>\n\t\t","protected":false},"excerpt":{"rendered":"<p>D\u00e9nia est\u00e1 situada en un destino privilegiado rodeada de pueblos costeros con encanto. Villajoyosa es uno de ellos, un destino muy pintoresco donde los estudiantes del programa de espa\u00f1ol para grupos escolares conocer\u00e1n un poco m\u00e1s sobre la cultura espa\u00f1ola. &hellip; <\/p>\n","protected":false},"author":4,"featured_media":78626,"parent":0,"menu_order":0,"comment_status":"closed","ping_status":"closed","template":"page-templates\/page-spanishcourses.php","meta":{"_acf_changed":false,"footnotes":""},"class_list":["post-77467","page","type-page","status-publish","has-post-thumbnail","hentry"],"acf":[],"yoast_head":"<!-- This site is optimized with the Yoast SEO plugin v26.9 - https:\/\/yoast.com\/product\/yoast-seo-wordpress\/ -->\n<title>Espa\u00f1ol para grupos escolares en Espa\u00f1a: Excursi\u00f3n a Villajoyosa<\/title>\n<meta name=\"description\" content=\"En el programa de espa\u00f1ol para grupos escolares visitamos Villajoyosa: poblaci\u00f3n con encanto de la Costa Blanca.\" \/>\n<meta name=\"robots\" content=\"index, follow, max-snippet:-1, max-image-preview:large, max-video-preview:-1\" \/>\n<link rel=\"canonical\" href=\"https:\/\/tlcdenia.com\/es\/excursion-villajoyosa-grupos-escolares\/\" \/>\n<meta property=\"og:locale\" content=\"es_ES\" \/>\n<meta property=\"og:type\" content=\"article\" \/>\n<meta property=\"og:title\" content=\"Espa\u00f1ol para grupos escolares en Espa\u00f1a: Excursi\u00f3n a Villajoyosa\" \/>\n<meta property=\"og:description\" content=\"En el programa de espa\u00f1ol para grupos escolares visitamos Villajoyosa: poblaci\u00f3n con encanto de la Costa Blanca.\" \/>\n<meta property=\"og:url\" content=\"https:\/\/tlcdenia.com\/es\/excursion-villajoyosa-grupos-escolares\/\" \/>\n<meta property=\"og:site_name\" content=\"Escuela TLCd\u00e9nia - Sitio web oficial\" \/>\n<meta property=\"article:modified_time\" content=\"2024-06-11T15:34:51+00:00\" \/>\n<meta property=\"og:image\" content=\"https:\/\/tlcdenia.com\/wp-content\/uploads\/2024\/01\/grupo-escolar-villajoyosa-1.jpg\" \/>\n\t<meta property=\"og:image:width\" content=\"900\" \/>\n\t<meta property=\"og:image:height\" content=\"600\" \/>\n\t<meta property=\"og:image:type\" content=\"image\/jpeg\" \/>\n<meta name=\"twitter:card\" content=\"summary_large_image\" \/>\n<meta name=\"twitter:label1\" content=\"Tiempo de lectura\" \/>\n\t<meta name=\"twitter:data1\" content=\"4 minutos\" \/>\n<script type=\"application\/ld+json\" class=\"yoast-schema-graph\">{\"@context\":\"https:\/\/schema.org\",\"@graph\":[{\"@type\":\"WebPage\",\"@id\":\"https:\/\/tlcdenia.com\/es\/excursion-villajoyosa-grupos-escolares\/\",\"url\":\"https:\/\/tlcdenia.com\/es\/excursion-villajoyosa-grupos-escolares\/\",\"name\":\"Espa\u00f1ol para grupos escolares en Espa\u00f1a: Excursi\u00f3n a Villajoyosa\",\"isPartOf\":{\"@id\":\"https:\/\/tlcdenia.com\/es\/#website\"},\"primaryImageOfPage\":{\"@id\":\"https:\/\/tlcdenia.com\/es\/excursion-villajoyosa-grupos-escolares\/#primaryimage\"},\"image\":{\"@id\":\"https:\/\/tlcdenia.com\/es\/excursion-villajoyosa-grupos-escolares\/#primaryimage\"},\"thumbnailUrl\":\"https:\/\/tlcdenia.com\/wp-content\/uploads\/2024\/01\/grupo-escolar-villajoyosa-1.jpg\",\"datePublished\":\"2024-01-25T09:21:13+00:00\",\"dateModified\":\"2024-06-11T15:34:51+00:00\",\"description\":\"En el programa de espa\u00f1ol para grupos escolares visitamos Villajoyosa: poblaci\u00f3n con encanto de la Costa Blanca.\",\"breadcrumb\":{\"@id\":\"https:\/\/tlcdenia.com\/es\/excursion-villajoyosa-grupos-escolares\/#breadcrumb\"},\"inLanguage\":\"es\",\"potentialAction\":[{\"@type\":\"ReadAction\",\"target\":[\"https:\/\/tlcdenia.com\/es\/excursion-villajoyosa-grupos-escolares\/\"]}]},{\"@type\":\"ImageObject\",\"inLanguage\":\"es\",\"@id\":\"https:\/\/tlcdenia.com\/es\/excursion-villajoyosa-grupos-escolares\/#primaryimage\",\"url\":\"https:\/\/tlcdenia.com\/wp-content\/uploads\/2024\/01\/grupo-escolar-villajoyosa-1.jpg\",\"contentUrl\":\"https:\/\/tlcdenia.com\/wp-content\/uploads\/2024\/01\/grupo-escolar-villajoyosa-1.jpg\",\"width\":900,\"height\":600,\"caption\":\"Playa y casas de colores en Villajoyosa\"},{\"@type\":\"BreadcrumbList\",\"@id\":\"https:\/\/tlcdenia.com\/es\/excursion-villajoyosa-grupos-escolares\/#breadcrumb\",\"itemListElement\":[{\"@type\":\"ListItem\",\"position\":1,\"name\":\"Home\",\"item\":\"https:\/\/tlcdenia.com\/es\/\"},{\"@type\":\"ListItem\",\"position\":2,\"name\":\"Excursi\u00f3n a Villajoyosa para grupos escolares\"}]},{\"@type\":\"WebSite\",\"@id\":\"https:\/\/tlcdenia.com\/es\/#website\",\"url\":\"https:\/\/tlcdenia.com\/es\/\",\"name\":\"Escuela TLCd\u00e9nia - Sitio web oficial\",\"description\":\"Languages Center\",\"potentialAction\":[{\"@type\":\"SearchAction\",\"target\":{\"@type\":\"EntryPoint\",\"urlTemplate\":\"https:\/\/tlcdenia.com\/es\/?s={search_term_string}\"},\"query-input\":{\"@type\":\"PropertyValueSpecification\",\"valueRequired\":true,\"valueName\":\"search_term_string\"}}],\"inLanguage\":\"es\"}]}<\/script>\n<!-- \/ Yoast SEO plugin. -->","yoast_head_json":{"title":"Espa\u00f1ol para grupos escolares en Espa\u00f1a: Excursi\u00f3n a Villajoyosa","description":"En el programa de espa\u00f1ol para grupos escolares visitamos Villajoyosa: poblaci\u00f3n con encanto de la Costa Blanca.","robots":{"index":"index","follow":"follow","max-snippet":"max-snippet:-1","max-image-preview":"max-image-preview:large","max-video-preview":"max-video-preview:-1"},"canonical":"https:\/\/tlcdenia.com\/es\/excursion-villajoyosa-grupos-escolares\/","og_locale":"es_ES","og_type":"article","og_title":"Espa\u00f1ol para grupos escolares en Espa\u00f1a: Excursi\u00f3n a Villajoyosa","og_description":"En el programa de espa\u00f1ol para grupos escolares visitamos Villajoyosa: poblaci\u00f3n con encanto de la Costa Blanca.","og_url":"https:\/\/tlcdenia.com\/es\/excursion-villajoyosa-grupos-escolares\/","og_site_name":"Escuela TLCd\u00e9nia - Sitio web oficial","article_modified_time":"2024-06-11T15:34:51+00:00","og_image":[{"width":900,"height":600,"url":"https:\/\/tlcdenia.com\/wp-content\/uploads\/2024\/01\/grupo-escolar-villajoyosa-1.jpg","type":"image\/jpeg"}],"twitter_card":"summary_large_image","twitter_misc":{"Tiempo de lectura":"4 minutos"},"schema":{"@context":"https:\/\/schema.org","@graph":[{"@type":"WebPage","@id":"https:\/\/tlcdenia.com\/es\/excursion-villajoyosa-grupos-escolares\/","url":"https:\/\/tlcdenia.com\/es\/excursion-villajoyosa-grupos-escolares\/","name":"Espa\u00f1ol para grupos escolares en Espa\u00f1a: Excursi\u00f3n a Villajoyosa","isPartOf":{"@id":"https:\/\/tlcdenia.com\/es\/#website"},"primaryImageOfPage":{"@id":"https:\/\/tlcdenia.com\/es\/excursion-villajoyosa-grupos-escolares\/#primaryimage"},"image":{"@id":"https:\/\/tlcdenia.com\/es\/excursion-villajoyosa-grupos-escolares\/#primaryimage"},"thumbnailUrl":"https:\/\/tlcdenia.com\/wp-content\/uploads\/2024\/01\/grupo-escolar-villajoyosa-1.jpg","datePublished":"2024-01-25T09:21:13+00:00","dateModified":"2024-06-11T15:34:51+00:00","description":"En el programa de espa\u00f1ol para grupos escolares visitamos Villajoyosa: poblaci\u00f3n con encanto de la Costa Blanca.","breadcrumb":{"@id":"https:\/\/tlcdenia.com\/es\/excursion-villajoyosa-grupos-escolares\/#breadcrumb"},"inLanguage":"es","potentialAction":[{"@type":"ReadAction","target":["https:\/\/tlcdenia.com\/es\/excursion-villajoyosa-grupos-escolares\/"]}]},{"@type":"ImageObject","inLanguage":"es","@id":"https:\/\/tlcdenia.com\/es\/excursion-villajoyosa-grupos-escolares\/#primaryimage","url":"https:\/\/tlcdenia.com\/wp-content\/uploads\/2024\/01\/grupo-escolar-villajoyosa-1.jpg","contentUrl":"https:\/\/tlcdenia.com\/wp-content\/uploads\/2024\/01\/grupo-escolar-villajoyosa-1.jpg","width":900,"height":600,"caption":"Playa y casas de colores en Villajoyosa"},{"@type":"BreadcrumbList","@id":"https:\/\/tlcdenia.com\/es\/excursion-villajoyosa-grupos-escolares\/#breadcrumb","itemListElement":[{"@type":"ListItem","position":1,"name":"Home","item":"https:\/\/tlcdenia.com\/es\/"},{"@type":"ListItem","position":2,"name":"Excursi\u00f3n a Villajoyosa para grupos escolares"}]},{"@type":"WebSite","@id":"https:\/\/tlcdenia.com\/es\/#website","url":"https:\/\/tlcdenia.com\/es\/","name":"Escuela TLCd\u00e9nia - Sitio web oficial","description":"Languages Center","potentialAction":[{"@type":"SearchAction","target":{"@type":"EntryPoint","urlTemplate":"https:\/\/tlcdenia.com\/es\/?s={search_term_string}"},"query-input":{"@type":"PropertyValueSpecification","valueRequired":true,"valueName":"search_term_string"}}],"inLanguage":"es"}]}},"_links":{"self":[{"href":"https:\/\/tlcdenia.com\/es\/wp-json\/wp\/v2\/pages\/77467","targetHints":{"allow":["GET"]}}],"collection":[{"href":"https:\/\/tlcdenia.com\/es\/wp-json\/wp\/v2\/pages"}],"about":[{"href":"https:\/\/tlcdenia.com\/es\/wp-json\/wp\/v2\/types\/page"}],"author":[{"embeddable":true,"href":"https:\/\/tlcdenia.com\/es\/wp-json\/wp\/v2\/users\/4"}],"replies":[{"embeddable":true,"href":"https:\/\/tlcdenia.com\/es\/wp-json\/wp\/v2\/comments?post=77467"}],"version-history":[{"count":19,"href":"https:\/\/tlcdenia.com\/es\/wp-json\/wp\/v2\/pages\/77467\/revisions"}],"predecessor-version":[{"id":92219,"href":"https:\/\/tlcdenia.com\/es\/wp-json\/wp\/v2\/pages\/77467\/revisions\/92219"}],"wp:featuredmedia":[{"embeddable":true,"href":"https:\/\/tlcdenia.com\/es\/wp-json\/wp\/v2\/media\/78626"}],"wp:attachment":[{"href":"https:\/\/tlcdenia.com\/es\/wp-json\/wp\/v2\/media?parent=77467"}],"curies":[{"name":"wp","href":"https:\/\/api.w.org\/{rel}","templated":true}]}}