{"id":77411,"date":"2024-01-19T12:41:51","date_gmt":"2024-01-19T12:41:51","guid":{"rendered":"https:\/\/tlcdenia.com\/?page_id=77411"},"modified":"2024-01-26T13:28:45","modified_gmt":"2024-01-26T13:28:45","slug":"excursion-aqualandia-grupos-escolares","status":"publish","type":"page","link":"https:\/\/tlcdenia.com\/es\/excursion-aqualandia-grupos-escolares\/","title":{"rendered":"Excursi\u00f3n a Aqualandia para grupos escolares"},"content":{"rendered":"\t\t<div data-elementor-type=\"wp-page\" data-elementor-id=\"77411\" class=\"elementor elementor-77411\" data-elementor-post-type=\"page\">\n\t\t\t\t<div class=\"elementor-element elementor-element-473e5c9 e-flex e-con-boxed e-con e-parent\" data-id=\"473e5c9\" data-element_type=\"container\" data-e-type=\"container\">\n\t\t\t\t\t<div class=\"e-con-inner\">\n\t\t\t\t<div class=\"elementor-element elementor-element-5894d3b elementor-widget elementor-widget-image\" data-id=\"5894d3b\" data-element_type=\"widget\" data-e-type=\"widget\" data-widget_type=\"image.default\">\n\t\t\t\t<div class=\"elementor-widget-container\">\n\t\t\t\t\t\t\t\t\t\t\t\t\t\t\t<img fetchpriority=\"high\" decoding=\"async\" width=\"900\" height=\"600\" src=\"https:\/\/tlcdenia.com\/wp-content\/uploads\/2024\/01\/excursion-aqualandia-1.jpg\" class=\"attachment-full size-full wp-image-78084\" alt=\"Grupo escolar en Espa\u00f1a, en una excursi\u00f3n a Aqualandia\" srcset=\"https:\/\/tlcdenia.com\/wp-content\/uploads\/2024\/01\/excursion-aqualandia-1.jpg 900w, https:\/\/tlcdenia.com\/wp-content\/uploads\/2024\/01\/excursion-aqualandia-1-300x200.jpg 300w, https:\/\/tlcdenia.com\/wp-content\/uploads\/2024\/01\/excursion-aqualandia-1-768x512.jpg 768w\" sizes=\"(max-width: 900px) 100vw, 900px\" \/>\t\t\t\t\t\t\t\t\t\t\t\t\t\t\t<\/div>\n\t\t\t\t<\/div>\n\t\t\t\t\t<\/div>\n\t\t\t\t<\/div>\n\t\t<div class=\"elementor-element elementor-element-d2a1494 e-flex e-con-boxed e-con e-parent\" data-id=\"d2a1494\" data-element_type=\"container\" data-e-type=\"container\">\n\t\t\t\t\t<div class=\"e-con-inner\">\n\t\t\t\t<div class=\"elementor-element elementor-element-5198e7e elementor-widget elementor-widget-text-editor\" data-id=\"5198e7e\" data-element_type=\"widget\" data-e-type=\"widget\" data-widget_type=\"text-editor.default\">\n\t\t\t\t<div class=\"elementor-widget-container\">\n\t\t\t\t\t\t\t\t\t<p>En TLCd\u00e9nia creemos que el aprendizaje debe ser una experiencia placentera. Nuestro programa para grupos escolares est\u00e1 dise\u00f1ado para combinar una plena inmersi\u00f3n al espa\u00f1ol con el entretenimiento, brindando a los estudiantes una oportunidad \u00fanica de aprender mientras se divierten.<\/p>\t\t\t\t\t\t\t\t<\/div>\n\t\t\t\t<\/div>\n\t\t\t\t\t<\/div>\n\t\t\t\t<\/div>\n\t\t<div class=\"elementor-element elementor-element-ed1ffb9 e-flex e-con-boxed e-con e-parent\" data-id=\"ed1ffb9\" data-element_type=\"container\" data-e-type=\"container\">\n\t\t\t\t\t<div class=\"e-con-inner\">\n\t\t\t\t<div class=\"elementor-element elementor-element-2f82136 elementor-widget elementor-widget-image\" data-id=\"2f82136\" data-element_type=\"widget\" data-e-type=\"widget\" data-widget_type=\"image.default\">\n\t\t\t\t<div class=\"elementor-widget-container\">\n\t\t\t\t\t\t\t\t\t\t\t\t\t\t\t<img decoding=\"async\" width=\"900\" height=\"600\" src=\"https:\/\/tlcdenia.com\/wp-content\/uploads\/2024\/01\/excursion-aqualandia-4.jpg\" class=\"attachment-full size-full wp-image-78036\" alt=\"Estudiantes bajando por un tobog\u00e1n en Aqualandia\" srcset=\"https:\/\/tlcdenia.com\/wp-content\/uploads\/2024\/01\/excursion-aqualandia-4.jpg 900w, https:\/\/tlcdenia.com\/wp-content\/uploads\/2024\/01\/excursion-aqualandia-4-300x200.jpg 300w, https:\/\/tlcdenia.com\/wp-content\/uploads\/2024\/01\/excursion-aqualandia-4-768x512.jpg 768w\" sizes=\"(max-width: 900px) 100vw, 900px\" \/>\t\t\t\t\t\t\t\t\t\t\t\t\t\t\t<\/div>\n\t\t\t\t<\/div>\n\t\t\t\t\t<\/div>\n\t\t\t\t<\/div>\n\t\t<div class=\"elementor-element elementor-element-9173195 e-flex e-con-boxed e-con e-parent\" data-id=\"9173195\" data-element_type=\"container\" data-e-type=\"container\">\n\t\t\t\t\t<div class=\"e-con-inner\">\n\t\t\t\t<div class=\"elementor-element elementor-element-ab4b02e elementor-widget elementor-widget-text-editor\" data-id=\"ab4b02e\" data-element_type=\"widget\" data-e-type=\"widget\" data-widget_type=\"text-editor.default\">\n\t\t\t\t<div class=\"elementor-widget-container\">\n\t\t\t\t\t\t\t\t\t<p>Adem\u00e1s del curso de espa\u00f1ol, los estudiantes pueden ir de <strong>excursi\u00f3n a Aqualandia<\/strong>, en Benidorm, un incre\u00edble parque acu\u00e1tico de nuestra regi\u00f3n.<\/p><p>Aqualandia es conocida por sus emocionantes <strong>toboganes acu\u00e1ticos<\/strong> de alta velocidad de varios niveles. Tambi\u00e9n cuenta con piscinas de olas y zonas de juegos acu\u00e1ticos interactivos. <br \/>Las atracciones ofrecen una experiencia llena de adrenalina para los estudiantes que buscan la aventura.<\/p>\t\t\t\t\t\t\t\t<\/div>\n\t\t\t\t<\/div>\n\t\t\t\t\t<\/div>\n\t\t\t\t<\/div>\n\t\t<div class=\"elementor-element elementor-element-159e675 e-flex e-con-boxed e-con e-parent\" data-id=\"159e675\" data-element_type=\"container\" data-e-type=\"container\">\n\t\t\t\t\t<div class=\"e-con-inner\">\n\t\t\t\t<div class=\"elementor-element elementor-element-f0c43fe elementor-widget elementor-widget-image\" data-id=\"f0c43fe\" data-element_type=\"widget\" data-e-type=\"widget\" data-widget_type=\"image.default\">\n\t\t\t\t<div class=\"elementor-widget-container\">\n\t\t\t\t\t\t\t\t\t\t\t\t\t\t\t<img decoding=\"async\" width=\"900\" height=\"600\" src=\"https:\/\/tlcdenia.com\/wp-content\/uploads\/2024\/01\/excursion-aqualandia-7.jpg\" class=\"attachment-full size-full wp-image-78060\" alt=\"Grupo escolar en Espa\u00f1a, en una excursi\u00f3n a Aqualandia\" srcset=\"https:\/\/tlcdenia.com\/wp-content\/uploads\/2024\/01\/excursion-aqualandia-7.jpg 900w, https:\/\/tlcdenia.com\/wp-content\/uploads\/2024\/01\/excursion-aqualandia-7-300x200.jpg 300w, https:\/\/tlcdenia.com\/wp-content\/uploads\/2024\/01\/excursion-aqualandia-7-768x512.jpg 768w\" sizes=\"(max-width: 900px) 100vw, 900px\" \/>\t\t\t\t\t\t\t\t\t\t\t\t\t\t\t<\/div>\n\t\t\t\t<\/div>\n\t\t\t\t\t<\/div>\n\t\t\t\t<\/div>\n\t\t<div class=\"elementor-element elementor-element-ad7ba8b e-flex e-con-boxed e-con e-parent\" data-id=\"ad7ba8b\" data-element_type=\"container\" data-e-type=\"container\">\n\t\t\t\t\t<div class=\"e-con-inner\">\n\t\t\t\t<div class=\"elementor-element elementor-element-f32537f elementor-widget elementor-widget-text-editor\" data-id=\"f32537f\" data-element_type=\"widget\" data-e-type=\"widget\" data-widget_type=\"text-editor.default\">\n\t\t\t\t<div class=\"elementor-widget-container\">\n\t\t\t\t\t\t\t\t\t<p>Para los que prefieren relajarse tambi\u00e9n hay <strong>r\u00edos lentos<\/strong> donde darse un chapuz\u00f3n o <strong>piscinas con spa<\/strong>. Tambi\u00e9n hay \u00e1reas de descanso, \u00e1reas de picnic y una zona de restaurantes y cafeter\u00edas.<\/p><p>En Aqualandia, se organizan <strong>eventos tem\u00e1ticos<\/strong>, fiestas y espect\u00e1culos acu\u00e1ticos que los alumnos pueden disfrutar.<\/p><p>En esta excursi\u00f3n para grupos escolares pasamos el d\u00eda completo en este parque acu\u00e1tico donde pueden disfrutar con sus compa\u00f1eros y nuestros monitores. \u00a0\u00a1Es una jornada llena de diversi\u00f3n, emoci\u00f3n y muchas risas!<\/p>\t\t\t\t\t\t\t\t<\/div>\n\t\t\t\t<\/div>\n\t\t\t\t\t<\/div>\n\t\t\t\t<\/div>\n\t\t\t\t<section class=\"elementor-section elementor-top-section elementor-element elementor-element-db23925 elementor-section-boxed elementor-section-height-default elementor-section-height-default\" data-id=\"db23925\" data-element_type=\"section\" data-e-type=\"section\" data-settings=\"{&quot;background_background&quot;:&quot;classic&quot;}\">\n\t\t\t\t\t\t<div class=\"elementor-container elementor-column-gap-default\">\n\t\t\t\t\t<div class=\"elementor-column elementor-col-100 elementor-top-column elementor-element elementor-element-01d660d\" data-id=\"01d660d\" data-element_type=\"column\" data-e-type=\"column\">\n\t\t\t<div class=\"elementor-widget-wrap elementor-element-populated\">\n\t\t\t\t\t\t<div class=\"elementor-element elementor-element-f3a6465 elementor-widget elementor-widget-heading\" data-id=\"f3a6465\" data-element_type=\"widget\" data-e-type=\"widget\" data-widget_type=\"heading.default\">\n\t\t\t\t<div class=\"elementor-widget-container\">\n\t\t\t\t\t<h3 class=\"elementor-heading-title elementor-size-default\">EXCURSI\u00d3N A AQUALANDIA, BENIDORM<\/h3>\t\t\t\t<\/div>\n\t\t\t\t<\/div>\n\t\t\t\t\t<\/div>\n\t\t<\/div>\n\t\t\t\t\t<\/div>\n\t\t<\/section>\n\t\t\t\t<section class=\"elementor-section elementor-top-section elementor-element elementor-element-a827640 elementor-section-boxed elementor-section-height-default elementor-section-height-default\" data-id=\"a827640\" data-element_type=\"section\" data-e-type=\"section\">\n\t\t\t\t\t\t<div class=\"elementor-container elementor-column-gap-default\">\n\t\t\t\t\t<div class=\"elementor-column elementor-col-100 elementor-top-column elementor-element elementor-element-66c972a\" data-id=\"66c972a\" data-element_type=\"column\" data-e-type=\"column\">\n\t\t\t<div class=\"elementor-widget-wrap elementor-element-populated\">\n\t\t\t\t\t\t<div class=\"elementor-element elementor-element-fc05686 elementor-widget elementor-widget-image-gallery\" data-id=\"fc05686\" data-element_type=\"widget\" data-e-type=\"widget\" data-widget_type=\"image-gallery.default\">\n\t\t\t\t<div class=\"elementor-widget-container\">\n\t\t\t\t\t\t\t<div class=\"elementor-image-gallery\">\n\t\t\t<div id='gallery-1' class='gallery galleryid-77411 gallery-columns-4 gallery-size-thumbnail'><figure class='gallery-item'>\n\t\t\t<div class='gallery-icon landscape'>\n\t\t\t\t<a data-elementor-open-lightbox=\"yes\" data-elementor-lightbox-slideshow=\"fc05686\" data-elementor-lightbox-title=\"excursion-aqualandia-3\" data-e-action-hash=\"#elementor-action%3Aaction%3Dlightbox%26settings%3DeyJpZCI6NzgxMDAsInVybCI6Imh0dHBzOlwvXC90bGNkZW5pYS5jb21cL3dwLWNvbnRlbnRcL3VwbG9hZHNcLzIwMjRcLzAxXC9leGN1cnNpb24tYXF1YWxhbmRpYS0zLmpwZyIsInNsaWRlc2hvdyI6ImZjMDU2ODYifQ%3D%3D\" href='https:\/\/tlcdenia.com\/wp-content\/uploads\/2024\/01\/excursion-aqualandia-3.jpg'><img loading=\"lazy\" decoding=\"async\" width=\"150\" height=\"150\" src=\"https:\/\/tlcdenia.com\/wp-content\/uploads\/2024\/01\/excursion-aqualandia-3-150x150.jpg\" class=\"attachment-thumbnail size-thumbnail\" alt=\"Atracci\u00f3n en Aqualandia\" \/><\/a>\n\t\t\t<\/div><\/figure><figure class='gallery-item'>\n\t\t\t<div class='gallery-icon landscape'>\n\t\t\t\t<a data-elementor-open-lightbox=\"yes\" data-elementor-lightbox-slideshow=\"fc05686\" data-elementor-lightbox-title=\"excursion-aqualandia-2\" data-e-action-hash=\"#elementor-action%3Aaction%3Dlightbox%26settings%3DeyJpZCI6NzgwOTIsInVybCI6Imh0dHBzOlwvXC90bGNkZW5pYS5jb21cL3dwLWNvbnRlbnRcL3VwbG9hZHNcLzIwMjRcLzAxXC9leGN1cnNpb24tYXF1YWxhbmRpYS0yLmpwZyIsInNsaWRlc2hvdyI6ImZjMDU2ODYifQ%3D%3D\" href='https:\/\/tlcdenia.com\/wp-content\/uploads\/2024\/01\/excursion-aqualandia-2.jpg'><img loading=\"lazy\" decoding=\"async\" width=\"150\" height=\"150\" src=\"https:\/\/tlcdenia.com\/wp-content\/uploads\/2024\/01\/excursion-aqualandia-2-150x150.jpg\" class=\"attachment-thumbnail size-thumbnail\" alt=\"Atracci\u00f3n en Aqualandia\" \/><\/a>\n\t\t\t<\/div><\/figure><figure class='gallery-item'>\n\t\t\t<div class='gallery-icon landscape'>\n\t\t\t\t<a data-elementor-open-lightbox=\"yes\" data-elementor-lightbox-slideshow=\"fc05686\" data-elementor-lightbox-title=\"excursion-aqualandia-1\" data-e-action-hash=\"#elementor-action%3Aaction%3Dlightbox%26settings%3DeyJpZCI6NzgwODQsInVybCI6Imh0dHBzOlwvXC90bGNkZW5pYS5jb21cL3dwLWNvbnRlbnRcL3VwbG9hZHNcLzIwMjRcLzAxXC9leGN1cnNpb24tYXF1YWxhbmRpYS0xLmpwZyIsInNsaWRlc2hvdyI6ImZjMDU2ODYifQ%3D%3D\" href='https:\/\/tlcdenia.com\/wp-content\/uploads\/2024\/01\/excursion-aqualandia-1.jpg'><img loading=\"lazy\" decoding=\"async\" width=\"150\" height=\"150\" src=\"https:\/\/tlcdenia.com\/wp-content\/uploads\/2024\/01\/excursion-aqualandia-1-150x150.jpg\" class=\"attachment-thumbnail size-thumbnail\" alt=\"Grupo escolar en Espa\u00f1a, en una excursi\u00f3n a Aqualandia\" \/><\/a>\n\t\t\t<\/div><\/figure><figure class='gallery-item'>\n\t\t\t<div class='gallery-icon landscape'>\n\t\t\t\t<a data-elementor-open-lightbox=\"yes\" data-elementor-lightbox-slideshow=\"fc05686\" data-elementor-lightbox-title=\"excursion-aqualandia-8\" data-e-action-hash=\"#elementor-action%3Aaction%3Dlightbox%26settings%3DeyJpZCI6NzgwNjgsInVybCI6Imh0dHBzOlwvXC90bGNkZW5pYS5jb21cL3dwLWNvbnRlbnRcL3VwbG9hZHNcLzIwMjRcLzAxXC9leGN1cnNpb24tYXF1YWxhbmRpYS04LmpwZyIsInNsaWRlc2hvdyI6ImZjMDU2ODYifQ%3D%3D\" href='https:\/\/tlcdenia.com\/wp-content\/uploads\/2024\/01\/excursion-aqualandia-8.jpg'><img loading=\"lazy\" decoding=\"async\" width=\"150\" height=\"150\" src=\"https:\/\/tlcdenia.com\/wp-content\/uploads\/2024\/01\/excursion-aqualandia-8-150x150.jpg\" class=\"attachment-thumbnail size-thumbnail\" alt=\"Grupo escolar en Espa\u00f1a, en una excursi\u00f3n a Aqualandia\" \/><\/a>\n\t\t\t<\/div><\/figure><figure class='gallery-item'>\n\t\t\t<div class='gallery-icon landscape'>\n\t\t\t\t<a data-elementor-open-lightbox=\"yes\" data-elementor-lightbox-slideshow=\"fc05686\" data-elementor-lightbox-title=\"excursion-aqualandia-7\" data-e-action-hash=\"#elementor-action%3Aaction%3Dlightbox%26settings%3DeyJpZCI6NzgwNjAsInVybCI6Imh0dHBzOlwvXC90bGNkZW5pYS5jb21cL3dwLWNvbnRlbnRcL3VwbG9hZHNcLzIwMjRcLzAxXC9leGN1cnNpb24tYXF1YWxhbmRpYS03LmpwZyIsInNsaWRlc2hvdyI6ImZjMDU2ODYifQ%3D%3D\" href='https:\/\/tlcdenia.com\/wp-content\/uploads\/2024\/01\/excursion-aqualandia-7.jpg'><img loading=\"lazy\" decoding=\"async\" width=\"150\" height=\"150\" src=\"https:\/\/tlcdenia.com\/wp-content\/uploads\/2024\/01\/excursion-aqualandia-7-150x150.jpg\" class=\"attachment-thumbnail size-thumbnail\" alt=\"Grupo escolar en Espa\u00f1a, en una excursi\u00f3n a Aqualandia\" \/><\/a>\n\t\t\t<\/div><\/figure><figure class='gallery-item'>\n\t\t\t<div class='gallery-icon landscape'>\n\t\t\t\t<a data-elementor-open-lightbox=\"yes\" data-elementor-lightbox-slideshow=\"fc05686\" data-elementor-lightbox-title=\"excursion-aqualandia-6\" data-e-action-hash=\"#elementor-action%3Aaction%3Dlightbox%26settings%3DeyJpZCI6NzgwNTIsInVybCI6Imh0dHBzOlwvXC90bGNkZW5pYS5jb21cL3dwLWNvbnRlbnRcL3VwbG9hZHNcLzIwMjRcLzAxXC9leGN1cnNpb24tYXF1YWxhbmRpYS02LmpwZyIsInNsaWRlc2hvdyI6ImZjMDU2ODYifQ%3D%3D\" href='https:\/\/tlcdenia.com\/wp-content\/uploads\/2024\/01\/excursion-aqualandia-6.jpg'><img loading=\"lazy\" decoding=\"async\" width=\"150\" height=\"150\" src=\"https:\/\/tlcdenia.com\/wp-content\/uploads\/2024\/01\/excursion-aqualandia-6-150x150.jpg\" class=\"attachment-thumbnail size-thumbnail\" alt=\"Atracci\u00f3n en Aqualandia\" srcset=\"https:\/\/tlcdenia.com\/wp-content\/uploads\/2024\/01\/excursion-aqualandia-6-150x150.jpg 150w, https:\/\/tlcdenia.com\/wp-content\/uploads\/2024\/01\/excursion-aqualandia-6-600x600.jpg 600w\" sizes=\"(max-width: 150px) 100vw, 150px\" \/><\/a>\n\t\t\t<\/div><\/figure><figure class='gallery-item'>\n\t\t\t<div class='gallery-icon landscape'>\n\t\t\t\t<a data-elementor-open-lightbox=\"yes\" data-elementor-lightbox-slideshow=\"fc05686\" data-elementor-lightbox-title=\"excursion-aqualandia-5\" data-e-action-hash=\"#elementor-action%3Aaction%3Dlightbox%26settings%3DeyJpZCI6NzgwNDQsInVybCI6Imh0dHBzOlwvXC90bGNkZW5pYS5jb21cL3dwLWNvbnRlbnRcL3VwbG9hZHNcLzIwMjRcLzAxXC9leGN1cnNpb24tYXF1YWxhbmRpYS01LmpwZyIsInNsaWRlc2hvdyI6ImZjMDU2ODYifQ%3D%3D\" href='https:\/\/tlcdenia.com\/wp-content\/uploads\/2024\/01\/excursion-aqualandia-5.jpg'><img loading=\"lazy\" decoding=\"async\" width=\"150\" height=\"150\" src=\"https:\/\/tlcdenia.com\/wp-content\/uploads\/2024\/01\/excursion-aqualandia-5-150x150.jpg\" class=\"attachment-thumbnail size-thumbnail\" alt=\"Estudiantes bajando por un tobog\u00e1n en Aqualandia\" \/><\/a>\n\t\t\t<\/div><\/figure><figure class='gallery-item'>\n\t\t\t<div class='gallery-icon landscape'>\n\t\t\t\t<a data-elementor-open-lightbox=\"yes\" data-elementor-lightbox-slideshow=\"fc05686\" data-elementor-lightbox-title=\"excursion-aqualandia-4\" data-e-action-hash=\"#elementor-action%3Aaction%3Dlightbox%26settings%3DeyJpZCI6NzgwMzYsInVybCI6Imh0dHBzOlwvXC90bGNkZW5pYS5jb21cL3dwLWNvbnRlbnRcL3VwbG9hZHNcLzIwMjRcLzAxXC9leGN1cnNpb24tYXF1YWxhbmRpYS00LmpwZyIsInNsaWRlc2hvdyI6ImZjMDU2ODYifQ%3D%3D\" href='https:\/\/tlcdenia.com\/wp-content\/uploads\/2024\/01\/excursion-aqualandia-4.jpg'><img loading=\"lazy\" decoding=\"async\" width=\"150\" height=\"150\" src=\"https:\/\/tlcdenia.com\/wp-content\/uploads\/2024\/01\/excursion-aqualandia-4-150x150.jpg\" class=\"attachment-thumbnail size-thumbnail\" alt=\"Estudiantes bajando por un tobog\u00e1n en Aqualandia\" \/><\/a>\n\t\t\t<\/div><\/figure>\n\t\t<\/div>\n\t\t<\/div>\n\t\t\t\t\t\t<\/div>\n\t\t\t\t<\/div>\n\t\t\t\t\t<\/div>\n\t\t<\/div>\n\t\t\t\t\t<\/div>\n\t\t<\/section>\n\t\t\t\t<\/div>\n\t\t","protected":false},"excerpt":{"rendered":"<p>En TLCd\u00e9nia creemos que el aprendizaje debe ser una experiencia placentera. Nuestro programa para grupos escolares est\u00e1 dise\u00f1ado para combinar una plena inmersi\u00f3n al espa\u00f1ol con el entretenimiento, brindando a los estudiantes una oportunidad \u00fanica de aprender mientras se divierten. &hellip; <\/p>\n","protected":false},"author":4,"featured_media":78052,"parent":0,"menu_order":0,"comment_status":"closed","ping_status":"closed","template":"page-templates\/page-spanishcourses.php","meta":{"_acf_changed":false,"footnotes":""},"class_list":["post-77411","page","type-page","status-publish","has-post-thumbnail","hentry"],"acf":[],"yoast_head":"<!-- This site is optimized with the Yoast SEO plugin v26.9 - https:\/\/yoast.com\/product\/yoast-seo-wordpress\/ -->\n<title>Espa\u00f1ol para grupos escolares en Espa\u00f1a: Excursi\u00f3n a Aqualandia<\/title>\n<meta name=\"description\" content=\"El programa de espa\u00f1ol para grupos escolares en Espa\u00f1a tiene la opci\u00f3n de ir al parque acu\u00e1tico de a Aqualandia, en Benidorm..\" \/>\n<meta name=\"robots\" content=\"index, follow, max-snippet:-1, max-image-preview:large, max-video-preview:-1\" \/>\n<link rel=\"canonical\" href=\"https:\/\/tlcdenia.com\/es\/excursion-aqualandia-grupos-escolares\/\" \/>\n<meta property=\"og:locale\" content=\"es_ES\" \/>\n<meta property=\"og:type\" content=\"article\" \/>\n<meta property=\"og:title\" content=\"Espa\u00f1ol para grupos escolares en Espa\u00f1a: Excursi\u00f3n a Aqualandia\" \/>\n<meta property=\"og:description\" content=\"El programa de espa\u00f1ol para grupos escolares en Espa\u00f1a tiene la opci\u00f3n de ir al parque acu\u00e1tico de a Aqualandia, en Benidorm..\" \/>\n<meta property=\"og:url\" content=\"https:\/\/tlcdenia.com\/es\/excursion-aqualandia-grupos-escolares\/\" \/>\n<meta property=\"og:site_name\" content=\"Escuela TLCd\u00e9nia - Sitio web oficial\" \/>\n<meta property=\"article:modified_time\" content=\"2024-01-26T13:28:45+00:00\" \/>\n<meta property=\"og:image\" content=\"https:\/\/tlcdenia.com\/wp-content\/uploads\/2024\/01\/excursion-aqualandia-6.jpg\" \/>\n\t<meta property=\"og:image:width\" content=\"900\" \/>\n\t<meta property=\"og:image:height\" content=\"600\" \/>\n\t<meta property=\"og:image:type\" content=\"image\/jpeg\" \/>\n<meta name=\"twitter:card\" content=\"summary_large_image\" \/>\n<meta name=\"twitter:label1\" content=\"Tiempo de lectura\" \/>\n\t<meta name=\"twitter:data1\" content=\"4 minutos\" \/>\n<script type=\"application\/ld+json\" class=\"yoast-schema-graph\">{\"@context\":\"https:\/\/schema.org\",\"@graph\":[{\"@type\":\"WebPage\",\"@id\":\"https:\/\/tlcdenia.com\/es\/excursion-aqualandia-grupos-escolares\/\",\"url\":\"https:\/\/tlcdenia.com\/es\/excursion-aqualandia-grupos-escolares\/\",\"name\":\"Espa\u00f1ol para grupos escolares en Espa\u00f1a: Excursi\u00f3n a Aqualandia\",\"isPartOf\":{\"@id\":\"https:\/\/tlcdenia.com\/es\/#website\"},\"primaryImageOfPage\":{\"@id\":\"https:\/\/tlcdenia.com\/es\/excursion-aqualandia-grupos-escolares\/#primaryimage\"},\"image\":{\"@id\":\"https:\/\/tlcdenia.com\/es\/excursion-aqualandia-grupos-escolares\/#primaryimage\"},\"thumbnailUrl\":\"https:\/\/tlcdenia.com\/wp-content\/uploads\/2024\/01\/excursion-aqualandia-6.jpg\",\"datePublished\":\"2024-01-19T12:41:51+00:00\",\"dateModified\":\"2024-01-26T13:28:45+00:00\",\"description\":\"El programa de espa\u00f1ol para grupos escolares en Espa\u00f1a tiene la opci\u00f3n de ir al parque acu\u00e1tico de a Aqualandia, en Benidorm..\",\"breadcrumb\":{\"@id\":\"https:\/\/tlcdenia.com\/es\/excursion-aqualandia-grupos-escolares\/#breadcrumb\"},\"inLanguage\":\"es\",\"potentialAction\":[{\"@type\":\"ReadAction\",\"target\":[\"https:\/\/tlcdenia.com\/es\/excursion-aqualandia-grupos-escolares\/\"]}]},{\"@type\":\"ImageObject\",\"inLanguage\":\"es\",\"@id\":\"https:\/\/tlcdenia.com\/es\/excursion-aqualandia-grupos-escolares\/#primaryimage\",\"url\":\"https:\/\/tlcdenia.com\/wp-content\/uploads\/2024\/01\/excursion-aqualandia-6.jpg\",\"contentUrl\":\"https:\/\/tlcdenia.com\/wp-content\/uploads\/2024\/01\/excursion-aqualandia-6.jpg\",\"width\":900,\"height\":600,\"caption\":\"Atracci\u00f3n en Aqualandia\"},{\"@type\":\"BreadcrumbList\",\"@id\":\"https:\/\/tlcdenia.com\/es\/excursion-aqualandia-grupos-escolares\/#breadcrumb\",\"itemListElement\":[{\"@type\":\"ListItem\",\"position\":1,\"name\":\"Home\",\"item\":\"https:\/\/tlcdenia.com\/es\/\"},{\"@type\":\"ListItem\",\"position\":2,\"name\":\"Excursi\u00f3n a Aqualandia para grupos escolares\"}]},{\"@type\":\"WebSite\",\"@id\":\"https:\/\/tlcdenia.com\/es\/#website\",\"url\":\"https:\/\/tlcdenia.com\/es\/\",\"name\":\"Escuela TLCd\u00e9nia - Sitio web oficial\",\"description\":\"Languages Center\",\"potentialAction\":[{\"@type\":\"SearchAction\",\"target\":{\"@type\":\"EntryPoint\",\"urlTemplate\":\"https:\/\/tlcdenia.com\/es\/?s={search_term_string}\"},\"query-input\":{\"@type\":\"PropertyValueSpecification\",\"valueRequired\":true,\"valueName\":\"search_term_string\"}}],\"inLanguage\":\"es\"}]}<\/script>\n<!-- \/ Yoast SEO plugin. -->","yoast_head_json":{"title":"Espa\u00f1ol para grupos escolares en Espa\u00f1a: Excursi\u00f3n a Aqualandia","description":"El programa de espa\u00f1ol para grupos escolares en Espa\u00f1a tiene la opci\u00f3n de ir al parque acu\u00e1tico de a Aqualandia, en Benidorm..","robots":{"index":"index","follow":"follow","max-snippet":"max-snippet:-1","max-image-preview":"max-image-preview:large","max-video-preview":"max-video-preview:-1"},"canonical":"https:\/\/tlcdenia.com\/es\/excursion-aqualandia-grupos-escolares\/","og_locale":"es_ES","og_type":"article","og_title":"Espa\u00f1ol para grupos escolares en Espa\u00f1a: Excursi\u00f3n a Aqualandia","og_description":"El programa de espa\u00f1ol para grupos escolares en Espa\u00f1a tiene la opci\u00f3n de ir al parque acu\u00e1tico de a Aqualandia, en Benidorm..","og_url":"https:\/\/tlcdenia.com\/es\/excursion-aqualandia-grupos-escolares\/","og_site_name":"Escuela TLCd\u00e9nia - Sitio web oficial","article_modified_time":"2024-01-26T13:28:45+00:00","og_image":[{"width":900,"height":600,"url":"https:\/\/tlcdenia.com\/wp-content\/uploads\/2024\/01\/excursion-aqualandia-6.jpg","type":"image\/jpeg"}],"twitter_card":"summary_large_image","twitter_misc":{"Tiempo de lectura":"4 minutos"},"schema":{"@context":"https:\/\/schema.org","@graph":[{"@type":"WebPage","@id":"https:\/\/tlcdenia.com\/es\/excursion-aqualandia-grupos-escolares\/","url":"https:\/\/tlcdenia.com\/es\/excursion-aqualandia-grupos-escolares\/","name":"Espa\u00f1ol para grupos escolares en Espa\u00f1a: Excursi\u00f3n a Aqualandia","isPartOf":{"@id":"https:\/\/tlcdenia.com\/es\/#website"},"primaryImageOfPage":{"@id":"https:\/\/tlcdenia.com\/es\/excursion-aqualandia-grupos-escolares\/#primaryimage"},"image":{"@id":"https:\/\/tlcdenia.com\/es\/excursion-aqualandia-grupos-escolares\/#primaryimage"},"thumbnailUrl":"https:\/\/tlcdenia.com\/wp-content\/uploads\/2024\/01\/excursion-aqualandia-6.jpg","datePublished":"2024-01-19T12:41:51+00:00","dateModified":"2024-01-26T13:28:45+00:00","description":"El programa de espa\u00f1ol para grupos escolares en Espa\u00f1a tiene la opci\u00f3n de ir al parque acu\u00e1tico de a Aqualandia, en Benidorm..","breadcrumb":{"@id":"https:\/\/tlcdenia.com\/es\/excursion-aqualandia-grupos-escolares\/#breadcrumb"},"inLanguage":"es","potentialAction":[{"@type":"ReadAction","target":["https:\/\/tlcdenia.com\/es\/excursion-aqualandia-grupos-escolares\/"]}]},{"@type":"ImageObject","inLanguage":"es","@id":"https:\/\/tlcdenia.com\/es\/excursion-aqualandia-grupos-escolares\/#primaryimage","url":"https:\/\/tlcdenia.com\/wp-content\/uploads\/2024\/01\/excursion-aqualandia-6.jpg","contentUrl":"https:\/\/tlcdenia.com\/wp-content\/uploads\/2024\/01\/excursion-aqualandia-6.jpg","width":900,"height":600,"caption":"Atracci\u00f3n en Aqualandia"},{"@type":"BreadcrumbList","@id":"https:\/\/tlcdenia.com\/es\/excursion-aqualandia-grupos-escolares\/#breadcrumb","itemListElement":[{"@type":"ListItem","position":1,"name":"Home","item":"https:\/\/tlcdenia.com\/es\/"},{"@type":"ListItem","position":2,"name":"Excursi\u00f3n a Aqualandia para grupos escolares"}]},{"@type":"WebSite","@id":"https:\/\/tlcdenia.com\/es\/#website","url":"https:\/\/tlcdenia.com\/es\/","name":"Escuela TLCd\u00e9nia - Sitio web oficial","description":"Languages Center","potentialAction":[{"@type":"SearchAction","target":{"@type":"EntryPoint","urlTemplate":"https:\/\/tlcdenia.com\/es\/?s={search_term_string}"},"query-input":{"@type":"PropertyValueSpecification","valueRequired":true,"valueName":"search_term_string"}}],"inLanguage":"es"}]}},"_links":{"self":[{"href":"https:\/\/tlcdenia.com\/es\/wp-json\/wp\/v2\/pages\/77411","targetHints":{"allow":["GET"]}}],"collection":[{"href":"https:\/\/tlcdenia.com\/es\/wp-json\/wp\/v2\/pages"}],"about":[{"href":"https:\/\/tlcdenia.com\/es\/wp-json\/wp\/v2\/types\/page"}],"author":[{"embeddable":true,"href":"https:\/\/tlcdenia.com\/es\/wp-json\/wp\/v2\/users\/4"}],"replies":[{"embeddable":true,"href":"https:\/\/tlcdenia.com\/es\/wp-json\/wp\/v2\/comments?post=77411"}],"version-history":[{"count":14,"href":"https:\/\/tlcdenia.com\/es\/wp-json\/wp\/v2\/pages\/77411\/revisions"}],"predecessor-version":[{"id":78907,"href":"https:\/\/tlcdenia.com\/es\/wp-json\/wp\/v2\/pages\/77411\/revisions\/78907"}],"wp:featuredmedia":[{"embeddable":true,"href":"https:\/\/tlcdenia.com\/es\/wp-json\/wp\/v2\/media\/78052"}],"wp:attachment":[{"href":"https:\/\/tlcdenia.com\/es\/wp-json\/wp\/v2\/media?parent=77411"}],"curies":[{"name":"wp","href":"https:\/\/api.w.org\/{rel}","templated":true}]}}