{"id":71375,"date":"2024-01-18T11:16:48","date_gmt":"2024-01-18T11:16:48","guid":{"rendered":"https:\/\/tlcdenia.com\/?page_id=71375"},"modified":"2024-01-30T08:46:08","modified_gmt":"2024-01-30T08:46:08","slug":"excursion-fonts-de-l-algar-grupos-escolares","status":"publish","type":"page","link":"https:\/\/tlcdenia.com\/es\/excursion-fonts-de-l-algar-grupos-escolares\/","title":{"rendered":"Excursi\u00f3n a Fonts de l&#8217;Algar para grupos escolares"},"content":{"rendered":"\t\t<div data-elementor-type=\"wp-page\" data-elementor-id=\"71375\" class=\"elementor elementor-71375\" data-elementor-post-type=\"page\">\n\t\t\t\t<div class=\"elementor-element elementor-element-27fc18f e-flex e-con-boxed e-con e-parent\" data-id=\"27fc18f\" data-element_type=\"container\" data-e-type=\"container\">\n\t\t\t\t\t<div class=\"e-con-inner\">\n\t\t\t\t<div class=\"elementor-element elementor-element-49caa4a elementor-widget elementor-widget-image\" data-id=\"49caa4a\" data-element_type=\"widget\" data-e-type=\"widget\" data-widget_type=\"image.default\">\n\t\t\t\t<div class=\"elementor-widget-container\">\n\t\t\t\t\t\t\t\t\t\t\t\t\t\t\t<img fetchpriority=\"high\" decoding=\"async\" width=\"900\" height=\"600\" src=\"https:\/\/tlcdenia.com\/wp-content\/uploads\/2024\/01\/grupos-escolares-fonts-8.jpg\" class=\"attachment-full size-full wp-image-77250\" alt=\"Grupo escolar en Espa\u00f1a en las cascadas de Fonts de l&#039;Algar\" srcset=\"https:\/\/tlcdenia.com\/wp-content\/uploads\/2024\/01\/grupos-escolares-fonts-8.jpg 900w, https:\/\/tlcdenia.com\/wp-content\/uploads\/2024\/01\/grupos-escolares-fonts-8-300x200.jpg 300w, https:\/\/tlcdenia.com\/wp-content\/uploads\/2024\/01\/grupos-escolares-fonts-8-768x512.jpg 768w, https:\/\/tlcdenia.com\/wp-content\/uploads\/2024\/01\/grupos-escolares-fonts-8-600x400.jpg 600w\" sizes=\"(max-width: 900px) 100vw, 900px\" \/>\t\t\t\t\t\t\t\t\t\t\t\t\t\t\t<\/div>\n\t\t\t\t<\/div>\n\t\t\t\t\t<\/div>\n\t\t\t\t<\/div>\n\t\t<div class=\"elementor-element elementor-element-1229d8c e-flex e-con-boxed e-con e-parent\" data-id=\"1229d8c\" data-element_type=\"container\" data-e-type=\"container\">\n\t\t\t\t\t<div class=\"e-con-inner\">\n\t\t\t\t<div class=\"elementor-element elementor-element-012d77b elementor-widget elementor-widget-text-editor\" data-id=\"012d77b\" data-element_type=\"widget\" data-e-type=\"widget\" data-widget_type=\"text-editor.default\">\n\t\t\t\t<div class=\"elementor-widget-container\">\n\t\t\t\t\t\t\t\t\t<p>Organizamos para nuestros estudiantes una <strong>excursi\u00f3n a Les Fonts de l&#8217;Algar<\/strong>, un para\u00edso acu\u00e1tico situado en el interior de la provincia de Alicante.<\/p><p>Durante esta excursi\u00f3n tendr\u00e1n la oportunidad de explorar y disfrutar de las <strong>impresionantes cascadas y piscinas naturales<\/strong> de Les Fonts de l&#8217;Algar. El agua cristalina y fresca es perfecta para darse un chapuz\u00f3n y refrescarse en los d\u00edas calurosos de verano. Los estudiantes se sumergir\u00e1n en las cristalinas piscinas y tambi\u00e9n se relajar\u00e1n mientras observan el bonito paisaje que les rodea.<\/p>\t\t\t\t\t\t\t\t<\/div>\n\t\t\t\t<\/div>\n\t\t\t\t\t<\/div>\n\t\t\t\t<\/div>\n\t\t<div class=\"elementor-element elementor-element-e152284 e-flex e-con-boxed e-con e-parent\" data-id=\"e152284\" data-element_type=\"container\" data-e-type=\"container\">\n\t\t\t\t\t<div class=\"e-con-inner\">\n\t\t\t\t<div class=\"elementor-element elementor-element-fc56795 elementor-widget elementor-widget-image\" data-id=\"fc56795\" data-element_type=\"widget\" data-e-type=\"widget\" data-widget_type=\"image.default\">\n\t\t\t\t<div class=\"elementor-widget-container\">\n\t\t\t\t\t\t\t\t\t\t\t\t\t\t\t<img decoding=\"async\" width=\"900\" height=\"600\" src=\"https:\/\/tlcdenia.com\/wp-content\/uploads\/2024\/01\/grupos-escolares-fonts-algar.jpg\" class=\"attachment-full size-full wp-image-77274\" alt=\"Grupo escolar en Espa\u00f1a dando un salto al agua en Fonts de l&#039;Algar\" srcset=\"https:\/\/tlcdenia.com\/wp-content\/uploads\/2024\/01\/grupos-escolares-fonts-algar.jpg 900w, https:\/\/tlcdenia.com\/wp-content\/uploads\/2024\/01\/grupos-escolares-fonts-algar-300x200.jpg 300w, https:\/\/tlcdenia.com\/wp-content\/uploads\/2024\/01\/grupos-escolares-fonts-algar-768x512.jpg 768w\" sizes=\"(max-width: 900px) 100vw, 900px\" \/>\t\t\t\t\t\t\t\t\t\t\t\t\t\t\t<\/div>\n\t\t\t\t<\/div>\n\t\t\t\t\t<\/div>\n\t\t\t\t<\/div>\n\t\t<div class=\"elementor-element elementor-element-31c3831 e-flex e-con-boxed e-con e-parent\" data-id=\"31c3831\" data-element_type=\"container\" data-e-type=\"container\">\n\t\t\t\t\t<div class=\"e-con-inner\">\n\t\t\t\t<div class=\"elementor-element elementor-element-d2445cf elementor-widget elementor-widget-text-editor\" data-id=\"d2445cf\" data-element_type=\"widget\" data-e-type=\"widget\" data-widget_type=\"text-editor.default\">\n\t\t\t\t<div class=\"elementor-widget-container\">\n\t\t\t\t\t\t\t\t\t<p>Adem\u00e1s de nadar, tambi\u00e9n podr\u00e1n explorar los senderos naturales que serpentean a lo largo del r\u00edo Algar. Pasear\u00e1n por los caminos rodeados de vegetaci\u00f3n ex\u00f3tica y descubrir\u00e1n la flora y fauna aut\u00f3ctonas de la zona. Es un lugar <strong>ideal para los amantes de la naturaleza y de la fotograf\u00eda<\/strong>, ya que cada rinc\u00f3n ofrece una oportunidad \u00fanica para capturar im\u00e1genes impresionantes.<\/p><p>Despu\u00e9s de explorar y nadar, podr\u00e1n comerse un buen <strong>picnic en medio de la naturaleza<\/strong>.<\/p>\t\t\t\t\t\t\t\t<\/div>\n\t\t\t\t<\/div>\n\t\t\t\t\t<\/div>\n\t\t\t\t<\/div>\n\t\t<div class=\"elementor-element elementor-element-aac266f e-flex e-con-boxed e-con e-parent\" data-id=\"aac266f\" data-element_type=\"container\" data-e-type=\"container\">\n\t\t\t\t\t<div class=\"e-con-inner\">\n\t\t\t\t<div class=\"elementor-element elementor-element-af6ac92 elementor-widget elementor-widget-image\" data-id=\"af6ac92\" data-element_type=\"widget\" data-e-type=\"widget\" data-widget_type=\"image.default\">\n\t\t\t\t<div class=\"elementor-widget-container\">\n\t\t\t\t\t\t\t\t\t\t\t\t\t\t\t<img decoding=\"async\" width=\"900\" height=\"600\" src=\"https:\/\/tlcdenia.com\/wp-content\/uploads\/2024\/01\/grupos-escolares-fonts-6.jpg\" class=\"attachment-full size-full wp-image-77234\" alt=\"Cascadas de Fonts de l&#039;Algar, en Espa\u00f1a\" srcset=\"https:\/\/tlcdenia.com\/wp-content\/uploads\/2024\/01\/grupos-escolares-fonts-6.jpg 900w, https:\/\/tlcdenia.com\/wp-content\/uploads\/2024\/01\/grupos-escolares-fonts-6-300x200.jpg 300w, https:\/\/tlcdenia.com\/wp-content\/uploads\/2024\/01\/grupos-escolares-fonts-6-768x512.jpg 768w\" sizes=\"(max-width: 900px) 100vw, 900px\" \/>\t\t\t\t\t\t\t\t\t\t\t\t\t\t\t<\/div>\n\t\t\t\t<\/div>\n\t\t\t\t\t<\/div>\n\t\t\t\t<\/div>\n\t\t<div class=\"elementor-element elementor-element-bb0aa2e e-flex e-con-boxed e-con e-parent\" data-id=\"bb0aa2e\" data-element_type=\"container\" data-e-type=\"container\">\n\t\t\t\t\t<div class=\"e-con-inner\">\n\t\t\t\t<div class=\"elementor-element elementor-element-50e6438 elementor-widget elementor-widget-text-editor\" data-id=\"50e6438\" data-element_type=\"widget\" data-e-type=\"widget\" data-widget_type=\"text-editor.default\">\n\t\t\t\t<div class=\"elementor-widget-container\">\n\t\t\t\t\t\t\t\t\t<p>Les Fonts de l&#8217;Algar son una joya natural que no pueden perderse. Con sus impresionantes cascadas, piscinas naturales y senderos, se sumergir\u00e1n en un entorno de serenidad y belleza.<\/p><p>\u00a1En este para\u00edso acu\u00e1tico los estudiantes crear\u00e1n recuerdos inolvidables!<\/p>\t\t\t\t\t\t\t\t<\/div>\n\t\t\t\t<\/div>\n\t\t\t\t\t<\/div>\n\t\t\t\t<\/div>\n\t\t\t\t<section class=\"elementor-section elementor-top-section elementor-element elementor-element-07bd321 elementor-section-boxed elementor-section-height-default elementor-section-height-default\" data-id=\"07bd321\" data-element_type=\"section\" data-e-type=\"section\" data-settings=\"{&quot;background_background&quot;:&quot;classic&quot;}\">\n\t\t\t\t\t\t<div class=\"elementor-container elementor-column-gap-default\">\n\t\t\t\t\t<div class=\"elementor-column elementor-col-100 elementor-top-column elementor-element elementor-element-77dbca4\" data-id=\"77dbca4\" data-element_type=\"column\" data-e-type=\"column\">\n\t\t\t<div class=\"elementor-widget-wrap elementor-element-populated\">\n\t\t\t\t\t\t<div class=\"elementor-element elementor-element-9f2e8dd elementor-widget elementor-widget-heading\" data-id=\"9f2e8dd\" data-element_type=\"widget\" data-e-type=\"widget\" data-widget_type=\"heading.default\">\n\t\t\t\t<div class=\"elementor-widget-container\">\n\t\t\t\t\t<h3 class=\"elementor-heading-title elementor-size-default\">EXCURSI\u00d3N A fonts de l' algar<\/h3>\t\t\t\t<\/div>\n\t\t\t\t<\/div>\n\t\t\t\t\t<\/div>\n\t\t<\/div>\n\t\t\t\t\t<\/div>\n\t\t<\/section>\n\t\t\t\t<section class=\"elementor-section elementor-top-section elementor-element elementor-element-74f73f0 elementor-section-boxed elementor-section-height-default elementor-section-height-default\" data-id=\"74f73f0\" data-element_type=\"section\" data-e-type=\"section\">\n\t\t\t\t\t\t<div class=\"elementor-container elementor-column-gap-default\">\n\t\t\t\t\t<div class=\"elementor-column elementor-col-100 elementor-top-column elementor-element elementor-element-7a7588c\" data-id=\"7a7588c\" data-element_type=\"column\" data-e-type=\"column\">\n\t\t\t<div class=\"elementor-widget-wrap elementor-element-populated\">\n\t\t\t\t\t\t<div class=\"elementor-element elementor-element-b0cb5f7 elementor-widget elementor-widget-image-gallery\" data-id=\"b0cb5f7\" data-element_type=\"widget\" data-e-type=\"widget\" data-widget_type=\"image-gallery.default\">\n\t\t\t\t<div class=\"elementor-widget-container\">\n\t\t\t\t\t\t\t<div class=\"elementor-image-gallery\">\n\t\t\t<div id='gallery-1' class='gallery galleryid-71375 gallery-columns-4 gallery-size-thumbnail'><figure class='gallery-item'>\n\t\t\t<div class='gallery-icon landscape'>\n\t\t\t\t<a data-elementor-open-lightbox=\"yes\" data-elementor-lightbox-slideshow=\"b0cb5f7\" data-elementor-lightbox-title=\"grupos-escolares-fonts-10\" data-e-action-hash=\"#elementor-action%3Aaction%3Dlightbox%26settings%3DeyJpZCI6NzcyNjYsInVybCI6Imh0dHBzOlwvXC90bGNkZW5pYS5jb21cL3dwLWNvbnRlbnRcL3VwbG9hZHNcLzIwMjRcLzAxXC9ncnVwb3MtZXNjb2xhcmVzLWZvbnRzLTEwLmpwZyIsInNsaWRlc2hvdyI6ImIwY2I1ZjcifQ%3D%3D\" href='https:\/\/tlcdenia.com\/wp-content\/uploads\/2024\/01\/grupos-escolares-fonts-10.jpg'><img loading=\"lazy\" decoding=\"async\" width=\"150\" height=\"150\" src=\"https:\/\/tlcdenia.com\/wp-content\/uploads\/2024\/01\/grupos-escolares-fonts-10-150x150.jpg\" class=\"attachment-thumbnail size-thumbnail\" alt=\"Grupo escolar en Espa\u00f1a en las cascadas de Fonts de l&#039;Algar\" \/><\/a>\n\t\t\t<\/div><\/figure><figure class='gallery-item'>\n\t\t\t<div class='gallery-icon landscape'>\n\t\t\t\t<a data-elementor-open-lightbox=\"yes\" data-elementor-lightbox-slideshow=\"b0cb5f7\" data-elementor-lightbox-title=\"grupos-escolares-fonts-9\" data-e-action-hash=\"#elementor-action%3Aaction%3Dlightbox%26settings%3DeyJpZCI6NzcyNTgsInVybCI6Imh0dHBzOlwvXC90bGNkZW5pYS5jb21cL3dwLWNvbnRlbnRcL3VwbG9hZHNcLzIwMjRcLzAxXC9ncnVwb3MtZXNjb2xhcmVzLWZvbnRzLTkuanBnIiwic2xpZGVzaG93IjoiYjBjYjVmNyJ9\" href='https:\/\/tlcdenia.com\/wp-content\/uploads\/2024\/01\/grupos-escolares-fonts-9.jpg'><img loading=\"lazy\" decoding=\"async\" width=\"150\" height=\"150\" src=\"https:\/\/tlcdenia.com\/wp-content\/uploads\/2024\/01\/grupos-escolares-fonts-9-150x150.jpg\" class=\"attachment-thumbnail size-thumbnail\" alt=\"Grupo escolar en Espa\u00f1a ba\u00f1\u00e1ndose en Fonts de l&#039;Algar\" \/><\/a>\n\t\t\t<\/div><\/figure><figure class='gallery-item'>\n\t\t\t<div class='gallery-icon landscape'>\n\t\t\t\t<a data-elementor-open-lightbox=\"yes\" data-elementor-lightbox-slideshow=\"b0cb5f7\" data-elementor-lightbox-title=\"grupos-escolares-fonts-7\" data-e-action-hash=\"#elementor-action%3Aaction%3Dlightbox%26settings%3DeyJpZCI6NzcyNDIsInVybCI6Imh0dHBzOlwvXC90bGNkZW5pYS5jb21cL3dwLWNvbnRlbnRcL3VwbG9hZHNcLzIwMjRcLzAxXC9ncnVwb3MtZXNjb2xhcmVzLWZvbnRzLTcuanBnIiwic2xpZGVzaG93IjoiYjBjYjVmNyJ9\" href='https:\/\/tlcdenia.com\/wp-content\/uploads\/2024\/01\/grupos-escolares-fonts-7.jpg'><img loading=\"lazy\" decoding=\"async\" width=\"150\" height=\"150\" src=\"https:\/\/tlcdenia.com\/wp-content\/uploads\/2024\/01\/grupos-escolares-fonts-7-150x150.jpg\" class=\"attachment-thumbnail size-thumbnail\" alt=\"Grupo escolar en Espa\u00f1a ba\u00f1\u00e1ndose en Fonts de l&#039;Algar\" \/><\/a>\n\t\t\t<\/div><\/figure><figure class='gallery-item'>\n\t\t\t<div class='gallery-icon landscape'>\n\t\t\t\t<a data-elementor-open-lightbox=\"yes\" data-elementor-lightbox-slideshow=\"b0cb5f7\" data-elementor-lightbox-title=\"grupos-escolares-fonts-6\" data-e-action-hash=\"#elementor-action%3Aaction%3Dlightbox%26settings%3DeyJpZCI6NzcyMzQsInVybCI6Imh0dHBzOlwvXC90bGNkZW5pYS5jb21cL3dwLWNvbnRlbnRcL3VwbG9hZHNcLzIwMjRcLzAxXC9ncnVwb3MtZXNjb2xhcmVzLWZvbnRzLTYuanBnIiwic2xpZGVzaG93IjoiYjBjYjVmNyJ9\" href='https:\/\/tlcdenia.com\/wp-content\/uploads\/2024\/01\/grupos-escolares-fonts-6.jpg'><img loading=\"lazy\" decoding=\"async\" width=\"150\" height=\"150\" src=\"https:\/\/tlcdenia.com\/wp-content\/uploads\/2024\/01\/grupos-escolares-fonts-6-150x150.jpg\" class=\"attachment-thumbnail size-thumbnail\" alt=\"Cascadas de Fonts de l&#039;Algar, en Espa\u00f1a\" \/><\/a>\n\t\t\t<\/div><\/figure><figure class='gallery-item'>\n\t\t\t<div class='gallery-icon landscape'>\n\t\t\t\t<a data-elementor-open-lightbox=\"yes\" data-elementor-lightbox-slideshow=\"b0cb5f7\" data-elementor-lightbox-title=\"grupos-escolares-fonts-5\" data-e-action-hash=\"#elementor-action%3Aaction%3Dlightbox%26settings%3DeyJpZCI6NzcyMjYsInVybCI6Imh0dHBzOlwvXC90bGNkZW5pYS5jb21cL3dwLWNvbnRlbnRcL3VwbG9hZHNcLzIwMjRcLzAxXC9ncnVwb3MtZXNjb2xhcmVzLWZvbnRzLTUuanBnIiwic2xpZGVzaG93IjoiYjBjYjVmNyJ9\" href='https:\/\/tlcdenia.com\/wp-content\/uploads\/2024\/01\/grupos-escolares-fonts-5.jpg'><img loading=\"lazy\" decoding=\"async\" width=\"150\" height=\"150\" src=\"https:\/\/tlcdenia.com\/wp-content\/uploads\/2024\/01\/grupos-escolares-fonts-5-150x150.jpg\" class=\"attachment-thumbnail size-thumbnail\" alt=\"Grupo escolar en Espa\u00f1a sentados en les Fonts de l&#039;Algar\" \/><\/a>\n\t\t\t<\/div><\/figure><figure class='gallery-item'>\n\t\t\t<div class='gallery-icon landscape'>\n\t\t\t\t<a data-elementor-open-lightbox=\"yes\" data-elementor-lightbox-slideshow=\"b0cb5f7\" data-elementor-lightbox-title=\"grupos-escolares-fonts-4\" data-e-action-hash=\"#elementor-action%3Aaction%3Dlightbox%26settings%3DeyJpZCI6NzcyMTgsInVybCI6Imh0dHBzOlwvXC90bGNkZW5pYS5jb21cL3dwLWNvbnRlbnRcL3VwbG9hZHNcLzIwMjRcLzAxXC9ncnVwb3MtZXNjb2xhcmVzLWZvbnRzLTQuanBnIiwic2xpZGVzaG93IjoiYjBjYjVmNyJ9\" href='https:\/\/tlcdenia.com\/wp-content\/uploads\/2024\/01\/grupos-escolares-fonts-4.jpg'><img loading=\"lazy\" decoding=\"async\" width=\"150\" height=\"150\" src=\"https:\/\/tlcdenia.com\/wp-content\/uploads\/2024\/01\/grupos-escolares-fonts-4-150x150.jpg\" class=\"attachment-thumbnail size-thumbnail\" alt=\"Camino en Fonts de l&#039;Algar, en Espa\u00f1a\" \/><\/a>\n\t\t\t<\/div><\/figure><figure class='gallery-item'>\n\t\t\t<div class='gallery-icon landscape'>\n\t\t\t\t<a data-elementor-open-lightbox=\"yes\" data-elementor-lightbox-slideshow=\"b0cb5f7\" data-elementor-lightbox-title=\"grupos-escolares-fonts-3\" data-e-action-hash=\"#elementor-action%3Aaction%3Dlightbox%26settings%3DeyJpZCI6NzcyMTAsInVybCI6Imh0dHBzOlwvXC90bGNkZW5pYS5jb21cL3dwLWNvbnRlbnRcL3VwbG9hZHNcLzIwMjRcLzAxXC9ncnVwb3MtZXNjb2xhcmVzLWZvbnRzLTMuanBnIiwic2xpZGVzaG93IjoiYjBjYjVmNyJ9\" href='https:\/\/tlcdenia.com\/wp-content\/uploads\/2024\/01\/grupos-escolares-fonts-3.jpg'><img loading=\"lazy\" decoding=\"async\" width=\"150\" height=\"150\" src=\"https:\/\/tlcdenia.com\/wp-content\/uploads\/2024\/01\/grupos-escolares-fonts-3-150x150.jpg\" class=\"attachment-thumbnail size-thumbnail\" alt=\"Grupo escolar en Espa\u00f1a en las cascadas de Fonts de l&#039;Algar\" \/><\/a>\n\t\t\t<\/div><\/figure><figure class='gallery-item'>\n\t\t\t<div class='gallery-icon landscape'>\n\t\t\t\t<a data-elementor-open-lightbox=\"yes\" data-elementor-lightbox-slideshow=\"b0cb5f7\" data-elementor-lightbox-title=\"grupos-escolares-fonts-1\" data-e-action-hash=\"#elementor-action%3Aaction%3Dlightbox%26settings%3DeyJpZCI6NzcyMDIsInVybCI6Imh0dHBzOlwvXC90bGNkZW5pYS5jb21cL3dwLWNvbnRlbnRcL3VwbG9hZHNcLzIwMjRcLzAxXC9ncnVwb3MtZXNjb2xhcmVzLWZvbnRzLTEuanBnIiwic2xpZGVzaG93IjoiYjBjYjVmNyJ9\" href='https:\/\/tlcdenia.com\/wp-content\/uploads\/2024\/01\/grupos-escolares-fonts-1.jpg'><img loading=\"lazy\" decoding=\"async\" width=\"150\" height=\"150\" src=\"https:\/\/tlcdenia.com\/wp-content\/uploads\/2024\/01\/grupos-escolares-fonts-1-150x150.jpg\" class=\"attachment-thumbnail size-thumbnail\" alt=\"Grupo escolar en Espa\u00f1a en Fonts de l&#039;Algar\" \/><\/a>\n\t\t\t<\/div><\/figure>\n\t\t<\/div>\n\t\t<\/div>\n\t\t\t\t\t\t<\/div>\n\t\t\t\t<\/div>\n\t\t\t\t\t<\/div>\n\t\t<\/div>\n\t\t\t\t\t<\/div>\n\t\t<\/section>\n\t\t\t\t<\/div>\n\t\t","protected":false},"excerpt":{"rendered":"<p>Organizamos para nuestros estudiantes una excursi\u00f3n a Les Fonts de l&#8217;Algar, un para\u00edso acu\u00e1tico situado en el interior de la provincia de Alicante. Durante esta excursi\u00f3n tendr\u00e1n la oportunidad de explorar y disfrutar de las impresionantes cascadas y piscinas naturales &hellip; <\/p>\n","protected":false},"author":4,"featured_media":77250,"parent":0,"menu_order":0,"comment_status":"closed","ping_status":"closed","template":"page-templates\/page-spanishcourses.php","meta":{"_acf_changed":false,"footnotes":""},"class_list":["post-71375","page","type-page","status-publish","has-post-thumbnail","hentry"],"acf":[],"yoast_head":"<!-- This site is optimized with the Yoast SEO plugin v26.9 - https:\/\/yoast.com\/product\/yoast-seo-wordpress\/ -->\n<title>Espa\u00f1ol grupos escolares en Espa\u00f1a: Excursi\u00f3n a Fonts de l&#039;Algar<\/title>\n<meta name=\"description\" content=\"Organizamos para nuestros estudiantes de los grupos escolares una excursi\u00f3n a Les Fonts de l&#039;Algar, en Espa\u00f1a.\" \/>\n<meta name=\"robots\" content=\"index, follow, max-snippet:-1, max-image-preview:large, max-video-preview:-1\" \/>\n<link rel=\"canonical\" href=\"https:\/\/tlcdenia.com\/es\/excursion-fonts-de-l-algar-grupos-escolares\/\" \/>\n<meta property=\"og:locale\" content=\"es_ES\" \/>\n<meta property=\"og:type\" content=\"article\" \/>\n<meta property=\"og:title\" content=\"Espa\u00f1ol grupos escolares en Espa\u00f1a: Excursi\u00f3n a Fonts de l&#039;Algar\" \/>\n<meta property=\"og:description\" content=\"Organizamos para nuestros estudiantes de los grupos escolares una excursi\u00f3n a Les Fonts de l&#039;Algar, en Espa\u00f1a.\" \/>\n<meta property=\"og:url\" content=\"https:\/\/tlcdenia.com\/es\/excursion-fonts-de-l-algar-grupos-escolares\/\" \/>\n<meta property=\"og:site_name\" content=\"Escuela TLCd\u00e9nia - Sitio web oficial\" \/>\n<meta property=\"article:modified_time\" content=\"2024-01-30T08:46:08+00:00\" \/>\n<meta property=\"og:image\" content=\"https:\/\/tlcdenia.com\/wp-content\/uploads\/2024\/01\/grupos-escolares-fonts-8.jpg\" \/>\n\t<meta property=\"og:image:width\" content=\"900\" \/>\n\t<meta property=\"og:image:height\" content=\"600\" \/>\n\t<meta property=\"og:image:type\" content=\"image\/jpeg\" \/>\n<meta name=\"twitter:card\" content=\"summary_large_image\" \/>\n<meta name=\"twitter:label1\" content=\"Tiempo de lectura\" \/>\n\t<meta name=\"twitter:data1\" content=\"4 minutos\" \/>\n<script type=\"application\/ld+json\" class=\"yoast-schema-graph\">{\"@context\":\"https:\/\/schema.org\",\"@graph\":[{\"@type\":\"WebPage\",\"@id\":\"https:\/\/tlcdenia.com\/es\/excursion-fonts-de-l-algar-grupos-escolares\/\",\"url\":\"https:\/\/tlcdenia.com\/es\/excursion-fonts-de-l-algar-grupos-escolares\/\",\"name\":\"Espa\u00f1ol grupos escolares en Espa\u00f1a: Excursi\u00f3n a Fonts de l'Algar\",\"isPartOf\":{\"@id\":\"https:\/\/tlcdenia.com\/es\/#website\"},\"primaryImageOfPage\":{\"@id\":\"https:\/\/tlcdenia.com\/es\/excursion-fonts-de-l-algar-grupos-escolares\/#primaryimage\"},\"image\":{\"@id\":\"https:\/\/tlcdenia.com\/es\/excursion-fonts-de-l-algar-grupos-escolares\/#primaryimage\"},\"thumbnailUrl\":\"https:\/\/tlcdenia.com\/wp-content\/uploads\/2024\/01\/grupos-escolares-fonts-8.jpg\",\"datePublished\":\"2024-01-18T11:16:48+00:00\",\"dateModified\":\"2024-01-30T08:46:08+00:00\",\"description\":\"Organizamos para nuestros estudiantes de los grupos escolares una excursi\u00f3n a Les Fonts de l'Algar, en Espa\u00f1a.\",\"breadcrumb\":{\"@id\":\"https:\/\/tlcdenia.com\/es\/excursion-fonts-de-l-algar-grupos-escolares\/#breadcrumb\"},\"inLanguage\":\"es\",\"potentialAction\":[{\"@type\":\"ReadAction\",\"target\":[\"https:\/\/tlcdenia.com\/es\/excursion-fonts-de-l-algar-grupos-escolares\/\"]}]},{\"@type\":\"ImageObject\",\"inLanguage\":\"es\",\"@id\":\"https:\/\/tlcdenia.com\/es\/excursion-fonts-de-l-algar-grupos-escolares\/#primaryimage\",\"url\":\"https:\/\/tlcdenia.com\/wp-content\/uploads\/2024\/01\/grupos-escolares-fonts-8.jpg\",\"contentUrl\":\"https:\/\/tlcdenia.com\/wp-content\/uploads\/2024\/01\/grupos-escolares-fonts-8.jpg\",\"width\":900,\"height\":600,\"caption\":\"Grupo escolar en Espa\u00f1a en las cascadas de Fonts de l'Algar\"},{\"@type\":\"BreadcrumbList\",\"@id\":\"https:\/\/tlcdenia.com\/es\/excursion-fonts-de-l-algar-grupos-escolares\/#breadcrumb\",\"itemListElement\":[{\"@type\":\"ListItem\",\"position\":1,\"name\":\"Home\",\"item\":\"https:\/\/tlcdenia.com\/es\/\"},{\"@type\":\"ListItem\",\"position\":2,\"name\":\"Excursi\u00f3n a Fonts de l&#8217;Algar para grupos escolares\"}]},{\"@type\":\"WebSite\",\"@id\":\"https:\/\/tlcdenia.com\/es\/#website\",\"url\":\"https:\/\/tlcdenia.com\/es\/\",\"name\":\"Escuela TLCd\u00e9nia - Sitio web oficial\",\"description\":\"Languages Center\",\"potentialAction\":[{\"@type\":\"SearchAction\",\"target\":{\"@type\":\"EntryPoint\",\"urlTemplate\":\"https:\/\/tlcdenia.com\/es\/?s={search_term_string}\"},\"query-input\":{\"@type\":\"PropertyValueSpecification\",\"valueRequired\":true,\"valueName\":\"search_term_string\"}}],\"inLanguage\":\"es\"}]}<\/script>\n<!-- \/ Yoast SEO plugin. -->","yoast_head_json":{"title":"Espa\u00f1ol grupos escolares en Espa\u00f1a: Excursi\u00f3n a Fonts de l'Algar","description":"Organizamos para nuestros estudiantes de los grupos escolares una excursi\u00f3n a Les Fonts de l'Algar, en Espa\u00f1a.","robots":{"index":"index","follow":"follow","max-snippet":"max-snippet:-1","max-image-preview":"max-image-preview:large","max-video-preview":"max-video-preview:-1"},"canonical":"https:\/\/tlcdenia.com\/es\/excursion-fonts-de-l-algar-grupos-escolares\/","og_locale":"es_ES","og_type":"article","og_title":"Espa\u00f1ol grupos escolares en Espa\u00f1a: Excursi\u00f3n a Fonts de l'Algar","og_description":"Organizamos para nuestros estudiantes de los grupos escolares una excursi\u00f3n a Les Fonts de l'Algar, en Espa\u00f1a.","og_url":"https:\/\/tlcdenia.com\/es\/excursion-fonts-de-l-algar-grupos-escolares\/","og_site_name":"Escuela TLCd\u00e9nia - Sitio web oficial","article_modified_time":"2024-01-30T08:46:08+00:00","og_image":[{"width":900,"height":600,"url":"https:\/\/tlcdenia.com\/wp-content\/uploads\/2024\/01\/grupos-escolares-fonts-8.jpg","type":"image\/jpeg"}],"twitter_card":"summary_large_image","twitter_misc":{"Tiempo de lectura":"4 minutos"},"schema":{"@context":"https:\/\/schema.org","@graph":[{"@type":"WebPage","@id":"https:\/\/tlcdenia.com\/es\/excursion-fonts-de-l-algar-grupos-escolares\/","url":"https:\/\/tlcdenia.com\/es\/excursion-fonts-de-l-algar-grupos-escolares\/","name":"Espa\u00f1ol grupos escolares en Espa\u00f1a: Excursi\u00f3n a Fonts de l'Algar","isPartOf":{"@id":"https:\/\/tlcdenia.com\/es\/#website"},"primaryImageOfPage":{"@id":"https:\/\/tlcdenia.com\/es\/excursion-fonts-de-l-algar-grupos-escolares\/#primaryimage"},"image":{"@id":"https:\/\/tlcdenia.com\/es\/excursion-fonts-de-l-algar-grupos-escolares\/#primaryimage"},"thumbnailUrl":"https:\/\/tlcdenia.com\/wp-content\/uploads\/2024\/01\/grupos-escolares-fonts-8.jpg","datePublished":"2024-01-18T11:16:48+00:00","dateModified":"2024-01-30T08:46:08+00:00","description":"Organizamos para nuestros estudiantes de los grupos escolares una excursi\u00f3n a Les Fonts de l'Algar, en Espa\u00f1a.","breadcrumb":{"@id":"https:\/\/tlcdenia.com\/es\/excursion-fonts-de-l-algar-grupos-escolares\/#breadcrumb"},"inLanguage":"es","potentialAction":[{"@type":"ReadAction","target":["https:\/\/tlcdenia.com\/es\/excursion-fonts-de-l-algar-grupos-escolares\/"]}]},{"@type":"ImageObject","inLanguage":"es","@id":"https:\/\/tlcdenia.com\/es\/excursion-fonts-de-l-algar-grupos-escolares\/#primaryimage","url":"https:\/\/tlcdenia.com\/wp-content\/uploads\/2024\/01\/grupos-escolares-fonts-8.jpg","contentUrl":"https:\/\/tlcdenia.com\/wp-content\/uploads\/2024\/01\/grupos-escolares-fonts-8.jpg","width":900,"height":600,"caption":"Grupo escolar en Espa\u00f1a en las cascadas de Fonts de l'Algar"},{"@type":"BreadcrumbList","@id":"https:\/\/tlcdenia.com\/es\/excursion-fonts-de-l-algar-grupos-escolares\/#breadcrumb","itemListElement":[{"@type":"ListItem","position":1,"name":"Home","item":"https:\/\/tlcdenia.com\/es\/"},{"@type":"ListItem","position":2,"name":"Excursi\u00f3n a Fonts de l&#8217;Algar para grupos escolares"}]},{"@type":"WebSite","@id":"https:\/\/tlcdenia.com\/es\/#website","url":"https:\/\/tlcdenia.com\/es\/","name":"Escuela TLCd\u00e9nia - Sitio web oficial","description":"Languages Center","potentialAction":[{"@type":"SearchAction","target":{"@type":"EntryPoint","urlTemplate":"https:\/\/tlcdenia.com\/es\/?s={search_term_string}"},"query-input":{"@type":"PropertyValueSpecification","valueRequired":true,"valueName":"search_term_string"}}],"inLanguage":"es"}]}},"_links":{"self":[{"href":"https:\/\/tlcdenia.com\/es\/wp-json\/wp\/v2\/pages\/71375","targetHints":{"allow":["GET"]}}],"collection":[{"href":"https:\/\/tlcdenia.com\/es\/wp-json\/wp\/v2\/pages"}],"about":[{"href":"https:\/\/tlcdenia.com\/es\/wp-json\/wp\/v2\/types\/page"}],"author":[{"embeddable":true,"href":"https:\/\/tlcdenia.com\/es\/wp-json\/wp\/v2\/users\/4"}],"replies":[{"embeddable":true,"href":"https:\/\/tlcdenia.com\/es\/wp-json\/wp\/v2\/comments?post=71375"}],"version-history":[{"count":26,"href":"https:\/\/tlcdenia.com\/es\/wp-json\/wp\/v2\/pages\/71375\/revisions"}],"predecessor-version":[{"id":79237,"href":"https:\/\/tlcdenia.com\/es\/wp-json\/wp\/v2\/pages\/71375\/revisions\/79237"}],"wp:featuredmedia":[{"embeddable":true,"href":"https:\/\/tlcdenia.com\/es\/wp-json\/wp\/v2\/media\/77250"}],"wp:attachment":[{"href":"https:\/\/tlcdenia.com\/es\/wp-json\/wp\/v2\/media?parent=71375"}],"curies":[{"name":"wp","href":"https:\/\/api.w.org\/{rel}","templated":true}]}}