{"id":49780,"date":"2023-07-25T08:55:38","date_gmt":"2023-07-25T08:55:38","guid":{"rendered":"https:\/\/tlcdenia.xyz\/cursos-de-ingles-en-denia-para-adultos\/"},"modified":"2023-07-25T08:56:15","modified_gmt":"2023-07-25T08:56:15","slug":"cursos-de-ingles-en-denia-para-adultos","status":"publish","type":"page","link":"https:\/\/tlcdenia.com\/es\/cursos-de-ingles-en-denia-para-adultos\/","title":{"rendered":"Cursos de ingl\u00e9s en D\u00e9nia para adultos"},"content":{"rendered":"<h2>CURSOS DE INGL\u00c9S EN D\u00c9NIA: INGL\u00c9S PARA ADULTOS<\/h2>\n<h4 style=\"text-align: center;\"><strong>\u00a1MATR\u00cdCULA ABIERTA! RESERVA TU PLAZA<\/strong><\/h4>\n<p style=\"text-align: center;\">Ofrecemos cursos de ingl\u00e9s en Denia para adultos. Nuestra academia se sit\u00faa en el cetro de Denia.<\/p>\n<p style=\"text-align: center;\">Con nosotros aprender\u00e1s ingl\u00e9s de manera eficaz y en peque\u00f1os grupos muy personalizados.<\/p>\n<h2>\u00bfqU\u00c9 OFRECEMOS?<\/h2>\n<p><img fetchpriority=\"high\" decoding=\"async\" src=\"https:\/\/tlcdenia.com\/wp-content\/uploads\/2023\/07\/cursos-de-ingles-en-denia.png\" sizes=\"(max-width: 600px) 100vw, 600px\" srcset=\"https:\/\/tlcdenia.com\/wp-content\/uploads\/2023\/07\/cursos-de-ingles-en-denia.png 600w, https:\/\/tlcdenia.com\/wp-content\/uploads\/2023\/07\/cursos-de-ingles-en-denia-300x212.png 300w\" alt=\"cursos de ingles en denia\" width=\"600\" height=\"424\" \/><\/p>\n<p>Ofrecemos cursos de ingl\u00e9s general de diferentes niveles de A1 a B2 y si quieres, puedes hacer una clase de preparaci\u00f3n de ex\u00e1menes oficiales de Cambridge y ex\u00e1menes de la EOI (Escuela Oficial de Idiomas).<\/p>\n<p><a role=\"button\" href=\"\/contacto\/\"><br \/>\nCONT\u00c1CTANOS<br \/>\n<\/a><\/p>\n<h3>qu\u00e9 incluye:<\/h3>\n<p><strong>Cursos generales de ingl\u00e9s<\/strong> por niveles:<\/p>\n<p>En nuestros cursos de ingl\u00e9s <strong style=\"text-align: justify;\">trabajamos todas las destrezas<\/strong>\u00a0del idioma: comprensi\u00f3n lectora (<em style=\"text-align: justify;\">Reading<\/em>), comprensi\u00f3n auditiva (<em style=\"text-align: justify;\">Listening<\/em>), expresi\u00f3n oral (S<em style=\"text-align: justify;\">peaking<\/em>) y expresi\u00f3n escrita (<em style=\"text-align: justify;\">Writing<\/em>).<br \/>\nTodo el <b>material incluido.<br \/>\n<\/b>Libros de<strong style=\"text-align: justify;\"> lectura <\/strong>de ingl\u00e9s de pr\u00e9stamo.<\/p>\n<p style=\"text-align: left;\"><strong>Fecha de inicio de los cursos:<\/strong>\u00a027 de septiembre 2021 a junio 2022<br \/>\n<em>(*Existe la posibilidad de incorporarse m\u00e1s tarde, cons\u00faltanos)\u00a0<\/em><\/p>\n<p><a role=\"button\" href=\"https:\/\/tlcdenia.com\/es\/contacto\/\" target=\"_blank\" rel=\"noopener noreferrer\"><br \/>\nINSCRIPCI\u00d3N AQU\u00cd<br \/>\n<\/a><br \/>\n<img decoding=\"async\" src=\"https:\/\/tlcdenia.com\/wp-content\/uploads\/2023\/07\/cursos-ingles-denia.png\" sizes=\"(max-width: 600px) 100vw, 600px\" srcset=\"https:\/\/tlcdenia.com\/wp-content\/uploads\/2023\/07\/cursos-ingles-denia.png 600w, https:\/\/tlcdenia.com\/wp-content\/uploads\/2023\/07\/cursos-ingles-denia-300x199.png 300w\" alt=\"Estudiantes en clase de ingl\u00e9s\" width=\"600\" height=\"397\" \/><\/p>\n<h3>inscripci\u00f3n:<\/h3>\n<p style=\"text-align: left;\"><strong>1. Inscr\u00edbete<\/strong> en nuestro centro o rellenando el formulario web: <a title=\"Cursos de ingl\u00e9s en Denia\" href=\"\/disponibilidad\/\" target=\"_blank\" rel=\"noopener noreferrer\">inscripci\u00f3n cursos de ingl\u00e9s en Denia<\/a>. Haz nuestro <strong>test de nivel.<\/strong><\/p>\n<p><strong>2. Te asesoramos<\/strong> sobre qu\u00e9 clases te convienen seg\u00fan tu nivel.<\/p>\n<p><strong>3. Ven y disfruta<\/strong> mejorando tu ingl\u00e9s<\/p>\n<p><a role=\"button\" href=\"https:\/\/tlcdenia.com\/es\/contacto\/\" target=\"_blank\" rel=\"noopener noreferrer\"><br \/>\nINSCRIPCI\u00d3N AQU\u00cd<br \/>\n<\/a><br \/>\n<img decoding=\"async\" src=\"https:\/\/tlcdenia.com\/wp-content\/uploads\/2023\/07\/Curso-ingles-denia-300x261.png\" sizes=\"(max-width: 300px) 100vw, 300px\" srcset=\"https:\/\/tlcdenia.com\/wp-content\/uploads\/2023\/07\/Curso-ingles-denia-300x261.png 300w, https:\/\/tlcdenia.com\/wp-content\/uploads\/2023\/07\/Curso-ingles-denia.png 328w\" alt=\"Curso ingles denia\" width=\"300\" height=\"261\" \/><\/p>\n<h3>PRECIOS:*<\/h3>\n<table style=\"width: 70%;\" border=\"0\" align=\"center\">\n<tbody>\n<tr>\n<td style=\"text-align: center; border: 1px solid #0480b6; background-color: #0480b6;\" colspan=\"3\"><strong>CURSOS DE INGL\u00c9S EN DENIA<\/strong><\/td>\n<\/tr>\n<tr>\n<td style=\"border: 1px solid #0480b6; text-align: center; background-color: #90c7de;\"><strong> <strong>1er trimestre<\/strong><\/strong><\/td>\n<td style=\"border: 1px solid #0480b6; text-align: center;\">195 \u20ac<\/td>\n<td style=\"border: 1px solid #0480b6; text-align: center;\">De 26 de septiembre a 22 de diciembre 2022<\/td>\n<\/tr>\n<tr>\n<td style=\"border: 1px solid #0480b6; text-align: center; background-color: #90c7de;\"><strong><strong><strong>2\u00ba trimestre<\/strong><\/strong><\/strong><\/td>\n<td style=\"border: 1px solid #0480b6; text-align: center;\">195 \u20ac<\/td>\n<td style=\"border: 1px solid #0480b6; text-align: center;\">De 9 de enero a 30 de marzo 2023<\/td>\n<\/tr>\n<tr>\n<td style=\"border: 1px solid #0480b6; text-align: center; background-color: #90c7de;\"><strong> <strong><strong><strong>3er trimestre<\/strong><\/strong><\/strong><\/strong><\/td>\n<td style=\"border: 1px solid #0480b6; text-align: center;\">195 \u20ac<\/td>\n<td style=\"border: 1px solid #0480b6; text-align: center;\">De 1 abril a 22 junio de 2023<\/td>\n<\/tr>\n<tr>\n<td style=\"border: 1px solid #0480b6; text-align: center; background-color: #0480b6;\" colspan=\"3\"><\/td>\n<\/tr>\n<tr>\n<td style=\"border: 1px solid #0480b6; text-align: left; padding-left: 30px;\" colspan=\"3\">Pago mensual: 70 \u20ac \/ mes<\/td>\n<\/tr>\n<\/tbody>\n<\/table>\n<p>*Los grupos requieren de un m\u00ednimo de 5 estudiantes.<\/p>\n<h3>METODOLOG\u00cdA DE LOS CURSOS DE INGL\u00c9S:<\/h3>\n<p style=\"text-align: justify;\">Nuestra metodolog\u00eda de ense\u00f1anza de ingl\u00e9s se fundamenta en el <strong style=\"text-align: justify;\">enfoque comunicativo<\/strong>. El objetivo que perseguimos consiste en que el alumno pueda llegar a utilizar correctamente el nuevo idioma en cualquier situaci\u00f3n. Por eso, adem\u00e1s de ense\u00f1ar <strong style=\"text-align: justify;\">estructuras gramaticales o ling\u00fc\u00edsticas<\/strong>, incidimos en la necesidad de adquirir una competencia comunicativa.<\/p>\n<p style=\"text-align: justify;\">Utilizamos <strong>contenidos estructurados en varios niveles seg\u00fan los requerimientos del Marco de referencia europeo<\/strong>. Las clases son din\u00e1micas e inciden en el aprendizaje de las cuatro habilidades del ingl\u00e9s: <strong>comprensi\u00f3n lectora, comprensi\u00f3n auditiva, expresi\u00f3n oral y expresi\u00f3n escrita.<\/strong><\/p>\n<p><img loading=\"lazy\" decoding=\"async\" src=\"https:\/\/tlcdenia.com\/wp-content\/uploads\/2023\/07\/academia-ingles-denia.png\" sizes=\"(max-width: 600px) 100vw, 600px\" srcset=\"https:\/\/tlcdenia.com\/wp-content\/uploads\/2023\/07\/academia-ingles-denia.png 600w, https:\/\/tlcdenia.com\/wp-content\/uploads\/sites\/3\/2020\/04\/academia-ingl\u00e9s-denia-300x200.png 300w\" alt=\"Estudiante en la academia de ingl\u00e9s TLCd\u00e9nia\" width=\"600\" height=\"399\" \/><\/p>\n<h3>C\u00d3MO APROVECHAR AL M\u00c1XIMO LOS CURSOS DE INGL\u00c9S<\/h3>\n<p><img loading=\"lazy\" decoding=\"async\" src=\"https:\/\/tlcdenia.com\/wp-content\/uploads\/2023\/07\/ingles-adultos-denia-300x261.png\" sizes=\"(max-width: 300px) 100vw, 300px\" srcset=\"https:\/\/tlcdenia.com\/wp-content\/uploads\/2023\/07\/ingles-adultos-denia-300x261.png 300w, https:\/\/tlcdenia.com\/wp-content\/uploads\/2023\/07\/ingles-adultos-denia.png 328w\" alt=\"Frase sobre el aprendizaje la academia de ingl\u00e9s\" width=\"300\" height=\"261\" \/><\/p>\n<p style=\"text-align: justify;\">&#8211; Asiste regularmente<br \/>\n&#8211; Practica ingl\u00e9s fuera de clase (en nuestro intercambio de idiomas)<br \/>\n&#8211; Aprovecha los libros de pr\u00e9stamo de nuestra biblioteca<br \/>\n&#8211; Asiste a la preparaci\u00f3n de examen (aunque no quieras presentarte, es una sesi\u00f3n que te ayudar\u00e1 a mejorar tu ingl\u00e9s).<br \/>\n&#8211; Revisa lo aprendido en clase (lo asimilar\u00e1s mejor).<\/p>\n<p>\u00a1Mucho \u00e1nimo con tu ingl\u00e9s!<\/p>\n<p>S\u00edguenos en Facebook:\u00a0<a title=\"Escuela de espa\u00f1ol e ingl\u00e9s en Denia\" href=\"https:\/\/www.facebook.com\/tlcdenia\/\" target=\"_blank\" rel=\"noopener noreferrer\">TLCdenia en Facebook<\/a><\/p>\n","protected":false},"excerpt":{"rendered":"<p>CURSOS DE INGL\u00c9S EN D\u00c9NIA: INGL\u00c9S PARA ADULTOS \u00a1MATR\u00cdCULA ABIERTA! RESERVA TU PLAZA Ofrecemos cursos de ingl\u00e9s en Denia para adultos. Nuestra academia se sit\u00faa en el cetro de Denia. Con nosotros aprender\u00e1s ingl\u00e9s de manera eficaz y en peque\u00f1os &hellip; <\/p>\n","protected":false},"author":2,"featured_media":49781,"parent":0,"menu_order":0,"comment_status":"open","ping_status":"closed","template":"","meta":{"_acf_changed":false,"footnotes":""},"class_list":["post-49780","page","type-page","status-publish","has-post-thumbnail","hentry"],"acf":[],"yoast_head":"<!-- This site is optimized with the Yoast SEO plugin v26.9 - https:\/\/yoast.com\/product\/yoast-seo-wordpress\/ -->\n<title>Cursos de ingl\u00e9s en D\u00e9nia para adultos - Escuela TLCd\u00e9nia - Sitio web oficial<\/title>\n<meta name=\"robots\" content=\"index, follow, max-snippet:-1, max-image-preview:large, max-video-preview:-1\" \/>\n<link rel=\"canonical\" href=\"https:\/\/tlcdenia.com\/es\/cursos-de-ingles-en-denia-para-adultos\/\" \/>\n<meta property=\"og:locale\" content=\"es_ES\" \/>\n<meta property=\"og:type\" content=\"article\" \/>\n<meta property=\"og:title\" content=\"Cursos de ingl\u00e9s en D\u00e9nia para adultos - Escuela TLCd\u00e9nia - Sitio web oficial\" \/>\n<meta property=\"og:description\" content=\"CURSOS DE INGL\u00c9S EN D\u00c9NIA: INGL\u00c9S PARA ADULTOS \u00a1MATR\u00cdCULA ABIERTA! RESERVA TU PLAZA Ofrecemos cursos de ingl\u00e9s en Denia para adultos. Nuestra academia se sit\u00faa en el cetro de Denia. Con nosotros aprender\u00e1s ingl\u00e9s de manera eficaz y en peque\u00f1os &hellip;\" \/>\n<meta property=\"og:url\" content=\"https:\/\/tlcdenia.com\/es\/cursos-de-ingles-en-denia-para-adultos\/\" \/>\n<meta property=\"og:site_name\" content=\"Escuela TLCd\u00e9nia - Sitio web oficial\" \/>\n<meta property=\"article:modified_time\" content=\"2023-07-25T08:56:15+00:00\" \/>\n<meta property=\"og:image\" content=\"https:\/\/tlcdenia.com\/wp-content\/uploads\/2023\/07\/cursos-de-ingles-en-denia.png\" \/>\n\t<meta property=\"og:image:width\" content=\"600\" \/>\n\t<meta property=\"og:image:height\" content=\"424\" \/>\n\t<meta property=\"og:image:type\" content=\"image\/png\" \/>\n<meta name=\"twitter:card\" content=\"summary_large_image\" \/>\n<meta name=\"twitter:label1\" content=\"Tiempo de lectura\" \/>\n\t<meta name=\"twitter:data1\" content=\"2 minutos\" \/>\n<script type=\"application\/ld+json\" class=\"yoast-schema-graph\">{\"@context\":\"https:\/\/schema.org\",\"@graph\":[{\"@type\":\"WebPage\",\"@id\":\"https:\/\/tlcdenia.com\/es\/cursos-de-ingles-en-denia-para-adultos\/\",\"url\":\"https:\/\/tlcdenia.com\/es\/cursos-de-ingles-en-denia-para-adultos\/\",\"name\":\"Cursos de ingl\u00e9s en D\u00e9nia para adultos - Escuela TLCd\u00e9nia - Sitio web oficial\",\"isPartOf\":{\"@id\":\"https:\/\/tlcdenia.com\/es\/#website\"},\"primaryImageOfPage\":{\"@id\":\"https:\/\/tlcdenia.com\/es\/cursos-de-ingles-en-denia-para-adultos\/#primaryimage\"},\"image\":{\"@id\":\"https:\/\/tlcdenia.com\/es\/cursos-de-ingles-en-denia-para-adultos\/#primaryimage\"},\"thumbnailUrl\":\"https:\/\/tlcdenia.com\/wp-content\/uploads\/2023\/07\/cursos-de-ingles-en-denia.png\",\"datePublished\":\"2023-07-25T08:55:38+00:00\",\"dateModified\":\"2023-07-25T08:56:15+00:00\",\"breadcrumb\":{\"@id\":\"https:\/\/tlcdenia.com\/es\/cursos-de-ingles-en-denia-para-adultos\/#breadcrumb\"},\"inLanguage\":\"es\",\"potentialAction\":[{\"@type\":\"ReadAction\",\"target\":[\"https:\/\/tlcdenia.com\/es\/cursos-de-ingles-en-denia-para-adultos\/\"]}]},{\"@type\":\"ImageObject\",\"inLanguage\":\"es\",\"@id\":\"https:\/\/tlcdenia.com\/es\/cursos-de-ingles-en-denia-para-adultos\/#primaryimage\",\"url\":\"https:\/\/tlcdenia.com\/wp-content\/uploads\/2023\/07\/cursos-de-ingles-en-denia.png\",\"contentUrl\":\"https:\/\/tlcdenia.com\/wp-content\/uploads\/2023\/07\/cursos-de-ingles-en-denia.png\",\"width\":600,\"height\":424},{\"@type\":\"BreadcrumbList\",\"@id\":\"https:\/\/tlcdenia.com\/es\/cursos-de-ingles-en-denia-para-adultos\/#breadcrumb\",\"itemListElement\":[{\"@type\":\"ListItem\",\"position\":1,\"name\":\"Home\",\"item\":\"https:\/\/tlcdenia.com\/es\/\"},{\"@type\":\"ListItem\",\"position\":2,\"name\":\"Cursos de ingl\u00e9s en D\u00e9nia para adultos\"}]},{\"@type\":\"WebSite\",\"@id\":\"https:\/\/tlcdenia.com\/es\/#website\",\"url\":\"https:\/\/tlcdenia.com\/es\/\",\"name\":\"Escuela TLCd\u00e9nia - Sitio web oficial\",\"description\":\"Languages Center\",\"potentialAction\":[{\"@type\":\"SearchAction\",\"target\":{\"@type\":\"EntryPoint\",\"urlTemplate\":\"https:\/\/tlcdenia.com\/es\/?s={search_term_string}\"},\"query-input\":{\"@type\":\"PropertyValueSpecification\",\"valueRequired\":true,\"valueName\":\"search_term_string\"}}],\"inLanguage\":\"es\"}]}<\/script>\n<!-- \/ Yoast SEO plugin. -->","yoast_head_json":{"title":"Cursos de ingl\u00e9s en D\u00e9nia para adultos - Escuela TLCd\u00e9nia - Sitio web oficial","robots":{"index":"index","follow":"follow","max-snippet":"max-snippet:-1","max-image-preview":"max-image-preview:large","max-video-preview":"max-video-preview:-1"},"canonical":"https:\/\/tlcdenia.com\/es\/cursos-de-ingles-en-denia-para-adultos\/","og_locale":"es_ES","og_type":"article","og_title":"Cursos de ingl\u00e9s en D\u00e9nia para adultos - Escuela TLCd\u00e9nia - Sitio web oficial","og_description":"CURSOS DE INGL\u00c9S EN D\u00c9NIA: INGL\u00c9S PARA ADULTOS \u00a1MATR\u00cdCULA ABIERTA! RESERVA TU PLAZA Ofrecemos cursos de ingl\u00e9s en Denia para adultos. Nuestra academia se sit\u00faa en el cetro de Denia. Con nosotros aprender\u00e1s ingl\u00e9s de manera eficaz y en peque\u00f1os &hellip;","og_url":"https:\/\/tlcdenia.com\/es\/cursos-de-ingles-en-denia-para-adultos\/","og_site_name":"Escuela TLCd\u00e9nia - Sitio web oficial","article_modified_time":"2023-07-25T08:56:15+00:00","og_image":[{"width":600,"height":424,"url":"https:\/\/tlcdenia.com\/wp-content\/uploads\/2023\/07\/cursos-de-ingles-en-denia.png","type":"image\/png"}],"twitter_card":"summary_large_image","twitter_misc":{"Tiempo de lectura":"2 minutos"},"schema":{"@context":"https:\/\/schema.org","@graph":[{"@type":"WebPage","@id":"https:\/\/tlcdenia.com\/es\/cursos-de-ingles-en-denia-para-adultos\/","url":"https:\/\/tlcdenia.com\/es\/cursos-de-ingles-en-denia-para-adultos\/","name":"Cursos de ingl\u00e9s en D\u00e9nia para adultos - Escuela TLCd\u00e9nia - Sitio web oficial","isPartOf":{"@id":"https:\/\/tlcdenia.com\/es\/#website"},"primaryImageOfPage":{"@id":"https:\/\/tlcdenia.com\/es\/cursos-de-ingles-en-denia-para-adultos\/#primaryimage"},"image":{"@id":"https:\/\/tlcdenia.com\/es\/cursos-de-ingles-en-denia-para-adultos\/#primaryimage"},"thumbnailUrl":"https:\/\/tlcdenia.com\/wp-content\/uploads\/2023\/07\/cursos-de-ingles-en-denia.png","datePublished":"2023-07-25T08:55:38+00:00","dateModified":"2023-07-25T08:56:15+00:00","breadcrumb":{"@id":"https:\/\/tlcdenia.com\/es\/cursos-de-ingles-en-denia-para-adultos\/#breadcrumb"},"inLanguage":"es","potentialAction":[{"@type":"ReadAction","target":["https:\/\/tlcdenia.com\/es\/cursos-de-ingles-en-denia-para-adultos\/"]}]},{"@type":"ImageObject","inLanguage":"es","@id":"https:\/\/tlcdenia.com\/es\/cursos-de-ingles-en-denia-para-adultos\/#primaryimage","url":"https:\/\/tlcdenia.com\/wp-content\/uploads\/2023\/07\/cursos-de-ingles-en-denia.png","contentUrl":"https:\/\/tlcdenia.com\/wp-content\/uploads\/2023\/07\/cursos-de-ingles-en-denia.png","width":600,"height":424},{"@type":"BreadcrumbList","@id":"https:\/\/tlcdenia.com\/es\/cursos-de-ingles-en-denia-para-adultos\/#breadcrumb","itemListElement":[{"@type":"ListItem","position":1,"name":"Home","item":"https:\/\/tlcdenia.com\/es\/"},{"@type":"ListItem","position":2,"name":"Cursos de ingl\u00e9s en D\u00e9nia para adultos"}]},{"@type":"WebSite","@id":"https:\/\/tlcdenia.com\/es\/#website","url":"https:\/\/tlcdenia.com\/es\/","name":"Escuela TLCd\u00e9nia - Sitio web oficial","description":"Languages Center","potentialAction":[{"@type":"SearchAction","target":{"@type":"EntryPoint","urlTemplate":"https:\/\/tlcdenia.com\/es\/?s={search_term_string}"},"query-input":{"@type":"PropertyValueSpecification","valueRequired":true,"valueName":"search_term_string"}}],"inLanguage":"es"}]}},"_links":{"self":[{"href":"https:\/\/tlcdenia.com\/es\/wp-json\/wp\/v2\/pages\/49780","targetHints":{"allow":["GET"]}}],"collection":[{"href":"https:\/\/tlcdenia.com\/es\/wp-json\/wp\/v2\/pages"}],"about":[{"href":"https:\/\/tlcdenia.com\/es\/wp-json\/wp\/v2\/types\/page"}],"author":[{"embeddable":true,"href":"https:\/\/tlcdenia.com\/es\/wp-json\/wp\/v2\/users\/2"}],"replies":[{"embeddable":true,"href":"https:\/\/tlcdenia.com\/es\/wp-json\/wp\/v2\/comments?post=49780"}],"version-history":[{"count":1,"href":"https:\/\/tlcdenia.com\/es\/wp-json\/wp\/v2\/pages\/49780\/revisions"}],"predecessor-version":[{"id":49811,"href":"https:\/\/tlcdenia.com\/es\/wp-json\/wp\/v2\/pages\/49780\/revisions\/49811"}],"wp:featuredmedia":[{"embeddable":true,"href":"https:\/\/tlcdenia.com\/es\/wp-json\/wp\/v2\/media\/49781"}],"wp:attachment":[{"href":"https:\/\/tlcdenia.com\/es\/wp-json\/wp\/v2\/media?parent=49780"}],"curies":[{"name":"wp","href":"https:\/\/api.w.org\/{rel}","templated":true}]}}