{"id":47332,"date":"2023-07-25T08:46:47","date_gmt":"2023-07-25T08:46:47","guid":{"rendered":"https:\/\/tlcdenia.xyz\/spanish-courses-dele-exam-preparation\/"},"modified":"2023-07-25T08:47:09","modified_gmt":"2023-07-25T08:47:09","slug":"spanish-courses-dele-exam-preparation","status":"publish","type":"page","link":"https:\/\/tlcdenia.com\/es\/spanish-courses-dele-exam-preparation\/","title":{"rendered":"Spanish courses &#8211; DELE Exam Preparation"},"content":{"rendered":"<p class=\"h2\" id=\"Layer17\" style=\"text-align: justify;\"><span class=\"h5\">If you would like an official certificate showing your level of Spanish, then why not sit a DELE diploma exam?<\/span><\/p>\n<p style=\"text-align: justify;\">DELE Diplomas are certified by the Instituto Cervantes and they are recognised all over the world.<\/p>\n<p style=\"text-align: justify;\">Our <strong>exam preparation courses<\/strong> focus on teaching students the techniques necessary to pass by studying past exam papers.<\/p>\n<h2><strong>REGISTRATION FOR DELE EXAMS:<\/strong><\/h2>\n<p>&#8211; DELE REGISTRATION is online: <a title=\"DELE exams\" href=\"https:\/\/examenes.cervantes.es\/\" target=\"_blank\" rel=\"noopener noreferrer\">REGISTER HERE<\/a><\/p>\n<div style=\"text-align: center;\"><iframe src=\"https:\/\/drive.google.com\/file\/d\/0B7cDhxs81T-0eGdYWVpzRE1NQWM\/preview\" height=\"225\" width=\"400\" allowfullscreen=\"\" frameborder=\"0\"><\/iframe><\/div>\n<p>&nbsp;<\/p>\n<h2><strong>DELE EXAMS PREPARATION COURSES<\/strong><\/h2>\n<div class=\"textosspanishcourses\">\n<h2><strong>DELE PREPARATION COURSE INTENSIVE 20 +5<\/strong><\/h2>\n<p style=\"text-align: justify;\">20 General Spanish lessons + 5 private lessons DELE exam preparation.<br \/>\n<strong>N\u00ba of students (in the group):<\/strong>\u00a010 maximum\/ Average: from 3 to 5 students<br \/>\n<strong>Levels:<\/strong> A1-C2<br \/>\n<strong>Start date:<\/strong> every Monday<br \/>\n<strong><br \/>\nMethodology<\/strong>: This is a very complete course that combines general Spanish lessons with DELE exam preparation classes.<\/p>\n<p style=\"text-align: justify;\">The general Spanish lessons cover grammar, vocabulary and various activities to practise the language in all areas. The DELE exam preparation lessons concentrate on studying past exam papers and exam technique.<\/p>\n<\/div>\n<div class=\"tablaspanishcourses\">\n<table border=\"0\">\n<tbody>\n<tr>\n<td style=\"border: 1px solid #0480b6; text-align: center; background-color: #0480b6;\" colspan=\"2\"><span style=\"font-size: x-small;\"><strong><span style=\"color: #ffffff;\"><span class=\"cfinput\">DELE PREPARATION COURSES 20 + 5<\/span><\/span><\/strong><\/span><\/td>\n<\/tr>\n<tr>\n<td style=\"border: 1px solid #0480b6; text-align: center; background-color: #90c7de;\"><span style=\"font-size: x-small;\"><strong>1 week<\/strong><\/span><\/td>\n<td style=\"border: 1px solid #0480b6; text-align: center;\"><span style=\"font-size: x-small;\">290 \u20ac<\/span><\/td>\n<\/tr>\n<tr>\n<td style=\"border: 1px solid #0480b6; text-align: center; background-color: #90c7de;\"><span style=\"font-size: x-small;\"><strong>2 weeks<\/strong><\/span><\/td>\n<td style=\"border: 1px solid #0480b6; text-align: center;\"><span style=\"font-size: x-small;\">570 \u20ac<\/span><\/td>\n<\/tr>\n<tr>\n<td style=\"border: 1px solid #0480b6; text-align: center; background-color: #90c7de;\"><span style=\"font-size: x-small;\"><strong>3 weeks<\/strong><\/span><\/td>\n<td style=\"border: 1px solid #0480b6; text-align: center;\"><span style=\"font-size: x-small;\">815 \u20ac<\/span><\/td>\n<\/tr>\n<tr>\n<td style=\"border: 1px solid #0480b6; text-align: center; background-color: #90c7de;\"><span style=\"font-size: x-small;\"><strong>4 weeks<\/strong><\/span><\/td>\n<td style=\"border: 1px solid #0480b6; text-align: center;\"><span style=\"font-size: x-small;\">1060 \u20ac<\/span><\/td>\n<\/tr>\n<\/tbody>\n<\/table>\n<h2 style=\"text-align: justify;\"><span style=\"font-size: xx-small;\">+ 40 \u20ac\u00a0registration fee<\/span><a href=\"https:\/\/tlcdenia.com\/es\/disponibilidad\/\" target=\"_blank\" rel=\"noopener noreferrer\"><br \/>\n<img decoding=\"async\" title=\"bot\u00f3n m\u00e1s informacion cursos espa\u00f1ol\" alt=\"bot\u00f3n m\u00e1s informacion cursos espa\u00f1ol\" src=\"https:\/\/tlcdenia.com\/wp-content\/uploads\/sites\/3\/2014\/02\/cursos-espanol-espana.png\" width=\"96\" height=\"34\" \/><\/a><a href=\"https:\/\/tlcdenia.com\/es\/availability\" target=\"_blank\" rel=\"noopener noreferrer\"><img decoding=\"async\" title=\"Boton reservar curso preparacion DELE\" alt=\"Boton reservar curso preparacion DELE\" src=\"https:\/\/tlcdenia.com\/wp-content\/uploads\/2023\/07\/botonBOOK.png\" width=\"96\" height=\"34\" \/><\/a><\/h2>\n<\/div>\n<h2 style=\"text-align: center;\"><\/h2>\n<p style=\"text-align: justify;\">The DELE Diploma exam levels are: A1, A2, B1, B2, C1 and C2. To see a more detailed description of each level, click here: <a title=\"dele_exam_preparation\" href=\"https:\/\/examenes.cervantes.es\/es\/dele\/que-es\" target=\"_blank\" rel=\"noopener noreferrer\">+info <\/a><\/p>\n<p style=\"text-align: justify;\">If you are unsure which DELE exam best fits your level of Spanish, find out by taking our<a title=\"language_level_test\" href=\"https:\/\/tlcdenia.com\/es\/tests-de-nivel-idiomas\/\" target=\"_blank\" rel=\"noopener noreferrer\"> level test.<\/a><\/p>\n<p style=\"text-align: justify;\">You can see the dates here: <a href=\"https:\/\/tlcdenia.com\/es\/dele-exams\/\" target=\"_blank\" rel=\"noopener noreferrer\">DATES DELE EXAMS<\/a><\/p>\n<h2 style=\"text-align: center;\"><\/h2>\n<p>&nbsp;<\/p>\n","protected":false},"excerpt":{"rendered":"<p>If you would like an official certificate showing your level of Spanish, then why not sit a DELE diploma exam? DELE Diplomas are certified by the Instituto Cervantes and they are recognised all over the world. Our exam preparation courses &hellip; <\/p>\n","protected":false},"author":2,"featured_media":47151,"parent":0,"menu_order":0,"comment_status":"open","ping_status":"closed","template":"","meta":{"_acf_changed":false,"footnotes":""},"class_list":["post-47332","page","type-page","status-publish","has-post-thumbnail","hentry"],"acf":[],"yoast_head":"<!-- This site is optimized with the Yoast SEO plugin v26.9 - https:\/\/yoast.com\/product\/yoast-seo-wordpress\/ -->\n<title>Spanish courses - DELE Exam Preparation - Escuela TLCd\u00e9nia - Sitio web oficial<\/title>\n<meta name=\"robots\" content=\"index, follow, max-snippet:-1, max-image-preview:large, max-video-preview:-1\" \/>\n<link rel=\"canonical\" href=\"https:\/\/tlcdenia.com\/es\/spanish-courses-dele-exam-preparation\/\" \/>\n<meta property=\"og:locale\" content=\"es_ES\" \/>\n<meta property=\"og:type\" content=\"article\" \/>\n<meta property=\"og:title\" content=\"Spanish courses - DELE Exam Preparation - Escuela TLCd\u00e9nia - Sitio web oficial\" \/>\n<meta property=\"og:description\" content=\"If you would like an official certificate showing your level of Spanish, then why not sit a DELE diploma exam? DELE Diplomas are certified by the Instituto Cervantes and they are recognised all over the world. Our exam preparation courses &hellip;\" \/>\n<meta property=\"og:url\" content=\"https:\/\/tlcdenia.com\/es\/spanish-courses-dele-exam-preparation\/\" \/>\n<meta property=\"og:site_name\" content=\"Escuela TLCd\u00e9nia - Sitio web oficial\" \/>\n<meta property=\"article:modified_time\" content=\"2023-07-25T08:47:09+00:00\" \/>\n<meta property=\"og:image\" content=\"https:\/\/tlcdenia.com\/wp-content\/uploads\/2023\/07\/botonBOOK.png\" \/>\n\t<meta property=\"og:image:width\" content=\"106\" \/>\n\t<meta property=\"og:image:height\" content=\"44\" \/>\n\t<meta property=\"og:image:type\" content=\"image\/png\" \/>\n<meta name=\"twitter:card\" content=\"summary_large_image\" \/>\n<meta name=\"twitter:label1\" content=\"Tiempo de lectura\" \/>\n\t<meta name=\"twitter:data1\" content=\"1 minuto\" \/>\n<script type=\"application\/ld+json\" class=\"yoast-schema-graph\">{\"@context\":\"https:\/\/schema.org\",\"@graph\":[{\"@type\":\"WebPage\",\"@id\":\"https:\/\/tlcdenia.com\/es\/spanish-courses-dele-exam-preparation\/\",\"url\":\"https:\/\/tlcdenia.com\/es\/spanish-courses-dele-exam-preparation\/\",\"name\":\"Spanish courses - DELE Exam Preparation - Escuela TLCd\u00e9nia - Sitio web oficial\",\"isPartOf\":{\"@id\":\"https:\/\/tlcdenia.com\/es\/#website\"},\"primaryImageOfPage\":{\"@id\":\"https:\/\/tlcdenia.com\/es\/spanish-courses-dele-exam-preparation\/#primaryimage\"},\"image\":{\"@id\":\"https:\/\/tlcdenia.com\/es\/spanish-courses-dele-exam-preparation\/#primaryimage\"},\"thumbnailUrl\":\"https:\/\/tlcdenia.com\/wp-content\/uploads\/2023\/07\/botonBOOK.png\",\"datePublished\":\"2023-07-25T08:46:47+00:00\",\"dateModified\":\"2023-07-25T08:47:09+00:00\",\"breadcrumb\":{\"@id\":\"https:\/\/tlcdenia.com\/es\/spanish-courses-dele-exam-preparation\/#breadcrumb\"},\"inLanguage\":\"es\",\"potentialAction\":[{\"@type\":\"ReadAction\",\"target\":[\"https:\/\/tlcdenia.com\/es\/spanish-courses-dele-exam-preparation\/\"]}]},{\"@type\":\"ImageObject\",\"inLanguage\":\"es\",\"@id\":\"https:\/\/tlcdenia.com\/es\/spanish-courses-dele-exam-preparation\/#primaryimage\",\"url\":\"https:\/\/tlcdenia.com\/wp-content\/uploads\/2023\/07\/botonBOOK.png\",\"contentUrl\":\"https:\/\/tlcdenia.com\/wp-content\/uploads\/2023\/07\/botonBOOK.png\",\"width\":106,\"height\":44},{\"@type\":\"BreadcrumbList\",\"@id\":\"https:\/\/tlcdenia.com\/es\/spanish-courses-dele-exam-preparation\/#breadcrumb\",\"itemListElement\":[{\"@type\":\"ListItem\",\"position\":1,\"name\":\"Home\",\"item\":\"https:\/\/tlcdenia.com\/es\/\"},{\"@type\":\"ListItem\",\"position\":2,\"name\":\"Spanish courses &#8211; DELE Exam Preparation\"}]},{\"@type\":\"WebSite\",\"@id\":\"https:\/\/tlcdenia.com\/es\/#website\",\"url\":\"https:\/\/tlcdenia.com\/es\/\",\"name\":\"Escuela TLCd\u00e9nia - Sitio web oficial\",\"description\":\"Languages Center\",\"potentialAction\":[{\"@type\":\"SearchAction\",\"target\":{\"@type\":\"EntryPoint\",\"urlTemplate\":\"https:\/\/tlcdenia.com\/es\/?s={search_term_string}\"},\"query-input\":{\"@type\":\"PropertyValueSpecification\",\"valueRequired\":true,\"valueName\":\"search_term_string\"}}],\"inLanguage\":\"es\"}]}<\/script>\n<!-- \/ Yoast SEO plugin. -->","yoast_head_json":{"title":"Spanish courses - DELE Exam Preparation - Escuela TLCd\u00e9nia - Sitio web oficial","robots":{"index":"index","follow":"follow","max-snippet":"max-snippet:-1","max-image-preview":"max-image-preview:large","max-video-preview":"max-video-preview:-1"},"canonical":"https:\/\/tlcdenia.com\/es\/spanish-courses-dele-exam-preparation\/","og_locale":"es_ES","og_type":"article","og_title":"Spanish courses - DELE Exam Preparation - Escuela TLCd\u00e9nia - Sitio web oficial","og_description":"If you would like an official certificate showing your level of Spanish, then why not sit a DELE diploma exam? DELE Diplomas are certified by the Instituto Cervantes and they are recognised all over the world. Our exam preparation courses &hellip;","og_url":"https:\/\/tlcdenia.com\/es\/spanish-courses-dele-exam-preparation\/","og_site_name":"Escuela TLCd\u00e9nia - Sitio web oficial","article_modified_time":"2023-07-25T08:47:09+00:00","og_image":[{"width":106,"height":44,"url":"https:\/\/tlcdenia.com\/wp-content\/uploads\/2023\/07\/botonBOOK.png","type":"image\/png"}],"twitter_card":"summary_large_image","twitter_misc":{"Tiempo de lectura":"1 minuto"},"schema":{"@context":"https:\/\/schema.org","@graph":[{"@type":"WebPage","@id":"https:\/\/tlcdenia.com\/es\/spanish-courses-dele-exam-preparation\/","url":"https:\/\/tlcdenia.com\/es\/spanish-courses-dele-exam-preparation\/","name":"Spanish courses - DELE Exam Preparation - Escuela TLCd\u00e9nia - Sitio web oficial","isPartOf":{"@id":"https:\/\/tlcdenia.com\/es\/#website"},"primaryImageOfPage":{"@id":"https:\/\/tlcdenia.com\/es\/spanish-courses-dele-exam-preparation\/#primaryimage"},"image":{"@id":"https:\/\/tlcdenia.com\/es\/spanish-courses-dele-exam-preparation\/#primaryimage"},"thumbnailUrl":"https:\/\/tlcdenia.com\/wp-content\/uploads\/2023\/07\/botonBOOK.png","datePublished":"2023-07-25T08:46:47+00:00","dateModified":"2023-07-25T08:47:09+00:00","breadcrumb":{"@id":"https:\/\/tlcdenia.com\/es\/spanish-courses-dele-exam-preparation\/#breadcrumb"},"inLanguage":"es","potentialAction":[{"@type":"ReadAction","target":["https:\/\/tlcdenia.com\/es\/spanish-courses-dele-exam-preparation\/"]}]},{"@type":"ImageObject","inLanguage":"es","@id":"https:\/\/tlcdenia.com\/es\/spanish-courses-dele-exam-preparation\/#primaryimage","url":"https:\/\/tlcdenia.com\/wp-content\/uploads\/2023\/07\/botonBOOK.png","contentUrl":"https:\/\/tlcdenia.com\/wp-content\/uploads\/2023\/07\/botonBOOK.png","width":106,"height":44},{"@type":"BreadcrumbList","@id":"https:\/\/tlcdenia.com\/es\/spanish-courses-dele-exam-preparation\/#breadcrumb","itemListElement":[{"@type":"ListItem","position":1,"name":"Home","item":"https:\/\/tlcdenia.com\/es\/"},{"@type":"ListItem","position":2,"name":"Spanish courses &#8211; DELE Exam Preparation"}]},{"@type":"WebSite","@id":"https:\/\/tlcdenia.com\/es\/#website","url":"https:\/\/tlcdenia.com\/es\/","name":"Escuela TLCd\u00e9nia - Sitio web oficial","description":"Languages Center","potentialAction":[{"@type":"SearchAction","target":{"@type":"EntryPoint","urlTemplate":"https:\/\/tlcdenia.com\/es\/?s={search_term_string}"},"query-input":{"@type":"PropertyValueSpecification","valueRequired":true,"valueName":"search_term_string"}}],"inLanguage":"es"}]}},"_links":{"self":[{"href":"https:\/\/tlcdenia.com\/es\/wp-json\/wp\/v2\/pages\/47332","targetHints":{"allow":["GET"]}}],"collection":[{"href":"https:\/\/tlcdenia.com\/es\/wp-json\/wp\/v2\/pages"}],"about":[{"href":"https:\/\/tlcdenia.com\/es\/wp-json\/wp\/v2\/types\/page"}],"author":[{"embeddable":true,"href":"https:\/\/tlcdenia.com\/es\/wp-json\/wp\/v2\/users\/2"}],"replies":[{"embeddable":true,"href":"https:\/\/tlcdenia.com\/es\/wp-json\/wp\/v2\/comments?post=47332"}],"version-history":[{"count":1,"href":"https:\/\/tlcdenia.com\/es\/wp-json\/wp\/v2\/pages\/47332\/revisions"}],"predecessor-version":[{"id":47333,"href":"https:\/\/tlcdenia.com\/es\/wp-json\/wp\/v2\/pages\/47332\/revisions\/47333"}],"wp:featuredmedia":[{"embeddable":true,"href":"https:\/\/tlcdenia.com\/es\/wp-json\/wp\/v2\/media\/47151"}],"wp:attachment":[{"href":"https:\/\/tlcdenia.com\/es\/wp-json\/wp\/v2\/media?parent=47332"}],"curies":[{"name":"wp","href":"https:\/\/api.w.org\/{rel}","templated":true}]}}