{"id":46674,"date":"2023-07-24T15:57:33","date_gmt":"2023-07-24T15:57:33","guid":{"rendered":"http:\/\/TLC%20Denia"},"modified":"2023-07-24T15:57:33","modified_gmt":"2023-07-24T15:57:33","slug":"spanish-courses-school-groups","status":"publish","type":"page","link":"https:\/\/tlcdenia.com\/es\/spanish-courses-school-groups\/","title":{"rendered":"Spanish courses &#8211; School groups"},"content":{"rendered":"<h1 style=\"text-align: center;\"><strong>SPANISH PROGRAMMES FOR SCHOOL GROUPS <\/strong><\/h1>\n<p style=\"text-align: center;\"><strong>(Available all year) <\/strong><\/p>\n<p style=\"text-align: center;\"><em><strong><span style=\"color: #0480b6;\">\u00a0Unforgettable Study School Trip to Spain!<\/span><\/strong><\/em><\/p>\n<style><!--\n.video-container { position: relative; padding-bottom: 56.25%; \/* 16:9 *\/ padding-top: 25px; height: 0; overflow: hidden; } .video-container iframe, .video-container object { position: absolute; top: 0; left: 0; width: 100%; height: 100%; }\n--><\/style>\n<div class=\"video-container\"><iframe src=\"https:\/\/www.youtube.com\/embed\/wRpkwBOkvn0\" height=\"315\" width=\"560\" allowfullscreen=\"\" frameborder=\"0\"><\/iframe><\/div>\n<p>&nbsp;<\/p>\n<h2 style=\"text-align: center;\"><strong>\u00a0SPANISH IMMERSION TRIP\u00a0FOR SCHOOL GROUPS<\/strong><\/h2>\n<p>&nbsp;<\/p>\n<table style=\"width: 80%;\" border=\"0\" align=\"center\">\n<tbody>\n<tr>\n<td style=\"background-color: #0480b6; text-align: center;\"><strong><span style=\"color: #ffffff;\"><strong>PROGRAMME: SPANISH FOR SCHOOL GROUPS<\/strong><\/span><\/strong><\/td>\n<\/tr>\n<tr>\n<td style=\"border: 1px solid #0480b6; text-align: justify;\">20 &#8211; lesson Spanish course per week (1 lesson= 45 minutes)<br \/>\n<strong>Group leaders:<\/strong> 1, 2 or 3 depending on number of students.<br \/>\n<strong>Accommodation<\/strong> with host families or in a residence. Double room for students and single\u00a0room for group leaders. Full-board.<br \/>\n<strong>Certificate<\/strong> of Attendance.<br \/>\nOwn or <strong>borrowed<\/strong> course <strong>books<\/strong>.<br \/>\nFree <strong>Wifi<\/strong>.<br \/>\nReturn<strong> transfer<\/strong> from Valencia or Alicante airports to D\u00e9nia.<br \/>\n24 h <strong>e<strong>mergency contact number.<\/strong><\/strong><\/td>\n<\/tr>\n<\/tbody>\n<\/table>\n<p style=\"text-align: center;\"><img decoding=\"async\" class=\" wp-image-7686 aligncenter\" title=\"Spanish Study Trip for groups\" alt=\"Spanish_study_trip_groups\" src=\"https:\/\/tlcdenia.com\/wp-content\/uploads\/sites\/3\/2014\/01\/spanish-school-groups-spain.jpg\" width=\"90%\" height=\"auto\" \/><a style=\"font-size: 11px;\" title=\"curso-espanol-grupos-escolares\" href=\"https:\/\/tlcdenia.com\/es\/contacto-curso-espanol-grupos-escolares\/\" target=\"_blank\" rel=\"noopener noreferrer\"><br \/>\n<img decoding=\"async\" alt=\"boton_disponibilidad\" src=\"https:\/\/tlcdenia.com\/wp-content\/uploads\/sites\/3\/2014\/02\/cursos-espanol-espana.png\" width=\"96\" height=\"34\" \/><\/a><\/p>\n<h2 style=\"text-align: center;\"><span style=\"font-size: medium;\"><strong>SCHOOL GROUP ACTIVITIES <\/strong><\/span><\/h2>\n<p style=\"text-align: center;\"><img decoding=\"async\" class=\" wp-image-7688 aligncenter\" title=\"Coruses Spanish for school groups\" alt=\"Spanish_for_school_groups\" src=\"https:\/\/tlcdenia.com\/wp-content\/uploads\/sites\/3\/2014\/01\/spanish-school-groups-spain-3.jpg\" width=\"90%\" height=\"auto\" \/><\/p>\n<p style=\"text-align: justify;\"><strong><span style=\"color: #0480b6;\">ACTIVITIES FOR GROUPS &#8211; \u00a0<strong>BASIC PACK<\/strong><\/span><br \/>\n<\/strong>Includes a workshop consisting of cooking and tasting a traditional Paella; a cultural visit to D\u00e9nia\u2019s Castle and museum, beach games, hiking, games\u2026etc.<strong><br \/>\n<\/strong><\/p>\n<p style=\"text-align: justify;\"><span style=\"color: #0480b6;\"><strong><strong><strong>ACTIVITIES FOR GROUPS<\/strong> &#8211; <\/strong>PLUS PACK<\/strong><\/span><br \/>\nAimed at those groups interested in being more involved, this Pack includes everything in the Basic Pack, plus either a Light Painting workshop with professional photographers, bike excursion, paddle surf or sailing trip.<\/p>\n<p style=\"text-align: justify;\"><a href=\"https:\/\/tlcdenia.com\/es\/contacto-curso-espanol-grupos-escolares\/\" target=\"_blank\" rel=\"noopener noreferrer\"><img decoding=\"async\" title=\"M\u00e1s informaci\u00f3n espa\u00f1ol para grupos\" alt=\"boton_espanol_para_grupos\" src=\"https:\/\/tlcdenia.com\/wp-content\/uploads\/sites\/3\/2014\/02\/cursos-espanol-espana.png\" width=\"96\" height=\"34\" \/><\/a><\/p>\n<h2 style=\"text-align: center;\"><strong>EXCURSIONS FOR GROUPS<\/strong><\/h2>\n<p><strong>ONE-DAY EXCURSIONS:<\/strong><\/p>\n<p>EXCURSION TO THE CITY OF VALENCIA:<\/p>\n<p><img decoding=\"async\" class=\"wp-image-7690 alignnone\" title=\"Group of students of Spanish in the excursion to Valencia\" alt=\"Spanish_courses_for_school_groups\" src=\"https:\/\/tlcdenia.com\/wp-content\/uploads\/sites\/3\/2014\/01\/spanish-school-groups-spain-2.jpg\" width=\"90%\" height=\"auto\" \/><br \/>\nThe excursion to Valencia includes entrance to the Ciudad de las Artes y las Ciencias where students can visit the technology museum, Europe\u2019s biggest Oceanographic centre, the hemispheric centre, and downtown Valencia.<\/p>\n<p style=\"text-align: justify;\">One of our teachers oversees the excursion. A professional guide is optional. This Pack also includes everything in the Basic Pack.<\/p>\n<p style=\"text-align: justify;\">AQUALANDIA WATER PARK IN BENIDORM:\u00a0includes transport and ticket for the park. A member of TLCd\u00e9nia oversees the excursion.<\/p>\n<p style=\"text-align: justify;\">TERRA M\u00cdTICA THEME PARK IN BENIDORM: includes transport and ticket for the park. A member of TLCd\u00e9nia oversees the excursion.<\/p>\n<p style=\"text-align: justify;\"><a href=\"https:\/\/tlcdenia.com\/es\/contacto-curso-espanol-grupos-escolares\/\" target=\"_blank\" rel=\"noopener noreferrer\"><img decoding=\"async\" title=\"M\u00e1s informaci\u00f3n espa\u00f1ol para grupos\" alt=\"boton_espanol_para_grupos\" src=\"https:\/\/tlcdenia.com\/wp-content\/uploads\/sites\/3\/2014\/02\/cursos-espanol-espana.png\" width=\"96\" height=\"34\" \/><\/a><\/p>\n<p style=\"text-align: center;\"><strong>HALF-DAY EXCURSIONs:<\/strong><\/p>\n<p><img decoding=\"async\" class=\"wp-image-7692 alignnone\" title=\"Students of Spanish during their trip to Spain\" alt=\"Spanish_for_School_groups\" src=\"https:\/\/tlcdenia.com\/wp-content\/uploads\/sites\/3\/2014\/01\/school-groups-spanish.jpg\" width=\"90%\" height=\"auto\" \/><\/p>\n<p style=\"text-align: justify;\"><strong>EXAMPLES:<br \/>\nA visit to a delightful town<\/strong>: Here students visit a quaint and charming town with ancient castles called Castells de Guadalest. This Pack also includes everything in the Basic Pack.<\/p>\n<p style=\"text-align: justify;\"><strong>Boat trip to Javea<\/strong>: In July and August when the weather is nice, students can take a little round trip from D\u00e9nia to Javea by boat. Here they can enjoy the views of Cape of San Antonio coastline overlooking cliffs and rocky beaches. This Pack also includes everything in the Basic Pack.<\/p>\n<p>\u00a0<a href=\"https:\/\/tlcdenia.com\/es\/contacto-curso-espanol-grupos-escolares\/\" target=\"_blank\" rel=\"noopener noreferrer\"><img decoding=\"async\" title=\"M\u00e1s informaci\u00f3n espa\u00f1ol para grupos\" alt=\"boton_espanol_para_grupos\" src=\"https:\/\/tlcdenia.com\/wp-content\/uploads\/sites\/3\/2014\/02\/cursos-espanol-espana.png\" width=\"96\" height=\"34\" \/><\/a><\/p>\n<p style=\"text-align: justify;\"><em>Take a look at <a title=\"cursos espa\u00f1ol grupos escolares\" href=\"https:\/\/www.flickr.com\/photos\/tlcdenia\/sets\/72157635680822086\/\" target=\"_blank\" rel=\"noopener noreferrer\"><strong>Pictures of TLCd\u00e9nia&#8217;s School Groups.<\/strong> <\/a><\/em><\/p>\n","protected":false},"excerpt":{"rendered":"<p>SPANISH PROGRAMMES FOR SCHOOL GROUPS (Available all year) \u00a0Unforgettable Study School Trip to Spain! &nbsp; \u00a0SPANISH IMMERSION TRIP\u00a0FOR SCHOOL GROUPS &nbsp; PROGRAMME: SPANISH FOR SCHOOL GROUPS 20 &#8211; lesson Spanish course per week (1 lesson= 45 minutes) Group leaders: 1, &hellip; <\/p>\n","protected":false},"author":2,"featured_media":0,"parent":0,"menu_order":0,"comment_status":"closed","ping_status":"closed","template":"","meta":{"_acf_changed":false,"footnotes":""},"class_list":["post-46674","page","type-page","status-publish","hentry"],"acf":[],"yoast_head":"<!-- This site is optimized with the Yoast SEO plugin v26.9 - https:\/\/yoast.com\/product\/yoast-seo-wordpress\/ -->\n<title>Spanish courses - School groups - Escuela TLCd\u00e9nia - Sitio web oficial<\/title>\n<meta name=\"robots\" content=\"index, follow, max-snippet:-1, max-image-preview:large, max-video-preview:-1\" \/>\n<link rel=\"canonical\" href=\"https:\/\/tlcdenia.com\/es\/spanish-courses-school-groups\/\" \/>\n<meta property=\"og:locale\" content=\"es_ES\" \/>\n<meta property=\"og:type\" content=\"article\" \/>\n<meta property=\"og:title\" content=\"Spanish courses - School groups - Escuela TLCd\u00e9nia - Sitio web oficial\" \/>\n<meta property=\"og:description\" content=\"SPANISH PROGRAMMES FOR SCHOOL GROUPS (Available all year) \u00a0Unforgettable Study School Trip to Spain! &nbsp; \u00a0SPANISH IMMERSION TRIP\u00a0FOR SCHOOL GROUPS &nbsp; PROGRAMME: SPANISH FOR SCHOOL GROUPS 20 &#8211; lesson Spanish course per week (1 lesson= 45 minutes) Group leaders: 1, &hellip;\" \/>\n<meta property=\"og:url\" content=\"https:\/\/tlcdenia.com\/es\/spanish-courses-school-groups\/\" \/>\n<meta property=\"og:site_name\" content=\"Escuela TLCd\u00e9nia - Sitio web oficial\" \/>\n<meta property=\"og:image\" content=\"https:\/\/tlcdenia.com\/wp-content\/uploads\/sites\/3\/2014\/01\/spanish-school-groups-spain.jpg\" \/>\n<meta name=\"twitter:card\" content=\"summary_large_image\" \/>\n<meta name=\"twitter:label1\" content=\"Tiempo de lectura\" \/>\n\t<meta name=\"twitter:data1\" content=\"2 minutos\" \/>\n<script type=\"application\/ld+json\" class=\"yoast-schema-graph\">{\"@context\":\"https:\/\/schema.org\",\"@graph\":[{\"@type\":\"WebPage\",\"@id\":\"https:\/\/tlcdenia.com\/es\/spanish-courses-school-groups\/\",\"url\":\"https:\/\/tlcdenia.com\/es\/spanish-courses-school-groups\/\",\"name\":\"Spanish courses - School groups - Escuela TLCd\u00e9nia - Sitio web oficial\",\"isPartOf\":{\"@id\":\"https:\/\/tlcdenia.com\/es\/#website\"},\"primaryImageOfPage\":{\"@id\":\"https:\/\/tlcdenia.com\/es\/spanish-courses-school-groups\/#primaryimage\"},\"image\":{\"@id\":\"https:\/\/tlcdenia.com\/es\/spanish-courses-school-groups\/#primaryimage\"},\"thumbnailUrl\":\"https:\/\/tlcdenia.com\/wp-content\/uploads\/sites\/3\/2014\/01\/spanish-school-groups-spain.jpg\",\"datePublished\":\"2023-07-24T15:57:33+00:00\",\"breadcrumb\":{\"@id\":\"https:\/\/tlcdenia.com\/es\/spanish-courses-school-groups\/#breadcrumb\"},\"inLanguage\":\"es\",\"potentialAction\":[{\"@type\":\"ReadAction\",\"target\":[\"https:\/\/tlcdenia.com\/es\/spanish-courses-school-groups\/\"]}]},{\"@type\":\"ImageObject\",\"inLanguage\":\"es\",\"@id\":\"https:\/\/tlcdenia.com\/es\/spanish-courses-school-groups\/#primaryimage\",\"url\":\"https:\/\/tlcdenia.com\/wp-content\/uploads\/sites\/3\/2014\/01\/spanish-school-groups-spain.jpg\",\"contentUrl\":\"https:\/\/tlcdenia.com\/wp-content\/uploads\/sites\/3\/2014\/01\/spanish-school-groups-spain.jpg\"},{\"@type\":\"BreadcrumbList\",\"@id\":\"https:\/\/tlcdenia.com\/es\/spanish-courses-school-groups\/#breadcrumb\",\"itemListElement\":[{\"@type\":\"ListItem\",\"position\":1,\"name\":\"Home\",\"item\":\"https:\/\/tlcdenia.com\/es\/\"},{\"@type\":\"ListItem\",\"position\":2,\"name\":\"Spanish courses &#8211; School groups\"}]},{\"@type\":\"WebSite\",\"@id\":\"https:\/\/tlcdenia.com\/es\/#website\",\"url\":\"https:\/\/tlcdenia.com\/es\/\",\"name\":\"Escuela TLCd\u00e9nia - Sitio web oficial\",\"description\":\"Languages Center\",\"potentialAction\":[{\"@type\":\"SearchAction\",\"target\":{\"@type\":\"EntryPoint\",\"urlTemplate\":\"https:\/\/tlcdenia.com\/es\/?s={search_term_string}\"},\"query-input\":{\"@type\":\"PropertyValueSpecification\",\"valueRequired\":true,\"valueName\":\"search_term_string\"}}],\"inLanguage\":\"es\"}]}<\/script>\n<!-- \/ Yoast SEO plugin. -->","yoast_head_json":{"title":"Spanish courses - School groups - Escuela TLCd\u00e9nia - Sitio web oficial","robots":{"index":"index","follow":"follow","max-snippet":"max-snippet:-1","max-image-preview":"max-image-preview:large","max-video-preview":"max-video-preview:-1"},"canonical":"https:\/\/tlcdenia.com\/es\/spanish-courses-school-groups\/","og_locale":"es_ES","og_type":"article","og_title":"Spanish courses - School groups - Escuela TLCd\u00e9nia - Sitio web oficial","og_description":"SPANISH PROGRAMMES FOR SCHOOL GROUPS (Available all year) \u00a0Unforgettable Study School Trip to Spain! &nbsp; \u00a0SPANISH IMMERSION TRIP\u00a0FOR SCHOOL GROUPS &nbsp; PROGRAMME: SPANISH FOR SCHOOL GROUPS 20 &#8211; lesson Spanish course per week (1 lesson= 45 minutes) Group leaders: 1, &hellip;","og_url":"https:\/\/tlcdenia.com\/es\/spanish-courses-school-groups\/","og_site_name":"Escuela TLCd\u00e9nia - Sitio web oficial","og_image":[{"url":"https:\/\/tlcdenia.com\/wp-content\/uploads\/sites\/3\/2014\/01\/spanish-school-groups-spain.jpg","type":"","width":"","height":""}],"twitter_card":"summary_large_image","twitter_misc":{"Tiempo de lectura":"2 minutos"},"schema":{"@context":"https:\/\/schema.org","@graph":[{"@type":"WebPage","@id":"https:\/\/tlcdenia.com\/es\/spanish-courses-school-groups\/","url":"https:\/\/tlcdenia.com\/es\/spanish-courses-school-groups\/","name":"Spanish courses - School groups - Escuela TLCd\u00e9nia - Sitio web oficial","isPartOf":{"@id":"https:\/\/tlcdenia.com\/es\/#website"},"primaryImageOfPage":{"@id":"https:\/\/tlcdenia.com\/es\/spanish-courses-school-groups\/#primaryimage"},"image":{"@id":"https:\/\/tlcdenia.com\/es\/spanish-courses-school-groups\/#primaryimage"},"thumbnailUrl":"https:\/\/tlcdenia.com\/wp-content\/uploads\/sites\/3\/2014\/01\/spanish-school-groups-spain.jpg","datePublished":"2023-07-24T15:57:33+00:00","breadcrumb":{"@id":"https:\/\/tlcdenia.com\/es\/spanish-courses-school-groups\/#breadcrumb"},"inLanguage":"es","potentialAction":[{"@type":"ReadAction","target":["https:\/\/tlcdenia.com\/es\/spanish-courses-school-groups\/"]}]},{"@type":"ImageObject","inLanguage":"es","@id":"https:\/\/tlcdenia.com\/es\/spanish-courses-school-groups\/#primaryimage","url":"https:\/\/tlcdenia.com\/wp-content\/uploads\/sites\/3\/2014\/01\/spanish-school-groups-spain.jpg","contentUrl":"https:\/\/tlcdenia.com\/wp-content\/uploads\/sites\/3\/2014\/01\/spanish-school-groups-spain.jpg"},{"@type":"BreadcrumbList","@id":"https:\/\/tlcdenia.com\/es\/spanish-courses-school-groups\/#breadcrumb","itemListElement":[{"@type":"ListItem","position":1,"name":"Home","item":"https:\/\/tlcdenia.com\/es\/"},{"@type":"ListItem","position":2,"name":"Spanish courses &#8211; School groups"}]},{"@type":"WebSite","@id":"https:\/\/tlcdenia.com\/es\/#website","url":"https:\/\/tlcdenia.com\/es\/","name":"Escuela TLCd\u00e9nia - Sitio web oficial","description":"Languages Center","potentialAction":[{"@type":"SearchAction","target":{"@type":"EntryPoint","urlTemplate":"https:\/\/tlcdenia.com\/es\/?s={search_term_string}"},"query-input":{"@type":"PropertyValueSpecification","valueRequired":true,"valueName":"search_term_string"}}],"inLanguage":"es"}]}},"_links":{"self":[{"href":"https:\/\/tlcdenia.com\/es\/wp-json\/wp\/v2\/pages\/46674","targetHints":{"allow":["GET"]}}],"collection":[{"href":"https:\/\/tlcdenia.com\/es\/wp-json\/wp\/v2\/pages"}],"about":[{"href":"https:\/\/tlcdenia.com\/es\/wp-json\/wp\/v2\/types\/page"}],"author":[{"embeddable":true,"href":"https:\/\/tlcdenia.com\/es\/wp-json\/wp\/v2\/users\/2"}],"replies":[{"embeddable":true,"href":"https:\/\/tlcdenia.com\/es\/wp-json\/wp\/v2\/comments?post=46674"}],"version-history":[{"count":0,"href":"https:\/\/tlcdenia.com\/es\/wp-json\/wp\/v2\/pages\/46674\/revisions"}],"wp:attachment":[{"href":"https:\/\/tlcdenia.com\/es\/wp-json\/wp\/v2\/media?parent=46674"}],"curies":[{"name":"wp","href":"https:\/\/api.w.org\/{rel}","templated":true}]}}