{"id":45256,"date":"2023-07-24T15:52:13","date_gmt":"2023-07-24T15:52:13","guid":{"rendered":"https:\/\/tlcdenia.xyz\/spanish-online-test\/"},"modified":"2023-10-17T06:38:08","modified_gmt":"2023-10-17T06:38:08","slug":"spanish-test","status":"publish","type":"page","link":"https:\/\/tlcdenia.com\/es\/spanish-test\/","title":{"rendered":"Spanish Online test"},"content":{"rendered":"\t\t<div data-elementor-type=\"wp-page\" data-elementor-id=\"45256\" class=\"elementor elementor-45256\" data-elementor-post-type=\"page\">\n\t\t\t\t\t\t<section class=\"elementor-section elementor-top-section elementor-element elementor-element-4397d9fc elementor-section-boxed elementor-section-height-default elementor-section-height-default\" data-id=\"4397d9fc\" data-element_type=\"section\" data-e-type=\"section\">\n\t\t\t\t\t\t<div class=\"elementor-container elementor-column-gap-default\">\n\t\t\t\t\t<div class=\"elementor-column elementor-col-100 elementor-top-column elementor-element elementor-element-96937a\" data-id=\"96937a\" data-element_type=\"column\" data-e-type=\"column\">\n\t\t\t<div class=\"elementor-widget-wrap elementor-element-populated\">\n\t\t\t\t\t\t<div class=\"elementor-element elementor-element-393ec46c elementor-widget elementor-widget-text-editor\" data-id=\"393ec46c\" data-element_type=\"widget\" data-e-type=\"widget\" data-widget_type=\"text-editor.default\">\n\t\t\t\t<div class=\"elementor-widget-container\">\n\t\t\t\t\t\t\t\t\t<p style=\"text-align: justify;\">Esta prueba permitir\u00e1 a TLCd\u00e9nia conocer tu nivel de espa\u00f1ol para ofrecerte el grupo adecuado. Por favor, contesta tantas preguntas como puedas y no te preocupes si no puedes contestarlas todas. Hazlo sin ayuda para que los resultados sean m\u00e1s acertados.<\/p><p style=\"text-align: justify;\"><strong>Instrucciones:<br \/><\/strong><br \/>La prueba consta de 4 partes, cada una de ellas es m\u00e1s dif\u00edcil que la anterior. Al final de cada parte podr\u00e1s elegir si continuar con la prueba o si finalizar. Al terminar la prueba, deber\u00e1s introducir algunos datos como tu nombre y apellidos y presionar el bot\u00f3n de finalizar. Recibiremos las respuestas de manera autom\u00e1tica. La duraci\u00f3n de la prueba variar\u00e1 seg\u00fan tu nivel.<br \/>Tiempo m\u00e1ximo estimado: 1 hora y 20 minutos para los niveles m\u00e1s avanzados.<\/p><p style=\"text-align: justify;\">POR FAVOR, EVITA PRESIONAR LA TECLA ENTER EN EL TECLADO DURANTE LA PRUEBA<\/p><p>Haz click en el bot\u00f3n \u201cEmpezar prueba\u201d que encontrar\u00e1s a continuaci\u00f3n:<\/p>\t\t\t\t\t\t\t\t<\/div>\n\t\t\t\t<\/div>\n\t\t\t\t<div class=\"elementor-element elementor-element-34969dc5 elementor-align-left elementor-widget elementor-widget-button\" data-id=\"34969dc5\" data-element_type=\"widget\" data-e-type=\"widget\" data-widget_type=\"button.default\">\n\t\t\t\t<div class=\"elementor-widget-container\">\n\t\t\t\t\t\t\t\t\t<div class=\"elementor-button-wrapper\">\n\t\t\t\t\t<a class=\"elementor-button elementor-button-link elementor-size-sm\" href=\"https:\/\/docs.google.com\/forms\/d\/1rzJ7tzvUgWnTwAdfhZ7aa1nSLg9EcK0gxUGbtSvMYOQ\/viewform\" target=\"_blank\">\n\t\t\t\t\t\t<span class=\"elementor-button-content-wrapper\">\n\t\t\t\t\t\t\t\t\t<span class=\"elementor-button-text\">EMPEZAR PRUEBA <\/span>\n\t\t\t\t\t<\/span>\n\t\t\t\t\t<\/a>\n\t\t\t\t<\/div>\n\t\t\t\t\t\t\t\t<\/div>\n\t\t\t\t<\/div>\n\t\t\t\t\t<\/div>\n\t\t<\/div>\n\t\t\t\t\t<\/div>\n\t\t<\/section>\n\t\t\t\t<section class=\"elementor-section elementor-top-section elementor-element elementor-element-449d656c elementor-section-boxed elementor-section-height-default elementor-section-height-default\" data-id=\"449d656c\" data-element_type=\"section\" data-e-type=\"section\">\n\t\t\t\t\t\t<div class=\"elementor-container elementor-column-gap-default\">\n\t\t\t\t\t<div class=\"elementor-column elementor-col-100 elementor-top-column elementor-element elementor-element-4ba1623b\" data-id=\"4ba1623b\" data-element_type=\"column\" data-e-type=\"column\">\n\t\t\t<div class=\"elementor-widget-wrap elementor-element-populated\">\n\t\t\t\t\t\t<div class=\"elementor-element elementor-element-511aa49d elementor-widget-divider--view-line elementor-widget elementor-widget-divider\" data-id=\"511aa49d\" data-element_type=\"widget\" data-e-type=\"widget\" data-widget_type=\"divider.default\">\n\t\t\t\t<div class=\"elementor-widget-container\">\n\t\t\t\t\t\t\t<div class=\"elementor-divider\">\n\t\t\t<span class=\"elementor-divider-separator\">\n\t\t\t\t\t\t<\/span>\n\t\t<\/div>\n\t\t\t\t\t\t<\/div>\n\t\t\t\t<\/div>\n\t\t\t\t<div class=\"elementor-element elementor-element-4893a531 elementor-widget elementor-widget-text-editor\" data-id=\"4893a531\" data-element_type=\"widget\" data-e-type=\"widget\" data-widget_type=\"text-editor.default\">\n\t\t\t\t<div class=\"elementor-widget-container\">\n\t\t\t\t\t\t\t\t\t<p style=\"text-align: justify;\">This test will enable TLCd\u00e9nia to know your level of Spanish so we can offer you the group that better fits you. Please, answer as many questions as you can and do not worry if you cannot answer all of them. Please, do it on your own to ensure that the results are accurate.<\/p><p style=\"text-align: justify;\"><strong>Directions:<br \/><\/strong><br \/>The test has four parts, each of them is more difficult than the previous one. At the end of each part, you will be asked if you want to continue with the next part or if you want to finish the test. At the very end of the test, you will need to enter your name and email and click submit. We will receive your answers automatically. The length of the test may vary depending on your level. Maximum expected length is 1 hour and 20 minutes for those with very high knowledge of Spanish.<\/p><p style=\"text-align: justify;\">PLEASE, DO NOT PRESS ENTER ON THE KEYBOARD DURING THE TEST.<\/p><p style=\"text-align: justify;\">Click on the button bellow when you are ready to start the test:<\/p>\t\t\t\t\t\t\t\t<\/div>\n\t\t\t\t<\/div>\n\t\t\t\t\t<\/div>\n\t\t<\/div>\n\t\t\t\t\t<\/div>\n\t\t<\/section>\n\t\t\t\t<section class=\"elementor-section elementor-top-section elementor-element elementor-element-2d6086ba elementor-section-boxed elementor-section-height-default elementor-section-height-default\" data-id=\"2d6086ba\" data-element_type=\"section\" data-e-type=\"section\">\n\t\t\t\t\t\t<div class=\"elementor-container elementor-column-gap-default\">\n\t\t\t\t\t<div class=\"elementor-column elementor-col-100 elementor-top-column elementor-element elementor-element-729959b5\" data-id=\"729959b5\" data-element_type=\"column\" data-e-type=\"column\">\n\t\t\t<div class=\"elementor-widget-wrap elementor-element-populated\">\n\t\t\t\t\t\t<div class=\"elementor-element elementor-element-b2eca03 elementor-widget elementor-widget-button\" data-id=\"b2eca03\" data-element_type=\"widget\" data-e-type=\"widget\" data-widget_type=\"button.default\">\n\t\t\t\t<div class=\"elementor-widget-container\">\n\t\t\t\t\t\t\t\t\t<div class=\"elementor-button-wrapper\">\n\t\t\t\t\t<a class=\"elementor-button elementor-button-link elementor-size-sm\" href=\"https:\/\/docs.google.com\/forms\/d\/1rzJ7tzvUgWnTwAdfhZ7aa1nSLg9EcK0gxUGbtSvMYOQ\/viewform\" target=\"_blank\">\n\t\t\t\t\t\t<span class=\"elementor-button-content-wrapper\">\n\t\t\t\t\t\t\t\t\t<span class=\"elementor-button-text\">START THE TEST<\/span>\n\t\t\t\t\t<\/span>\n\t\t\t\t\t<\/a>\n\t\t\t\t<\/div>\n\t\t\t\t\t\t\t\t<\/div>\n\t\t\t\t<\/div>\n\t\t\t\t\t<\/div>\n\t\t<\/div>\n\t\t\t\t\t<\/div>\n\t\t<\/section>\n\t\t\t\t<\/div>\n\t\t","protected":false},"excerpt":{"rendered":"<p>Esta prueba permitir\u00e1 a TLCd\u00e9nia conocer tu nivel de espa\u00f1ol para ofrecerte el grupo adecuado. Por favor, contesta tantas preguntas como puedas y no te preocupes si no puedes contestarlas todas. Hazlo sin ayuda para que los resultados sean m\u00e1s &hellip; <\/p>\n","protected":false},"author":2,"featured_media":0,"parent":0,"menu_order":0,"comment_status":"closed","ping_status":"closed","template":"page-templates\/page-ourschool.php","meta":{"_acf_changed":false,"footnotes":""},"class_list":["post-45256","page","type-page","status-publish","hentry"],"acf":[],"yoast_head":"<!-- This site is optimized with the Yoast SEO plugin v26.9 - https:\/\/yoast.com\/product\/yoast-seo-wordpress\/ -->\n<title>Spanish Online test - Escuela TLCd\u00e9nia - Sitio web oficial<\/title>\n<meta name=\"robots\" content=\"index, follow, max-snippet:-1, max-image-preview:large, max-video-preview:-1\" \/>\n<link rel=\"canonical\" href=\"https:\/\/tlcdenia.com\/es\/spanish-test\/\" \/>\n<meta property=\"og:locale\" content=\"es_ES\" \/>\n<meta property=\"og:type\" content=\"article\" \/>\n<meta property=\"og:title\" content=\"Spanish Online test - Escuela TLCd\u00e9nia - Sitio web oficial\" \/>\n<meta property=\"og:description\" content=\"Esta prueba permitir\u00e1 a TLCd\u00e9nia conocer tu nivel de espa\u00f1ol para ofrecerte el grupo adecuado. Por favor, contesta tantas preguntas como puedas y no te preocupes si no puedes contestarlas todas. Hazlo sin ayuda para que los resultados sean m\u00e1s &hellip;\" \/>\n<meta property=\"og:url\" content=\"https:\/\/tlcdenia.com\/es\/spanish-test\/\" \/>\n<meta property=\"og:site_name\" content=\"Escuela TLCd\u00e9nia - Sitio web oficial\" \/>\n<meta property=\"article:modified_time\" content=\"2023-10-17T06:38:08+00:00\" \/>\n<meta name=\"twitter:card\" content=\"summary_large_image\" \/>\n<meta name=\"twitter:label1\" content=\"Tiempo de lectura\" \/>\n\t<meta name=\"twitter:data1\" content=\"2 minutos\" \/>\n<script type=\"application\/ld+json\" class=\"yoast-schema-graph\">{\"@context\":\"https:\/\/schema.org\",\"@graph\":[{\"@type\":\"WebPage\",\"@id\":\"https:\/\/tlcdenia.com\/es\/spanish-test\/\",\"url\":\"https:\/\/tlcdenia.com\/es\/spanish-test\/\",\"name\":\"Spanish Online test - Escuela TLCd\u00e9nia - Sitio web oficial\",\"isPartOf\":{\"@id\":\"https:\/\/tlcdenia.com\/es\/#website\"},\"datePublished\":\"2023-07-24T15:52:13+00:00\",\"dateModified\":\"2023-10-17T06:38:08+00:00\",\"breadcrumb\":{\"@id\":\"https:\/\/tlcdenia.com\/es\/spanish-test\/#breadcrumb\"},\"inLanguage\":\"es\",\"potentialAction\":[{\"@type\":\"ReadAction\",\"target\":[\"https:\/\/tlcdenia.com\/es\/spanish-test\/\"]}]},{\"@type\":\"BreadcrumbList\",\"@id\":\"https:\/\/tlcdenia.com\/es\/spanish-test\/#breadcrumb\",\"itemListElement\":[{\"@type\":\"ListItem\",\"position\":1,\"name\":\"Home\",\"item\":\"https:\/\/tlcdenia.com\/es\/\"},{\"@type\":\"ListItem\",\"position\":2,\"name\":\"Spanish Online test\"}]},{\"@type\":\"WebSite\",\"@id\":\"https:\/\/tlcdenia.com\/es\/#website\",\"url\":\"https:\/\/tlcdenia.com\/es\/\",\"name\":\"Escuela TLCd\u00e9nia - Sitio web oficial\",\"description\":\"Languages Center\",\"potentialAction\":[{\"@type\":\"SearchAction\",\"target\":{\"@type\":\"EntryPoint\",\"urlTemplate\":\"https:\/\/tlcdenia.com\/es\/?s={search_term_string}\"},\"query-input\":{\"@type\":\"PropertyValueSpecification\",\"valueRequired\":true,\"valueName\":\"search_term_string\"}}],\"inLanguage\":\"es\"}]}<\/script>\n<!-- \/ Yoast SEO plugin. -->","yoast_head_json":{"title":"Spanish Online test - Escuela TLCd\u00e9nia - Sitio web oficial","robots":{"index":"index","follow":"follow","max-snippet":"max-snippet:-1","max-image-preview":"max-image-preview:large","max-video-preview":"max-video-preview:-1"},"canonical":"https:\/\/tlcdenia.com\/es\/spanish-test\/","og_locale":"es_ES","og_type":"article","og_title":"Spanish Online test - Escuela TLCd\u00e9nia - Sitio web oficial","og_description":"Esta prueba permitir\u00e1 a TLCd\u00e9nia conocer tu nivel de espa\u00f1ol para ofrecerte el grupo adecuado. Por favor, contesta tantas preguntas como puedas y no te preocupes si no puedes contestarlas todas. Hazlo sin ayuda para que los resultados sean m\u00e1s &hellip;","og_url":"https:\/\/tlcdenia.com\/es\/spanish-test\/","og_site_name":"Escuela TLCd\u00e9nia - Sitio web oficial","article_modified_time":"2023-10-17T06:38:08+00:00","twitter_card":"summary_large_image","twitter_misc":{"Tiempo de lectura":"2 minutos"},"schema":{"@context":"https:\/\/schema.org","@graph":[{"@type":"WebPage","@id":"https:\/\/tlcdenia.com\/es\/spanish-test\/","url":"https:\/\/tlcdenia.com\/es\/spanish-test\/","name":"Spanish Online test - Escuela TLCd\u00e9nia - Sitio web oficial","isPartOf":{"@id":"https:\/\/tlcdenia.com\/es\/#website"},"datePublished":"2023-07-24T15:52:13+00:00","dateModified":"2023-10-17T06:38:08+00:00","breadcrumb":{"@id":"https:\/\/tlcdenia.com\/es\/spanish-test\/#breadcrumb"},"inLanguage":"es","potentialAction":[{"@type":"ReadAction","target":["https:\/\/tlcdenia.com\/es\/spanish-test\/"]}]},{"@type":"BreadcrumbList","@id":"https:\/\/tlcdenia.com\/es\/spanish-test\/#breadcrumb","itemListElement":[{"@type":"ListItem","position":1,"name":"Home","item":"https:\/\/tlcdenia.com\/es\/"},{"@type":"ListItem","position":2,"name":"Spanish Online test"}]},{"@type":"WebSite","@id":"https:\/\/tlcdenia.com\/es\/#website","url":"https:\/\/tlcdenia.com\/es\/","name":"Escuela TLCd\u00e9nia - Sitio web oficial","description":"Languages Center","potentialAction":[{"@type":"SearchAction","target":{"@type":"EntryPoint","urlTemplate":"https:\/\/tlcdenia.com\/es\/?s={search_term_string}"},"query-input":{"@type":"PropertyValueSpecification","valueRequired":true,"valueName":"search_term_string"}}],"inLanguage":"es"}]}},"_links":{"self":[{"href":"https:\/\/tlcdenia.com\/es\/wp-json\/wp\/v2\/pages\/45256","targetHints":{"allow":["GET"]}}],"collection":[{"href":"https:\/\/tlcdenia.com\/es\/wp-json\/wp\/v2\/pages"}],"about":[{"href":"https:\/\/tlcdenia.com\/es\/wp-json\/wp\/v2\/types\/page"}],"author":[{"embeddable":true,"href":"https:\/\/tlcdenia.com\/es\/wp-json\/wp\/v2\/users\/2"}],"replies":[{"embeddable":true,"href":"https:\/\/tlcdenia.com\/es\/wp-json\/wp\/v2\/comments?post=45256"}],"version-history":[{"count":4,"href":"https:\/\/tlcdenia.com\/es\/wp-json\/wp\/v2\/pages\/45256\/revisions"}],"predecessor-version":[{"id":67213,"href":"https:\/\/tlcdenia.com\/es\/wp-json\/wp\/v2\/pages\/45256\/revisions\/67213"}],"wp:attachment":[{"href":"https:\/\/tlcdenia.com\/es\/wp-json\/wp\/v2\/media?parent=45256"}],"curies":[{"name":"wp","href":"https:\/\/api.w.org\/{rel}","templated":true}]}}