{"id":45172,"date":"2023-07-24T15:51:56","date_gmt":"2023-07-24T15:51:56","guid":{"rendered":"https:\/\/tlcdenia.xyz\/ingles-en-denia-cursos-de-preparacion-examenes-cambridge-y-oxford\/"},"modified":"2025-12-04T14:20:18","modified_gmt":"2025-12-04T14:20:18","slug":"cursos-preparacion-examenes-denia","status":"publish","type":"page","link":"https:\/\/tlcdenia.com\/es\/cursos-preparacion-examenes-denia\/","title":{"rendered":"Ingl\u00e9s en Denia \u2013 Cursos de preparaci\u00f3n ex\u00e1menes Cambridge y Oxford"},"content":{"rendered":"\t\t<div data-elementor-type=\"wp-page\" data-elementor-id=\"45172\" class=\"elementor elementor-45172\" data-elementor-post-type=\"page\">\n\t\t\t\t\t\t<section class=\"elementor-section elementor-top-section elementor-element elementor-element-7770076b elementor-section-boxed elementor-section-height-default elementor-section-height-default\" data-id=\"7770076b\" data-element_type=\"section\" data-e-type=\"section\">\n\t\t\t\t\t\t<div class=\"elementor-container elementor-column-gap-default\">\n\t\t\t\t\t<div class=\"elementor-column elementor-col-100 elementor-top-column elementor-element elementor-element-681cc6b3\" data-id=\"681cc6b3\" data-element_type=\"column\" data-e-type=\"column\">\n\t\t\t<div class=\"elementor-widget-wrap elementor-element-populated\">\n\t\t\t\t\t\t<div class=\"elementor-element elementor-element-7809772c elementor-widget elementor-widget-text-editor\" data-id=\"7809772c\" data-element_type=\"widget\" data-e-type=\"widget\" data-widget_type=\"text-editor.default\">\n\t\t\t\t<div class=\"elementor-widget-container\">\n\t\t\t\t\t\t\t\t\t<h2>CURSOS DE INGL\u00c9S EN DENIA&nbsp; &#8211; PREPARACI\u00d3N DE EX\u00c1MENES OFICIALES<\/h2>\n<p>CLASES PRIVADAS<br><span style=\"color: var( --e-global-color-text ); font-family: var( --e-global-typography-text-font-family ), Sans-serif; font-size: var(--thim-font-body-font-size); font-weight: var( --e-global-typography-text-font-weight );\">El precio de las clases privadas de ingl\u00e9s depende del n\u00famero de lecciones que realices. Aqu\u00ed tienes los precios:<\/span><\/p>\n<p><span style=\"color: var( --e-global-color-text ); font-family: var( --e-global-typography-text-font-family ), Sans-serif; font-weight: var( --e-global-typography-text-font-weight ); font-size: var(--thim-font-body-font-size);\">10 lecciones: 395 \u20ac<br><\/span><span style=\"color: var( --e-global-color-text ); font-family: var( --e-global-typography-text-font-family ), Sans-serif; font-weight: var( --e-global-typography-text-font-weight ); font-size: var(--thim-font-body-font-size);\">20 lecciones: 700 \u20ac<br><\/span><span style=\"color: var( --e-global-color-text ); font-family: var( --e-global-typography-text-font-family ), Sans-serif; font-size: var(--thim-font-body-font-size);\"><span style=\"font-weight: var( --e-global-typography-text-font-weight );\">30 lecciones: 990 \u20ac<br><\/span><\/span>+ 40 \u20ac de inscripci\u00f3n<strong style=\"color: var( --e-global-color-text ); font-family: var( --e-global-typography-text-font-family ), Sans-serif; font-size: var(--thim-font-body-font-size);\"><br>1 lecci\u00f3n tiene una duraci\u00f3n de 45 minutos.<\/strong><\/p>\n<p>EX\u00c1MENES DE CAMBRIDGE, EOI y OXFORD<strong><br><\/strong><\/p>\n<p>En TLCd\u00e9nia ofrecemos&nbsp;<strong>clases privadas de ingl\u00e9s de preparaci\u00f3n de los ex\u00e1menes de Cambridge<\/strong>&nbsp;University: Los certificados oficiales de Cambridge por niveles niveles son&nbsp;<em>Key English&nbsp;Test&nbsp;<\/em>(<strong>KET<\/strong>),&nbsp;<em>Preliminary English Test<\/em>&nbsp;(<strong>PET<\/strong>),&nbsp;<em>First Certificate in English<\/em>&nbsp;(<strong>FCE<\/strong>),&nbsp;<em>Cambridge English<strong>&nbsp;<\/strong>Advanced<\/em>&nbsp;(<strong>CAE<\/strong>) y&nbsp;<em>Certificate of Proficiency in English<\/em>&nbsp;(<strong>CPE<\/strong>). Tambi\u00e9n preparamos los ex\u00e1menes de la&nbsp;<strong>EOI<\/strong>&nbsp;<strong>(Escuela Oficial de Idiomas)<\/strong>&nbsp;y&nbsp;<strong>Oxford Test of English (OTE).<\/strong><\/p>\n<p><\/p>\n<p align=\"justify\">En las clases&nbsp;<strong>de ingl\u00e9s de preparaci\u00f3n<\/strong>&nbsp;practican todas las partes del examen<strong>&nbsp;<em>(Reading, Listening, Use of English and Speaking)<\/em><\/strong>&nbsp;Tenemos cursos de ingl\u00e9s general + clases de simulaci\u00f3n de ex\u00e1menes.<\/p>\n<p>Estos cursos incluyen:<\/p>\n<ul>\n<li>Todo el&nbsp;<strong>material incluido.<\/strong><\/li>\n<li>Libros de<strong>&nbsp;lectura&nbsp;<\/strong>de ingl\u00e9s de pr\u00e9stamo.<\/li>\n<\/ul>\t\t\t\t\t\t\t\t<\/div>\n\t\t\t\t<\/div>\n\t\t\t\t\t<\/div>\n\t\t<\/div>\n\t\t\t\t\t<\/div>\n\t\t<\/section>\n\t\t\t\t<section class=\"elementor-section elementor-top-section elementor-element elementor-element-56b834dd elementor-section-boxed elementor-section-height-default elementor-section-height-default\" data-id=\"56b834dd\" data-element_type=\"section\" data-e-type=\"section\" data-settings=\"{&quot;background_background&quot;:&quot;classic&quot;}\">\n\t\t\t\t\t\t<div class=\"elementor-container elementor-column-gap-default\">\n\t\t\t\t\t<div class=\"elementor-column elementor-col-50 elementor-top-column elementor-element elementor-element-247355a2\" data-id=\"247355a2\" data-element_type=\"column\" data-e-type=\"column\" data-settings=\"{&quot;background_background&quot;:&quot;classic&quot;}\">\n\t\t\t<div class=\"elementor-widget-wrap elementor-element-populated\">\n\t\t\t\t\t\t<div class=\"elementor-element elementor-element-665a5f00 elementor-widget elementor-widget-heading\" data-id=\"665a5f00\" data-element_type=\"widget\" data-e-type=\"widget\" data-widget_type=\"heading.default\">\n\t\t\t\t<div class=\"elementor-widget-container\">\n\t\t\t\t\t<h2 class=\"elementor-heading-title elementor-size-default\">ingl\u00e9s preparaci\u00f3n ex\u00e1menes en denia<\/h2>\t\t\t\t<\/div>\n\t\t\t\t<\/div>\n\t\t\t\t<div class=\"elementor-element elementor-element-7073a19a elementor-widget elementor-widget-image\" data-id=\"7073a19a\" data-element_type=\"widget\" data-e-type=\"widget\" data-widget_type=\"image.default\">\n\t\t\t\t<div class=\"elementor-widget-container\">\n\t\t\t\t\t\t\t\t\t\t\t\t\t\t\t<img fetchpriority=\"high\" decoding=\"async\" width=\"500\" height=\"281\" src=\"https:\/\/tlcdenia.com\/wp-content\/uploads\/2023\/07\/academia-ingles-cambridge-denia.png\" class=\"attachment-medium_large size-medium_large wp-image-45181\" alt=\"\" srcset=\"https:\/\/tlcdenia.com\/wp-content\/uploads\/2023\/07\/academia-ingles-cambridge-denia.png 500w, https:\/\/tlcdenia.com\/wp-content\/uploads\/2023\/07\/academia-ingles-cambridge-denia-300x169.png 300w\" sizes=\"(max-width: 500px) 100vw, 500px\" \/>\t\t\t\t\t\t\t\t\t\t\t\t\t\t\t<\/div>\n\t\t\t\t<\/div>\n\t\t\t\t\t<\/div>\n\t\t<\/div>\n\t\t\t\t<div class=\"elementor-column elementor-col-50 elementor-top-column elementor-element elementor-element-c39d17b\" data-id=\"c39d17b\" data-element_type=\"column\" data-e-type=\"column\">\n\t\t\t<div class=\"elementor-widget-wrap elementor-element-populated\">\n\t\t\t\t\t\t<div class=\"elementor-element elementor-element-6d561b9a elementor-widget elementor-widget-text-editor\" data-id=\"6d561b9a\" data-element_type=\"widget\" data-e-type=\"widget\" data-widget_type=\"text-editor.default\">\n\t\t\t\t<div class=\"elementor-widget-container\">\n\t\t\t\t\t\t\t\t\t<p align=\"justify\"><strong>PRACTICAMOS LAS 4 PARTES DEL EXAMEN<\/strong><\/p><p align=\"justify\">Para superar los ex\u00e1menes con \u00e9xito es fundamental practicar lo m\u00e1ximo posible cada una de las partes de los ex\u00e1menes, que corresponden a las cuatro destrezas del ingl\u00e9s.<\/p><p>Elige aquellas clases de ingl\u00e9s de nuestro calendario, que correspondan a cada destreza:<br \/>&#8211;\u00a0<em>English Reading<\/em>\u00a0(expresi\u00f3n lectora)<br \/>&#8211;\u00a0<em>English Writing<\/em>\u00a0(expresi\u00f3n escrita)<br \/>&#8211;\u00a0<em>English Listening<\/em>\u00a0(comprensi\u00f3n auditiva)<br \/>&#8211;\u00a0<em>English Speaking<\/em>\u00a0(expresi\u00f3n oral)<\/p>\t\t\t\t\t\t\t\t<\/div>\n\t\t\t\t<\/div>\n\t\t\t\t<div class=\"elementor-element elementor-element-f03fd7b elementor-align-center elementor-widget elementor-widget-button\" data-id=\"f03fd7b\" data-element_type=\"widget\" data-e-type=\"widget\" data-widget_type=\"button.default\">\n\t\t\t\t<div class=\"elementor-widget-container\">\n\t\t\t\t\t\t\t\t\t<div class=\"elementor-button-wrapper\">\n\t\t\t\t\t<a class=\"elementor-button elementor-button-link elementor-size-sm\" href=\"\/contacto\/\">\n\t\t\t\t\t\t<span class=\"elementor-button-content-wrapper\">\n\t\t\t\t\t\t<span class=\"elementor-button-icon\">\n\t\t\t\t<svg aria-hidden=\"true\" class=\"e-font-icon-svg e-fas-arrow-circle-right\" viewBox=\"0 0 512 512\" xmlns=\"http:\/\/www.w3.org\/2000\/svg\"><path d=\"M256 8c137 0 248 111 248 248S393 504 256 504 8 393 8 256 119 8 256 8zm-28.9 143.6l75.5 72.4H120c-13.3 0-24 10.7-24 24v16c0 13.3 10.7 24 24 24h182.6l-75.5 72.4c-9.7 9.3-9.9 24.8-.4 34.3l11 10.9c9.4 9.4 24.6 9.4 33.9 0L404.3 273c9.4-9.4 9.4-24.6 0-33.9L271.6 106.3c-9.4-9.4-24.6-9.4-33.9 0l-11 10.9c-9.5 9.6-9.3 25.1.4 34.4z\"><\/path><\/svg>\t\t\t<\/span>\n\t\t\t\t\t\t\t\t\t<span class=\"elementor-button-text\">CONT\u00c1CTANOS<\/span>\n\t\t\t\t\t<\/span>\n\t\t\t\t\t<\/a>\n\t\t\t\t<\/div>\n\t\t\t\t\t\t\t\t<\/div>\n\t\t\t\t<\/div>\n\t\t\t\t\t<\/div>\n\t\t<\/div>\n\t\t\t\t\t<\/div>\n\t\t<\/section>\n\t\t\t\t<section class=\"elementor-section elementor-top-section elementor-element elementor-element-afd54b elementor-section-boxed elementor-section-height-default elementor-section-height-default\" data-id=\"afd54b\" data-element_type=\"section\" data-e-type=\"section\" data-settings=\"{&quot;background_background&quot;:&quot;classic&quot;}\">\n\t\t\t\t\t\t<div class=\"elementor-container elementor-column-gap-default\">\n\t\t\t\t\t<div class=\"elementor-column elementor-col-100 elementor-top-column elementor-element elementor-element-10fd274e\" data-id=\"10fd274e\" data-element_type=\"column\" data-e-type=\"column\">\n\t\t\t<div class=\"elementor-widget-wrap elementor-element-populated\">\n\t\t\t\t\t\t<div class=\"elementor-element elementor-element-19bb45a1 elementor-widget elementor-widget-heading\" data-id=\"19bb45a1\" data-element_type=\"widget\" data-e-type=\"widget\" data-widget_type=\"heading.default\">\n\t\t\t\t<div class=\"elementor-widget-container\">\n\t\t\t\t\t<h3 class=\"elementor-heading-title elementor-size-default\"><h2><span style=\", sans-serif;font-size: 30px;font-weight: normal;letter-spacing: 0.1px\">PR\u00c1CTICAS DE EXAMEN Y SIMULACIONES:<\/span><span style=\", sans-serif;font-size: 30px;font-weight: normal;letter-spacing: 0.1px\"><\/span><br><\/h2><\/h3>\t\t\t\t<\/div>\n\t\t\t\t<\/div>\n\t\t\t\t<div class=\"elementor-element elementor-element-3e6a044d elementor-widget elementor-widget-image\" data-id=\"3e6a044d\" data-element_type=\"widget\" data-e-type=\"widget\" data-widget_type=\"image.default\">\n\t\t\t\t<div class=\"elementor-widget-container\">\n\t\t\t\t\t\t\t\t\t\t\t\t\t\t\t<img decoding=\"async\" width=\"640\" height=\"151\" src=\"https:\/\/tlcdenia.com\/wp-content\/uploads\/2023\/07\/preparacion-examenes-ingles.png\" class=\"attachment-large size-large wp-image-49915\" alt=\"\" srcset=\"https:\/\/tlcdenia.com\/wp-content\/uploads\/2023\/07\/preparacion-examenes-ingles.png 710w, https:\/\/tlcdenia.com\/wp-content\/uploads\/2023\/07\/preparacion-examenes-ingles-300x71.png 300w\" sizes=\"(max-width: 640px) 100vw, 640px\" \/>\t\t\t\t\t\t\t\t\t\t\t\t\t\t\t<\/div>\n\t\t\t\t<\/div>\n\t\t\t\t<div class=\"elementor-element elementor-element-285f1ec6 elementor-widget elementor-widget-text-editor\" data-id=\"285f1ec6\" data-element_type=\"widget\" data-e-type=\"widget\" data-widget_type=\"text-editor.default\">\n\t\t\t\t<div class=\"elementor-widget-container\">\n\t\t\t\t\t\t\t\t\t<p>En las clases de preparaci\u00f3n de ex\u00e1menes se realizan pr\u00e1cticas continuas de examen con modelos reales. Adem\u00e1s, peri\u00f3dicamente realizamos clases extras de simulaci\u00f3n de ex\u00e1menes. Te ayudamos a presentarte al examen con total seguridad realizando pr\u00e1cticas previas para saber al cien por cien, que est\u00e1s preparado para aprobar.<\/p>\t\t\t\t\t\t\t\t<\/div>\n\t\t\t\t<\/div>\n\t\t\t\t<div class=\"elementor-element elementor-element-69f8e0bd elementor-align-left elementor-widget elementor-widget-button\" data-id=\"69f8e0bd\" data-element_type=\"widget\" data-e-type=\"widget\" data-widget_type=\"button.default\">\n\t\t\t\t<div class=\"elementor-widget-container\">\n\t\t\t\t\t\t\t\t\t<div class=\"elementor-button-wrapper\">\n\t\t\t\t\t<a class=\"elementor-button elementor-button-link elementor-size-sm\" href=\"\/contacto\/\" target=\"_blank\">\n\t\t\t\t\t\t<span class=\"elementor-button-content-wrapper\">\n\t\t\t\t\t\t<span class=\"elementor-button-icon\">\n\t\t\t\t<svg aria-hidden=\"true\" class=\"e-font-icon-svg e-fas-info-circle\" viewBox=\"0 0 512 512\" xmlns=\"http:\/\/www.w3.org\/2000\/svg\"><path d=\"M256 8C119.043 8 8 119.083 8 256c0 136.997 111.043 248 248 248s248-111.003 248-248C504 119.083 392.957 8 256 8zm0 110c23.196 0 42 18.804 42 42s-18.804 42-42 42-42-18.804-42-42 18.804-42 42-42zm56 254c0 6.627-5.373 12-12 12h-88c-6.627 0-12-5.373-12-12v-24c0-6.627 5.373-12 12-12h12v-64h-12c-6.627 0-12-5.373-12-12v-24c0-6.627 5.373-12 12-12h64c6.627 0 12 5.373 12 12v100h12c6.627 0 12 5.373 12 12v24z\"><\/path><\/svg>\t\t\t<\/span>\n\t\t\t\t\t\t\t\t\t<span class=\"elementor-button-text\">INSCRIPCI\u00d3N AQU\u00cd<\/span>\n\t\t\t\t\t<\/span>\n\t\t\t\t\t<\/a>\n\t\t\t\t<\/div>\n\t\t\t\t\t\t\t\t<\/div>\n\t\t\t\t<\/div>\n\t\t\t\t\t<\/div>\n\t\t<\/div>\n\t\t\t\t\t<\/div>\n\t\t<\/section>\n\t\t\t\t<section class=\"elementor-section elementor-top-section elementor-element elementor-element-6a543084 elementor-section-boxed elementor-section-height-default elementor-section-height-default\" data-id=\"6a543084\" data-element_type=\"section\" data-e-type=\"section\" data-settings=\"{&quot;background_background&quot;:&quot;classic&quot;}\">\n\t\t\t\t\t\t<div class=\"elementor-container elementor-column-gap-default\">\n\t\t\t\t\t<div class=\"elementor-column elementor-col-100 elementor-top-column elementor-element elementor-element-42540697\" data-id=\"42540697\" data-element_type=\"column\" data-e-type=\"column\">\n\t\t\t<div class=\"elementor-widget-wrap elementor-element-populated\">\n\t\t\t\t\t\t<div class=\"elementor-element elementor-element-42a4e75b elementor-widget elementor-widget-heading\" data-id=\"42a4e75b\" data-element_type=\"widget\" data-e-type=\"widget\" data-widget_type=\"heading.default\">\n\t\t\t\t<div class=\"elementor-widget-container\">\n\t\t\t\t\t<h3 class=\"elementor-heading-title elementor-size-default\">CURSOS DE INGL\u00c9S PARA NI\u00d1OS:<\/h3>\t\t\t\t<\/div>\n\t\t\t\t<\/div>\n\t\t\t\t<div class=\"elementor-element elementor-element-7727616d elementor-widget elementor-widget-text-editor\" data-id=\"7727616d\" data-element_type=\"widget\" data-e-type=\"widget\" data-widget_type=\"text-editor.default\">\n\t\t\t\t<div class=\"elementor-widget-container\">\n\t\t\t\t\t\t\t\t\t<p>Ofrecemos cursos de ingl\u00e9s para ni\u00f1os de 4 a 16 a\u00f1os.<\/p>\t\t\t\t\t\t\t\t<\/div>\n\t\t\t\t<\/div>\n\t\t\t\t<div class=\"elementor-element elementor-element-2d126d0a elementor-widget elementor-widget-image\" data-id=\"2d126d0a\" data-element_type=\"widget\" data-e-type=\"widget\" data-widget_type=\"image.default\">\n\t\t\t\t<div class=\"elementor-widget-container\">\n\t\t\t\t\t\t\t\t\t\t\t\t\t\t\t<img decoding=\"async\" src=\"https:\/\/tlcdenia.com\/wp-content\/uploads\/2023\/07\/Ingles-ninos-denia.jpg\" title=\"\" alt=\"\" loading=\"lazy\" \/>\t\t\t\t\t\t\t\t\t\t\t\t\t\t\t<\/div>\n\t\t\t\t<\/div>\n\t\t\t\t<div class=\"elementor-element elementor-element-42ec72bf elementor-align-center elementor-widget elementor-widget-button\" data-id=\"42ec72bf\" data-element_type=\"widget\" data-e-type=\"widget\" data-widget_type=\"button.default\">\n\t\t\t\t<div class=\"elementor-widget-container\">\n\t\t\t\t\t\t\t\t\t<div class=\"elementor-button-wrapper\">\n\t\t\t\t\t<a class=\"elementor-button elementor-button-link elementor-size-sm\" href=\"https:\/\/tlcdenia.com\/es\/cursos-ingles-denia-ninos\/\">\n\t\t\t\t\t\t<span class=\"elementor-button-content-wrapper\">\n\t\t\t\t\t\t<span class=\"elementor-button-icon\">\n\t\t\t\t<svg aria-hidden=\"true\" class=\"e-font-icon-svg e-fas-arrow-circle-right\" viewBox=\"0 0 512 512\" xmlns=\"http:\/\/www.w3.org\/2000\/svg\"><path d=\"M256 8c137 0 248 111 248 248S393 504 256 504 8 393 8 256 119 8 256 8zm-28.9 143.6l75.5 72.4H120c-13.3 0-24 10.7-24 24v16c0 13.3 10.7 24 24 24h182.6l-75.5 72.4c-9.7 9.3-9.9 24.8-.4 34.3l11 10.9c9.4 9.4 24.6 9.4 33.9 0L404.3 273c9.4-9.4 9.4-24.6 0-33.9L271.6 106.3c-9.4-9.4-24.6-9.4-33.9 0l-11 10.9c-9.5 9.6-9.3 25.1.4 34.4z\"><\/path><\/svg>\t\t\t<\/span>\n\t\t\t\t\t\t\t\t\t<span class=\"elementor-button-text\">M\u00c1S INFORMACI\u00d3N<\/span>\n\t\t\t\t\t<\/span>\n\t\t\t\t\t<\/a>\n\t\t\t\t<\/div>\n\t\t\t\t\t\t\t\t<\/div>\n\t\t\t\t<\/div>\n\t\t\t\t\t<\/div>\n\t\t<\/div>\n\t\t\t\t\t<\/div>\n\t\t<\/section>\n\t\t\t\t<\/div>\n\t\t","protected":false},"excerpt":{"rendered":"<p>CURSOS DE INGL\u00c9S EN DENIA&nbsp; &#8211; PREPARACI\u00d3N DE EX\u00c1MENES OFICIALES CLASES PRIVADASEl precio de las clases privadas de ingl\u00e9s depende del n\u00famero de lecciones que realices. Aqu\u00ed tienes los precios: 10 lecciones: 395 \u20ac20 lecciones: 700 \u20ac30 lecciones: 990 \u20ac+ &hellip; <\/p>\n","protected":false},"author":2,"featured_media":45181,"parent":0,"menu_order":0,"comment_status":"closed","ping_status":"closed","template":"","meta":{"_acf_changed":false,"footnotes":""},"class_list":["post-45172","page","type-page","status-publish","has-post-thumbnail","hentry"],"acf":[],"yoast_head":"<!-- This site is optimized with the Yoast SEO plugin v26.9 - https:\/\/yoast.com\/product\/yoast-seo-wordpress\/ -->\n<title>Ingl\u00e9s en Denia \u2013 Cursos de preparaci\u00f3n ex\u00e1menes Cambridge y Oxford - Escuela TLCd\u00e9nia - Sitio web oficial<\/title>\n<meta name=\"robots\" content=\"index, follow, max-snippet:-1, max-image-preview:large, max-video-preview:-1\" \/>\n<link rel=\"canonical\" href=\"https:\/\/tlcdenia.com\/es\/cursos-preparacion-examenes-denia\/\" \/>\n<meta property=\"og:locale\" content=\"es_ES\" \/>\n<meta property=\"og:type\" content=\"article\" \/>\n<meta property=\"og:title\" content=\"Ingl\u00e9s en Denia \u2013 Cursos de preparaci\u00f3n ex\u00e1menes Cambridge y Oxford - Escuela TLCd\u00e9nia - Sitio web oficial\" \/>\n<meta property=\"og:description\" content=\"CURSOS DE INGL\u00c9S EN DENIA&nbsp; &#8211; PREPARACI\u00d3N DE EX\u00c1MENES OFICIALES CLASES PRIVADASEl precio de las clases privadas de ingl\u00e9s depende del n\u00famero de lecciones que realices. Aqu\u00ed tienes los precios: 10 lecciones: 395 \u20ac20 lecciones: 700 \u20ac30 lecciones: 990 \u20ac+ &hellip;\" \/>\n<meta property=\"og:url\" content=\"https:\/\/tlcdenia.com\/es\/cursos-preparacion-examenes-denia\/\" \/>\n<meta property=\"og:site_name\" content=\"Escuela TLCd\u00e9nia - Sitio web oficial\" \/>\n<meta property=\"article:modified_time\" content=\"2025-12-04T14:20:18+00:00\" \/>\n<meta property=\"og:image\" content=\"https:\/\/tlcdenia.com\/wp-content\/uploads\/2023\/07\/academia-ingles-cambridge-denia.png\" \/>\n\t<meta property=\"og:image:width\" content=\"500\" \/>\n\t<meta property=\"og:image:height\" content=\"281\" \/>\n\t<meta property=\"og:image:type\" content=\"image\/png\" \/>\n<meta name=\"twitter:card\" content=\"summary_large_image\" \/>\n<meta name=\"twitter:label1\" content=\"Tiempo de lectura\" \/>\n\t<meta name=\"twitter:data1\" content=\"3 minutos\" \/>\n<script type=\"application\/ld+json\" class=\"yoast-schema-graph\">{\"@context\":\"https:\/\/schema.org\",\"@graph\":[{\"@type\":\"WebPage\",\"@id\":\"https:\/\/tlcdenia.com\/es\/cursos-preparacion-examenes-denia\/\",\"url\":\"https:\/\/tlcdenia.com\/es\/cursos-preparacion-examenes-denia\/\",\"name\":\"Ingl\u00e9s en Denia \u2013 Cursos de preparaci\u00f3n ex\u00e1menes Cambridge y Oxford - Escuela TLCd\u00e9nia - Sitio web oficial\",\"isPartOf\":{\"@id\":\"https:\/\/tlcdenia.com\/es\/#website\"},\"primaryImageOfPage\":{\"@id\":\"https:\/\/tlcdenia.com\/es\/cursos-preparacion-examenes-denia\/#primaryimage\"},\"image\":{\"@id\":\"https:\/\/tlcdenia.com\/es\/cursos-preparacion-examenes-denia\/#primaryimage\"},\"thumbnailUrl\":\"https:\/\/tlcdenia.com\/wp-content\/uploads\/2023\/07\/academia-ingles-cambridge-denia.png\",\"datePublished\":\"2023-07-24T15:51:56+00:00\",\"dateModified\":\"2025-12-04T14:20:18+00:00\",\"breadcrumb\":{\"@id\":\"https:\/\/tlcdenia.com\/es\/cursos-preparacion-examenes-denia\/#breadcrumb\"},\"inLanguage\":\"es\",\"potentialAction\":[{\"@type\":\"ReadAction\",\"target\":[\"https:\/\/tlcdenia.com\/es\/cursos-preparacion-examenes-denia\/\"]}]},{\"@type\":\"ImageObject\",\"inLanguage\":\"es\",\"@id\":\"https:\/\/tlcdenia.com\/es\/cursos-preparacion-examenes-denia\/#primaryimage\",\"url\":\"https:\/\/tlcdenia.com\/wp-content\/uploads\/2023\/07\/academia-ingles-cambridge-denia.png\",\"contentUrl\":\"https:\/\/tlcdenia.com\/wp-content\/uploads\/2023\/07\/academia-ingles-cambridge-denia.png\",\"width\":500,\"height\":281},{\"@type\":\"BreadcrumbList\",\"@id\":\"https:\/\/tlcdenia.com\/es\/cursos-preparacion-examenes-denia\/#breadcrumb\",\"itemListElement\":[{\"@type\":\"ListItem\",\"position\":1,\"name\":\"Home\",\"item\":\"https:\/\/tlcdenia.com\/es\/\"},{\"@type\":\"ListItem\",\"position\":2,\"name\":\"Ingl\u00e9s en Denia \u2013 Cursos de preparaci\u00f3n ex\u00e1menes Cambridge y Oxford\"}]},{\"@type\":\"WebSite\",\"@id\":\"https:\/\/tlcdenia.com\/es\/#website\",\"url\":\"https:\/\/tlcdenia.com\/es\/\",\"name\":\"Escuela TLCd\u00e9nia - Sitio web oficial\",\"description\":\"Languages Center\",\"potentialAction\":[{\"@type\":\"SearchAction\",\"target\":{\"@type\":\"EntryPoint\",\"urlTemplate\":\"https:\/\/tlcdenia.com\/es\/?s={search_term_string}\"},\"query-input\":{\"@type\":\"PropertyValueSpecification\",\"valueRequired\":true,\"valueName\":\"search_term_string\"}}],\"inLanguage\":\"es\"}]}<\/script>\n<!-- \/ Yoast SEO plugin. -->","yoast_head_json":{"title":"Ingl\u00e9s en Denia \u2013 Cursos de preparaci\u00f3n ex\u00e1menes Cambridge y Oxford - Escuela TLCd\u00e9nia - Sitio web oficial","robots":{"index":"index","follow":"follow","max-snippet":"max-snippet:-1","max-image-preview":"max-image-preview:large","max-video-preview":"max-video-preview:-1"},"canonical":"https:\/\/tlcdenia.com\/es\/cursos-preparacion-examenes-denia\/","og_locale":"es_ES","og_type":"article","og_title":"Ingl\u00e9s en Denia \u2013 Cursos de preparaci\u00f3n ex\u00e1menes Cambridge y Oxford - Escuela TLCd\u00e9nia - Sitio web oficial","og_description":"CURSOS DE INGL\u00c9S EN DENIA&nbsp; &#8211; PREPARACI\u00d3N DE EX\u00c1MENES OFICIALES CLASES PRIVADASEl precio de las clases privadas de ingl\u00e9s depende del n\u00famero de lecciones que realices. Aqu\u00ed tienes los precios: 10 lecciones: 395 \u20ac20 lecciones: 700 \u20ac30 lecciones: 990 \u20ac+ &hellip;","og_url":"https:\/\/tlcdenia.com\/es\/cursos-preparacion-examenes-denia\/","og_site_name":"Escuela TLCd\u00e9nia - Sitio web oficial","article_modified_time":"2025-12-04T14:20:18+00:00","og_image":[{"width":500,"height":281,"url":"https:\/\/tlcdenia.com\/wp-content\/uploads\/2023\/07\/academia-ingles-cambridge-denia.png","type":"image\/png"}],"twitter_card":"summary_large_image","twitter_misc":{"Tiempo de lectura":"3 minutos"},"schema":{"@context":"https:\/\/schema.org","@graph":[{"@type":"WebPage","@id":"https:\/\/tlcdenia.com\/es\/cursos-preparacion-examenes-denia\/","url":"https:\/\/tlcdenia.com\/es\/cursos-preparacion-examenes-denia\/","name":"Ingl\u00e9s en Denia \u2013 Cursos de preparaci\u00f3n ex\u00e1menes Cambridge y Oxford - Escuela TLCd\u00e9nia - Sitio web oficial","isPartOf":{"@id":"https:\/\/tlcdenia.com\/es\/#website"},"primaryImageOfPage":{"@id":"https:\/\/tlcdenia.com\/es\/cursos-preparacion-examenes-denia\/#primaryimage"},"image":{"@id":"https:\/\/tlcdenia.com\/es\/cursos-preparacion-examenes-denia\/#primaryimage"},"thumbnailUrl":"https:\/\/tlcdenia.com\/wp-content\/uploads\/2023\/07\/academia-ingles-cambridge-denia.png","datePublished":"2023-07-24T15:51:56+00:00","dateModified":"2025-12-04T14:20:18+00:00","breadcrumb":{"@id":"https:\/\/tlcdenia.com\/es\/cursos-preparacion-examenes-denia\/#breadcrumb"},"inLanguage":"es","potentialAction":[{"@type":"ReadAction","target":["https:\/\/tlcdenia.com\/es\/cursos-preparacion-examenes-denia\/"]}]},{"@type":"ImageObject","inLanguage":"es","@id":"https:\/\/tlcdenia.com\/es\/cursos-preparacion-examenes-denia\/#primaryimage","url":"https:\/\/tlcdenia.com\/wp-content\/uploads\/2023\/07\/academia-ingles-cambridge-denia.png","contentUrl":"https:\/\/tlcdenia.com\/wp-content\/uploads\/2023\/07\/academia-ingles-cambridge-denia.png","width":500,"height":281},{"@type":"BreadcrumbList","@id":"https:\/\/tlcdenia.com\/es\/cursos-preparacion-examenes-denia\/#breadcrumb","itemListElement":[{"@type":"ListItem","position":1,"name":"Home","item":"https:\/\/tlcdenia.com\/es\/"},{"@type":"ListItem","position":2,"name":"Ingl\u00e9s en Denia \u2013 Cursos de preparaci\u00f3n ex\u00e1menes Cambridge y Oxford"}]},{"@type":"WebSite","@id":"https:\/\/tlcdenia.com\/es\/#website","url":"https:\/\/tlcdenia.com\/es\/","name":"Escuela TLCd\u00e9nia - Sitio web oficial","description":"Languages Center","potentialAction":[{"@type":"SearchAction","target":{"@type":"EntryPoint","urlTemplate":"https:\/\/tlcdenia.com\/es\/?s={search_term_string}"},"query-input":{"@type":"PropertyValueSpecification","valueRequired":true,"valueName":"search_term_string"}}],"inLanguage":"es"}]}},"_links":{"self":[{"href":"https:\/\/tlcdenia.com\/es\/wp-json\/wp\/v2\/pages\/45172","targetHints":{"allow":["GET"]}}],"collection":[{"href":"https:\/\/tlcdenia.com\/es\/wp-json\/wp\/v2\/pages"}],"about":[{"href":"https:\/\/tlcdenia.com\/es\/wp-json\/wp\/v2\/types\/page"}],"author":[{"embeddable":true,"href":"https:\/\/tlcdenia.com\/es\/wp-json\/wp\/v2\/users\/2"}],"replies":[{"embeddable":true,"href":"https:\/\/tlcdenia.com\/es\/wp-json\/wp\/v2\/comments?post=45172"}],"version-history":[{"count":15,"href":"https:\/\/tlcdenia.com\/es\/wp-json\/wp\/v2\/pages\/45172\/revisions"}],"predecessor-version":[{"id":111190,"href":"https:\/\/tlcdenia.com\/es\/wp-json\/wp\/v2\/pages\/45172\/revisions\/111190"}],"wp:featuredmedia":[{"embeddable":true,"href":"https:\/\/tlcdenia.com\/es\/wp-json\/wp\/v2\/media\/45181"}],"wp:attachment":[{"href":"https:\/\/tlcdenia.com\/es\/wp-json\/wp\/v2\/media?parent=45172"}],"curies":[{"name":"wp","href":"https:\/\/api.w.org\/{rel}","templated":true}]}}