{"id":45163,"date":"2023-07-24T15:51:54","date_gmt":"2023-07-24T15:51:54","guid":{"rendered":"https:\/\/tlcdenia.xyz\/terminos-y-condiciones\/"},"modified":"2023-08-21T22:11:59","modified_gmt":"2023-08-21T22:11:59","slug":"terminos-y-condiciones","status":"publish","type":"page","link":"https:\/\/tlcdenia.com\/es\/terminos-y-condiciones\/","title":{"rendered":"T\u00e9rminos y condiciones"},"content":{"rendered":"\t\t<div data-elementor-type=\"wp-page\" data-elementor-id=\"45163\" class=\"elementor elementor-45163\" data-elementor-post-type=\"page\">\n\t\t\t\t\t\t<section class=\"elementor-section elementor-top-section elementor-element elementor-element-64706953 elementor-section-boxed elementor-section-height-default elementor-section-height-default\" data-id=\"64706953\" data-element_type=\"section\" data-e-type=\"section\">\n\t\t\t\t\t\t<div class=\"elementor-container elementor-column-gap-default\">\n\t\t\t\t\t<div class=\"elementor-column elementor-col-100 elementor-top-column elementor-element elementor-element-4f4de0bf\" data-id=\"4f4de0bf\" data-element_type=\"column\" data-e-type=\"column\">\n\t\t\t<div class=\"elementor-widget-wrap elementor-element-populated\">\n\t\t\t\t\t\t<div class=\"elementor-element elementor-element-5818cab8 elementor-widget elementor-widget-text-editor\" data-id=\"5818cab8\" data-element_type=\"widget\" data-e-type=\"widget\" data-widget_type=\"text-editor.default\">\n\t\t\t\t<div class=\"elementor-widget-container\">\n\t\t\t\t\t\t\t\t\t<h2><span style=\"color: #6ec1e4;\">CONDICIONES DE RESERVA Y PAGO<\/span><\/h2>\n<p>Inscribirse es muy f\u00e1cil. Puedes hacerlo online. Para reservar una plaza en el curso, completa el <a href=\"https:\/\/tlcdenia.com\/es\/reservar-curso\">formulario de inscripci\u00f3n<\/a> (uno por cada alumno) junto a un deposito de 100\u20ac por curso y 200\u20ac por curso + alojamiento. (Si deseas reservar un apartamento privado, env\u00eda 100\u20ac + el 25% del total del alojamiento). La reserva solo ser\u00e1 confirmada una vez recibido el dep\u00f3sito de 100\u20ac para el curso o de 200\u20ac para el curso + alojamiento en familia o alojamiento en piso compartido.<\/p>\n<p>Para la reserva del apartamento en la ciudad o en<span style=\"color: var( --e-global-color-text ); font-family: var( --e-global-typography-text-font-family ), Sans-serif; font-weight: var( --e-global-typography-text-font-weight ); font-size: var(--thim-font-body-font-size);\">&nbsp;la playa, el dep\u00f3sito ser\u00e1 del 25% del coste final. En caso de cancelaci\u00f3n, estar\u00e1 sujeta a cargos adicionales.<\/span><\/p>\n<p>El resto del pago del curso y\/o alojamiento se deber\u00e1 abonar al menos 21 d\u00edas antes de la fecha de inicio del curso.&nbsp; El dep\u00f3sito se descontar\u00e1 del precio total.<\/p>\n<p>Por favor, acceda a nuestra <a href=\"https:\/\/tlcdenia.com\/payment\">p\u00e1gina de pago<\/a> para seleccionar entre los diferentes m\u00e9todos de pago dependiendo de la moneda de su pa\u00eds. Si est\u00e1 reservando m\u00e1s de un curso para usted o para otros estudiantes, puede pagar todas las reservas a la vez utilizando el mismo enlace, sumando todos los dep\u00f3sitos, o la suma de todas las reservas si faltan menos de 21 d\u00edas para el inicio de los cursos.<\/p>\n<p>La inscripci\u00f3n de 40 euros se abona cada vez que se compran nuevas semanas de curso, independientemente del n\u00famero de semanas que se compren, siempre ser\u00e1 de 40 euros. Esta matr\u00edcula cubre los gastos de inscripci\u00f3n, materiales, prueba de nivel, actividades sociales ofertadas, matr\u00edcula y diploma de fin de curso. Para no tener que volver a pagar la matr\u00edcula y beneficiarse de precios m\u00e1s bajos, puedes adquirir un mayor n\u00famero de semanas al principio y cursarlas en cualquier momento durante el a\u00f1o. Como alternativa, puedes abonar un dep\u00f3sito de reserva no reembolsable de 100 \u20ac antes de finalizar el curso anterior y as\u00ed no tendr\u00e1s que pagar la matr\u00edcula en el curso siguiente. Este dep\u00f3sito caduca en un plazo de un a\u00f1o desde su pago.<\/p>\n<h2><span style=\"color: #6ec1e4;\"><strong>CONFIRMACI\u00d3N Y PROCEDIMIENTOS<\/strong><\/span><\/h2>\n<p>Una vez recibida su hoja de inscripci\u00f3n, se le enviar\u00e1 la confirmaci\u00f3n de su reserva con la informaci\u00f3n del curso. Los datos del alojamiento se le enviar\u00e1n el mismo d\u00eda que se confirma la reserva en caso de apartamentos compartidos (en temporada alta, es posible que est\u00e1 informaci\u00f3n se proporcione unos d\u00edas antes de su llegada).&nbsp; Es necesario proporcionar al centro una direcci\u00f3n de correo electr\u00f3nico a la cual le ser\u00e1n enviados estos datos.&nbsp; Si el pago no se hace por adelantado, no podemos proporcionar la direcci\u00f3n del alojamiento.&nbsp; Es necesario guardar los recibos, pues ser\u00e1 necesario presentarlos a su llegada.&nbsp; En caso de existir alg\u00fan pago extra, se deber\u00e1 realizar el primer d\u00eda de clase.<\/p>\n<p>En caso de contratar alojamiento privado o piso compartido, el estudiante deber\u00e1 proporcionar a la escuela su n\u00famero de tarjeta de cr\u00e9dito para garantizar el pago en caso de cualquier desperfecto o rotura en el alojamiento, o para pagar los costes en caso de p\u00e9rdida de llaves.&nbsp; Esta informaci\u00f3n la proporcionar\u00e1 el d\u00eda de su llegada.<\/p>\n<p>El precio de los apartamentos que dispongan de aire acondicionado incluye un cargo adicional por un consumo responsable de electricidad (100kw\/semana). Cuando el estudiante entregue las llaves, se comprobar\u00e1 el contador de luz y en caso de un uso excesivo, la escuela cargar\u00e1 el importe correspondiente al excedente m\u00e1s IVA.<\/p>\n<h2><span style=\"color: #6ec1e4;\"><strong>FESTIVOS<\/strong><\/span><\/h2>\n<p>La escuela permanecer\u00e1 cerrada durante las fiestas nacionales y locales que se indican en el calendario escolar. Estos d\u00edas se recuperar\u00e1n parcialmente cuando afecten a los cursos intensivos de espa\u00f1ol. Consultar el calendario de festivos en <a href=\"http:\/\/tlcdenia.xyz\/es\/fechas-y-horarios\/\" target=\"_blank\" rel=\"noopener\">fechas y horarios<\/a>. Esta recuperaci\u00f3n no es aplicable al resto de cursos.<\/p>\n<h2><span style=\"color: #6ec1e4;\"><strong>CONDICIONES DE LOS GRUPOS Y HORARIOS<\/strong><\/span><\/h2>\n<p>Los grupos de los cursos intensivos de espa\u00f1ol son de 3 a 12 alumnos. En el caso de que en un determinado nivel concurran menos de 3 alumnos, este grupo tendr\u00e1 una reducci\u00f3n en el n\u00famero de lecciones. (Por ejemplo: 3-12 alumnos = 4 lecciones; 2 alumnos = 3 lecciones; 1 alumno = 2 lecciones). En cualquier caso, se cubrir\u00e1n los mismos contenidos durante el curso, pues los grupos m\u00e1s peque\u00f1os en n\u00famero de estudiantes permiten tratar los mismos contenidos en menor tiempo.<\/p>\n<p>El horario de las clases de espa\u00f1ol se distribuye en tres posibles bloques, pero la escuela no puede garantizar un horario espec\u00edfico. Esto depende de varias circunstancias como los cursos que est\u00e9n en marcha en ese momento, el n\u00famero de estudiantes, el nivel, el tipo de curso, etc. Los horarios no est\u00e1n disponibles hasta la semana antes del inicio de curso. Los cursos de verano para ni\u00f1os opci\u00f3n A y B tienen su horario establecido entre las 9:30 y las 14:00. TLCd\u00e9nia dispondr\u00e1 las clases de los padres de estos ni\u00f1os dentro de la misma franja horaria con el fin de facilitar el traslado de la familia al centro y para que dispongan de tiempo libre juntos. Otros horarios y cursos de idiomas, consulten en la escuela.<\/p>\n<p>Las clases de cursos intensivos son de lunes a viernes. Los estudiantes pueden empezar su curso cada lunes excepto los principiantes absolutos que deber\u00e1n empezar en una de las fechas espec\u00edficas de inicio indicadas en la p\u00e1gina web, en el apartado <a href=\"http:\/\/tlcdenia.xyz\/es\/fechas-y-horarios\/\" target=\"_blank\" rel=\"noopener\">Fechas y horarios<\/a>. Otros cursos e idiomas, consulten en la escuela.<\/p>\n<p>La edad m\u00ednima para asistir a clases de adultos es de 17 a\u00f1os, excepto en las clases privadas o las clases especificas para j\u00f3venes estudiantes de 6 a 16 a\u00f1os. La escuela se reserva el derecho a hacer excepciones.<\/p>\n<h2><span style=\"color: #6ec1e4;\"><strong>CLASES PRIVADAS<\/strong><\/span><\/h2>\n<p>Las lecciones son de 45 minutos.&nbsp; El precio incluye el uso de materiales durante el periodo de clases.&nbsp; Al reservar lecciones privadas, se aceptan los siguientes t\u00e9rminos y condiciones:<\/p>\n<p>El importe de las clases privadas se debe abonar antes de la lecci\u00f3n. Las reservas para este tipo de clases se deben hacer como m\u00ednimo 48 horas antes de la lecci\u00f3n.<\/p>\n<p>Las cancelaciones se deben realizar como m\u00ednimo con 24 horas de antelaci\u00f3n.&nbsp; En caso de no recibir notificaci\u00f3n de cancelaci\u00f3n o en caso de no asistir a clase, la lecci\u00f3n se descontar\u00e1 del paquete de lecciones privadas contratado.<\/p>\n<p>Los alumnos que lleguen tarde solo recibir\u00e1n la lecci\u00f3n correspondiente al tiempo restante del total contratado.&nbsp; Recomendamos a los alumnos llegar 5 o 10 minutos antes de su clase.<\/p>\n<p>El comportamiento del estudiante en clase debe ser adecuado. TLCd\u00e9nia se reserva el derecho de admisi\u00f3n.<\/p>\n<h2><span style=\"color: #6ec1e4;\"><strong>SEGUROS Y VISADOS<\/strong><\/span><\/h2>\n<p><span style=\"color: #6ec1e4;\"><strong>SEGURO<\/strong><\/span><\/p>\n<p>La Seguridad Social proporciona ayuda m\u00e9dica a todos los ciudadanos de la Uni\u00f3n Europea, siempre y cuando presente el impreso E-111.<\/p>\n<p>Este documento se puede conseguir en las oficinas de correos o las oficinas de la Seguridad Social de tu pa\u00eds antes de viajar a Espa\u00f1a. Los ciudadanos No Europeos deber\u00e1n consultar las oficinas de la Seguridad Social de su Pa\u00eds o tratar con la Seguridad Social espa\u00f1ola.<\/p>\n<p><span style=\"color: #6ec1e4;\"><b>SEGURO DE VIAJE<\/b><\/span><\/p>\n<p>Recomendamos que todos los alumnos contraten un seguro de viaje en su pa\u00eds de origen. Este debe cubrir todos los efectos personales y posibles tratamientos m\u00e9dicos. La escuela no se responsabiliza de estos temas. TLCd\u00e9nia puede conseguir seguros a buen precio. Por favor, consultar los precios.<\/p>\n<p><span style=\"color: #6ec1e4;\"><b>VISADOS<\/b><\/span><\/p>\n<p>Alumnos de la Uni\u00f3n Europea, Noruega, Liechtenstein, Islandia y Suiza, no necesitan un visado para entrar o vivir en Espa\u00f1a. Solo necesitan un pasaporte o documento de identidad.<\/p>\n<p>Alumnos de USA, Canad\u00e1, Brasil, Israel, Jap\u00f3n, Nueva Zelanda y Australia, no necesitan visado para residir durante 90 d\u00edas en Espa\u00f1a. Para una estancia m\u00e1s prolongada s\u00ed necesitan visado. Una vez en Espa\u00f1a se puede solicitar una ampliaci\u00f3n del visado o tarjeta de residencia en la Polic\u00eda Nacional. Los visados para estudiantes se solicitan en la Embajada Espa\u00f1ola o en el Consulado de su pa\u00eds de origen.<\/p>\n<p>Alumnos de otros pa\u00edses normalmente necesitan un visado y deben ponerse en contacto en su propio pa\u00eds con la Embajada o Consulado Espa\u00f1ol m\u00e1s pr\u00f3ximo.<\/p>\n<h2><span style=\"color: #6ec1e4;\"><b>LLEGADAS<\/b><\/span><\/h2>\n<p><span style=\"color: #6ec1e4;\"><strong>PRIMER D\u00cdA<\/strong><\/span><\/p>\n<p>Llegada a la escuela en Calle Barbacana, 15, el lunes a las 9:15 de la ma\u00f1ana para registrarse, recibir los materiales del curso y pasar a clase. El curso empezar\u00e1 a las 9:30 (en caso contrario se informar\u00e1 al alumno con anterioridad). En caso de que haya cambios de horarios notificamos al estudiante por correo electr\u00f3nico.<\/p>\n<p><span style=\"color: #6ec1e4;\"><strong>PRUEBA DE NIVEL<\/strong><\/span><\/p>\n<p>Es fundamental que los alumnos que ya tengan conocimientos de espa\u00f1ol realicen una prueba de nivel online al menos una semana antes del inicio del curso. Esta prueba se le administrar\u00e1 a la confirmaci\u00f3n de su reserva. De esta forma el alumno quedar\u00e1 clasificado en el grupo correspondiente a su nivel. El alumno recibir\u00e1 la informaci\u00f3n relativa a su nivel y horario el primer d\u00eda de clase, excepto cuando su horario no fuera a las 9:30, en cuyo caso, se le informar\u00e1 previamente por correo electr\u00f3nico.<\/p>\n<h2><span style=\"color: #6ec1e4;\"><strong>CANCELACIONES<\/strong><\/span><\/h2>\n<p>Las cancelaciones deben ser comunicadas lo antes posible. Si la cancelaci\u00f3n se realiza 21 d\u00edas antes del inicio del curso, llevar\u00e1 una penalizaci\u00f3n de 100\u20ac. Si la cancelaci\u00f3n se realiza 20 d\u00edas o menos antes del inicio del curso, no habr\u00e1 reembolso.&nbsp;<span style=\"color: var( --e-global-color-text ); font-family: var( --e-global-typography-text-font-family ), Sans-serif; font-weight: var( --e-global-typography-text-font-weight ); font-size: var(--thim-font-body-font-size);\">Los cursos no son transferibles a otra persona.<\/span><\/p>\n<p><span style=\"color: #6ec1e4;\"><strong>CONDICIONES ESPECIALES:<\/strong><\/span><br><u>Apartamentos privados en la ciudad o la playa:<\/u> Se deber\u00e1 abonar el 25% del valor del alojamiento para realizar la reserva. Este importe no ser\u00e1 reembolsable en caso de cancelaci\u00f3n. La cantidad restante ser\u00e1 abonada antes de la fecha de llegada. Una vez empezado el alojamiento, no se conceder\u00e1n devoluciones.<\/p>\n<p><u>Visados de estudios:<\/u> Los estudiantes que requieren visados est\u00e1n sujetos a condiciones de cancelaci\u00f3n especiales:<\/p>\n<ul>\n<li>El curso debe pagarse en su totalidad por adelantado para poder emitir la carta de invitaci\u00f3n necesaria para ser aceptado en el consulado.<\/li>\n<li>Las fechas del visado deber\u00e1n coincidir con las fechas del curso. Se permitir\u00e1 al estudiante disponer de una semana de descanso por cada 10 semanas de curso. Estas fechas no podr\u00e1n ser modificadas, reembolsadas o transferidas a otra persona una vez expedida la carta de invitaci\u00f3n por parte de la escuela.<\/li>\n<li>La asistencia al curso es obligatoria. En caso de enfermedad, se deber\u00e1 justificar la falta de asistencia con un informe m\u00e9dico. Las clases no asistidas no podr\u00e1n recuperarse.<\/li>\n<li>No habr\u00e1 devoluciones de ning\u00fan tipo, salvo en el improbable caso de que se rechace la visa, siempre y cuando estudiante presente documentaci\u00f3n acreditativa de la denegaci\u00f3n del visado. En tal caso, TLCd\u00e9nia reembolsar\u00e1 el coste del curso, excepto un 4% del total del curso con un m\u00ednimo de 100 \u20ac.<\/li>\n<\/ul>\n<p><u>Retrasos o cancelaciones de vuelos:<\/u> No habr\u00e1 reembolso en caso de retrasos o cancelaciones en los vuelos del estudiante. Las aerol\u00edneas deben proveer vuelos alternativos y compensar por los gastos ocasionados por el retraso, incluidas las reservas contratadas no disfrutadas por dicho retraso o cancelaci\u00f3n.<\/p>\n<p><u>Enfermedad del estudiante:<\/u> No habr\u00e1 reembolso en caso de que el estudiante est\u00e9 enfermo por durante el curso y deba permanecer en casa. TLCd\u00e9nia se reserva el derecho de ofrecer al estudiante un curso similar en otras fechas por un plazo de un a\u00f1o desde la enfermedad para recuperar las clases perdidas siempre y cuando se aporte un justificante de un m\u00e9dico (tambi\u00e9n necesario para casos de COVID).<\/p>\n<h2><span style=\"color: #6ec1e4;\"><strong>MODIFICACIONES<\/strong><\/span><\/h2>\n<p>El estudiante podr\u00e1 modificar el tipo de curso o la fecha del curso siempre dentro del mismo a\u00f1o sin coste adicional. Los cambios realizados con menos de 15 d\u00edas de antelaci\u00f3n del inicio del curso tendr\u00e1n un recargo de 30\u20ac. No se aceptan modificaciones para reservas con visado de estudiante. Los programas para ni\u00f1os Opci\u00f3n A y Opci\u00f3n B no podr\u00e1n ser modificados con una antelaci\u00f3n menor a 7 d\u00edas del inicio del curso. No se aceptar\u00e1n modificaciones en las fechas del \u201cTeenager Summer Programme 14-17 a\u00f1os\u201d con menos de 21 d\u00edas de antelaci\u00f3n.<\/p>\n<h2><span style=\"color: #6ec1e4;\"><b>RECLAMACIONES<\/b><\/span><\/h2>\n<p>Si el alumno tuviese alguna reclamaci\u00f3n respecto al alojamiento o al curso, la escuela debe recibir una notificaci\u00f3n por escrito dentro de los 3 d\u00edas posteriores al incidente.<\/p>\n<h2><span style=\"color: #6ec1e4;\"><b>POL\u00cdTICA DE PRIVACIDAD<\/b><\/span><\/h2>\n<div>\n<p>Por favor,&nbsp;<a href=\"https:\/\/tlcdenia.com\/es\/politica-de-privacidad\/\" target=\"_blank\" rel=\"noopener\">haz clic aqu\u00ed<\/a>&nbsp;para leer la informaci\u00f3n sobre nuestra pol\u00edtica de privacidad.<\/p>\n<\/div>\t\t\t\t\t\t\t\t<\/div>\n\t\t\t\t<\/div>\n\t\t\t\t\t<\/div>\n\t\t<\/div>\n\t\t\t\t\t<\/div>\n\t\t<\/section>\n\t\t\t\t<\/div>\n\t\t","protected":false},"excerpt":{"rendered":"<p>CONDICIONES DE RESERVA Y PAGO Inscribirse es muy f\u00e1cil. Puedes hacerlo online. Para reservar una plaza en el curso, completa el formulario de inscripci\u00f3n (uno por cada alumno) junto a un deposito de 100\u20ac por curso y 200\u20ac por curso &hellip; <\/p>\n","protected":false},"author":2,"featured_media":45166,"parent":0,"menu_order":0,"comment_status":"closed","ping_status":"closed","template":"","meta":{"_acf_changed":false,"footnotes":""},"class_list":["post-45163","page","type-page","status-publish","has-post-thumbnail","hentry"],"acf":[],"yoast_head":"<!-- This site is optimized with the Yoast SEO plugin v26.9 - https:\/\/yoast.com\/product\/yoast-seo-wordpress\/ -->\n<title>T\u00e9rminos y condiciones - Escuela TLCd\u00e9nia - Sitio web oficial<\/title>\n<meta name=\"robots\" content=\"index, follow, max-snippet:-1, max-image-preview:large, max-video-preview:-1\" \/>\n<link rel=\"canonical\" href=\"https:\/\/tlcdenia.com\/es\/terminos-y-condiciones\/\" \/>\n<meta property=\"og:locale\" content=\"es_ES\" \/>\n<meta property=\"og:type\" content=\"article\" \/>\n<meta property=\"og:title\" content=\"T\u00e9rminos y condiciones - Escuela TLCd\u00e9nia - Sitio web oficial\" \/>\n<meta property=\"og:description\" content=\"CONDICIONES DE RESERVA Y PAGO Inscribirse es muy f\u00e1cil. Puedes hacerlo online. Para reservar una plaza en el curso, completa el formulario de inscripci\u00f3n (uno por cada alumno) junto a un deposito de 100\u20ac por curso y 200\u20ac por curso &hellip;\" \/>\n<meta property=\"og:url\" content=\"https:\/\/tlcdenia.com\/es\/terminos-y-condiciones\/\" \/>\n<meta property=\"og:site_name\" content=\"Escuela TLCd\u00e9nia - Sitio web oficial\" \/>\n<meta property=\"article:modified_time\" content=\"2023-08-21T22:11:59+00:00\" \/>\n<meta property=\"og:image\" content=\"https:\/\/tlcdenia.com\/wp-content\/uploads\/2023\/07\/terminos-condiciones-tlcdenia.jpg\" \/>\n\t<meta property=\"og:image:width\" content=\"1600\" \/>\n\t<meta property=\"og:image:height\" content=\"790\" \/>\n\t<meta property=\"og:image:type\" content=\"image\/jpeg\" \/>\n<meta name=\"twitter:card\" content=\"summary_large_image\" \/>\n<meta name=\"twitter:label1\" content=\"Tiempo de lectura\" \/>\n\t<meta name=\"twitter:data1\" content=\"9 minutos\" \/>\n<script type=\"application\/ld+json\" class=\"yoast-schema-graph\">{\"@context\":\"https:\/\/schema.org\",\"@graph\":[{\"@type\":\"WebPage\",\"@id\":\"https:\/\/tlcdenia.com\/es\/terminos-y-condiciones\/\",\"url\":\"https:\/\/tlcdenia.com\/es\/terminos-y-condiciones\/\",\"name\":\"T\u00e9rminos y condiciones - Escuela TLCd\u00e9nia - Sitio web oficial\",\"isPartOf\":{\"@id\":\"https:\/\/tlcdenia.com\/es\/#website\"},\"primaryImageOfPage\":{\"@id\":\"https:\/\/tlcdenia.com\/es\/terminos-y-condiciones\/#primaryimage\"},\"image\":{\"@id\":\"https:\/\/tlcdenia.com\/es\/terminos-y-condiciones\/#primaryimage\"},\"thumbnailUrl\":\"https:\/\/tlcdenia.com\/wp-content\/uploads\/2023\/07\/terminos-condiciones-tlcdenia.jpg\",\"datePublished\":\"2023-07-24T15:51:54+00:00\",\"dateModified\":\"2023-08-21T22:11:59+00:00\",\"breadcrumb\":{\"@id\":\"https:\/\/tlcdenia.com\/es\/terminos-y-condiciones\/#breadcrumb\"},\"inLanguage\":\"es\",\"potentialAction\":[{\"@type\":\"ReadAction\",\"target\":[\"https:\/\/tlcdenia.com\/es\/terminos-y-condiciones\/\"]}]},{\"@type\":\"ImageObject\",\"inLanguage\":\"es\",\"@id\":\"https:\/\/tlcdenia.com\/es\/terminos-y-condiciones\/#primaryimage\",\"url\":\"https:\/\/tlcdenia.com\/wp-content\/uploads\/2023\/07\/terminos-condiciones-tlcdenia.jpg\",\"contentUrl\":\"https:\/\/tlcdenia.com\/wp-content\/uploads\/2023\/07\/terminos-condiciones-tlcdenia.jpg\",\"width\":1600,\"height\":790},{\"@type\":\"BreadcrumbList\",\"@id\":\"https:\/\/tlcdenia.com\/es\/terminos-y-condiciones\/#breadcrumb\",\"itemListElement\":[{\"@type\":\"ListItem\",\"position\":1,\"name\":\"Home\",\"item\":\"https:\/\/tlcdenia.com\/es\/\"},{\"@type\":\"ListItem\",\"position\":2,\"name\":\"T\u00e9rminos y condiciones\"}]},{\"@type\":\"WebSite\",\"@id\":\"https:\/\/tlcdenia.com\/es\/#website\",\"url\":\"https:\/\/tlcdenia.com\/es\/\",\"name\":\"Escuela TLCd\u00e9nia - Sitio web oficial\",\"description\":\"Languages Center\",\"potentialAction\":[{\"@type\":\"SearchAction\",\"target\":{\"@type\":\"EntryPoint\",\"urlTemplate\":\"https:\/\/tlcdenia.com\/es\/?s={search_term_string}\"},\"query-input\":{\"@type\":\"PropertyValueSpecification\",\"valueRequired\":true,\"valueName\":\"search_term_string\"}}],\"inLanguage\":\"es\"}]}<\/script>\n<!-- \/ Yoast SEO plugin. -->","yoast_head_json":{"title":"T\u00e9rminos y condiciones - Escuela TLCd\u00e9nia - Sitio web oficial","robots":{"index":"index","follow":"follow","max-snippet":"max-snippet:-1","max-image-preview":"max-image-preview:large","max-video-preview":"max-video-preview:-1"},"canonical":"https:\/\/tlcdenia.com\/es\/terminos-y-condiciones\/","og_locale":"es_ES","og_type":"article","og_title":"T\u00e9rminos y condiciones - Escuela TLCd\u00e9nia - Sitio web oficial","og_description":"CONDICIONES DE RESERVA Y PAGO Inscribirse es muy f\u00e1cil. Puedes hacerlo online. Para reservar una plaza en el curso, completa el formulario de inscripci\u00f3n (uno por cada alumno) junto a un deposito de 100\u20ac por curso y 200\u20ac por curso &hellip;","og_url":"https:\/\/tlcdenia.com\/es\/terminos-y-condiciones\/","og_site_name":"Escuela TLCd\u00e9nia - Sitio web oficial","article_modified_time":"2023-08-21T22:11:59+00:00","og_image":[{"width":1600,"height":790,"url":"https:\/\/tlcdenia.com\/wp-content\/uploads\/2023\/07\/terminos-condiciones-tlcdenia.jpg","type":"image\/jpeg"}],"twitter_card":"summary_large_image","twitter_misc":{"Tiempo de lectura":"9 minutos"},"schema":{"@context":"https:\/\/schema.org","@graph":[{"@type":"WebPage","@id":"https:\/\/tlcdenia.com\/es\/terminos-y-condiciones\/","url":"https:\/\/tlcdenia.com\/es\/terminos-y-condiciones\/","name":"T\u00e9rminos y condiciones - Escuela TLCd\u00e9nia - Sitio web oficial","isPartOf":{"@id":"https:\/\/tlcdenia.com\/es\/#website"},"primaryImageOfPage":{"@id":"https:\/\/tlcdenia.com\/es\/terminos-y-condiciones\/#primaryimage"},"image":{"@id":"https:\/\/tlcdenia.com\/es\/terminos-y-condiciones\/#primaryimage"},"thumbnailUrl":"https:\/\/tlcdenia.com\/wp-content\/uploads\/2023\/07\/terminos-condiciones-tlcdenia.jpg","datePublished":"2023-07-24T15:51:54+00:00","dateModified":"2023-08-21T22:11:59+00:00","breadcrumb":{"@id":"https:\/\/tlcdenia.com\/es\/terminos-y-condiciones\/#breadcrumb"},"inLanguage":"es","potentialAction":[{"@type":"ReadAction","target":["https:\/\/tlcdenia.com\/es\/terminos-y-condiciones\/"]}]},{"@type":"ImageObject","inLanguage":"es","@id":"https:\/\/tlcdenia.com\/es\/terminos-y-condiciones\/#primaryimage","url":"https:\/\/tlcdenia.com\/wp-content\/uploads\/2023\/07\/terminos-condiciones-tlcdenia.jpg","contentUrl":"https:\/\/tlcdenia.com\/wp-content\/uploads\/2023\/07\/terminos-condiciones-tlcdenia.jpg","width":1600,"height":790},{"@type":"BreadcrumbList","@id":"https:\/\/tlcdenia.com\/es\/terminos-y-condiciones\/#breadcrumb","itemListElement":[{"@type":"ListItem","position":1,"name":"Home","item":"https:\/\/tlcdenia.com\/es\/"},{"@type":"ListItem","position":2,"name":"T\u00e9rminos y condiciones"}]},{"@type":"WebSite","@id":"https:\/\/tlcdenia.com\/es\/#website","url":"https:\/\/tlcdenia.com\/es\/","name":"Escuela TLCd\u00e9nia - Sitio web oficial","description":"Languages Center","potentialAction":[{"@type":"SearchAction","target":{"@type":"EntryPoint","urlTemplate":"https:\/\/tlcdenia.com\/es\/?s={search_term_string}"},"query-input":{"@type":"PropertyValueSpecification","valueRequired":true,"valueName":"search_term_string"}}],"inLanguage":"es"}]}},"_links":{"self":[{"href":"https:\/\/tlcdenia.com\/es\/wp-json\/wp\/v2\/pages\/45163","targetHints":{"allow":["GET"]}}],"collection":[{"href":"https:\/\/tlcdenia.com\/es\/wp-json\/wp\/v2\/pages"}],"about":[{"href":"https:\/\/tlcdenia.com\/es\/wp-json\/wp\/v2\/types\/page"}],"author":[{"embeddable":true,"href":"https:\/\/tlcdenia.com\/es\/wp-json\/wp\/v2\/users\/2"}],"replies":[{"embeddable":true,"href":"https:\/\/tlcdenia.com\/es\/wp-json\/wp\/v2\/comments?post=45163"}],"version-history":[{"count":5,"href":"https:\/\/tlcdenia.com\/es\/wp-json\/wp\/v2\/pages\/45163\/revisions"}],"predecessor-version":[{"id":67890,"href":"https:\/\/tlcdenia.com\/es\/wp-json\/wp\/v2\/pages\/45163\/revisions\/67890"}],"wp:featuredmedia":[{"embeddable":true,"href":"https:\/\/tlcdenia.com\/es\/wp-json\/wp\/v2\/media\/45166"}],"wp:attachment":[{"href":"https:\/\/tlcdenia.com\/es\/wp-json\/wp\/v2\/media?parent=45163"}],"curies":[{"name":"wp","href":"https:\/\/api.w.org\/{rel}","templated":true}]}}