{"id":45160,"date":"2023-07-24T15:51:53","date_gmt":"2023-07-24T15:51:53","guid":{"rendered":"https:\/\/tlcdenia.xyz\/aviso-legal\/"},"modified":"2023-07-24T15:59:55","modified_gmt":"2023-07-24T15:59:55","slug":"aviso-legal","status":"publish","type":"page","link":"https:\/\/tlcdenia.com\/es\/aviso-legal\/","title":{"rendered":"Aviso legal"},"content":{"rendered":"\t\t<div data-elementor-type=\"wp-page\" data-elementor-id=\"45160\" class=\"elementor elementor-45160\" data-elementor-post-type=\"page\">\n\t\t\t\t\t\t<section class=\"elementor-section elementor-top-section elementor-element elementor-element-68a2ef59 elementor-section-boxed elementor-section-height-default elementor-section-height-default\" data-id=\"68a2ef59\" data-element_type=\"section\" data-e-type=\"section\">\n\t\t\t\t\t\t<div class=\"elementor-container elementor-column-gap-default\">\n\t\t\t\t\t<div class=\"elementor-column elementor-col-100 elementor-top-column elementor-element elementor-element-64d14b50\" data-id=\"64d14b50\" data-element_type=\"column\" data-e-type=\"column\">\n\t\t\t<div class=\"elementor-widget-wrap elementor-element-populated\">\n\t\t\t\t\t\t<div class=\"elementor-element elementor-element-324c95b8 elementor-widget elementor-widget-text-editor\" data-id=\"324c95b8\" data-element_type=\"widget\" data-e-type=\"widget\" data-widget_type=\"text-editor.default\">\n\t\t\t\t<div class=\"elementor-widget-container\">\n\t\t\t\t\t\t\t\t\t<p>TLC DENIA AVISO LEGAL<br>Aviso Legal<br>El uso de este sitio web est\u00e1 sujeto a las presentes condiciones de confidencialidad. Por favor lea el contenido cuidadosamente. Acceder a este sitio web y utilizar el contenido implica haber le\u00eddo y aceptado las condiciones establecidas de antemano.<\/p>\n<p>DATOS DE IDENTIFICACI\u00d3N DEL TITULAR DE LA WEB<br>TLCd\u00e9nia<br>TLC Denia Formaci\u00f3 SL<br>CIF: B-54025556<\/p>\n<p>Registro Mercantil Registro<br>Alicante Registrar Mercantil<br>Documento: 1\/2005 \/ 16.343.0<br>Diario: 211<br>Asi\u00e1tico: 204<br>Tomo 2955<br>Libro de Sociedades 0<br>Folio 46<br>Hoja N\u00ba a-93435<br>Primera registraci\u00f3n<br>Habla a<br>C \/ Barbacana n\u00ba 15, 03700 Denia (Espa\u00f1a)<\/p>\n<p>Tel\u00e9fono<br>+34 96642 36 72<br>Fax<br>+34 96 578 35 95<br>Correo electr\u00f3nico: info@tlcdenia.es<\/p>\t\t\t\t\t\t\t\t<\/div>\n\t\t\t\t<\/div>\n\t\t\t\t\t<\/div>\n\t\t<\/div>\n\t\t\t\t\t<\/div>\n\t\t<\/section>\n\t\t\t\t<section class=\"elementor-section elementor-top-section elementor-element elementor-element-444d84fc elementor-section-boxed elementor-section-height-default elementor-section-height-default\" data-id=\"444d84fc\" data-element_type=\"section\" data-e-type=\"section\">\n\t\t\t\t\t\t<div class=\"elementor-container elementor-column-gap-default\">\n\t\t\t\t\t<div class=\"elementor-column elementor-col-100 elementor-top-column elementor-element elementor-element-1fa79ccf\" data-id=\"1fa79ccf\" data-element_type=\"column\" data-e-type=\"column\">\n\t\t\t<div class=\"elementor-widget-wrap elementor-element-populated\">\n\t\t\t\t\t\t<div class=\"elementor-element elementor-element-3dfa9f23 elementor-widget elementor-widget-text-editor\" data-id=\"3dfa9f23\" data-element_type=\"widget\" data-e-type=\"widget\" data-widget_type=\"text-editor.default\">\n\t\t\t\t<div class=\"elementor-widget-container\">\n\t\t\t\t\t\t\t\t\t<p>Espacios TLCd\u00e9nia<br \/>TLCd\u00e9nia est\u00e1 formada por TLC Denia Formaci\u00f3 SL. Es una academia de formaci\u00f3n multidisciplinaria, que se subdivide en tres \u00e1reas principales seg\u00fan los servicios ofrecidos:<br \/>&#8211; \u00c1rea de cursos de espa\u00f1ol: se ofrecen cursos de espa\u00f1ol en Espa\u00f1a a estudiantes extranjeros. Est\u00e1n disponibles en el sitio web www.tlcdenia.es<br \/>&#8211; \u00c1rea de cursos de idiomas extranjeros: principalmente para estudiantes de espa\u00f1ol. Est\u00e1n disponibles en el sitio web www.tlcdenia.es<\/p><p>CONTENIDO<br \/>1. Este sitio web contiene informaci\u00f3n o material de orientaci\u00f3n. Estos documentos se pueden modificar, desarrollar y actualizar sin previo aviso desde TLCd\u00e9nia. Advertimos que la documentaci\u00f3n puede no contener la informaci\u00f3n m\u00e1s reciente. TLCd\u00e9nia no se hace responsable de los errores, los cambios que puedan surgir y el uso que se haga de estos documentos. Le recomendamos que consulte la informaci\u00f3n m\u00e1s reciente en la Academia.<\/p><p>2. Los enlaces contenidos en www.tlcdenia.es pueden llevar al usuario a otros sitios web, sobre los cuales TLCd\u00e9nia no ejerce ning\u00fan tipo de control. TLCd\u00e9nia no es responsable por el contenido y el estado de los sitios web vinculados.<\/p><p>3. TLCd\u00e9nia no garantiza la ausencia de virus u otros elementos da\u00f1inos que puedan da\u00f1ar o alterar el sistema inform\u00e1tico. Por lo tanto, TLCd\u00e9nia no es responsable por el da\u00f1o que estos elementos podr\u00edan causar al usuario.<\/p>\t\t\t\t\t\t\t\t<\/div>\n\t\t\t\t<\/div>\n\t\t\t\t\t<\/div>\n\t\t<\/div>\n\t\t\t\t\t<\/div>\n\t\t<\/section>\n\t\t\t\t<section class=\"elementor-section elementor-top-section elementor-element elementor-element-1e93b55 elementor-section-boxed elementor-section-height-default elementor-section-height-default\" data-id=\"1e93b55\" data-element_type=\"section\" data-e-type=\"section\">\n\t\t\t\t\t\t<div class=\"elementor-container elementor-column-gap-default\">\n\t\t\t\t\t<div class=\"elementor-column elementor-col-100 elementor-top-column elementor-element elementor-element-24f3868b\" data-id=\"24f3868b\" data-element_type=\"column\" data-e-type=\"column\">\n\t\t\t<div class=\"elementor-widget-wrap elementor-element-populated\">\n\t\t\t\t\t\t<div class=\"elementor-element elementor-element-bb87183 elementor-widget elementor-widget-text-editor\" data-id=\"bb87183\" data-element_type=\"widget\" data-e-type=\"widget\" data-widget_type=\"text-editor.default\">\n\t\t\t\t<div class=\"elementor-widget-container\">\n\t\t\t\t\t\t\t\t\t<p>PROPIEDAD INTELECTUAL<\/p><p>1. La estructura, el dise\u00f1o y la presentaci\u00f3n de los elementos (gr\u00e1ficos, im\u00e1genes, logotipos, combinaciones de colores y cualquier elemento que pueda protegerse) est\u00e1n protegidos por derechos de propiedad intelectual, propiedad de TLCd\u00e9nia.<\/p><p>2. Queda prohibida la reproducci\u00f3n, transformaci\u00f3n, distribuci\u00f3n, comunicaci\u00f3n p\u00fablica, puesta a disposici\u00f3n del p\u00fablico y, en general, cualquier otra forma de explotaci\u00f3n, parcial o total, de los elementos mencionados en el apartado anterior. Estos actos de explotaci\u00f3n solo pueden llevarse a cabo con la autorizaci\u00f3n de TLCd\u00e9nia y, en cualquier caso, deben hacer referencia expl\u00edcita a la titularidad de los derechos de propiedad intelectual de TLCd\u00e9nia.<\/p><p>3. Solo est\u00e1 autorizado a utilizar el material documental preparado por TLCd\u00e9nia para fines privados. Bajo ninguna circunstancia puede quitar, modificar o manipular los dispositivos de protecci\u00f3n o los sistemas de seguridad instalados.<\/p><p>4. A menos que TLCd\u00e9nia lo autorice, el enlace a las \u00abp\u00e1ginas finales\u00bb, el \u00abmarco\u00bb y cualquier otra manipulaci\u00f3n similar no est\u00e1 autorizada. Los enlaces deben estar siempre en las p\u00e1ginas principales de www.tlcdenia.es.<\/p><p>En el momento de la aceptaci\u00f3n de estas condiciones generales y para el uso del sitio web de TLCd\u00e9nia, se le puede solicitar al usuario que proporcione ciertos datos esenciales.<br \/>El usuario tambi\u00e9n debe tener en cuenta que existen Condiciones generales de uso del sitio web.<br \/>En general, el Usuario se compromete a respetar estas condiciones de uso y a actuar siempre de acuerdo con la ley, la buena moral y los requisitos de buena fe y a abstenerse de utilizar este sitio web de ninguna manera. de manera que pueda prevenir, da\u00f1ar o deteriorar su funcionamiento normal, la propiedad o los derechos del propietario (TLCd\u00e9nia), del resto de los usuarios o, en general, de cualquier tercero.<\/p>\t\t\t\t\t\t\t\t<\/div>\n\t\t\t\t<\/div>\n\t\t\t\t\t<\/div>\n\t\t<\/div>\n\t\t\t\t\t<\/div>\n\t\t<\/section>\n\t\t\t\t<section class=\"elementor-section elementor-top-section elementor-element elementor-element-1b913339 elementor-section-boxed elementor-section-height-default elementor-section-height-default\" data-id=\"1b913339\" data-element_type=\"section\" data-e-type=\"section\">\n\t\t\t\t\t\t<div class=\"elementor-container elementor-column-gap-default\">\n\t\t\t\t\t<div class=\"elementor-column elementor-col-100 elementor-top-column elementor-element elementor-element-5a977468\" data-id=\"5a977468\" data-element_type=\"column\" data-e-type=\"column\">\n\t\t\t<div class=\"elementor-widget-wrap elementor-element-populated\">\n\t\t\t\t\t\t<div class=\"elementor-element elementor-element-6d568ff0 elementor-widget elementor-widget-text-editor\" data-id=\"6d568ff0\" data-element_type=\"widget\" data-e-type=\"widget\" data-widget_type=\"text-editor.default\">\n\t\t\t\t<div class=\"elementor-widget-container\">\n\t\t\t\t\t\t\t\t\t<p>En particular, el Usuario se compromete, cuando usa este sitio web a:<\/p><p>1. Si se proporciona, el usuario debe proteger adecuadamente el \u00abnombre de usuario\u00bb y la \u00abcontrase\u00f1a\u00bb proporcionados por TLCd\u00e9nia, permiti\u00e9ndole acceder a los diversos servicios ofrecidos en el sitio. Adem\u00e1s, se compromete a no ceder su uso o permitir que terceros accedan a ellos, asumiendo la responsabilidad por cualquier da\u00f1o que pueda resultar del uso indebido de los mismos.<\/p><p>2. No ingrese, almacene o difunda a trav\u00e9s del sitio web ninguna informaci\u00f3n o material que sea difamatorio, abusivo, obsceno, amenazante, xen\u00f3fobo, que incite a la violencia por motivos de raza, g\u00e9nero, ideolog\u00eda, religi\u00f3n o infrinja de cualquier forma, moral, orden p\u00fablico, derechos fundamentales, libertades p\u00fablicas, honor, privacidad o imagen de terceros y, en general, que viole las regulaciones espa\u00f1olas actuales y su pa\u00eds de residencia.<\/p><p>3. No ingrese, almacene o distribuya a trav\u00e9s del sitio web ning\u00fan programa de computadora, datos, virus, c\u00f3digo o cualquier otro archivo que pueda causar da\u00f1os o cualquier tipo de alteraci\u00f3n en el sitio, en cualquiera de los servicios, o en cualquiera de los equipos, sistemas o redes de TLCd\u00e9nia, de cualquier usuario, o en general de cualquier tercero, que puedan interferir con su funcionamiento normal.<\/p><p>4. No destruya, modifique, use, desactive o da\u00f1e datos, informaci\u00f3n, programas, documentos electr\u00f3nicos o, en general, archivos de TLCd\u00e9nia, usuarios o terceros.<\/p><p>TLCd\u00e9nia puede, en cualquier momento y sin previo aviso, modificar estas Condiciones Generales, as\u00ed como las Condiciones Especiales, publicando las modificaciones en el sitio web para que puedan darse a conocer a los usuarios.<\/p><p>Al aceptar esto se entiende que:<\/p>\t\t\t\t\t\t\t\t<\/div>\n\t\t\t\t<\/div>\n\t\t\t\t\t<\/div>\n\t\t<\/div>\n\t\t\t\t\t<\/div>\n\t\t<\/section>\n\t\t\t\t<section class=\"elementor-section elementor-top-section elementor-element elementor-element-552e329a elementor-section-boxed elementor-section-height-default elementor-section-height-default\" data-id=\"552e329a\" data-element_type=\"section\" data-e-type=\"section\">\n\t\t\t\t\t\t<div class=\"elementor-container elementor-column-gap-default\">\n\t\t\t\t\t<div class=\"elementor-column elementor-col-100 elementor-top-column elementor-element elementor-element-124e4dc7\" data-id=\"124e4dc7\" data-element_type=\"column\" data-e-type=\"column\">\n\t\t\t<div class=\"elementor-widget-wrap elementor-element-populated\">\n\t\t\t\t\t\t<div class=\"elementor-element elementor-element-48ec6dc7 elementor-widget elementor-widget-text-editor\" data-id=\"48ec6dc7\" data-element_type=\"widget\" data-e-type=\"widget\" data-widget_type=\"text-editor.default\">\n\t\t\t\t<div class=\"elementor-widget-container\">\n\t\t\t\t\t\t\t\t\t<p>Descargo de responsabilidad<br \/>TLCd\u00e9nia no ser\u00e1 responsable:<br \/>\u2022 Generalmente, uso indebido del sitio web. Los usuarios deben hacer un buen uso de \u00e9l, de acuerdo con los t\u00e9rminos y condiciones anteriores, sin tener ninguna responsabilidad por el mal uso del propietario.<br \/>\u2022 Sobre posibles deficiencias t\u00e9cnicas. TLCd\u00e9nia de ninguna manera ser\u00e1 responsable de los cambios en el servicio que resulten de fallas de la red el\u00e9ctrica, la red de conexi\u00f3n de datos, el servidor o cualquier disposici\u00f3n.<br \/>\u2022 Con respecto al acceso de terceros a su sistema. TLCd\u00e9nia adoptar\u00e1 las precauciones t\u00e9cnicas necesarias para proteger los datos y la informaci\u00f3n accesibles, pero sin ser responsable de las acciones de terceros que, en violaci\u00f3n de las medidas de seguridad establecidas, accedan a sus datos.<br \/>\u2022 TLCd\u00e9nia invierte constantemente en medios tecnol\u00f3gicos que intentan minimizar el riesgo de virus, software similar y contenido no autorizado en sus sistemas de informaci\u00f3n. A pesar de esto, el Usuario es consciente de que debe adoptar sus propias medidas para minimizar el da\u00f1o causado por software no autorizado, virus, troyanos y cualquier tipo de software llamado software malicioso, exonerando a TLCd\u00e9nia de cualquier responsabilidad que pueda resultar de malware ubicado en archivos de este sitio.<\/p><p>Consentimiento para el uso de formularios activados en el sitio<br \/>Lea nuestra <a href=\"https:\/\/tlcdenia.com\/es\/politica-de-privacidad\/\" target=\"_blank\" rel=\"noopener\"><span style=\"text-decoration: underline;\">Pol\u00edtica de privacidad haciendo clic aqu\u00ed.<\/span><\/a><\/p>\t\t\t\t\t\t\t\t<\/div>\n\t\t\t\t<\/div>\n\t\t\t\t\t<\/div>\n\t\t<\/div>\n\t\t\t\t\t<\/div>\n\t\t<\/section>\n\t\t\t\t<\/div>\n\t\t","protected":false},"excerpt":{"rendered":"<p>TLC DENIA AVISO LEGALAviso LegalEl uso de este sitio web est\u00e1 sujeto a las presentes condiciones de confidencialidad. Por favor lea el contenido cuidadosamente. Acceder a este sitio web y utilizar el contenido implica haber le\u00eddo y aceptado las condiciones &hellip; <\/p>\n","protected":false},"author":2,"featured_media":0,"parent":0,"menu_order":0,"comment_status":"closed","ping_status":"closed","template":"","meta":{"_acf_changed":false,"footnotes":""},"class_list":["post-45160","page","type-page","status-publish","hentry"],"acf":[],"yoast_head":"<!-- This site is optimized with the Yoast SEO plugin v26.9 - https:\/\/yoast.com\/product\/yoast-seo-wordpress\/ -->\n<title>Aviso legal - Escuela TLCd\u00e9nia - Sitio web oficial<\/title>\n<meta name=\"robots\" content=\"index, follow, max-snippet:-1, max-image-preview:large, max-video-preview:-1\" \/>\n<link rel=\"canonical\" href=\"https:\/\/tlcdenia.com\/es\/aviso-legal\/\" \/>\n<meta property=\"og:locale\" content=\"es_ES\" \/>\n<meta property=\"og:type\" content=\"article\" \/>\n<meta property=\"og:title\" content=\"Aviso legal - Escuela TLCd\u00e9nia - Sitio web oficial\" \/>\n<meta property=\"og:description\" content=\"TLC DENIA AVISO LEGALAviso LegalEl uso de este sitio web est\u00e1 sujeto a las presentes condiciones de confidencialidad. Por favor lea el contenido cuidadosamente. Acceder a este sitio web y utilizar el contenido implica haber le\u00eddo y aceptado las condiciones &hellip;\" \/>\n<meta property=\"og:url\" content=\"https:\/\/tlcdenia.com\/es\/aviso-legal\/\" \/>\n<meta property=\"og:site_name\" content=\"Escuela TLCd\u00e9nia - Sitio web oficial\" \/>\n<meta property=\"article:modified_time\" content=\"2023-07-24T15:59:55+00:00\" \/>\n<meta name=\"twitter:card\" content=\"summary_large_image\" \/>\n<meta name=\"twitter:label1\" content=\"Tiempo de lectura\" \/>\n\t<meta name=\"twitter:data1\" content=\"6 minutos\" \/>\n<script type=\"application\/ld+json\" class=\"yoast-schema-graph\">{\"@context\":\"https:\/\/schema.org\",\"@graph\":[{\"@type\":\"WebPage\",\"@id\":\"https:\/\/tlcdenia.com\/es\/aviso-legal\/\",\"url\":\"https:\/\/tlcdenia.com\/es\/aviso-legal\/\",\"name\":\"Aviso legal - Escuela TLCd\u00e9nia - Sitio web oficial\",\"isPartOf\":{\"@id\":\"https:\/\/tlcdenia.com\/es\/#website\"},\"datePublished\":\"2023-07-24T15:51:53+00:00\",\"dateModified\":\"2023-07-24T15:59:55+00:00\",\"breadcrumb\":{\"@id\":\"https:\/\/tlcdenia.com\/es\/aviso-legal\/#breadcrumb\"},\"inLanguage\":\"es\",\"potentialAction\":[{\"@type\":\"ReadAction\",\"target\":[\"https:\/\/tlcdenia.com\/es\/aviso-legal\/\"]}]},{\"@type\":\"BreadcrumbList\",\"@id\":\"https:\/\/tlcdenia.com\/es\/aviso-legal\/#breadcrumb\",\"itemListElement\":[{\"@type\":\"ListItem\",\"position\":1,\"name\":\"Home\",\"item\":\"https:\/\/tlcdenia.com\/es\/\"},{\"@type\":\"ListItem\",\"position\":2,\"name\":\"Aviso legal\"}]},{\"@type\":\"WebSite\",\"@id\":\"https:\/\/tlcdenia.com\/es\/#website\",\"url\":\"https:\/\/tlcdenia.com\/es\/\",\"name\":\"Escuela TLCd\u00e9nia - Sitio web oficial\",\"description\":\"Languages Center\",\"potentialAction\":[{\"@type\":\"SearchAction\",\"target\":{\"@type\":\"EntryPoint\",\"urlTemplate\":\"https:\/\/tlcdenia.com\/es\/?s={search_term_string}\"},\"query-input\":{\"@type\":\"PropertyValueSpecification\",\"valueRequired\":true,\"valueName\":\"search_term_string\"}}],\"inLanguage\":\"es\"}]}<\/script>\n<!-- \/ Yoast SEO plugin. -->","yoast_head_json":{"title":"Aviso legal - Escuela TLCd\u00e9nia - Sitio web oficial","robots":{"index":"index","follow":"follow","max-snippet":"max-snippet:-1","max-image-preview":"max-image-preview:large","max-video-preview":"max-video-preview:-1"},"canonical":"https:\/\/tlcdenia.com\/es\/aviso-legal\/","og_locale":"es_ES","og_type":"article","og_title":"Aviso legal - Escuela TLCd\u00e9nia - Sitio web oficial","og_description":"TLC DENIA AVISO LEGALAviso LegalEl uso de este sitio web est\u00e1 sujeto a las presentes condiciones de confidencialidad. Por favor lea el contenido cuidadosamente. Acceder a este sitio web y utilizar el contenido implica haber le\u00eddo y aceptado las condiciones &hellip;","og_url":"https:\/\/tlcdenia.com\/es\/aviso-legal\/","og_site_name":"Escuela TLCd\u00e9nia - Sitio web oficial","article_modified_time":"2023-07-24T15:59:55+00:00","twitter_card":"summary_large_image","twitter_misc":{"Tiempo de lectura":"6 minutos"},"schema":{"@context":"https:\/\/schema.org","@graph":[{"@type":"WebPage","@id":"https:\/\/tlcdenia.com\/es\/aviso-legal\/","url":"https:\/\/tlcdenia.com\/es\/aviso-legal\/","name":"Aviso legal - Escuela TLCd\u00e9nia - Sitio web oficial","isPartOf":{"@id":"https:\/\/tlcdenia.com\/es\/#website"},"datePublished":"2023-07-24T15:51:53+00:00","dateModified":"2023-07-24T15:59:55+00:00","breadcrumb":{"@id":"https:\/\/tlcdenia.com\/es\/aviso-legal\/#breadcrumb"},"inLanguage":"es","potentialAction":[{"@type":"ReadAction","target":["https:\/\/tlcdenia.com\/es\/aviso-legal\/"]}]},{"@type":"BreadcrumbList","@id":"https:\/\/tlcdenia.com\/es\/aviso-legal\/#breadcrumb","itemListElement":[{"@type":"ListItem","position":1,"name":"Home","item":"https:\/\/tlcdenia.com\/es\/"},{"@type":"ListItem","position":2,"name":"Aviso legal"}]},{"@type":"WebSite","@id":"https:\/\/tlcdenia.com\/es\/#website","url":"https:\/\/tlcdenia.com\/es\/","name":"Escuela TLCd\u00e9nia - Sitio web oficial","description":"Languages Center","potentialAction":[{"@type":"SearchAction","target":{"@type":"EntryPoint","urlTemplate":"https:\/\/tlcdenia.com\/es\/?s={search_term_string}"},"query-input":{"@type":"PropertyValueSpecification","valueRequired":true,"valueName":"search_term_string"}}],"inLanguage":"es"}]}},"_links":{"self":[{"href":"https:\/\/tlcdenia.com\/es\/wp-json\/wp\/v2\/pages\/45160","targetHints":{"allow":["GET"]}}],"collection":[{"href":"https:\/\/tlcdenia.com\/es\/wp-json\/wp\/v2\/pages"}],"about":[{"href":"https:\/\/tlcdenia.com\/es\/wp-json\/wp\/v2\/types\/page"}],"author":[{"embeddable":true,"href":"https:\/\/tlcdenia.com\/es\/wp-json\/wp\/v2\/users\/2"}],"replies":[{"embeddable":true,"href":"https:\/\/tlcdenia.com\/es\/wp-json\/wp\/v2\/comments?post=45160"}],"version-history":[{"count":3,"href":"https:\/\/tlcdenia.com\/es\/wp-json\/wp\/v2\/pages\/45160\/revisions"}],"predecessor-version":[{"id":46988,"href":"https:\/\/tlcdenia.com\/es\/wp-json\/wp\/v2\/pages\/45160\/revisions\/46988"}],"wp:attachment":[{"href":"https:\/\/tlcdenia.com\/es\/wp-json\/wp\/v2\/media?parent=45160"}],"curies":[{"name":"wp","href":"https:\/\/api.w.org\/{rel}","templated":true}]}}