{"id":45154,"date":"2023-07-24T15:51:52","date_gmt":"2023-07-24T15:51:52","guid":{"rendered":"https:\/\/tlcdenia.xyz\/politica-de-privacidad\/"},"modified":"2023-07-24T15:59:53","modified_gmt":"2023-07-24T15:59:53","slug":"politica-de-privacidad","status":"publish","type":"page","link":"https:\/\/tlcdenia.com\/es\/politica-de-privacidad\/","title":{"rendered":"Pol\u00edtica de Privacidad"},"content":{"rendered":"\t\t<div data-elementor-type=\"wp-page\" data-elementor-id=\"45154\" class=\"elementor elementor-45154\" data-elementor-post-type=\"page\">\n\t\t\t\t\t\t<section class=\"elementor-section elementor-top-section elementor-element elementor-element-5674f4cc elementor-section-boxed elementor-section-height-default elementor-section-height-default\" data-id=\"5674f4cc\" data-element_type=\"section\" data-e-type=\"section\">\n\t\t\t\t\t\t<div class=\"elementor-container elementor-column-gap-default\">\n\t\t\t\t\t<div class=\"elementor-column elementor-col-100 elementor-top-column elementor-element elementor-element-2f05d973\" data-id=\"2f05d973\" data-element_type=\"column\" data-e-type=\"column\">\n\t\t\t<div class=\"elementor-widget-wrap elementor-element-populated\">\n\t\t\t\t\t\t<div class=\"elementor-element elementor-element-e307e5f elementor-widget elementor-widget-text-editor\" data-id=\"e307e5f\" data-element_type=\"widget\" data-e-type=\"widget\" data-widget_type=\"text-editor.default\">\n\t\t\t\t<div class=\"elementor-widget-container\">\n\t\t\t\t\t\t\t\t\t<p><strong>RESPONSABLE DE LA INFORMACI\u00d3N<\/strong><\/p><p><strong>TLCd\u00e9nia <\/strong>Formaci\u00f3, S.L.<\/p><p>C\/ BARBACANA 15, 03700, DENIA, ALICANTE Tel. 966423672<\/p><p><strong>PARA QU\u00c9 RECOGEMOS LA INFORMACI\u00d3N, QU\u00c9 INFORMACI\u00d3N RECOGEMOS, DURANTE CUANTO TIEMPO LA GUARDAMOS Y EN BASE A QU\u00c9 LO HACEMOS (Finalidad, Conservaci\u00f3n y Legitimaci\u00f3n)<\/strong><\/p><ul><li>Para proporcionarte la formaci\u00f3n presencial elegida:<ol><li>Recopilamos tu informaci\u00f3n b\u00e1sica Nombre, e-mail, sexo, edad, localidad, datos de formaci\u00f3n, bancarios y alg\u00fan otro<\/li><li>La guardaremos tanto tiempo como seas usuario de los servicios de TLCd\u00e9nia. Y una vez hayas finalizada nuestra relaci\u00f3n se podr\u00e1 guardar por un periodo no superior a 4 a\u00f1os para cumplir con nuestras obligaciones legales. Excepto en los casos en que haya litigios entre las partes, que se guardar\u00e1n cuanto tiempo sean necesarios para su resoluci\u00f3n.<\/li><li>Esto lo hacemos en base a que eres nuestro usuario y lo necesitamos para ofrecerte nuestros servicios.<\/li><\/ol><\/li><li>Para recibir formaci\u00f3n online<ol><li>Recopilamos tu informaci\u00f3n b\u00e1sica Nombre, e-mail, sexo, edad, localidad, datos de formaci\u00f3n, bancarios y alg\u00fan otro<\/li><li>La guardaremos tanto tiempo como seas usuario de los servicios de TLCd\u00e9nia. Y una vez hayas finalizada nuestra relaci\u00f3n se podr\u00e1 guardar por un periodo no superior a 4 a\u00f1os para cumplir con nuestras obligaciones legales. Excepto en los casos en que haya litigios entre las partes, que se guardar\u00e1n cuanto tiempo sean necesarios para su resoluci\u00f3n.<\/li><li>Esto lo hacemos en base a que eres nuestro usuario y lo necesitamos para ofrecerte nuestros servicios.<\/li><\/ol><\/li><li>Para realizar pr\u00e1cticas profesionales en empresas asociadas<ol><li>Recopilamos tu informaci\u00f3n b\u00e1sica Nombre, e-mail, sexo, edad, localidad, datos de formaci\u00f3n, bancarios y alg\u00fan otro.<\/li><li>La guardaremos tanto tiempo como seas usuario de los servicios de TLCd\u00e9nia. Y una vez hayas finalizada nuestra relaci\u00f3n se podr\u00e1 guardar por un periodo no superior a 4 a\u00f1os para cumplir con nuestras obligaciones legales. Excepto en los casos en que haya litigios entre las partes, que se guardar\u00e1n cuanto tiempo sean necesarios para su resoluci\u00f3n.<\/li><li>Esto lo hacemos en base a que eres nuestro usuario y lo necesitamos para ofrecerte nuestros servicios.<\/li><\/ol><\/li><li>Para que disfrutes de alojamiento durante el tiempo que cursas tus estudios<ol><li>Recopilamos tu informaci\u00f3n b\u00e1sica Nombre, e-mail, sexo, edad, localidad, datos de formaci\u00f3n, bancarios. Otros datos personales como informaci\u00f3n sobre productos y servicios, preferencias por actividades. Y datos sensibles como son los de salud.<\/li><li>La guardaremos tanto tiempo como seas usuario de los servicios de TLCd\u00e9nia. Y una vez hayas finalizada nuestra relaci\u00f3n se podr\u00e1 guardar por un periodo no superior a 4 a\u00f1os para cumplir con nuestras obligaciones legales. Excepto en los casos en que haya litigios entre las partes, que se guardar\u00e1n cuanto tiempo sean necesarios para su resoluci\u00f3n.<\/li><li>Esto lo hacemos en base a que eres nuestro usuario y lo necesitamos para ofrecerte nuestros servicios.<\/li><\/ol><\/li><li>Para que seas agente y\/o colaborador nuestro<ol><li>Recopilamos tu informaci\u00f3n b\u00e1sica Nombre, e-mail, sexo, edad, localidad, datos de formaci\u00f3n, bancarios y alg\u00fan otro<\/li><li>La guardaremos tanto tiempo como seas proveedor de TLCd\u00e9nia. Y una vez haya finalizada nuestra relaci\u00f3n se podr\u00e1 guardar por un periodo no superior a 4 a\u00f1os para cumplir con nuestras obligaciones legales. Excepto en los casos en que haya litigios entre las partes, que se guardar\u00e1n cuanto tiempo sean necesarios para su resoluci\u00f3n.<\/li><li>Esto lo hacemos en base a que eres nuestro proveedor y lo necesitamos para mantener nuestra relaci\u00f3n.<\/li><\/ol><\/li><li>Para que seas familia de acogida de nuestros alumnos<ol><li>Recopilamos tu informaci\u00f3n b\u00e1sica Nombre, e-mail, sexo, edad, localidad, datos de formaci\u00f3n, bancarios. Otros datos personales como informaci\u00f3n sobre productos y servicios, preferencias por actividades, caracter\u00edsticas de la familia y la vivienda y otras.<\/li><li>La guardaremos tanto tiempo como seas proveedor de TLCd\u00e9nia. Y una vez haya finalizada nuestra relaci\u00f3n se podr\u00e1 guardar por un periodo no superior a 4 a\u00f1os para cumplir con nuestras obligaciones legales. Excepto en los casos en que haya litigios entre las partes, que se guardar\u00e1n cuanto tiempo sean necesarios para su resoluci\u00f3n.<\/li><li>Esto lo hacemos en base a que eres nuestro proveedor y lo necesitamos para mantener nuestra relaci\u00f3n.<\/li><\/ol><\/li><li>Para que seas empresa donde los alumnos desarrollen sus pr\u00e1cticas profesionales<ol><li>Recopilamos tu informaci\u00f3n b\u00e1sica Nombre, e-mail, sexo, edad, localidad, datos de formaci\u00f3n, bancarios. Otros datos personales como informaci\u00f3n sobre productos y servicios, caracter\u00edsticas de la empresa y otras.<\/li><li>La guardaremos tanto tiempo como seas proveedor de TLCd\u00e9nia. Y una vez haya finalizada nuestra relaci\u00f3n se podr\u00e1 guardar por un periodo no superior a 4 a\u00f1os para cumplir con nuestras obligaciones legales. Excepto en los casos en que haya litigios entre las partes, que se guardar\u00e1n cuanto tiempo sean necesarios para su resoluci\u00f3n.<\/li><li>Esto lo hacemos en base a que eres nuestro proveedor y lo necesitamos para mantener nuestra relaci\u00f3n.<\/li><\/ol><\/li><li>Env\u00edo de boletines publicitarios o comerciales.<ol><li>Recopilamos datos de contacto, as\u00ed como otros datos de contenido tipo productos y servicios y similares.<\/li><li>La guardaremos tanto tiempo como seas usuario de TLCd\u00e9nia. Y una vez hayas finalizado tu relaci\u00f3n con nosotros se podr\u00e1 guardar por un periodo no superior a 4 a\u00f1os para cumplir con nuestras obligaciones legales. Excepto en los casos en que haya litigios entre las partes, que se guardar\u00e1n cuanto tiempo sean necesarios para su resoluci\u00f3n.<\/li><li>Esto lo hacemos en base a que eres nuestro usuario y lo necesitamos para ofrecerte nuestros servicios<ol><li>En caso de que no desees recibir estas comunicaciones comerciales puedes solicitar la baja pulsando el bot\u00f3n \u201cCancelar suscripci\u00f3n\u201d en el cualquiera de los mensajes que recibas.<\/li><\/ol><\/li><\/ol><\/li><\/ul><p><strong>A QUIEN LE DAMOS ESTOS DATOS, PARA QU\u00c9 Y POR QU\u00c9 (Cesi\u00f3n, Finalidad y Legitimaci\u00f3n)<\/strong><\/p><p>No cedemos datos a nadie sin tu consentimiento, salvo el caso de:<\/p><ul><li>Las Administraciones P\u00fablicas, Juzgados, Agencia Tributaria y cualquier organismo al que la ley nos obligue. Cederemos todos los datos requeridos por estos organismos en base a una obligaci\u00f3n legal.<\/li><\/ul><p><strong>D\u00d3NDE SE ALMACENAN LOS DATOS Y COMO SE TRANSMITEN (Transferencias internacionales de datos)<\/strong><\/p><p>Todos nuestros centros de procesos de datos se encuentran dentro de territorio de la Uni\u00f3n Europea por lo que no se llevan a cabo transferencias internacionales de datos. En caso de que en un se requiera del uso de transferencias internacionales de datos ser\u00e1s informado previamente para que prestes tu consentimiento expreso.<\/p><p>Todas nuestras transmisiones se efect\u00faan y se efectuar\u00e1n de forma segura mediante est\u00e1ndares de seguridad que cumplen con la normativa sobre protecci\u00f3n de datos.<\/p><p>\u00a0<\/p><p><strong>ENCARGADOS DE TRATAMIENTO<\/strong><\/p><p>Los datos podr\u00e1n ser cedidos a proveedores con acceso a datos con quienes se formaliza un contrato donde se contemplen claramente las obligaciones y responsabilidades que asumen en el tratamiento de los datos en calidad de Encargados de Tratamiento. Te aseguramos que desde TLCd\u00e9nia hacemos un estudio y evaluaci\u00f3n previos a contratar a un tercero como encargado para asegurarnos de que nos da la m\u00e1xima garant\u00eda si va a tratar nuestros datos y los tuyos.<\/p><p><strong>QU\u00c9 DERECHOS TIENES Y COMO PUEDES EJERCERLOS<\/strong><\/p><p>Tienes los siguientes derechos:<\/p><ul><li>A que te confirmemos si estamos tratando datos tuyos<\/li><li>A acceder a tus datos, a rectificarlos si son inexactos o suprimirlos particularmente si ya no es necesario tratarlos.<\/li><li>En determinados casos podr\u00e1s solicitar la limitaci\u00f3n del tratamiento, en cuyo caso los utilizaremos \u00fanicamente para el ejercicio o defensa de reclamaciones.<\/li><li>En determinados casos podr\u00e1 oponerse a que tratemos sus datos y dejaremos de tratarlos salvo que motivos leg\u00edtimos imperiosos o el ejercicio o defensa de posibles reclamaciones.<\/li><li>A revocar el consentimiento.<\/li><li>A la portabilidad de los datos personales.<\/li><\/ul><p>\u00a0<\/p><p>Y para ejercerlos:<\/p><p>\u00a0<\/p><p>Deber\u00e1s presentar un escrito en la direcci\u00f3n arriba se\u00f1alada o enviar comunicado al correo electr\u00f3nico <a href=\"mailto:info@tlcdenia.es\">info@tlcdenia.es<\/a> donde nos especificar\u00e1s cu\u00e1l de estos derechos solicitas sea satisfecho y, a su vez, deber\u00e1s acompa\u00f1arlo de la fotocopia del DNI o documento identificativo equivalente. En caso de que actuaras mediante representante, legal o voluntario, deber\u00e1s aportar tambi\u00e9n documento que acredite la representaci\u00f3n y documento identificativo del mismo.<\/p><p>Si necesitas un modelo para ello, podr\u00e1s:<\/p><ul><li>Bien utilizar un modelo oficial de la Agencia: <a href=\"http:\/\/www.agpd.es\/portalwebAGPD\/CanalDelCiudadano\/derechos\/index-ides-idphp.php\">http:\/\/www.agpd.es\/portalwebAGPD\/CanalDelCiudadano\/derechos\/index-ides-idphp.php<\/a><\/li><li>Bien solicitarnos un modelo: <a href=\"mailto:info@tlcdenia.es\">info@tlcdenia.es<\/a><\/li><\/ul><p>Y adem\u00e1s puedes reclamar a la AEPD si lo necesitas:<\/p><p>Cuando no hayas obtenido satisfacci\u00f3n en el ejercicio de sus derechos o la forma de ejercerlos podr\u00e1s presentar una reclamaci\u00f3n ante la Autoridad de Control. Si quieres conocer m\u00e1s informaci\u00f3n sobre este derecho y como ejercerlo puedes dirigirte a la AGPD:<\/p><p><a href=\"http:\/\/www.agpd.es\/\">http:\/\/www.agpd.es\/<\/a> Tel. 901 100 099 y 91.266.35.17. C\/Jorge Juan, 6 &#8211;\u00a0 28001 &#8211; Madrid<\/p>\t\t\t\t\t\t\t\t<\/div>\n\t\t\t\t<\/div>\n\t\t\t\t\t<\/div>\n\t\t<\/div>\n\t\t\t\t\t<\/div>\n\t\t<\/section>\n\t\t\t\t<\/div>\n\t\t","protected":false},"excerpt":{"rendered":"<p>RESPONSABLE DE LA INFORMACI\u00d3N TLCd\u00e9nia Formaci\u00f3, S.L. C\/ BARBACANA 15, 03700, DENIA, ALICANTE Tel. 966423672 PARA QU\u00c9 RECOGEMOS LA INFORMACI\u00d3N, QU\u00c9 INFORMACI\u00d3N RECOGEMOS, DURANTE CUANTO TIEMPO LA GUARDAMOS Y EN BASE A QU\u00c9 LO HACEMOS (Finalidad, Conservaci\u00f3n y Legitimaci\u00f3n) Para &hellip; <\/p>\n","protected":false},"author":2,"featured_media":0,"parent":0,"menu_order":0,"comment_status":"closed","ping_status":"closed","template":"","meta":{"_acf_changed":false,"footnotes":""},"class_list":["post-45154","page","type-page","status-publish","hentry"],"acf":[],"yoast_head":"<!-- This site is optimized with the Yoast SEO plugin v26.9 - https:\/\/yoast.com\/product\/yoast-seo-wordpress\/ -->\n<title>Pol\u00edtica de Privacidad - Escuela TLCd\u00e9nia - Sitio web oficial<\/title>\n<meta name=\"robots\" content=\"index, follow, max-snippet:-1, max-image-preview:large, max-video-preview:-1\" \/>\n<link rel=\"canonical\" href=\"https:\/\/tlcdenia.com\/es\/politica-de-privacidad\/\" \/>\n<meta property=\"og:locale\" content=\"es_ES\" \/>\n<meta property=\"og:type\" content=\"article\" \/>\n<meta property=\"og:title\" content=\"Pol\u00edtica de Privacidad - Escuela TLCd\u00e9nia - Sitio web oficial\" \/>\n<meta property=\"og:description\" content=\"RESPONSABLE DE LA INFORMACI\u00d3N TLCd\u00e9nia Formaci\u00f3, S.L. C\/ BARBACANA 15, 03700, DENIA, ALICANTE Tel. 966423672 PARA QU\u00c9 RECOGEMOS LA INFORMACI\u00d3N, QU\u00c9 INFORMACI\u00d3N RECOGEMOS, DURANTE CUANTO TIEMPO LA GUARDAMOS Y EN BASE A QU\u00c9 LO HACEMOS (Finalidad, Conservaci\u00f3n y Legitimaci\u00f3n) Para &hellip;\" \/>\n<meta property=\"og:url\" content=\"https:\/\/tlcdenia.com\/es\/politica-de-privacidad\/\" \/>\n<meta property=\"og:site_name\" content=\"Escuela TLCd\u00e9nia - Sitio web oficial\" \/>\n<meta property=\"article:modified_time\" content=\"2023-07-24T15:59:53+00:00\" \/>\n<meta name=\"twitter:card\" content=\"summary_large_image\" \/>\n<meta name=\"twitter:label1\" content=\"Tiempo de lectura\" \/>\n\t<meta name=\"twitter:data1\" content=\"7 minutos\" \/>\n<script type=\"application\/ld+json\" class=\"yoast-schema-graph\">{\"@context\":\"https:\/\/schema.org\",\"@graph\":[{\"@type\":\"WebPage\",\"@id\":\"https:\/\/tlcdenia.com\/es\/politica-de-privacidad\/\",\"url\":\"https:\/\/tlcdenia.com\/es\/politica-de-privacidad\/\",\"name\":\"Pol\u00edtica de Privacidad - Escuela TLCd\u00e9nia - Sitio web oficial\",\"isPartOf\":{\"@id\":\"https:\/\/tlcdenia.com\/es\/#website\"},\"datePublished\":\"2023-07-24T15:51:52+00:00\",\"dateModified\":\"2023-07-24T15:59:53+00:00\",\"breadcrumb\":{\"@id\":\"https:\/\/tlcdenia.com\/es\/politica-de-privacidad\/#breadcrumb\"},\"inLanguage\":\"es\",\"potentialAction\":[{\"@type\":\"ReadAction\",\"target\":[\"https:\/\/tlcdenia.com\/es\/politica-de-privacidad\/\"]}]},{\"@type\":\"BreadcrumbList\",\"@id\":\"https:\/\/tlcdenia.com\/es\/politica-de-privacidad\/#breadcrumb\",\"itemListElement\":[{\"@type\":\"ListItem\",\"position\":1,\"name\":\"Home\",\"item\":\"https:\/\/tlcdenia.com\/es\/\"},{\"@type\":\"ListItem\",\"position\":2,\"name\":\"Pol\u00edtica de Privacidad\"}]},{\"@type\":\"WebSite\",\"@id\":\"https:\/\/tlcdenia.com\/es\/#website\",\"url\":\"https:\/\/tlcdenia.com\/es\/\",\"name\":\"Escuela TLCd\u00e9nia - Sitio web oficial\",\"description\":\"Languages Center\",\"potentialAction\":[{\"@type\":\"SearchAction\",\"target\":{\"@type\":\"EntryPoint\",\"urlTemplate\":\"https:\/\/tlcdenia.com\/es\/?s={search_term_string}\"},\"query-input\":{\"@type\":\"PropertyValueSpecification\",\"valueRequired\":true,\"valueName\":\"search_term_string\"}}],\"inLanguage\":\"es\"}]}<\/script>\n<!-- \/ Yoast SEO plugin. -->","yoast_head_json":{"title":"Pol\u00edtica de Privacidad - Escuela TLCd\u00e9nia - Sitio web oficial","robots":{"index":"index","follow":"follow","max-snippet":"max-snippet:-1","max-image-preview":"max-image-preview:large","max-video-preview":"max-video-preview:-1"},"canonical":"https:\/\/tlcdenia.com\/es\/politica-de-privacidad\/","og_locale":"es_ES","og_type":"article","og_title":"Pol\u00edtica de Privacidad - Escuela TLCd\u00e9nia - Sitio web oficial","og_description":"RESPONSABLE DE LA INFORMACI\u00d3N TLCd\u00e9nia Formaci\u00f3, S.L. C\/ BARBACANA 15, 03700, DENIA, ALICANTE Tel. 966423672 PARA QU\u00c9 RECOGEMOS LA INFORMACI\u00d3N, QU\u00c9 INFORMACI\u00d3N RECOGEMOS, DURANTE CUANTO TIEMPO LA GUARDAMOS Y EN BASE A QU\u00c9 LO HACEMOS (Finalidad, Conservaci\u00f3n y Legitimaci\u00f3n) Para &hellip;","og_url":"https:\/\/tlcdenia.com\/es\/politica-de-privacidad\/","og_site_name":"Escuela TLCd\u00e9nia - Sitio web oficial","article_modified_time":"2023-07-24T15:59:53+00:00","twitter_card":"summary_large_image","twitter_misc":{"Tiempo de lectura":"7 minutos"},"schema":{"@context":"https:\/\/schema.org","@graph":[{"@type":"WebPage","@id":"https:\/\/tlcdenia.com\/es\/politica-de-privacidad\/","url":"https:\/\/tlcdenia.com\/es\/politica-de-privacidad\/","name":"Pol\u00edtica de Privacidad - Escuela TLCd\u00e9nia - Sitio web oficial","isPartOf":{"@id":"https:\/\/tlcdenia.com\/es\/#website"},"datePublished":"2023-07-24T15:51:52+00:00","dateModified":"2023-07-24T15:59:53+00:00","breadcrumb":{"@id":"https:\/\/tlcdenia.com\/es\/politica-de-privacidad\/#breadcrumb"},"inLanguage":"es","potentialAction":[{"@type":"ReadAction","target":["https:\/\/tlcdenia.com\/es\/politica-de-privacidad\/"]}]},{"@type":"BreadcrumbList","@id":"https:\/\/tlcdenia.com\/es\/politica-de-privacidad\/#breadcrumb","itemListElement":[{"@type":"ListItem","position":1,"name":"Home","item":"https:\/\/tlcdenia.com\/es\/"},{"@type":"ListItem","position":2,"name":"Pol\u00edtica de Privacidad"}]},{"@type":"WebSite","@id":"https:\/\/tlcdenia.com\/es\/#website","url":"https:\/\/tlcdenia.com\/es\/","name":"Escuela TLCd\u00e9nia - Sitio web oficial","description":"Languages Center","potentialAction":[{"@type":"SearchAction","target":{"@type":"EntryPoint","urlTemplate":"https:\/\/tlcdenia.com\/es\/?s={search_term_string}"},"query-input":{"@type":"PropertyValueSpecification","valueRequired":true,"valueName":"search_term_string"}}],"inLanguage":"es"}]}},"_links":{"self":[{"href":"https:\/\/tlcdenia.com\/es\/wp-json\/wp\/v2\/pages\/45154","targetHints":{"allow":["GET"]}}],"collection":[{"href":"https:\/\/tlcdenia.com\/es\/wp-json\/wp\/v2\/pages"}],"about":[{"href":"https:\/\/tlcdenia.com\/es\/wp-json\/wp\/v2\/types\/page"}],"author":[{"embeddable":true,"href":"https:\/\/tlcdenia.com\/es\/wp-json\/wp\/v2\/users\/2"}],"replies":[{"embeddable":true,"href":"https:\/\/tlcdenia.com\/es\/wp-json\/wp\/v2\/comments?post=45154"}],"version-history":[{"count":3,"href":"https:\/\/tlcdenia.com\/es\/wp-json\/wp\/v2\/pages\/45154\/revisions"}],"predecessor-version":[{"id":46986,"href":"https:\/\/tlcdenia.com\/es\/wp-json\/wp\/v2\/pages\/45154\/revisions\/46986"}],"wp:attachment":[{"href":"https:\/\/tlcdenia.com\/es\/wp-json\/wp\/v2\/media?parent=45154"}],"curies":[{"name":"wp","href":"https:\/\/api.w.org\/{rel}","templated":true}]}}