{"id":45097,"date":"2023-07-24T15:51:45","date_gmt":"2023-07-24T15:51:45","guid":{"rendered":"https:\/\/tlcdenia.xyz\/reserva-tu-curso\/"},"modified":"2023-12-20T09:25:11","modified_gmt":"2023-12-20T09:25:11","slug":"reservar-curso","status":"publish","type":"page","link":"https:\/\/tlcdenia.com\/es\/reservar-curso\/","title":{"rendered":"Reserva tu curso"},"content":{"rendered":"\t\t<div data-elementor-type=\"wp-page\" data-elementor-id=\"45097\" class=\"elementor elementor-45097\" data-elementor-post-type=\"page\">\n\t\t\t\t\t\t<section class=\"elementor-section elementor-top-section elementor-element elementor-element-3c21f560 elementor-section-boxed elementor-section-height-default elementor-section-height-default\" data-id=\"3c21f560\" data-element_type=\"section\" data-e-type=\"section\">\n\t\t\t\t\t\t<div class=\"elementor-container elementor-column-gap-default\">\n\t\t\t\t\t<div class=\"elementor-column elementor-col-100 elementor-top-column elementor-element elementor-element-529d880b\" data-id=\"529d880b\" data-element_type=\"column\" data-e-type=\"column\">\n\t\t\t<div class=\"elementor-widget-wrap elementor-element-populated\">\n\t\t\t\t\t\t<div class=\"elementor-element elementor-element-189e3fa1 elementor-widget elementor-widget-html\" data-id=\"189e3fa1\" data-element_type=\"widget\" data-e-type=\"widget\" data-widget_type=\"html.default\">\n\t\t\t\t<div class=\"elementor-widget-container\">\n\t\t\t\t\t<script type=\"text\/javascript\" src=\"https:\/\/form.jotform.com\/jsform\/220941364289360\"><span data-mce-type=\"bookmark\" style=\"display: inline-block; width: 0px; overflow: hidden; line-height: 0;\" class=\"mce_SELRES_start\">\ufeff<\/span><span data-mce-type=\"bookmark\" style=\"display: inline-block; width: 0px; overflow: hidden; line-height: 0;\" class=\"mce_SELRES_start\">\ufeff<\/span><\/script>\t\t\t\t<\/div>\n\t\t\t\t<\/div>\n\t\t\t\t<div class=\"elementor-element elementor-element-736aad91 elementor-widget elementor-widget-text-editor\" data-id=\"736aad91\" data-element_type=\"widget\" data-e-type=\"widget\" data-widget_type=\"text-editor.default\">\n\t\t\t\t<div class=\"elementor-widget-container\">\n\t\t\t\t\t\t\t\t\t<p style=\"text-align: center;\"><span style=\"font-size: 10pt; font-family: helvetica, arial, sans-serif; color: #434343;\"><a href=\"https:\/\/form.jotform.com\/220941364289360\" target=\"_blank\" rel=\"noopener noreferrer\">Haz click aqu\u00ed<\/a> si no puedes ver el formulario de reserva de arriba.<\/span><\/p>\t\t\t\t\t\t\t\t<\/div>\n\t\t\t\t<\/div>\n\t\t\t\t<section class=\"elementor-section elementor-inner-section elementor-element elementor-element-7346fb36 elementor-section-boxed elementor-section-height-default elementor-section-height-default\" data-id=\"7346fb36\" data-element_type=\"section\" data-e-type=\"section\">\n\t\t\t\t\t\t<div class=\"elementor-container elementor-column-gap-default\">\n\t\t\t\t\t<div class=\"elementor-column elementor-col-66 elementor-inner-column elementor-element elementor-element-1100448e\" data-id=\"1100448e\" data-element_type=\"column\" data-e-type=\"column\">\n\t\t\t<div class=\"elementor-widget-wrap elementor-element-populated\">\n\t\t\t\t\t\t<div class=\"elementor-element elementor-element-52a0ede4 elementor-widget elementor-widget-heading\" data-id=\"52a0ede4\" data-element_type=\"widget\" data-e-type=\"widget\" data-widget_type=\"heading.default\">\n\t\t\t\t<div class=\"elementor-widget-container\">\n\t\t\t\t\t<h3 class=\"elementor-heading-title elementor-size-default\">\u00bfNecesitas m\u00e1s informaci\u00f3n?<\/h3>\t\t\t\t<\/div>\n\t\t\t\t<\/div>\n\t\t\t\t\t<\/div>\n\t\t<\/div>\n\t\t\t\t<div class=\"elementor-column elementor-col-33 elementor-inner-column elementor-element elementor-element-25a15417\" data-id=\"25a15417\" data-element_type=\"column\" data-e-type=\"column\">\n\t\t\t<div class=\"elementor-widget-wrap elementor-element-populated\">\n\t\t\t\t\t\t<div class=\"elementor-element elementor-element-22762a52 elementor-align-center elementor-widget elementor-widget-button\" data-id=\"22762a52\" data-element_type=\"widget\" data-e-type=\"widget\" data-widget_type=\"button.default\">\n\t\t\t\t<div class=\"elementor-widget-container\">\n\t\t\t\t\t\t\t\t\t<div class=\"elementor-button-wrapper\">\n\t\t\t\t\t<a class=\"elementor-button elementor-button-link elementor-size-md\" href=\"\/contacto\/\" target=\"_blank\" rel=\"nofollow\">\n\t\t\t\t\t\t<span class=\"elementor-button-content-wrapper\">\n\t\t\t\t\t\t<span class=\"elementor-button-icon\">\n\t\t\t\t<svg aria-hidden=\"true\" class=\"e-font-icon-svg e-far-arrow-alt-circle-right\" viewBox=\"0 0 512 512\" xmlns=\"http:\/\/www.w3.org\/2000\/svg\"><path d=\"M504 256C504 119 393 8 256 8S8 119 8 256s111 248 248 248 248-111 248-248zm-448 0c0-110.5 89.5-200 200-200s200 89.5 200 200-89.5 200-200 200S56 366.5 56 256zm72 20v-40c0-6.6 5.4-12 12-12h116v-67c0-10.7 12.9-16 20.5-8.5l99 99c4.7 4.7 4.7 12.3 0 17l-99 99c-7.6 7.6-20.5 2.2-20.5-8.5v-67H140c-6.6 0-12-5.4-12-12z\"><\/path><\/svg>\t\t\t<\/span>\n\t\t\t\t\t\t\t\t\t<span class=\"elementor-button-text\">Cont\u00e1ctanos<\/span>\n\t\t\t\t\t<\/span>\n\t\t\t\t\t<\/a>\n\t\t\t\t<\/div>\n\t\t\t\t\t\t\t\t<\/div>\n\t\t\t\t<\/div>\n\t\t\t\t\t<\/div>\n\t\t<\/div>\n\t\t\t\t\t<\/div>\n\t\t<\/section>\n\t\t\t\t\t<\/div>\n\t\t<\/div>\n\t\t\t\t\t<\/div>\n\t\t<\/section>\n\t\t\t\t<\/div>\n\t\t","protected":false},"excerpt":{"rendered":"<p>Haz click aqu\u00ed si no puedes ver el formulario de reserva de arriba. \u00bfNecesitas m\u00e1s informaci\u00f3n? &nbsp; Cont\u00e1ctanos<\/p>\n","protected":false},"author":2,"featured_media":0,"parent":0,"menu_order":0,"comment_status":"closed","ping_status":"closed","template":"","meta":{"_acf_changed":false,"footnotes":""},"class_list":["post-45097","page","type-page","status-publish","hentry"],"acf":[],"yoast_head":"<!-- This site is optimized with the Yoast SEO plugin v26.9 - https:\/\/yoast.com\/product\/yoast-seo-wordpress\/ -->\n<title>Reserva tu curso - Escuela TLCd\u00e9nia - Sitio web oficial<\/title>\n<meta name=\"robots\" content=\"index, follow, max-snippet:-1, max-image-preview:large, max-video-preview:-1\" \/>\n<link rel=\"canonical\" href=\"https:\/\/tlcdenia.com\/es\/reservar-curso\/\" \/>\n<meta property=\"og:locale\" content=\"es_ES\" \/>\n<meta property=\"og:type\" content=\"article\" \/>\n<meta property=\"og:title\" content=\"Reserva tu curso - Escuela TLCd\u00e9nia - Sitio web oficial\" \/>\n<meta property=\"og:description\" content=\"Haz click aqu\u00ed si no puedes ver el formulario de reserva de arriba. \u00bfNecesitas m\u00e1s informaci\u00f3n? &nbsp; Cont\u00e1ctanos\" \/>\n<meta property=\"og:url\" content=\"https:\/\/tlcdenia.com\/es\/reservar-curso\/\" \/>\n<meta property=\"og:site_name\" content=\"Escuela TLCd\u00e9nia - Sitio web oficial\" \/>\n<meta property=\"article:modified_time\" content=\"2023-12-20T09:25:11+00:00\" \/>\n<meta name=\"twitter:card\" content=\"summary_large_image\" \/>\n<meta name=\"twitter:label1\" content=\"Tiempo de lectura\" \/>\n\t<meta name=\"twitter:data1\" content=\"1 minuto\" \/>\n<script type=\"application\/ld+json\" class=\"yoast-schema-graph\">{\"@context\":\"https:\/\/schema.org\",\"@graph\":[{\"@type\":\"WebPage\",\"@id\":\"https:\/\/tlcdenia.com\/es\/reservar-curso\/\",\"url\":\"https:\/\/tlcdenia.com\/es\/reservar-curso\/\",\"name\":\"Reserva tu curso - Escuela TLCd\u00e9nia - Sitio web oficial\",\"isPartOf\":{\"@id\":\"https:\/\/tlcdenia.com\/es\/#website\"},\"datePublished\":\"2023-07-24T15:51:45+00:00\",\"dateModified\":\"2023-12-20T09:25:11+00:00\",\"breadcrumb\":{\"@id\":\"https:\/\/tlcdenia.com\/es\/reservar-curso\/#breadcrumb\"},\"inLanguage\":\"es\",\"potentialAction\":[{\"@type\":\"ReadAction\",\"target\":[\"https:\/\/tlcdenia.com\/es\/reservar-curso\/\"]}]},{\"@type\":\"BreadcrumbList\",\"@id\":\"https:\/\/tlcdenia.com\/es\/reservar-curso\/#breadcrumb\",\"itemListElement\":[{\"@type\":\"ListItem\",\"position\":1,\"name\":\"Home\",\"item\":\"https:\/\/tlcdenia.com\/es\/\"},{\"@type\":\"ListItem\",\"position\":2,\"name\":\"Reserva tu curso\"}]},{\"@type\":\"WebSite\",\"@id\":\"https:\/\/tlcdenia.com\/es\/#website\",\"url\":\"https:\/\/tlcdenia.com\/es\/\",\"name\":\"Escuela TLCd\u00e9nia - Sitio web oficial\",\"description\":\"Languages Center\",\"potentialAction\":[{\"@type\":\"SearchAction\",\"target\":{\"@type\":\"EntryPoint\",\"urlTemplate\":\"https:\/\/tlcdenia.com\/es\/?s={search_term_string}\"},\"query-input\":{\"@type\":\"PropertyValueSpecification\",\"valueRequired\":true,\"valueName\":\"search_term_string\"}}],\"inLanguage\":\"es\"}]}<\/script>\n<!-- \/ Yoast SEO plugin. -->","yoast_head_json":{"title":"Reserva tu curso - Escuela TLCd\u00e9nia - Sitio web oficial","robots":{"index":"index","follow":"follow","max-snippet":"max-snippet:-1","max-image-preview":"max-image-preview:large","max-video-preview":"max-video-preview:-1"},"canonical":"https:\/\/tlcdenia.com\/es\/reservar-curso\/","og_locale":"es_ES","og_type":"article","og_title":"Reserva tu curso - Escuela TLCd\u00e9nia - Sitio web oficial","og_description":"Haz click aqu\u00ed si no puedes ver el formulario de reserva de arriba. \u00bfNecesitas m\u00e1s informaci\u00f3n? &nbsp; Cont\u00e1ctanos","og_url":"https:\/\/tlcdenia.com\/es\/reservar-curso\/","og_site_name":"Escuela TLCd\u00e9nia - Sitio web oficial","article_modified_time":"2023-12-20T09:25:11+00:00","twitter_card":"summary_large_image","twitter_misc":{"Tiempo de lectura":"1 minuto"},"schema":{"@context":"https:\/\/schema.org","@graph":[{"@type":"WebPage","@id":"https:\/\/tlcdenia.com\/es\/reservar-curso\/","url":"https:\/\/tlcdenia.com\/es\/reservar-curso\/","name":"Reserva tu curso - Escuela TLCd\u00e9nia - Sitio web oficial","isPartOf":{"@id":"https:\/\/tlcdenia.com\/es\/#website"},"datePublished":"2023-07-24T15:51:45+00:00","dateModified":"2023-12-20T09:25:11+00:00","breadcrumb":{"@id":"https:\/\/tlcdenia.com\/es\/reservar-curso\/#breadcrumb"},"inLanguage":"es","potentialAction":[{"@type":"ReadAction","target":["https:\/\/tlcdenia.com\/es\/reservar-curso\/"]}]},{"@type":"BreadcrumbList","@id":"https:\/\/tlcdenia.com\/es\/reservar-curso\/#breadcrumb","itemListElement":[{"@type":"ListItem","position":1,"name":"Home","item":"https:\/\/tlcdenia.com\/es\/"},{"@type":"ListItem","position":2,"name":"Reserva tu curso"}]},{"@type":"WebSite","@id":"https:\/\/tlcdenia.com\/es\/#website","url":"https:\/\/tlcdenia.com\/es\/","name":"Escuela TLCd\u00e9nia - Sitio web oficial","description":"Languages Center","potentialAction":[{"@type":"SearchAction","target":{"@type":"EntryPoint","urlTemplate":"https:\/\/tlcdenia.com\/es\/?s={search_term_string}"},"query-input":{"@type":"PropertyValueSpecification","valueRequired":true,"valueName":"search_term_string"}}],"inLanguage":"es"}]}},"_links":{"self":[{"href":"https:\/\/tlcdenia.com\/es\/wp-json\/wp\/v2\/pages\/45097","targetHints":{"allow":["GET"]}}],"collection":[{"href":"https:\/\/tlcdenia.com\/es\/wp-json\/wp\/v2\/pages"}],"about":[{"href":"https:\/\/tlcdenia.com\/es\/wp-json\/wp\/v2\/types\/page"}],"author":[{"embeddable":true,"href":"https:\/\/tlcdenia.com\/es\/wp-json\/wp\/v2\/users\/2"}],"replies":[{"embeddable":true,"href":"https:\/\/tlcdenia.com\/es\/wp-json\/wp\/v2\/comments?post=45097"}],"version-history":[{"count":6,"href":"https:\/\/tlcdenia.com\/es\/wp-json\/wp\/v2\/pages\/45097\/revisions"}],"predecessor-version":[{"id":72218,"href":"https:\/\/tlcdenia.com\/es\/wp-json\/wp\/v2\/pages\/45097\/revisions\/72218"}],"wp:attachment":[{"href":"https:\/\/tlcdenia.com\/es\/wp-json\/wp\/v2\/media?parent=45097"}],"curies":[{"name":"wp","href":"https:\/\/api.w.org\/{rel}","templated":true}]}}