{"id":106583,"date":"2025-09-04T12:00:29","date_gmt":"2025-09-04T12:00:29","guid":{"rendered":"https:\/\/tlcdenia.com\/?page_id=106583"},"modified":"2025-10-08T12:08:13","modified_gmt":"2025-10-08T12:08:13","slug":"escape-room-cultura-espanola","status":"publish","type":"page","link":"https:\/\/tlcdenia.com\/es\/escape-room-cultura-espanola\/","title":{"rendered":"ESCAPE ROOM: Descubre la cultura espa\u00f1ola resolviendo enigmas"},"content":{"rendered":"\t\t<div data-elementor-type=\"wp-page\" data-elementor-id=\"106583\" class=\"elementor elementor-106583\" data-elementor-post-type=\"page\">\n\t\t\t\t<div class=\"elementor-element elementor-element-31054e4 e-flex e-con-boxed e-con e-parent\" data-id=\"31054e4\" data-element_type=\"container\" data-e-type=\"container\">\n\t\t\t\t\t<div class=\"e-con-inner\">\n\t\t\t\t<div class=\"elementor-element elementor-element-228ecd9 elementor-widget elementor-widget-text-editor\" data-id=\"228ecd9\" data-element_type=\"widget\" data-e-type=\"widget\" data-widget_type=\"text-editor.default\">\n\t\t\t\t<div class=\"elementor-widget-container\">\n\t\t\t\t\t\t\t\t\t<p>Muchas gracias por asistir a la ponencia de TLCd\u00e9nia: ESCAPE ROOM: Descubre la cultura espa\u00f1ola resolviendo enigmas. Aqu\u00ed puedes encontrar el material:<\/p>\t\t\t\t\t\t\t\t<\/div>\n\t\t\t\t<\/div>\n\t\t\t\t\t<\/div>\n\t\t\t\t<\/div>\n\t\t<div class=\"elementor-element elementor-element-e6958d3 e-flex e-con-boxed e-con e-parent\" data-id=\"e6958d3\" data-element_type=\"container\" data-e-type=\"container\">\n\t\t\t\t\t<div class=\"e-con-inner\">\n\t\t\t\t<div class=\"elementor-element elementor-element-43752bc elementor-widget elementor-widget-text-editor\" data-id=\"43752bc\" data-element_type=\"widget\" data-e-type=\"widget\" data-widget_type=\"text-editor.default\">\n\t\t\t\t<div class=\"elementor-widget-container\">\n\t\t\t\t\t\t\t\t\t<h3><strong>ESCAPE ROOM DIGITAL + FICHA DID\u00c1CTICA:<\/strong><\/h3><div>En este documento encontrar\u00e1s:<\/div><div>&#8211; Las <strong>instrucciones de la actividad digital<\/strong>\u00a0y la <strong>explotaci\u00f3n did\u00e1ctica<\/strong><\/div><div>&#8211; El <strong>contenido cultural<\/strong> incluido en la actividad para exponerlo despu\u00e9s del escape room<\/div><div>&#8211; <strong>Recursos<\/strong> para hacer tu propio escape room<\/div>\t\t\t\t\t\t\t\t<\/div>\n\t\t\t\t<\/div>\n\t\t\t\t\t<\/div>\n\t\t\t\t<\/div>\n\t\t<div class=\"elementor-element elementor-element-844e4c4 e-flex e-con-boxed e-con e-parent\" data-id=\"844e4c4\" data-element_type=\"container\" data-e-type=\"container\">\n\t\t\t\t\t<div class=\"e-con-inner\">\n\t\t\t\t<div class=\"elementor-element elementor-element-821bb87 elementor-widget elementor-widget-image\" data-id=\"821bb87\" data-element_type=\"widget\" data-e-type=\"widget\" data-widget_type=\"image.default\">\n\t\t\t\t<div class=\"elementor-widget-container\">\n\t\t\t\t\t\t\t\t\t\t\t\t\t\t\t\t<a href=\"https:\/\/tlcdenia.com\/wp-content\/uploads\/2025\/10\/ficha-explicativa-escape-tlcdenia.pdf\" target=\"_blank\">\n\t\t\t\t\t\t\t<img fetchpriority=\"high\" decoding=\"async\" width=\"212\" height=\"300\" src=\"https:\/\/tlcdenia.com\/wp-content\/uploads\/2025\/10\/Descarga-Escape-Room-digital-y-ficha-212x300.jpg\" class=\"attachment-medium size-medium wp-image-108193\" alt=\"Escape room cultura espa\u00f1ola para clase de ELE\" srcset=\"https:\/\/tlcdenia.com\/wp-content\/uploads\/2025\/10\/Descarga-Escape-Room-digital-y-ficha-212x300.jpg 212w, https:\/\/tlcdenia.com\/wp-content\/uploads\/2025\/10\/Descarga-Escape-Room-digital-y-ficha-724x1024.jpg 724w, https:\/\/tlcdenia.com\/wp-content\/uploads\/2025\/10\/Descarga-Escape-Room-digital-y-ficha-768x1086.jpg 768w, https:\/\/tlcdenia.com\/wp-content\/uploads\/2025\/10\/Descarga-Escape-Room-digital-y-ficha-1086x1536.jpg 1086w, https:\/\/tlcdenia.com\/wp-content\/uploads\/2025\/10\/Descarga-Escape-Room-digital-y-ficha.jpg 1414w\" sizes=\"(max-width: 212px) 100vw, 212px\" \/>\t\t\t\t\t\t\t\t<\/a>\n\t\t\t\t\t\t\t\t\t\t\t\t\t\t\t<\/div>\n\t\t\t\t<\/div>\n\t\t\t\t<div class=\"elementor-element elementor-element-a6f52fd elementor-widget elementor-widget-text-editor\" data-id=\"a6f52fd\" data-element_type=\"widget\" data-e-type=\"widget\" data-widget_type=\"text-editor.default\">\n\t\t\t\t<div class=\"elementor-widget-container\">\n\t\t\t\t\t\t\t\t\t<p>Muchas gracias por asistir a la ponencia de TLCd\u00e9nia: ESCAPE ROOM: Descubre la cultura espa\u00f1ola resolviendo enigmas<\/p>\n<h3><strong>PRESENTACI\u00d3N DE GENIALLY:<\/strong><\/h3>\t\t\t\t\t\t\t\t<\/div>\n\t\t\t\t<\/div>\n\t\t\t\t<div class=\"elementor-element elementor-element-3b775c1 elementor-widget elementor-widget-image\" data-id=\"3b775c1\" data-element_type=\"widget\" data-e-type=\"widget\" data-widget_type=\"image.default\">\n\t\t\t\t<div class=\"elementor-widget-container\">\n\t\t\t\t\t\t\t\t\t\t\t\t\t\t\t\t<a href=\"https:\/\/view.genially.com\/689d8aac4a35367f16765a80\/interactive-content-escape-room-cultura-espanola-tlcdenia\" target=\"_blank\">\n\t\t\t\t\t\t\t<img decoding=\"async\" width=\"640\" height=\"294\" src=\"https:\/\/tlcdenia.com\/wp-content\/uploads\/2025\/09\/escape-room-genially-768x353.png\" class=\"attachment-medium_large size-medium_large wp-image-106552\" alt=\"Captura del escape room de cultura espa\u00f1ola para clase  de espa\u00f1ol\" srcset=\"https:\/\/tlcdenia.com\/wp-content\/uploads\/2025\/09\/escape-room-genially-768x353.png 768w, https:\/\/tlcdenia.com\/wp-content\/uploads\/2025\/09\/escape-room-genially-300x138.png 300w, https:\/\/tlcdenia.com\/wp-content\/uploads\/2025\/09\/escape-room-genially-1024x471.png 1024w, https:\/\/tlcdenia.com\/wp-content\/uploads\/2025\/09\/escape-room-genially.png 1288w\" sizes=\"(max-width: 640px) 100vw, 640px\" \/>\t\t\t\t\t\t\t\t<\/a>\n\t\t\t\t\t\t\t\t\t\t\t\t\t\t\t<\/div>\n\t\t\t\t<\/div>\n\t\t\t\t\t<\/div>\n\t\t\t\t<\/div>\n\t\t<div class=\"elementor-element elementor-element-5a74b0a e-flex e-con-boxed e-con e-parent\" data-id=\"5a74b0a\" data-element_type=\"container\" data-e-type=\"container\">\n\t\t\t\t\t<div class=\"e-con-inner\">\n\t\t\t\t<div class=\"elementor-element elementor-element-ed06b6a elementor-widget elementor-widget-text-editor\" data-id=\"ed06b6a\" data-element_type=\"widget\" data-e-type=\"widget\" data-widget_type=\"text-editor.default\">\n\t\t\t\t<div class=\"elementor-widget-container\">\n\t\t\t\t\t\t\t\t\t<h3><strong>ESCAPE ROOM F\u00cdSICO CON\u00a0<\/strong><strong>IMPRIMIBLES:<\/strong><\/h3><div>En este documento encontrar\u00e1s:<\/div><div>&#8211; Las <strong>instrucciones para hacer la actividad<\/strong>\u00a0<b>f\u00edsica<\/b>, sin dispositivos<\/div><div>&#8211; Los <b>imprimibles<\/b><\/div>\t\t\t\t\t\t\t\t<\/div>\n\t\t\t\t<\/div>\n\t\t\t\t\t<\/div>\n\t\t\t\t<\/div>\n\t\t<div class=\"elementor-element elementor-element-dc896bf e-flex e-con-boxed e-con e-parent\" data-id=\"dc896bf\" data-element_type=\"container\" data-e-type=\"container\">\n\t\t\t\t\t<div class=\"e-con-inner\">\n\t\t\t\t<div class=\"elementor-element elementor-element-55d999b elementor-widget elementor-widget-image\" data-id=\"55d999b\" data-element_type=\"widget\" data-e-type=\"widget\" data-widget_type=\"image.default\">\n\t\t\t\t<div class=\"elementor-widget-container\">\n\t\t\t\t\t\t\t\t\t\t\t\t\t\t\t\t<a href=\"https:\/\/tlcdenia.com\/wp-content\/uploads\/2025\/10\/TLCdenia-Escape-Room-cultura-imprimible.pdf\" target=\"_blank\">\n\t\t\t\t\t\t\t<img decoding=\"async\" width=\"212\" height=\"300\" src=\"https:\/\/tlcdenia.com\/wp-content\/uploads\/2025\/10\/Descarga-Escape-Room-imprimible-212x300.jpg\" class=\"attachment-medium size-medium wp-image-108185\" alt=\"Escape room cultura espa\u00f1ola para clase de ELE\" srcset=\"https:\/\/tlcdenia.com\/wp-content\/uploads\/2025\/10\/Descarga-Escape-Room-imprimible-212x300.jpg 212w, https:\/\/tlcdenia.com\/wp-content\/uploads\/2025\/10\/Descarga-Escape-Room-imprimible-724x1024.jpg 724w, https:\/\/tlcdenia.com\/wp-content\/uploads\/2025\/10\/Descarga-Escape-Room-imprimible-768x1086.jpg 768w, https:\/\/tlcdenia.com\/wp-content\/uploads\/2025\/10\/Descarga-Escape-Room-imprimible-1086x1536.jpg 1086w, https:\/\/tlcdenia.com\/wp-content\/uploads\/2025\/10\/Descarga-Escape-Room-imprimible.jpg 1414w\" sizes=\"(max-width: 212px) 100vw, 212px\" \/>\t\t\t\t\t\t\t\t<\/a>\n\t\t\t\t\t\t\t\t\t\t\t\t\t\t\t<\/div>\n\t\t\t\t<\/div>\n\t\t\t\t\t<\/div>\n\t\t\t\t<\/div>\n\t\t<div class=\"elementor-element elementor-element-40ff8dc e-flex e-con-boxed e-con e-parent\" data-id=\"40ff8dc\" data-element_type=\"container\" data-e-type=\"container\">\n\t\t\t\t\t<div class=\"e-con-inner\">\n\t\t\t\t<div class=\"elementor-element elementor-element-8a11c9d elementor-widget elementor-widget-text-editor\" data-id=\"8a11c9d\" data-element_type=\"widget\" data-e-type=\"widget\" data-widget_type=\"text-editor.default\">\n\t\t\t\t<div class=\"elementor-widget-container\">\n\t\t\t\t\t\t\t\t\t<h3><b>\u00bfQuieres contactar con la formadora?<\/b><\/h3><div><p>Puedes escribir a Mar\u00eda Amor\u00f3s en <a href=\"mailto:maria@tlcdenia.es\" target=\"_blank\" rel=\"noopener\">maria@tlcdenia.es<\/a><\/p><\/div><h3>Viaje de inmersi\u00f3n a Denia<\/h3><p><b>\u00bfTe gustar\u00eda viajar a Denia con tus estudiantes para hacer un programa de inmersi\u00f3n?<br \/><\/b><\/p><p>En TLCd\u00e9nia ofrecemos un completo programa de inmersi\u00f3n ling\u00fc\u00edstica y cultural para grupos y tambi\u00e9n un programa de P.C.T.O.<br \/>Cont\u00e1ctanos y estaremos dispuestos encantados de organizar vuestro viaje a <a href=\"mailto:info@tlcdenia.es\" target=\"_blank\" rel=\"noopener\">info@tlcdenia.es<\/a><\/p><h3>Curso de formaci\u00f3n para profes<\/h3><p><strong>\u00bfQuieres formarte con nosotros?<\/strong><br \/>Tenemos cursos de formaci\u00f3n para profesores de espa\u00f1ol. <a href=\"https:\/\/tlcdenia.com\/es\/curso-formacion-profesores-ele-espana\/\" target=\"_blank\" rel=\"noopener\">Descubre m\u00e1s informaci\u00f3n aqu\u00ed<\/a><\/p><h3>Descarga nuestro MATERIAL DID\u00c1CTICO:<\/h3><p><span style=\"color: var( --e-global-color-text ); font-family: var( --e-global-typography-text-font-family ), Sans-serif; font-weight: var( --e-global-typography-text-font-weight ); text-align: var(--text-align); font-size: var(--thim-font-body-font-size);\">Guarda esta p\u00e1gina web donde iremos subiendo el material de nuestras clases de espa\u00f1ol: <\/span><a href=\"https:\/\/tlcdenia.com\/es\/recursos-didacticos-espanol\/\" target=\"_blank\" rel=\"noopener\"><span style=\"text-align: var(--text-align);\">Clic aqu\u00ed para descargar<\/span><\/a><\/p><p><b><span style=\"color: #0480b6;\">S\u00cdGUENOS EN REDES SOCIALES:<\/span><br \/><\/b>Instagram: <a href=\"https:\/\/instagram.com\/tlcdenia\" target=\"_blank\" rel=\"noopener\">@tlcdenia<\/a><br \/>Facebook: <a href=\"https:\/\/facebook.com\/tlcdeniaespanol\/\" target=\"_blank\" rel=\"noopener\">@tlcdeniaespanol<\/a><br \/>LinkedIN:\u00a0<a style=\"font-family: var( --e-global-typography-text-font-family ), Sans-serif; font-weight: var( --e-global-typography-text-font-weight ); text-align: var(--text-align); font-size: var(--thim-font-body-font-size);\" href=\"https:\/\/www.linkedin.com\/company\/tlcdenia\/\" target=\"_blank\" rel=\"noopener\">TLCd\u00e9nia<\/a><\/p>\t\t\t\t\t\t\t\t<\/div>\n\t\t\t\t<\/div>\n\t\t\t\t<div class=\"elementor-element elementor-element-237d59d e-grid-align-left elementor-shape-rounded elementor-grid-0 elementor-widget elementor-widget-social-icons\" data-id=\"237d59d\" data-element_type=\"widget\" data-e-type=\"widget\" data-widget_type=\"social-icons.default\">\n\t\t\t\t<div class=\"elementor-widget-container\">\n\t\t\t\t\t\t\t<div class=\"elementor-social-icons-wrapper elementor-grid\" role=\"list\">\n\t\t\t\t\t\t\t<span class=\"elementor-grid-item\" role=\"listitem\">\n\t\t\t\t\t<a class=\"elementor-icon elementor-social-icon elementor-social-icon-instagram elementor-repeater-item-2272b66\" href=\"https:\/\/www.instagram.com\/tlcdenia\" target=\"_blank\">\n\t\t\t\t\t\t<span class=\"elementor-screen-only\">Instagram<\/span>\n\t\t\t\t\t\t<svg aria-hidden=\"true\" class=\"e-font-icon-svg e-fab-instagram\" viewBox=\"0 0 448 512\" xmlns=\"http:\/\/www.w3.org\/2000\/svg\"><path d=\"M224.1 141c-63.6 0-114.9 51.3-114.9 114.9s51.3 114.9 114.9 114.9S339 319.5 339 255.9 287.7 141 224.1 141zm0 189.6c-41.1 0-74.7-33.5-74.7-74.7s33.5-74.7 74.7-74.7 74.7 33.5 74.7 74.7-33.6 74.7-74.7 74.7zm146.4-194.3c0 14.9-12 26.8-26.8 26.8-14.9 0-26.8-12-26.8-26.8s12-26.8 26.8-26.8 26.8 12 26.8 26.8zm76.1 27.2c-1.7-35.9-9.9-67.7-36.2-93.9-26.2-26.2-58-34.4-93.9-36.2-37-2.1-147.9-2.1-184.9 0-35.8 1.7-67.6 9.9-93.9 36.1s-34.4 58-36.2 93.9c-2.1 37-2.1 147.9 0 184.9 1.7 35.9 9.9 67.7 36.2 93.9s58 34.4 93.9 36.2c37 2.1 147.9 2.1 184.9 0 35.9-1.7 67.7-9.9 93.9-36.2 26.2-26.2 34.4-58 36.2-93.9 2.1-37 2.1-147.8 0-184.8zM398.8 388c-7.8 19.6-22.9 34.7-42.6 42.6-29.5 11.7-99.5 9-132.1 9s-102.7 2.6-132.1-9c-19.6-7.8-34.7-22.9-42.6-42.6-11.7-29.5-9-99.5-9-132.1s-2.6-102.7 9-132.1c7.8-19.6 22.9-34.7 42.6-42.6 29.5-11.7 99.5-9 132.1-9s102.7-2.6 132.1 9c19.6 7.8 34.7 22.9 42.6 42.6 11.7 29.5 9 99.5 9 132.1s2.7 102.7-9 132.1z\"><\/path><\/svg>\t\t\t\t\t<\/a>\n\t\t\t\t<\/span>\n\t\t\t\t\t\t\t<span class=\"elementor-grid-item\" role=\"listitem\">\n\t\t\t\t\t<a class=\"elementor-icon elementor-social-icon elementor-social-icon-facebook elementor-repeater-item-ed562bd\" href=\"https:\/\/www.facebook.com\/tlcdeniaespanol\/\" target=\"_blank\">\n\t\t\t\t\t\t<span class=\"elementor-screen-only\">Facebook<\/span>\n\t\t\t\t\t\t<svg aria-hidden=\"true\" class=\"e-font-icon-svg e-fab-facebook\" viewBox=\"0 0 512 512\" xmlns=\"http:\/\/www.w3.org\/2000\/svg\"><path d=\"M504 256C504 119 393 8 256 8S8 119 8 256c0 123.78 90.69 226.38 209.25 245V327.69h-63V256h63v-54.64c0-62.15 37-96.48 93.67-96.48 27.14 0 55.52 4.84 55.52 4.84v61h-31.28c-30.8 0-40.41 19.12-40.41 38.73V256h68.78l-11 71.69h-57.78V501C413.31 482.38 504 379.78 504 256z\"><\/path><\/svg>\t\t\t\t\t<\/a>\n\t\t\t\t<\/span>\n\t\t\t\t\t\t\t<span class=\"elementor-grid-item\" role=\"listitem\">\n\t\t\t\t\t<a class=\"elementor-icon elementor-social-icon elementor-social-icon-linkedin elementor-repeater-item-c6029dd\" href=\"https:\/\/www.linkedin.com\/company\/tlcdenia\/\" target=\"_blank\">\n\t\t\t\t\t\t<span class=\"elementor-screen-only\">Linkedin<\/span>\n\t\t\t\t\t\t<svg aria-hidden=\"true\" class=\"e-font-icon-svg e-fab-linkedin\" viewBox=\"0 0 448 512\" xmlns=\"http:\/\/www.w3.org\/2000\/svg\"><path d=\"M416 32H31.9C14.3 32 0 46.5 0 64.3v383.4C0 465.5 14.3 480 31.9 480H416c17.6 0 32-14.5 32-32.3V64.3c0-17.8-14.4-32.3-32-32.3zM135.4 416H69V202.2h66.5V416zm-33.2-243c-21.3 0-38.5-17.3-38.5-38.5S80.9 96 102.2 96c21.2 0 38.5 17.3 38.5 38.5 0 21.3-17.2 38.5-38.5 38.5zm282.1 243h-66.4V312c0-24.8-.5-56.7-34.5-56.7-34.6 0-39.9 27-39.9 54.9V416h-66.4V202.2h63.7v29.2h.9c8.9-16.8 30.6-34.5 62.9-34.5 67.2 0 79.7 44.3 79.7 101.9V416z\"><\/path><\/svg>\t\t\t\t\t<\/a>\n\t\t\t\t<\/span>\n\t\t\t\t\t<\/div>\n\t\t\t\t\t\t<\/div>\n\t\t\t\t<\/div>\n\t\t\t\t\t<\/div>\n\t\t\t\t<\/div>\n\t\t\t\t<\/div>\n\t\t","protected":false},"excerpt":{"rendered":"<p>Muchas gracias por asistir a la ponencia de TLCd\u00e9nia: ESCAPE ROOM: Descubre la cultura espa\u00f1ola resolviendo enigmas. Aqu\u00ed puedes encontrar el material: ESCAPE ROOM DIGITAL + FICHA DID\u00c1CTICA: En este documento encontrar\u00e1s:- Las instrucciones de la actividad digital\u00a0y la explotaci\u00f3n &hellip; <\/p>\n","protected":false},"author":3,"featured_media":0,"parent":0,"menu_order":0,"comment_status":"closed","ping_status":"closed","template":"","meta":{"_acf_changed":false,"footnotes":""},"class_list":["post-106583","page","type-page","status-publish","hentry"],"acf":[],"yoast_head":"<!-- This site is optimized with the Yoast SEO plugin v26.9 - https:\/\/yoast.com\/product\/yoast-seo-wordpress\/ -->\n<title>ESCAPE ROOM de cultura espa\u00f1ola para usar en tu clase de ELE | TLCd\u00e9nia<\/title>\n<meta name=\"description\" content=\"Pon a prueba a tus estudiantes de espa\u00f1ol desde nivel b\u00e1sico con este Escape room de cultura espa\u00f1ola para clase de ELE\" \/>\n<meta name=\"robots\" content=\"index, follow, max-snippet:-1, max-image-preview:large, max-video-preview:-1\" \/>\n<link rel=\"canonical\" href=\"https:\/\/tlcdenia.com\/es\/escape-room-cultura-espanola\/\" \/>\n<meta property=\"og:locale\" content=\"es_ES\" \/>\n<meta property=\"og:type\" content=\"article\" \/>\n<meta property=\"og:title\" content=\"ESCAPE ROOM de cultura espa\u00f1ola para usar en tu clase de ELE | TLCd\u00e9nia\" \/>\n<meta property=\"og:description\" content=\"Pon a prueba a tus estudiantes de espa\u00f1ol desde nivel b\u00e1sico con este Escape room de cultura espa\u00f1ola para clase de ELE\" \/>\n<meta property=\"og:url\" content=\"https:\/\/tlcdenia.com\/es\/escape-room-cultura-espanola\/\" \/>\n<meta property=\"og:site_name\" content=\"Escuela TLCd\u00e9nia - Sitio web oficial\" \/>\n<meta property=\"article:modified_time\" content=\"2025-10-08T12:08:13+00:00\" \/>\n<meta property=\"og:image\" content=\"https:\/\/tlcdenia.com\/wp-content\/uploads\/2025\/10\/Descarga-Escape-Room-digital-y-ficha.jpg\" \/>\n\t<meta property=\"og:image:width\" content=\"1414\" \/>\n\t<meta property=\"og:image:height\" content=\"2000\" \/>\n\t<meta property=\"og:image:type\" content=\"image\/jpeg\" \/>\n<meta name=\"twitter:card\" content=\"summary_large_image\" \/>\n<meta name=\"twitter:label1\" content=\"Tiempo de lectura\" \/>\n\t<meta name=\"twitter:data1\" content=\"2 minutos\" \/>\n<script type=\"application\/ld+json\" class=\"yoast-schema-graph\">{\"@context\":\"https:\/\/schema.org\",\"@graph\":[{\"@type\":\"WebPage\",\"@id\":\"https:\/\/tlcdenia.com\/es\/escape-room-cultura-espanola\/\",\"url\":\"https:\/\/tlcdenia.com\/es\/escape-room-cultura-espanola\/\",\"name\":\"ESCAPE ROOM de cultura espa\u00f1ola para usar en tu clase de ELE | TLCd\u00e9nia\",\"isPartOf\":{\"@id\":\"https:\/\/tlcdenia.com\/es\/#website\"},\"primaryImageOfPage\":{\"@id\":\"https:\/\/tlcdenia.com\/es\/escape-room-cultura-espanola\/#primaryimage\"},\"image\":{\"@id\":\"https:\/\/tlcdenia.com\/es\/escape-room-cultura-espanola\/#primaryimage\"},\"thumbnailUrl\":\"https:\/\/tlcdenia.com\/wp-content\/uploads\/2025\/10\/Descarga-Escape-Room-digital-y-ficha-212x300.jpg\",\"datePublished\":\"2025-09-04T12:00:29+00:00\",\"dateModified\":\"2025-10-08T12:08:13+00:00\",\"description\":\"Pon a prueba a tus estudiantes de espa\u00f1ol desde nivel b\u00e1sico con este Escape room de cultura espa\u00f1ola para clase de ELE\",\"breadcrumb\":{\"@id\":\"https:\/\/tlcdenia.com\/es\/escape-room-cultura-espanola\/#breadcrumb\"},\"inLanguage\":\"es\",\"potentialAction\":[{\"@type\":\"ReadAction\",\"target\":[\"https:\/\/tlcdenia.com\/es\/escape-room-cultura-espanola\/\"]}]},{\"@type\":\"ImageObject\",\"inLanguage\":\"es\",\"@id\":\"https:\/\/tlcdenia.com\/es\/escape-room-cultura-espanola\/#primaryimage\",\"url\":\"https:\/\/tlcdenia.com\/wp-content\/uploads\/2025\/10\/Descarga-Escape-Room-digital-y-ficha-212x300.jpg\",\"contentUrl\":\"https:\/\/tlcdenia.com\/wp-content\/uploads\/2025\/10\/Descarga-Escape-Room-digital-y-ficha-212x300.jpg\"},{\"@type\":\"BreadcrumbList\",\"@id\":\"https:\/\/tlcdenia.com\/es\/escape-room-cultura-espanola\/#breadcrumb\",\"itemListElement\":[{\"@type\":\"ListItem\",\"position\":1,\"name\":\"Home\",\"item\":\"https:\/\/tlcdenia.com\/es\/\"},{\"@type\":\"ListItem\",\"position\":2,\"name\":\"ESCAPE ROOM: Descubre la cultura espa\u00f1ola resolviendo enigmas\"}]},{\"@type\":\"WebSite\",\"@id\":\"https:\/\/tlcdenia.com\/es\/#website\",\"url\":\"https:\/\/tlcdenia.com\/es\/\",\"name\":\"Escuela TLCd\u00e9nia - Sitio web oficial\",\"description\":\"Languages Center\",\"potentialAction\":[{\"@type\":\"SearchAction\",\"target\":{\"@type\":\"EntryPoint\",\"urlTemplate\":\"https:\/\/tlcdenia.com\/es\/?s={search_term_string}\"},\"query-input\":{\"@type\":\"PropertyValueSpecification\",\"valueRequired\":true,\"valueName\":\"search_term_string\"}}],\"inLanguage\":\"es\"}]}<\/script>\n<!-- \/ Yoast SEO plugin. -->","yoast_head_json":{"title":"ESCAPE ROOM de cultura espa\u00f1ola para usar en tu clase de ELE | TLCd\u00e9nia","description":"Pon a prueba a tus estudiantes de espa\u00f1ol desde nivel b\u00e1sico con este Escape room de cultura espa\u00f1ola para clase de ELE","robots":{"index":"index","follow":"follow","max-snippet":"max-snippet:-1","max-image-preview":"max-image-preview:large","max-video-preview":"max-video-preview:-1"},"canonical":"https:\/\/tlcdenia.com\/es\/escape-room-cultura-espanola\/","og_locale":"es_ES","og_type":"article","og_title":"ESCAPE ROOM de cultura espa\u00f1ola para usar en tu clase de ELE | TLCd\u00e9nia","og_description":"Pon a prueba a tus estudiantes de espa\u00f1ol desde nivel b\u00e1sico con este Escape room de cultura espa\u00f1ola para clase de ELE","og_url":"https:\/\/tlcdenia.com\/es\/escape-room-cultura-espanola\/","og_site_name":"Escuela TLCd\u00e9nia - Sitio web oficial","article_modified_time":"2025-10-08T12:08:13+00:00","og_image":[{"width":1414,"height":2000,"url":"https:\/\/tlcdenia.com\/wp-content\/uploads\/2025\/10\/Descarga-Escape-Room-digital-y-ficha.jpg","type":"image\/jpeg"}],"twitter_card":"summary_large_image","twitter_misc":{"Tiempo de lectura":"2 minutos"},"schema":{"@context":"https:\/\/schema.org","@graph":[{"@type":"WebPage","@id":"https:\/\/tlcdenia.com\/es\/escape-room-cultura-espanola\/","url":"https:\/\/tlcdenia.com\/es\/escape-room-cultura-espanola\/","name":"ESCAPE ROOM de cultura espa\u00f1ola para usar en tu clase de ELE | TLCd\u00e9nia","isPartOf":{"@id":"https:\/\/tlcdenia.com\/es\/#website"},"primaryImageOfPage":{"@id":"https:\/\/tlcdenia.com\/es\/escape-room-cultura-espanola\/#primaryimage"},"image":{"@id":"https:\/\/tlcdenia.com\/es\/escape-room-cultura-espanola\/#primaryimage"},"thumbnailUrl":"https:\/\/tlcdenia.com\/wp-content\/uploads\/2025\/10\/Descarga-Escape-Room-digital-y-ficha-212x300.jpg","datePublished":"2025-09-04T12:00:29+00:00","dateModified":"2025-10-08T12:08:13+00:00","description":"Pon a prueba a tus estudiantes de espa\u00f1ol desde nivel b\u00e1sico con este Escape room de cultura espa\u00f1ola para clase de ELE","breadcrumb":{"@id":"https:\/\/tlcdenia.com\/es\/escape-room-cultura-espanola\/#breadcrumb"},"inLanguage":"es","potentialAction":[{"@type":"ReadAction","target":["https:\/\/tlcdenia.com\/es\/escape-room-cultura-espanola\/"]}]},{"@type":"ImageObject","inLanguage":"es","@id":"https:\/\/tlcdenia.com\/es\/escape-room-cultura-espanola\/#primaryimage","url":"https:\/\/tlcdenia.com\/wp-content\/uploads\/2025\/10\/Descarga-Escape-Room-digital-y-ficha-212x300.jpg","contentUrl":"https:\/\/tlcdenia.com\/wp-content\/uploads\/2025\/10\/Descarga-Escape-Room-digital-y-ficha-212x300.jpg"},{"@type":"BreadcrumbList","@id":"https:\/\/tlcdenia.com\/es\/escape-room-cultura-espanola\/#breadcrumb","itemListElement":[{"@type":"ListItem","position":1,"name":"Home","item":"https:\/\/tlcdenia.com\/es\/"},{"@type":"ListItem","position":2,"name":"ESCAPE ROOM: Descubre la cultura espa\u00f1ola resolviendo enigmas"}]},{"@type":"WebSite","@id":"https:\/\/tlcdenia.com\/es\/#website","url":"https:\/\/tlcdenia.com\/es\/","name":"Escuela TLCd\u00e9nia - Sitio web oficial","description":"Languages Center","potentialAction":[{"@type":"SearchAction","target":{"@type":"EntryPoint","urlTemplate":"https:\/\/tlcdenia.com\/es\/?s={search_term_string}"},"query-input":{"@type":"PropertyValueSpecification","valueRequired":true,"valueName":"search_term_string"}}],"inLanguage":"es"}]}},"_links":{"self":[{"href":"https:\/\/tlcdenia.com\/es\/wp-json\/wp\/v2\/pages\/106583","targetHints":{"allow":["GET"]}}],"collection":[{"href":"https:\/\/tlcdenia.com\/es\/wp-json\/wp\/v2\/pages"}],"about":[{"href":"https:\/\/tlcdenia.com\/es\/wp-json\/wp\/v2\/types\/page"}],"author":[{"embeddable":true,"href":"https:\/\/tlcdenia.com\/es\/wp-json\/wp\/v2\/users\/3"}],"replies":[{"embeddable":true,"href":"https:\/\/tlcdenia.com\/es\/wp-json\/wp\/v2\/comments?post=106583"}],"version-history":[{"count":28,"href":"https:\/\/tlcdenia.com\/es\/wp-json\/wp\/v2\/pages\/106583\/revisions"}],"predecessor-version":[{"id":108203,"href":"https:\/\/tlcdenia.com\/es\/wp-json\/wp\/v2\/pages\/106583\/revisions\/108203"}],"wp:attachment":[{"href":"https:\/\/tlcdenia.com\/es\/wp-json\/wp\/v2\/media?parent=106583"}],"curies":[{"name":"wp","href":"https:\/\/api.w.org\/{rel}","templated":true}]}}