{"id":80773,"date":"2024-01-31T09:51:48","date_gmt":"2024-01-31T09:51:48","guid":{"rendered":"https:\/\/tlcdenia.com\/?page_id=80773"},"modified":"2024-02-01T10:49:26","modified_gmt":"2024-02-01T10:49:26","slug":"ausflug-jativa-schulgruppen","status":"publish","type":"page","link":"https:\/\/tlcdenia.com\/de\/ausflug-jativa-schulgruppen\/","title":{"rendered":"Ausflug nach J\u00e1tiva f\u00fcr Schulgruppen"},"content":{"rendered":"\t\t<div data-elementor-type=\"wp-page\" data-elementor-id=\"80773\" class=\"elementor elementor-80773\" data-elementor-post-type=\"page\">\n\t\t\t\t<div class=\"elementor-element elementor-element-5f95db8 e-flex e-con-boxed e-con e-parent\" data-id=\"5f95db8\" data-element_type=\"container\" data-e-type=\"container\">\n\t\t\t\t\t<div class=\"e-con-inner\">\n\t\t\t\t<div class=\"elementor-element elementor-element-dbf6422 elementor-widget elementor-widget-image\" data-id=\"dbf6422\" data-element_type=\"widget\" data-e-type=\"widget\" data-widget_type=\"image.default\">\n\t\t\t\t<div class=\"elementor-widget-container\">\n\t\t\t\t\t\t\t\t\t\t\t\t\t\t\t<img fetchpriority=\"high\" decoding=\"async\" width=\"900\" height=\"600\" src=\"https:\/\/tlcdenia.com\/wp-content\/uploads\/2024\/01\/schulgruppen-jativa-1.jpg\" class=\"attachment-full size-full wp-image-80816\" alt=\"Schloss Jativa in Spanien\" srcset=\"https:\/\/tlcdenia.com\/wp-content\/uploads\/2024\/01\/schulgruppen-jativa-1.jpg 900w, https:\/\/tlcdenia.com\/wp-content\/uploads\/2024\/01\/schulgruppen-jativa-1-300x200.jpg 300w, https:\/\/tlcdenia.com\/wp-content\/uploads\/2024\/01\/schulgruppen-jativa-1-768x512.jpg 768w, https:\/\/tlcdenia.com\/wp-content\/uploads\/2024\/01\/schulgruppen-jativa-1-600x400.jpg 600w\" sizes=\"(max-width: 900px) 100vw, 900px\" \/>\t\t\t\t\t\t\t\t\t\t\t\t\t\t\t<\/div>\n\t\t\t\t<\/div>\n\t\t\t\t\t<\/div>\n\t\t\t\t<\/div>\n\t\t<div class=\"elementor-element elementor-element-a52e573 e-flex e-con-boxed e-con e-parent\" data-id=\"a52e573\" data-element_type=\"container\" data-e-type=\"container\">\n\t\t\t\t\t<div class=\"e-con-inner\">\n\t\t\t\t<div class=\"elementor-element elementor-element-ca767a9 elementor-widget elementor-widget-text-editor\" data-id=\"ca767a9\" data-element_type=\"widget\" data-e-type=\"widget\" data-widget_type=\"text-editor.default\">\n\t\t\t\t<div class=\"elementor-widget-container\">\n\t\t\t\t\t\t\t\t\t<p><strong>X\u00e1tiva<\/strong> ist eine spanische Stadt mit <strong>gro\u00dfem historischen Erbe<\/strong>. Ein Besuch nach X\u00e1tiva ist eine perfekte Exkursion f\u00fcr Schulgruppen in Spanien, um mehr \u00fcber die Kultur und Geschichte des Landes zu erfahren.<\/p><p>X\u00e1tiva ist stolz darauf, Geburtsort der Familie Borja zu sein, einer der einflussreichsten Familien der Renaissance. Die Familie hat weltweiten Ruhm erhalten mit zwei P\u00e4psten, mit Alfonso de Borja (Callixtus III, 1456-1458) und seinem Neffen Rodrigo de Borja (Alexander VI, 1492-1503). Das ist einer der Gr\u00fcnde weshalb die Mauern der Stadt so viel Geschichte innehalten.<\/p><p>Unsere Exkursion beginnt mit der Erkundung der <strong>Altstadt<\/strong>, den engen Gassen und historischen Denkm\u00e4lern. Die Sch\u00fcler werden sich in die Zeit von damals zur\u00fcckversetzt f\u00fchlen, wenn sie mit den Aktivit\u00e4tsleitern durch das historische Zentrum der Stadt laufen.<\/p>\t\t\t\t\t\t\t\t<\/div>\n\t\t\t\t<\/div>\n\t\t\t\t\t<\/div>\n\t\t\t\t<\/div>\n\t\t<div class=\"elementor-element elementor-element-97b616f e-flex e-con-boxed e-con e-parent\" data-id=\"97b616f\" data-element_type=\"container\" data-e-type=\"container\">\n\t\t\t\t\t<div class=\"e-con-inner\">\n\t\t\t\t<div class=\"elementor-element elementor-element-9bbdc0b elementor-widget elementor-widget-image\" data-id=\"9bbdc0b\" data-element_type=\"widget\" data-e-type=\"widget\" data-widget_type=\"image.default\">\n\t\t\t\t<div class=\"elementor-widget-container\">\n\t\t\t\t\t\t\t\t\t\t\t\t\t\t\t<img decoding=\"async\" width=\"900\" height=\"600\" src=\"https:\/\/tlcdenia.com\/wp-content\/uploads\/2024\/01\/schulgruppen-jativa-3.jpg\" class=\"attachment-full size-full wp-image-80832\" alt=\"Kirche von J\u00e1tiva in Spanien\" srcset=\"https:\/\/tlcdenia.com\/wp-content\/uploads\/2024\/01\/schulgruppen-jativa-3.jpg 900w, https:\/\/tlcdenia.com\/wp-content\/uploads\/2024\/01\/schulgruppen-jativa-3-300x200.jpg 300w, https:\/\/tlcdenia.com\/wp-content\/uploads\/2024\/01\/schulgruppen-jativa-3-768x512.jpg 768w\" sizes=\"(max-width: 900px) 100vw, 900px\" \/>\t\t\t\t\t\t\t\t\t\t\t\t\t\t\t<\/div>\n\t\t\t\t<\/div>\n\t\t\t\t\t<\/div>\n\t\t\t\t<\/div>\n\t\t<div class=\"elementor-element elementor-element-1374a9a e-flex e-con-boxed e-con e-parent\" data-id=\"1374a9a\" data-element_type=\"container\" data-e-type=\"container\">\n\t\t\t\t\t<div class=\"e-con-inner\">\n\t\t\t\t<div class=\"elementor-element elementor-element-c01b049 elementor-widget elementor-widget-text-editor\" data-id=\"c01b049\" data-element_type=\"widget\" data-e-type=\"widget\" data-widget_type=\"text-editor.default\">\n\t\t\t\t<div class=\"elementor-widget-container\">\n\t\t\t\t\t\t\t\t\t<p>Wir besuchen die majest\u00e4tische Burg <strong>X\u00e1tiva Castillo<\/strong>, die sich auf einer Bergspitze befindet und atemberaubende Panoramablicke \u00fcber die Stadt bietet. Hier lernen die Sch\u00fcler Einiges \u00fcber dei vielseitige \u00a0der Geschichte der Burg und ihre wichtige Rolle in der Region. Die Sch\u00fcler werden die T\u00fcrme, Mauern und S\u00e4le erkunden und dabei mehr \u00fcber das mittelalterliche Leben in Spanien lernen.<\/p><p>Daraufhin begeben wir uns zur Stiftskirche <strong>Iglesia Colegial Bas\u00edlica de Santa Mar\u00eda<\/strong>, einem architektonischen Juwel mit einer wundersch\u00f6nen gotischen Fassade. Die Sch\u00fcler werden das beeindruckende Interieur bewundern und mehr \u00fcber die Bedeutung von Kunst und Religion in der Geschichte Spaniens erfahren.<\/p>\t\t\t\t\t\t\t\t<\/div>\n\t\t\t\t<\/div>\n\t\t\t\t\t<\/div>\n\t\t\t\t<\/div>\n\t\t<div class=\"elementor-element elementor-element-ddfba42 e-flex e-con-boxed e-con e-parent\" data-id=\"ddfba42\" data-element_type=\"container\" data-e-type=\"container\">\n\t\t\t\t\t<div class=\"e-con-inner\">\n\t\t\t\t<div class=\"elementor-element elementor-element-a29ffa9 elementor-widget elementor-widget-image\" data-id=\"a29ffa9\" data-element_type=\"widget\" data-e-type=\"widget\" data-widget_type=\"image.default\">\n\t\t\t\t<div class=\"elementor-widget-container\">\n\t\t\t\t\t\t\t\t\t\t\t\t\t\t\t<img decoding=\"async\" width=\"595\" height=\"815\" src=\"https:\/\/tlcdenia.com\/wp-content\/uploads\/2024\/01\/schulgruppen-jativa-8.jpg\" class=\"attachment-full size-full wp-image-80800\" alt=\"Student macht ein Foto von der Burg J\u00e1tiva in Spanien\" srcset=\"https:\/\/tlcdenia.com\/wp-content\/uploads\/2024\/01\/schulgruppen-jativa-8.jpg 595w, https:\/\/tlcdenia.com\/wp-content\/uploads\/2024\/01\/schulgruppen-jativa-8-219x300.jpg 219w\" sizes=\"(max-width: 595px) 100vw, 595px\" \/>\t\t\t\t\t\t\t\t\t\t\t\t\t\t\t<\/div>\n\t\t\t\t<\/div>\n\t\t\t\t\t<\/div>\n\t\t\t\t<\/div>\n\t\t<div class=\"elementor-element elementor-element-cb56ec7 e-flex e-con-boxed e-con e-parent\" data-id=\"cb56ec7\" data-element_type=\"container\" data-e-type=\"container\">\n\t\t\t\t\t<div class=\"e-con-inner\">\n\t\t\t\t<div class=\"elementor-element elementor-element-656c0ca elementor-widget elementor-widget-text-editor\" data-id=\"656c0ca\" data-element_type=\"widget\" data-e-type=\"widget\" data-widget_type=\"text-editor.default\">\n\t\t\t\t<div class=\"elementor-widget-container\">\n\t\t\t\t\t\t\t\t\t<p>W\u00e4hrend wir durch die Stra\u00dfen X\u00e1tivas laufen, begegnen wir bezaubernden Pl\u00e4tzen wie dem <strong>Plaza de la Trinidad<\/strong>, wo Sch\u00fcler sich umsehen k\u00f6nnen und ihre Spanischkenntnisse mit Muttersprachlern vor Ort in einem authentischen Setting trainieren k\u00f6nnen.<\/p><p>Ein optionaler Teil der Tour ist ein Besuch im <strong>Museum<\/strong> <strong>Almudaina<\/strong>, deren Ausstellungen die Geschichte X\u00e1tivas aus der R\u00f6mischen Zeit bis zum heutigen Tag erz\u00e4hlen. Es wird eine lehrreiche und bereichernde Erfahrung, die es den Sch\u00fclern erm\u00f6glicht, ihr Wissen \u00fcber die Region zu erweitern.<\/p><p>X\u00e1tiva ist schlussendlich ein ideales Reiseziel, um das Spanischlernen mit einem bereichernden Kulturerlebnis zu verbinden.<\/p>\t\t\t\t\t\t\t\t<\/div>\n\t\t\t\t<\/div>\n\t\t\t\t\t<\/div>\n\t\t\t\t<\/div>\n\t\t\t\t<section class=\"elementor-section elementor-top-section elementor-element elementor-element-72f5fe7 elementor-section-boxed elementor-section-height-default elementor-section-height-default\" data-id=\"72f5fe7\" data-element_type=\"section\" data-e-type=\"section\" data-settings=\"{&quot;background_background&quot;:&quot;classic&quot;}\">\n\t\t\t\t\t\t<div class=\"elementor-container elementor-column-gap-default\">\n\t\t\t\t\t<div class=\"elementor-column elementor-col-100 elementor-top-column elementor-element elementor-element-50c6541\" data-id=\"50c6541\" data-element_type=\"column\" data-e-type=\"column\">\n\t\t\t<div class=\"elementor-widget-wrap elementor-element-populated\">\n\t\t\t\t\t\t<div class=\"elementor-element elementor-element-b0eabb2 elementor-widget elementor-widget-heading\" data-id=\"b0eabb2\" data-element_type=\"widget\" data-e-type=\"widget\" data-widget_type=\"heading.default\">\n\t\t\t\t<div class=\"elementor-widget-container\">\n\t\t\t\t\t<h3 class=\"elementor-heading-title elementor-size-default\">AUSFLUG NACH J\u00c1TIVA<\/h3>\t\t\t\t<\/div>\n\t\t\t\t<\/div>\n\t\t\t\t\t<\/div>\n\t\t<\/div>\n\t\t\t\t\t<\/div>\n\t\t<\/section>\n\t\t\t\t<section class=\"elementor-section elementor-top-section elementor-element elementor-element-5f688d0 elementor-section-boxed elementor-section-height-default elementor-section-height-default\" data-id=\"5f688d0\" data-element_type=\"section\" data-e-type=\"section\">\n\t\t\t\t\t\t<div class=\"elementor-container elementor-column-gap-default\">\n\t\t\t\t\t<div class=\"elementor-column elementor-col-100 elementor-top-column elementor-element elementor-element-80e4295\" data-id=\"80e4295\" data-element_type=\"column\" data-e-type=\"column\">\n\t\t\t<div class=\"elementor-widget-wrap elementor-element-populated\">\n\t\t\t\t\t\t<div class=\"elementor-element elementor-element-9513d09 elementor-widget elementor-widget-image-gallery\" data-id=\"9513d09\" data-element_type=\"widget\" data-e-type=\"widget\" data-widget_type=\"image-gallery.default\">\n\t\t\t\t<div class=\"elementor-widget-container\">\n\t\t\t\t\t\t\t<div class=\"elementor-image-gallery\">\n\t\t\t<div id='gallery-1' class='gallery galleryid-80773 gallery-columns-4 gallery-size-thumbnail'><figure class='gallery-item'>\n\t\t\t<div class='gallery-icon landscape'>\n\t\t\t\t<a data-elementor-open-lightbox=\"yes\" data-elementor-lightbox-slideshow=\"9513d09\" data-elementor-lightbox-title=\"schulgruppen-jativa-1\" data-e-action-hash=\"#elementor-action%3Aaction%3Dlightbox%26settings%3DeyJpZCI6ODA4MTYsInVybCI6Imh0dHBzOlwvXC90bGNkZW5pYS5jb21cL3dwLWNvbnRlbnRcL3VwbG9hZHNcLzIwMjRcLzAxXC9zY2h1bGdydXBwZW4tamF0aXZhLTEuanBnIiwic2xpZGVzaG93IjoiOTUxM2QwOSJ9\" href='https:\/\/tlcdenia.com\/wp-content\/uploads\/2024\/01\/schulgruppen-jativa-1.jpg'><img loading=\"lazy\" decoding=\"async\" width=\"150\" height=\"150\" src=\"https:\/\/tlcdenia.com\/wp-content\/uploads\/2024\/01\/schulgruppen-jativa-1-150x150.jpg\" class=\"attachment-thumbnail size-thumbnail\" alt=\"Schloss Jativa in Spanien\" srcset=\"https:\/\/tlcdenia.com\/wp-content\/uploads\/2024\/01\/schulgruppen-jativa-1-150x150.jpg 150w, https:\/\/tlcdenia.com\/wp-content\/uploads\/2024\/01\/schulgruppen-jativa-1-600x600.jpg 600w\" sizes=\"(max-width: 150px) 100vw, 150px\" \/><\/a>\n\t\t\t<\/div><\/figure><figure class='gallery-item'>\n\t\t\t<div class='gallery-icon landscape'>\n\t\t\t\t<a data-elementor-open-lightbox=\"yes\" data-elementor-lightbox-slideshow=\"9513d09\" data-elementor-lightbox-title=\"schulgruppen-jativa-5\" data-e-action-hash=\"#elementor-action%3Aaction%3Dlightbox%26settings%3DeyJpZCI6ODA3NzYsInVybCI6Imh0dHBzOlwvXC90bGNkZW5pYS5jb21cL3dwLWNvbnRlbnRcL3VwbG9hZHNcLzIwMjRcLzAxXC9zY2h1bGdydXBwZW4tamF0aXZhLTUuanBnIiwic2xpZGVzaG93IjoiOTUxM2QwOSJ9\" href='https:\/\/tlcdenia.com\/wp-content\/uploads\/2024\/01\/schulgruppen-jativa-5.jpg'><img loading=\"lazy\" decoding=\"async\" width=\"150\" height=\"150\" src=\"https:\/\/tlcdenia.com\/wp-content\/uploads\/2024\/01\/schulgruppen-jativa-5-150x150.jpg\" class=\"attachment-thumbnail size-thumbnail\" alt=\"Schloss Jativa in Spanien\" \/><\/a>\n\t\t\t<\/div><\/figure><figure class='gallery-item'>\n\t\t\t<div class='gallery-icon portrait'>\n\t\t\t\t<a data-elementor-open-lightbox=\"yes\" data-elementor-lightbox-slideshow=\"9513d09\" data-elementor-lightbox-title=\"schulgruppen-jativa-8\" data-e-action-hash=\"#elementor-action%3Aaction%3Dlightbox%26settings%3DeyJpZCI6ODA4MDAsInVybCI6Imh0dHBzOlwvXC90bGNkZW5pYS5jb21cL3dwLWNvbnRlbnRcL3VwbG9hZHNcLzIwMjRcLzAxXC9zY2h1bGdydXBwZW4tamF0aXZhLTguanBnIiwic2xpZGVzaG93IjoiOTUxM2QwOSJ9\" href='https:\/\/tlcdenia.com\/wp-content\/uploads\/2024\/01\/schulgruppen-jativa-8.jpg'><img loading=\"lazy\" decoding=\"async\" width=\"150\" height=\"150\" src=\"https:\/\/tlcdenia.com\/wp-content\/uploads\/2024\/01\/schulgruppen-jativa-8-150x150.jpg\" class=\"attachment-thumbnail size-thumbnail\" alt=\"Student macht ein Foto von der Burg J\u00e1tiva in Spanien\" \/><\/a>\n\t\t\t<\/div><\/figure><figure class='gallery-item'>\n\t\t\t<div class='gallery-icon landscape'>\n\t\t\t\t<a data-elementor-open-lightbox=\"yes\" data-elementor-lightbox-slideshow=\"9513d09\" data-elementor-lightbox-title=\"schulgruppen-jativa-2\" data-e-action-hash=\"#elementor-action%3Aaction%3Dlightbox%26settings%3DeyJpZCI6ODA4MjQsInVybCI6Imh0dHBzOlwvXC90bGNkZW5pYS5jb21cL3dwLWNvbnRlbnRcL3VwbG9hZHNcLzIwMjRcLzAxXC9zY2h1bGdydXBwZW4tamF0aXZhLTIuanBnIiwic2xpZGVzaG93IjoiOTUxM2QwOSJ9\" href='https:\/\/tlcdenia.com\/wp-content\/uploads\/2024\/01\/schulgruppen-jativa-2.jpg'><img loading=\"lazy\" decoding=\"async\" width=\"150\" height=\"150\" src=\"https:\/\/tlcdenia.com\/wp-content\/uploads\/2024\/01\/schulgruppen-jativa-2-150x150.jpg\" class=\"attachment-thumbnail size-thumbnail\" alt=\"Schloss Jativa in Spanien\" \/><\/a>\n\t\t\t<\/div><\/figure><figure class='gallery-item'>\n\t\t\t<div class='gallery-icon landscape'>\n\t\t\t\t<a data-elementor-open-lightbox=\"yes\" data-elementor-lightbox-slideshow=\"9513d09\" data-elementor-lightbox-title=\"schulgruppen-jativa-7\" data-e-action-hash=\"#elementor-action%3Aaction%3Dlightbox%26settings%3DeyJpZCI6ODA3OTIsInVybCI6Imh0dHBzOlwvXC90bGNkZW5pYS5jb21cL3dwLWNvbnRlbnRcL3VwbG9hZHNcLzIwMjRcLzAxXC9zY2h1bGdydXBwZW4tamF0aXZhLTcuanBnIiwic2xpZGVzaG93IjoiOTUxM2QwOSJ9\" href='https:\/\/tlcdenia.com\/wp-content\/uploads\/2024\/01\/schulgruppen-jativa-7.jpg'><img loading=\"lazy\" decoding=\"async\" width=\"150\" height=\"150\" src=\"https:\/\/tlcdenia.com\/wp-content\/uploads\/2024\/01\/schulgruppen-jativa-7-150x150.jpg\" class=\"attachment-thumbnail size-thumbnail\" alt=\"Schloss Jativa in Spanien\" \/><\/a>\n\t\t\t<\/div><\/figure><figure class='gallery-item'>\n\t\t\t<div class='gallery-icon landscape'>\n\t\t\t\t<a data-elementor-open-lightbox=\"yes\" data-elementor-lightbox-slideshow=\"9513d09\" data-elementor-lightbox-title=\"schulgruppen-jativa-3\" data-e-action-hash=\"#elementor-action%3Aaction%3Dlightbox%26settings%3DeyJpZCI6ODA4MzIsInVybCI6Imh0dHBzOlwvXC90bGNkZW5pYS5jb21cL3dwLWNvbnRlbnRcL3VwbG9hZHNcLzIwMjRcLzAxXC9zY2h1bGdydXBwZW4tamF0aXZhLTMuanBnIiwic2xpZGVzaG93IjoiOTUxM2QwOSJ9\" href='https:\/\/tlcdenia.com\/wp-content\/uploads\/2024\/01\/schulgruppen-jativa-3.jpg'><img loading=\"lazy\" decoding=\"async\" width=\"150\" height=\"150\" src=\"https:\/\/tlcdenia.com\/wp-content\/uploads\/2024\/01\/schulgruppen-jativa-3-150x150.jpg\" class=\"attachment-thumbnail size-thumbnail\" alt=\"Kirche von J\u00e1tiva in Spanien\" \/><\/a>\n\t\t\t<\/div><\/figure><figure class='gallery-item'>\n\t\t\t<div class='gallery-icon landscape'>\n\t\t\t\t<a data-elementor-open-lightbox=\"yes\" data-elementor-lightbox-slideshow=\"9513d09\" data-elementor-lightbox-title=\"schulgruppen-jativa-6\" data-e-action-hash=\"#elementor-action%3Aaction%3Dlightbox%26settings%3DeyJpZCI6ODA3ODQsInVybCI6Imh0dHBzOlwvXC90bGNkZW5pYS5jb21cL3dwLWNvbnRlbnRcL3VwbG9hZHNcLzIwMjRcLzAxXC9zY2h1bGdydXBwZW4tamF0aXZhLTYuanBnIiwic2xpZGVzaG93IjoiOTUxM2QwOSJ9\" href='https:\/\/tlcdenia.com\/wp-content\/uploads\/2024\/01\/schulgruppen-jativa-6.jpg'><img loading=\"lazy\" decoding=\"async\" width=\"150\" height=\"150\" src=\"https:\/\/tlcdenia.com\/wp-content\/uploads\/2024\/01\/schulgruppen-jativa-6-150x150.jpg\" class=\"attachment-thumbnail size-thumbnail\" alt=\"Kirche von J\u00e1tiva in Spanien\" \/><\/a>\n\t\t\t<\/div><\/figure><figure class='gallery-item'>\n\t\t\t<div class='gallery-icon landscape'>\n\t\t\t\t<a data-elementor-open-lightbox=\"yes\" data-elementor-lightbox-slideshow=\"9513d09\" data-elementor-lightbox-title=\"schulgruppen-jativa-4\" data-e-action-hash=\"#elementor-action%3Aaction%3Dlightbox%26settings%3DeyJpZCI6ODA4NDAsInVybCI6Imh0dHBzOlwvXC90bGNkZW5pYS5jb21cL3dwLWNvbnRlbnRcL3VwbG9hZHNcLzIwMjRcLzAxXC9zY2h1bGdydXBwZW4tamF0aXZhLTQuanBnIiwic2xpZGVzaG93IjoiOTUxM2QwOSJ9\" href='https:\/\/tlcdenia.com\/wp-content\/uploads\/2024\/01\/schulgruppen-jativa-4.jpg'><img loading=\"lazy\" decoding=\"async\" width=\"150\" height=\"150\" src=\"https:\/\/tlcdenia.com\/wp-content\/uploads\/2024\/01\/schulgruppen-jativa-4-150x150.jpg\" class=\"attachment-thumbnail size-thumbnail\" alt=\"Denkmal von J\u00e1tiva in Spanien\" \/><\/a>\n\t\t\t<\/div><\/figure>\n\t\t<\/div>\n\t\t<\/div>\n\t\t\t\t\t\t<\/div>\n\t\t\t\t<\/div>\n\t\t\t\t\t<\/div>\n\t\t<\/div>\n\t\t\t\t\t<\/div>\n\t\t<\/section>\n\t\t\t\t<\/div>\n\t\t","protected":false},"excerpt":{"rendered":"<p>X\u00e1tiva ist eine spanische Stadt mit gro\u00dfem historischen Erbe. Ein Besuch nach X\u00e1tiva ist eine perfekte Exkursion f\u00fcr Schulgruppen in Spanien, um mehr \u00fcber die Kultur und Geschichte des Landes zu erfahren. X\u00e1tiva ist stolz darauf, Geburtsort der Familie Borja &hellip; <\/p>\n","protected":false},"author":4,"featured_media":80816,"parent":0,"menu_order":0,"comment_status":"closed","ping_status":"closed","template":"page-templates\/page-spanishcourses.php","meta":{"_acf_changed":false,"footnotes":""},"class_list":["post-80773","page","type-page","status-publish","has-post-thumbnail","hentry"],"acf":[],"yoast_head":"<!-- This site is optimized with the Yoast SEO plugin v26.9 - https:\/\/yoast.com\/product\/yoast-seo-wordpress\/ -->\n<title>Spanisch f\u00fcr Schulgruppen in Spanien: Ausflug nach J\u00e1tiva<\/title>\n<meta name=\"description\" content=\"Schulgruppen, die bei uns in Denia, Spanien, Spanisch lernen, haben die M\u00f6glichkeit, die historische Stadt J\u00e1tiva zu besuchen.\" \/>\n<meta name=\"robots\" content=\"index, follow, max-snippet:-1, max-image-preview:large, max-video-preview:-1\" \/>\n<link rel=\"canonical\" href=\"https:\/\/tlcdenia.com\/de\/ausflug-jativa-schulgruppen\/\" \/>\n<meta property=\"og:locale\" content=\"de_DE\" \/>\n<meta property=\"og:type\" content=\"article\" \/>\n<meta property=\"og:title\" content=\"Spanisch f\u00fcr Schulgruppen in Spanien: Ausflug nach J\u00e1tiva\" \/>\n<meta property=\"og:description\" content=\"Schulgruppen, die bei uns in Denia, Spanien, Spanisch lernen, haben die M\u00f6glichkeit, die historische Stadt J\u00e1tiva zu besuchen.\" \/>\n<meta property=\"og:url\" content=\"https:\/\/tlcdenia.com\/de\/ausflug-jativa-schulgruppen\/\" \/>\n<meta property=\"og:site_name\" content=\"TLCd\u00e9nia Schule \u2013 Offizielle Website\" \/>\n<meta property=\"article:modified_time\" content=\"2024-02-01T10:49:26+00:00\" \/>\n<meta property=\"og:image\" content=\"https:\/\/tlcdenia.com\/wp-content\/uploads\/2024\/01\/schulgruppen-jativa-1.jpg\" \/>\n\t<meta property=\"og:image:width\" content=\"900\" \/>\n\t<meta property=\"og:image:height\" content=\"600\" \/>\n\t<meta property=\"og:image:type\" content=\"image\/jpeg\" \/>\n<meta name=\"twitter:card\" content=\"summary_large_image\" \/>\n<meta name=\"twitter:label1\" content=\"Gesch\u00e4tzte Lesezeit\" \/>\n\t<meta name=\"twitter:data1\" content=\"4\u00a0Minuten\" \/>\n<script type=\"application\/ld+json\" class=\"yoast-schema-graph\">{\"@context\":\"https:\/\/schema.org\",\"@graph\":[{\"@type\":\"WebPage\",\"@id\":\"https:\/\/tlcdenia.com\/de\/ausflug-jativa-schulgruppen\/\",\"url\":\"https:\/\/tlcdenia.com\/de\/ausflug-jativa-schulgruppen\/\",\"name\":\"Spanisch f\u00fcr Schulgruppen in Spanien: Ausflug nach J\u00e1tiva\",\"isPartOf\":{\"@id\":\"https:\/\/tlcdenia.com\/de\/#website\"},\"primaryImageOfPage\":{\"@id\":\"https:\/\/tlcdenia.com\/de\/ausflug-jativa-schulgruppen\/#primaryimage\"},\"image\":{\"@id\":\"https:\/\/tlcdenia.com\/de\/ausflug-jativa-schulgruppen\/#primaryimage\"},\"thumbnailUrl\":\"https:\/\/tlcdenia.com\/wp-content\/uploads\/2024\/01\/schulgruppen-jativa-1.jpg\",\"datePublished\":\"2024-01-31T09:51:48+00:00\",\"dateModified\":\"2024-02-01T10:49:26+00:00\",\"description\":\"Schulgruppen, die bei uns in Denia, Spanien, Spanisch lernen, haben die M\u00f6glichkeit, die historische Stadt J\u00e1tiva zu besuchen.\",\"breadcrumb\":{\"@id\":\"https:\/\/tlcdenia.com\/de\/ausflug-jativa-schulgruppen\/#breadcrumb\"},\"inLanguage\":\"de\",\"potentialAction\":[{\"@type\":\"ReadAction\",\"target\":[\"https:\/\/tlcdenia.com\/de\/ausflug-jativa-schulgruppen\/\"]}]},{\"@type\":\"ImageObject\",\"inLanguage\":\"de\",\"@id\":\"https:\/\/tlcdenia.com\/de\/ausflug-jativa-schulgruppen\/#primaryimage\",\"url\":\"https:\/\/tlcdenia.com\/wp-content\/uploads\/2024\/01\/schulgruppen-jativa-1.jpg\",\"contentUrl\":\"https:\/\/tlcdenia.com\/wp-content\/uploads\/2024\/01\/schulgruppen-jativa-1.jpg\",\"width\":900,\"height\":600,\"caption\":\"Schloss Jativa in Spanien\"},{\"@type\":\"BreadcrumbList\",\"@id\":\"https:\/\/tlcdenia.com\/de\/ausflug-jativa-schulgruppen\/#breadcrumb\",\"itemListElement\":[{\"@type\":\"ListItem\",\"position\":1,\"name\":\"Home\",\"item\":\"https:\/\/tlcdenia.com\/de\/\"},{\"@type\":\"ListItem\",\"position\":2,\"name\":\"Ausflug nach J\u00e1tiva f\u00fcr Schulgruppen\"}]},{\"@type\":\"WebSite\",\"@id\":\"https:\/\/tlcdenia.com\/de\/#website\",\"url\":\"https:\/\/tlcdenia.com\/de\/\",\"name\":\"TLCd\u00e9nia Schule \u2013 Offizielle Website\",\"description\":\"Languages Center\",\"potentialAction\":[{\"@type\":\"SearchAction\",\"target\":{\"@type\":\"EntryPoint\",\"urlTemplate\":\"https:\/\/tlcdenia.com\/de\/?s={search_term_string}\"},\"query-input\":{\"@type\":\"PropertyValueSpecification\",\"valueRequired\":true,\"valueName\":\"search_term_string\"}}],\"inLanguage\":\"de\"}]}<\/script>\n<!-- \/ Yoast SEO plugin. -->","yoast_head_json":{"title":"Spanisch f\u00fcr Schulgruppen in Spanien: Ausflug nach J\u00e1tiva","description":"Schulgruppen, die bei uns in Denia, Spanien, Spanisch lernen, haben die M\u00f6glichkeit, die historische Stadt J\u00e1tiva zu besuchen.","robots":{"index":"index","follow":"follow","max-snippet":"max-snippet:-1","max-image-preview":"max-image-preview:large","max-video-preview":"max-video-preview:-1"},"canonical":"https:\/\/tlcdenia.com\/de\/ausflug-jativa-schulgruppen\/","og_locale":"de_DE","og_type":"article","og_title":"Spanisch f\u00fcr Schulgruppen in Spanien: Ausflug nach J\u00e1tiva","og_description":"Schulgruppen, die bei uns in Denia, Spanien, Spanisch lernen, haben die M\u00f6glichkeit, die historische Stadt J\u00e1tiva zu besuchen.","og_url":"https:\/\/tlcdenia.com\/de\/ausflug-jativa-schulgruppen\/","og_site_name":"TLCd\u00e9nia Schule \u2013 Offizielle Website","article_modified_time":"2024-02-01T10:49:26+00:00","og_image":[{"width":900,"height":600,"url":"https:\/\/tlcdenia.com\/wp-content\/uploads\/2024\/01\/schulgruppen-jativa-1.jpg","type":"image\/jpeg"}],"twitter_card":"summary_large_image","twitter_misc":{"Gesch\u00e4tzte Lesezeit":"4\u00a0Minuten"},"schema":{"@context":"https:\/\/schema.org","@graph":[{"@type":"WebPage","@id":"https:\/\/tlcdenia.com\/de\/ausflug-jativa-schulgruppen\/","url":"https:\/\/tlcdenia.com\/de\/ausflug-jativa-schulgruppen\/","name":"Spanisch f\u00fcr Schulgruppen in Spanien: Ausflug nach J\u00e1tiva","isPartOf":{"@id":"https:\/\/tlcdenia.com\/de\/#website"},"primaryImageOfPage":{"@id":"https:\/\/tlcdenia.com\/de\/ausflug-jativa-schulgruppen\/#primaryimage"},"image":{"@id":"https:\/\/tlcdenia.com\/de\/ausflug-jativa-schulgruppen\/#primaryimage"},"thumbnailUrl":"https:\/\/tlcdenia.com\/wp-content\/uploads\/2024\/01\/schulgruppen-jativa-1.jpg","datePublished":"2024-01-31T09:51:48+00:00","dateModified":"2024-02-01T10:49:26+00:00","description":"Schulgruppen, die bei uns in Denia, Spanien, Spanisch lernen, haben die M\u00f6glichkeit, die historische Stadt J\u00e1tiva zu besuchen.","breadcrumb":{"@id":"https:\/\/tlcdenia.com\/de\/ausflug-jativa-schulgruppen\/#breadcrumb"},"inLanguage":"de","potentialAction":[{"@type":"ReadAction","target":["https:\/\/tlcdenia.com\/de\/ausflug-jativa-schulgruppen\/"]}]},{"@type":"ImageObject","inLanguage":"de","@id":"https:\/\/tlcdenia.com\/de\/ausflug-jativa-schulgruppen\/#primaryimage","url":"https:\/\/tlcdenia.com\/wp-content\/uploads\/2024\/01\/schulgruppen-jativa-1.jpg","contentUrl":"https:\/\/tlcdenia.com\/wp-content\/uploads\/2024\/01\/schulgruppen-jativa-1.jpg","width":900,"height":600,"caption":"Schloss Jativa in Spanien"},{"@type":"BreadcrumbList","@id":"https:\/\/tlcdenia.com\/de\/ausflug-jativa-schulgruppen\/#breadcrumb","itemListElement":[{"@type":"ListItem","position":1,"name":"Home","item":"https:\/\/tlcdenia.com\/de\/"},{"@type":"ListItem","position":2,"name":"Ausflug nach J\u00e1tiva f\u00fcr Schulgruppen"}]},{"@type":"WebSite","@id":"https:\/\/tlcdenia.com\/de\/#website","url":"https:\/\/tlcdenia.com\/de\/","name":"TLCd\u00e9nia Schule \u2013 Offizielle Website","description":"Languages Center","potentialAction":[{"@type":"SearchAction","target":{"@type":"EntryPoint","urlTemplate":"https:\/\/tlcdenia.com\/de\/?s={search_term_string}"},"query-input":{"@type":"PropertyValueSpecification","valueRequired":true,"valueName":"search_term_string"}}],"inLanguage":"de"}]}},"_links":{"self":[{"href":"https:\/\/tlcdenia.com\/de\/wp-json\/wp\/v2\/pages\/80773","targetHints":{"allow":["GET"]}}],"collection":[{"href":"https:\/\/tlcdenia.com\/de\/wp-json\/wp\/v2\/pages"}],"about":[{"href":"https:\/\/tlcdenia.com\/de\/wp-json\/wp\/v2\/types\/page"}],"author":[{"embeddable":true,"href":"https:\/\/tlcdenia.com\/de\/wp-json\/wp\/v2\/users\/4"}],"replies":[{"embeddable":true,"href":"https:\/\/tlcdenia.com\/de\/wp-json\/wp\/v2\/comments?post=80773"}],"version-history":[{"count":6,"href":"https:\/\/tlcdenia.com\/de\/wp-json\/wp\/v2\/pages\/80773\/revisions"}],"predecessor-version":[{"id":80920,"href":"https:\/\/tlcdenia.com\/de\/wp-json\/wp\/v2\/pages\/80773\/revisions\/80920"}],"wp:featuredmedia":[{"embeddable":true,"href":"https:\/\/tlcdenia.com\/de\/wp-json\/wp\/v2\/media\/80816"}],"wp:attachment":[{"href":"https:\/\/tlcdenia.com\/de\/wp-json\/wp\/v2\/media?parent=80773"}],"curies":[{"name":"wp","href":"https:\/\/api.w.org\/{rel}","templated":true}]}}