{"id":80695,"date":"2024-01-31T09:47:00","date_gmt":"2024-01-31T09:47:00","guid":{"rendered":"https:\/\/tlcdenia.com\/?page_id=80695"},"modified":"2024-06-12T09:34:15","modified_gmt":"2024-06-12T09:34:15","slug":"ausflug-villajoyosa-schulgruppen","status":"publish","type":"page","link":"https:\/\/tlcdenia.com\/de\/ausflug-villajoyosa-schulgruppen\/","title":{"rendered":"Ausflug nach Villajoyosa f\u00fcr Schulgruppen"},"content":{"rendered":"\t\t<div data-elementor-type=\"wp-page\" data-elementor-id=\"80695\" class=\"elementor elementor-80695\" data-elementor-post-type=\"page\">\n\t\t\t\t<div class=\"elementor-element elementor-element-59463b5 e-flex e-con-boxed e-con e-parent\" data-id=\"59463b5\" data-element_type=\"container\" data-e-type=\"container\">\n\t\t\t\t\t<div class=\"e-con-inner\">\n\t\t\t\t<div class=\"elementor-element elementor-element-cad33b6 elementor-widget elementor-widget-image\" data-id=\"cad33b6\" data-element_type=\"widget\" data-e-type=\"widget\" data-widget_type=\"image.default\">\n\t\t\t\t<div class=\"elementor-widget-container\">\n\t\t\t\t\t\t\t\t\t\t\t\t\t\t\t<img fetchpriority=\"high\" decoding=\"async\" width=\"900\" height=\"600\" src=\"https:\/\/tlcdenia.com\/wp-content\/uploads\/2024\/01\/schulgruppen-villajoyosa-4.jpg\" class=\"attachment-full size-full wp-image-80762\" alt=\"Bunte H\u00e4user in Villajoyosa in Spanien\" srcset=\"https:\/\/tlcdenia.com\/wp-content\/uploads\/2024\/01\/schulgruppen-villajoyosa-4.jpg 900w, https:\/\/tlcdenia.com\/wp-content\/uploads\/2024\/01\/schulgruppen-villajoyosa-4-300x200.jpg 300w, https:\/\/tlcdenia.com\/wp-content\/uploads\/2024\/01\/schulgruppen-villajoyosa-4-768x512.jpg 768w\" sizes=\"(max-width: 900px) 100vw, 900px\" \/>\t\t\t\t\t\t\t\t\t\t\t\t\t\t\t<\/div>\n\t\t\t\t<\/div>\n\t\t\t\t\t<\/div>\n\t\t\t\t<\/div>\n\t\t<div class=\"elementor-element elementor-element-3413cd4 e-flex e-con-boxed e-con e-parent\" data-id=\"3413cd4\" data-element_type=\"container\" data-e-type=\"container\">\n\t\t\t\t\t<div class=\"e-con-inner\">\n\t\t\t\t<div class=\"elementor-element elementor-element-860d761 elementor-widget elementor-widget-text-editor\" data-id=\"860d761\" data-element_type=\"widget\" data-e-type=\"widget\" data-widget_type=\"text-editor.default\">\n\t\t\t\t<div class=\"elementor-widget-container\">\n\t\t\t\t\t\t\t\t\t<p>D\u00e9nia ist in der privilegierten Lage von <strong>bezaubernden K\u00fcstenst\u00e4dten<\/strong> umgeben zu sein. \u00a0<strong>Villajoyosa<\/strong> ist eine von ihnen und ein <strong>\u00fcberaus malerisches Reiseziel<\/strong>, an dem die Schulgruppen mehr \u00fcber die spanische Kultur lernen werden.<\/p><p>Unsere Exkursion beginnt mit den engen Pflasterstra\u00dfen und bunten H\u00e4usern in der <strong>sch\u00f6nen Altstadt <\/strong>von Villajoyosa. Die Sch\u00fcler werden im Geschichtszentrum in Begleitung unserer Aktivit\u00e4tsleiter in die authentische Atmosph\u00e4re eintauchen.<\/p>\t\t\t\t\t\t\t\t<\/div>\n\t\t\t\t<\/div>\n\t\t\t\t\t<\/div>\n\t\t\t\t<\/div>\n\t\t<div class=\"elementor-element elementor-element-bbbc1b9 e-flex e-con-boxed e-con e-parent\" data-id=\"bbbc1b9\" data-element_type=\"container\" data-e-type=\"container\">\n\t\t\t\t\t<div class=\"e-con-inner\">\n\t\t\t\t<div class=\"elementor-element elementor-element-8d6096d elementor-widget elementor-widget-image\" data-id=\"8d6096d\" data-element_type=\"widget\" data-e-type=\"widget\" data-widget_type=\"image.default\">\n\t\t\t\t<div class=\"elementor-widget-container\">\n\t\t\t\t\t\t\t\t\t\t\t\t\t\t\t<img decoding=\"async\" width=\"900\" height=\"600\" src=\"https:\/\/tlcdenia.com\/wp-content\/uploads\/2024\/01\/schulgruppen-villajoyosa-3.jpg\" class=\"attachment-full size-full wp-image-80754\" alt=\"Villajoyosa in Spanien\" srcset=\"https:\/\/tlcdenia.com\/wp-content\/uploads\/2024\/01\/schulgruppen-villajoyosa-3.jpg 900w, https:\/\/tlcdenia.com\/wp-content\/uploads\/2024\/01\/schulgruppen-villajoyosa-3-300x200.jpg 300w, https:\/\/tlcdenia.com\/wp-content\/uploads\/2024\/01\/schulgruppen-villajoyosa-3-768x512.jpg 768w\" sizes=\"(max-width: 900px) 100vw, 900px\" \/>\t\t\t\t\t\t\t\t\t\t\t\t\t\t\t<\/div>\n\t\t\t\t<\/div>\n\t\t\t\t\t<\/div>\n\t\t\t\t<\/div>\n\t\t<div class=\"elementor-element elementor-element-a258aa4 e-flex e-con-boxed e-con e-parent\" data-id=\"a258aa4\" data-element_type=\"container\" data-e-type=\"container\">\n\t\t\t\t\t<div class=\"e-con-inner\">\n\t\t\t\t<div class=\"elementor-element elementor-element-085af92 elementor-widget elementor-widget-text-editor\" data-id=\"085af92\" data-element_type=\"widget\" data-e-type=\"widget\" data-widget_type=\"text-editor.default\">\n\t\t\t\t<div class=\"elementor-widget-container\">\n\t\t\t\t\t\t\t\t\t<p>Am Fischereihafen haben die Sch\u00fcler die Gelegenheit die <strong>bunten Fischerboote<\/strong> zu beobachten und den Stellenwert der Fischerei in der Region zu erfahren. Sie k\u00f6nnen auch den Fischmarkt besuchen, auf dem frischgefangenener Fisch und Meeresfr\u00fcchte versteigert werden und so den Verkaufsprozess f\u00fcr diese Produkte miterleben.<\/p><p>In Villajoyosa gibt es viele Sehensw\u00fcrdigkeiten wie die <strong>h\u00e4ngenden H\u00e4user<\/strong>, die <strong>Altstadt<\/strong>, die <strong>Kirche<\/strong> \u201c<strong>Nuestra Se\u00f1ora de la Asunci\u00f3n\u201d<\/strong>, die <strong>Stadtmauern<\/strong>, die <strong>bunten H\u00e4user<\/strong>, den <strong>Fischereihafen<\/strong> und das <strong>Schokoladenmuseum<\/strong> und die <strong>Schokoladenfabrik<\/strong>. All das sind bewundernswerte Orte, die perfekt geeignet sind, um sch\u00f6ne Fotos aufzunehmen.<\/p><p>Die Sch\u00fcler haben w\u00e4hrend des Ausflugs auch Freizeit, die sie am Strand in der Sonne verbringen k\u00f6nnen oder f\u00fcr Entspannung und Unterhaltungen mit ihren Mitsch\u00fclern nutzen k\u00f6nnen.<\/p>\t\t\t\t\t\t\t\t<\/div>\n\t\t\t\t<\/div>\n\t\t\t\t\t<\/div>\n\t\t\t\t<\/div>\n\t\t<div class=\"elementor-element elementor-element-7f8ea08 e-flex e-con-boxed e-con e-parent\" data-id=\"7f8ea08\" data-element_type=\"container\" data-e-type=\"container\">\n\t\t\t\t\t<div class=\"e-con-inner\">\n\t\t\t\t<div class=\"elementor-element elementor-element-adc4065 elementor-widget elementor-widget-image\" data-id=\"adc4065\" data-element_type=\"widget\" data-e-type=\"widget\" data-widget_type=\"image.default\">\n\t\t\t\t<div class=\"elementor-widget-container\">\n\t\t\t\t\t\t\t\t\t\t\t\t\t\t\t<img decoding=\"async\" width=\"900\" height=\"600\" src=\"https:\/\/tlcdenia.com\/wp-content\/uploads\/2024\/01\/schulgruppen-villajoyosa-8.jpg\" class=\"attachment-full size-full wp-image-80722\" alt=\"Schokoladenmuseum in Villajoyosa in Spanien\" srcset=\"https:\/\/tlcdenia.com\/wp-content\/uploads\/2024\/01\/schulgruppen-villajoyosa-8.jpg 900w, https:\/\/tlcdenia.com\/wp-content\/uploads\/2024\/01\/schulgruppen-villajoyosa-8-300x200.jpg 300w, https:\/\/tlcdenia.com\/wp-content\/uploads\/2024\/01\/schulgruppen-villajoyosa-8-768x512.jpg 768w\" sizes=\"(max-width: 900px) 100vw, 900px\" \/>\t\t\t\t\t\t\t\t\t\t\t\t\t\t\t<\/div>\n\t\t\t\t<\/div>\n\t\t\t\t\t<\/div>\n\t\t\t\t<\/div>\n\t\t<div class=\"elementor-element elementor-element-c6b0364 e-flex e-con-boxed e-con e-parent\" data-id=\"c6b0364\" data-element_type=\"container\" data-e-type=\"container\">\n\t\t\t\t\t<div class=\"e-con-inner\">\n\t\t\t\t<div class=\"elementor-element elementor-element-65f221d elementor-widget elementor-widget-text-editor\" data-id=\"65f221d\" data-element_type=\"widget\" data-e-type=\"widget\" data-widget_type=\"text-editor.default\">\n\t\t\t\t<div class=\"elementor-widget-container\">\n\t\t\t\t\t\t\t\t\t<p>Aus Villajoyosa stammt auch die <strong>bekannte<\/strong> <strong>Chocolate Valor<\/strong>, zu der sich ein optionaler Besuch im <strong>Schokoaldenmuseum<\/strong> anbietet. Dort erfahren die Sch\u00fcler mehr \u00fcber die Geschichte der Schokolade und ihre Bedeutung f\u00fcr die Region und sie k\u00f6nnen Proben handgemachter Schokolade testen.<\/p><p>Villajoyosa ist ein ideales Ausflugsziel, um das Spanischlernen mit einer bereichernden Kulturerfahrung zu verbinden. Die Sch\u00fcler werden die M\u00f6glichkeit haben in das allt\u00e4gliche Leben einer bezaubernden spanischen Kleinstadt einzutauchen, ihr Spanisch zu verbessern, die lokale K\u00fcche kennenzulernen und unvergessliche Momente mit ihren Mitsch\u00fclern zu teilen.<\/p>\t\t\t\t\t\t\t\t<\/div>\n\t\t\t\t<\/div>\n\t\t\t\t\t<\/div>\n\t\t\t\t<\/div>\n\t\t\t\t<section class=\"elementor-section elementor-top-section elementor-element elementor-element-8308cc0 elementor-section-boxed elementor-section-height-default elementor-section-height-default\" data-id=\"8308cc0\" data-element_type=\"section\" data-e-type=\"section\" data-settings=\"{&quot;background_background&quot;:&quot;classic&quot;}\">\n\t\t\t\t\t\t<div class=\"elementor-container elementor-column-gap-default\">\n\t\t\t\t\t<div class=\"elementor-column elementor-col-100 elementor-top-column elementor-element elementor-element-ee0d171\" data-id=\"ee0d171\" data-element_type=\"column\" data-e-type=\"column\">\n\t\t\t<div class=\"elementor-widget-wrap elementor-element-populated\">\n\t\t\t\t\t\t<div class=\"elementor-element elementor-element-872afb7 elementor-widget elementor-widget-heading\" data-id=\"872afb7\" data-element_type=\"widget\" data-e-type=\"widget\" data-widget_type=\"heading.default\">\n\t\t\t\t<div class=\"elementor-widget-container\">\n\t\t\t\t\t<h3 class=\"elementor-heading-title elementor-size-default\">AUSFLUG NACH VILLAJOYOSA<\/h3>\t\t\t\t<\/div>\n\t\t\t\t<\/div>\n\t\t\t\t\t<\/div>\n\t\t<\/div>\n\t\t\t\t\t<\/div>\n\t\t<\/section>\n\t\t\t\t<section class=\"elementor-section elementor-top-section elementor-element elementor-element-09350cd elementor-section-boxed elementor-section-height-default elementor-section-height-default\" data-id=\"09350cd\" data-element_type=\"section\" data-e-type=\"section\">\n\t\t\t\t\t\t<div class=\"elementor-container elementor-column-gap-default\">\n\t\t\t\t\t<div class=\"elementor-column elementor-col-100 elementor-top-column elementor-element elementor-element-c7686b2\" data-id=\"c7686b2\" data-element_type=\"column\" data-e-type=\"column\">\n\t\t\t<div class=\"elementor-widget-wrap elementor-element-populated\">\n\t\t\t\t\t\t<div class=\"elementor-element elementor-element-e35dfe5 elementor-widget elementor-widget-image-gallery\" data-id=\"e35dfe5\" data-element_type=\"widget\" data-e-type=\"widget\" data-widget_type=\"image-gallery.default\">\n\t\t\t\t<div class=\"elementor-widget-container\">\n\t\t\t\t\t\t\t<div class=\"elementor-image-gallery\">\n\t\t\t<div id='gallery-1' class='gallery galleryid-80695 gallery-columns-4 gallery-size-thumbnail'><figure class='gallery-item'>\n\t\t\t<div class='gallery-icon landscape'>\n\t\t\t\t<a data-elementor-open-lightbox=\"yes\" data-elementor-lightbox-slideshow=\"e35dfe5\" data-elementor-lightbox-title=\"schulgruppen-villajoyosa-4\" data-e-action-hash=\"#elementor-action%3Aaction%3Dlightbox%26settings%3DeyJpZCI6ODA3NjIsInVybCI6Imh0dHBzOlwvXC90bGNkZW5pYS5jb21cL3dwLWNvbnRlbnRcL3VwbG9hZHNcLzIwMjRcLzAxXC9zY2h1bGdydXBwZW4tdmlsbGFqb3lvc2EtNC5qcGciLCJzbGlkZXNob3ciOiJlMzVkZmU1In0%3D\" href='https:\/\/tlcdenia.com\/wp-content\/uploads\/2024\/01\/schulgruppen-villajoyosa-4.jpg'><img loading=\"lazy\" decoding=\"async\" width=\"150\" height=\"150\" src=\"https:\/\/tlcdenia.com\/wp-content\/uploads\/2024\/01\/schulgruppen-villajoyosa-4-150x150.jpg\" class=\"attachment-thumbnail size-thumbnail\" alt=\"Bunte H\u00e4user in Villajoyosa in Spanien\" \/><\/a>\n\t\t\t<\/div><\/figure><figure class='gallery-item'>\n\t\t\t<div class='gallery-icon landscape'>\n\t\t\t\t<a data-elementor-open-lightbox=\"yes\" data-elementor-lightbox-slideshow=\"e35dfe5\" data-elementor-lightbox-title=\"schulgruppen-villajoyosa-3\" data-e-action-hash=\"#elementor-action%3Aaction%3Dlightbox%26settings%3DeyJpZCI6ODA3NTQsInVybCI6Imh0dHBzOlwvXC90bGNkZW5pYS5jb21cL3dwLWNvbnRlbnRcL3VwbG9hZHNcLzIwMjRcLzAxXC9zY2h1bGdydXBwZW4tdmlsbGFqb3lvc2EtMy5qcGciLCJzbGlkZXNob3ciOiJlMzVkZmU1In0%3D\" href='https:\/\/tlcdenia.com\/wp-content\/uploads\/2024\/01\/schulgruppen-villajoyosa-3.jpg'><img loading=\"lazy\" decoding=\"async\" width=\"150\" height=\"150\" src=\"https:\/\/tlcdenia.com\/wp-content\/uploads\/2024\/01\/schulgruppen-villajoyosa-3-150x150.jpg\" class=\"attachment-thumbnail size-thumbnail\" alt=\"Villajoyosa in Spanien\" \/><\/a>\n\t\t\t<\/div><\/figure><figure class='gallery-item'>\n\t\t\t<div class='gallery-icon landscape'>\n\t\t\t\t<a data-elementor-open-lightbox=\"yes\" data-elementor-lightbox-slideshow=\"e35dfe5\" data-elementor-lightbox-title=\"schulgruppen-villajoyosa-2\" data-e-action-hash=\"#elementor-action%3Aaction%3Dlightbox%26settings%3DeyJpZCI6ODA3NDYsInVybCI6Imh0dHBzOlwvXC90bGNkZW5pYS5jb21cL3dwLWNvbnRlbnRcL3VwbG9hZHNcLzIwMjRcLzAxXC9zY2h1bGdydXBwZW4tdmlsbGFqb3lvc2EtMi5qcGciLCJzbGlkZXNob3ciOiJlMzVkZmU1In0%3D\" href='https:\/\/tlcdenia.com\/wp-content\/uploads\/2024\/01\/schulgruppen-villajoyosa-2.jpg'><img loading=\"lazy\" decoding=\"async\" width=\"150\" height=\"150\" src=\"https:\/\/tlcdenia.com\/wp-content\/uploads\/2024\/01\/schulgruppen-villajoyosa-2-150x150.jpg\" class=\"attachment-thumbnail size-thumbnail\" alt=\"Strand von Villajoyosa in Spanien\" \/><\/a>\n\t\t\t<\/div><\/figure><figure class='gallery-item'>\n\t\t\t<div class='gallery-icon landscape'>\n\t\t\t\t<a data-elementor-open-lightbox=\"yes\" data-elementor-lightbox-slideshow=\"e35dfe5\" data-elementor-lightbox-title=\"schulgruppen-villajoyosa-8\" data-e-action-hash=\"#elementor-action%3Aaction%3Dlightbox%26settings%3DeyJpZCI6ODA3MjIsInVybCI6Imh0dHBzOlwvXC90bGNkZW5pYS5jb21cL3dwLWNvbnRlbnRcL3VwbG9hZHNcLzIwMjRcLzAxXC9zY2h1bGdydXBwZW4tdmlsbGFqb3lvc2EtOC5qcGciLCJzbGlkZXNob3ciOiJlMzVkZmU1In0%3D\" href='https:\/\/tlcdenia.com\/wp-content\/uploads\/2024\/01\/schulgruppen-villajoyosa-8.jpg'><img loading=\"lazy\" decoding=\"async\" width=\"150\" height=\"150\" src=\"https:\/\/tlcdenia.com\/wp-content\/uploads\/2024\/01\/schulgruppen-villajoyosa-8-150x150.jpg\" class=\"attachment-thumbnail size-thumbnail\" alt=\"Schokoladenmuseum in Villajoyosa in Spanien\" \/><\/a>\n\t\t\t<\/div><\/figure><figure class='gallery-item'>\n\t\t\t<div class='gallery-icon landscape'>\n\t\t\t\t<a data-elementor-open-lightbox=\"yes\" data-elementor-lightbox-slideshow=\"e35dfe5\" data-elementor-lightbox-title=\"schulgruppen-villajoyosa-7\" data-e-action-hash=\"#elementor-action%3Aaction%3Dlightbox%26settings%3DeyJpZCI6ODA3MTQsInVybCI6Imh0dHBzOlwvXC90bGNkZW5pYS5jb21cL3dwLWNvbnRlbnRcL3VwbG9hZHNcLzIwMjRcLzAxXC9zY2h1bGdydXBwZW4tdmlsbGFqb3lvc2EtNy5qcGciLCJzbGlkZXNob3ciOiJlMzVkZmU1In0%3D\" href='https:\/\/tlcdenia.com\/wp-content\/uploads\/2024\/01\/schulgruppen-villajoyosa-7.jpg'><img loading=\"lazy\" decoding=\"async\" width=\"150\" height=\"150\" src=\"https:\/\/tlcdenia.com\/wp-content\/uploads\/2024\/01\/schulgruppen-villajoyosa-7-150x150.jpg\" class=\"attachment-thumbnail size-thumbnail\" alt=\"Schokoladenmuseum in Villajoyosa in Spanien\" \/><\/a>\n\t\t\t<\/div><\/figure><figure class='gallery-item'>\n\t\t\t<div class='gallery-icon landscape'>\n\t\t\t\t<a data-elementor-open-lightbox=\"yes\" data-elementor-lightbox-slideshow=\"e35dfe5\" data-elementor-lightbox-title=\"schulgruppen-villajoyosa-6\" data-e-action-hash=\"#elementor-action%3Aaction%3Dlightbox%26settings%3DeyJpZCI6ODA3MDYsInVybCI6Imh0dHBzOlwvXC90bGNkZW5pYS5jb21cL3dwLWNvbnRlbnRcL3VwbG9hZHNcLzIwMjRcLzAxXC9zY2h1bGdydXBwZW4tdmlsbGFqb3lvc2EtNi5qcGciLCJzbGlkZXNob3ciOiJlMzVkZmU1In0%3D\" href='https:\/\/tlcdenia.com\/wp-content\/uploads\/2024\/01\/schulgruppen-villajoyosa-6.jpg'><img loading=\"lazy\" decoding=\"async\" width=\"150\" height=\"150\" src=\"https:\/\/tlcdenia.com\/wp-content\/uploads\/2024\/01\/schulgruppen-villajoyosa-6-150x150.jpg\" class=\"attachment-thumbnail size-thumbnail\" alt=\"Mauer in Villajoyosa in Spanien\" \/><\/a>\n\t\t\t<\/div><\/figure><figure class='gallery-item'>\n\t\t\t<div class='gallery-icon landscape'>\n\t\t\t\t<a data-elementor-open-lightbox=\"yes\" data-elementor-lightbox-slideshow=\"e35dfe5\" data-elementor-lightbox-title=\"schulgruppen-villajoyosa-5\" data-e-action-hash=\"#elementor-action%3Aaction%3Dlightbox%26settings%3DeyJpZCI6ODA2OTgsInVybCI6Imh0dHBzOlwvXC90bGNkZW5pYS5jb21cL3dwLWNvbnRlbnRcL3VwbG9hZHNcLzIwMjRcLzAxXC9zY2h1bGdydXBwZW4tdmlsbGFqb3lvc2EtNS5qcGciLCJzbGlkZXNob3ciOiJlMzVkZmU1In0%3D\" href='https:\/\/tlcdenia.com\/wp-content\/uploads\/2024\/01\/schulgruppen-villajoyosa-5.jpg'><img loading=\"lazy\" decoding=\"async\" width=\"150\" height=\"150\" src=\"https:\/\/tlcdenia.com\/wp-content\/uploads\/2024\/01\/schulgruppen-villajoyosa-5-150x150.jpg\" class=\"attachment-thumbnail size-thumbnail\" alt=\"Br\u00fccke in Villajoyosa in Spanien\" \/><\/a>\n\t\t\t<\/div><\/figure><figure class='gallery-item'>\n\t\t\t<div class='gallery-icon landscape'>\n\t\t\t\t<a data-elementor-open-lightbox=\"yes\" data-elementor-lightbox-slideshow=\"e35dfe5\" data-elementor-lightbox-title=\"villajoyosa-schulgruppen-1\" data-e-action-hash=\"#elementor-action%3Aaction%3Dlightbox%26settings%3DeyJpZCI6OTIyNDcsInVybCI6Imh0dHBzOlwvXC90bGNkZW5pYS5jb21cL3dwLWNvbnRlbnRcL3VwbG9hZHNcLzIwMjRcLzA2XC92aWxsYWpveW9zYS1zY2h1bGdydXBwZW4tMS5qcGciLCJzbGlkZXNob3ciOiJlMzVkZmU1In0%3D\" href='https:\/\/tlcdenia.com\/wp-content\/uploads\/2024\/06\/villajoyosa-schulgruppen-1.jpg'><img loading=\"lazy\" decoding=\"async\" width=\"150\" height=\"150\" src=\"https:\/\/tlcdenia.com\/wp-content\/uploads\/2024\/06\/villajoyosa-schulgruppen-1-150x150.jpg\" class=\"attachment-thumbnail size-thumbnail\" alt=\"Bunte H\u00e4user am Strand von Villajoyosa\" \/><\/a>\n\t\t\t<\/div><\/figure>\n\t\t<\/div>\n\t\t<\/div>\n\t\t\t\t\t\t<\/div>\n\t\t\t\t<\/div>\n\t\t\t\t\t<\/div>\n\t\t<\/div>\n\t\t\t\t\t<\/div>\n\t\t<\/section>\n\t\t\t\t<\/div>\n\t\t","protected":false},"excerpt":{"rendered":"<p>D\u00e9nia ist in der privilegierten Lage von bezaubernden K\u00fcstenst\u00e4dten umgeben zu sein. \u00a0Villajoyosa ist eine von ihnen und ein \u00fcberaus malerisches Reiseziel, an dem die Schulgruppen mehr \u00fcber die spanische Kultur lernen werden. Unsere Exkursion beginnt mit den engen Pflasterstra\u00dfen &hellip; <\/p>\n","protected":false},"author":4,"featured_media":80738,"parent":0,"menu_order":0,"comment_status":"closed","ping_status":"closed","template":"page-templates\/page-spanishcourses.php","meta":{"_acf_changed":false,"footnotes":""},"class_list":["post-80695","page","type-page","status-publish","has-post-thumbnail","hentry"],"acf":[],"yoast_head":"<!-- This site is optimized with the Yoast SEO plugin v26.9 - https:\/\/yoast.com\/product\/yoast-seo-wordpress\/ -->\n<title>Spanisch f\u00fcr Schulgruppen in Spanien: Ausflug nach Villajoyosa<\/title>\n<meta name=\"description\" content=\"Im Spanischprogramm f\u00fcr Schulgruppen besuchen wir Villajoyosa: eine charmante Stadt an der Costa Blanca in Spanien.\" \/>\n<meta name=\"robots\" content=\"index, follow, max-snippet:-1, max-image-preview:large, max-video-preview:-1\" \/>\n<link rel=\"canonical\" href=\"https:\/\/tlcdenia.com\/de\/ausflug-villajoyosa-schulgruppen\/\" \/>\n<meta property=\"og:locale\" content=\"de_DE\" \/>\n<meta property=\"og:type\" content=\"article\" \/>\n<meta property=\"og:title\" content=\"Spanisch f\u00fcr Schulgruppen in Spanien: Ausflug nach Villajoyosa\" \/>\n<meta property=\"og:description\" content=\"Im Spanischprogramm f\u00fcr Schulgruppen besuchen wir Villajoyosa: eine charmante Stadt an der Costa Blanca in Spanien.\" \/>\n<meta property=\"og:url\" content=\"https:\/\/tlcdenia.com\/de\/ausflug-villajoyosa-schulgruppen\/\" \/>\n<meta property=\"og:site_name\" content=\"TLCd\u00e9nia Schule \u2013 Offizielle Website\" \/>\n<meta property=\"article:modified_time\" content=\"2024-06-12T09:34:15+00:00\" \/>\n<meta property=\"og:image\" content=\"https:\/\/tlcdenia.com\/wp-content\/uploads\/2024\/01\/schulgruppen-villajoyosa-1.jpg\" \/>\n\t<meta property=\"og:image:width\" content=\"900\" \/>\n\t<meta property=\"og:image:height\" content=\"600\" \/>\n\t<meta property=\"og:image:type\" content=\"image\/jpeg\" \/>\n<meta name=\"twitter:card\" content=\"summary_large_image\" \/>\n<meta name=\"twitter:label1\" content=\"Gesch\u00e4tzte Lesezeit\" \/>\n\t<meta name=\"twitter:data1\" content=\"4\u00a0Minuten\" \/>\n<script type=\"application\/ld+json\" class=\"yoast-schema-graph\">{\"@context\":\"https:\/\/schema.org\",\"@graph\":[{\"@type\":\"WebPage\",\"@id\":\"https:\/\/tlcdenia.com\/de\/ausflug-villajoyosa-schulgruppen\/\",\"url\":\"https:\/\/tlcdenia.com\/de\/ausflug-villajoyosa-schulgruppen\/\",\"name\":\"Spanisch f\u00fcr Schulgruppen in Spanien: Ausflug nach Villajoyosa\",\"isPartOf\":{\"@id\":\"https:\/\/tlcdenia.com\/de\/#website\"},\"primaryImageOfPage\":{\"@id\":\"https:\/\/tlcdenia.com\/de\/ausflug-villajoyosa-schulgruppen\/#primaryimage\"},\"image\":{\"@id\":\"https:\/\/tlcdenia.com\/de\/ausflug-villajoyosa-schulgruppen\/#primaryimage\"},\"thumbnailUrl\":\"https:\/\/tlcdenia.com\/wp-content\/uploads\/2024\/01\/schulgruppen-villajoyosa-1.jpg\",\"datePublished\":\"2024-01-31T09:47:00+00:00\",\"dateModified\":\"2024-06-12T09:34:15+00:00\",\"description\":\"Im Spanischprogramm f\u00fcr Schulgruppen besuchen wir Villajoyosa: eine charmante Stadt an der Costa Blanca in Spanien.\",\"breadcrumb\":{\"@id\":\"https:\/\/tlcdenia.com\/de\/ausflug-villajoyosa-schulgruppen\/#breadcrumb\"},\"inLanguage\":\"de\",\"potentialAction\":[{\"@type\":\"ReadAction\",\"target\":[\"https:\/\/tlcdenia.com\/de\/ausflug-villajoyosa-schulgruppen\/\"]}]},{\"@type\":\"ImageObject\",\"inLanguage\":\"de\",\"@id\":\"https:\/\/tlcdenia.com\/de\/ausflug-villajoyosa-schulgruppen\/#primaryimage\",\"url\":\"https:\/\/tlcdenia.com\/wp-content\/uploads\/2024\/01\/schulgruppen-villajoyosa-1.jpg\",\"contentUrl\":\"https:\/\/tlcdenia.com\/wp-content\/uploads\/2024\/01\/schulgruppen-villajoyosa-1.jpg\",\"width\":900,\"height\":600,\"caption\":\"Bunte H\u00e4user in Villajoyosa in Spanien\"},{\"@type\":\"BreadcrumbList\",\"@id\":\"https:\/\/tlcdenia.com\/de\/ausflug-villajoyosa-schulgruppen\/#breadcrumb\",\"itemListElement\":[{\"@type\":\"ListItem\",\"position\":1,\"name\":\"Home\",\"item\":\"https:\/\/tlcdenia.com\/de\/\"},{\"@type\":\"ListItem\",\"position\":2,\"name\":\"Ausflug nach Villajoyosa f\u00fcr Schulgruppen\"}]},{\"@type\":\"WebSite\",\"@id\":\"https:\/\/tlcdenia.com\/de\/#website\",\"url\":\"https:\/\/tlcdenia.com\/de\/\",\"name\":\"TLCd\u00e9nia Schule \u2013 Offizielle Website\",\"description\":\"Languages Center\",\"potentialAction\":[{\"@type\":\"SearchAction\",\"target\":{\"@type\":\"EntryPoint\",\"urlTemplate\":\"https:\/\/tlcdenia.com\/de\/?s={search_term_string}\"},\"query-input\":{\"@type\":\"PropertyValueSpecification\",\"valueRequired\":true,\"valueName\":\"search_term_string\"}}],\"inLanguage\":\"de\"}]}<\/script>\n<!-- \/ Yoast SEO plugin. -->","yoast_head_json":{"title":"Spanisch f\u00fcr Schulgruppen in Spanien: Ausflug nach Villajoyosa","description":"Im Spanischprogramm f\u00fcr Schulgruppen besuchen wir Villajoyosa: eine charmante Stadt an der Costa Blanca in Spanien.","robots":{"index":"index","follow":"follow","max-snippet":"max-snippet:-1","max-image-preview":"max-image-preview:large","max-video-preview":"max-video-preview:-1"},"canonical":"https:\/\/tlcdenia.com\/de\/ausflug-villajoyosa-schulgruppen\/","og_locale":"de_DE","og_type":"article","og_title":"Spanisch f\u00fcr Schulgruppen in Spanien: Ausflug nach Villajoyosa","og_description":"Im Spanischprogramm f\u00fcr Schulgruppen besuchen wir Villajoyosa: eine charmante Stadt an der Costa Blanca in Spanien.","og_url":"https:\/\/tlcdenia.com\/de\/ausflug-villajoyosa-schulgruppen\/","og_site_name":"TLCd\u00e9nia Schule \u2013 Offizielle Website","article_modified_time":"2024-06-12T09:34:15+00:00","og_image":[{"width":900,"height":600,"url":"https:\/\/tlcdenia.com\/wp-content\/uploads\/2024\/01\/schulgruppen-villajoyosa-1.jpg","type":"image\/jpeg"}],"twitter_card":"summary_large_image","twitter_misc":{"Gesch\u00e4tzte Lesezeit":"4\u00a0Minuten"},"schema":{"@context":"https:\/\/schema.org","@graph":[{"@type":"WebPage","@id":"https:\/\/tlcdenia.com\/de\/ausflug-villajoyosa-schulgruppen\/","url":"https:\/\/tlcdenia.com\/de\/ausflug-villajoyosa-schulgruppen\/","name":"Spanisch f\u00fcr Schulgruppen in Spanien: Ausflug nach Villajoyosa","isPartOf":{"@id":"https:\/\/tlcdenia.com\/de\/#website"},"primaryImageOfPage":{"@id":"https:\/\/tlcdenia.com\/de\/ausflug-villajoyosa-schulgruppen\/#primaryimage"},"image":{"@id":"https:\/\/tlcdenia.com\/de\/ausflug-villajoyosa-schulgruppen\/#primaryimage"},"thumbnailUrl":"https:\/\/tlcdenia.com\/wp-content\/uploads\/2024\/01\/schulgruppen-villajoyosa-1.jpg","datePublished":"2024-01-31T09:47:00+00:00","dateModified":"2024-06-12T09:34:15+00:00","description":"Im Spanischprogramm f\u00fcr Schulgruppen besuchen wir Villajoyosa: eine charmante Stadt an der Costa Blanca in Spanien.","breadcrumb":{"@id":"https:\/\/tlcdenia.com\/de\/ausflug-villajoyosa-schulgruppen\/#breadcrumb"},"inLanguage":"de","potentialAction":[{"@type":"ReadAction","target":["https:\/\/tlcdenia.com\/de\/ausflug-villajoyosa-schulgruppen\/"]}]},{"@type":"ImageObject","inLanguage":"de","@id":"https:\/\/tlcdenia.com\/de\/ausflug-villajoyosa-schulgruppen\/#primaryimage","url":"https:\/\/tlcdenia.com\/wp-content\/uploads\/2024\/01\/schulgruppen-villajoyosa-1.jpg","contentUrl":"https:\/\/tlcdenia.com\/wp-content\/uploads\/2024\/01\/schulgruppen-villajoyosa-1.jpg","width":900,"height":600,"caption":"Bunte H\u00e4user in Villajoyosa in Spanien"},{"@type":"BreadcrumbList","@id":"https:\/\/tlcdenia.com\/de\/ausflug-villajoyosa-schulgruppen\/#breadcrumb","itemListElement":[{"@type":"ListItem","position":1,"name":"Home","item":"https:\/\/tlcdenia.com\/de\/"},{"@type":"ListItem","position":2,"name":"Ausflug nach Villajoyosa f\u00fcr Schulgruppen"}]},{"@type":"WebSite","@id":"https:\/\/tlcdenia.com\/de\/#website","url":"https:\/\/tlcdenia.com\/de\/","name":"TLCd\u00e9nia Schule \u2013 Offizielle Website","description":"Languages Center","potentialAction":[{"@type":"SearchAction","target":{"@type":"EntryPoint","urlTemplate":"https:\/\/tlcdenia.com\/de\/?s={search_term_string}"},"query-input":{"@type":"PropertyValueSpecification","valueRequired":true,"valueName":"search_term_string"}}],"inLanguage":"de"}]}},"_links":{"self":[{"href":"https:\/\/tlcdenia.com\/de\/wp-json\/wp\/v2\/pages\/80695","targetHints":{"allow":["GET"]}}],"collection":[{"href":"https:\/\/tlcdenia.com\/de\/wp-json\/wp\/v2\/pages"}],"about":[{"href":"https:\/\/tlcdenia.com\/de\/wp-json\/wp\/v2\/types\/page"}],"author":[{"embeddable":true,"href":"https:\/\/tlcdenia.com\/de\/wp-json\/wp\/v2\/users\/4"}],"replies":[{"embeddable":true,"href":"https:\/\/tlcdenia.com\/de\/wp-json\/wp\/v2\/comments?post=80695"}],"version-history":[{"count":9,"href":"https:\/\/tlcdenia.com\/de\/wp-json\/wp\/v2\/pages\/80695\/revisions"}],"predecessor-version":[{"id":92255,"href":"https:\/\/tlcdenia.com\/de\/wp-json\/wp\/v2\/pages\/80695\/revisions\/92255"}],"wp:featuredmedia":[{"embeddable":true,"href":"https:\/\/tlcdenia.com\/de\/wp-json\/wp\/v2\/media\/80738"}],"wp:attachment":[{"href":"https:\/\/tlcdenia.com\/de\/wp-json\/wp\/v2\/media?parent=80695"}],"curies":[{"name":"wp","href":"https:\/\/api.w.org\/{rel}","templated":true}]}}