{"id":80506,"date":"2024-01-31T09:31:51","date_gmt":"2024-01-31T09:31:51","guid":{"rendered":"https:\/\/tlcdenia.com\/?page_id=80506"},"modified":"2024-02-01T10:41:24","modified_gmt":"2024-02-01T10:41:24","slug":"ausflug-aqualandia-schulgruppen","status":"publish","type":"page","link":"https:\/\/tlcdenia.com\/de\/ausflug-aqualandia-schulgruppen\/","title":{"rendered":"Ausflug nach Aqualandia f\u00fcr Schulgruppen"},"content":{"rendered":"\t\t<div data-elementor-type=\"wp-page\" data-elementor-id=\"80506\" class=\"elementor elementor-80506\" data-elementor-post-type=\"page\">\n\t\t\t\t<div class=\"elementor-element elementor-element-c05519f e-flex e-con-boxed e-con e-parent\" data-id=\"c05519f\" data-element_type=\"container\" data-e-type=\"container\">\n\t\t\t\t\t<div class=\"e-con-inner\">\n\t\t\t\t<div class=\"elementor-element elementor-element-dfbf8f3 elementor-widget elementor-widget-image\" data-id=\"dfbf8f3\" data-element_type=\"widget\" data-e-type=\"widget\" data-widget_type=\"image.default\">\n\t\t\t\t<div class=\"elementor-widget-container\">\n\t\t\t\t\t\t\t\t\t\t\t\t\t\t\t<img fetchpriority=\"high\" decoding=\"async\" width=\"900\" height=\"600\" src=\"https:\/\/tlcdenia.com\/wp-content\/uploads\/2024\/01\/schulgruppen-aqualandia-1.jpg\" class=\"attachment-full size-full wp-image-80549\" alt=\"Schulgruppen im Aqualandia in Spanien\" srcset=\"https:\/\/tlcdenia.com\/wp-content\/uploads\/2024\/01\/schulgruppen-aqualandia-1.jpg 900w, https:\/\/tlcdenia.com\/wp-content\/uploads\/2024\/01\/schulgruppen-aqualandia-1-300x200.jpg 300w, https:\/\/tlcdenia.com\/wp-content\/uploads\/2024\/01\/schulgruppen-aqualandia-1-768x512.jpg 768w, https:\/\/tlcdenia.com\/wp-content\/uploads\/2024\/01\/schulgruppen-aqualandia-1-600x400.jpg 600w\" sizes=\"(max-width: 900px) 100vw, 900px\" \/>\t\t\t\t\t\t\t\t\t\t\t\t\t\t\t<\/div>\n\t\t\t\t<\/div>\n\t\t\t\t\t<\/div>\n\t\t\t\t<\/div>\n\t\t<div class=\"elementor-element elementor-element-a53129e e-flex e-con-boxed e-con e-parent\" data-id=\"a53129e\" data-element_type=\"container\" data-e-type=\"container\">\n\t\t\t\t\t<div class=\"e-con-inner\">\n\t\t\t\t<div class=\"elementor-element elementor-element-4e8aa82 elementor-widget elementor-widget-text-editor\" data-id=\"4e8aa82\" data-element_type=\"widget\" data-e-type=\"widget\" data-widget_type=\"text-editor.default\">\n\t\t\t\t<div class=\"elementor-widget-container\">\n\t\t\t\t\t\t\t\t\t<p>Wir, bei TLCd\u00e9nia, glauben, dass Lernen eine vergn\u00fcgliche und genussvolle Erfahrung sein sollte.<\/p><p>Unser Programm ist so gestaltet, dass Sch\u00fcler voll und ganz ins Spanische eintauchen k\u00f6nnen und so die einzigartige Gelegenheit erfahren, mit einer Kombination aus Spa\u00df und Unterhaltung die Sprache zu lernen.<\/p>\t\t\t\t\t\t\t\t<\/div>\n\t\t\t\t<\/div>\n\t\t\t\t\t<\/div>\n\t\t\t\t<\/div>\n\t\t<div class=\"elementor-element elementor-element-ec67482 e-flex e-con-boxed e-con e-parent\" data-id=\"ec67482\" data-element_type=\"container\" data-e-type=\"container\">\n\t\t\t\t\t<div class=\"e-con-inner\">\n\t\t\t\t<div class=\"elementor-element elementor-element-94fbe71 elementor-widget elementor-widget-image\" data-id=\"94fbe71\" data-element_type=\"widget\" data-e-type=\"widget\" data-widget_type=\"image.default\">\n\t\t\t\t<div class=\"elementor-widget-container\">\n\t\t\t\t\t\t\t\t\t\t\t\t\t\t\t<img decoding=\"async\" width=\"900\" height=\"600\" src=\"https:\/\/tlcdenia.com\/wp-content\/uploads\/2024\/01\/schulgruppen-aqualandia-4.jpg\" class=\"attachment-full size-full wp-image-80573\" alt=\"Sch\u00fcler einer Schulgruppe rutschen im Aqualandia, Spanien, hinunter\" srcset=\"https:\/\/tlcdenia.com\/wp-content\/uploads\/2024\/01\/schulgruppen-aqualandia-4.jpg 900w, https:\/\/tlcdenia.com\/wp-content\/uploads\/2024\/01\/schulgruppen-aqualandia-4-300x200.jpg 300w, https:\/\/tlcdenia.com\/wp-content\/uploads\/2024\/01\/schulgruppen-aqualandia-4-768x512.jpg 768w\" sizes=\"(max-width: 900px) 100vw, 900px\" \/>\t\t\t\t\t\t\t\t\t\t\t\t\t\t\t<\/div>\n\t\t\t\t<\/div>\n\t\t\t\t\t<\/div>\n\t\t\t\t<\/div>\n\t\t<div class=\"elementor-element elementor-element-fe6660d e-flex e-con-boxed e-con e-parent\" data-id=\"fe6660d\" data-element_type=\"container\" data-e-type=\"container\">\n\t\t\t\t\t<div class=\"e-con-inner\">\n\t\t\t\t<div class=\"elementor-element elementor-element-02a3d67 elementor-widget elementor-widget-text-editor\" data-id=\"02a3d67\" data-element_type=\"widget\" data-e-type=\"widget\" data-widget_type=\"text-editor.default\">\n\t\t\t\t<div class=\"elementor-widget-container\">\n\t\t\t\t\t\t\t\t\t<p>Zus\u00e4tzlich zum Spanischkurs k\u00f6nnen die Sch\u00fcler einen Ausflug zu dem unglaublichen Wasserpark unserer Region unternehmen<strong>: Aqualandia in Benidorm<\/strong>.<\/p><p>Aqualandia ist bekannt f\u00fcr seine Auswahl an unterschiedlich hohen <strong>Highspeed-Wasserrutschen mit Nervenkitzel<\/strong>. Es gibt auch Wellenbecken und Bereiche mit interaktiven Wasserspielen.<\/p>\t\t\t\t\t\t\t\t<\/div>\n\t\t\t\t<\/div>\n\t\t\t\t\t<\/div>\n\t\t\t\t<\/div>\n\t\t<div class=\"elementor-element elementor-element-8f23977 e-flex e-con-boxed e-con e-parent\" data-id=\"8f23977\" data-element_type=\"container\" data-e-type=\"container\">\n\t\t\t\t\t<div class=\"e-con-inner\">\n\t\t\t\t<div class=\"elementor-element elementor-element-bebfb30 elementor-widget elementor-widget-image\" data-id=\"bebfb30\" data-element_type=\"widget\" data-e-type=\"widget\" data-widget_type=\"image.default\">\n\t\t\t\t<div class=\"elementor-widget-container\">\n\t\t\t\t\t\t\t\t\t\t\t\t\t\t\t<img decoding=\"async\" width=\"900\" height=\"600\" src=\"https:\/\/tlcdenia.com\/wp-content\/uploads\/2024\/01\/schulgruppen-aqualandia-7.jpg\" class=\"attachment-full size-full wp-image-80525\" alt=\"Aqualandia in Spanien\" srcset=\"https:\/\/tlcdenia.com\/wp-content\/uploads\/2024\/01\/schulgruppen-aqualandia-7.jpg 900w, https:\/\/tlcdenia.com\/wp-content\/uploads\/2024\/01\/schulgruppen-aqualandia-7-300x200.jpg 300w, https:\/\/tlcdenia.com\/wp-content\/uploads\/2024\/01\/schulgruppen-aqualandia-7-768x512.jpg 768w\" sizes=\"(max-width: 900px) 100vw, 900px\" \/>\t\t\t\t\t\t\t\t\t\t\t\t\t\t\t<\/div>\n\t\t\t\t<\/div>\n\t\t\t\t\t<\/div>\n\t\t\t\t<\/div>\n\t\t<div class=\"elementor-element elementor-element-d45adb7 e-flex e-con-boxed e-con e-parent\" data-id=\"d45adb7\" data-element_type=\"container\" data-e-type=\"container\">\n\t\t\t\t\t<div class=\"e-con-inner\">\n\t\t\t\t<div class=\"elementor-element elementor-element-52f542d elementor-widget elementor-widget-text-editor\" data-id=\"52f542d\" data-element_type=\"widget\" data-e-type=\"widget\" data-widget_type=\"text-editor.default\">\n\t\t\t\t<div class=\"elementor-widget-container\">\n\t\t\t\t\t\t\t\t\t<p>Die Attraktionen bieten eine adrenalingeladene Erfahrung f\u00fcr abenteuerlustige Sch\u00fcler. F\u00fcr diejenigen, die Entspannung bevorzugen, gibt es <strong>langsame Fl\u00fcsse zum Baden oder Spa-Becken<\/strong>. Au\u00dferdem gibt es Ruhezonen, Picknickbereiche sowie Restaurants und Cafeterias.<\/p><p>In Aqualandia k\u00f6nnen die Sch\u00fcler auch <strong>Themenevents<\/strong>, Partys und Wassershows genie\u00dfen. Auf dieser Exkursion mit Schulklassen verbringen wir den ganzen Tag in diesem Wasserpark, sodass alle den Park voll auskosten und sich mit ihren Mitsch\u00fclern und unseren Aktivit\u00e4tsleitern am\u00fcsieren k\u00f6nnen. Es ist ein spa\u00dfiger Tag voller Begeisterung und Lachen.<\/p>\t\t\t\t\t\t\t\t<\/div>\n\t\t\t\t<\/div>\n\t\t\t\t\t<\/div>\n\t\t\t\t<\/div>\n\t\t\t\t<section class=\"elementor-section elementor-top-section elementor-element elementor-element-6e347c3 elementor-section-boxed elementor-section-height-default elementor-section-height-default\" data-id=\"6e347c3\" data-element_type=\"section\" data-e-type=\"section\" data-settings=\"{&quot;background_background&quot;:&quot;classic&quot;}\">\n\t\t\t\t\t\t<div class=\"elementor-container elementor-column-gap-default\">\n\t\t\t\t\t<div class=\"elementor-column elementor-col-100 elementor-top-column elementor-element elementor-element-8baa738\" data-id=\"8baa738\" data-element_type=\"column\" data-e-type=\"column\">\n\t\t\t<div class=\"elementor-widget-wrap elementor-element-populated\">\n\t\t\t\t\t\t<div class=\"elementor-element elementor-element-09c50bd elementor-widget elementor-widget-heading\" data-id=\"09c50bd\" data-element_type=\"widget\" data-e-type=\"widget\" data-widget_type=\"heading.default\">\n\t\t\t\t<div class=\"elementor-widget-container\">\n\t\t\t\t\t<h3 class=\"elementor-heading-title elementor-size-default\">AUSFLUG NACH AQUALANDIA, BENIDORM<\/h3>\t\t\t\t<\/div>\n\t\t\t\t<\/div>\n\t\t\t\t\t<\/div>\n\t\t<\/div>\n\t\t\t\t\t<\/div>\n\t\t<\/section>\n\t\t\t\t<section class=\"elementor-section elementor-top-section elementor-element elementor-element-51c28e9 elementor-section-boxed elementor-section-height-default elementor-section-height-default\" data-id=\"51c28e9\" data-element_type=\"section\" data-e-type=\"section\">\n\t\t\t\t\t\t<div class=\"elementor-container elementor-column-gap-default\">\n\t\t\t\t\t<div class=\"elementor-column elementor-col-100 elementor-top-column elementor-element elementor-element-f8d240a\" data-id=\"f8d240a\" data-element_type=\"column\" data-e-type=\"column\">\n\t\t\t<div class=\"elementor-widget-wrap elementor-element-populated\">\n\t\t\t\t\t\t<div class=\"elementor-element elementor-element-60f2e79 elementor-widget elementor-widget-image-gallery\" data-id=\"60f2e79\" data-element_type=\"widget\" data-e-type=\"widget\" data-widget_type=\"image-gallery.default\">\n\t\t\t\t<div class=\"elementor-widget-container\">\n\t\t\t\t\t\t\t<div class=\"elementor-image-gallery\">\n\t\t\t<div id='gallery-1' class='gallery galleryid-80506 gallery-columns-4 gallery-size-thumbnail'><figure class='gallery-item'>\n\t\t\t<div class='gallery-icon landscape'>\n\t\t\t\t<a data-elementor-open-lightbox=\"yes\" data-elementor-lightbox-slideshow=\"60f2e79\" data-elementor-lightbox-title=\"schulgruppen-aqualandia-4\" data-e-action-hash=\"#elementor-action%3Aaction%3Dlightbox%26settings%3DeyJpZCI6ODA1NzMsInVybCI6Imh0dHBzOlwvXC90bGNkZW5pYS5jb21cL3dwLWNvbnRlbnRcL3VwbG9hZHNcLzIwMjRcLzAxXC9zY2h1bGdydXBwZW4tYXF1YWxhbmRpYS00LmpwZyIsInNsaWRlc2hvdyI6IjYwZjJlNzkifQ%3D%3D\" href='https:\/\/tlcdenia.com\/wp-content\/uploads\/2024\/01\/schulgruppen-aqualandia-4.jpg'><img loading=\"lazy\" decoding=\"async\" width=\"150\" height=\"150\" src=\"https:\/\/tlcdenia.com\/wp-content\/uploads\/2024\/01\/schulgruppen-aqualandia-4-150x150.jpg\" class=\"attachment-thumbnail size-thumbnail\" alt=\"Sch\u00fcler einer Schulgruppe rutschen im Aqualandia, Spanien, hinunter\" \/><\/a>\n\t\t\t<\/div><\/figure><figure class='gallery-item'>\n\t\t\t<div class='gallery-icon landscape'>\n\t\t\t\t<a data-elementor-open-lightbox=\"yes\" data-elementor-lightbox-slideshow=\"60f2e79\" data-elementor-lightbox-title=\"schulgruppen-aqualandia-3\" data-e-action-hash=\"#elementor-action%3Aaction%3Dlightbox%26settings%3DeyJpZCI6ODA1NjUsInVybCI6Imh0dHBzOlwvXC90bGNkZW5pYS5jb21cL3dwLWNvbnRlbnRcL3VwbG9hZHNcLzIwMjRcLzAxXC9zY2h1bGdydXBwZW4tYXF1YWxhbmRpYS0zLmpwZyIsInNsaWRlc2hvdyI6IjYwZjJlNzkifQ%3D%3D\" href='https:\/\/tlcdenia.com\/wp-content\/uploads\/2024\/01\/schulgruppen-aqualandia-3.jpg'><img loading=\"lazy\" decoding=\"async\" width=\"150\" height=\"150\" src=\"https:\/\/tlcdenia.com\/wp-content\/uploads\/2024\/01\/schulgruppen-aqualandia-3-150x150.jpg\" class=\"attachment-thumbnail size-thumbnail\" alt=\"Aqualandia in Spanien\" \/><\/a>\n\t\t\t<\/div><\/figure><figure class='gallery-item'>\n\t\t\t<div class='gallery-icon landscape'>\n\t\t\t\t<a data-elementor-open-lightbox=\"yes\" data-elementor-lightbox-slideshow=\"60f2e79\" data-elementor-lightbox-title=\"schulgruppen-aqualandia-2\" data-e-action-hash=\"#elementor-action%3Aaction%3Dlightbox%26settings%3DeyJpZCI6ODA1NTcsInVybCI6Imh0dHBzOlwvXC90bGNkZW5pYS5jb21cL3dwLWNvbnRlbnRcL3VwbG9hZHNcLzIwMjRcLzAxXC9zY2h1bGdydXBwZW4tYXF1YWxhbmRpYS0yLmpwZyIsInNsaWRlc2hvdyI6IjYwZjJlNzkifQ%3D%3D\" href='https:\/\/tlcdenia.com\/wp-content\/uploads\/2024\/01\/schulgruppen-aqualandia-2.jpg'><img loading=\"lazy\" decoding=\"async\" width=\"150\" height=\"150\" src=\"https:\/\/tlcdenia.com\/wp-content\/uploads\/2024\/01\/schulgruppen-aqualandia-2-150x150.jpg\" class=\"attachment-thumbnail size-thumbnail\" alt=\"Aqualandia in Spanien\" \/><\/a>\n\t\t\t<\/div><\/figure><figure class='gallery-item'>\n\t\t\t<div class='gallery-icon landscape'>\n\t\t\t\t<a data-elementor-open-lightbox=\"yes\" data-elementor-lightbox-slideshow=\"60f2e79\" data-elementor-lightbox-title=\"schulgruppen-aqualandia-1\" data-e-action-hash=\"#elementor-action%3Aaction%3Dlightbox%26settings%3DeyJpZCI6ODA1NDksInVybCI6Imh0dHBzOlwvXC90bGNkZW5pYS5jb21cL3dwLWNvbnRlbnRcL3VwbG9hZHNcLzIwMjRcLzAxXC9zY2h1bGdydXBwZW4tYXF1YWxhbmRpYS0xLmpwZyIsInNsaWRlc2hvdyI6IjYwZjJlNzkifQ%3D%3D\" href='https:\/\/tlcdenia.com\/wp-content\/uploads\/2024\/01\/schulgruppen-aqualandia-1.jpg'><img loading=\"lazy\" decoding=\"async\" width=\"150\" height=\"150\" src=\"https:\/\/tlcdenia.com\/wp-content\/uploads\/2024\/01\/schulgruppen-aqualandia-1-150x150.jpg\" class=\"attachment-thumbnail size-thumbnail\" alt=\"Schulgruppen im Aqualandia in Spanien\" srcset=\"https:\/\/tlcdenia.com\/wp-content\/uploads\/2024\/01\/schulgruppen-aqualandia-1-150x150.jpg 150w, https:\/\/tlcdenia.com\/wp-content\/uploads\/2024\/01\/schulgruppen-aqualandia-1-600x600.jpg 600w\" sizes=\"(max-width: 150px) 100vw, 150px\" \/><\/a>\n\t\t\t<\/div><\/figure><figure class='gallery-item'>\n\t\t\t<div class='gallery-icon landscape'>\n\t\t\t\t<a data-elementor-open-lightbox=\"yes\" data-elementor-lightbox-slideshow=\"60f2e79\" data-elementor-lightbox-title=\"schulgruppen-aqualandia-8\" data-e-action-hash=\"#elementor-action%3Aaction%3Dlightbox%26settings%3DeyJpZCI6ODA1MzMsInVybCI6Imh0dHBzOlwvXC90bGNkZW5pYS5jb21cL3dwLWNvbnRlbnRcL3VwbG9hZHNcLzIwMjRcLzAxXC9zY2h1bGdydXBwZW4tYXF1YWxhbmRpYS04LmpwZyIsInNsaWRlc2hvdyI6IjYwZjJlNzkifQ%3D%3D\" href='https:\/\/tlcdenia.com\/wp-content\/uploads\/2024\/01\/schulgruppen-aqualandia-8.jpg'><img loading=\"lazy\" decoding=\"async\" width=\"150\" height=\"150\" src=\"https:\/\/tlcdenia.com\/wp-content\/uploads\/2024\/01\/schulgruppen-aqualandia-8-150x150.jpg\" class=\"attachment-thumbnail size-thumbnail\" alt=\"Aqualandia in Spanien\" \/><\/a>\n\t\t\t<\/div><\/figure><figure class='gallery-item'>\n\t\t\t<div class='gallery-icon landscape'>\n\t\t\t\t<a data-elementor-open-lightbox=\"yes\" data-elementor-lightbox-slideshow=\"60f2e79\" data-elementor-lightbox-title=\"schulgruppen-aqualandia-7\" data-e-action-hash=\"#elementor-action%3Aaction%3Dlightbox%26settings%3DeyJpZCI6ODA1MjUsInVybCI6Imh0dHBzOlwvXC90bGNkZW5pYS5jb21cL3dwLWNvbnRlbnRcL3VwbG9hZHNcLzIwMjRcLzAxXC9zY2h1bGdydXBwZW4tYXF1YWxhbmRpYS03LmpwZyIsInNsaWRlc2hvdyI6IjYwZjJlNzkifQ%3D%3D\" href='https:\/\/tlcdenia.com\/wp-content\/uploads\/2024\/01\/schulgruppen-aqualandia-7.jpg'><img loading=\"lazy\" decoding=\"async\" width=\"150\" height=\"150\" src=\"https:\/\/tlcdenia.com\/wp-content\/uploads\/2024\/01\/schulgruppen-aqualandia-7-150x150.jpg\" class=\"attachment-thumbnail size-thumbnail\" alt=\"Aqualandia in Spanien\" \/><\/a>\n\t\t\t<\/div><\/figure><figure class='gallery-item'>\n\t\t\t<div class='gallery-icon landscape'>\n\t\t\t\t<a data-elementor-open-lightbox=\"yes\" data-elementor-lightbox-slideshow=\"60f2e79\" data-elementor-lightbox-title=\"schulgruppen-aqualandia-6\" data-e-action-hash=\"#elementor-action%3Aaction%3Dlightbox%26settings%3DeyJpZCI6ODA1MTcsInVybCI6Imh0dHBzOlwvXC90bGNkZW5pYS5jb21cL3dwLWNvbnRlbnRcL3VwbG9hZHNcLzIwMjRcLzAxXC9zY2h1bGdydXBwZW4tYXF1YWxhbmRpYS02LmpwZyIsInNsaWRlc2hvdyI6IjYwZjJlNzkifQ%3D%3D\" href='https:\/\/tlcdenia.com\/wp-content\/uploads\/2024\/01\/schulgruppen-aqualandia-6.jpg'><img loading=\"lazy\" decoding=\"async\" width=\"150\" height=\"150\" src=\"https:\/\/tlcdenia.com\/wp-content\/uploads\/2024\/01\/schulgruppen-aqualandia-6-150x150.jpg\" class=\"attachment-thumbnail size-thumbnail\" alt=\"Aqualandia in Spanien\" \/><\/a>\n\t\t\t<\/div><\/figure><figure class='gallery-item'>\n\t\t\t<div class='gallery-icon landscape'>\n\t\t\t\t<a data-elementor-open-lightbox=\"yes\" data-elementor-lightbox-slideshow=\"60f2e79\" data-elementor-lightbox-title=\"schulgruppen-aqualandia-5\" data-e-action-hash=\"#elementor-action%3Aaction%3Dlightbox%26settings%3DeyJpZCI6ODA1MDksInVybCI6Imh0dHBzOlwvXC90bGNkZW5pYS5jb21cL3dwLWNvbnRlbnRcL3VwbG9hZHNcLzIwMjRcLzAxXC9zY2h1bGdydXBwZW4tYXF1YWxhbmRpYS01LmpwZyIsInNsaWRlc2hvdyI6IjYwZjJlNzkifQ%3D%3D\" href='https:\/\/tlcdenia.com\/wp-content\/uploads\/2024\/01\/schulgruppen-aqualandia-5.jpg'><img loading=\"lazy\" decoding=\"async\" width=\"150\" height=\"150\" src=\"https:\/\/tlcdenia.com\/wp-content\/uploads\/2024\/01\/schulgruppen-aqualandia-5-150x150.jpg\" class=\"attachment-thumbnail size-thumbnail\" alt=\"Sch\u00fcler einer Schulgruppe rutschen im Aqualandia, Spanien, hinunter\" \/><\/a>\n\t\t\t<\/div><\/figure>\n\t\t<\/div>\n\t\t<\/div>\n\t\t\t\t\t\t<\/div>\n\t\t\t\t<\/div>\n\t\t\t\t\t<\/div>\n\t\t<\/div>\n\t\t\t\t\t<\/div>\n\t\t<\/section>\n\t\t\t\t<\/div>\n\t\t","protected":false},"excerpt":{"rendered":"<p>Wir, bei TLCd\u00e9nia, glauben, dass Lernen eine vergn\u00fcgliche und genussvolle Erfahrung sein sollte. Unser Programm ist so gestaltet, dass Sch\u00fcler voll und ganz ins Spanische eintauchen k\u00f6nnen und so die einzigartige Gelegenheit erfahren, mit einer Kombination aus Spa\u00df und Unterhaltung &hellip; <\/p>\n","protected":false},"author":4,"featured_media":80549,"parent":0,"menu_order":0,"comment_status":"closed","ping_status":"closed","template":"page-templates\/page-spanishcourses.php","meta":{"_acf_changed":false,"footnotes":""},"class_list":["post-80506","page","type-page","status-publish","has-post-thumbnail","hentry"],"acf":[],"yoast_head":"<!-- This site is optimized with the Yoast SEO plugin v26.9 - https:\/\/yoast.com\/product\/yoast-seo-wordpress\/ -->\n<title>Spanisch f\u00fcr Schulgruppen in Spanien: Ausflug nach Aqualandia<\/title>\n<meta name=\"description\" content=\"Das Spanischprogramm f\u00fcr Schulgruppen in Spanien bietet die M\u00f6glichkeit, den Wasserpark Aqualandia in Benidorm zu besuchen.\" \/>\n<meta name=\"robots\" content=\"index, follow, max-snippet:-1, max-image-preview:large, max-video-preview:-1\" \/>\n<link rel=\"canonical\" href=\"https:\/\/tlcdenia.com\/de\/ausflug-aqualandia-schulgruppen\/\" \/>\n<meta property=\"og:locale\" content=\"de_DE\" \/>\n<meta property=\"og:type\" content=\"article\" \/>\n<meta property=\"og:title\" content=\"Spanisch f\u00fcr Schulgruppen in Spanien: Ausflug nach Aqualandia\" \/>\n<meta property=\"og:description\" content=\"Das Spanischprogramm f\u00fcr Schulgruppen in Spanien bietet die M\u00f6glichkeit, den Wasserpark Aqualandia in Benidorm zu besuchen.\" \/>\n<meta property=\"og:url\" content=\"https:\/\/tlcdenia.com\/de\/ausflug-aqualandia-schulgruppen\/\" \/>\n<meta property=\"og:site_name\" content=\"TLCd\u00e9nia Schule \u2013 Offizielle Website\" \/>\n<meta property=\"article:modified_time\" content=\"2024-02-01T10:41:24+00:00\" \/>\n<meta property=\"og:image\" content=\"https:\/\/tlcdenia.com\/wp-content\/uploads\/2024\/01\/schulgruppen-aqualandia-1.jpg\" \/>\n\t<meta property=\"og:image:width\" content=\"900\" \/>\n\t<meta property=\"og:image:height\" content=\"600\" \/>\n\t<meta property=\"og:image:type\" content=\"image\/jpeg\" \/>\n<meta name=\"twitter:card\" content=\"summary_large_image\" \/>\n<meta name=\"twitter:label1\" content=\"Gesch\u00e4tzte Lesezeit\" \/>\n\t<meta name=\"twitter:data1\" content=\"4\u00a0Minuten\" \/>\n<script type=\"application\/ld+json\" class=\"yoast-schema-graph\">{\"@context\":\"https:\/\/schema.org\",\"@graph\":[{\"@type\":\"WebPage\",\"@id\":\"https:\/\/tlcdenia.com\/de\/ausflug-aqualandia-schulgruppen\/\",\"url\":\"https:\/\/tlcdenia.com\/de\/ausflug-aqualandia-schulgruppen\/\",\"name\":\"Spanisch f\u00fcr Schulgruppen in Spanien: Ausflug nach Aqualandia\",\"isPartOf\":{\"@id\":\"https:\/\/tlcdenia.com\/de\/#website\"},\"primaryImageOfPage\":{\"@id\":\"https:\/\/tlcdenia.com\/de\/ausflug-aqualandia-schulgruppen\/#primaryimage\"},\"image\":{\"@id\":\"https:\/\/tlcdenia.com\/de\/ausflug-aqualandia-schulgruppen\/#primaryimage\"},\"thumbnailUrl\":\"https:\/\/tlcdenia.com\/wp-content\/uploads\/2024\/01\/schulgruppen-aqualandia-1.jpg\",\"datePublished\":\"2024-01-31T09:31:51+00:00\",\"dateModified\":\"2024-02-01T10:41:24+00:00\",\"description\":\"Das Spanischprogramm f\u00fcr Schulgruppen in Spanien bietet die M\u00f6glichkeit, den Wasserpark Aqualandia in Benidorm zu besuchen.\",\"breadcrumb\":{\"@id\":\"https:\/\/tlcdenia.com\/de\/ausflug-aqualandia-schulgruppen\/#breadcrumb\"},\"inLanguage\":\"de\",\"potentialAction\":[{\"@type\":\"ReadAction\",\"target\":[\"https:\/\/tlcdenia.com\/de\/ausflug-aqualandia-schulgruppen\/\"]}]},{\"@type\":\"ImageObject\",\"inLanguage\":\"de\",\"@id\":\"https:\/\/tlcdenia.com\/de\/ausflug-aqualandia-schulgruppen\/#primaryimage\",\"url\":\"https:\/\/tlcdenia.com\/wp-content\/uploads\/2024\/01\/schulgruppen-aqualandia-1.jpg\",\"contentUrl\":\"https:\/\/tlcdenia.com\/wp-content\/uploads\/2024\/01\/schulgruppen-aqualandia-1.jpg\",\"width\":900,\"height\":600,\"caption\":\"Schulgruppen im Aqualandia in Spanien\"},{\"@type\":\"BreadcrumbList\",\"@id\":\"https:\/\/tlcdenia.com\/de\/ausflug-aqualandia-schulgruppen\/#breadcrumb\",\"itemListElement\":[{\"@type\":\"ListItem\",\"position\":1,\"name\":\"Home\",\"item\":\"https:\/\/tlcdenia.com\/de\/\"},{\"@type\":\"ListItem\",\"position\":2,\"name\":\"Ausflug nach Aqualandia f\u00fcr Schulgruppen\"}]},{\"@type\":\"WebSite\",\"@id\":\"https:\/\/tlcdenia.com\/de\/#website\",\"url\":\"https:\/\/tlcdenia.com\/de\/\",\"name\":\"TLCd\u00e9nia Schule \u2013 Offizielle Website\",\"description\":\"Languages Center\",\"potentialAction\":[{\"@type\":\"SearchAction\",\"target\":{\"@type\":\"EntryPoint\",\"urlTemplate\":\"https:\/\/tlcdenia.com\/de\/?s={search_term_string}\"},\"query-input\":{\"@type\":\"PropertyValueSpecification\",\"valueRequired\":true,\"valueName\":\"search_term_string\"}}],\"inLanguage\":\"de\"}]}<\/script>\n<!-- \/ Yoast SEO plugin. -->","yoast_head_json":{"title":"Spanisch f\u00fcr Schulgruppen in Spanien: Ausflug nach Aqualandia","description":"Das Spanischprogramm f\u00fcr Schulgruppen in Spanien bietet die M\u00f6glichkeit, den Wasserpark Aqualandia in Benidorm zu besuchen.","robots":{"index":"index","follow":"follow","max-snippet":"max-snippet:-1","max-image-preview":"max-image-preview:large","max-video-preview":"max-video-preview:-1"},"canonical":"https:\/\/tlcdenia.com\/de\/ausflug-aqualandia-schulgruppen\/","og_locale":"de_DE","og_type":"article","og_title":"Spanisch f\u00fcr Schulgruppen in Spanien: Ausflug nach Aqualandia","og_description":"Das Spanischprogramm f\u00fcr Schulgruppen in Spanien bietet die M\u00f6glichkeit, den Wasserpark Aqualandia in Benidorm zu besuchen.","og_url":"https:\/\/tlcdenia.com\/de\/ausflug-aqualandia-schulgruppen\/","og_site_name":"TLCd\u00e9nia Schule \u2013 Offizielle Website","article_modified_time":"2024-02-01T10:41:24+00:00","og_image":[{"width":900,"height":600,"url":"https:\/\/tlcdenia.com\/wp-content\/uploads\/2024\/01\/schulgruppen-aqualandia-1.jpg","type":"image\/jpeg"}],"twitter_card":"summary_large_image","twitter_misc":{"Gesch\u00e4tzte Lesezeit":"4\u00a0Minuten"},"schema":{"@context":"https:\/\/schema.org","@graph":[{"@type":"WebPage","@id":"https:\/\/tlcdenia.com\/de\/ausflug-aqualandia-schulgruppen\/","url":"https:\/\/tlcdenia.com\/de\/ausflug-aqualandia-schulgruppen\/","name":"Spanisch f\u00fcr Schulgruppen in Spanien: Ausflug nach Aqualandia","isPartOf":{"@id":"https:\/\/tlcdenia.com\/de\/#website"},"primaryImageOfPage":{"@id":"https:\/\/tlcdenia.com\/de\/ausflug-aqualandia-schulgruppen\/#primaryimage"},"image":{"@id":"https:\/\/tlcdenia.com\/de\/ausflug-aqualandia-schulgruppen\/#primaryimage"},"thumbnailUrl":"https:\/\/tlcdenia.com\/wp-content\/uploads\/2024\/01\/schulgruppen-aqualandia-1.jpg","datePublished":"2024-01-31T09:31:51+00:00","dateModified":"2024-02-01T10:41:24+00:00","description":"Das Spanischprogramm f\u00fcr Schulgruppen in Spanien bietet die M\u00f6glichkeit, den Wasserpark Aqualandia in Benidorm zu besuchen.","breadcrumb":{"@id":"https:\/\/tlcdenia.com\/de\/ausflug-aqualandia-schulgruppen\/#breadcrumb"},"inLanguage":"de","potentialAction":[{"@type":"ReadAction","target":["https:\/\/tlcdenia.com\/de\/ausflug-aqualandia-schulgruppen\/"]}]},{"@type":"ImageObject","inLanguage":"de","@id":"https:\/\/tlcdenia.com\/de\/ausflug-aqualandia-schulgruppen\/#primaryimage","url":"https:\/\/tlcdenia.com\/wp-content\/uploads\/2024\/01\/schulgruppen-aqualandia-1.jpg","contentUrl":"https:\/\/tlcdenia.com\/wp-content\/uploads\/2024\/01\/schulgruppen-aqualandia-1.jpg","width":900,"height":600,"caption":"Schulgruppen im Aqualandia in Spanien"},{"@type":"BreadcrumbList","@id":"https:\/\/tlcdenia.com\/de\/ausflug-aqualandia-schulgruppen\/#breadcrumb","itemListElement":[{"@type":"ListItem","position":1,"name":"Home","item":"https:\/\/tlcdenia.com\/de\/"},{"@type":"ListItem","position":2,"name":"Ausflug nach Aqualandia f\u00fcr Schulgruppen"}]},{"@type":"WebSite","@id":"https:\/\/tlcdenia.com\/de\/#website","url":"https:\/\/tlcdenia.com\/de\/","name":"TLCd\u00e9nia Schule \u2013 Offizielle Website","description":"Languages Center","potentialAction":[{"@type":"SearchAction","target":{"@type":"EntryPoint","urlTemplate":"https:\/\/tlcdenia.com\/de\/?s={search_term_string}"},"query-input":{"@type":"PropertyValueSpecification","valueRequired":true,"valueName":"search_term_string"}}],"inLanguage":"de"}]}},"_links":{"self":[{"href":"https:\/\/tlcdenia.com\/de\/wp-json\/wp\/v2\/pages\/80506","targetHints":{"allow":["GET"]}}],"collection":[{"href":"https:\/\/tlcdenia.com\/de\/wp-json\/wp\/v2\/pages"}],"about":[{"href":"https:\/\/tlcdenia.com\/de\/wp-json\/wp\/v2\/types\/page"}],"author":[{"embeddable":true,"href":"https:\/\/tlcdenia.com\/de\/wp-json\/wp\/v2\/users\/4"}],"replies":[{"embeddable":true,"href":"https:\/\/tlcdenia.com\/de\/wp-json\/wp\/v2\/comments?post=80506"}],"version-history":[{"count":5,"href":"https:\/\/tlcdenia.com\/de\/wp-json\/wp\/v2\/pages\/80506\/revisions"}],"predecessor-version":[{"id":80914,"href":"https:\/\/tlcdenia.com\/de\/wp-json\/wp\/v2\/pages\/80506\/revisions\/80914"}],"wp:featuredmedia":[{"embeddable":true,"href":"https:\/\/tlcdenia.com\/de\/wp-json\/wp\/v2\/media\/80549"}],"wp:attachment":[{"href":"https:\/\/tlcdenia.com\/de\/wp-json\/wp\/v2\/media?parent=80506"}],"curies":[{"name":"wp","href":"https:\/\/api.w.org\/{rel}","templated":true}]}}