{"id":80187,"date":"2024-01-31T09:04:44","date_gmt":"2024-01-31T09:04:44","guid":{"rendered":"https:\/\/tlcdenia.com\/?page_id=80187"},"modified":"2024-02-01T10:23:15","modified_gmt":"2024-02-01T10:23:15","slug":"ausflug-fonts-de-lalgar-schulgruppen","status":"publish","type":"page","link":"https:\/\/tlcdenia.com\/de\/ausflug-fonts-de-lalgar-schulgruppen\/","title":{"rendered":"Ausflug zu den Fonts de l\u2019Algar f\u00fcr Schulgruppen"},"content":{"rendered":"\t\t<div data-elementor-type=\"wp-page\" data-elementor-id=\"80187\" class=\"elementor elementor-80187\" data-elementor-post-type=\"page\">\n\t\t\t\t<div class=\"elementor-element elementor-element-8436966 e-flex e-con-boxed e-con e-parent\" data-id=\"8436966\" data-element_type=\"container\" data-e-type=\"container\">\n\t\t\t\t\t<div class=\"e-con-inner\">\n\t\t\t\t<div class=\"elementor-element elementor-element-43c8a27 elementor-widget elementor-widget-image\" data-id=\"43c8a27\" data-element_type=\"widget\" data-e-type=\"widget\" data-widget_type=\"image.default\">\n\t\t\t\t<div class=\"elementor-widget-container\">\n\t\t\t\t\t\t\t\t\t\t\t\t\t\t\t<img fetchpriority=\"high\" decoding=\"async\" width=\"900\" height=\"600\" src=\"https:\/\/tlcdenia.com\/wp-content\/uploads\/2024\/01\/schulgruppen-fonts-8.jpg\" class=\"attachment-full size-full wp-image-80246\" alt=\"Schulgruppensch\u00fcler in einem Wasserfall in Spanien\" srcset=\"https:\/\/tlcdenia.com\/wp-content\/uploads\/2024\/01\/schulgruppen-fonts-8.jpg 900w, https:\/\/tlcdenia.com\/wp-content\/uploads\/2024\/01\/schulgruppen-fonts-8-300x200.jpg 300w, https:\/\/tlcdenia.com\/wp-content\/uploads\/2024\/01\/schulgruppen-fonts-8-768x512.jpg 768w, https:\/\/tlcdenia.com\/wp-content\/uploads\/2024\/01\/schulgruppen-fonts-8-600x400.jpg 600w\" sizes=\"(max-width: 900px) 100vw, 900px\" \/>\t\t\t\t\t\t\t\t\t\t\t\t\t\t\t<\/div>\n\t\t\t\t<\/div>\n\t\t\t\t\t<\/div>\n\t\t\t\t<\/div>\n\t\t<div class=\"elementor-element elementor-element-df917e9 e-flex e-con-boxed e-con e-parent\" data-id=\"df917e9\" data-element_type=\"container\" data-e-type=\"container\">\n\t\t\t\t\t<div class=\"e-con-inner\">\n\t\t\t\t<div class=\"elementor-element elementor-element-4c80eac elementor-widget elementor-widget-text-editor\" data-id=\"4c80eac\" data-element_type=\"widget\" data-e-type=\"widget\" data-widget_type=\"text-editor.default\">\n\t\t\t\t<div class=\"elementor-widget-container\">\n\t\t\t\t\t\t\t\t\t<p>F\u00fcr unsere Sch\u00fcler organisieren wir einen <strong>Ausflug zu Les Fonts de l&#8217;Algar<\/strong>, einem Wasserparadies im Landesinneren der Provinz Alicante.<\/p><p>W\u00e4hrend dieser Exkursion haben die Sch\u00fcler die M\u00f6glichkeit, <strong>die atemberaubenden Wasserf\u00e4lle und Schwimmbiotope<\/strong> der Les Fonts de l&#8217;Algar zu erkunden und zu genie\u00dfen. Das kristallklare und erfrischende Wasser ist an hei\u00dfen Sommertagen perfekt, um baden zu gehen und sich abzuk\u00fchlen. Die Sch\u00fcler k\u00f6nnen in die unber\u00fchrten Naturbecken eintauchen und sich entspannen, w\u00e4hrend sie in die Sch\u00f6nheit der umliegenden Landschaft bestaunen.<\/p>\t\t\t\t\t\t\t\t<\/div>\n\t\t\t\t<\/div>\n\t\t\t\t\t<\/div>\n\t\t\t\t<\/div>\n\t\t<div class=\"elementor-element elementor-element-dd913b0 e-flex e-con-boxed e-con e-parent\" data-id=\"dd913b0\" data-element_type=\"container\" data-e-type=\"container\">\n\t\t\t\t\t<div class=\"e-con-inner\">\n\t\t\t\t<div class=\"elementor-element elementor-element-481528f elementor-widget elementor-widget-image\" data-id=\"481528f\" data-element_type=\"widget\" data-e-type=\"widget\" data-widget_type=\"image.default\">\n\t\t\t\t<div class=\"elementor-widget-container\">\n\t\t\t\t\t\t\t\t\t\t\t\t\t\t\t<img decoding=\"async\" width=\"900\" height=\"600\" src=\"https:\/\/tlcdenia.com\/wp-content\/uploads\/2024\/01\/schulgruppen-fonts-2.jpg\" class=\"attachment-full size-full wp-image-80198\" alt=\"2 Sch\u00fcler springen ins Wasser\" srcset=\"https:\/\/tlcdenia.com\/wp-content\/uploads\/2024\/01\/schulgruppen-fonts-2.jpg 900w, https:\/\/tlcdenia.com\/wp-content\/uploads\/2024\/01\/schulgruppen-fonts-2-300x200.jpg 300w, https:\/\/tlcdenia.com\/wp-content\/uploads\/2024\/01\/schulgruppen-fonts-2-768x512.jpg 768w\" sizes=\"(max-width: 900px) 100vw, 900px\" \/>\t\t\t\t\t\t\t\t\t\t\t\t\t\t\t<\/div>\n\t\t\t\t<\/div>\n\t\t\t\t\t<\/div>\n\t\t\t\t<\/div>\n\t\t<div class=\"elementor-element elementor-element-f767ecd e-flex e-con-boxed e-con e-parent\" data-id=\"f767ecd\" data-element_type=\"container\" data-e-type=\"container\">\n\t\t\t\t\t<div class=\"e-con-inner\">\n\t\t\t\t<div class=\"elementor-element elementor-element-812fca9 elementor-widget elementor-widget-text-editor\" data-id=\"812fca9\" data-element_type=\"widget\" data-e-type=\"widget\" data-widget_type=\"text-editor.default\">\n\t\t\t\t<div class=\"elementor-widget-container\">\n\t\t\t\t\t\t\t\t\t<p>Neben dem Schwimmen k\u00f6nnen sie auch die Naturpfade erkunden, die sich entlang des Flusses Algar schl\u00e4ngeln. Sie k\u00f6nnen auf Wegen inmitten exotischer Vegetation spazieren gehen und die einheimische Flora und Tierwelt der Region entdecken. Es ist ein idealer Ort f\u00fcr <strong>Naturliebhaber und Fotografen<\/strong>, da jede Ecke eine einzigartige Gelegenheit bietet, fantastische Bilder aufzunehmen.<\/p><p>Nach der Erkundung und dem Schwimmen k\u00f6nnen sie ein sch\u00f6nes <strong>Picknick inmitten der Natur<\/strong> machen.<\/p>\t\t\t\t\t\t\t\t<\/div>\n\t\t\t\t<\/div>\n\t\t\t\t\t<\/div>\n\t\t\t\t<\/div>\n\t\t<div class=\"elementor-element elementor-element-e6369b0 e-flex e-con-boxed e-con e-parent\" data-id=\"e6369b0\" data-element_type=\"container\" data-e-type=\"container\">\n\t\t\t\t\t<div class=\"e-con-inner\">\n\t\t\t\t<div class=\"elementor-element elementor-element-ec1d5d9 elementor-widget elementor-widget-image\" data-id=\"ec1d5d9\" data-element_type=\"widget\" data-e-type=\"widget\" data-widget_type=\"image.default\">\n\t\t\t\t<div class=\"elementor-widget-container\">\n\t\t\t\t\t\t\t\t\t\t\t\t\t\t\t<img decoding=\"async\" width=\"900\" height=\"600\" src=\"https:\/\/tlcdenia.com\/wp-content\/uploads\/2024\/01\/schulgruppen-fonts-6.jpg\" class=\"attachment-full size-full wp-image-80230\" alt=\"Fonts del Algar in Spanien\" srcset=\"https:\/\/tlcdenia.com\/wp-content\/uploads\/2024\/01\/schulgruppen-fonts-6.jpg 900w, https:\/\/tlcdenia.com\/wp-content\/uploads\/2024\/01\/schulgruppen-fonts-6-300x200.jpg 300w, https:\/\/tlcdenia.com\/wp-content\/uploads\/2024\/01\/schulgruppen-fonts-6-768x512.jpg 768w\" sizes=\"(max-width: 900px) 100vw, 900px\" \/>\t\t\t\t\t\t\t\t\t\t\t\t\t\t\t<\/div>\n\t\t\t\t<\/div>\n\t\t\t\t\t<\/div>\n\t\t\t\t<\/div>\n\t\t<div class=\"elementor-element elementor-element-55231a6 e-flex e-con-boxed e-con e-parent\" data-id=\"55231a6\" data-element_type=\"container\" data-e-type=\"container\">\n\t\t\t\t\t<div class=\"e-con-inner\">\n\t\t\t\t<div class=\"elementor-element elementor-element-a1a9a43 elementor-widget elementor-widget-text-editor\" data-id=\"a1a9a43\" data-element_type=\"widget\" data-e-type=\"widget\" data-widget_type=\"text-editor.default\">\n\t\t\t\t<div class=\"elementor-widget-container\">\n\t\t\t\t\t\t\t\t\t<p>Les Fonts de l&#8217;Algar sind ein Naturjuwel, das die Sch\u00fcler sich nicht entgehen lassen sollten. Mit ihren beeindruckenden Wasserf\u00e4llen, Schwimmbiotopen und Schl\u00e4ngelpfaden k\u00f6nnen sie in einer ruhigen und bezaubernden Umgebung entspannen.<\/p><p>In diesem Wasserparadies werden die Sch\u00fcler unvergessliche Erinnerungen schaffen!<\/p>\t\t\t\t\t\t\t\t<\/div>\n\t\t\t\t<\/div>\n\t\t\t\t\t<\/div>\n\t\t\t\t<\/div>\n\t\t\t\t<section class=\"elementor-section elementor-top-section elementor-element elementor-element-892cffb elementor-section-boxed elementor-section-height-default elementor-section-height-default\" data-id=\"892cffb\" data-element_type=\"section\" data-e-type=\"section\" data-settings=\"{&quot;background_background&quot;:&quot;classic&quot;}\">\n\t\t\t\t\t\t<div class=\"elementor-container elementor-column-gap-default\">\n\t\t\t\t\t<div class=\"elementor-column elementor-col-100 elementor-top-column elementor-element elementor-element-437eca6\" data-id=\"437eca6\" data-element_type=\"column\" data-e-type=\"column\">\n\t\t\t<div class=\"elementor-widget-wrap elementor-element-populated\">\n\t\t\t\t\t\t<div class=\"elementor-element elementor-element-0eb8ad8 elementor-widget elementor-widget-heading\" data-id=\"0eb8ad8\" data-element_type=\"widget\" data-e-type=\"widget\" data-widget_type=\"heading.default\">\n\t\t\t\t<div class=\"elementor-widget-container\">\n\t\t\t\t\t<h3 class=\"elementor-heading-title elementor-size-default\">AUSFLUG ZU FONTS DE L'ALGAR\u200b<\/h3>\t\t\t\t<\/div>\n\t\t\t\t<\/div>\n\t\t\t\t\t<\/div>\n\t\t<\/div>\n\t\t\t\t\t<\/div>\n\t\t<\/section>\n\t\t\t\t<section class=\"elementor-section elementor-top-section elementor-element elementor-element-92687a7 elementor-section-boxed elementor-section-height-default elementor-section-height-default\" data-id=\"92687a7\" data-element_type=\"section\" data-e-type=\"section\">\n\t\t\t\t\t\t<div class=\"elementor-container elementor-column-gap-default\">\n\t\t\t\t\t<div class=\"elementor-column elementor-col-100 elementor-top-column elementor-element elementor-element-f2ec6bb\" data-id=\"f2ec6bb\" data-element_type=\"column\" data-e-type=\"column\">\n\t\t\t<div class=\"elementor-widget-wrap elementor-element-populated\">\n\t\t\t\t\t\t<div class=\"elementor-element elementor-element-92f207e elementor-widget elementor-widget-image-gallery\" data-id=\"92f207e\" data-element_type=\"widget\" data-e-type=\"widget\" data-widget_type=\"image-gallery.default\">\n\t\t\t\t<div class=\"elementor-widget-container\">\n\t\t\t\t\t\t\t<div class=\"elementor-image-gallery\">\n\t\t\t<div id='gallery-1' class='gallery galleryid-80187 gallery-columns-4 gallery-size-thumbnail'><figure class='gallery-item'>\n\t\t\t<div class='gallery-icon landscape'>\n\t\t\t\t<a data-elementor-open-lightbox=\"yes\" data-elementor-lightbox-slideshow=\"92f207e\" data-elementor-lightbox-title=\"schulgruppen-fonts-10\" data-e-action-hash=\"#elementor-action%3Aaction%3Dlightbox%26settings%3DeyJpZCI6ODAyNjIsInVybCI6Imh0dHBzOlwvXC90bGNkZW5pYS5jb21cL3dwLWNvbnRlbnRcL3VwbG9hZHNcLzIwMjRcLzAxXC9zY2h1bGdydXBwZW4tZm9udHMtMTAuanBnIiwic2xpZGVzaG93IjoiOTJmMjA3ZSJ9\" href='https:\/\/tlcdenia.com\/wp-content\/uploads\/2024\/01\/schulgruppen-fonts-10.jpg'><img loading=\"lazy\" decoding=\"async\" width=\"150\" height=\"150\" src=\"https:\/\/tlcdenia.com\/wp-content\/uploads\/2024\/01\/schulgruppen-fonts-10-150x150.jpg\" class=\"attachment-thumbnail size-thumbnail\" alt=\"Schulgruppensch\u00fcler in einem Wasserfall in Spanien\" \/><\/a>\n\t\t\t<\/div><\/figure><figure class='gallery-item'>\n\t\t\t<div class='gallery-icon landscape'>\n\t\t\t\t<a data-elementor-open-lightbox=\"yes\" data-elementor-lightbox-slideshow=\"92f207e\" data-elementor-lightbox-title=\"schulgruppen-fonts-9\" data-e-action-hash=\"#elementor-action%3Aaction%3Dlightbox%26settings%3DeyJpZCI6ODAyNTQsInVybCI6Imh0dHBzOlwvXC90bGNkZW5pYS5jb21cL3dwLWNvbnRlbnRcL3VwbG9hZHNcLzIwMjRcLzAxXC9zY2h1bGdydXBwZW4tZm9udHMtOS5qcGciLCJzbGlkZXNob3ciOiI5MmYyMDdlIn0%3D\" href='https:\/\/tlcdenia.com\/wp-content\/uploads\/2024\/01\/schulgruppen-fonts-9.jpg'><img loading=\"lazy\" decoding=\"async\" width=\"150\" height=\"150\" src=\"https:\/\/tlcdenia.com\/wp-content\/uploads\/2024\/01\/schulgruppen-fonts-9-150x150.jpg\" class=\"attachment-thumbnail size-thumbnail\" alt=\"Sch\u00fcler einer Schulgruppe baden in Fonts del Algar in Spanien\" \/><\/a>\n\t\t\t<\/div><\/figure><figure class='gallery-item'>\n\t\t\t<div class='gallery-icon landscape'>\n\t\t\t\t<a data-elementor-open-lightbox=\"yes\" data-elementor-lightbox-slideshow=\"92f207e\" data-elementor-lightbox-title=\"schulgruppen-fonts-8\" data-e-action-hash=\"#elementor-action%3Aaction%3Dlightbox%26settings%3DeyJpZCI6ODAyNDYsInVybCI6Imh0dHBzOlwvXC90bGNkZW5pYS5jb21cL3dwLWNvbnRlbnRcL3VwbG9hZHNcLzIwMjRcLzAxXC9zY2h1bGdydXBwZW4tZm9udHMtOC5qcGciLCJzbGlkZXNob3ciOiI5MmYyMDdlIn0%3D\" href='https:\/\/tlcdenia.com\/wp-content\/uploads\/2024\/01\/schulgruppen-fonts-8.jpg'><img loading=\"lazy\" decoding=\"async\" width=\"150\" height=\"150\" src=\"https:\/\/tlcdenia.com\/wp-content\/uploads\/2024\/01\/schulgruppen-fonts-8-150x150.jpg\" class=\"attachment-thumbnail size-thumbnail\" alt=\"Schulgruppensch\u00fcler in einem Wasserfall in Spanien\" srcset=\"https:\/\/tlcdenia.com\/wp-content\/uploads\/2024\/01\/schulgruppen-fonts-8-150x150.jpg 150w, https:\/\/tlcdenia.com\/wp-content\/uploads\/2024\/01\/schulgruppen-fonts-8-600x600.jpg 600w\" sizes=\"(max-width: 150px) 100vw, 150px\" \/><\/a>\n\t\t\t<\/div><\/figure><figure class='gallery-item'>\n\t\t\t<div class='gallery-icon landscape'>\n\t\t\t\t<a data-elementor-open-lightbox=\"yes\" data-elementor-lightbox-slideshow=\"92f207e\" data-elementor-lightbox-title=\"schulgruppen-fonts-7\" data-e-action-hash=\"#elementor-action%3Aaction%3Dlightbox%26settings%3DeyJpZCI6ODAyMzgsInVybCI6Imh0dHBzOlwvXC90bGNkZW5pYS5jb21cL3dwLWNvbnRlbnRcL3VwbG9hZHNcLzIwMjRcLzAxXC9zY2h1bGdydXBwZW4tZm9udHMtNy5qcGciLCJzbGlkZXNob3ciOiI5MmYyMDdlIn0%3D\" href='https:\/\/tlcdenia.com\/wp-content\/uploads\/2024\/01\/schulgruppen-fonts-7.jpg'><img loading=\"lazy\" decoding=\"async\" width=\"150\" height=\"150\" src=\"https:\/\/tlcdenia.com\/wp-content\/uploads\/2024\/01\/schulgruppen-fonts-7-150x150.jpg\" class=\"attachment-thumbnail size-thumbnail\" alt=\"Sch\u00fcler einer Schulgruppe baden in Fonts del Algar in Spanien\" \/><\/a>\n\t\t\t<\/div><\/figure><figure class='gallery-item'>\n\t\t\t<div class='gallery-icon landscape'>\n\t\t\t\t<a data-elementor-open-lightbox=\"yes\" data-elementor-lightbox-slideshow=\"92f207e\" data-elementor-lightbox-title=\"schulgruppen-fonts-6\" data-e-action-hash=\"#elementor-action%3Aaction%3Dlightbox%26settings%3DeyJpZCI6ODAyMzAsInVybCI6Imh0dHBzOlwvXC90bGNkZW5pYS5jb21cL3dwLWNvbnRlbnRcL3VwbG9hZHNcLzIwMjRcLzAxXC9zY2h1bGdydXBwZW4tZm9udHMtNi5qcGciLCJzbGlkZXNob3ciOiI5MmYyMDdlIn0%3D\" href='https:\/\/tlcdenia.com\/wp-content\/uploads\/2024\/01\/schulgruppen-fonts-6.jpg'><img loading=\"lazy\" decoding=\"async\" width=\"150\" height=\"150\" src=\"https:\/\/tlcdenia.com\/wp-content\/uploads\/2024\/01\/schulgruppen-fonts-6-150x150.jpg\" class=\"attachment-thumbnail size-thumbnail\" alt=\"Fonts del Algar in Spanien\" \/><\/a>\n\t\t\t<\/div><\/figure><figure class='gallery-item'>\n\t\t\t<div class='gallery-icon landscape'>\n\t\t\t\t<a data-elementor-open-lightbox=\"yes\" data-elementor-lightbox-slideshow=\"92f207e\" data-elementor-lightbox-title=\"schulgruppen-fonts-5\" data-e-action-hash=\"#elementor-action%3Aaction%3Dlightbox%26settings%3DeyJpZCI6ODAyMjIsInVybCI6Imh0dHBzOlwvXC90bGNkZW5pYS5jb21cL3dwLWNvbnRlbnRcL3VwbG9hZHNcLzIwMjRcLzAxXC9zY2h1bGdydXBwZW4tZm9udHMtNS5qcGciLCJzbGlkZXNob3ciOiI5MmYyMDdlIn0%3D\" href='https:\/\/tlcdenia.com\/wp-content\/uploads\/2024\/01\/schulgruppen-fonts-5.jpg'><img loading=\"lazy\" decoding=\"async\" width=\"150\" height=\"150\" src=\"https:\/\/tlcdenia.com\/wp-content\/uploads\/2024\/01\/schulgruppen-fonts-5-150x150.jpg\" class=\"attachment-thumbnail size-thumbnail\" alt=\"Studenten sitzen in Fonts del Algar in Spanien\" \/><\/a>\n\t\t\t<\/div><\/figure><figure class='gallery-item'>\n\t\t\t<div class='gallery-icon landscape'>\n\t\t\t\t<a data-elementor-open-lightbox=\"yes\" data-elementor-lightbox-slideshow=\"92f207e\" data-elementor-lightbox-title=\"schulgruppen-fonts-4\" data-e-action-hash=\"#elementor-action%3Aaction%3Dlightbox%26settings%3DeyJpZCI6ODAyMTQsInVybCI6Imh0dHBzOlwvXC90bGNkZW5pYS5jb21cL3dwLWNvbnRlbnRcL3VwbG9hZHNcLzIwMjRcLzAxXC9zY2h1bGdydXBwZW4tZm9udHMtNC5qcGciLCJzbGlkZXNob3ciOiI5MmYyMDdlIn0%3D\" href='https:\/\/tlcdenia.com\/wp-content\/uploads\/2024\/01\/schulgruppen-fonts-4.jpg'><img loading=\"lazy\" decoding=\"async\" width=\"150\" height=\"150\" src=\"https:\/\/tlcdenia.com\/wp-content\/uploads\/2024\/01\/schulgruppen-fonts-4-150x150.jpg\" class=\"attachment-thumbnail size-thumbnail\" alt=\"Fonts del Algar in Spanien\" \/><\/a>\n\t\t\t<\/div><\/figure><figure class='gallery-item'>\n\t\t\t<div class='gallery-icon landscape'>\n\t\t\t\t<a data-elementor-open-lightbox=\"yes\" data-elementor-lightbox-slideshow=\"92f207e\" data-elementor-lightbox-title=\"schulgruppen-fonts-3\" data-e-action-hash=\"#elementor-action%3Aaction%3Dlightbox%26settings%3DeyJpZCI6ODAyMDYsInVybCI6Imh0dHBzOlwvXC90bGNkZW5pYS5jb21cL3dwLWNvbnRlbnRcL3VwbG9hZHNcLzIwMjRcLzAxXC9zY2h1bGdydXBwZW4tZm9udHMtMy5qcGciLCJzbGlkZXNob3ciOiI5MmYyMDdlIn0%3D\" href='https:\/\/tlcdenia.com\/wp-content\/uploads\/2024\/01\/schulgruppen-fonts-3.jpg'><img loading=\"lazy\" decoding=\"async\" width=\"150\" height=\"150\" src=\"https:\/\/tlcdenia.com\/wp-content\/uploads\/2024\/01\/schulgruppen-fonts-3-150x150.jpg\" class=\"attachment-thumbnail size-thumbnail\" alt=\"Schulgruppensch\u00fcler in einem Wasserfall in Spanien\" \/><\/a>\n\t\t\t<\/div><\/figure>\n\t\t<\/div>\n\t\t<\/div>\n\t\t\t\t\t\t<\/div>\n\t\t\t\t<\/div>\n\t\t\t\t\t<\/div>\n\t\t<\/div>\n\t\t\t\t\t<\/div>\n\t\t<\/section>\n\t\t\t\t<\/div>\n\t\t","protected":false},"excerpt":{"rendered":"<p>F\u00fcr unsere Sch\u00fcler organisieren wir einen Ausflug zu Les Fonts de l&#8217;Algar, einem Wasserparadies im Landesinneren der Provinz Alicante. W\u00e4hrend dieser Exkursion haben die Sch\u00fcler die M\u00f6glichkeit, die atemberaubenden Wasserf\u00e4lle und Schwimmbiotope der Les Fonts de l&#8217;Algar zu erkunden und &hellip; <\/p>\n","protected":false},"author":4,"featured_media":80246,"parent":0,"menu_order":0,"comment_status":"closed","ping_status":"closed","template":"page-templates\/page-spanishcourses.php","meta":{"_acf_changed":false,"footnotes":""},"class_list":["post-80187","page","type-page","status-publish","has-post-thumbnail","hentry"],"acf":[],"yoast_head":"<!-- This site is optimized with the Yoast SEO plugin v26.9 - https:\/\/yoast.com\/product\/yoast-seo-wordpress\/ -->\n<title>Spanische Schulgruppen in Spanien: Ausflug zu Fonts de l&#039;Algar<\/title>\n<meta name=\"description\" content=\"Wir organisieren f\u00fcr unsere Schulgruppen einen Ausflug nach Les Fonts de l&#039;Algar, einem Wasserparadies in Spanien\" \/>\n<meta name=\"robots\" content=\"index, follow, max-snippet:-1, max-image-preview:large, max-video-preview:-1\" \/>\n<link rel=\"canonical\" href=\"https:\/\/tlcdenia.com\/de\/ausflug-fonts-de-lalgar-schulgruppen\/\" \/>\n<meta property=\"og:locale\" content=\"de_DE\" \/>\n<meta property=\"og:type\" content=\"article\" \/>\n<meta property=\"og:title\" content=\"Spanische Schulgruppen in Spanien: Ausflug zu Fonts de l&#039;Algar\" \/>\n<meta property=\"og:description\" content=\"Wir organisieren f\u00fcr unsere Schulgruppen einen Ausflug nach Les Fonts de l&#039;Algar, einem Wasserparadies in Spanien\" \/>\n<meta property=\"og:url\" content=\"https:\/\/tlcdenia.com\/de\/ausflug-fonts-de-lalgar-schulgruppen\/\" \/>\n<meta property=\"og:site_name\" content=\"TLCd\u00e9nia Schule \u2013 Offizielle Website\" \/>\n<meta property=\"article:modified_time\" content=\"2024-02-01T10:23:15+00:00\" \/>\n<meta property=\"og:image\" content=\"https:\/\/tlcdenia.com\/wp-content\/uploads\/2024\/01\/schulgruppen-fonts-8.jpg\" \/>\n\t<meta property=\"og:image:width\" content=\"900\" \/>\n\t<meta property=\"og:image:height\" content=\"600\" \/>\n\t<meta property=\"og:image:type\" content=\"image\/jpeg\" \/>\n<meta name=\"twitter:card\" content=\"summary_large_image\" \/>\n<meta name=\"twitter:label1\" content=\"Gesch\u00e4tzte Lesezeit\" \/>\n\t<meta name=\"twitter:data1\" content=\"4\u00a0Minuten\" \/>\n<script type=\"application\/ld+json\" class=\"yoast-schema-graph\">{\"@context\":\"https:\/\/schema.org\",\"@graph\":[{\"@type\":\"WebPage\",\"@id\":\"https:\/\/tlcdenia.com\/de\/ausflug-fonts-de-lalgar-schulgruppen\/\",\"url\":\"https:\/\/tlcdenia.com\/de\/ausflug-fonts-de-lalgar-schulgruppen\/\",\"name\":\"Spanische Schulgruppen in Spanien: Ausflug zu Fonts de l'Algar\",\"isPartOf\":{\"@id\":\"https:\/\/tlcdenia.com\/de\/#website\"},\"primaryImageOfPage\":{\"@id\":\"https:\/\/tlcdenia.com\/de\/ausflug-fonts-de-lalgar-schulgruppen\/#primaryimage\"},\"image\":{\"@id\":\"https:\/\/tlcdenia.com\/de\/ausflug-fonts-de-lalgar-schulgruppen\/#primaryimage\"},\"thumbnailUrl\":\"https:\/\/tlcdenia.com\/wp-content\/uploads\/2024\/01\/schulgruppen-fonts-8.jpg\",\"datePublished\":\"2024-01-31T09:04:44+00:00\",\"dateModified\":\"2024-02-01T10:23:15+00:00\",\"description\":\"Wir organisieren f\u00fcr unsere Schulgruppen einen Ausflug nach Les Fonts de l'Algar, einem Wasserparadies in Spanien\",\"breadcrumb\":{\"@id\":\"https:\/\/tlcdenia.com\/de\/ausflug-fonts-de-lalgar-schulgruppen\/#breadcrumb\"},\"inLanguage\":\"de\",\"potentialAction\":[{\"@type\":\"ReadAction\",\"target\":[\"https:\/\/tlcdenia.com\/de\/ausflug-fonts-de-lalgar-schulgruppen\/\"]}]},{\"@type\":\"ImageObject\",\"inLanguage\":\"de\",\"@id\":\"https:\/\/tlcdenia.com\/de\/ausflug-fonts-de-lalgar-schulgruppen\/#primaryimage\",\"url\":\"https:\/\/tlcdenia.com\/wp-content\/uploads\/2024\/01\/schulgruppen-fonts-8.jpg\",\"contentUrl\":\"https:\/\/tlcdenia.com\/wp-content\/uploads\/2024\/01\/schulgruppen-fonts-8.jpg\",\"width\":900,\"height\":600,\"caption\":\"Schulgruppensch\u00fcler in einem Wasserfall in Spanien\"},{\"@type\":\"BreadcrumbList\",\"@id\":\"https:\/\/tlcdenia.com\/de\/ausflug-fonts-de-lalgar-schulgruppen\/#breadcrumb\",\"itemListElement\":[{\"@type\":\"ListItem\",\"position\":1,\"name\":\"Home\",\"item\":\"https:\/\/tlcdenia.com\/de\/\"},{\"@type\":\"ListItem\",\"position\":2,\"name\":\"Ausflug zu den Fonts de l\u2019Algar f\u00fcr Schulgruppen\"}]},{\"@type\":\"WebSite\",\"@id\":\"https:\/\/tlcdenia.com\/de\/#website\",\"url\":\"https:\/\/tlcdenia.com\/de\/\",\"name\":\"TLCd\u00e9nia Schule \u2013 Offizielle Website\",\"description\":\"Languages Center\",\"potentialAction\":[{\"@type\":\"SearchAction\",\"target\":{\"@type\":\"EntryPoint\",\"urlTemplate\":\"https:\/\/tlcdenia.com\/de\/?s={search_term_string}\"},\"query-input\":{\"@type\":\"PropertyValueSpecification\",\"valueRequired\":true,\"valueName\":\"search_term_string\"}}],\"inLanguage\":\"de\"}]}<\/script>\n<!-- \/ Yoast SEO plugin. -->","yoast_head_json":{"title":"Spanische Schulgruppen in Spanien: Ausflug zu Fonts de l'Algar","description":"Wir organisieren f\u00fcr unsere Schulgruppen einen Ausflug nach Les Fonts de l'Algar, einem Wasserparadies in Spanien","robots":{"index":"index","follow":"follow","max-snippet":"max-snippet:-1","max-image-preview":"max-image-preview:large","max-video-preview":"max-video-preview:-1"},"canonical":"https:\/\/tlcdenia.com\/de\/ausflug-fonts-de-lalgar-schulgruppen\/","og_locale":"de_DE","og_type":"article","og_title":"Spanische Schulgruppen in Spanien: Ausflug zu Fonts de l'Algar","og_description":"Wir organisieren f\u00fcr unsere Schulgruppen einen Ausflug nach Les Fonts de l'Algar, einem Wasserparadies in Spanien","og_url":"https:\/\/tlcdenia.com\/de\/ausflug-fonts-de-lalgar-schulgruppen\/","og_site_name":"TLCd\u00e9nia Schule \u2013 Offizielle Website","article_modified_time":"2024-02-01T10:23:15+00:00","og_image":[{"width":900,"height":600,"url":"https:\/\/tlcdenia.com\/wp-content\/uploads\/2024\/01\/schulgruppen-fonts-8.jpg","type":"image\/jpeg"}],"twitter_card":"summary_large_image","twitter_misc":{"Gesch\u00e4tzte Lesezeit":"4\u00a0Minuten"},"schema":{"@context":"https:\/\/schema.org","@graph":[{"@type":"WebPage","@id":"https:\/\/tlcdenia.com\/de\/ausflug-fonts-de-lalgar-schulgruppen\/","url":"https:\/\/tlcdenia.com\/de\/ausflug-fonts-de-lalgar-schulgruppen\/","name":"Spanische Schulgruppen in Spanien: Ausflug zu Fonts de l'Algar","isPartOf":{"@id":"https:\/\/tlcdenia.com\/de\/#website"},"primaryImageOfPage":{"@id":"https:\/\/tlcdenia.com\/de\/ausflug-fonts-de-lalgar-schulgruppen\/#primaryimage"},"image":{"@id":"https:\/\/tlcdenia.com\/de\/ausflug-fonts-de-lalgar-schulgruppen\/#primaryimage"},"thumbnailUrl":"https:\/\/tlcdenia.com\/wp-content\/uploads\/2024\/01\/schulgruppen-fonts-8.jpg","datePublished":"2024-01-31T09:04:44+00:00","dateModified":"2024-02-01T10:23:15+00:00","description":"Wir organisieren f\u00fcr unsere Schulgruppen einen Ausflug nach Les Fonts de l'Algar, einem Wasserparadies in Spanien","breadcrumb":{"@id":"https:\/\/tlcdenia.com\/de\/ausflug-fonts-de-lalgar-schulgruppen\/#breadcrumb"},"inLanguage":"de","potentialAction":[{"@type":"ReadAction","target":["https:\/\/tlcdenia.com\/de\/ausflug-fonts-de-lalgar-schulgruppen\/"]}]},{"@type":"ImageObject","inLanguage":"de","@id":"https:\/\/tlcdenia.com\/de\/ausflug-fonts-de-lalgar-schulgruppen\/#primaryimage","url":"https:\/\/tlcdenia.com\/wp-content\/uploads\/2024\/01\/schulgruppen-fonts-8.jpg","contentUrl":"https:\/\/tlcdenia.com\/wp-content\/uploads\/2024\/01\/schulgruppen-fonts-8.jpg","width":900,"height":600,"caption":"Schulgruppensch\u00fcler in einem Wasserfall in Spanien"},{"@type":"BreadcrumbList","@id":"https:\/\/tlcdenia.com\/de\/ausflug-fonts-de-lalgar-schulgruppen\/#breadcrumb","itemListElement":[{"@type":"ListItem","position":1,"name":"Home","item":"https:\/\/tlcdenia.com\/de\/"},{"@type":"ListItem","position":2,"name":"Ausflug zu den Fonts de l\u2019Algar f\u00fcr Schulgruppen"}]},{"@type":"WebSite","@id":"https:\/\/tlcdenia.com\/de\/#website","url":"https:\/\/tlcdenia.com\/de\/","name":"TLCd\u00e9nia Schule \u2013 Offizielle Website","description":"Languages Center","potentialAction":[{"@type":"SearchAction","target":{"@type":"EntryPoint","urlTemplate":"https:\/\/tlcdenia.com\/de\/?s={search_term_string}"},"query-input":{"@type":"PropertyValueSpecification","valueRequired":true,"valueName":"search_term_string"}}],"inLanguage":"de"}]}},"_links":{"self":[{"href":"https:\/\/tlcdenia.com\/de\/wp-json\/wp\/v2\/pages\/80187","targetHints":{"allow":["GET"]}}],"collection":[{"href":"https:\/\/tlcdenia.com\/de\/wp-json\/wp\/v2\/pages"}],"about":[{"href":"https:\/\/tlcdenia.com\/de\/wp-json\/wp\/v2\/types\/page"}],"author":[{"embeddable":true,"href":"https:\/\/tlcdenia.com\/de\/wp-json\/wp\/v2\/users\/4"}],"replies":[{"embeddable":true,"href":"https:\/\/tlcdenia.com\/de\/wp-json\/wp\/v2\/comments?post=80187"}],"version-history":[{"count":5,"href":"https:\/\/tlcdenia.com\/de\/wp-json\/wp\/v2\/pages\/80187\/revisions"}],"predecessor-version":[{"id":80911,"href":"https:\/\/tlcdenia.com\/de\/wp-json\/wp\/v2\/pages\/80187\/revisions\/80911"}],"wp:featuredmedia":[{"embeddable":true,"href":"https:\/\/tlcdenia.com\/de\/wp-json\/wp\/v2\/media\/80246"}],"wp:attachment":[{"href":"https:\/\/tlcdenia.com\/de\/wp-json\/wp\/v2\/media?parent=80187"}],"curies":[{"name":"wp","href":"https:\/\/api.w.org\/{rel}","templated":true}]}}