{"id":105424,"date":"2025-08-01T11:20:47","date_gmt":"2025-08-01T11:20:47","guid":{"rendered":"https:\/\/tlcdenia.com\/buchung-schulungskurs-fuer-spanischlehrer\/"},"modified":"2025-08-06T07:39:10","modified_gmt":"2025-08-06T07:39:10","slug":"buchung-schulungskurs-fuer-spanischlehrer","status":"publish","type":"page","link":"https:\/\/tlcdenia.com\/de\/buchung-schulungskurs-fuer-spanischlehrer\/","title":{"rendered":"Buchung: Schulungskurs f\u00fcr Spanischlehrer"},"content":{"rendered":"\t\t<div data-elementor-type=\"wp-page\" data-elementor-id=\"105424\" class=\"elementor elementor-105424 elementor-103710\" data-elementor-post-type=\"page\">\n\t\t\t\t\t\t<section class=\"elementor-section elementor-top-section elementor-element elementor-element-3c21f560 elementor-section-boxed elementor-section-height-default elementor-section-height-default\" data-id=\"3c21f560\" data-element_type=\"section\" data-e-type=\"section\">\n\t\t\t\t\t\t<div class=\"elementor-container elementor-column-gap-default\">\n\t\t\t\t\t<div class=\"elementor-column elementor-col-100 elementor-top-column elementor-element elementor-element-529d880b\" data-id=\"529d880b\" data-element_type=\"column\" data-e-type=\"column\">\n\t\t\t<div class=\"elementor-widget-wrap elementor-element-populated\">\n\t\t\t\t\t\t<div class=\"elementor-element elementor-element-189e3fa1 elementor-widget elementor-widget-html\" data-id=\"189e3fa1\" data-element_type=\"widget\" data-e-type=\"widget\" data-widget_type=\"html.default\">\n\t\t\t\t<div class=\"elementor-widget-container\">\n\t\t\t\t\t<script type=\"text\/javascript\" src=\"https:\/\/form.jotform.com\/jsform\/251942704827361\"><\/script>\t\t\t\t<\/div>\n\t\t\t\t<\/div>\n\t\t\t\t<div class=\"elementor-element elementor-element-736aad91 elementor-widget elementor-widget-text-editor\" data-id=\"736aad91\" data-element_type=\"widget\" data-e-type=\"widget\" data-widget_type=\"text-editor.default\">\n\t\t\t\t<div class=\"elementor-widget-container\">\n\t\t\t\t\t\t\t\t\t<p style=\"text-align: center;\"><span style=\"font-size: 10pt; font-family: helvetica, arial, sans-serif; color: #434343;\"><a href=\"https:\/\/form.jotform.com\/251824130695356\" target=\"_blank\" rel=\"noopener noreferrer\">Klicken Sie hier, <\/a>wenn Sie das Buchungsformular oben nicht sehen k\u00f6nnen.<\/span><\/p>\n\t\t\t\t\t\t\t\t<\/div>\n\t\t\t\t<\/div>\n\t\t\t\t<section class=\"elementor-section elementor-inner-section elementor-element elementor-element-7346fb36 elementor-section-boxed elementor-section-height-default elementor-section-height-default\" data-id=\"7346fb36\" data-element_type=\"section\" data-e-type=\"section\">\n\t\t\t\t\t\t<div class=\"elementor-container elementor-column-gap-default\">\n\t\t\t\t\t<div class=\"elementor-column elementor-col-66 elementor-inner-column elementor-element elementor-element-1100448e\" data-id=\"1100448e\" data-element_type=\"column\" data-e-type=\"column\">\n\t\t\t<div class=\"elementor-widget-wrap elementor-element-populated\">\n\t\t\t\t\t\t<div class=\"elementor-element elementor-element-52a0ede4 elementor-widget elementor-widget-heading\" data-id=\"52a0ede4\" data-element_type=\"widget\" data-e-type=\"widget\" data-widget_type=\"heading.default\">\n\t\t\t\t<div class=\"elementor-widget-container\">\n\t\t\t\t\t<h3 class=\"elementor-heading-title elementor-size-default\">Ben\u00f6tigen Sie weitere Informationen?<\/h3>\t\t\t\t<\/div>\n\t\t\t\t<\/div>\n\t\t\t\t\t<\/div>\n\t\t<\/div>\n\t\t\t\t<div class=\"elementor-column elementor-col-33 elementor-inner-column elementor-element elementor-element-25a15417\" data-id=\"25a15417\" data-element_type=\"column\" data-e-type=\"column\">\n\t\t\t<div class=\"elementor-widget-wrap elementor-element-populated\">\n\t\t\t\t\t\t<div class=\"elementor-element elementor-element-22762a52 elementor-align-center elementor-widget elementor-widget-button\" data-id=\"22762a52\" data-element_type=\"widget\" data-e-type=\"widget\" data-widget_type=\"button.default\">\n\t\t\t\t<div class=\"elementor-widget-container\">\n\t\t\t\t\t\t\t\t\t<div class=\"elementor-button-wrapper\">\n\t\t\t\t\t<a class=\"elementor-button elementor-button-link elementor-size-md\" href=\"https:\/\/tlcdenia.com\/de\/kontakt\/\" target=\"_blank\" rel=\"nofollow\">\n\t\t\t\t\t\t<span class=\"elementor-button-content-wrapper\">\n\t\t\t\t\t\t<span class=\"elementor-button-icon\">\n\t\t\t\t<svg aria-hidden=\"true\" class=\"e-font-icon-svg e-far-arrow-alt-circle-right\" viewBox=\"0 0 512 512\" xmlns=\"http:\/\/www.w3.org\/2000\/svg\"><path d=\"M504 256C504 119 393 8 256 8S8 119 8 256s111 248 248 248 248-111 248-248zm-448 0c0-110.5 89.5-200 200-200s200 89.5 200 200-89.5 200-200 200S56 366.5 56 256zm72 20v-40c0-6.6 5.4-12 12-12h116v-67c0-10.7 12.9-16 20.5-8.5l99 99c4.7 4.7 4.7 12.3 0 17l-99 99c-7.6 7.6-20.5 2.2-20.5-8.5v-67H140c-6.6 0-12-5.4-12-12z\"><\/path><\/svg>\t\t\t<\/span>\n\t\t\t\t\t\t\t\t\t<span class=\"elementor-button-text\">Kontaktieren Sie uns<\/span>\n\t\t\t\t\t<\/span>\n\t\t\t\t\t<\/a>\n\t\t\t\t<\/div>\n\t\t\t\t\t\t\t\t<\/div>\n\t\t\t\t<\/div>\n\t\t\t\t\t<\/div>\n\t\t<\/div>\n\t\t\t\t\t<\/div>\n\t\t<\/section>\n\t\t\t\t\t<\/div>\n\t\t<\/div>\n\t\t\t\t\t<\/div>\n\t\t<\/section>\n\t\t\t\t<\/div>\n\t\t","protected":false},"excerpt":{"rendered":"<p>Klicken Sie hier, wenn Sie das Buchungsformular oben nicht sehen k\u00f6nnen. Ben\u00f6tigen Sie weitere Informationen? Kontaktieren Sie uns<\/p>\n","protected":false},"author":3,"featured_media":72159,"parent":0,"menu_order":0,"comment_status":"closed","ping_status":"closed","template":"","meta":{"_acf_changed":false,"footnotes":""},"class_list":["post-105424","page","type-page","status-publish","has-post-thumbnail","hentry"],"acf":[],"yoast_head":"<!-- This site is optimized with the Yoast SEO plugin v26.9 - https:\/\/yoast.com\/product\/yoast-seo-wordpress\/ -->\n<title>Reservierungsformular: Schulung f\u00fcr Spanischlehrer<\/title>\n<meta name=\"description\" content=\"Buchen Sie Ihren Schulungskurs f\u00fcr Spanischlehrer hier in Spanien, in D\u00e9nia. Schule vom Instituto Cervantes akkreditiert.\" \/>\n<meta name=\"robots\" content=\"index, follow, max-snippet:-1, max-image-preview:large, max-video-preview:-1\" \/>\n<link rel=\"canonical\" href=\"https:\/\/tlcdenia.com\/de\/buchung-schulungskurs-fuer-spanischlehrer\/\" \/>\n<meta property=\"og:locale\" content=\"de_DE\" \/>\n<meta property=\"og:type\" content=\"article\" \/>\n<meta property=\"og:title\" content=\"Reservierungsformular: Schulung f\u00fcr Spanischlehrer\" \/>\n<meta property=\"og:description\" content=\"Buchen Sie Ihren Schulungskurs f\u00fcr Spanischlehrer hier in Spanien, in D\u00e9nia. Schule vom Instituto Cervantes akkreditiert.\" \/>\n<meta property=\"og:url\" content=\"https:\/\/tlcdenia.com\/de\/buchung-schulungskurs-fuer-spanischlehrer\/\" \/>\n<meta property=\"og:site_name\" content=\"TLCd\u00e9nia Schule \u2013 Offizielle Website\" \/>\n<meta property=\"article:modified_time\" content=\"2025-08-06T07:39:10+00:00\" \/>\n<meta property=\"og:image\" content=\"https:\/\/tlcdenia.com\/wp-content\/uploads\/2023\/12\/reservierungskurse-header.jpg\" \/>\n\t<meta property=\"og:image:width\" content=\"1897\" \/>\n\t<meta property=\"og:image:height\" content=\"306\" \/>\n\t<meta property=\"og:image:type\" content=\"image\/jpeg\" \/>\n<meta name=\"twitter:card\" content=\"summary_large_image\" \/>\n<meta name=\"twitter:label1\" content=\"Gesch\u00e4tzte Lesezeit\" \/>\n\t<meta name=\"twitter:data1\" content=\"1\u00a0Minute\" \/>\n<script type=\"application\/ld+json\" class=\"yoast-schema-graph\">{\"@context\":\"https:\/\/schema.org\",\"@graph\":[{\"@type\":\"WebPage\",\"@id\":\"https:\/\/tlcdenia.com\/de\/buchung-schulungskurs-fuer-spanischlehrer\/\",\"url\":\"https:\/\/tlcdenia.com\/de\/buchung-schulungskurs-fuer-spanischlehrer\/\",\"name\":\"Reservierungsformular: Schulung f\u00fcr Spanischlehrer\",\"isPartOf\":{\"@id\":\"https:\/\/tlcdenia.com\/de\/#website\"},\"primaryImageOfPage\":{\"@id\":\"https:\/\/tlcdenia.com\/de\/buchung-schulungskurs-fuer-spanischlehrer\/#primaryimage\"},\"image\":{\"@id\":\"https:\/\/tlcdenia.com\/de\/buchung-schulungskurs-fuer-spanischlehrer\/#primaryimage\"},\"thumbnailUrl\":\"https:\/\/tlcdenia.com\/wp-content\/uploads\/2023\/12\/reservierungskurse-header.jpg\",\"datePublished\":\"2025-08-01T11:20:47+00:00\",\"dateModified\":\"2025-08-06T07:39:10+00:00\",\"description\":\"Buchen Sie Ihren Schulungskurs f\u00fcr Spanischlehrer hier in Spanien, in D\u00e9nia. Schule vom Instituto Cervantes akkreditiert.\",\"breadcrumb\":{\"@id\":\"https:\/\/tlcdenia.com\/de\/buchung-schulungskurs-fuer-spanischlehrer\/#breadcrumb\"},\"inLanguage\":\"de\",\"potentialAction\":[{\"@type\":\"ReadAction\",\"target\":[\"https:\/\/tlcdenia.com\/de\/buchung-schulungskurs-fuer-spanischlehrer\/\"]}]},{\"@type\":\"ImageObject\",\"inLanguage\":\"de\",\"@id\":\"https:\/\/tlcdenia.com\/de\/buchung-schulungskurs-fuer-spanischlehrer\/#primaryimage\",\"url\":\"https:\/\/tlcdenia.com\/wp-content\/uploads\/2023\/12\/reservierungskurse-header.jpg\",\"contentUrl\":\"https:\/\/tlcdenia.com\/wp-content\/uploads\/2023\/12\/reservierungskurse-header.jpg\",\"width\":1897,\"height\":306,\"caption\":\"Logo von TLCd\u00e9nia, Spanischschule in Spanien\"},{\"@type\":\"BreadcrumbList\",\"@id\":\"https:\/\/tlcdenia.com\/de\/buchung-schulungskurs-fuer-spanischlehrer\/#breadcrumb\",\"itemListElement\":[{\"@type\":\"ListItem\",\"position\":1,\"name\":\"Home\",\"item\":\"https:\/\/tlcdenia.com\/de\/\"},{\"@type\":\"ListItem\",\"position\":2,\"name\":\"Buchung: Schulungskurs f\u00fcr Spanischlehrer\"}]},{\"@type\":\"WebSite\",\"@id\":\"https:\/\/tlcdenia.com\/de\/#website\",\"url\":\"https:\/\/tlcdenia.com\/de\/\",\"name\":\"TLCd\u00e9nia Schule \u2013 Offizielle Website\",\"description\":\"Languages Center\",\"potentialAction\":[{\"@type\":\"SearchAction\",\"target\":{\"@type\":\"EntryPoint\",\"urlTemplate\":\"https:\/\/tlcdenia.com\/de\/?s={search_term_string}\"},\"query-input\":{\"@type\":\"PropertyValueSpecification\",\"valueRequired\":true,\"valueName\":\"search_term_string\"}}],\"inLanguage\":\"de\"}]}<\/script>\n<!-- \/ Yoast SEO plugin. -->","yoast_head_json":{"title":"Reservierungsformular: Schulung f\u00fcr Spanischlehrer","description":"Buchen Sie Ihren Schulungskurs f\u00fcr Spanischlehrer hier in Spanien, in D\u00e9nia. Schule vom Instituto Cervantes akkreditiert.","robots":{"index":"index","follow":"follow","max-snippet":"max-snippet:-1","max-image-preview":"max-image-preview:large","max-video-preview":"max-video-preview:-1"},"canonical":"https:\/\/tlcdenia.com\/de\/buchung-schulungskurs-fuer-spanischlehrer\/","og_locale":"de_DE","og_type":"article","og_title":"Reservierungsformular: Schulung f\u00fcr Spanischlehrer","og_description":"Buchen Sie Ihren Schulungskurs f\u00fcr Spanischlehrer hier in Spanien, in D\u00e9nia. Schule vom Instituto Cervantes akkreditiert.","og_url":"https:\/\/tlcdenia.com\/de\/buchung-schulungskurs-fuer-spanischlehrer\/","og_site_name":"TLCd\u00e9nia Schule \u2013 Offizielle Website","article_modified_time":"2025-08-06T07:39:10+00:00","og_image":[{"width":1897,"height":306,"url":"https:\/\/tlcdenia.com\/wp-content\/uploads\/2023\/12\/reservierungskurse-header.jpg","type":"image\/jpeg"}],"twitter_card":"summary_large_image","twitter_misc":{"Gesch\u00e4tzte Lesezeit":"1\u00a0Minute"},"schema":{"@context":"https:\/\/schema.org","@graph":[{"@type":"WebPage","@id":"https:\/\/tlcdenia.com\/de\/buchung-schulungskurs-fuer-spanischlehrer\/","url":"https:\/\/tlcdenia.com\/de\/buchung-schulungskurs-fuer-spanischlehrer\/","name":"Reservierungsformular: Schulung f\u00fcr Spanischlehrer","isPartOf":{"@id":"https:\/\/tlcdenia.com\/de\/#website"},"primaryImageOfPage":{"@id":"https:\/\/tlcdenia.com\/de\/buchung-schulungskurs-fuer-spanischlehrer\/#primaryimage"},"image":{"@id":"https:\/\/tlcdenia.com\/de\/buchung-schulungskurs-fuer-spanischlehrer\/#primaryimage"},"thumbnailUrl":"https:\/\/tlcdenia.com\/wp-content\/uploads\/2023\/12\/reservierungskurse-header.jpg","datePublished":"2025-08-01T11:20:47+00:00","dateModified":"2025-08-06T07:39:10+00:00","description":"Buchen Sie Ihren Schulungskurs f\u00fcr Spanischlehrer hier in Spanien, in D\u00e9nia. Schule vom Instituto Cervantes akkreditiert.","breadcrumb":{"@id":"https:\/\/tlcdenia.com\/de\/buchung-schulungskurs-fuer-spanischlehrer\/#breadcrumb"},"inLanguage":"de","potentialAction":[{"@type":"ReadAction","target":["https:\/\/tlcdenia.com\/de\/buchung-schulungskurs-fuer-spanischlehrer\/"]}]},{"@type":"ImageObject","inLanguage":"de","@id":"https:\/\/tlcdenia.com\/de\/buchung-schulungskurs-fuer-spanischlehrer\/#primaryimage","url":"https:\/\/tlcdenia.com\/wp-content\/uploads\/2023\/12\/reservierungskurse-header.jpg","contentUrl":"https:\/\/tlcdenia.com\/wp-content\/uploads\/2023\/12\/reservierungskurse-header.jpg","width":1897,"height":306,"caption":"Logo von TLCd\u00e9nia, Spanischschule in Spanien"},{"@type":"BreadcrumbList","@id":"https:\/\/tlcdenia.com\/de\/buchung-schulungskurs-fuer-spanischlehrer\/#breadcrumb","itemListElement":[{"@type":"ListItem","position":1,"name":"Home","item":"https:\/\/tlcdenia.com\/de\/"},{"@type":"ListItem","position":2,"name":"Buchung: Schulungskurs f\u00fcr Spanischlehrer"}]},{"@type":"WebSite","@id":"https:\/\/tlcdenia.com\/de\/#website","url":"https:\/\/tlcdenia.com\/de\/","name":"TLCd\u00e9nia Schule \u2013 Offizielle Website","description":"Languages Center","potentialAction":[{"@type":"SearchAction","target":{"@type":"EntryPoint","urlTemplate":"https:\/\/tlcdenia.com\/de\/?s={search_term_string}"},"query-input":{"@type":"PropertyValueSpecification","valueRequired":true,"valueName":"search_term_string"}}],"inLanguage":"de"}]}},"_links":{"self":[{"href":"https:\/\/tlcdenia.com\/de\/wp-json\/wp\/v2\/pages\/105424","targetHints":{"allow":["GET"]}}],"collection":[{"href":"https:\/\/tlcdenia.com\/de\/wp-json\/wp\/v2\/pages"}],"about":[{"href":"https:\/\/tlcdenia.com\/de\/wp-json\/wp\/v2\/types\/page"}],"author":[{"embeddable":true,"href":"https:\/\/tlcdenia.com\/de\/wp-json\/wp\/v2\/users\/3"}],"replies":[{"embeddable":true,"href":"https:\/\/tlcdenia.com\/de\/wp-json\/wp\/v2\/comments?post=105424"}],"version-history":[{"count":2,"href":"https:\/\/tlcdenia.com\/de\/wp-json\/wp\/v2\/pages\/105424\/revisions"}],"predecessor-version":[{"id":105585,"href":"https:\/\/tlcdenia.com\/de\/wp-json\/wp\/v2\/pages\/105424\/revisions\/105585"}],"wp:featuredmedia":[{"embeddable":true,"href":"https:\/\/tlcdenia.com\/de\/wp-json\/wp\/v2\/media\/72159"}],"wp:attachment":[{"href":"https:\/\/tlcdenia.com\/de\/wp-json\/wp\/v2\/media?parent=105424"}],"curies":[{"name":"wp","href":"https:\/\/api.w.org\/{rel}","templated":true}]}}